{"id":994,"date":"2025-09-20T00:51:17","date_gmt":"2025-09-20T00:51:17","guid":{"rendered":"https:\/\/panwinjet.com\/?post_type=product&#038;p=994"},"modified":"2025-09-20T00:51:18","modified_gmt":"2025-09-20T00:51:18","slug":"44kpsi-3000bar-high-pressure-hydro-jet-blasting-self-rotary-head-nozzles-bc-h9-c","status":"publish","type":"product","link":"https:\/\/panwinjet.com\/pt\/produto\/44kpsi-3000bar-high-pressure-hydro-jet-blasting-self-rotary-head-nozzles-bc-h9-c\/","title":{"rendered":"Bicos de jateamento com hidrojato de alta press\u00e3o de 44 kpsi\/3000 bar com cabe\u00e7ote auto-rotativo BC-H9-C"},"content":{"rendered":"<p><strong><b>\u00a0Introdu\u00e7\u00e3o de <\/b><\/strong><strong><b>Jateamento com hidrojato de alta press\u00e3o de 44kpsi\/3000bar com rotor autom\u00e1tico<\/b><\/strong><strong><b>y<\/b><\/strong><strong><b>\u00a0Bicos de cabe\u00e7ote BC-H9-C<\/b><\/strong><\/p>\n<p>Este bico rotativo de alta press\u00e3o para jateamento com hidrojato de 44kpsi\/3000bar \u00e9 o que h\u00e1 de mais avan\u00e7ado no mercado para jateamento rotativo com controle de velocidade, sendo compat\u00edvel com a pe\u00e7a de n\u00famero BC-H9-C. De alto desempenho, vers\u00e1til e f\u00e1cil de manter, \u00e9 uma excelente op\u00e7\u00e3o para pulveriza\u00e7\u00e3o e aplica\u00e7\u00e3o em diversas condi\u00e7\u00f5es e opera\u00e7\u00f5es.<\/p>\n<p><strong><b>\u00a0Par\u00e2metro (Especifica\u00e7\u00e3o) de <\/b><\/strong><strong><b>Jateamento com hidrojato de alta press\u00e3o de 44kpsi\/3000bar com rotor autom\u00e1tico<\/b><\/strong><strong><b>y<\/b><\/strong><strong><b>\u00a0Bicos de cabe\u00e7ote BC-H9-C<\/b><\/strong><\/p>\n<p>O bico de jateamento hidrojato de alta press\u00e3o de 44kpsi\/3000bar com cabe\u00e7a rotativa autom\u00e1tica \u00e9 muito leve, pesando apenas cerca de 1,45kg, e possui uma taxa de press\u00e3o de 20-44kpsi, equivalente a 1400-3000bar. \u00c9 a ferramenta ideal para qualquer superf\u00edcie irregular e condi\u00e7\u00e3o de trabalho dif\u00edcil.<\/p>\n<p>Os detalhes s\u00e3o os seguintes:<img decoding=\"async\" class=\"aligncenter size-full wp-image-1000 lazyload\" data-src=\"https:\/\/panwinjet.com\/wp-content\/uploads\/2025\/09\/\u68ad\u9c7c\u55b7\u5934StoneAge-2.png\" alt=\"\" width=\"559\" height=\"466\" data-srcset=\"https:\/\/panwinjet.com\/wp-content\/uploads\/2025\/09\/\u68ad\u9c7c\u55b7\u5934StoneAge-2.png 559w, https:\/\/panwinjet.com\/wp-content\/uploads\/2025\/09\/\u68ad\u9c7c\u55b7\u5934StoneAge-2-500x417.png 500w, https:\/\/panwinjet.com\/wp-content\/uploads\/2025\/09\/\u68ad\u9c7c\u55b7\u5934StoneAge-2-300x250.png 300w, https:\/\/panwinjet.com\/wp-content\/uploads\/2025\/09\/\u68ad\u9c7c\u55b7\u5934StoneAge-2-90x75.png 90w, https:\/\/panwinjet.com\/wp-content\/uploads\/2025\/09\/\u68ad\u9c7c\u55b7\u5934StoneAge-2-480x400.png 480w\" data-sizes=\"(max-width:767px) 480px, 559px\" src=\"data:image\/svg+xml;base64,PHN2ZyB3aWR0aD0iMSIgaGVpZ2h0PSIxIiB4bWxucz0iaHR0cDovL3d3dy53My5vcmcvMjAwMC9zdmciPjwvc3ZnPg==\" style=\"--smush-placeholder-width: 559px; --smush-placeholder-aspect-ratio: 559\/466;\" \/><\/p>","protected":false},"excerpt":{"rendered":"<p><strong><b>Caracter\u00edsticas e aplica\u00e7\u00f5es de <\/b><\/strong><strong><b>Jateamento com hidrojato de alta press\u00e3o de 44kpsi\/3000bar com rotor autom\u00e1tico<\/b><\/strong><strong><b>y<\/b><\/strong><strong><b>\u00a0Bicos de cabe\u00e7ote BC-H9-C<\/b><\/strong><\/p>\n<p>Este bico de jateamento de alta press\u00e3o com cabe\u00e7a auto-rotativa oferece grande versatilidade para controle de velocidade e \u00e9 adapt\u00e1vel a uma ampla faixa de press\u00e3o.<\/p>\n<p>E apresentado da seguinte forma:<\/p>\n<p>1: N\u00e3o \u00e9 necess\u00e1rio ar comprimido para fazer o motor rotativo funcionar.<\/p>\n<p>2: Press\u00e3o e velocidade control\u00e1veis para tarefas vers\u00e1teis<\/p>\n<p>3: F\u00e1cil manuten\u00e7\u00e3o e substitui\u00e7\u00e3o r\u00e1pida.<\/p>\n<p>4: Leve e de alta efici\u00eancia<\/p>\n<p><strong><b>Aplicativo:<\/b><\/strong><\/p>\n<p>N\u00f3s, da Panwin, fornecemos os bicos de hidrojateamento de alta press\u00e3o BC-H9-C, com cabe\u00e7a auto-rotativa de 44kpsi\/3000bar, a um pre\u00e7o acess\u00edvel. Eles podem ser aplicados em limpeza de superf\u00edcies, limpeza de tanques e vasos, limpeza de pintura automotiva, limpeza na ind\u00fastria de minera\u00e7\u00e3o, limpeza em sider\u00fargicas, constru\u00e7\u00e3o civil, etc.<\/p>","protected":false},"featured_media":998,"template":"","meta":[],"product_brand":[],"product_cat":[5],"product_tag":[],"class_list":{"0":"post-994","1":"product","2":"type-product","3":"status-publish","4":"has-post-thumbnail","6":"product_cat-uhp-rotating-nozzles","8":"first","9":"instock","10":"shipping-taxable","11":"product-type-simple"},"yoast_head":"<!-- This site is optimized with the Yoast SEO plugin v24.9 - https:\/\/yoast.com\/wordpress\/plugins\/seo\/ -->\n<title>44kpsi\/3000Bar High Pressure Hydro Jet Blasting Self-Rotary Head Nozzles BC-H9-C - Panwin Machinery&amp;Equipment<\/title>\n<meta name=\"robots\" content=\"index, follow, max-snippet:-1, max-image-preview:large, max-video-preview:-1\" \/>\n<link rel=\"canonical\" href=\"https:\/\/panwinjet.com\/pt\/produto\/44kpsi-3000bar-high-pressure-hydro-jet-blasting-self-rotary-head-nozzles-bc-h9-c\/\" \/>\n<meta property=\"og:locale\" content=\"pt_PT\" \/>\n<meta property=\"og:type\" content=\"article\" \/>\n<meta property=\"og:title\" content=\"44kpsi\/3000Bar High Pressure Hydro Jet Blasting Self-Rotary Head Nozzles BC-H9-C - Panwin Machinery&amp;Equipment\" \/>\n<meta property=\"og:description\" content=\"Feature And Application of 44kpsi\/3000Bar High Pressure Hydro Jet Blasting Self-Rotary\u00a0Head Nozzles BC-H9-C  This High Pressure Hydro Jet Blasting Self-Rotary Head Nozzles featured \u00a0high-versatility for controllable speed, and it is adaptable for wide range pressure.  And featured as follows:  1:No Compressed air need to make the rotary  2:Controllable pressure&amp;speed for versatile task  3:Easy for service and quick replacement  4:Light weight and high-efficiency  Application:  We Panwin supply you the 44kpsi\/3000Bar High Pressure Hydro Jet Blasting Self-Rotary\u00a0Head Nozzles BC-H9-C\u00a0with reasonable price, and it can be applied in surface cleaning,Tank&amp;Vessel Cleaning,Automotive Painting cleaning,Mining industry cleaning,Steel manufacture cleaning, Construction industry\u00a0etc.\" \/>\n<meta property=\"og:url\" content=\"https:\/\/panwinjet.com\/pt\/produto\/44kpsi-3000bar-high-pressure-hydro-jet-blasting-self-rotary-head-nozzles-bc-h9-c\/\" \/>\n<meta property=\"og:site_name\" content=\"Panwin Machinery&amp;Equipment\" \/>\n<meta property=\"article:modified_time\" content=\"2025-09-20T00:51:18+00:00\" \/>\n<meta property=\"og:image\" content=\"https:\/\/panwinjet.com\/wp-content\/uploads\/2025\/09\/Stoneage-\u55b7\u5934-13-scaled.jpg\" \/>\n\t<meta property=\"og:image:width\" content=\"1920\" \/>\n\t<meta property=\"og:image:height\" content=\"2560\" \/>\n\t<meta property=\"og:image:type\" content=\"image\/jpeg\" \/>\n<meta name=\"twitter:card\" content=\"summary_large_image\" \/>\n<meta name=\"twitter:label1\" content=\"Tempo estimado de leitura\" \/>\n\t<meta name=\"twitter:data1\" content=\"1 minuto\" \/>\n<script type=\"application\/ld+json\" class=\"yoast-schema-graph\">{\"@context\":\"https:\/\/schema.org\",\"@graph\":[{\"@type\":\"WebPage\",\"@id\":\"https:\/\/panwinjet.com\/product\/44kpsi-3000bar-high-pressure-hydro-jet-blasting-self-rotary-head-nozzles-bc-h9-c\/\",\"url\":\"https:\/\/panwinjet.com\/product\/44kpsi-3000bar-high-pressure-hydro-jet-blasting-self-rotary-head-nozzles-bc-h9-c\/\",\"name\":\"44kpsi\/3000Bar High Pressure Hydro Jet Blasting Self-Rotary Head Nozzles BC-H9-C - Panwin Machinery&amp;Equipment\",\"isPartOf\":{\"@id\":\"https:\/\/panwinjet.com\/#website\"},\"primaryImageOfPage\":{\"@id\":\"https:\/\/panwinjet.com\/product\/44kpsi-3000bar-high-pressure-hydro-jet-blasting-self-rotary-head-nozzles-bc-h9-c\/#primaryimage\"},\"image\":{\"@id\":\"https:\/\/panwinjet.com\/product\/44kpsi-3000bar-high-pressure-hydro-jet-blasting-self-rotary-head-nozzles-bc-h9-c\/#primaryimage\"},\"thumbnailUrl\":\"https:\/\/panwinjet.com\/wp-content\/uploads\/2025\/09\/Stoneage-\u55b7\u5934-13-scaled.jpg\",\"datePublished\":\"2025-09-20T00:51:17+00:00\",\"dateModified\":\"2025-09-20T00:51:18+00:00\",\"breadcrumb\":{\"@id\":\"https:\/\/panwinjet.com\/product\/44kpsi-3000bar-high-pressure-hydro-jet-blasting-self-rotary-head-nozzles-bc-h9-c\/#breadcrumb\"},\"inLanguage\":\"pt-PT\",\"potentialAction\":[{\"@type\":\"ReadAction\",\"target\":[\"https:\/\/panwinjet.com\/product\/44kpsi-3000bar-high-pressure-hydro-jet-blasting-self-rotary-head-nozzles-bc-h9-c\/\"]}]},{\"@type\":\"ImageObject\",\"inLanguage\":\"pt-PT\",\"@id\":\"https:\/\/panwinjet.com\/product\/44kpsi-3000bar-high-pressure-hydro-jet-blasting-self-rotary-head-nozzles-bc-h9-c\/#primaryimage\",\"url\":\"https:\/\/panwinjet.com\/wp-content\/uploads\/2025\/09\/Stoneage-\u55b7\u5934-13-scaled.jpg\",\"contentUrl\":\"https:\/\/panwinjet.com\/wp-content\/uploads\/2025\/09\/Stoneage-\u55b7\u5934-13-scaled.jpg\",\"width\":1920,\"height\":2560},{\"@type\":\"BreadcrumbList\",\"@id\":\"https:\/\/panwinjet.com\/product\/44kpsi-3000bar-high-pressure-hydro-jet-blasting-self-rotary-head-nozzles-bc-h9-c\/#breadcrumb\",\"itemListElement\":[{\"@type\":\"ListItem\",\"position\":1,\"name\":\"\u9996\u9875\",\"item\":\"https:\/\/panwinjet.com\/\"},{\"@type\":\"ListItem\",\"position\":2,\"name\":\"PRODUCT\",\"item\":\"https:\/\/panwinjet.com\/product\/\"},{\"@type\":\"ListItem\",\"position\":3,\"name\":\"44kpsi\/3000Bar High Pressure Hydro Jet Blasting Self-Rotary Head Nozzles BC-H9-C\"}]},{\"@type\":\"WebSite\",\"@id\":\"https:\/\/panwinjet.com\/#website\",\"url\":\"https:\/\/panwinjet.com\/\",\"name\":\"Panwin Machinery&amp;Equipment\",\"description\":\"Shenzhen Panwin Machinery&amp;Equipment Co.Ltd\",\"potentialAction\":[{\"@type\":\"SearchAction\",\"target\":{\"@type\":\"EntryPoint\",\"urlTemplate\":\"https:\/\/panwinjet.com\/?s={search_term_string}\"},\"query-input\":{\"@type\":\"PropertyValueSpecification\",\"valueRequired\":true,\"valueName\":\"search_term_string\"}}],\"inLanguage\":\"pt-PT\"}]}<\/script>\n<!-- \/ Yoast SEO plugin. -->","yoast_head_json":{"title":"44kpsi\/3000Bar High Pressure Hydro Jet Blasting Self-Rotary Head Nozzles BC-H9-C - Panwin Machinery&amp;Equipment","robots":{"index":"index","follow":"follow","max-snippet":"max-snippet:-1","max-image-preview":"max-image-preview:large","max-video-preview":"max-video-preview:-1"},"canonical":"https:\/\/panwinjet.com\/pt\/produto\/44kpsi-3000bar-high-pressure-hydro-jet-blasting-self-rotary-head-nozzles-bc-h9-c\/","og_locale":"pt_PT","og_type":"article","og_title":"44kpsi\/3000Bar High Pressure Hydro Jet Blasting Self-Rotary Head Nozzles BC-H9-C - Panwin Machinery&amp;Equipment","og_description":"Feature And Application of 44kpsi\/3000Bar High Pressure Hydro Jet Blasting Self-Rotary\u00a0Head Nozzles BC-H9-C  This High Pressure Hydro Jet Blasting Self-Rotary Head Nozzles featured \u00a0high-versatility for controllable speed, and it is adaptable for wide range pressure.  And featured as follows:  1:No Compressed air need to make the rotary  2:Controllable pressure&amp;speed for versatile task  3:Easy for service and quick replacement  4:Light weight and high-efficiency  Application:  We Panwin supply you the 44kpsi\/3000Bar High Pressure Hydro Jet Blasting Self-Rotary\u00a0Head Nozzles BC-H9-C\u00a0with reasonable price, and it can be applied in surface cleaning,Tank&amp;Vessel Cleaning,Automotive Painting cleaning,Mining industry cleaning,Steel manufacture cleaning, Construction industry\u00a0etc.","og_url":"https:\/\/panwinjet.com\/pt\/produto\/44kpsi-3000bar-high-pressure-hydro-jet-blasting-self-rotary-head-nozzles-bc-h9-c\/","og_site_name":"Panwin Machinery&amp;Equipment","article_modified_time":"2025-09-20T00:51:18+00:00","og_image":[{"width":1920,"height":2560,"url":"https:\/\/panwinjet.com\/wp-content\/uploads\/2025\/09\/Stoneage-\u55b7\u5934-13-scaled.jpg","type":"image\/jpeg"}],"twitter_card":"summary_large_image","twitter_misc":{"Tempo estimado de leitura":"1 minuto"},"schema":{"@context":"https:\/\/schema.org","@graph":[{"@type":"WebPage","@id":"https:\/\/panwinjet.com\/product\/44kpsi-3000bar-high-pressure-hydro-jet-blasting-self-rotary-head-nozzles-bc-h9-c\/","url":"https:\/\/panwinjet.com\/product\/44kpsi-3000bar-high-pressure-hydro-jet-blasting-self-rotary-head-nozzles-bc-h9-c\/","name":"44kpsi\/3000Bar High Pressure Hydro Jet Blasting Self-Rotary Head Nozzles BC-H9-C - Panwin Machinery&amp;Equipment","isPartOf":{"@id":"https:\/\/panwinjet.com\/#website"},"primaryImageOfPage":{"@id":"https:\/\/panwinjet.com\/product\/44kpsi-3000bar-high-pressure-hydro-jet-blasting-self-rotary-head-nozzles-bc-h9-c\/#primaryimage"},"image":{"@id":"https:\/\/panwinjet.com\/product\/44kpsi-3000bar-high-pressure-hydro-jet-blasting-self-rotary-head-nozzles-bc-h9-c\/#primaryimage"},"thumbnailUrl":"https:\/\/panwinjet.com\/wp-content\/uploads\/2025\/09\/Stoneage-\u55b7\u5934-13-scaled.jpg","datePublished":"2025-09-20T00:51:17+00:00","dateModified":"2025-09-20T00:51:18+00:00","breadcrumb":{"@id":"https:\/\/panwinjet.com\/product\/44kpsi-3000bar-high-pressure-hydro-jet-blasting-self-rotary-head-nozzles-bc-h9-c\/#breadcrumb"},"inLanguage":"pt-PT","potentialAction":[{"@type":"ReadAction","target":["https:\/\/panwinjet.com\/product\/44kpsi-3000bar-high-pressure-hydro-jet-blasting-self-rotary-head-nozzles-bc-h9-c\/"]}]},{"@type":"ImageObject","inLanguage":"pt-PT","@id":"https:\/\/panwinjet.com\/product\/44kpsi-3000bar-high-pressure-hydro-jet-blasting-self-rotary-head-nozzles-bc-h9-c\/#primaryimage","url":"https:\/\/panwinjet.com\/wp-content\/uploads\/2025\/09\/Stoneage-\u55b7\u5934-13-scaled.jpg","contentUrl":"https:\/\/panwinjet.com\/wp-content\/uploads\/2025\/09\/Stoneage-\u55b7\u5934-13-scaled.jpg","width":1920,"height":2560},{"@type":"BreadcrumbList","@id":"https:\/\/panwinjet.com\/product\/44kpsi-3000bar-high-pressure-hydro-jet-blasting-self-rotary-head-nozzles-bc-h9-c\/#breadcrumb","itemListElement":[{"@type":"ListItem","position":1,"name":"\u9996\u9875","item":"https:\/\/panwinjet.com\/"},{"@type":"ListItem","position":2,"name":"PRODUCT","item":"https:\/\/panwinjet.com\/product\/"},{"@type":"ListItem","position":3,"name":"44kpsi\/3000Bar High Pressure Hydro Jet Blasting Self-Rotary Head Nozzles BC-H9-C"}]},{"@type":"WebSite","@id":"https:\/\/panwinjet.com\/#website","url":"https:\/\/panwinjet.com\/","name":"Panwin Machinery&amp;Equipment","description":"Shenzhen Panwin Machinery&amp;Equipment Co.Ltd","potentialAction":[{"@type":"SearchAction","target":{"@type":"EntryPoint","urlTemplate":"https:\/\/panwinjet.com\/?s={search_term_string}"},"query-input":{"@type":"PropertyValueSpecification","valueRequired":true,"valueName":"search_term_string"}}],"inLanguage":"pt-PT"}]}},"_links":{"self":[{"href":"https:\/\/panwinjet.com\/pt\/wp-json\/wp\/v2\/product\/994","targetHints":{"allow":["GET"]}}],"collection":[{"href":"https:\/\/panwinjet.com\/pt\/wp-json\/wp\/v2\/product"}],"about":[{"href":"https:\/\/panwinjet.com\/pt\/wp-json\/wp\/v2\/types\/product"}],"wp:featuredmedia":[{"embeddable":true,"href":"https:\/\/panwinjet.com\/pt\/wp-json\/wp\/v2\/media\/998"}],"wp:attachment":[{"href":"https:\/\/panwinjet.com\/pt\/wp-json\/wp\/v2\/media?parent=994"}],"wp:term":[{"taxonomy":"product_brand","embeddable":true,"href":"https:\/\/panwinjet.com\/pt\/wp-json\/wp\/v2\/product_brand?post=994"},{"taxonomy":"product_cat","embeddable":true,"href":"https:\/\/panwinjet.com\/pt\/wp-json\/wp\/v2\/product_cat?post=994"},{"taxonomy":"product_tag","embeddable":true,"href":"https:\/\/panwinjet.com\/pt\/wp-json\/wp\/v2\/product_tag?post=994"}],"curies":[{"name":"wp","href":"https:\/\/api.w.org\/{rel}","templated":true}]}}