{"id":977,"date":"2025-09-20T00:33:31","date_gmt":"2025-09-20T00:33:31","guid":{"rendered":"https:\/\/panwinjet.com\/?post_type=product&#038;p=977"},"modified":"2025-09-20T00:33:31","modified_gmt":"2025-09-20T00:33:31","slug":"20kpsi-pressure-water-jet-vessel-cleaning-machine-parts-4220-gland-nut","status":"publish","type":"product","link":"https:\/\/panwinjet.com\/pt\/produto\/20kpsi-pressure-water-jet-vessel-cleaning-machine-parts-4220-gland-nut\/","title":{"rendered":"Pe\u00e7as para m\u00e1quina de limpeza de vasos com jato de \u00e1gua de press\u00e3o de 20kpsi: Porca de fixa\u00e7\u00e3o 4220"},"content":{"rendered":"<p><strong><b>Jato de \u00e1gua com press\u00e3o de 20 kpsi <\/b><\/strong><strong><b>Navio<\/b><\/strong><strong><b>\u00a0Pe\u00e7as da m\u00e1quina de limpeza 4220 Porca de fixa\u00e7\u00e3o<\/b><\/strong><\/p>\n<p><strong><b>Introdu\u00e7\u00e3o<\/b><\/strong><strong><b>\u00a0<\/b><\/strong><strong><b>de <\/b><\/strong><strong><b>Jato de \u00e1gua com press\u00e3o de 20 kpsi <\/b><\/strong><strong><b>Navio<\/b><\/strong><strong><b>\u00a0Pe\u00e7as da m\u00e1quina de limpeza 4220 Porca de fixa\u00e7\u00e3o<\/b><\/strong><\/p>\n<p>Isso \u00e9 <strong><b>Jato de \u00e1gua com press\u00e3o de 20 kpsi <\/b><\/strong><strong><b>Navio<\/b><\/strong><strong><b>\u00a0Pe\u00e7as da m\u00e1quina de limpeza 4220 Porca de fixa\u00e7\u00e3o<\/b><\/strong><\/p>\n<p>Utilizada na bomba de jato de \u00e1gua Jetstream de 20kpsi, com pot\u00eancia de entrada de 190 a 325 cavalos (142 a 252 kW), esta bomba destaca-se pela simplicidade, facilidade de manuten\u00e7\u00e3o e versatilidade incompar\u00e1veis em seu design de extremidade fluida. Com uma vaz\u00e3o m\u00e1xima de 96 lpm a 20kpsi de press\u00e3o nominal, esta bomba \u00e9 a mais potente em sua faixa de press\u00e3o.<\/p>\n<p>Esta porca de fixa\u00e7\u00e3o \u00e9 compat\u00edvel com os modelos Jetstream #8, #9, #10 e #11, respectivamente, e com os modelos Jetstream 51832, Jetstream 51829, Jetstream 52501 e Jetstream 54828.<\/p>","protected":false},"excerpt":{"rendered":"<p><strong><b><img decoding=\"async\" class=\"aligncenter size-full wp-image-954 lazyload\" data-src=\"https:\/\/panwinjet.com\/wp-content\/uploads\/2025\/09\/4220-Manifold-Breakdown.png\" alt=\"\" width=\"936\" height=\"698\" data-srcset=\"https:\/\/panwinjet.com\/wp-content\/uploads\/2025\/09\/4220-Manifold-Breakdown.png 936w, https:\/\/panwinjet.com\/wp-content\/uploads\/2025\/09\/4220-Manifold-Breakdown-500x373.png 500w, https:\/\/panwinjet.com\/wp-content\/uploads\/2025\/09\/4220-Manifold-Breakdown-300x224.png 300w, https:\/\/panwinjet.com\/wp-content\/uploads\/2025\/09\/4220-Manifold-Breakdown-768x573.png 768w, https:\/\/panwinjet.com\/wp-content\/uploads\/2025\/09\/4220-Manifold-Breakdown-101x75.png 101w, https:\/\/panwinjet.com\/wp-content\/uploads\/2025\/09\/4220-Manifold-Breakdown-480x358.png 480w, https:\/\/panwinjet.com\/wp-content\/uploads\/2025\/09\/4220-Manifold-Breakdown-800x597.png 800w\" data-sizes=\"(max-width:767px) 480px, (max-width:936px) 100vw, 936px\" src=\"data:image\/svg+xml;base64,PHN2ZyB3aWR0aD0iMSIgaGVpZ2h0PSIxIiB4bWxucz0iaHR0cDovL3d3dy53My5vcmcvMjAwMC9zdmciPjwvc3ZnPg==\" style=\"--smush-placeholder-width: 936px; --smush-placeholder-aspect-ratio: 936\/698;\" \/>Caracter\u00edsticas e aplica\u00e7\u00f5es do produto <\/b><\/strong><strong><b>Jato de \u00e1gua com press\u00e3o de 20 kpsi <\/b><\/strong><strong><b>Navio<\/b><\/strong><strong><b>\u00a0Pe\u00e7as da m\u00e1quina de limpeza 4220 Porca de fixa\u00e7\u00e3o<\/b><\/strong><\/p>\n<p>Esta porca de fixa\u00e7\u00e3o 4220 para m\u00e1quina de limpeza de vasos com jato de \u00e1gua de 20kpsi \u00e9 fabricada com precis\u00e3o em a\u00e7o inoxid\u00e1vel de alta qualidade, apresentando alto desempenho em durabilidade e estabilidade, conforme descrito abaixo:<\/p>\n<p>Caracter\u00edsticas vantajosas:<\/p>\n<p>Desempenho superior<\/p>\n<p>Longa durabilidade e longevidade<\/p>\n<p>Maior flexibilidade<\/p>\n<p>Esta porca de fixa\u00e7\u00e3o \u00e9 compat\u00edvel com os modelos Jetstream #8, #9, #10 e #11, respectivamente, e com os modelos Jetstream 51832, Jetstream 51829, Jetstream 52501 e Jetstream 54828.<\/p>\n<p>Aplicativo:<\/p>\n<p>Esta porca de fixa\u00e7\u00e3o 4220 para m\u00e1quina de limpeza de vasos com jato de \u00e1gua de 20kpsi \u00e9 parte da bomba Jetstream de 20kpsi. \u00c9 uma bomba potente para uma ampla gama de aplica\u00e7\u00f5es de hidrojateamento.<\/p>\n<p>Esta potente bomba pode ser utilizada na limpeza de superf\u00edcies, limpeza de tubos de oleodutos, limpeza de trocadores de calor, pintura com \u00e1gua e remo\u00e7\u00e3o de ferrugem, limpeza de a\u00e7o com jato de \u00e1gua, etc.<\/p>","protected":false},"featured_media":980,"template":"","meta":[],"product_brand":[],"product_cat":[7],"product_tag":[],"class_list":{"0":"post-977","1":"product","2":"type-product","3":"status-publish","4":"has-post-thumbnail","6":"product_cat-jetstream-pump-fluid-end-compatibe-parts","8":"first","9":"instock","10":"shipping-taxable","11":"product-type-simple"},"yoast_head":"<!-- This site is optimized with the Yoast SEO plugin v24.9 - https:\/\/yoast.com\/wordpress\/plugins\/seo\/ -->\n<title>20kpsi Pressure Water Jet Vessel cleaning machine parts 4220 Gland Nut - Panwin Machinery&amp;Equipment<\/title>\n<meta name=\"robots\" content=\"index, follow, max-snippet:-1, max-image-preview:large, max-video-preview:-1\" \/>\n<link rel=\"canonical\" href=\"https:\/\/panwinjet.com\/pt\/produto\/20kpsi-pressure-water-jet-vessel-cleaning-machine-parts-4220-gland-nut\/\" \/>\n<meta property=\"og:locale\" content=\"pt_PT\" \/>\n<meta property=\"og:type\" content=\"article\" \/>\n<meta property=\"og:title\" content=\"20kpsi Pressure Water Jet Vessel cleaning machine parts 4220 Gland Nut - Panwin Machinery&amp;Equipment\" \/>\n<meta property=\"og:description\" content=\"Product Feature And Application of 20kpsi Pressure Water Jet Vessel\u00a0cleaning machine parts 4220 Gland Nut  This 20kpsi Pressure Water Jet Vessel\u00a0cleaning machine parts 4220 Gland Nut\u00a0is manufactured of precision machined from high quality stainless steel, and it is high-performance in durability and stability, the features as mentioned below:  The advantage Features:  Superior performance  Long durability and longevity  Greater Flexibility  And this Gland nut is compatible with Jetstream #8,#9,#10,#11 Models, respectively they are compatible with Jetstream 51832,Jetstream 51829,Jetstream 52501,Jetstream 54828.  Application:  This 20kpsi Pressure Water Jet Vessel\u00a0cleaning machine parts 4220 Gland Nut\u00a0is parts of the Jetstream 20kpsi pump. It is powerful pump for the huge area of application of hydro blasting purpose.  this powerful pump can be used in surface cleaning,pipeline\u00a0tube cleaning, the heat-exchange cleaning,\u00a0Hydro\u00a0Painting &amp;Rust cleaning, steel water jet cleaning etc.\" \/>\n<meta property=\"og:url\" content=\"https:\/\/panwinjet.com\/pt\/produto\/20kpsi-pressure-water-jet-vessel-cleaning-machine-parts-4220-gland-nut\/\" \/>\n<meta property=\"og:site_name\" content=\"Panwin Machinery&amp;Equipment\" \/>\n<meta property=\"og:image\" content=\"https:\/\/panwinjet.com\/wp-content\/uploads\/2025\/09\/IMG_20230424_160356-scaled.jpg\" \/>\n\t<meta property=\"og:image:width\" content=\"1920\" \/>\n\t<meta property=\"og:image:height\" content=\"2560\" \/>\n\t<meta property=\"og:image:type\" content=\"image\/jpeg\" \/>\n<meta name=\"twitter:card\" content=\"summary_large_image\" \/>\n<meta name=\"twitter:label1\" content=\"Tempo estimado de leitura\" \/>\n\t<meta name=\"twitter:data1\" content=\"1 minuto\" \/>\n<script type=\"application\/ld+json\" class=\"yoast-schema-graph\">{\"@context\":\"https:\/\/schema.org\",\"@graph\":[{\"@type\":\"WebPage\",\"@id\":\"https:\/\/panwinjet.com\/product\/20kpsi-pressure-water-jet-vessel-cleaning-machine-parts-4220-gland-nut\/\",\"url\":\"https:\/\/panwinjet.com\/product\/20kpsi-pressure-water-jet-vessel-cleaning-machine-parts-4220-gland-nut\/\",\"name\":\"20kpsi Pressure Water Jet Vessel cleaning machine parts 4220 Gland Nut - Panwin Machinery&amp;Equipment\",\"isPartOf\":{\"@id\":\"https:\/\/panwinjet.com\/#website\"},\"primaryImageOfPage\":{\"@id\":\"https:\/\/panwinjet.com\/product\/20kpsi-pressure-water-jet-vessel-cleaning-machine-parts-4220-gland-nut\/#primaryimage\"},\"image\":{\"@id\":\"https:\/\/panwinjet.com\/product\/20kpsi-pressure-water-jet-vessel-cleaning-machine-parts-4220-gland-nut\/#primaryimage\"},\"thumbnailUrl\":\"https:\/\/panwinjet.com\/wp-content\/uploads\/2025\/09\/IMG_20230424_160356-scaled.jpg\",\"datePublished\":\"2025-09-20T00:33:31+00:00\",\"breadcrumb\":{\"@id\":\"https:\/\/panwinjet.com\/product\/20kpsi-pressure-water-jet-vessel-cleaning-machine-parts-4220-gland-nut\/#breadcrumb\"},\"inLanguage\":\"pt-PT\",\"potentialAction\":[{\"@type\":\"ReadAction\",\"target\":[\"https:\/\/panwinjet.com\/product\/20kpsi-pressure-water-jet-vessel-cleaning-machine-parts-4220-gland-nut\/\"]}]},{\"@type\":\"ImageObject\",\"inLanguage\":\"pt-PT\",\"@id\":\"https:\/\/panwinjet.com\/product\/20kpsi-pressure-water-jet-vessel-cleaning-machine-parts-4220-gland-nut\/#primaryimage\",\"url\":\"https:\/\/panwinjet.com\/wp-content\/uploads\/2025\/09\/IMG_20230424_160356-scaled.jpg\",\"contentUrl\":\"https:\/\/panwinjet.com\/wp-content\/uploads\/2025\/09\/IMG_20230424_160356-scaled.jpg\",\"width\":1920,\"height\":2560},{\"@type\":\"BreadcrumbList\",\"@id\":\"https:\/\/panwinjet.com\/product\/20kpsi-pressure-water-jet-vessel-cleaning-machine-parts-4220-gland-nut\/#breadcrumb\",\"itemListElement\":[{\"@type\":\"ListItem\",\"position\":1,\"name\":\"\u9996\u9875\",\"item\":\"https:\/\/panwinjet.com\/\"},{\"@type\":\"ListItem\",\"position\":2,\"name\":\"PRODUCT\",\"item\":\"https:\/\/panwinjet.com\/product\/\"},{\"@type\":\"ListItem\",\"position\":3,\"name\":\"20kpsi Pressure Water Jet Vessel cleaning machine parts 4220 Gland Nut\"}]},{\"@type\":\"WebSite\",\"@id\":\"https:\/\/panwinjet.com\/#website\",\"url\":\"https:\/\/panwinjet.com\/\",\"name\":\"Panwin Machinery&amp;Equipment\",\"description\":\"Shenzhen Panwin Machinery&amp;Equipment Co.Ltd\",\"potentialAction\":[{\"@type\":\"SearchAction\",\"target\":{\"@type\":\"EntryPoint\",\"urlTemplate\":\"https:\/\/panwinjet.com\/?s={search_term_string}\"},\"query-input\":{\"@type\":\"PropertyValueSpecification\",\"valueRequired\":true,\"valueName\":\"search_term_string\"}}],\"inLanguage\":\"pt-PT\"}]}<\/script>\n<!-- \/ Yoast SEO plugin. -->","yoast_head_json":{"title":"20kpsi Pressure Water Jet Vessel cleaning machine parts 4220 Gland Nut - Panwin Machinery&amp;Equipment","robots":{"index":"index","follow":"follow","max-snippet":"max-snippet:-1","max-image-preview":"max-image-preview:large","max-video-preview":"max-video-preview:-1"},"canonical":"https:\/\/panwinjet.com\/pt\/produto\/20kpsi-pressure-water-jet-vessel-cleaning-machine-parts-4220-gland-nut\/","og_locale":"pt_PT","og_type":"article","og_title":"20kpsi Pressure Water Jet Vessel cleaning machine parts 4220 Gland Nut - Panwin Machinery&amp;Equipment","og_description":"Product Feature And Application of 20kpsi Pressure Water Jet Vessel\u00a0cleaning machine parts 4220 Gland Nut  This 20kpsi Pressure Water Jet Vessel\u00a0cleaning machine parts 4220 Gland Nut\u00a0is manufactured of precision machined from high quality stainless steel, and it is high-performance in durability and stability, the features as mentioned below:  The advantage Features:  Superior performance  Long durability and longevity  Greater Flexibility  And this Gland nut is compatible with Jetstream #8,#9,#10,#11 Models, respectively they are compatible with Jetstream 51832,Jetstream 51829,Jetstream 52501,Jetstream 54828.  Application:  This 20kpsi Pressure Water Jet Vessel\u00a0cleaning machine parts 4220 Gland Nut\u00a0is parts of the Jetstream 20kpsi pump. It is powerful pump for the huge area of application of hydro blasting purpose.  this powerful pump can be used in surface cleaning,pipeline\u00a0tube cleaning, the heat-exchange cleaning,\u00a0Hydro\u00a0Painting &amp;Rust cleaning, steel water jet cleaning etc.","og_url":"https:\/\/panwinjet.com\/pt\/produto\/20kpsi-pressure-water-jet-vessel-cleaning-machine-parts-4220-gland-nut\/","og_site_name":"Panwin Machinery&amp;Equipment","og_image":[{"width":1920,"height":2560,"url":"https:\/\/panwinjet.com\/wp-content\/uploads\/2025\/09\/IMG_20230424_160356-scaled.jpg","type":"image\/jpeg"}],"twitter_card":"summary_large_image","twitter_misc":{"Tempo estimado de leitura":"1 minuto"},"schema":{"@context":"https:\/\/schema.org","@graph":[{"@type":"WebPage","@id":"https:\/\/panwinjet.com\/product\/20kpsi-pressure-water-jet-vessel-cleaning-machine-parts-4220-gland-nut\/","url":"https:\/\/panwinjet.com\/product\/20kpsi-pressure-water-jet-vessel-cleaning-machine-parts-4220-gland-nut\/","name":"20kpsi Pressure Water Jet Vessel cleaning machine parts 4220 Gland Nut - Panwin Machinery&amp;Equipment","isPartOf":{"@id":"https:\/\/panwinjet.com\/#website"},"primaryImageOfPage":{"@id":"https:\/\/panwinjet.com\/product\/20kpsi-pressure-water-jet-vessel-cleaning-machine-parts-4220-gland-nut\/#primaryimage"},"image":{"@id":"https:\/\/panwinjet.com\/product\/20kpsi-pressure-water-jet-vessel-cleaning-machine-parts-4220-gland-nut\/#primaryimage"},"thumbnailUrl":"https:\/\/panwinjet.com\/wp-content\/uploads\/2025\/09\/IMG_20230424_160356-scaled.jpg","datePublished":"2025-09-20T00:33:31+00:00","breadcrumb":{"@id":"https:\/\/panwinjet.com\/product\/20kpsi-pressure-water-jet-vessel-cleaning-machine-parts-4220-gland-nut\/#breadcrumb"},"inLanguage":"pt-PT","potentialAction":[{"@type":"ReadAction","target":["https:\/\/panwinjet.com\/product\/20kpsi-pressure-water-jet-vessel-cleaning-machine-parts-4220-gland-nut\/"]}]},{"@type":"ImageObject","inLanguage":"pt-PT","@id":"https:\/\/panwinjet.com\/product\/20kpsi-pressure-water-jet-vessel-cleaning-machine-parts-4220-gland-nut\/#primaryimage","url":"https:\/\/panwinjet.com\/wp-content\/uploads\/2025\/09\/IMG_20230424_160356-scaled.jpg","contentUrl":"https:\/\/panwinjet.com\/wp-content\/uploads\/2025\/09\/IMG_20230424_160356-scaled.jpg","width":1920,"height":2560},{"@type":"BreadcrumbList","@id":"https:\/\/panwinjet.com\/product\/20kpsi-pressure-water-jet-vessel-cleaning-machine-parts-4220-gland-nut\/#breadcrumb","itemListElement":[{"@type":"ListItem","position":1,"name":"\u9996\u9875","item":"https:\/\/panwinjet.com\/"},{"@type":"ListItem","position":2,"name":"PRODUCT","item":"https:\/\/panwinjet.com\/product\/"},{"@type":"ListItem","position":3,"name":"20kpsi Pressure Water Jet Vessel cleaning machine parts 4220 Gland Nut"}]},{"@type":"WebSite","@id":"https:\/\/panwinjet.com\/#website","url":"https:\/\/panwinjet.com\/","name":"Panwin Machinery&amp;Equipment","description":"Shenzhen Panwin Machinery&amp;Equipment Co.Ltd","potentialAction":[{"@type":"SearchAction","target":{"@type":"EntryPoint","urlTemplate":"https:\/\/panwinjet.com\/?s={search_term_string}"},"query-input":{"@type":"PropertyValueSpecification","valueRequired":true,"valueName":"search_term_string"}}],"inLanguage":"pt-PT"}]}},"_links":{"self":[{"href":"https:\/\/panwinjet.com\/pt\/wp-json\/wp\/v2\/product\/977","targetHints":{"allow":["GET"]}}],"collection":[{"href":"https:\/\/panwinjet.com\/pt\/wp-json\/wp\/v2\/product"}],"about":[{"href":"https:\/\/panwinjet.com\/pt\/wp-json\/wp\/v2\/types\/product"}],"wp:featuredmedia":[{"embeddable":true,"href":"https:\/\/panwinjet.com\/pt\/wp-json\/wp\/v2\/media\/980"}],"wp:attachment":[{"href":"https:\/\/panwinjet.com\/pt\/wp-json\/wp\/v2\/media?parent=977"}],"wp:term":[{"taxonomy":"product_brand","embeddable":true,"href":"https:\/\/panwinjet.com\/pt\/wp-json\/wp\/v2\/product_brand?post=977"},{"taxonomy":"product_cat","embeddable":true,"href":"https:\/\/panwinjet.com\/pt\/wp-json\/wp\/v2\/product_cat?post=977"},{"taxonomy":"product_tag","embeddable":true,"href":"https:\/\/panwinjet.com\/pt\/wp-json\/wp\/v2\/product_tag?post=977"}],"curies":[{"name":"wp","href":"https:\/\/api.w.org\/{rel}","templated":true}]}}