{"id":970,"date":"2025-09-20T00:29:46","date_gmt":"2025-09-20T00:29:46","guid":{"rendered":"https:\/\/panwinjet.com\/?post_type=product&#038;p=970"},"modified":"2025-09-20T00:30:10","modified_gmt":"2025-09-20T00:30:10","slug":"ultra-high-pressure-hydro-jet-cleaning-machine-4220-uni-valve-accessories","status":"publish","type":"product","link":"https:\/\/panwinjet.com\/pt\/produto\/ultra-high-pressure-hydro-jet-cleaning-machine-4220-uni-valve-accessories\/","title":{"rendered":"M\u00e1quina de limpeza por hidrojato de ultra-alta press\u00e3o 4220 Acess\u00f3rios Uni-Valve"},"content":{"rendered":"<p><strong><b>M\u00e1quina de limpeza por hidrojato de ultra-alta press\u00e3o 4220 Acess\u00f3rios Uni-Valve<\/b><\/strong><\/p>\n<p><strong><b>Apresenta\u00e7\u00e3o do produto <\/b><\/strong><strong><b>M\u00e1quina de limpeza por hidrojato de ultra-alta press\u00e3o 4220 Acess\u00f3rios Uni-Valve<\/b><\/strong><\/p>\n<p>O kit de acess\u00f3rios para a m\u00e1quina de limpeza hidrojato de ultra-alta press\u00e3o JS 4220 Uni-Valve \u00e9 composto por pe\u00e7as de reposi\u00e7\u00e3o para a Uni-Valve JS 4220 com taxa de press\u00e3o de 20 kpsi. Inclui o kit de veda\u00e7\u00e3o da Uni-Valve, compat\u00edvel com Jetstream 50465, mola de suc\u00e7\u00e3o, compat\u00edvel com Jetstream 26549, anel de reten\u00e7\u00e3o, compat\u00edvel com Jetstream 51814, mola de reten\u00e7\u00e3o, compat\u00edvel com Jetstream 26546, e v\u00e1lvula de suc\u00e7\u00e3o, compat\u00edvel com Jetstream 51813.<img decoding=\"async\" class=\"aligncenter size-full wp-image-976 lazyload\" data-src=\"https:\/\/panwinjet.com\/wp-content\/uploads\/2025\/09\/Package-2.jpg\" alt=\"\" width=\"1279\" height=\"1706\" data-srcset=\"https:\/\/panwinjet.com\/wp-content\/uploads\/2025\/09\/Package-2.jpg 1279w, https:\/\/panwinjet.com\/wp-content\/uploads\/2025\/09\/Package-2-375x500.jpg 375w, https:\/\/panwinjet.com\/wp-content\/uploads\/2025\/09\/Package-2-900x1200.jpg 900w, https:\/\/panwinjet.com\/wp-content\/uploads\/2025\/09\/Package-2-225x300.jpg 225w, https:\/\/panwinjet.com\/wp-content\/uploads\/2025\/09\/Package-2-768x1024.jpg 768w, https:\/\/panwinjet.com\/wp-content\/uploads\/2025\/09\/Package-2-1152x1536.jpg 1152w, https:\/\/panwinjet.com\/wp-content\/uploads\/2025\/09\/Package-2-56x75.jpg 56w, https:\/\/panwinjet.com\/wp-content\/uploads\/2025\/09\/Package-2-480x640.jpg 480w, https:\/\/panwinjet.com\/wp-content\/uploads\/2025\/09\/Package-2-800x1067.jpg 800w\" data-sizes=\"(max-width:767px) 480px, (max-width:1279px) 100vw, 1279px\" src=\"data:image\/svg+xml;base64,PHN2ZyB3aWR0aD0iMSIgaGVpZ2h0PSIxIiB4bWxucz0iaHR0cDovL3d3dy53My5vcmcvMjAwMC9zdmciPjwvc3ZnPg==\" style=\"--smush-placeholder-width: 1279px; --smush-placeholder-aspect-ratio: 1279\/1706;\" \/><\/p>","protected":false},"excerpt":{"rendered":"<p><strong><b>Caracter\u00edsticas e aplica\u00e7\u00f5es do produto <\/b><\/strong><strong><b>M\u00e1quina de limpeza por hidrojato de ultra-alta press\u00e3o 4220 Acess\u00f3rios Uni-Valve<\/b><\/strong><\/p>\n<p><strong><b>O <\/b><\/strong><strong><b>M\u00e1quina de limpeza por hidrojato de ultra-alta press\u00e3o 4220 Acess\u00f3rios Uni-Valve<\/b><\/strong><\/p>\n<p><strong><b>\u00c9 importante substituir pe\u00e7as da v\u00e1lvula Uni-Valve com press\u00e3o nominal de 20Kpsi. A v\u00e1lvula Uni-Valve de 20Kpsi \u00e9...<\/b><\/strong>Com um design inovador, possui caracter\u00edsticas avan\u00e7adas de f\u00e1cil manuten\u00e7\u00e3o e economia de tempo, conforme mencionado a seguir:<\/p>\n<p>As vantagens incluem:<\/p>\n<p>Servi\u00e7o f\u00e1cil: Substitui\u00e7\u00e3o da embalagem em poucos minutos<\/p>\n<p>Design minimalista: O cartucho da v\u00e1lvula Uni Valve inclui v\u00e1lvula de suc\u00e7\u00e3o e descarga, sede, etc., em uma \u00fanica pe\u00e7a.<\/p>\n<p>Versatilidade na convers\u00e3o: Conex\u00e3o vers\u00e1til com outras pe\u00e7as para economia de tempo.<\/p>\n<p><strong><b>Aplicativo:<\/b><\/strong><\/p>\n<p>Acess\u00f3rios para a m\u00e1quina de limpeza por hidrojato de ultra-alta press\u00e3o 4220 Uni-Valve<\/p>\n<p>S\u00e3o as pe\u00e7as essenciais para a repara\u00e7\u00e3o da v\u00e1lvula Uni-Valve 4220 de 20kpsir. Esta potente bomba pode ser utilizada na limpeza geral de superf\u00edcies, limpeza de tubula\u00e7\u00f5es, limpeza de trocadores de calor, hidropintura e remo\u00e7\u00e3o de ferrugem, etc.<\/p>","protected":false},"featured_media":973,"template":"","meta":[],"product_brand":[],"product_cat":[7],"product_tag":[],"class_list":{"0":"post-970","1":"product","2":"type-product","3":"status-publish","4":"has-post-thumbnail","6":"product_cat-jetstream-pump-fluid-end-compatibe-parts","8":"first","9":"instock","10":"shipping-taxable","11":"product-type-simple"},"yoast_head":"<!-- This site is optimized with the Yoast SEO plugin v24.9 - https:\/\/yoast.com\/wordpress\/plugins\/seo\/ -->\n<title>Ultra-high Pressure hydro Jet cleaning machine 4220 Uni-Valve Accessories - Panwin Machinery&amp;Equipment<\/title>\n<meta name=\"robots\" content=\"index, follow, max-snippet:-1, max-image-preview:large, max-video-preview:-1\" \/>\n<link rel=\"canonical\" href=\"https:\/\/panwinjet.com\/pt\/produto\/ultra-high-pressure-hydro-jet-cleaning-machine-4220-uni-valve-accessories\/\" \/>\n<meta property=\"og:locale\" content=\"pt_PT\" \/>\n<meta property=\"og:type\" content=\"article\" \/>\n<meta property=\"og:title\" content=\"Ultra-high Pressure hydro Jet cleaning machine 4220 Uni-Valve Accessories - Panwin Machinery&amp;Equipment\" \/>\n<meta property=\"og:description\" content=\"Product Feature And Application of Ultra-high Pressure hydro Jet cleaning machine 4220 Uni-Valve Accessories  The Ultra-high Pressure hydro Jet cleaning machine 4220 Uni-Valve Accessories  Are important replace parts of the 20Kpsi rated pressure Uni-Valve, 20Kpsi Uni-Valve is trailblazing\u00a0design, it has the advance features of easy-service and time-saving features, as we mentioned as follow:  The advantage features:  Easy service: Few minute packing replace  simplicity design: Uni Valve cartridge include suction&amp;Discharge Valve,seat etc in ones.  Versatility in conversion: Versatile connection with other parts for time-saving.  Application:  The\u00a0Ultra-high Pressure hydro Jet cleaning machine 4220 Uni-Valve Accessories  are the essential\u00a0repair parts of 4220 20kpsir Rate Uni-Valve, this powerful pump can be used in the general surface cleaning, pipeline tubing cleaning, the heat-exchange cleaning,\u00a0Hydro\u00a0Painting &amp;Rust cleaning etc.\" \/>\n<meta property=\"og:url\" content=\"https:\/\/panwinjet.com\/pt\/produto\/ultra-high-pressure-hydro-jet-cleaning-machine-4220-uni-valve-accessories\/\" \/>\n<meta property=\"og:site_name\" content=\"Panwin Machinery&amp;Equipment\" \/>\n<meta property=\"article:modified_time\" content=\"2025-09-20T00:30:10+00:00\" \/>\n<meta property=\"og:image\" content=\"https:\/\/panwinjet.com\/wp-content\/uploads\/2025\/09\/IMG_20230424_171907-scaled.jpg\" \/>\n\t<meta property=\"og:image:width\" content=\"1920\" \/>\n\t<meta property=\"og:image:height\" content=\"2560\" \/>\n\t<meta property=\"og:image:type\" content=\"image\/jpeg\" \/>\n<meta name=\"twitter:card\" content=\"summary_large_image\" \/>\n<meta name=\"twitter:label1\" content=\"Tempo estimado de leitura\" \/>\n\t<meta name=\"twitter:data1\" content=\"1 minuto\" \/>\n<script type=\"application\/ld+json\" class=\"yoast-schema-graph\">{\"@context\":\"https:\/\/schema.org\",\"@graph\":[{\"@type\":\"WebPage\",\"@id\":\"https:\/\/panwinjet.com\/product\/ultra-high-pressure-hydro-jet-cleaning-machine-4220-uni-valve-accessories\/\",\"url\":\"https:\/\/panwinjet.com\/product\/ultra-high-pressure-hydro-jet-cleaning-machine-4220-uni-valve-accessories\/\",\"name\":\"Ultra-high Pressure hydro Jet cleaning machine 4220 Uni-Valve Accessories - Panwin Machinery&amp;Equipment\",\"isPartOf\":{\"@id\":\"https:\/\/panwinjet.com\/#website\"},\"primaryImageOfPage\":{\"@id\":\"https:\/\/panwinjet.com\/product\/ultra-high-pressure-hydro-jet-cleaning-machine-4220-uni-valve-accessories\/#primaryimage\"},\"image\":{\"@id\":\"https:\/\/panwinjet.com\/product\/ultra-high-pressure-hydro-jet-cleaning-machine-4220-uni-valve-accessories\/#primaryimage\"},\"thumbnailUrl\":\"https:\/\/panwinjet.com\/wp-content\/uploads\/2025\/09\/IMG_20230424_171907-scaled.jpg\",\"datePublished\":\"2025-09-20T00:29:46+00:00\",\"dateModified\":\"2025-09-20T00:30:10+00:00\",\"breadcrumb\":{\"@id\":\"https:\/\/panwinjet.com\/product\/ultra-high-pressure-hydro-jet-cleaning-machine-4220-uni-valve-accessories\/#breadcrumb\"},\"inLanguage\":\"pt-PT\",\"potentialAction\":[{\"@type\":\"ReadAction\",\"target\":[\"https:\/\/panwinjet.com\/product\/ultra-high-pressure-hydro-jet-cleaning-machine-4220-uni-valve-accessories\/\"]}]},{\"@type\":\"ImageObject\",\"inLanguage\":\"pt-PT\",\"@id\":\"https:\/\/panwinjet.com\/product\/ultra-high-pressure-hydro-jet-cleaning-machine-4220-uni-valve-accessories\/#primaryimage\",\"url\":\"https:\/\/panwinjet.com\/wp-content\/uploads\/2025\/09\/IMG_20230424_171907-scaled.jpg\",\"contentUrl\":\"https:\/\/panwinjet.com\/wp-content\/uploads\/2025\/09\/IMG_20230424_171907-scaled.jpg\",\"width\":1920,\"height\":2560},{\"@type\":\"BreadcrumbList\",\"@id\":\"https:\/\/panwinjet.com\/product\/ultra-high-pressure-hydro-jet-cleaning-machine-4220-uni-valve-accessories\/#breadcrumb\",\"itemListElement\":[{\"@type\":\"ListItem\",\"position\":1,\"name\":\"\u9996\u9875\",\"item\":\"https:\/\/panwinjet.com\/\"},{\"@type\":\"ListItem\",\"position\":2,\"name\":\"PRODUCT\",\"item\":\"https:\/\/panwinjet.com\/product\/\"},{\"@type\":\"ListItem\",\"position\":3,\"name\":\"Ultra-high Pressure hydro Jet cleaning machine 4220 Uni-Valve Accessories\"}]},{\"@type\":\"WebSite\",\"@id\":\"https:\/\/panwinjet.com\/#website\",\"url\":\"https:\/\/panwinjet.com\/\",\"name\":\"Panwin Machinery&amp;Equipment\",\"description\":\"Shenzhen Panwin Machinery&amp;Equipment Co.Ltd\",\"potentialAction\":[{\"@type\":\"SearchAction\",\"target\":{\"@type\":\"EntryPoint\",\"urlTemplate\":\"https:\/\/panwinjet.com\/?s={search_term_string}\"},\"query-input\":{\"@type\":\"PropertyValueSpecification\",\"valueRequired\":true,\"valueName\":\"search_term_string\"}}],\"inLanguage\":\"pt-PT\"}]}<\/script>\n<!-- \/ Yoast SEO plugin. -->","yoast_head_json":{"title":"Ultra-high Pressure hydro Jet cleaning machine 4220 Uni-Valve Accessories - Panwin Machinery&amp;Equipment","robots":{"index":"index","follow":"follow","max-snippet":"max-snippet:-1","max-image-preview":"max-image-preview:large","max-video-preview":"max-video-preview:-1"},"canonical":"https:\/\/panwinjet.com\/pt\/produto\/ultra-high-pressure-hydro-jet-cleaning-machine-4220-uni-valve-accessories\/","og_locale":"pt_PT","og_type":"article","og_title":"Ultra-high Pressure hydro Jet cleaning machine 4220 Uni-Valve Accessories - Panwin Machinery&amp;Equipment","og_description":"Product Feature And Application of Ultra-high Pressure hydro Jet cleaning machine 4220 Uni-Valve Accessories  The Ultra-high Pressure hydro Jet cleaning machine 4220 Uni-Valve Accessories  Are important replace parts of the 20Kpsi rated pressure Uni-Valve, 20Kpsi Uni-Valve is trailblazing\u00a0design, it has the advance features of easy-service and time-saving features, as we mentioned as follow:  The advantage features:  Easy service: Few minute packing replace  simplicity design: Uni Valve cartridge include suction&amp;Discharge Valve,seat etc in ones.  Versatility in conversion: Versatile connection with other parts for time-saving.  Application:  The\u00a0Ultra-high Pressure hydro Jet cleaning machine 4220 Uni-Valve Accessories  are the essential\u00a0repair parts of 4220 20kpsir Rate Uni-Valve, this powerful pump can be used in the general surface cleaning, pipeline tubing cleaning, the heat-exchange cleaning,\u00a0Hydro\u00a0Painting &amp;Rust cleaning etc.","og_url":"https:\/\/panwinjet.com\/pt\/produto\/ultra-high-pressure-hydro-jet-cleaning-machine-4220-uni-valve-accessories\/","og_site_name":"Panwin Machinery&amp;Equipment","article_modified_time":"2025-09-20T00:30:10+00:00","og_image":[{"width":1920,"height":2560,"url":"https:\/\/panwinjet.com\/wp-content\/uploads\/2025\/09\/IMG_20230424_171907-scaled.jpg","type":"image\/jpeg"}],"twitter_card":"summary_large_image","twitter_misc":{"Tempo estimado de leitura":"1 minuto"},"schema":{"@context":"https:\/\/schema.org","@graph":[{"@type":"WebPage","@id":"https:\/\/panwinjet.com\/product\/ultra-high-pressure-hydro-jet-cleaning-machine-4220-uni-valve-accessories\/","url":"https:\/\/panwinjet.com\/product\/ultra-high-pressure-hydro-jet-cleaning-machine-4220-uni-valve-accessories\/","name":"Ultra-high Pressure hydro Jet cleaning machine 4220 Uni-Valve Accessories - Panwin Machinery&amp;Equipment","isPartOf":{"@id":"https:\/\/panwinjet.com\/#website"},"primaryImageOfPage":{"@id":"https:\/\/panwinjet.com\/product\/ultra-high-pressure-hydro-jet-cleaning-machine-4220-uni-valve-accessories\/#primaryimage"},"image":{"@id":"https:\/\/panwinjet.com\/product\/ultra-high-pressure-hydro-jet-cleaning-machine-4220-uni-valve-accessories\/#primaryimage"},"thumbnailUrl":"https:\/\/panwinjet.com\/wp-content\/uploads\/2025\/09\/IMG_20230424_171907-scaled.jpg","datePublished":"2025-09-20T00:29:46+00:00","dateModified":"2025-09-20T00:30:10+00:00","breadcrumb":{"@id":"https:\/\/panwinjet.com\/product\/ultra-high-pressure-hydro-jet-cleaning-machine-4220-uni-valve-accessories\/#breadcrumb"},"inLanguage":"pt-PT","potentialAction":[{"@type":"ReadAction","target":["https:\/\/panwinjet.com\/product\/ultra-high-pressure-hydro-jet-cleaning-machine-4220-uni-valve-accessories\/"]}]},{"@type":"ImageObject","inLanguage":"pt-PT","@id":"https:\/\/panwinjet.com\/product\/ultra-high-pressure-hydro-jet-cleaning-machine-4220-uni-valve-accessories\/#primaryimage","url":"https:\/\/panwinjet.com\/wp-content\/uploads\/2025\/09\/IMG_20230424_171907-scaled.jpg","contentUrl":"https:\/\/panwinjet.com\/wp-content\/uploads\/2025\/09\/IMG_20230424_171907-scaled.jpg","width":1920,"height":2560},{"@type":"BreadcrumbList","@id":"https:\/\/panwinjet.com\/product\/ultra-high-pressure-hydro-jet-cleaning-machine-4220-uni-valve-accessories\/#breadcrumb","itemListElement":[{"@type":"ListItem","position":1,"name":"\u9996\u9875","item":"https:\/\/panwinjet.com\/"},{"@type":"ListItem","position":2,"name":"PRODUCT","item":"https:\/\/panwinjet.com\/product\/"},{"@type":"ListItem","position":3,"name":"Ultra-high Pressure hydro Jet cleaning machine 4220 Uni-Valve Accessories"}]},{"@type":"WebSite","@id":"https:\/\/panwinjet.com\/#website","url":"https:\/\/panwinjet.com\/","name":"Panwin Machinery&amp;Equipment","description":"Shenzhen Panwin Machinery&amp;Equipment Co.Ltd","potentialAction":[{"@type":"SearchAction","target":{"@type":"EntryPoint","urlTemplate":"https:\/\/panwinjet.com\/?s={search_term_string}"},"query-input":{"@type":"PropertyValueSpecification","valueRequired":true,"valueName":"search_term_string"}}],"inLanguage":"pt-PT"}]}},"_links":{"self":[{"href":"https:\/\/panwinjet.com\/pt\/wp-json\/wp\/v2\/product\/970","targetHints":{"allow":["GET"]}}],"collection":[{"href":"https:\/\/panwinjet.com\/pt\/wp-json\/wp\/v2\/product"}],"about":[{"href":"https:\/\/panwinjet.com\/pt\/wp-json\/wp\/v2\/types\/product"}],"wp:featuredmedia":[{"embeddable":true,"href":"https:\/\/panwinjet.com\/pt\/wp-json\/wp\/v2\/media\/973"}],"wp:attachment":[{"href":"https:\/\/panwinjet.com\/pt\/wp-json\/wp\/v2\/media?parent=970"}],"wp:term":[{"taxonomy":"product_brand","embeddable":true,"href":"https:\/\/panwinjet.com\/pt\/wp-json\/wp\/v2\/product_brand?post=970"},{"taxonomy":"product_cat","embeddable":true,"href":"https:\/\/panwinjet.com\/pt\/wp-json\/wp\/v2\/product_cat?post=970"},{"taxonomy":"product_tag","embeddable":true,"href":"https:\/\/panwinjet.com\/pt\/wp-json\/wp\/v2\/product_tag?post=970"}],"curies":[{"name":"wp","href":"https:\/\/api.w.org\/{rel}","templated":true}]}}