{"id":955,"date":"2025-09-20T00:16:14","date_gmt":"2025-09-20T00:16:14","guid":{"rendered":"https:\/\/panwinjet.com\/?post_type=product&#038;p=955"},"modified":"2025-09-20T00:16:14","modified_gmt":"2025-09-20T00:16:14","slug":"pipeline-ultra-high-pressure-water-jet-cleaning-machine-parts-4220-stuffing-box","status":"publish","type":"product","link":"https:\/\/panwinjet.com\/pt\/produto\/pipeline-ultra-high-pressure-water-jet-cleaning-machine-parts-4220-stuffing-box\/","title":{"rendered":"Pe\u00e7as para m\u00e1quina de limpeza de dutos com jato de \u00e1gua de ultra-alta press\u00e3o: Caixa de gaxetas 4220"},"content":{"rendered":"<p><strong><b>Introdu\u00e7\u00e3o de <\/b><\/strong><strong><b>Pe\u00e7as para m\u00e1quina de limpeza de dutos com jato de \u00e1gua de ultra-alta press\u00e3o: Caixa de gaxetas 4220<\/b><\/strong><\/p>\n<p>Esta caixa de gaxetas 4220 para m\u00e1quina de limpeza de dutos com jato de \u00e1gua de ultra-alta press\u00e3o \u00e9 uma pe\u00e7a fundamental da bomba Jetstream 4020 com press\u00e3o nominal de 20 kpsi.<\/p>\n<p>A JST 4220 \u00e9 uma bomba de jato de \u00e1gua triplex com pot\u00eancia de entrada de 190 a 325 cavalos (142 a 252 kW). Ela se destaca pela simplicidade, facilidade de manuten\u00e7\u00e3o e versatilidade incompar\u00e1veis de uma bomba com design de contato direto com o fluido. Com uma vaz\u00e3o m\u00e1xima de 96 l\/min a uma press\u00e3o nominal de 20 kpsi, esta bomba \u00e9 a mais potente nessa faixa de press\u00e3o.<\/p>\n<p>Esta gaxeta 4220 \u00e9 compat\u00edvel com as gaxetas #8 e #9, que utilizam o Jetstream 50306, e com as gaxetas #10 e #11, que utilizam o Jetstream 52502.<\/p>","protected":false},"excerpt":{"rendered":"<p><strong><b>Par\u00e2metro do produto (especifica\u00e7\u00e3o) de <\/b><\/strong><strong><b>Pe\u00e7as para m\u00e1quina de limpeza de dutos com jato de \u00e1gua de ultra-alta press\u00e3o: Caixa de gaxetas 4220<\/b><\/strong><\/p>\n<p>Esta gaxeta 4220 para m\u00e1quina de limpeza de tubula\u00e7\u00f5es com jato de \u00e1gua de ultra-alta press\u00e3o \u00e9 fabricada em a\u00e7o inoxid\u00e1vel de alta densidade. Oferecemos um ano de garantia para esta pe\u00e7a, assegurando a alta qualidade aos nossos clientes. A gaxeta 4220 \u00e9 compat\u00edvel com os modelos #8 e #9 da Jetstream 50306, e com os modelos #10 e #11 da Jetstream 52502.<\/p>\n<p>&nbsp;<\/p>\n<p><strong><b><img decoding=\"async\" class=\"aligncenter size-full wp-image-954 lazyload\" data-src=\"https:\/\/panwinjet.com\/wp-content\/uploads\/2025\/09\/4220-Manifold-Breakdown.png\" alt=\"\" width=\"936\" height=\"698\" data-srcset=\"https:\/\/panwinjet.com\/wp-content\/uploads\/2025\/09\/4220-Manifold-Breakdown.png 936w, https:\/\/panwinjet.com\/wp-content\/uploads\/2025\/09\/4220-Manifold-Breakdown-500x373.png 500w, https:\/\/panwinjet.com\/wp-content\/uploads\/2025\/09\/4220-Manifold-Breakdown-300x224.png 300w, https:\/\/panwinjet.com\/wp-content\/uploads\/2025\/09\/4220-Manifold-Breakdown-768x573.png 768w, https:\/\/panwinjet.com\/wp-content\/uploads\/2025\/09\/4220-Manifold-Breakdown-101x75.png 101w, https:\/\/panwinjet.com\/wp-content\/uploads\/2025\/09\/4220-Manifold-Breakdown-480x358.png 480w, https:\/\/panwinjet.com\/wp-content\/uploads\/2025\/09\/4220-Manifold-Breakdown-800x597.png 800w\" data-sizes=\"(max-width:767px) 480px, (max-width:936px) 100vw, 936px\" src=\"data:image\/svg+xml;base64,PHN2ZyB3aWR0aD0iMSIgaGVpZ2h0PSIxIiB4bWxucz0iaHR0cDovL3d3dy53My5vcmcvMjAwMC9zdmciPjwvc3ZnPg==\" style=\"--smush-placeholder-width: 936px; --smush-placeholder-aspect-ratio: 936\/698;\" \/>\u00a0Caracter\u00edsticas e aplica\u00e7\u00f5es de <\/b><\/strong><strong><b>Pe\u00e7as para m\u00e1quina de limpeza de dutos com jato de \u00e1gua de ultra-alta press\u00e3o: Caixa de gaxetas 4220<\/b><\/strong><\/p>\n<p>Para esta m\u00e1quina de limpeza de dutos com jato de \u00e1gua de ultra-alta press\u00e3o, a caixa de gaxetas 4220 \u00e9 uma pe\u00e7a importante para a bomba Jetstream 4220 com press\u00e3o nominal de 20.000 psi. Esta bomba \u00e9 a mais avan\u00e7ada em termos de simplicidade, facilidade de manuten\u00e7\u00e3o e versatilidade incompar\u00e1veis no projeto da extremidade do fluido. Esta caixa de gaxetas 4220 \u00e9 compat\u00edvel com as caixas de gaxetas #8 e #9, que por sua vez s\u00e3o compat\u00edveis com a bomba Jetstream 50306, e com as caixas de gaxetas #10 e #11, que por sua vez s\u00e3o compat\u00edveis com a bomba Jetstream 52502.<\/p>\n<p>As vantagens incluem:<\/p>\n<p>Servi\u00e7o f\u00e1cil: Substitui\u00e7\u00e3o da embalagem em poucos minutos<\/p>\n<p>Design minimalista: O cartucho da v\u00e1lvula Uni Valve inclui v\u00e1lvula de suc\u00e7\u00e3o e descarga, sede, etc., em uma \u00fanica pe\u00e7a.<\/p>\n<p>Versatilidade na convers\u00e3o: Conex\u00e3o vers\u00e1til com outras pe\u00e7as para economia de tempo.<\/p>\n<p>&nbsp;<\/p>\n<p><strong><b>Aplicativo:<\/b><\/strong><\/p>\n<p>A caixa de gaxetas 4220, pe\u00e7a da m\u00e1quina de limpeza por jato de \u00e1gua de ultra-alta press\u00e3o para dutos, \u00e9 um componente da bomba de pist\u00e3o triplex 4220. Esta potente bomba pode ser amplamente utilizada em trabalhos de limpeza por hidrojateamento, como limpeza de superf\u00edcies, limpeza de tubula\u00e7\u00f5es, limpeza de trocadores de calor, pintura a jato de \u00e1gua e remo\u00e7\u00e3o de ferrugem, entre outros.<\/p>","protected":false},"featured_media":957,"template":"","meta":[],"product_brand":[],"product_cat":[7],"product_tag":[],"class_list":{"0":"post-955","1":"product","2":"type-product","3":"status-publish","4":"has-post-thumbnail","6":"product_cat-jetstream-pump-fluid-end-compatibe-parts","8":"first","9":"instock","10":"shipping-taxable","11":"product-type-simple"},"yoast_head":"<!-- This site is optimized with the Yoast SEO plugin v24.9 - https:\/\/yoast.com\/wordpress\/plugins\/seo\/ -->\n<title>Pipeline Ultra-high Pressure Water Jet cleaning machine parts 4220 Stuffing Box - Panwin Machinery&amp;Equipment<\/title>\n<meta name=\"robots\" content=\"index, follow, max-snippet:-1, max-image-preview:large, max-video-preview:-1\" \/>\n<link rel=\"canonical\" href=\"https:\/\/panwinjet.com\/pt\/produto\/pipeline-ultra-high-pressure-water-jet-cleaning-machine-parts-4220-stuffing-box\/\" \/>\n<meta property=\"og:locale\" content=\"pt_PT\" \/>\n<meta property=\"og:type\" content=\"article\" \/>\n<meta property=\"og:title\" content=\"Pipeline Ultra-high Pressure Water Jet cleaning machine parts 4220 Stuffing Box - Panwin Machinery&amp;Equipment\" \/>\n<meta property=\"og:description\" content=\"Product Parameter (Specification) of Pipeline Ultra-high Pressure Water Jet cleaning machine parts 4220 Stuffing Box  This Pipeline Ultra-high Pressure Water Jet cleaning machine parts 4220 Stuffing Box\u00a0is made of\u00a0high-density Stainless Steel. This parts we have One-year warranty, ensure the high-quality to our customers\u00a0and This 4220 Stuffing Box is fit for #8#9 stuffing box compatible with Jetstream 50306, #10#11 stuffing box compatible with Jetstream 52502.  &nbsp;  \u00a0Feature And Application of Pipeline Ultra-high Pressure Water Jet cleaning machine parts 4220 Stuffing Box  For this Pipeline Ultra-high Pressure Water Jet cleaning machine parts 4220 Stuffing Box\u00a0it is important\u00a0Parts\u00a0for the Jetstream 4220 20Kpsi pressure rated\u00a0pump. This pump is most advanced\u00a0in term of the unparalleled simplicity, serviceability and versatility of fluid end design pump.This 4220 Stuffing Box is fit for #8#9 stuffing box compatible with Jetstream 50306, #10#11 stuffing box compatible with Jetstream 52502.  The advantage features:  Easy service: Few minute packing replace  simplicity design: Uni Valve cartridge include suction&amp;Discharge Valve,seat etc in ones.  Versatility in conversion: Versatile connection with other parts for time-saving.  &nbsp;  Application:  The Pipeline Ultra-high Pressure Water Jet cleaning machine parts 4220 Stuffing Box\u00a0is the parts of 4220 triplex plunger pump, this powerful pump can be used\u00a0widely in hydro Blasting cleaning jobs such as\u00a0surface cleaning, pipeline tubing cleaning, the heat-exchange cleaning,\u00a0Hydro\u00a0Painting &amp;Rust cleaning etc.\" \/>\n<meta property=\"og:url\" content=\"https:\/\/panwinjet.com\/pt\/produto\/pipeline-ultra-high-pressure-water-jet-cleaning-machine-parts-4220-stuffing-box\/\" \/>\n<meta property=\"og:site_name\" content=\"Panwin Machinery&amp;Equipment\" \/>\n<meta property=\"og:image\" content=\"https:\/\/panwinjet.com\/wp-content\/uploads\/2025\/09\/4220-Stuffing-Box-\u539f\u59cb\u56fe\u7247-2-scaled.jpg\" \/>\n\t<meta property=\"og:image:width\" content=\"2560\" \/>\n\t<meta property=\"og:image:height\" content=\"1920\" \/>\n\t<meta property=\"og:image:type\" content=\"image\/jpeg\" \/>\n<meta name=\"twitter:card\" content=\"summary_large_image\" \/>\n<meta name=\"twitter:label1\" content=\"Tempo estimado de leitura\" \/>\n\t<meta name=\"twitter:data1\" content=\"1 minuto\" \/>\n<script type=\"application\/ld+json\" class=\"yoast-schema-graph\">{\"@context\":\"https:\/\/schema.org\",\"@graph\":[{\"@type\":\"WebPage\",\"@id\":\"https:\/\/panwinjet.com\/product\/pipeline-ultra-high-pressure-water-jet-cleaning-machine-parts-4220-stuffing-box\/\",\"url\":\"https:\/\/panwinjet.com\/product\/pipeline-ultra-high-pressure-water-jet-cleaning-machine-parts-4220-stuffing-box\/\",\"name\":\"Pipeline Ultra-high Pressure Water Jet cleaning machine parts 4220 Stuffing Box - Panwin Machinery&amp;Equipment\",\"isPartOf\":{\"@id\":\"https:\/\/panwinjet.com\/#website\"},\"primaryImageOfPage\":{\"@id\":\"https:\/\/panwinjet.com\/product\/pipeline-ultra-high-pressure-water-jet-cleaning-machine-parts-4220-stuffing-box\/#primaryimage\"},\"image\":{\"@id\":\"https:\/\/panwinjet.com\/product\/pipeline-ultra-high-pressure-water-jet-cleaning-machine-parts-4220-stuffing-box\/#primaryimage\"},\"thumbnailUrl\":\"https:\/\/panwinjet.com\/wp-content\/uploads\/2025\/09\/4220-Stuffing-Box-\u539f\u59cb\u56fe\u7247-2-scaled.jpg\",\"datePublished\":\"2025-09-20T00:16:14+00:00\",\"breadcrumb\":{\"@id\":\"https:\/\/panwinjet.com\/product\/pipeline-ultra-high-pressure-water-jet-cleaning-machine-parts-4220-stuffing-box\/#breadcrumb\"},\"inLanguage\":\"pt-PT\",\"potentialAction\":[{\"@type\":\"ReadAction\",\"target\":[\"https:\/\/panwinjet.com\/product\/pipeline-ultra-high-pressure-water-jet-cleaning-machine-parts-4220-stuffing-box\/\"]}]},{\"@type\":\"ImageObject\",\"inLanguage\":\"pt-PT\",\"@id\":\"https:\/\/panwinjet.com\/product\/pipeline-ultra-high-pressure-water-jet-cleaning-machine-parts-4220-stuffing-box\/#primaryimage\",\"url\":\"https:\/\/panwinjet.com\/wp-content\/uploads\/2025\/09\/4220-Stuffing-Box-\u539f\u59cb\u56fe\u7247-2-scaled.jpg\",\"contentUrl\":\"https:\/\/panwinjet.com\/wp-content\/uploads\/2025\/09\/4220-Stuffing-Box-\u539f\u59cb\u56fe\u7247-2-scaled.jpg\",\"width\":2560,\"height\":1920},{\"@type\":\"BreadcrumbList\",\"@id\":\"https:\/\/panwinjet.com\/product\/pipeline-ultra-high-pressure-water-jet-cleaning-machine-parts-4220-stuffing-box\/#breadcrumb\",\"itemListElement\":[{\"@type\":\"ListItem\",\"position\":1,\"name\":\"\u9996\u9875\",\"item\":\"https:\/\/panwinjet.com\/\"},{\"@type\":\"ListItem\",\"position\":2,\"name\":\"PRODUCT\",\"item\":\"https:\/\/panwinjet.com\/product\/\"},{\"@type\":\"ListItem\",\"position\":3,\"name\":\"Pipeline Ultra-high Pressure Water Jet cleaning machine parts 4220 Stuffing Box\"}]},{\"@type\":\"WebSite\",\"@id\":\"https:\/\/panwinjet.com\/#website\",\"url\":\"https:\/\/panwinjet.com\/\",\"name\":\"Panwin Machinery&amp;Equipment\",\"description\":\"Shenzhen Panwin Machinery&amp;Equipment Co.Ltd\",\"potentialAction\":[{\"@type\":\"SearchAction\",\"target\":{\"@type\":\"EntryPoint\",\"urlTemplate\":\"https:\/\/panwinjet.com\/?s={search_term_string}\"},\"query-input\":{\"@type\":\"PropertyValueSpecification\",\"valueRequired\":true,\"valueName\":\"search_term_string\"}}],\"inLanguage\":\"pt-PT\"}]}<\/script>\n<!-- \/ Yoast SEO plugin. -->","yoast_head_json":{"title":"Pipeline Ultra-high Pressure Water Jet cleaning machine parts 4220 Stuffing Box - Panwin Machinery&amp;Equipment","robots":{"index":"index","follow":"follow","max-snippet":"max-snippet:-1","max-image-preview":"max-image-preview:large","max-video-preview":"max-video-preview:-1"},"canonical":"https:\/\/panwinjet.com\/pt\/produto\/pipeline-ultra-high-pressure-water-jet-cleaning-machine-parts-4220-stuffing-box\/","og_locale":"pt_PT","og_type":"article","og_title":"Pipeline Ultra-high Pressure Water Jet cleaning machine parts 4220 Stuffing Box - Panwin Machinery&amp;Equipment","og_description":"Product Parameter (Specification) of Pipeline Ultra-high Pressure Water Jet cleaning machine parts 4220 Stuffing Box  This Pipeline Ultra-high Pressure Water Jet cleaning machine parts 4220 Stuffing Box\u00a0is made of\u00a0high-density Stainless Steel. This parts we have One-year warranty, ensure the high-quality to our customers\u00a0and This 4220 Stuffing Box is fit for #8#9 stuffing box compatible with Jetstream 50306, #10#11 stuffing box compatible with Jetstream 52502.  &nbsp;  \u00a0Feature And Application of Pipeline Ultra-high Pressure Water Jet cleaning machine parts 4220 Stuffing Box  For this Pipeline Ultra-high Pressure Water Jet cleaning machine parts 4220 Stuffing Box\u00a0it is important\u00a0Parts\u00a0for the Jetstream 4220 20Kpsi pressure rated\u00a0pump. This pump is most advanced\u00a0in term of the unparalleled simplicity, serviceability and versatility of fluid end design pump.This 4220 Stuffing Box is fit for #8#9 stuffing box compatible with Jetstream 50306, #10#11 stuffing box compatible with Jetstream 52502.  The advantage features:  Easy service: Few minute packing replace  simplicity design: Uni Valve cartridge include suction&amp;Discharge Valve,seat etc in ones.  Versatility in conversion: Versatile connection with other parts for time-saving.  &nbsp;  Application:  The Pipeline Ultra-high Pressure Water Jet cleaning machine parts 4220 Stuffing Box\u00a0is the parts of 4220 triplex plunger pump, this powerful pump can be used\u00a0widely in hydro Blasting cleaning jobs such as\u00a0surface cleaning, pipeline tubing cleaning, the heat-exchange cleaning,\u00a0Hydro\u00a0Painting &amp;Rust cleaning etc.","og_url":"https:\/\/panwinjet.com\/pt\/produto\/pipeline-ultra-high-pressure-water-jet-cleaning-machine-parts-4220-stuffing-box\/","og_site_name":"Panwin Machinery&amp;Equipment","og_image":[{"width":2560,"height":1920,"url":"https:\/\/panwinjet.com\/wp-content\/uploads\/2025\/09\/4220-Stuffing-Box-\u539f\u59cb\u56fe\u7247-2-scaled.jpg","type":"image\/jpeg"}],"twitter_card":"summary_large_image","twitter_misc":{"Tempo estimado de leitura":"1 minuto"},"schema":{"@context":"https:\/\/schema.org","@graph":[{"@type":"WebPage","@id":"https:\/\/panwinjet.com\/product\/pipeline-ultra-high-pressure-water-jet-cleaning-machine-parts-4220-stuffing-box\/","url":"https:\/\/panwinjet.com\/product\/pipeline-ultra-high-pressure-water-jet-cleaning-machine-parts-4220-stuffing-box\/","name":"Pipeline Ultra-high Pressure Water Jet cleaning machine parts 4220 Stuffing Box - Panwin Machinery&amp;Equipment","isPartOf":{"@id":"https:\/\/panwinjet.com\/#website"},"primaryImageOfPage":{"@id":"https:\/\/panwinjet.com\/product\/pipeline-ultra-high-pressure-water-jet-cleaning-machine-parts-4220-stuffing-box\/#primaryimage"},"image":{"@id":"https:\/\/panwinjet.com\/product\/pipeline-ultra-high-pressure-water-jet-cleaning-machine-parts-4220-stuffing-box\/#primaryimage"},"thumbnailUrl":"https:\/\/panwinjet.com\/wp-content\/uploads\/2025\/09\/4220-Stuffing-Box-\u539f\u59cb\u56fe\u7247-2-scaled.jpg","datePublished":"2025-09-20T00:16:14+00:00","breadcrumb":{"@id":"https:\/\/panwinjet.com\/product\/pipeline-ultra-high-pressure-water-jet-cleaning-machine-parts-4220-stuffing-box\/#breadcrumb"},"inLanguage":"pt-PT","potentialAction":[{"@type":"ReadAction","target":["https:\/\/panwinjet.com\/product\/pipeline-ultra-high-pressure-water-jet-cleaning-machine-parts-4220-stuffing-box\/"]}]},{"@type":"ImageObject","inLanguage":"pt-PT","@id":"https:\/\/panwinjet.com\/product\/pipeline-ultra-high-pressure-water-jet-cleaning-machine-parts-4220-stuffing-box\/#primaryimage","url":"https:\/\/panwinjet.com\/wp-content\/uploads\/2025\/09\/4220-Stuffing-Box-\u539f\u59cb\u56fe\u7247-2-scaled.jpg","contentUrl":"https:\/\/panwinjet.com\/wp-content\/uploads\/2025\/09\/4220-Stuffing-Box-\u539f\u59cb\u56fe\u7247-2-scaled.jpg","width":2560,"height":1920},{"@type":"BreadcrumbList","@id":"https:\/\/panwinjet.com\/product\/pipeline-ultra-high-pressure-water-jet-cleaning-machine-parts-4220-stuffing-box\/#breadcrumb","itemListElement":[{"@type":"ListItem","position":1,"name":"\u9996\u9875","item":"https:\/\/panwinjet.com\/"},{"@type":"ListItem","position":2,"name":"PRODUCT","item":"https:\/\/panwinjet.com\/product\/"},{"@type":"ListItem","position":3,"name":"Pipeline Ultra-high Pressure Water Jet cleaning machine parts 4220 Stuffing Box"}]},{"@type":"WebSite","@id":"https:\/\/panwinjet.com\/#website","url":"https:\/\/panwinjet.com\/","name":"Panwin Machinery&amp;Equipment","description":"Shenzhen Panwin Machinery&amp;Equipment Co.Ltd","potentialAction":[{"@type":"SearchAction","target":{"@type":"EntryPoint","urlTemplate":"https:\/\/panwinjet.com\/?s={search_term_string}"},"query-input":{"@type":"PropertyValueSpecification","valueRequired":true,"valueName":"search_term_string"}}],"inLanguage":"pt-PT"}]}},"_links":{"self":[{"href":"https:\/\/panwinjet.com\/pt\/wp-json\/wp\/v2\/product\/955","targetHints":{"allow":["GET"]}}],"collection":[{"href":"https:\/\/panwinjet.com\/pt\/wp-json\/wp\/v2\/product"}],"about":[{"href":"https:\/\/panwinjet.com\/pt\/wp-json\/wp\/v2\/types\/product"}],"wp:featuredmedia":[{"embeddable":true,"href":"https:\/\/panwinjet.com\/pt\/wp-json\/wp\/v2\/media\/957"}],"wp:attachment":[{"href":"https:\/\/panwinjet.com\/pt\/wp-json\/wp\/v2\/media?parent=955"}],"wp:term":[{"taxonomy":"product_brand","embeddable":true,"href":"https:\/\/panwinjet.com\/pt\/wp-json\/wp\/v2\/product_brand?post=955"},{"taxonomy":"product_cat","embeddable":true,"href":"https:\/\/panwinjet.com\/pt\/wp-json\/wp\/v2\/product_cat?post=955"},{"taxonomy":"product_tag","embeddable":true,"href":"https:\/\/panwinjet.com\/pt\/wp-json\/wp\/v2\/product_tag?post=955"}],"curies":[{"name":"wp","href":"https:\/\/api.w.org\/{rel}","templated":true}]}}