{"id":946,"date":"2025-09-20T00:10:12","date_gmt":"2025-09-20T00:10:12","guid":{"rendered":"https:\/\/panwinjet.com\/?post_type=product&#038;p=946"},"modified":"2025-09-20T00:10:12","modified_gmt":"2025-09-20T00:10:12","slug":"20000psi-hydro-jet-surface-cleaning-machine-parts-4220-manifold","status":"publish","type":"product","link":"https:\/\/panwinjet.com\/pt\/produto\/20000psi-hydro-jet-surface-cleaning-machine-parts-4220-manifold\/","title":{"rendered":"Coletor para m\u00e1quina de limpeza de superf\u00edcies com hidrojato de 20000 psi - 4220"},"content":{"rendered":"<p><strong><b>Apresenta\u00e7\u00e3o do produto <\/b><\/strong><strong><b>Coletor para m\u00e1quina de limpeza de superf\u00edcies com hidrojato de 20000 psi - 4220<\/b><\/strong><\/p>\n<p>O coletor 4220 da m\u00e1quina de limpeza de superf\u00edcies Hydro Jet de 20.000 psi \u00e9 um componente importante da bomba de fluido Jetstream com press\u00e3o nominal de 20.000 psi. Esta bomba tem pot\u00eancia de entrada de 190 a 325 cavalos (142 a 252 kW) e se destaca por sua durabilidade, versatilidade para diversas tarefas de limpeza e confiabilidade. \u00c9 compat\u00edvel com o modelo Jetstream 51818.<\/p>\n<p><strong><b>\u00a0<\/b><\/strong><\/p>\n<p><strong><b>Par\u00e2metro do produto (especifica\u00e7\u00e3o) de <\/b><\/strong><strong><b>Coletor para m\u00e1quina de limpeza de superf\u00edcies com hidrojato de 20000 psi - 4220<\/b><\/strong><\/p>\n<p>O coletor 4220 da m\u00e1quina de limpeza de superf\u00edcies Hydro Jet de 20.000 psi \u00e9 uma pe\u00e7a fundamental da bomba de press\u00e3o de 20 psi. Esta bomba avan\u00e7ada, com press\u00e3o nominal de 20.000 psi, oferece desempenho incompar\u00e1vel nessa faixa de press\u00e3o. Al\u00e9m disso, \u00e9 compat\u00edvel com o modelo Jetstream 51818.<\/p>","protected":false},"excerpt":{"rendered":"<p><strong><b>3. Caracter\u00edsticas e aplica\u00e7\u00f5es do produto <\/b><\/strong><strong><b>Coletor para m\u00e1quina de limpeza de superf\u00edcies com hidrojato de 20000 psi - 4220<\/b><\/strong><\/p>\n<p>O coletor 4220 da m\u00e1quina de limpeza de superf\u00edcies Hydro Jet de 20.000 psi \u00e9 fabricado em material robusto e possui amortecedor de pulsa\u00e7\u00e3o integrado e design articulado para facilitar a manuten\u00e7\u00e3o. Em geral, apresenta as caracter\u00edsticas avan\u00e7adas mencionadas.<\/p>\n<p>As vantagens do Manifold incluem:<\/p>\n<p>A: Amortecedor de pulsa\u00e7\u00e3o integrado ao coletor<\/p>\n<p>B: O coletor \u00e9 usinado com precis\u00e3o a partir de a\u00e7o inoxid\u00e1vel de alta qualidade.<\/p>\n<p>C: Coletor basculante para facilitar a conex\u00e3o \u00e0s pe\u00e7as<img decoding=\"async\" class=\"aligncenter size-full wp-image-954 lazyload\" data-src=\"https:\/\/panwinjet.com\/wp-content\/uploads\/2025\/09\/4220-Manifold-Breakdown.png\" alt=\"\" width=\"936\" height=\"698\" data-srcset=\"https:\/\/panwinjet.com\/wp-content\/uploads\/2025\/09\/4220-Manifold-Breakdown.png 936w, https:\/\/panwinjet.com\/wp-content\/uploads\/2025\/09\/4220-Manifold-Breakdown-500x373.png 500w, https:\/\/panwinjet.com\/wp-content\/uploads\/2025\/09\/4220-Manifold-Breakdown-300x224.png 300w, https:\/\/panwinjet.com\/wp-content\/uploads\/2025\/09\/4220-Manifold-Breakdown-768x573.png 768w, https:\/\/panwinjet.com\/wp-content\/uploads\/2025\/09\/4220-Manifold-Breakdown-101x75.png 101w, https:\/\/panwinjet.com\/wp-content\/uploads\/2025\/09\/4220-Manifold-Breakdown-480x358.png 480w, https:\/\/panwinjet.com\/wp-content\/uploads\/2025\/09\/4220-Manifold-Breakdown-800x597.png 800w\" data-sizes=\"(max-width:767px) 480px, (max-width:936px) 100vw, 936px\" src=\"data:image\/svg+xml;base64,PHN2ZyB3aWR0aD0iMSIgaGVpZ2h0PSIxIiB4bWxucz0iaHR0cDovL3d3dy53My5vcmcvMjAwMC9zdmciPjwvc3ZnPg==\" style=\"--smush-placeholder-width: 936px; --smush-placeholder-aspect-ratio: 936\/698;\" \/><\/p>\n<p><strong><b>Aplicativo:<\/b><\/strong><\/p>\n<p>Pe\u00e7as para equipamentos de limpeza com bomba de pist\u00e3o triplex UHP 3000Bar, Rob\u00f4 para prepara\u00e7\u00e3o de superf\u00edcie em estaleiros para barra de pulveriza\u00e7\u00e3o Hammelmann<\/p>\n<p>Jateamento a jato de \u00e1gua para a ind\u00fastria de ferro, a\u00e7o e metal<\/p>\n<p>Jateadora de \u00e1gua de alta press\u00e3o - Engenharia Mec\u00e2nica e de Aparelhos<\/p>\n<p>Ind\u00fastria de cimento e concreto<\/p>\n<p>Barracuda de alta press\u00e3o para limpeza de superf\u00edcies<\/p>\n<p>Pe\u00e7as para equipamentos de limpeza UHP Hydro Jet<\/p>\n<p>Barras de pulveriza\u00e7\u00e3o para limpeza industrial<\/p>\n<p>M\u00e1quina de hidrojateamento para a ind\u00fastria de refino de petr\u00f3leo<\/p>\n<p>Limpeza de superf\u00edcies com hidrojato, limpeza de tanques e embarca\u00e7\u00f5es,<\/p>\n<p>Limpeza do trocador de calor,<\/p>\n<p>Limpeza de pintura automotiva, limpeza da ind\u00fastria de minera\u00e7\u00e3o, limpeza de f\u00e1bricas de a\u00e7o, etc.<\/p>\n<p>Equipamento de limpeza de esgoto de alta press\u00e3o para redes de tubula\u00e7\u00e3o municipais de abastecimento de \u00e1gua e esgoto;<\/p>\n<p>&nbsp;<\/p>\n<p><strong><b>\u00a0<\/b><\/strong><\/p>\n<p><strong><b>Detalhes do produto<\/b><\/strong><strong><b>\u00a0<\/b><\/strong><strong><b>Coletor para m\u00e1quina de limpeza de superf\u00edcies com hidrojato de 20000 psi - 4220<\/b><\/strong><\/p>\n<p>Este coletor 4220 para m\u00e1quina de limpeza de superf\u00edcies com hidrojato de 20000 psi possui fun\u00e7\u00e3o de amortecimento de pulsa\u00e7\u00e3o integrada e \u00e9 fabricado em a\u00e7o inoxid\u00e1vel de alta qualidade.<\/p>\n<p>Desmontar\u00edamos as pe\u00e7as da bomba para analisar seu design avan\u00e7ado.<\/p>","protected":false},"featured_media":947,"template":"","meta":[],"product_brand":[],"product_cat":[7],"product_tag":[],"class_list":{"0":"post-946","1":"product","2":"type-product","3":"status-publish","4":"has-post-thumbnail","6":"product_cat-jetstream-pump-fluid-end-compatibe-parts","8":"first","9":"instock","10":"shipping-taxable","11":"product-type-simple"},"yoast_head":"<!-- This site is optimized with the Yoast SEO plugin v24.9 - https:\/\/yoast.com\/wordpress\/plugins\/seo\/ -->\n<title>20000psi Hydro Jet Surface cleaning machine parts 4220 Manifold - Panwin Machinery&amp;Equipment<\/title>\n<meta name=\"robots\" content=\"index, follow, max-snippet:-1, max-image-preview:large, max-video-preview:-1\" \/>\n<link rel=\"canonical\" href=\"https:\/\/panwinjet.com\/pt\/produto\/20000psi-hydro-jet-surface-cleaning-machine-parts-4220-manifold\/\" \/>\n<meta property=\"og:locale\" content=\"pt_PT\" \/>\n<meta property=\"og:type\" content=\"article\" \/>\n<meta property=\"og:title\" content=\"20000psi Hydro Jet Surface cleaning machine parts 4220 Manifold - Panwin Machinery&amp;Equipment\" \/>\n<meta property=\"og:description\" content=\"3.Product Feature And Application of 20000psi Hydro Jet Surface cleaning machine parts 4220 Manifold  The 20000psi Hydro Jet Surface cleaning machine parts 4220 Manifold\u00a0is made from the heavy-duty, and it is built-in Pulsation dampener and Swing-down design for easy service. In Generally the advanced features mentioned.  The Manifold advantage features:  A:Pulsation dampener built in to manifold  B:The manifold precision machined from high-grade SST  C:Swing-down manifold for easy connect to parts  Application:  UHP 3000Bar UHP triplex plunger pump cleaning equipment parts Shipyard Surface preparation Robot for \u00a0Hammelmann Spraying Bar  Hydro Jet blaster Iron, Steel And Metal Industry  high pressure waterblaster\u00a0Mechanical\u00a0and Apparatus Engineering  Cements and Concrete Industry  high pressure barracuda\u00a0Surface cleaning  UHP hydro Jet cleaning equipment parts  Industrial Cleaning Spray Bars  hydro blasting machine\u00a0for petroleum refining industry  Hydro Jet Surface Cleaning,Tank&amp;Vessel Cleaning,  Heat Exchange Cleaning,  Automotive Painting cleaning Mining industry cleaning Steel manufacture cleaning etc.  High pressure sewer cleaning equipment\u00a0for municipal pipe networks\u00a0water supply and drainage pipelines;  &nbsp;  \u00a0  Product Details of\u00a020000psi Hydro Jet Surface cleaning machine parts 4220 Manifold  This 20000psi Hydro Jet Surface cleaning machine parts 4220 Manifold\u00a0have the Pulsation dampener built-in function and is made of the high-grade SST.  We would break down the pump parts to see it advanced design.\" \/>\n<meta property=\"og:url\" content=\"https:\/\/panwinjet.com\/pt\/produto\/20000psi-hydro-jet-surface-cleaning-machine-parts-4220-manifold\/\" \/>\n<meta property=\"og:site_name\" content=\"Panwin Machinery&amp;Equipment\" \/>\n<meta property=\"og:image\" content=\"https:\/\/panwinjet.com\/wp-content\/uploads\/2025\/09\/4220-Manifold-\u539f\u59cb\u56fe\u7247-1-scaled.jpg\" \/>\n\t<meta property=\"og:image:width\" content=\"2560\" \/>\n\t<meta property=\"og:image:height\" content=\"1920\" \/>\n\t<meta property=\"og:image:type\" content=\"image\/jpeg\" \/>\n<meta name=\"twitter:card\" content=\"summary_large_image\" \/>\n<meta name=\"twitter:label1\" content=\"Tempo estimado de leitura\" \/>\n\t<meta name=\"twitter:data1\" content=\"1 minuto\" \/>\n<script type=\"application\/ld+json\" class=\"yoast-schema-graph\">{\"@context\":\"https:\/\/schema.org\",\"@graph\":[{\"@type\":\"WebPage\",\"@id\":\"https:\/\/panwinjet.com\/product\/20000psi-hydro-jet-surface-cleaning-machine-parts-4220-manifold\/\",\"url\":\"https:\/\/panwinjet.com\/product\/20000psi-hydro-jet-surface-cleaning-machine-parts-4220-manifold\/\",\"name\":\"20000psi Hydro Jet Surface cleaning machine parts 4220 Manifold - Panwin Machinery&amp;Equipment\",\"isPartOf\":{\"@id\":\"https:\/\/panwinjet.com\/#website\"},\"primaryImageOfPage\":{\"@id\":\"https:\/\/panwinjet.com\/product\/20000psi-hydro-jet-surface-cleaning-machine-parts-4220-manifold\/#primaryimage\"},\"image\":{\"@id\":\"https:\/\/panwinjet.com\/product\/20000psi-hydro-jet-surface-cleaning-machine-parts-4220-manifold\/#primaryimage\"},\"thumbnailUrl\":\"https:\/\/panwinjet.com\/wp-content\/uploads\/2025\/09\/4220-Manifold-\u539f\u59cb\u56fe\u7247-1-scaled.jpg\",\"datePublished\":\"2025-09-20T00:10:12+00:00\",\"breadcrumb\":{\"@id\":\"https:\/\/panwinjet.com\/product\/20000psi-hydro-jet-surface-cleaning-machine-parts-4220-manifold\/#breadcrumb\"},\"inLanguage\":\"pt-PT\",\"potentialAction\":[{\"@type\":\"ReadAction\",\"target\":[\"https:\/\/panwinjet.com\/product\/20000psi-hydro-jet-surface-cleaning-machine-parts-4220-manifold\/\"]}]},{\"@type\":\"ImageObject\",\"inLanguage\":\"pt-PT\",\"@id\":\"https:\/\/panwinjet.com\/product\/20000psi-hydro-jet-surface-cleaning-machine-parts-4220-manifold\/#primaryimage\",\"url\":\"https:\/\/panwinjet.com\/wp-content\/uploads\/2025\/09\/4220-Manifold-\u539f\u59cb\u56fe\u7247-1-scaled.jpg\",\"contentUrl\":\"https:\/\/panwinjet.com\/wp-content\/uploads\/2025\/09\/4220-Manifold-\u539f\u59cb\u56fe\u7247-1-scaled.jpg\",\"width\":2560,\"height\":1920},{\"@type\":\"BreadcrumbList\",\"@id\":\"https:\/\/panwinjet.com\/product\/20000psi-hydro-jet-surface-cleaning-machine-parts-4220-manifold\/#breadcrumb\",\"itemListElement\":[{\"@type\":\"ListItem\",\"position\":1,\"name\":\"\u9996\u9875\",\"item\":\"https:\/\/panwinjet.com\/\"},{\"@type\":\"ListItem\",\"position\":2,\"name\":\"PRODUCT\",\"item\":\"https:\/\/panwinjet.com\/product\/\"},{\"@type\":\"ListItem\",\"position\":3,\"name\":\"20000psi Hydro Jet Surface cleaning machine parts 4220 Manifold\"}]},{\"@type\":\"WebSite\",\"@id\":\"https:\/\/panwinjet.com\/#website\",\"url\":\"https:\/\/panwinjet.com\/\",\"name\":\"Panwin Machinery&amp;Equipment\",\"description\":\"Shenzhen Panwin Machinery&amp;Equipment Co.Ltd\",\"potentialAction\":[{\"@type\":\"SearchAction\",\"target\":{\"@type\":\"EntryPoint\",\"urlTemplate\":\"https:\/\/panwinjet.com\/?s={search_term_string}\"},\"query-input\":{\"@type\":\"PropertyValueSpecification\",\"valueRequired\":true,\"valueName\":\"search_term_string\"}}],\"inLanguage\":\"pt-PT\"}]}<\/script>\n<!-- \/ Yoast SEO plugin. -->","yoast_head_json":{"title":"20000psi Hydro Jet Surface cleaning machine parts 4220 Manifold - Panwin Machinery&amp;Equipment","robots":{"index":"index","follow":"follow","max-snippet":"max-snippet:-1","max-image-preview":"max-image-preview:large","max-video-preview":"max-video-preview:-1"},"canonical":"https:\/\/panwinjet.com\/pt\/produto\/20000psi-hydro-jet-surface-cleaning-machine-parts-4220-manifold\/","og_locale":"pt_PT","og_type":"article","og_title":"20000psi Hydro Jet Surface cleaning machine parts 4220 Manifold - Panwin Machinery&amp;Equipment","og_description":"3.Product Feature And Application of 20000psi Hydro Jet Surface cleaning machine parts 4220 Manifold  The 20000psi Hydro Jet Surface cleaning machine parts 4220 Manifold\u00a0is made from the heavy-duty, and it is built-in Pulsation dampener and Swing-down design for easy service. In Generally the advanced features mentioned.  The Manifold advantage features:  A:Pulsation dampener built in to manifold  B:The manifold precision machined from high-grade SST  C:Swing-down manifold for easy connect to parts  Application:  UHP 3000Bar UHP triplex plunger pump cleaning equipment parts Shipyard Surface preparation Robot for \u00a0Hammelmann Spraying Bar  Hydro Jet blaster Iron, Steel And Metal Industry  high pressure waterblaster\u00a0Mechanical\u00a0and Apparatus Engineering  Cements and Concrete Industry  high pressure barracuda\u00a0Surface cleaning  UHP hydro Jet cleaning equipment parts  Industrial Cleaning Spray Bars  hydro blasting machine\u00a0for petroleum refining industry  Hydro Jet Surface Cleaning,Tank&amp;Vessel Cleaning,  Heat Exchange Cleaning,  Automotive Painting cleaning Mining industry cleaning Steel manufacture cleaning etc.  High pressure sewer cleaning equipment\u00a0for municipal pipe networks\u00a0water supply and drainage pipelines;  &nbsp;  \u00a0  Product Details of\u00a020000psi Hydro Jet Surface cleaning machine parts 4220 Manifold  This 20000psi Hydro Jet Surface cleaning machine parts 4220 Manifold\u00a0have the Pulsation dampener built-in function and is made of the high-grade SST.  We would break down the pump parts to see it advanced design.","og_url":"https:\/\/panwinjet.com\/pt\/produto\/20000psi-hydro-jet-surface-cleaning-machine-parts-4220-manifold\/","og_site_name":"Panwin Machinery&amp;Equipment","og_image":[{"width":2560,"height":1920,"url":"https:\/\/panwinjet.com\/wp-content\/uploads\/2025\/09\/4220-Manifold-\u539f\u59cb\u56fe\u7247-1-scaled.jpg","type":"image\/jpeg"}],"twitter_card":"summary_large_image","twitter_misc":{"Tempo estimado de leitura":"1 minuto"},"schema":{"@context":"https:\/\/schema.org","@graph":[{"@type":"WebPage","@id":"https:\/\/panwinjet.com\/product\/20000psi-hydro-jet-surface-cleaning-machine-parts-4220-manifold\/","url":"https:\/\/panwinjet.com\/product\/20000psi-hydro-jet-surface-cleaning-machine-parts-4220-manifold\/","name":"20000psi Hydro Jet Surface cleaning machine parts 4220 Manifold - Panwin Machinery&amp;Equipment","isPartOf":{"@id":"https:\/\/panwinjet.com\/#website"},"primaryImageOfPage":{"@id":"https:\/\/panwinjet.com\/product\/20000psi-hydro-jet-surface-cleaning-machine-parts-4220-manifold\/#primaryimage"},"image":{"@id":"https:\/\/panwinjet.com\/product\/20000psi-hydro-jet-surface-cleaning-machine-parts-4220-manifold\/#primaryimage"},"thumbnailUrl":"https:\/\/panwinjet.com\/wp-content\/uploads\/2025\/09\/4220-Manifold-\u539f\u59cb\u56fe\u7247-1-scaled.jpg","datePublished":"2025-09-20T00:10:12+00:00","breadcrumb":{"@id":"https:\/\/panwinjet.com\/product\/20000psi-hydro-jet-surface-cleaning-machine-parts-4220-manifold\/#breadcrumb"},"inLanguage":"pt-PT","potentialAction":[{"@type":"ReadAction","target":["https:\/\/panwinjet.com\/product\/20000psi-hydro-jet-surface-cleaning-machine-parts-4220-manifold\/"]}]},{"@type":"ImageObject","inLanguage":"pt-PT","@id":"https:\/\/panwinjet.com\/product\/20000psi-hydro-jet-surface-cleaning-machine-parts-4220-manifold\/#primaryimage","url":"https:\/\/panwinjet.com\/wp-content\/uploads\/2025\/09\/4220-Manifold-\u539f\u59cb\u56fe\u7247-1-scaled.jpg","contentUrl":"https:\/\/panwinjet.com\/wp-content\/uploads\/2025\/09\/4220-Manifold-\u539f\u59cb\u56fe\u7247-1-scaled.jpg","width":2560,"height":1920},{"@type":"BreadcrumbList","@id":"https:\/\/panwinjet.com\/product\/20000psi-hydro-jet-surface-cleaning-machine-parts-4220-manifold\/#breadcrumb","itemListElement":[{"@type":"ListItem","position":1,"name":"\u9996\u9875","item":"https:\/\/panwinjet.com\/"},{"@type":"ListItem","position":2,"name":"PRODUCT","item":"https:\/\/panwinjet.com\/product\/"},{"@type":"ListItem","position":3,"name":"20000psi Hydro Jet Surface cleaning machine parts 4220 Manifold"}]},{"@type":"WebSite","@id":"https:\/\/panwinjet.com\/#website","url":"https:\/\/panwinjet.com\/","name":"Panwin Machinery&amp;Equipment","description":"Shenzhen Panwin Machinery&amp;Equipment Co.Ltd","potentialAction":[{"@type":"SearchAction","target":{"@type":"EntryPoint","urlTemplate":"https:\/\/panwinjet.com\/?s={search_term_string}"},"query-input":{"@type":"PropertyValueSpecification","valueRequired":true,"valueName":"search_term_string"}}],"inLanguage":"pt-PT"}]}},"_links":{"self":[{"href":"https:\/\/panwinjet.com\/pt\/wp-json\/wp\/v2\/product\/946","targetHints":{"allow":["GET"]}}],"collection":[{"href":"https:\/\/panwinjet.com\/pt\/wp-json\/wp\/v2\/product"}],"about":[{"href":"https:\/\/panwinjet.com\/pt\/wp-json\/wp\/v2\/types\/product"}],"wp:featuredmedia":[{"embeddable":true,"href":"https:\/\/panwinjet.com\/pt\/wp-json\/wp\/v2\/media\/947"}],"wp:attachment":[{"href":"https:\/\/panwinjet.com\/pt\/wp-json\/wp\/v2\/media?parent=946"}],"wp:term":[{"taxonomy":"product_brand","embeddable":true,"href":"https:\/\/panwinjet.com\/pt\/wp-json\/wp\/v2\/product_brand?post=946"},{"taxonomy":"product_cat","embeddable":true,"href":"https:\/\/panwinjet.com\/pt\/wp-json\/wp\/v2\/product_cat?post=946"},{"taxonomy":"product_tag","embeddable":true,"href":"https:\/\/panwinjet.com\/pt\/wp-json\/wp\/v2\/product_tag?post=946"}],"curies":[{"name":"wp","href":"https:\/\/api.w.org\/{rel}","templated":true}]}}