{"id":933,"date":"2025-09-19T16:30:16","date_gmt":"2025-09-19T16:30:16","guid":{"rendered":"https:\/\/panwinjet.com\/?post_type=product&#038;p=933"},"modified":"2025-09-21T13:32:01","modified_gmt":"2025-09-21T13:32:01","slug":"3000bar-uhp-triple-plunge-pump-hydro-jetting-water-blasting-cleaning-aluminum-concrete-formwork-rotary-nozzle","status":"publish","type":"product","link":"https:\/\/panwinjet.com\/pt\/produto\/3000bar-uhp-triple-plunge-pump-hydro-jetting-water-blasting-cleaning-aluminum-concrete-formwork-rotary-nozzle\/","title":{"rendered":"Bomba de imers\u00e3o tripla UHP de 3000 bar para hidrojateamento, limpeza com jato de \u00e1gua e f\u00f4rmas de concreto e alum\u00ednio. Bocal rotativo."},"content":{"rendered":"<p><strong><b>Bomba de imers\u00e3o tripla UHP de 3000 bar para hidrojateamento, limpeza com jato de \u00e1gua e f\u00f4rmas de concreto e alum\u00ednio. Bocal rotativo.<\/b><\/strong><\/p>\n<p><strong><b>1. Introdu\u00e7\u00e3o do produto <\/b><\/strong>Bomba de imers\u00e3o tripla UHP de 3000 bar para hidrojateamento, limpeza com jato de \u00e1gua e f\u00f4rmas de concreto e alum\u00ednio. Bocal rotativo.<\/p>\n<p>Esta bomba de hidrojateamento de imers\u00e3o tripla UHP de 3000 bar para limpeza de f\u00f4rmas de concreto e alum\u00ednio com bocal rotativo \u00e9 uma combina\u00e7\u00e3o de 6 bocais rotativos de alta press\u00e3o, que oferece aplica\u00e7\u00e3o flex\u00edvel, alta variabilidade e a possibilidade de alterar o comprimento da haste de conex\u00e3o central de acordo com o tamanho da \u00e1rea a ser limpa.<\/p>\n<p>&nbsp;<\/p>\n<p>&nbsp;<\/p>\n<p>&nbsp;<\/p>\n<p><img decoding=\"async\" class=\"aligncenter size-full wp-image-934 lazyload\" data-src=\"https:\/\/panwinjet.com\/wp-content\/uploads\/2025\/09\/2-10.png\" alt=\"\" width=\"610\" height=\"543\" data-srcset=\"https:\/\/panwinjet.com\/wp-content\/uploads\/2025\/09\/2-10.png 610w, https:\/\/panwinjet.com\/wp-content\/uploads\/2025\/09\/2-10-500x445.png 500w, https:\/\/panwinjet.com\/wp-content\/uploads\/2025\/09\/2-10-300x267.png 300w, https:\/\/panwinjet.com\/wp-content\/uploads\/2025\/09\/2-10-84x75.png 84w, https:\/\/panwinjet.com\/wp-content\/uploads\/2025\/09\/2-10-480x427.png 480w\" data-sizes=\"(max-width:767px) 480px, 610px\" src=\"data:image\/svg+xml;base64,PHN2ZyB3aWR0aD0iMSIgaGVpZ2h0PSIxIiB4bWxucz0iaHR0cDovL3d3dy53My5vcmcvMjAwMC9zdmciPjwvc3ZnPg==\" style=\"--smush-placeholder-width: 610px; --smush-placeholder-aspect-ratio: 610\/543;\" \/> <img decoding=\"async\" class=\"aligncenter size-full wp-image-936 lazyload\" data-src=\"https:\/\/panwinjet.com\/wp-content\/uploads\/2025\/09\/\u516b\u722a\u9c7c\u55b7\u59345.jpg\" alt=\"\" width=\"1279\" height=\"1706\" data-srcset=\"https:\/\/panwinjet.com\/wp-content\/uploads\/2025\/09\/\u516b\u722a\u9c7c\u55b7\u59345.jpg 1279w, https:\/\/panwinjet.com\/wp-content\/uploads\/2025\/09\/\u516b\u722a\u9c7c\u55b7\u59345-375x500.jpg 375w, https:\/\/panwinjet.com\/wp-content\/uploads\/2025\/09\/\u516b\u722a\u9c7c\u55b7\u59345-900x1200.jpg 900w, https:\/\/panwinjet.com\/wp-content\/uploads\/2025\/09\/\u516b\u722a\u9c7c\u55b7\u59345-225x300.jpg 225w, https:\/\/panwinjet.com\/wp-content\/uploads\/2025\/09\/\u516b\u722a\u9c7c\u55b7\u59345-768x1024.jpg 768w, https:\/\/panwinjet.com\/wp-content\/uploads\/2025\/09\/\u516b\u722a\u9c7c\u55b7\u59345-1152x1536.jpg 1152w, https:\/\/panwinjet.com\/wp-content\/uploads\/2025\/09\/\u516b\u722a\u9c7c\u55b7\u59345-56x75.jpg 56w, https:\/\/panwinjet.com\/wp-content\/uploads\/2025\/09\/\u516b\u722a\u9c7c\u55b7\u59345-480x640.jpg 480w, https:\/\/panwinjet.com\/wp-content\/uploads\/2025\/09\/\u516b\u722a\u9c7c\u55b7\u59345-800x1067.jpg 800w\" data-sizes=\"(max-width:767px) 480px, (max-width:1279px) 100vw, 1279px\" src=\"data:image\/svg+xml;base64,PHN2ZyB3aWR0aD0iMSIgaGVpZ2h0PSIxIiB4bWxucz0iaHR0cDovL3d3dy53My5vcmcvMjAwMC9zdmciPjwvc3ZnPg==\" style=\"--smush-placeholder-width: 1279px; --smush-placeholder-aspect-ratio: 1279\/1706;\" \/> <img decoding=\"async\" class=\"aligncenter size-full wp-image-938 lazyload\" data-src=\"https:\/\/panwinjet.com\/wp-content\/uploads\/2025\/09\/\u516b\u722a\u9c7c\u55b7\u59349.jpg\" alt=\"\" width=\"1706\" height=\"1279\" data-srcset=\"https:\/\/panwinjet.com\/wp-content\/uploads\/2025\/09\/\u516b\u722a\u9c7c\u55b7\u59349.jpg 1706w, https:\/\/panwinjet.com\/wp-content\/uploads\/2025\/09\/\u516b\u722a\u9c7c\u55b7\u59349-500x375.jpg 500w, https:\/\/panwinjet.com\/wp-content\/uploads\/2025\/09\/\u516b\u722a\u9c7c\u55b7\u59349-1200x900.jpg 1200w, https:\/\/panwinjet.com\/wp-content\/uploads\/2025\/09\/\u516b\u722a\u9c7c\u55b7\u59349-300x225.jpg 300w, https:\/\/panwinjet.com\/wp-content\/uploads\/2025\/09\/\u516b\u722a\u9c7c\u55b7\u59349-768x576.jpg 768w, https:\/\/panwinjet.com\/wp-content\/uploads\/2025\/09\/\u516b\u722a\u9c7c\u55b7\u59349-1536x1152.jpg 1536w, https:\/\/panwinjet.com\/wp-content\/uploads\/2025\/09\/\u516b\u722a\u9c7c\u55b7\u59349-100x75.jpg 100w, https:\/\/panwinjet.com\/wp-content\/uploads\/2025\/09\/\u516b\u722a\u9c7c\u55b7\u59349-480x360.jpg 480w, https:\/\/panwinjet.com\/wp-content\/uploads\/2025\/09\/\u516b\u722a\u9c7c\u55b7\u59349-800x600.jpg 800w\" data-sizes=\"(max-width:767px) 480px, (max-width:1706px) 100vw, 1706px\" src=\"data:image\/svg+xml;base64,PHN2ZyB3aWR0aD0iMSIgaGVpZ2h0PSIxIiB4bWxucz0iaHR0cDovL3d3dy53My5vcmcvMjAwMC9zdmciPjwvc3ZnPg==\" style=\"--smush-placeholder-width: 1706px; --smush-placeholder-aspect-ratio: 1706\/1279;\" \/> <img decoding=\"async\" class=\"aligncenter size-full wp-image-939 lazyload\" data-src=\"https:\/\/panwinjet.com\/wp-content\/uploads\/2025\/09\/\u56fe\u72471-5.png\" alt=\"\" width=\"879\" height=\"349\" data-srcset=\"https:\/\/panwinjet.com\/wp-content\/uploads\/2025\/09\/\u56fe\u72471-5.png 879w, https:\/\/panwinjet.com\/wp-content\/uploads\/2025\/09\/\u56fe\u72471-5-500x199.png 500w, https:\/\/panwinjet.com\/wp-content\/uploads\/2025\/09\/\u56fe\u72471-5-300x119.png 300w, https:\/\/panwinjet.com\/wp-content\/uploads\/2025\/09\/\u56fe\u72471-5-768x305.png 768w, https:\/\/panwinjet.com\/wp-content\/uploads\/2025\/09\/\u56fe\u72471-5-150x60.png 150w, https:\/\/panwinjet.com\/wp-content\/uploads\/2025\/09\/\u56fe\u72471-5-480x191.png 480w, https:\/\/panwinjet.com\/wp-content\/uploads\/2025\/09\/\u56fe\u72471-5-800x318.png 800w\" data-sizes=\"(max-width:767px) 480px, (max-width:879px) 100vw, 879px\" src=\"data:image\/svg+xml;base64,PHN2ZyB3aWR0aD0iMSIgaGVpZ2h0PSIxIiB4bWxucz0iaHR0cDovL3d3dy53My5vcmcvMjAwMC9zdmciPjwvc3ZnPg==\" style=\"--smush-placeholder-width: 879px; --smush-placeholder-aspect-ratio: 879\/349;\" \/><\/p>\n<p>&nbsp;<\/p>\n<p>&nbsp;<\/p>\n<p>&nbsp;<\/p>\n<p>&nbsp;<\/p>\n<p>&nbsp;<\/p>\n<p>&nbsp;<\/p>\n<p><strong><b>2. Par\u00e2metros (especifica\u00e7\u00f5es) do produto <\/b><\/strong>Bomba de imers\u00e3o tripla UHP de 3000 bar para hidrojateamento, limpeza com jato de \u00e1gua e f\u00f4rmas de concreto e alum\u00ednio. Bocal rotativo.<\/p>\n<p>A bomba de hidrojateamento de tripla imers\u00e3o UHP de 3000 bar para limpeza de f\u00f4rmas de concreto e alum\u00ednio com bico rotativo possui tr\u00eas n\u00edveis de press\u00e3o: 500 bar, 1500 bar e 3000 bar, com press\u00e3o m\u00e1xima de 3000 bar.<\/p>\n<p>&nbsp;<\/p>","protected":false},"excerpt":{"rendered":"<p><strong><b>3. Caracter\u00edsticas e aplica\u00e7\u00f5es da bomba de imers\u00e3o tripla UHP de 3000 bar para hidrojateamento, limpeza com jato de \u00e1gua, f\u00f4rmas de concreto de alum\u00ednio e bico rotativo.<\/b><\/strong><\/p>\n<p>Para a bomba de imers\u00e3o tripla UHP de 3000 bar, para hidrojateamento, limpeza com jato de \u00e1gua, f\u00f4rmas de alum\u00ednio e concreto, com bico rotativo. As bases dos bicos em ambas as extremidades podem ser operadas em qualquer \u00e2ngulo de pulveriza\u00e7\u00e3o, com press\u00e3o m\u00e1xima de 3000 bar e n\u00edveis de press\u00e3o opcionais de 500 bar, 1500 bar e 3000 bar.<\/p>\n<p>&nbsp;<\/p>\n<p>Aplica\u00e7\u00e3o desses bicos rotativos<\/p>\n<p>Aplicativo:<\/p>\n<p>Jateamento com \u00e1gua UHP na ind\u00fastria da constru\u00e7\u00e3o civil<\/p>\n<p>Jateamento a jato de \u00e1gua para a ind\u00fastria de ferro, a\u00e7o e metal<\/p>\n<p>Jateadora de \u00e1gua de alta press\u00e3o - Engenharia Mec\u00e2nica e de Aparelhos<\/p>\n<p>Ind\u00fastria de cimento e concreto<\/p>\n<p>Barracuda de alta press\u00e3o para limpeza de superf\u00edcies<\/p>\n<p>Pe\u00e7as para equipamentos de limpeza UHP Hydro Jet<\/p>\n<p>Barras de pulveriza\u00e7\u00e3o para limpeza industrial<\/p>\n<p>M\u00e1quina de hidrojateamento para a ind\u00fastria de refino de petr\u00f3leo<\/p>\n<p>Limpeza de superf\u00edcies com hidrojato, limpeza de tanques e embarca\u00e7\u00f5es,<\/p>\n<p>Limpeza do trocador de calor,<\/p>\n<p>Limpeza de pintura automotiva, limpeza da ind\u00fastria de minera\u00e7\u00e3o, limpeza de f\u00e1bricas de a\u00e7o, etc.<\/p>\n<p>Equipamento de limpeza de esgoto de alta press\u00e3o para redes de tubula\u00e7\u00e3o municipais de abastecimento de \u00e1gua e esgoto;<\/p>","protected":false},"featured_media":941,"template":"","meta":[],"product_brand":[],"product_cat":[5],"product_tag":[],"class_list":{"0":"post-933","1":"product","2":"type-product","3":"status-publish","4":"has-post-thumbnail","6":"product_cat-uhp-rotating-nozzles","8":"first","9":"instock","10":"shipping-taxable","11":"product-type-simple"},"yoast_head":"<!-- This site is optimized with the Yoast SEO plugin v24.9 - https:\/\/yoast.com\/wordpress\/plugins\/seo\/ -->\n<title>3000Bar UHP Triple plunge Pump Hydro-Jetting water blasting cleaning Aluminum concrete Formwork Rotary nozzle - Panwin Machinery&amp;Equipment<\/title>\n<meta name=\"robots\" content=\"index, follow, max-snippet:-1, max-image-preview:large, max-video-preview:-1\" \/>\n<link rel=\"canonical\" href=\"https:\/\/panwinjet.com\/pt\/produto\/3000bar-uhp-triple-plunge-pump-hydro-jetting-water-blasting-cleaning-aluminum-concrete-formwork-rotary-nozzle\/\" \/>\n<meta property=\"og:locale\" content=\"pt_PT\" \/>\n<meta property=\"og:type\" content=\"article\" \/>\n<meta property=\"og:title\" content=\"3000Bar UHP Triple plunge Pump Hydro-Jetting water blasting cleaning Aluminum concrete Formwork Rotary nozzle - Panwin Machinery&amp;Equipment\" \/>\n<meta property=\"og:description\" content=\"3.Product Feature And Application of 3000Bar UHP Triple plunge Pump \u00a0Hydro-Jetting water blasting cleaning \u00a0Aluminum concrete Formwork Rotary nozzle  For The 3000Bar UHP Triple plunge Pump \u00a0Hydro-Jetting water blasting cleaning \u00a0Aluminum concrete Formwork Rotary nozzle The nozzle bases at both ends can be processed at any cleaning spray angle, with a maximum pressure of 3000Bar, and optional pressure levels of 500Bar, 1500Bar, and 3000Bar.  &nbsp;  The Application of the this rotary nozzles  Application:  UHP Water Blasting Construction Industry  Hydro Jet blaster Iron, Steel And Metal Industry  high pressure waterblaster\u00a0Mechanical\u00a0and Apparatus Engineering  Cements and Concrete Industry  high pressure barracuda\u00a0Surface cleaning  UHP hydro Jet cleaning equipment parts  Industrial Cleaning Spray Bars  hydro blasting machine\u00a0for petroleum refining industry  Hydro Jet Surface Cleaning,Tank&amp;Vessel Cleaning,  Heat Exchange Cleaning,  Automotive Painting cleaning Mining industry cleaning Steel manufacture cleaning etc.  High pressure sewer cleaning equipment\u00a0for municipal pipe networks\u00a0water supply and drainage pipelines;\" \/>\n<meta property=\"og:url\" content=\"https:\/\/panwinjet.com\/pt\/produto\/3000bar-uhp-triple-plunge-pump-hydro-jetting-water-blasting-cleaning-aluminum-concrete-formwork-rotary-nozzle\/\" \/>\n<meta property=\"og:site_name\" content=\"Panwin Machinery&amp;Equipment\" \/>\n<meta property=\"article:modified_time\" content=\"2025-09-21T13:32:01+00:00\" \/>\n<meta property=\"og:image\" content=\"https:\/\/panwinjet.com\/wp-content\/uploads\/2025\/09\/\u516b\u722a\u9c7c\u55b7\u59343-scaled.jpg\" \/>\n\t<meta property=\"og:image:width\" content=\"1920\" \/>\n\t<meta property=\"og:image:height\" content=\"2560\" \/>\n\t<meta property=\"og:image:type\" content=\"image\/jpeg\" \/>\n<meta name=\"twitter:card\" content=\"summary_large_image\" \/>\n<meta name=\"twitter:label1\" content=\"Tempo estimado de leitura\" \/>\n\t<meta name=\"twitter:data1\" content=\"2 minutos\" \/>\n<script type=\"application\/ld+json\" class=\"yoast-schema-graph\">{\"@context\":\"https:\/\/schema.org\",\"@graph\":[{\"@type\":\"WebPage\",\"@id\":\"https:\/\/panwinjet.com\/product\/3000bar-uhp-triple-plunge-pump-hydro-jetting-water-blasting-cleaning-aluminum-concrete-formwork-rotary-nozzle\/\",\"url\":\"https:\/\/panwinjet.com\/product\/3000bar-uhp-triple-plunge-pump-hydro-jetting-water-blasting-cleaning-aluminum-concrete-formwork-rotary-nozzle\/\",\"name\":\"3000Bar UHP Triple plunge Pump Hydro-Jetting water blasting cleaning Aluminum concrete Formwork Rotary nozzle - Panwin Machinery&amp;Equipment\",\"isPartOf\":{\"@id\":\"https:\/\/panwinjet.com\/#website\"},\"primaryImageOfPage\":{\"@id\":\"https:\/\/panwinjet.com\/product\/3000bar-uhp-triple-plunge-pump-hydro-jetting-water-blasting-cleaning-aluminum-concrete-formwork-rotary-nozzle\/#primaryimage\"},\"image\":{\"@id\":\"https:\/\/panwinjet.com\/product\/3000bar-uhp-triple-plunge-pump-hydro-jetting-water-blasting-cleaning-aluminum-concrete-formwork-rotary-nozzle\/#primaryimage\"},\"thumbnailUrl\":\"https:\/\/panwinjet.com\/wp-content\/uploads\/2025\/09\/\u516b\u722a\u9c7c\u55b7\u59343-scaled.jpg\",\"datePublished\":\"2025-09-19T16:30:16+00:00\",\"dateModified\":\"2025-09-21T13:32:01+00:00\",\"breadcrumb\":{\"@id\":\"https:\/\/panwinjet.com\/product\/3000bar-uhp-triple-plunge-pump-hydro-jetting-water-blasting-cleaning-aluminum-concrete-formwork-rotary-nozzle\/#breadcrumb\"},\"inLanguage\":\"pt-PT\",\"potentialAction\":[{\"@type\":\"ReadAction\",\"target\":[\"https:\/\/panwinjet.com\/product\/3000bar-uhp-triple-plunge-pump-hydro-jetting-water-blasting-cleaning-aluminum-concrete-formwork-rotary-nozzle\/\"]}]},{\"@type\":\"ImageObject\",\"inLanguage\":\"pt-PT\",\"@id\":\"https:\/\/panwinjet.com\/product\/3000bar-uhp-triple-plunge-pump-hydro-jetting-water-blasting-cleaning-aluminum-concrete-formwork-rotary-nozzle\/#primaryimage\",\"url\":\"https:\/\/panwinjet.com\/wp-content\/uploads\/2025\/09\/\u516b\u722a\u9c7c\u55b7\u59343-scaled.jpg\",\"contentUrl\":\"https:\/\/panwinjet.com\/wp-content\/uploads\/2025\/09\/\u516b\u722a\u9c7c\u55b7\u59343-scaled.jpg\",\"width\":1920,\"height\":2560},{\"@type\":\"BreadcrumbList\",\"@id\":\"https:\/\/panwinjet.com\/product\/3000bar-uhp-triple-plunge-pump-hydro-jetting-water-blasting-cleaning-aluminum-concrete-formwork-rotary-nozzle\/#breadcrumb\",\"itemListElement\":[{\"@type\":\"ListItem\",\"position\":1,\"name\":\"\u9996\u9875\",\"item\":\"https:\/\/panwinjet.com\/\"},{\"@type\":\"ListItem\",\"position\":2,\"name\":\"PRODUCT\",\"item\":\"https:\/\/panwinjet.com\/product\/\"},{\"@type\":\"ListItem\",\"position\":3,\"name\":\"3000Bar UHP Triple plunge Pump Hydro-Jetting water blasting cleaning Aluminum concrete Formwork Rotary nozzle\"}]},{\"@type\":\"WebSite\",\"@id\":\"https:\/\/panwinjet.com\/#website\",\"url\":\"https:\/\/panwinjet.com\/\",\"name\":\"Panwin Machinery&amp;Equipment\",\"description\":\"Shenzhen Panwin Machinery&amp;Equipment Co.Ltd\",\"potentialAction\":[{\"@type\":\"SearchAction\",\"target\":{\"@type\":\"EntryPoint\",\"urlTemplate\":\"https:\/\/panwinjet.com\/?s={search_term_string}\"},\"query-input\":{\"@type\":\"PropertyValueSpecification\",\"valueRequired\":true,\"valueName\":\"search_term_string\"}}],\"inLanguage\":\"pt-PT\"}]}<\/script>\n<!-- \/ Yoast SEO plugin. -->","yoast_head_json":{"title":"3000Bar UHP Triple plunge Pump Hydro-Jetting water blasting cleaning Aluminum concrete Formwork Rotary nozzle - Panwin Machinery&amp;Equipment","robots":{"index":"index","follow":"follow","max-snippet":"max-snippet:-1","max-image-preview":"max-image-preview:large","max-video-preview":"max-video-preview:-1"},"canonical":"https:\/\/panwinjet.com\/pt\/produto\/3000bar-uhp-triple-plunge-pump-hydro-jetting-water-blasting-cleaning-aluminum-concrete-formwork-rotary-nozzle\/","og_locale":"pt_PT","og_type":"article","og_title":"3000Bar UHP Triple plunge Pump Hydro-Jetting water blasting cleaning Aluminum concrete Formwork Rotary nozzle - Panwin Machinery&amp;Equipment","og_description":"3.Product Feature And Application of 3000Bar UHP Triple plunge Pump \u00a0Hydro-Jetting water blasting cleaning \u00a0Aluminum concrete Formwork Rotary nozzle  For The 3000Bar UHP Triple plunge Pump \u00a0Hydro-Jetting water blasting cleaning \u00a0Aluminum concrete Formwork Rotary nozzle The nozzle bases at both ends can be processed at any cleaning spray angle, with a maximum pressure of 3000Bar, and optional pressure levels of 500Bar, 1500Bar, and 3000Bar.  &nbsp;  The Application of the this rotary nozzles  Application:  UHP Water Blasting Construction Industry  Hydro Jet blaster Iron, Steel And Metal Industry  high pressure waterblaster\u00a0Mechanical\u00a0and Apparatus Engineering  Cements and Concrete Industry  high pressure barracuda\u00a0Surface cleaning  UHP hydro Jet cleaning equipment parts  Industrial Cleaning Spray Bars  hydro blasting machine\u00a0for petroleum refining industry  Hydro Jet Surface Cleaning,Tank&amp;Vessel Cleaning,  Heat Exchange Cleaning,  Automotive Painting cleaning Mining industry cleaning Steel manufacture cleaning etc.  High pressure sewer cleaning equipment\u00a0for municipal pipe networks\u00a0water supply and drainage pipelines;","og_url":"https:\/\/panwinjet.com\/pt\/produto\/3000bar-uhp-triple-plunge-pump-hydro-jetting-water-blasting-cleaning-aluminum-concrete-formwork-rotary-nozzle\/","og_site_name":"Panwin Machinery&amp;Equipment","article_modified_time":"2025-09-21T13:32:01+00:00","og_image":[{"width":1920,"height":2560,"url":"https:\/\/panwinjet.com\/wp-content\/uploads\/2025\/09\/\u516b\u722a\u9c7c\u55b7\u59343-scaled.jpg","type":"image\/jpeg"}],"twitter_card":"summary_large_image","twitter_misc":{"Tempo estimado de leitura":"2 minutos"},"schema":{"@context":"https:\/\/schema.org","@graph":[{"@type":"WebPage","@id":"https:\/\/panwinjet.com\/product\/3000bar-uhp-triple-plunge-pump-hydro-jetting-water-blasting-cleaning-aluminum-concrete-formwork-rotary-nozzle\/","url":"https:\/\/panwinjet.com\/product\/3000bar-uhp-triple-plunge-pump-hydro-jetting-water-blasting-cleaning-aluminum-concrete-formwork-rotary-nozzle\/","name":"3000Bar UHP Triple plunge Pump Hydro-Jetting water blasting cleaning Aluminum concrete Formwork Rotary nozzle - Panwin Machinery&amp;Equipment","isPartOf":{"@id":"https:\/\/panwinjet.com\/#website"},"primaryImageOfPage":{"@id":"https:\/\/panwinjet.com\/product\/3000bar-uhp-triple-plunge-pump-hydro-jetting-water-blasting-cleaning-aluminum-concrete-formwork-rotary-nozzle\/#primaryimage"},"image":{"@id":"https:\/\/panwinjet.com\/product\/3000bar-uhp-triple-plunge-pump-hydro-jetting-water-blasting-cleaning-aluminum-concrete-formwork-rotary-nozzle\/#primaryimage"},"thumbnailUrl":"https:\/\/panwinjet.com\/wp-content\/uploads\/2025\/09\/\u516b\u722a\u9c7c\u55b7\u59343-scaled.jpg","datePublished":"2025-09-19T16:30:16+00:00","dateModified":"2025-09-21T13:32:01+00:00","breadcrumb":{"@id":"https:\/\/panwinjet.com\/product\/3000bar-uhp-triple-plunge-pump-hydro-jetting-water-blasting-cleaning-aluminum-concrete-formwork-rotary-nozzle\/#breadcrumb"},"inLanguage":"pt-PT","potentialAction":[{"@type":"ReadAction","target":["https:\/\/panwinjet.com\/product\/3000bar-uhp-triple-plunge-pump-hydro-jetting-water-blasting-cleaning-aluminum-concrete-formwork-rotary-nozzle\/"]}]},{"@type":"ImageObject","inLanguage":"pt-PT","@id":"https:\/\/panwinjet.com\/product\/3000bar-uhp-triple-plunge-pump-hydro-jetting-water-blasting-cleaning-aluminum-concrete-formwork-rotary-nozzle\/#primaryimage","url":"https:\/\/panwinjet.com\/wp-content\/uploads\/2025\/09\/\u516b\u722a\u9c7c\u55b7\u59343-scaled.jpg","contentUrl":"https:\/\/panwinjet.com\/wp-content\/uploads\/2025\/09\/\u516b\u722a\u9c7c\u55b7\u59343-scaled.jpg","width":1920,"height":2560},{"@type":"BreadcrumbList","@id":"https:\/\/panwinjet.com\/product\/3000bar-uhp-triple-plunge-pump-hydro-jetting-water-blasting-cleaning-aluminum-concrete-formwork-rotary-nozzle\/#breadcrumb","itemListElement":[{"@type":"ListItem","position":1,"name":"\u9996\u9875","item":"https:\/\/panwinjet.com\/"},{"@type":"ListItem","position":2,"name":"PRODUCT","item":"https:\/\/panwinjet.com\/product\/"},{"@type":"ListItem","position":3,"name":"3000Bar UHP Triple plunge Pump Hydro-Jetting water blasting cleaning Aluminum concrete Formwork Rotary nozzle"}]},{"@type":"WebSite","@id":"https:\/\/panwinjet.com\/#website","url":"https:\/\/panwinjet.com\/","name":"Panwin Machinery&amp;Equipment","description":"Shenzhen Panwin Machinery&amp;Equipment Co.Ltd","potentialAction":[{"@type":"SearchAction","target":{"@type":"EntryPoint","urlTemplate":"https:\/\/panwinjet.com\/?s={search_term_string}"},"query-input":{"@type":"PropertyValueSpecification","valueRequired":true,"valueName":"search_term_string"}}],"inLanguage":"pt-PT"}]}},"_links":{"self":[{"href":"https:\/\/panwinjet.com\/pt\/wp-json\/wp\/v2\/product\/933","targetHints":{"allow":["GET"]}}],"collection":[{"href":"https:\/\/panwinjet.com\/pt\/wp-json\/wp\/v2\/product"}],"about":[{"href":"https:\/\/panwinjet.com\/pt\/wp-json\/wp\/v2\/types\/product"}],"wp:featuredmedia":[{"embeddable":true,"href":"https:\/\/panwinjet.com\/pt\/wp-json\/wp\/v2\/media\/941"}],"wp:attachment":[{"href":"https:\/\/panwinjet.com\/pt\/wp-json\/wp\/v2\/media?parent=933"}],"wp:term":[{"taxonomy":"product_brand","embeddable":true,"href":"https:\/\/panwinjet.com\/pt\/wp-json\/wp\/v2\/product_brand?post=933"},{"taxonomy":"product_cat","embeddable":true,"href":"https:\/\/panwinjet.com\/pt\/wp-json\/wp\/v2\/product_cat?post=933"},{"taxonomy":"product_tag","embeddable":true,"href":"https:\/\/panwinjet.com\/pt\/wp-json\/wp\/v2\/product_tag?post=933"}],"curies":[{"name":"wp","href":"https:\/\/api.w.org\/{rel}","templated":true}]}}