{"id":925,"date":"2025-09-19T16:01:08","date_gmt":"2025-09-19T16:01:08","guid":{"rendered":"https:\/\/panwinjet.com\/?post_type=product&#038;p=925"},"modified":"2025-09-19T16:01:09","modified_gmt":"2025-09-19T16:01:09","slug":"long-life-good-quality-water-blasting-pressurized-pump-pressuring-machine-part-clean-washer-jet-nozzle-3-8-3546-0-014-0-35mm","status":"publish","type":"product","link":"https:\/\/panwinjet.com\/pt\/produto\/long-life-good-quality-water-blasting-pressurized-pump-pressuring-machine-part-clean-washer-jet-nozzle-3-8-3546-0-014-0-35mm\/","title":{"rendered":"Jato de \u00e1gua pressurizado de longa dura\u00e7\u00e3o e alta qualidade para limpeza de pe\u00e7as de m\u00e1quinas de pressuriza\u00e7\u00e3o, com bico de 3\/8-3546-0,014-0,35 mm."},"content":{"rendered":"<p><strong><b>Apresenta\u00e7\u00e3o do produto <\/b><\/strong>Jato de \u00e1gua pressurizado de longa dura\u00e7\u00e3o e alta qualidade para limpeza de pe\u00e7as de m\u00e1quinas de pressuriza\u00e7\u00e3o, com bico de 3\/8-3546-0,014-0,35 mm.<\/p>\n<p>Para uma lavagem de pe\u00e7as com bomba pressurizadora de jateamento de \u00e1gua de longa dura\u00e7\u00e3o e alta qualidade, utilize o bico de jato 3\/8-3546-0.014-0.35mm. Na opera\u00e7\u00e3o de limpeza por jateamento de \u00e1gua, os bicos s\u00e3o componentes essenciais para um desempenho de limpeza eficiente e est\u00e1vel.<\/p>\n<p>N\u00f3s, da Panwin, fornecemos aos nossos clientes bicos de alta qualidade para diferentes n\u00edveis de press\u00e3o. Nossos bicos possuem classifica\u00e7\u00e3o UHP de at\u00e9 55.000 psi, com conex\u00e3o de rosca 3\/8-24 UNF, podendo ser inseridos em bicos rotativos e barras de pulveriza\u00e7\u00e3o. O corpo dos bicos \u00e9 tratado termicamente e fabricado com material de safira de qualidade superior, garantindo longa vida \u00fatil e alta qualidade.<\/p>\n<div style=\"width: 1088px;\" class=\"wp-video\"><video class=\"wp-video-shortcode\" id=\"video-925-1\" width=\"1088\" height=\"1920\" preload=\"metadata\" controls=\"controls\"><source type=\"video\/mp4\" src=\"https:\/\/panwinjet.com\/wp-content\/uploads\/2025\/09\/3-8-24-Blasting-nozzles-0.014inch-0.35mm-Size.mp4?_=1\" \/><a href=\"https:\/\/panwinjet.com\/wp-content\/uploads\/2025\/09\/3-8-24-Blasting-nozzles-0.014inch-0.35mm-Size.mp4\">https:\/\/panwinjet.com\/wp-content\/uploads\/2025\/09\/3-8-24-Blasting-nozzles-0.014inch-0.35mm-Size.mp4<\/a><\/video><\/div>\n<p>Para esta m\u00e1quina de lavagem de pe\u00e7as com bomba de jateamento de \u00e1gua pressurizada de longa dura\u00e7\u00e3o e alta qualidade, com bico de jato 3\/8-3546-0,014-0,35mm, existem dois tipos com \u00e2ngulo de conicidade de 60\u00b0 e 120\u00b0, com press\u00e3o de 55.000 psi. Especifica\u00e7\u00f5es detalhadas abaixo.<\/p>","protected":false},"excerpt":{"rendered":"<p><strong><b>Caracter\u00edsticas e aplica\u00e7\u00f5es do produto<\/b><\/strong><strong><b>f <\/b><\/strong>Jato de \u00e1gua pressurizado de longa dura\u00e7\u00e3o e alta qualidade para limpeza de pe\u00e7as de m\u00e1quinas de pressuriza\u00e7\u00e3o, com bico de 3\/8-3546-0,014-0,35 mm.<\/p>\n<p>O bico de jato de \u00e1gua de alta qualidade e longa vida \u00fatil para lavagem de pe\u00e7as com bomba pressurizadora, m\u00e1quina de pressuriza\u00e7\u00e3o, 3\/8-3546-0,014-0,35 mm, \u00e9 feito de rubi e safira de alta qualidade e possui desempenho avan\u00e7ado em pulveriza\u00e7\u00e3o, conforme mencionado abaixo.<\/p>\n<p><strong><b>Caracter\u00edsticas dos bicos:<\/b><\/strong><\/p>\n<p>Tempo de uso prolongado<\/p>\n<p>Coer\u00eancia do fluxo de jatos de alta press\u00e3o<\/p>\n<p>Jato de spray potente<\/p>\n<p>Excelente desempenho em jateamento de \u00e1gua<\/p>\n<p>&nbsp;<\/p>\n<p>A: Qualidade de jato constante e de longa dura\u00e7\u00e3o<\/p>\n<p>B: Corrente de jato de alta pot\u00eancia e foco<\/p>\n<p>C: Alta densidade de energia e jato reto<\/p>\n<p>D: F\u00e1cil de instalar e desmontar<\/p>\n<p>Aplicativo:<\/p>\n<p>Jateamento com \u00e1gua UHP na ind\u00fastria da constru\u00e7\u00e3o civil<\/p>\n<p>Jateamento a jato de \u00e1gua para a ind\u00fastria de ferro, a\u00e7o e metal<\/p>\n<p>Jateadora de \u00e1gua de alta press\u00e3o - Engenharia Mec\u00e2nica e de Aparelhos<\/p>\n<p>Ind\u00fastria de cimento e concreto<\/p>\n<p>Barracuda de alta press\u00e3o para limpeza de superf\u00edcies<\/p>\n<p>Pe\u00e7as para equipamentos de limpeza UHP Hydro Jet<\/p>\n<p>Barras de pulveriza\u00e7\u00e3o para limpeza industrial<\/p>\n<p>M\u00e1quina de hidrojateamento para a ind\u00fastria de refino de petr\u00f3leo<\/p>\n<p>Limpeza de superf\u00edcies com hidrojato, limpeza de tanques e embarca\u00e7\u00f5es,<\/p>\n<p>Limpeza do trocador de calor,<\/p>\n<p>Limpeza de pintura automotiva, limpeza da ind\u00fastria de minera\u00e7\u00e3o, limpeza de f\u00e1bricas de a\u00e7o, etc.<\/p>\n<p>Equipamento de limpeza de esgoto de alta press\u00e3o para redes de tubula\u00e7\u00e3o municipais de abastecimento de \u00e1gua e esgoto;<\/p>","protected":false},"featured_media":927,"template":"","meta":[],"product_brand":[],"product_cat":[3],"product_tag":[],"class_list":{"0":"post-925","1":"product","2":"type-product","3":"status-publish","4":"has-post-thumbnail","6":"product_cat-sapphire-nozzles","8":"first","9":"instock","10":"shipping-taxable","11":"product-type-simple"},"yoast_head":"<!-- This site is optimized with the Yoast SEO plugin v24.9 - https:\/\/yoast.com\/wordpress\/plugins\/seo\/ -->\n<title>Long life good quality water Blasting pressurized pump pressuring machine part clean washer Jet nozzle 3\/8-3546-0.014-0.35mm - Panwin Machinery&amp;Equipment<\/title>\n<meta name=\"robots\" content=\"index, follow, max-snippet:-1, max-image-preview:large, max-video-preview:-1\" \/>\n<link rel=\"canonical\" href=\"https:\/\/panwinjet.com\/pt\/produto\/long-life-good-quality-water-blasting-pressurized-pump-pressuring-machine-part-clean-washer-jet-nozzle-3-8-3546-0-014-0-35mm\/\" \/>\n<meta property=\"og:locale\" content=\"pt_PT\" \/>\n<meta property=\"og:type\" content=\"article\" \/>\n<meta property=\"og:title\" content=\"Long life good quality water Blasting pressurized pump pressuring machine part clean washer Jet nozzle 3\/8-3546-0.014-0.35mm - Panwin Machinery&amp;Equipment\" \/>\n<meta property=\"og:description\" content=\"Product Feature And Application of Long life good quality water Blasting\u00a0pressurized pump\u00a0pressuring machine part clean\u00a0washer Jet\u00a0nozzle\u00a03\/8-3546-0.014-0.35mm  The Long life good quality water Blasting\u00a0pressurized pump\u00a0pressuring machine part clean\u00a0washer Jet\u00a0nozzle\u00a03\/8-3546-0.014-0.35mm are made of high-quality ruby and sapphire, it has advanced performance in spraying as mentioned below.  Nozzles Features:  Long-use time  High-Pressure Jets flow coherency  Powerful Spray stream  Excellent water Blasting performance  &nbsp;  A:Long lifetime Constant Jet Quality  B:High-Power and Focus Jet Stream  C:High Energy density and straight Jet  D:User-friendly to install and disassembly  Application:  UHP Water Blasting Construction Industry  Hydro Jet blaster Iron, Steel And Metal Industry  high pressure waterblaster\u00a0Mechanical\u00a0and Apparatus Engineering  Cements and Concrete Industry  high pressure barracuda\u00a0Surface cleaning  UHP hydro Jet cleaning equipment parts  Industrial Cleaning Spray Bars  hydro blasting machine\u00a0for petroleum refining industry  Hydro Jet Surface Cleaning,Tank&amp;Vessel Cleaning,  Heat Exchange Cleaning,  Automotive Painting cleaning Mining industry cleaning Steel manufacture cleaning etc.  High pressure sewer cleaning equipment\u00a0for municipal pipe networks\u00a0water supply and drainage pipelines;\" \/>\n<meta property=\"og:url\" content=\"https:\/\/panwinjet.com\/pt\/produto\/long-life-good-quality-water-blasting-pressurized-pump-pressuring-machine-part-clean-washer-jet-nozzle-3-8-3546-0-014-0-35mm\/\" \/>\n<meta property=\"og:site_name\" content=\"Panwin Machinery&amp;Equipment\" \/>\n<meta property=\"article:modified_time\" content=\"2025-09-19T16:01:09+00:00\" \/>\n<meta property=\"og:image\" content=\"https:\/\/panwinjet.com\/wp-content\/uploads\/2025\/09\/3-8-3546-0.014-0.35mm-3.jpg\" \/>\n\t<meta property=\"og:image:width\" content=\"1279\" \/>\n\t<meta property=\"og:image:height\" content=\"1706\" \/>\n\t<meta property=\"og:image:type\" content=\"image\/jpeg\" \/>\n<meta name=\"twitter:card\" content=\"summary_large_image\" \/>\n<meta name=\"twitter:label1\" content=\"Tempo estimado de leitura\" \/>\n\t<meta name=\"twitter:data1\" content=\"1 minuto\" \/>\n<script type=\"application\/ld+json\" class=\"yoast-schema-graph\">{\"@context\":\"https:\/\/schema.org\",\"@graph\":[{\"@type\":\"WebPage\",\"@id\":\"https:\/\/panwinjet.com\/product\/long-life-good-quality-water-blasting-pressurized-pump-pressuring-machine-part-clean-washer-jet-nozzle-3-8-3546-0-014-0-35mm\/\",\"url\":\"https:\/\/panwinjet.com\/product\/long-life-good-quality-water-blasting-pressurized-pump-pressuring-machine-part-clean-washer-jet-nozzle-3-8-3546-0-014-0-35mm\/\",\"name\":\"Long life good quality water Blasting pressurized pump pressuring machine part clean washer Jet nozzle 3\/8-3546-0.014-0.35mm - Panwin Machinery&amp;Equipment\",\"isPartOf\":{\"@id\":\"https:\/\/panwinjet.com\/#website\"},\"primaryImageOfPage\":{\"@id\":\"https:\/\/panwinjet.com\/product\/long-life-good-quality-water-blasting-pressurized-pump-pressuring-machine-part-clean-washer-jet-nozzle-3-8-3546-0-014-0-35mm\/#primaryimage\"},\"image\":{\"@id\":\"https:\/\/panwinjet.com\/product\/long-life-good-quality-water-blasting-pressurized-pump-pressuring-machine-part-clean-washer-jet-nozzle-3-8-3546-0-014-0-35mm\/#primaryimage\"},\"thumbnailUrl\":\"https:\/\/panwinjet.com\/wp-content\/uploads\/2025\/09\/3-8-3546-0.014-0.35mm-3.jpg\",\"datePublished\":\"2025-09-19T16:01:08+00:00\",\"dateModified\":\"2025-09-19T16:01:09+00:00\",\"breadcrumb\":{\"@id\":\"https:\/\/panwinjet.com\/product\/long-life-good-quality-water-blasting-pressurized-pump-pressuring-machine-part-clean-washer-jet-nozzle-3-8-3546-0-014-0-35mm\/#breadcrumb\"},\"inLanguage\":\"pt-PT\",\"potentialAction\":[{\"@type\":\"ReadAction\",\"target\":[\"https:\/\/panwinjet.com\/product\/long-life-good-quality-water-blasting-pressurized-pump-pressuring-machine-part-clean-washer-jet-nozzle-3-8-3546-0-014-0-35mm\/\"]}]},{\"@type\":\"ImageObject\",\"inLanguage\":\"pt-PT\",\"@id\":\"https:\/\/panwinjet.com\/product\/long-life-good-quality-water-blasting-pressurized-pump-pressuring-machine-part-clean-washer-jet-nozzle-3-8-3546-0-014-0-35mm\/#primaryimage\",\"url\":\"https:\/\/panwinjet.com\/wp-content\/uploads\/2025\/09\/3-8-3546-0.014-0.35mm-3.jpg\",\"contentUrl\":\"https:\/\/panwinjet.com\/wp-content\/uploads\/2025\/09\/3-8-3546-0.014-0.35mm-3.jpg\",\"width\":1279,\"height\":1706},{\"@type\":\"BreadcrumbList\",\"@id\":\"https:\/\/panwinjet.com\/product\/long-life-good-quality-water-blasting-pressurized-pump-pressuring-machine-part-clean-washer-jet-nozzle-3-8-3546-0-014-0-35mm\/#breadcrumb\",\"itemListElement\":[{\"@type\":\"ListItem\",\"position\":1,\"name\":\"\u9996\u9875\",\"item\":\"https:\/\/panwinjet.com\/\"},{\"@type\":\"ListItem\",\"position\":2,\"name\":\"PRODUCT\",\"item\":\"https:\/\/panwinjet.com\/product\/\"},{\"@type\":\"ListItem\",\"position\":3,\"name\":\"Long life good quality water Blasting pressurized pump pressuring machine part clean washer Jet nozzle 3\/8-3546-0.014-0.35mm\"}]},{\"@type\":\"WebSite\",\"@id\":\"https:\/\/panwinjet.com\/#website\",\"url\":\"https:\/\/panwinjet.com\/\",\"name\":\"Panwin Machinery&amp;Equipment\",\"description\":\"Shenzhen Panwin Machinery&amp;Equipment Co.Ltd\",\"potentialAction\":[{\"@type\":\"SearchAction\",\"target\":{\"@type\":\"EntryPoint\",\"urlTemplate\":\"https:\/\/panwinjet.com\/?s={search_term_string}\"},\"query-input\":{\"@type\":\"PropertyValueSpecification\",\"valueRequired\":true,\"valueName\":\"search_term_string\"}}],\"inLanguage\":\"pt-PT\"}]}<\/script>\n<!-- \/ Yoast SEO plugin. -->","yoast_head_json":{"title":"Long life good quality water Blasting pressurized pump pressuring machine part clean washer Jet nozzle 3\/8-3546-0.014-0.35mm - Panwin Machinery&amp;Equipment","robots":{"index":"index","follow":"follow","max-snippet":"max-snippet:-1","max-image-preview":"max-image-preview:large","max-video-preview":"max-video-preview:-1"},"canonical":"https:\/\/panwinjet.com\/pt\/produto\/long-life-good-quality-water-blasting-pressurized-pump-pressuring-machine-part-clean-washer-jet-nozzle-3-8-3546-0-014-0-35mm\/","og_locale":"pt_PT","og_type":"article","og_title":"Long life good quality water Blasting pressurized pump pressuring machine part clean washer Jet nozzle 3\/8-3546-0.014-0.35mm - Panwin Machinery&amp;Equipment","og_description":"Product Feature And Application of Long life good quality water Blasting\u00a0pressurized pump\u00a0pressuring machine part clean\u00a0washer Jet\u00a0nozzle\u00a03\/8-3546-0.014-0.35mm  The Long life good quality water Blasting\u00a0pressurized pump\u00a0pressuring machine part clean\u00a0washer Jet\u00a0nozzle\u00a03\/8-3546-0.014-0.35mm are made of high-quality ruby and sapphire, it has advanced performance in spraying as mentioned below.  Nozzles Features:  Long-use time  High-Pressure Jets flow coherency  Powerful Spray stream  Excellent water Blasting performance  &nbsp;  A:Long lifetime Constant Jet Quality  B:High-Power and Focus Jet Stream  C:High Energy density and straight Jet  D:User-friendly to install and disassembly  Application:  UHP Water Blasting Construction Industry  Hydro Jet blaster Iron, Steel And Metal Industry  high pressure waterblaster\u00a0Mechanical\u00a0and Apparatus Engineering  Cements and Concrete Industry  high pressure barracuda\u00a0Surface cleaning  UHP hydro Jet cleaning equipment parts  Industrial Cleaning Spray Bars  hydro blasting machine\u00a0for petroleum refining industry  Hydro Jet Surface Cleaning,Tank&amp;Vessel Cleaning,  Heat Exchange Cleaning,  Automotive Painting cleaning Mining industry cleaning Steel manufacture cleaning etc.  High pressure sewer cleaning equipment\u00a0for municipal pipe networks\u00a0water supply and drainage pipelines;","og_url":"https:\/\/panwinjet.com\/pt\/produto\/long-life-good-quality-water-blasting-pressurized-pump-pressuring-machine-part-clean-washer-jet-nozzle-3-8-3546-0-014-0-35mm\/","og_site_name":"Panwin Machinery&amp;Equipment","article_modified_time":"2025-09-19T16:01:09+00:00","og_image":[{"width":1279,"height":1706,"url":"https:\/\/panwinjet.com\/wp-content\/uploads\/2025\/09\/3-8-3546-0.014-0.35mm-3.jpg","type":"image\/jpeg"}],"twitter_card":"summary_large_image","twitter_misc":{"Tempo estimado de leitura":"1 minuto"},"schema":{"@context":"https:\/\/schema.org","@graph":[{"@type":"WebPage","@id":"https:\/\/panwinjet.com\/product\/long-life-good-quality-water-blasting-pressurized-pump-pressuring-machine-part-clean-washer-jet-nozzle-3-8-3546-0-014-0-35mm\/","url":"https:\/\/panwinjet.com\/product\/long-life-good-quality-water-blasting-pressurized-pump-pressuring-machine-part-clean-washer-jet-nozzle-3-8-3546-0-014-0-35mm\/","name":"Long life good quality water Blasting pressurized pump pressuring machine part clean washer Jet nozzle 3\/8-3546-0.014-0.35mm - Panwin Machinery&amp;Equipment","isPartOf":{"@id":"https:\/\/panwinjet.com\/#website"},"primaryImageOfPage":{"@id":"https:\/\/panwinjet.com\/product\/long-life-good-quality-water-blasting-pressurized-pump-pressuring-machine-part-clean-washer-jet-nozzle-3-8-3546-0-014-0-35mm\/#primaryimage"},"image":{"@id":"https:\/\/panwinjet.com\/product\/long-life-good-quality-water-blasting-pressurized-pump-pressuring-machine-part-clean-washer-jet-nozzle-3-8-3546-0-014-0-35mm\/#primaryimage"},"thumbnailUrl":"https:\/\/panwinjet.com\/wp-content\/uploads\/2025\/09\/3-8-3546-0.014-0.35mm-3.jpg","datePublished":"2025-09-19T16:01:08+00:00","dateModified":"2025-09-19T16:01:09+00:00","breadcrumb":{"@id":"https:\/\/panwinjet.com\/product\/long-life-good-quality-water-blasting-pressurized-pump-pressuring-machine-part-clean-washer-jet-nozzle-3-8-3546-0-014-0-35mm\/#breadcrumb"},"inLanguage":"pt-PT","potentialAction":[{"@type":"ReadAction","target":["https:\/\/panwinjet.com\/product\/long-life-good-quality-water-blasting-pressurized-pump-pressuring-machine-part-clean-washer-jet-nozzle-3-8-3546-0-014-0-35mm\/"]}]},{"@type":"ImageObject","inLanguage":"pt-PT","@id":"https:\/\/panwinjet.com\/product\/long-life-good-quality-water-blasting-pressurized-pump-pressuring-machine-part-clean-washer-jet-nozzle-3-8-3546-0-014-0-35mm\/#primaryimage","url":"https:\/\/panwinjet.com\/wp-content\/uploads\/2025\/09\/3-8-3546-0.014-0.35mm-3.jpg","contentUrl":"https:\/\/panwinjet.com\/wp-content\/uploads\/2025\/09\/3-8-3546-0.014-0.35mm-3.jpg","width":1279,"height":1706},{"@type":"BreadcrumbList","@id":"https:\/\/panwinjet.com\/product\/long-life-good-quality-water-blasting-pressurized-pump-pressuring-machine-part-clean-washer-jet-nozzle-3-8-3546-0-014-0-35mm\/#breadcrumb","itemListElement":[{"@type":"ListItem","position":1,"name":"\u9996\u9875","item":"https:\/\/panwinjet.com\/"},{"@type":"ListItem","position":2,"name":"PRODUCT","item":"https:\/\/panwinjet.com\/product\/"},{"@type":"ListItem","position":3,"name":"Long life good quality water Blasting pressurized pump pressuring machine part clean washer Jet nozzle 3\/8-3546-0.014-0.35mm"}]},{"@type":"WebSite","@id":"https:\/\/panwinjet.com\/#website","url":"https:\/\/panwinjet.com\/","name":"Panwin Machinery&amp;Equipment","description":"Shenzhen Panwin Machinery&amp;Equipment Co.Ltd","potentialAction":[{"@type":"SearchAction","target":{"@type":"EntryPoint","urlTemplate":"https:\/\/panwinjet.com\/?s={search_term_string}"},"query-input":{"@type":"PropertyValueSpecification","valueRequired":true,"valueName":"search_term_string"}}],"inLanguage":"pt-PT"}]}},"_links":{"self":[{"href":"https:\/\/panwinjet.com\/pt\/wp-json\/wp\/v2\/product\/925","targetHints":{"allow":["GET"]}}],"collection":[{"href":"https:\/\/panwinjet.com\/pt\/wp-json\/wp\/v2\/product"}],"about":[{"href":"https:\/\/panwinjet.com\/pt\/wp-json\/wp\/v2\/types\/product"}],"wp:featuredmedia":[{"embeddable":true,"href":"https:\/\/panwinjet.com\/pt\/wp-json\/wp\/v2\/media\/927"}],"wp:attachment":[{"href":"https:\/\/panwinjet.com\/pt\/wp-json\/wp\/v2\/media?parent=925"}],"wp:term":[{"taxonomy":"product_brand","embeddable":true,"href":"https:\/\/panwinjet.com\/pt\/wp-json\/wp\/v2\/product_brand?post=925"},{"taxonomy":"product_cat","embeddable":true,"href":"https:\/\/panwinjet.com\/pt\/wp-json\/wp\/v2\/product_cat?post=925"},{"taxonomy":"product_tag","embeddable":true,"href":"https:\/\/panwinjet.com\/pt\/wp-json\/wp\/v2\/product_tag?post=925"}],"curies":[{"name":"wp","href":"https:\/\/api.w.org\/{rel}","templated":true}]}}