{"id":918,"date":"2025-09-19T15:51:51","date_gmt":"2025-09-19T15:51:51","guid":{"rendered":"https:\/\/panwinjet.com\/?post_type=product&#038;p=918"},"modified":"2025-09-19T15:51:51","modified_gmt":"2025-09-19T15:51:51","slug":"hot-sale-whole-sale-china-pressure-surfaces-preparation-clean-pressurized-pump-jet-water-nozzle-3-8-3546-0-33mm","status":"publish","type":"product","link":"https:\/\/panwinjet.com\/pt\/produto\/hot-sale-whole-sale-china-pressure-surfaces-preparation-clean-pressurized-pump-jet-water-nozzle-3-8-3546-0-33mm\/","title":{"rendered":"Bocal de jato de \u00e1gua pressurizado para limpeza de superf\u00edcies sob press\u00e3o, atacado na China, modelo 3\/8-3546-0,33 mm."},"content":{"rendered":"<p>Bocal de jato de \u00e1gua pressurizado para limpeza de superf\u00edcies sob press\u00e3o, atacado na China, modelo 3\/8-3546-0,33 mm.<\/p>\n<p><strong><b>1. Introdu\u00e7\u00e3o do produto <\/b><\/strong>Bocal de jato de \u00e1gua pressurizado para limpeza de superf\u00edcies sob press\u00e3o, atacado na China, modelo 3\/8-3546-0,33 mm.<\/p>\n<p>Bocal de jato de \u00e1gua pressurizado para limpeza e prepara\u00e7\u00e3o de superf\u00edcies sob press\u00e3o, modelo 3\/8-3546-0,33 mm, dispon\u00edvel para venda por atacado na China.<\/p>\n<p>Na opera\u00e7\u00e3o de limpeza por jateamento de \u00e1gua, os bicos s\u00e3o componentes essenciais para uma limpeza eficiente e com desempenho est\u00e1vel.<\/p>\n<p>N\u00f3s, da Panwin, fornecemos aos nossos clientes bicos de alta qualidade para diferentes n\u00edveis de press\u00e3o. Nossos bicos possuem classifica\u00e7\u00e3o UHP de at\u00e9 55.000 psi, com conex\u00e3o de rosca 3\/8-24 UNF, podendo ser inseridos em bicos rotativos e barras de pulveriza\u00e7\u00e3o. O corpo dos bicos \u00e9 tratado termicamente e fabricado com material de safira de qualidade superior, garantindo longa vida \u00fatil e alta qualidade.<\/p>\n<div style=\"width: 1220px;\" class=\"wp-video\"><video class=\"wp-video-shortcode\" id=\"video-918-1\" width=\"1220\" height=\"681\" preload=\"metadata\" controls=\"controls\"><source type=\"video\/mp4\" src=\"https:\/\/panwinjet.com\/wp-content\/uploads\/2025\/09\/3-8-24-Blasting-nozzles-0.013inch-0.33mm-Size.mp4?_=1\" \/><a href=\"https:\/\/panwinjet.com\/wp-content\/uploads\/2025\/09\/3-8-24-Blasting-nozzles-0.013inch-0.33mm-Size.mp4\">https:\/\/panwinjet.com\/wp-content\/uploads\/2025\/09\/3-8-24-Blasting-nozzles-0.013inch-0.33mm-Size.mp4<\/a><\/video><\/div>","protected":false},"excerpt":{"rendered":"<p><strong><b>Funcionalidade e aplica\u00e7\u00e3o de<\/b><\/strong><strong><b>f <\/b><\/strong>Bocal de jato de \u00e1gua pressurizado para limpeza de superf\u00edcies sob press\u00e3o, atacado na China, modelo 3\/8-3546-0,33 mm.<\/p>\n<p>Bocal de jato de \u00e1gua pressurizado para limpeza de superf\u00edcies sob press\u00e3o, modelo 3\/8-3546-0,33 mm, dispon\u00edvel para venda por atacado na China.<\/p>\n<p>S\u00e3o feitos de rubi e safira de alta qualidade e possuem desempenho avan\u00e7ado em pulveriza\u00e7\u00e3o, conforme mencionado abaixo.<\/p>\n<p><strong><b>Caracter\u00edsticas dos bicos:<\/b><\/strong><\/p>\n<p>Tempo de uso prolongado<\/p>\n<p>Coer\u00eancia do fluxo de jatos de alta press\u00e3o<\/p>\n<p>Jato de spray potente<\/p>\n<p>Excelente desempenho em jateamento de \u00e1gua<\/p>\n<p>A: Qualidade de jato constante e de longa dura\u00e7\u00e3o<\/p>\n<p>B: Corrente de jato de alta pot\u00eancia e foco<\/p>\n<p>C: Alta densidade de energia e jato reto<\/p>\n<p>D: F\u00e1cil de instalar e desmontar<\/p>\n<p>Aplicativo:<\/p>\n<p>Jateamento com \u00e1gua UHP na ind\u00fastria da constru\u00e7\u00e3o civil<\/p>\n<p>Jateamento a jato de \u00e1gua para a ind\u00fastria de ferro, a\u00e7o e metal<\/p>\n<p>Jateadora de \u00e1gua de alta press\u00e3o - Engenharia Mec\u00e2nica e de Aparelhos<\/p>\n<p>Ind\u00fastria de cimento e concreto<\/p>\n<p>Barracuda de alta press\u00e3o para limpeza de superf\u00edcies<\/p>\n<p>Pe\u00e7as para equipamentos de limpeza UHP Hydro Jet<\/p>\n<p>Barras de pulveriza\u00e7\u00e3o para limpeza industrial<\/p>\n<p>M\u00e1quina de hidrojateamento para a ind\u00fastria de refino de petr\u00f3leo<\/p>\n<p>Limpeza de superf\u00edcies com hidrojato, limpeza de tanques e embarca\u00e7\u00f5es,<\/p>\n<p>Limpeza do trocador de calor,<\/p>\n<p>Limpeza de pintura automotiva, limpeza da ind\u00fastria de minera\u00e7\u00e3o, limpeza de f\u00e1bricas de a\u00e7o, etc.<\/p>\n<p>Equipamento de limpeza de esgoto de alta press\u00e3o para redes de tubula\u00e7\u00e3o municipais de abastecimento de \u00e1gua e esgoto;<\/p>\n<p>&nbsp;<\/p>\n<p><strong><b>Detalhes do produto<\/b><\/strong><strong><b>\u00a0<\/b><\/strong>Bocal de jato de \u00e1gua pressurizado para limpeza de superf\u00edcies sob press\u00e3o, atacado na China, modelo 3\/8-3546-0,33 mm.<\/p>\n<p>Bocal de jato de \u00e1gua pressurizado para limpeza de superf\u00edcies sob press\u00e3o, modelo 3\/8-3546-0,33 mm, dispon\u00edvel para venda por atacado na China.<\/p>\n<p><strong><b>\u00e9 <\/b><\/strong>Rosca 3\/8-24 UNF, cabe\u00e7a sextavada de 3\/8\u201d, 3\/8-24 UNF, press\u00e3o nominal de at\u00e9 60.000 psi\/4.137 bar<\/p>\n<p>&nbsp;<\/p>","protected":false},"featured_media":922,"template":"","meta":[],"product_brand":[],"product_cat":[3],"product_tag":[],"class_list":{"0":"post-918","1":"product","2":"type-product","3":"status-publish","4":"has-post-thumbnail","6":"product_cat-sapphire-nozzles","8":"first","9":"instock","10":"sale","11":"shipping-taxable","12":"purchasable","13":"product-type-simple"},"yoast_head":"<!-- This site is optimized with the Yoast SEO plugin v24.9 - https:\/\/yoast.com\/wordpress\/plugins\/seo\/ -->\n<title>Hot-sale Whole sale China pressure surfaces preparation clean pressurized pump jet water nozzle-3\/8-3546-0.33mm - Panwin Machinery&amp;Equipment<\/title>\n<meta name=\"robots\" content=\"index, follow, max-snippet:-1, max-image-preview:large, max-video-preview:-1\" \/>\n<link rel=\"canonical\" href=\"https:\/\/panwinjet.com\/pt\/produto\/hot-sale-whole-sale-china-pressure-surfaces-preparation-clean-pressurized-pump-jet-water-nozzle-3-8-3546-0-33mm\/\" \/>\n<meta property=\"og:locale\" content=\"pt_PT\" \/>\n<meta property=\"og:type\" content=\"article\" \/>\n<meta property=\"og:title\" content=\"Hot-sale Whole sale China pressure surfaces preparation clean pressurized pump jet water nozzle-3\/8-3546-0.33mm - Panwin Machinery&amp;Equipment\" \/>\n<meta property=\"og:description\" content=\"Feature And Application of Hot-sale Whole sale China pressure\u00a0surfaces\u00a0preparation\u00a0clean\u00a0pressurized pump jet water nozzle-3\/8-3546-0.33mm  The Hot-sale Whole sale China pressure\u00a0surfaces\u00a0preparation\u00a0clean\u00a0pressurized pump jet water nozzle-3\/8-3546-0.33mm  are made of high-quality ruby and sapphire, it has advanced performance in spraying as mentioned below.  Nozzles Features:  Long-use time  High-Pressure Jets flow coherency  Powerful Spray stream  Excellent water Blasting performance  A:Long lifetime Constant Jet Quality  B:High-Power and Focus Jet Stream  C:High Energy density and straight Jet  D:User-friendly to install and disassembly  Application:  UHP Water Blasting Construction Industry  Hydro Jet blaster Iron, Steel And Metal Industry  high pressure waterblaster\u00a0Mechanical\u00a0and Apparatus Engineering  Cements and Concrete Industry  high pressure barracuda\u00a0Surface cleaning  UHP hydro Jet cleaning equipment parts  Industrial Cleaning Spray Bars  hydro blasting machine\u00a0for petroleum refining industry  Hydro Jet Surface Cleaning,Tank&amp;Vessel Cleaning,  Heat Exchange Cleaning,  Automotive Painting cleaning Mining industry cleaning Steel manufacture cleaning etc.  High pressure sewer cleaning equipment\u00a0for municipal pipe networks\u00a0water supply and drainage pipelines;  &nbsp;  Product Details of\u00a0Hot-sale Whole sale China pressure\u00a0surfaces\u00a0preparation\u00a0clean\u00a0pressurized pump jet water nozzle-3\/8-3546-0.33mm  The Hot-sale Whole sale China pressure\u00a0surfaces\u00a0preparation\u00a0clean\u00a0pressurized pump jet water nozzle-3\/8-3546-0.33mm  is 3\/8-24 UNF Thread,3\/8&#039;&#039; hex head,3\/8-24 UNF,Pressure Rated up to 60000psi\/4137bar  &nbsp;\" \/>\n<meta property=\"og:url\" content=\"https:\/\/panwinjet.com\/pt\/produto\/hot-sale-whole-sale-china-pressure-surfaces-preparation-clean-pressurized-pump-jet-water-nozzle-3-8-3546-0-33mm\/\" \/>\n<meta property=\"og:site_name\" content=\"Panwin Machinery&amp;Equipment\" \/>\n<meta property=\"og:image\" content=\"https:\/\/panwinjet.com\/wp-content\/uploads\/2025\/09\/3-8-3546-0.013-0.33mm-5.jpg\" \/>\n\t<meta property=\"og:image:width\" content=\"1706\" \/>\n\t<meta property=\"og:image:height\" content=\"1279\" \/>\n\t<meta property=\"og:image:type\" content=\"image\/jpeg\" \/>\n<meta name=\"twitter:card\" content=\"summary_large_image\" \/>\n<meta name=\"twitter:label1\" content=\"Tempo estimado de leitura\" \/>\n\t<meta name=\"twitter:data1\" content=\"1 minuto\" \/>\n<script type=\"application\/ld+json\" class=\"yoast-schema-graph\">{\"@context\":\"https:\/\/schema.org\",\"@graph\":[{\"@type\":\"WebPage\",\"@id\":\"https:\/\/panwinjet.com\/product\/hot-sale-whole-sale-china-pressure-surfaces-preparation-clean-pressurized-pump-jet-water-nozzle-3-8-3546-0-33mm\/\",\"url\":\"https:\/\/panwinjet.com\/product\/hot-sale-whole-sale-china-pressure-surfaces-preparation-clean-pressurized-pump-jet-water-nozzle-3-8-3546-0-33mm\/\",\"name\":\"Hot-sale Whole sale China pressure surfaces preparation clean pressurized pump jet water nozzle-3\/8-3546-0.33mm - Panwin Machinery&amp;Equipment\",\"isPartOf\":{\"@id\":\"https:\/\/panwinjet.com\/#website\"},\"primaryImageOfPage\":{\"@id\":\"https:\/\/panwinjet.com\/product\/hot-sale-whole-sale-china-pressure-surfaces-preparation-clean-pressurized-pump-jet-water-nozzle-3-8-3546-0-33mm\/#primaryimage\"},\"image\":{\"@id\":\"https:\/\/panwinjet.com\/product\/hot-sale-whole-sale-china-pressure-surfaces-preparation-clean-pressurized-pump-jet-water-nozzle-3-8-3546-0-33mm\/#primaryimage\"},\"thumbnailUrl\":\"https:\/\/panwinjet.com\/wp-content\/uploads\/2025\/09\/3-8-3546-0.013-0.33mm-5.jpg\",\"datePublished\":\"2025-09-19T15:51:51+00:00\",\"breadcrumb\":{\"@id\":\"https:\/\/panwinjet.com\/product\/hot-sale-whole-sale-china-pressure-surfaces-preparation-clean-pressurized-pump-jet-water-nozzle-3-8-3546-0-33mm\/#breadcrumb\"},\"inLanguage\":\"pt-PT\",\"potentialAction\":[{\"@type\":\"ReadAction\",\"target\":[\"https:\/\/panwinjet.com\/product\/hot-sale-whole-sale-china-pressure-surfaces-preparation-clean-pressurized-pump-jet-water-nozzle-3-8-3546-0-33mm\/\"]}]},{\"@type\":\"ImageObject\",\"inLanguage\":\"pt-PT\",\"@id\":\"https:\/\/panwinjet.com\/product\/hot-sale-whole-sale-china-pressure-surfaces-preparation-clean-pressurized-pump-jet-water-nozzle-3-8-3546-0-33mm\/#primaryimage\",\"url\":\"https:\/\/panwinjet.com\/wp-content\/uploads\/2025\/09\/3-8-3546-0.013-0.33mm-5.jpg\",\"contentUrl\":\"https:\/\/panwinjet.com\/wp-content\/uploads\/2025\/09\/3-8-3546-0.013-0.33mm-5.jpg\",\"width\":1706,\"height\":1279},{\"@type\":\"BreadcrumbList\",\"@id\":\"https:\/\/panwinjet.com\/product\/hot-sale-whole-sale-china-pressure-surfaces-preparation-clean-pressurized-pump-jet-water-nozzle-3-8-3546-0-33mm\/#breadcrumb\",\"itemListElement\":[{\"@type\":\"ListItem\",\"position\":1,\"name\":\"\u9996\u9875\",\"item\":\"https:\/\/panwinjet.com\/\"},{\"@type\":\"ListItem\",\"position\":2,\"name\":\"PRODUCT\",\"item\":\"https:\/\/panwinjet.com\/product\/\"},{\"@type\":\"ListItem\",\"position\":3,\"name\":\"Hot-sale Whole sale China pressure surfaces preparation clean pressurized pump jet water nozzle-3\/8-3546-0.33mm\"}]},{\"@type\":\"WebSite\",\"@id\":\"https:\/\/panwinjet.com\/#website\",\"url\":\"https:\/\/panwinjet.com\/\",\"name\":\"Panwin Machinery&amp;Equipment\",\"description\":\"Shenzhen Panwin Machinery&amp;Equipment Co.Ltd\",\"potentialAction\":[{\"@type\":\"SearchAction\",\"target\":{\"@type\":\"EntryPoint\",\"urlTemplate\":\"https:\/\/panwinjet.com\/?s={search_term_string}\"},\"query-input\":{\"@type\":\"PropertyValueSpecification\",\"valueRequired\":true,\"valueName\":\"search_term_string\"}}],\"inLanguage\":\"pt-PT\"}]}<\/script>\n<!-- \/ Yoast SEO plugin. -->","yoast_head_json":{"title":"Hot-sale Whole sale China pressure surfaces preparation clean pressurized pump jet water nozzle-3\/8-3546-0.33mm - Panwin Machinery&amp;Equipment","robots":{"index":"index","follow":"follow","max-snippet":"max-snippet:-1","max-image-preview":"max-image-preview:large","max-video-preview":"max-video-preview:-1"},"canonical":"https:\/\/panwinjet.com\/pt\/produto\/hot-sale-whole-sale-china-pressure-surfaces-preparation-clean-pressurized-pump-jet-water-nozzle-3-8-3546-0-33mm\/","og_locale":"pt_PT","og_type":"article","og_title":"Hot-sale Whole sale China pressure surfaces preparation clean pressurized pump jet water nozzle-3\/8-3546-0.33mm - Panwin Machinery&amp;Equipment","og_description":"Feature And Application of Hot-sale Whole sale China pressure\u00a0surfaces\u00a0preparation\u00a0clean\u00a0pressurized pump jet water nozzle-3\/8-3546-0.33mm  The Hot-sale Whole sale China pressure\u00a0surfaces\u00a0preparation\u00a0clean\u00a0pressurized pump jet water nozzle-3\/8-3546-0.33mm  are made of high-quality ruby and sapphire, it has advanced performance in spraying as mentioned below.  Nozzles Features:  Long-use time  High-Pressure Jets flow coherency  Powerful Spray stream  Excellent water Blasting performance  A:Long lifetime Constant Jet Quality  B:High-Power and Focus Jet Stream  C:High Energy density and straight Jet  D:User-friendly to install and disassembly  Application:  UHP Water Blasting Construction Industry  Hydro Jet blaster Iron, Steel And Metal Industry  high pressure waterblaster\u00a0Mechanical\u00a0and Apparatus Engineering  Cements and Concrete Industry  high pressure barracuda\u00a0Surface cleaning  UHP hydro Jet cleaning equipment parts  Industrial Cleaning Spray Bars  hydro blasting machine\u00a0for petroleum refining industry  Hydro Jet Surface Cleaning,Tank&amp;Vessel Cleaning,  Heat Exchange Cleaning,  Automotive Painting cleaning Mining industry cleaning Steel manufacture cleaning etc.  High pressure sewer cleaning equipment\u00a0for municipal pipe networks\u00a0water supply and drainage pipelines;  &nbsp;  Product Details of\u00a0Hot-sale Whole sale China pressure\u00a0surfaces\u00a0preparation\u00a0clean\u00a0pressurized pump jet water nozzle-3\/8-3546-0.33mm  The Hot-sale Whole sale China pressure\u00a0surfaces\u00a0preparation\u00a0clean\u00a0pressurized pump jet water nozzle-3\/8-3546-0.33mm  is 3\/8-24 UNF Thread,3\/8'' hex head,3\/8-24 UNF,Pressure Rated up to 60000psi\/4137bar  &nbsp;","og_url":"https:\/\/panwinjet.com\/pt\/produto\/hot-sale-whole-sale-china-pressure-surfaces-preparation-clean-pressurized-pump-jet-water-nozzle-3-8-3546-0-33mm\/","og_site_name":"Panwin Machinery&amp;Equipment","og_image":[{"width":1706,"height":1279,"url":"https:\/\/panwinjet.com\/wp-content\/uploads\/2025\/09\/3-8-3546-0.013-0.33mm-5.jpg","type":"image\/jpeg"}],"twitter_card":"summary_large_image","twitter_misc":{"Tempo estimado de leitura":"1 minuto"},"schema":{"@context":"https:\/\/schema.org","@graph":[{"@type":"WebPage","@id":"https:\/\/panwinjet.com\/product\/hot-sale-whole-sale-china-pressure-surfaces-preparation-clean-pressurized-pump-jet-water-nozzle-3-8-3546-0-33mm\/","url":"https:\/\/panwinjet.com\/product\/hot-sale-whole-sale-china-pressure-surfaces-preparation-clean-pressurized-pump-jet-water-nozzle-3-8-3546-0-33mm\/","name":"Hot-sale Whole sale China pressure surfaces preparation clean pressurized pump jet water nozzle-3\/8-3546-0.33mm - Panwin Machinery&amp;Equipment","isPartOf":{"@id":"https:\/\/panwinjet.com\/#website"},"primaryImageOfPage":{"@id":"https:\/\/panwinjet.com\/product\/hot-sale-whole-sale-china-pressure-surfaces-preparation-clean-pressurized-pump-jet-water-nozzle-3-8-3546-0-33mm\/#primaryimage"},"image":{"@id":"https:\/\/panwinjet.com\/product\/hot-sale-whole-sale-china-pressure-surfaces-preparation-clean-pressurized-pump-jet-water-nozzle-3-8-3546-0-33mm\/#primaryimage"},"thumbnailUrl":"https:\/\/panwinjet.com\/wp-content\/uploads\/2025\/09\/3-8-3546-0.013-0.33mm-5.jpg","datePublished":"2025-09-19T15:51:51+00:00","breadcrumb":{"@id":"https:\/\/panwinjet.com\/product\/hot-sale-whole-sale-china-pressure-surfaces-preparation-clean-pressurized-pump-jet-water-nozzle-3-8-3546-0-33mm\/#breadcrumb"},"inLanguage":"pt-PT","potentialAction":[{"@type":"ReadAction","target":["https:\/\/panwinjet.com\/product\/hot-sale-whole-sale-china-pressure-surfaces-preparation-clean-pressurized-pump-jet-water-nozzle-3-8-3546-0-33mm\/"]}]},{"@type":"ImageObject","inLanguage":"pt-PT","@id":"https:\/\/panwinjet.com\/product\/hot-sale-whole-sale-china-pressure-surfaces-preparation-clean-pressurized-pump-jet-water-nozzle-3-8-3546-0-33mm\/#primaryimage","url":"https:\/\/panwinjet.com\/wp-content\/uploads\/2025\/09\/3-8-3546-0.013-0.33mm-5.jpg","contentUrl":"https:\/\/panwinjet.com\/wp-content\/uploads\/2025\/09\/3-8-3546-0.013-0.33mm-5.jpg","width":1706,"height":1279},{"@type":"BreadcrumbList","@id":"https:\/\/panwinjet.com\/product\/hot-sale-whole-sale-china-pressure-surfaces-preparation-clean-pressurized-pump-jet-water-nozzle-3-8-3546-0-33mm\/#breadcrumb","itemListElement":[{"@type":"ListItem","position":1,"name":"\u9996\u9875","item":"https:\/\/panwinjet.com\/"},{"@type":"ListItem","position":2,"name":"PRODUCT","item":"https:\/\/panwinjet.com\/product\/"},{"@type":"ListItem","position":3,"name":"Hot-sale Whole sale China pressure surfaces preparation clean pressurized pump jet water nozzle-3\/8-3546-0.33mm"}]},{"@type":"WebSite","@id":"https:\/\/panwinjet.com\/#website","url":"https:\/\/panwinjet.com\/","name":"Panwin Machinery&amp;Equipment","description":"Shenzhen Panwin Machinery&amp;Equipment Co.Ltd","potentialAction":[{"@type":"SearchAction","target":{"@type":"EntryPoint","urlTemplate":"https:\/\/panwinjet.com\/?s={search_term_string}"},"query-input":{"@type":"PropertyValueSpecification","valueRequired":true,"valueName":"search_term_string"}}],"inLanguage":"pt-PT"}]}},"_links":{"self":[{"href":"https:\/\/panwinjet.com\/pt\/wp-json\/wp\/v2\/product\/918","targetHints":{"allow":["GET"]}}],"collection":[{"href":"https:\/\/panwinjet.com\/pt\/wp-json\/wp\/v2\/product"}],"about":[{"href":"https:\/\/panwinjet.com\/pt\/wp-json\/wp\/v2\/types\/product"}],"wp:featuredmedia":[{"embeddable":true,"href":"https:\/\/panwinjet.com\/pt\/wp-json\/wp\/v2\/media\/922"}],"wp:attachment":[{"href":"https:\/\/panwinjet.com\/pt\/wp-json\/wp\/v2\/media?parent=918"}],"wp:term":[{"taxonomy":"product_brand","embeddable":true,"href":"https:\/\/panwinjet.com\/pt\/wp-json\/wp\/v2\/product_brand?post=918"},{"taxonomy":"product_cat","embeddable":true,"href":"https:\/\/panwinjet.com\/pt\/wp-json\/wp\/v2\/product_cat?post=918"},{"taxonomy":"product_tag","embeddable":true,"href":"https:\/\/panwinjet.com\/pt\/wp-json\/wp\/v2\/product_tag?post=918"}],"curies":[{"name":"wp","href":"https:\/\/api.w.org\/{rel}","templated":true}]}}