{"id":912,"date":"2025-09-19T15:42:09","date_gmt":"2025-09-19T15:42:09","guid":{"rendered":"https:\/\/panwinjet.com\/?post_type=product&#038;p=912"},"modified":"2025-09-19T15:42:09","modified_gmt":"2025-09-19T15:42:09","slug":"hammlmann-spraying-bar-uhp-40kpsi-water-blasting-cleaning-machine-nozzles-m10-0-35mm","status":"publish","type":"product","link":"https:\/\/panwinjet.com\/pt\/produto\/hammlmann-spraying-bar-uhp-40kpsi-water-blasting-cleaning-machine-nozzles-m10-0-35mm\/","title":{"rendered":"Barra de pulveriza\u00e7\u00e3o Hammlmann UHP 40Kpsi para m\u00e1quina de limpeza por jateamento de \u00e1gua, bicos M10-0,35mm"},"content":{"rendered":"<p><strong><b>Bicos para m\u00e1quina de limpeza por jateamento de \u00e1gua M10-0,35 mm<\/b><\/strong><\/p>\n<p><strong><b>Apresenta\u00e7\u00e3o do produto <\/b><\/strong><strong><b>55<\/b><\/strong><strong><b>Bicos M10 para m\u00e1quina de limpeza de tubula\u00e7\u00f5es petroqu\u00edmicas com jato de \u00e1gua pressurizado (kpsi)<\/b><\/strong><\/p>\n<p><strong><b>Para este 55<\/b><\/strong><strong><b>Bicos M10 para m\u00e1quina de limpeza de tubula\u00e7\u00f5es petroqu\u00edmicas com jato de \u00e1gua pressurizado (kpsi)<\/b><\/strong><strong><b>, em <\/b><\/strong>Na opera\u00e7\u00e3o de limpeza com jato de \u00e1gua, os bicos s\u00e3o a pe\u00e7a fundamental para um desempenho est\u00e1vel e de alta efici\u00eancia.<\/p>\n<p>N\u00f3s, da Panwin, fornecemos aos nossos clientes bicos de alta qualidade para diferentes n\u00edveis de press\u00e3o. Nossos bicos possuem classifica\u00e7\u00e3o UHP de at\u00e9 55.000 psi, com conex\u00e3o de rosca 3\/8-24 UNF, podendo ser inseridos em bicos rotativos e barras de pulveriza\u00e7\u00e3o. O corpo dos bicos \u00e9 tratado termicamente e fabricado com material de safira de qualidade superior, garantindo longa vida \u00fatil e alta qualidade.<\/p>","protected":false},"excerpt":{"rendered":"<p><strong><b>2.<\/b><\/strong><strong><b>Par\u00e2metro do produto (especifica\u00e7\u00e3o) de <\/b><\/strong><strong><b>55<\/b><\/strong><strong><b>Bicos M10 para m\u00e1quina de limpeza de tubula\u00e7\u00f5es petroqu\u00edmicas com jato de \u00e1gua pressurizado (kpsi)<\/b><\/strong><\/p>\n<p>Para esta m\u00e1quina de limpeza de tubula\u00e7\u00f5es petroqu\u00edmicas com jato de \u00e1gua de 55 kpsi, os bicos M10 est\u00e3o dispon\u00edveis em v\u00e1rios tamanhos, conforme anexado.<\/p>\n<p><strong><b>Caracter\u00edsticas e aplica\u00e7\u00f5es do produto <\/b><\/strong><strong><b>Bicos M10 para m\u00e1quina de limpeza de tubula\u00e7\u00f5es petroqu\u00edmicas com jato de \u00e1gua de 30 kpsi<\/b><\/strong><\/p>\n<p>Os bicos M10 da m\u00e1quina de limpeza de tubula\u00e7\u00f5es petroqu\u00edmicas com jateamento de \u00e1gua pressurizado de 55 kpsi s\u00e3o feitos de rubi e safira de alta qualidade e apresentam bom desempenho de pulveriza\u00e7\u00e3o, conforme mencionado abaixo.<\/p>\n<p>Caracter\u00edsticas dos bicos:<\/p>\n<p>Uso prolongado<\/p>\n<p>Coer\u00eancia do fluxo de jatos de alta press\u00e3o<\/p>\n<p>Fluxo de pulveriza\u00e7\u00e3o potente<\/p>\n<p>Excelente desempenho em jateamento de \u00e1gua<\/p>\n<p><strong><b>\u00a0<\/b><\/strong><strong><b>Detalhes do produto<\/b><\/strong><strong><b>\u00a0<\/b><\/strong><strong><b>55<\/b><\/strong><strong><b>Bicos M10 para m\u00e1quina de limpeza de tubula\u00e7\u00f5es petroqu\u00edmicas com jato de \u00e1gua pressurizado (kpsi)<\/b><\/strong><\/p>\n<p><strong><b>Para os 55<\/b><\/strong><strong><b>Bicos M10 para m\u00e1quina de limpeza de tubula\u00e7\u00f5es petroqu\u00edmicas com jato de \u00e1gua pressurizado (kpsi)<\/b><\/strong><strong><b>Temos diversos tamanhos, com diferentes vaz\u00f5es e detalhes, conforme mencionado na se\u00e7\u00e3o de indicadores de press\u00e3o de fluxo.<\/b><\/strong><\/p>","protected":false},"featured_media":916,"template":"","meta":[],"product_brand":[],"product_cat":[3],"product_tag":[],"class_list":{"0":"post-912","1":"product","2":"type-product","3":"status-publish","4":"has-post-thumbnail","6":"product_cat-sapphire-nozzles","8":"first","9":"instock","10":"shipping-taxable","11":"product-type-simple"},"yoast_head":"<!-- This site is optimized with the Yoast SEO plugin v24.9 - https:\/\/yoast.com\/wordpress\/plugins\/seo\/ -->\n<title>Hammlmann Spraying Bar UHP 40Kpsi Water blasting cleaning machine nozzles M10-0.35mm - Panwin Machinery&amp;Equipment<\/title>\n<meta name=\"robots\" content=\"index, follow, max-snippet:-1, max-image-preview:large, max-video-preview:-1\" \/>\n<link rel=\"canonical\" href=\"https:\/\/panwinjet.com\/pt\/produto\/hammlmann-spraying-bar-uhp-40kpsi-water-blasting-cleaning-machine-nozzles-m10-0-35mm\/\" \/>\n<meta property=\"og:locale\" content=\"pt_PT\" \/>\n<meta property=\"og:type\" content=\"article\" \/>\n<meta property=\"og:title\" content=\"Hammlmann Spraying Bar UHP 40Kpsi Water blasting cleaning machine nozzles M10-0.35mm - Panwin Machinery&amp;Equipment\" \/>\n<meta property=\"og:description\" content=\"2.Product Parameter(Specification) of 55kpsi Pressure Water blasting Petrochemical pipe cleaning machine parts M10 Nozzles  For this 55kpsi Pressure Water blasting Petrochemical pipe cleaning machine parts M10 Nozzles, the Pressure is 55kpsi and we have various size as attached  Product Feature And Application of 30kpsi Pressure Water blasting Petrochemical pipe cleaning machine parts M10 Nozzles  The 55kpsi Pressure Water blasting Petrochemical pipe cleaning machine parts M10 Nozzles\u00a0are made of high-quality ruby and sapphire, it has good performance in spraying as mentioned below.  Nozzles Features:  Long life use  High-Pressure Jets flow coherency  Powerful Spraying flow  Excellent water Blasting performance  \u00a0Product Details of\u00a055kpsi Pressure Water blasting Petrochemical pipe cleaning machine parts M10 Nozzles  For the 55kpsi Pressure Water blasting Petrochemical pipe cleaning machine parts M10 Nozzles, we have various size, different size and has different flow rate, and details as will mentioned in the Flow pressure indicators.\" \/>\n<meta property=\"og:url\" content=\"https:\/\/panwinjet.com\/pt\/produto\/hammlmann-spraying-bar-uhp-40kpsi-water-blasting-cleaning-machine-nozzles-m10-0-35mm\/\" \/>\n<meta property=\"og:site_name\" content=\"Panwin Machinery&amp;Equipment\" \/>\n<meta property=\"og:image\" content=\"https:\/\/panwinjet.com\/wp-content\/uploads\/2025\/09\/\u5b9d\u77f3\u55b7\u5634-10-scaled.jpg\" \/>\n\t<meta property=\"og:image:width\" content=\"2560\" \/>\n\t<meta property=\"og:image:height\" content=\"1920\" \/>\n\t<meta property=\"og:image:type\" content=\"image\/jpeg\" \/>\n<meta name=\"twitter:card\" content=\"summary_large_image\" \/>\n<meta name=\"twitter:label1\" content=\"Tempo estimado de leitura\" \/>\n\t<meta name=\"twitter:data1\" content=\"1 minuto\" \/>\n<script type=\"application\/ld+json\" class=\"yoast-schema-graph\">{\"@context\":\"https:\/\/schema.org\",\"@graph\":[{\"@type\":\"WebPage\",\"@id\":\"https:\/\/panwinjet.com\/product\/hammlmann-spraying-bar-uhp-40kpsi-water-blasting-cleaning-machine-nozzles-m10-0-35mm\/\",\"url\":\"https:\/\/panwinjet.com\/product\/hammlmann-spraying-bar-uhp-40kpsi-water-blasting-cleaning-machine-nozzles-m10-0-35mm\/\",\"name\":\"Hammlmann Spraying Bar UHP 40Kpsi Water blasting cleaning machine nozzles M10-0.35mm - Panwin Machinery&amp;Equipment\",\"isPartOf\":{\"@id\":\"https:\/\/panwinjet.com\/#website\"},\"primaryImageOfPage\":{\"@id\":\"https:\/\/panwinjet.com\/product\/hammlmann-spraying-bar-uhp-40kpsi-water-blasting-cleaning-machine-nozzles-m10-0-35mm\/#primaryimage\"},\"image\":{\"@id\":\"https:\/\/panwinjet.com\/product\/hammlmann-spraying-bar-uhp-40kpsi-water-blasting-cleaning-machine-nozzles-m10-0-35mm\/#primaryimage\"},\"thumbnailUrl\":\"https:\/\/panwinjet.com\/wp-content\/uploads\/2025\/09\/\u5b9d\u77f3\u55b7\u5634-10-scaled.jpg\",\"datePublished\":\"2025-09-19T15:42:09+00:00\",\"breadcrumb\":{\"@id\":\"https:\/\/panwinjet.com\/product\/hammlmann-spraying-bar-uhp-40kpsi-water-blasting-cleaning-machine-nozzles-m10-0-35mm\/#breadcrumb\"},\"inLanguage\":\"pt-PT\",\"potentialAction\":[{\"@type\":\"ReadAction\",\"target\":[\"https:\/\/panwinjet.com\/product\/hammlmann-spraying-bar-uhp-40kpsi-water-blasting-cleaning-machine-nozzles-m10-0-35mm\/\"]}]},{\"@type\":\"ImageObject\",\"inLanguage\":\"pt-PT\",\"@id\":\"https:\/\/panwinjet.com\/product\/hammlmann-spraying-bar-uhp-40kpsi-water-blasting-cleaning-machine-nozzles-m10-0-35mm\/#primaryimage\",\"url\":\"https:\/\/panwinjet.com\/wp-content\/uploads\/2025\/09\/\u5b9d\u77f3\u55b7\u5634-10-scaled.jpg\",\"contentUrl\":\"https:\/\/panwinjet.com\/wp-content\/uploads\/2025\/09\/\u5b9d\u77f3\u55b7\u5634-10-scaled.jpg\",\"width\":2560,\"height\":1920},{\"@type\":\"BreadcrumbList\",\"@id\":\"https:\/\/panwinjet.com\/product\/hammlmann-spraying-bar-uhp-40kpsi-water-blasting-cleaning-machine-nozzles-m10-0-35mm\/#breadcrumb\",\"itemListElement\":[{\"@type\":\"ListItem\",\"position\":1,\"name\":\"\u9996\u9875\",\"item\":\"https:\/\/panwinjet.com\/\"},{\"@type\":\"ListItem\",\"position\":2,\"name\":\"PRODUCT\",\"item\":\"https:\/\/panwinjet.com\/product\/\"},{\"@type\":\"ListItem\",\"position\":3,\"name\":\"Hammlmann Spraying Bar UHP 40Kpsi Water blasting cleaning machine nozzles M10-0.35mm\"}]},{\"@type\":\"WebSite\",\"@id\":\"https:\/\/panwinjet.com\/#website\",\"url\":\"https:\/\/panwinjet.com\/\",\"name\":\"Panwin Machinery&amp;Equipment\",\"description\":\"Shenzhen Panwin Machinery&amp;Equipment Co.Ltd\",\"potentialAction\":[{\"@type\":\"SearchAction\",\"target\":{\"@type\":\"EntryPoint\",\"urlTemplate\":\"https:\/\/panwinjet.com\/?s={search_term_string}\"},\"query-input\":{\"@type\":\"PropertyValueSpecification\",\"valueRequired\":true,\"valueName\":\"search_term_string\"}}],\"inLanguage\":\"pt-PT\"}]}<\/script>\n<!-- \/ Yoast SEO plugin. -->","yoast_head_json":{"title":"Hammlmann Spraying Bar UHP 40Kpsi Water blasting cleaning machine nozzles M10-0.35mm - Panwin Machinery&amp;Equipment","robots":{"index":"index","follow":"follow","max-snippet":"max-snippet:-1","max-image-preview":"max-image-preview:large","max-video-preview":"max-video-preview:-1"},"canonical":"https:\/\/panwinjet.com\/pt\/produto\/hammlmann-spraying-bar-uhp-40kpsi-water-blasting-cleaning-machine-nozzles-m10-0-35mm\/","og_locale":"pt_PT","og_type":"article","og_title":"Hammlmann Spraying Bar UHP 40Kpsi Water blasting cleaning machine nozzles M10-0.35mm - Panwin Machinery&amp;Equipment","og_description":"2.Product Parameter(Specification) of 55kpsi Pressure Water blasting Petrochemical pipe cleaning machine parts M10 Nozzles  For this 55kpsi Pressure Water blasting Petrochemical pipe cleaning machine parts M10 Nozzles, the Pressure is 55kpsi and we have various size as attached  Product Feature And Application of 30kpsi Pressure Water blasting Petrochemical pipe cleaning machine parts M10 Nozzles  The 55kpsi Pressure Water blasting Petrochemical pipe cleaning machine parts M10 Nozzles\u00a0are made of high-quality ruby and sapphire, it has good performance in spraying as mentioned below.  Nozzles Features:  Long life use  High-Pressure Jets flow coherency  Powerful Spraying flow  Excellent water Blasting performance  \u00a0Product Details of\u00a055kpsi Pressure Water blasting Petrochemical pipe cleaning machine parts M10 Nozzles  For the 55kpsi Pressure Water blasting Petrochemical pipe cleaning machine parts M10 Nozzles, we have various size, different size and has different flow rate, and details as will mentioned in the Flow pressure indicators.","og_url":"https:\/\/panwinjet.com\/pt\/produto\/hammlmann-spraying-bar-uhp-40kpsi-water-blasting-cleaning-machine-nozzles-m10-0-35mm\/","og_site_name":"Panwin Machinery&amp;Equipment","og_image":[{"width":2560,"height":1920,"url":"https:\/\/panwinjet.com\/wp-content\/uploads\/2025\/09\/\u5b9d\u77f3\u55b7\u5634-10-scaled.jpg","type":"image\/jpeg"}],"twitter_card":"summary_large_image","twitter_misc":{"Tempo estimado de leitura":"1 minuto"},"schema":{"@context":"https:\/\/schema.org","@graph":[{"@type":"WebPage","@id":"https:\/\/panwinjet.com\/product\/hammlmann-spraying-bar-uhp-40kpsi-water-blasting-cleaning-machine-nozzles-m10-0-35mm\/","url":"https:\/\/panwinjet.com\/product\/hammlmann-spraying-bar-uhp-40kpsi-water-blasting-cleaning-machine-nozzles-m10-0-35mm\/","name":"Hammlmann Spraying Bar UHP 40Kpsi Water blasting cleaning machine nozzles M10-0.35mm - Panwin Machinery&amp;Equipment","isPartOf":{"@id":"https:\/\/panwinjet.com\/#website"},"primaryImageOfPage":{"@id":"https:\/\/panwinjet.com\/product\/hammlmann-spraying-bar-uhp-40kpsi-water-blasting-cleaning-machine-nozzles-m10-0-35mm\/#primaryimage"},"image":{"@id":"https:\/\/panwinjet.com\/product\/hammlmann-spraying-bar-uhp-40kpsi-water-blasting-cleaning-machine-nozzles-m10-0-35mm\/#primaryimage"},"thumbnailUrl":"https:\/\/panwinjet.com\/wp-content\/uploads\/2025\/09\/\u5b9d\u77f3\u55b7\u5634-10-scaled.jpg","datePublished":"2025-09-19T15:42:09+00:00","breadcrumb":{"@id":"https:\/\/panwinjet.com\/product\/hammlmann-spraying-bar-uhp-40kpsi-water-blasting-cleaning-machine-nozzles-m10-0-35mm\/#breadcrumb"},"inLanguage":"pt-PT","potentialAction":[{"@type":"ReadAction","target":["https:\/\/panwinjet.com\/product\/hammlmann-spraying-bar-uhp-40kpsi-water-blasting-cleaning-machine-nozzles-m10-0-35mm\/"]}]},{"@type":"ImageObject","inLanguage":"pt-PT","@id":"https:\/\/panwinjet.com\/product\/hammlmann-spraying-bar-uhp-40kpsi-water-blasting-cleaning-machine-nozzles-m10-0-35mm\/#primaryimage","url":"https:\/\/panwinjet.com\/wp-content\/uploads\/2025\/09\/\u5b9d\u77f3\u55b7\u5634-10-scaled.jpg","contentUrl":"https:\/\/panwinjet.com\/wp-content\/uploads\/2025\/09\/\u5b9d\u77f3\u55b7\u5634-10-scaled.jpg","width":2560,"height":1920},{"@type":"BreadcrumbList","@id":"https:\/\/panwinjet.com\/product\/hammlmann-spraying-bar-uhp-40kpsi-water-blasting-cleaning-machine-nozzles-m10-0-35mm\/#breadcrumb","itemListElement":[{"@type":"ListItem","position":1,"name":"\u9996\u9875","item":"https:\/\/panwinjet.com\/"},{"@type":"ListItem","position":2,"name":"PRODUCT","item":"https:\/\/panwinjet.com\/product\/"},{"@type":"ListItem","position":3,"name":"Hammlmann Spraying Bar UHP 40Kpsi Water blasting cleaning machine nozzles M10-0.35mm"}]},{"@type":"WebSite","@id":"https:\/\/panwinjet.com\/#website","url":"https:\/\/panwinjet.com\/","name":"Panwin Machinery&amp;Equipment","description":"Shenzhen Panwin Machinery&amp;Equipment Co.Ltd","potentialAction":[{"@type":"SearchAction","target":{"@type":"EntryPoint","urlTemplate":"https:\/\/panwinjet.com\/?s={search_term_string}"},"query-input":{"@type":"PropertyValueSpecification","valueRequired":true,"valueName":"search_term_string"}}],"inLanguage":"pt-PT"}]}},"_links":{"self":[{"href":"https:\/\/panwinjet.com\/pt\/wp-json\/wp\/v2\/product\/912","targetHints":{"allow":["GET"]}}],"collection":[{"href":"https:\/\/panwinjet.com\/pt\/wp-json\/wp\/v2\/product"}],"about":[{"href":"https:\/\/panwinjet.com\/pt\/wp-json\/wp\/v2\/types\/product"}],"wp:featuredmedia":[{"embeddable":true,"href":"https:\/\/panwinjet.com\/pt\/wp-json\/wp\/v2\/media\/916"}],"wp:attachment":[{"href":"https:\/\/panwinjet.com\/pt\/wp-json\/wp\/v2\/media?parent=912"}],"wp:term":[{"taxonomy":"product_brand","embeddable":true,"href":"https:\/\/panwinjet.com\/pt\/wp-json\/wp\/v2\/product_brand?post=912"},{"taxonomy":"product_cat","embeddable":true,"href":"https:\/\/panwinjet.com\/pt\/wp-json\/wp\/v2\/product_cat?post=912"},{"taxonomy":"product_tag","embeddable":true,"href":"https:\/\/panwinjet.com\/pt\/wp-json\/wp\/v2\/product_tag?post=912"}],"curies":[{"name":"wp","href":"https:\/\/api.w.org\/{rel}","templated":true}]}}