{"id":874,"date":"2025-09-19T15:05:07","date_gmt":"2025-09-19T15:05:07","guid":{"rendered":"https:\/\/panwinjet.com\/?post_type=product&#038;p=874"},"modified":"2025-09-19T15:05:07","modified_gmt":"2025-09-19T15:05:07","slug":"water-blasting-cleaning-machine-nozzles-3-8-24-0-35mm","status":"publish","type":"product","link":"https:\/\/panwinjet.com\/pt\/produto\/water-blasting-cleaning-machine-nozzles-3-8-24-0-35mm\/","title":{"rendered":"Bicos para m\u00e1quina de limpeza com jato de \u00e1gua 3\/8-24-0,35 mm"},"content":{"rendered":"<p><strong><b>1. Introdu\u00e7\u00e3o do produto <\/b><\/strong><strong><b>55 mil<\/b><\/strong><strong><b>psi<\/b><\/strong><strong><b>\u00a0Componentes de m\u00e1quinas de limpeza para ind\u00fastria qu\u00edmica com jateamento de \u00e1gua pressurizada 3<\/b><\/strong><strong><b>\/<\/b><\/strong><strong><b>8-24 Bicos<\/b><\/strong><strong><b>-0,25 mm<\/b><\/strong><\/p>\n<p>Para os componentes da m\u00e1quina de limpeza por jateamento de \u00e1gua com press\u00e3o de 55 kpsi na ind\u00fastria qu\u00edmica, os bicos 3\/8-24 s\u00e3o componentes essenciais para uma opera\u00e7\u00e3o de limpeza por jateamento de \u00e1gua, garantindo alta efici\u00eancia e desempenho est\u00e1vel.<\/p>\n<p>N\u00f3s, da Panwin, fornecemos aos nossos clientes bicos de alta qualidade para diferentes n\u00edveis de press\u00e3o. Nossos bicos possuem classifica\u00e7\u00e3o UHP de at\u00e9 55.000 psi, com conex\u00e3o de rosca 3\/8-24 UNF, podendo ser inseridos em bicos rotativos e barras de pulveriza\u00e7\u00e3o. O corpo dos bicos \u00e9 tratado termicamente e fabricado com material de safira de qualidade superior, garantindo longa vida \u00fatil e alta qualidade.<\/p>","protected":false},"excerpt":{"rendered":"<p><strong><b>2. Par\u00e2metros (especifica\u00e7\u00f5es) do produto <\/b><\/strong><strong><b>55 mil<\/b><\/strong><strong><b>psi<\/b><\/strong><strong><b>\u00a0Componentes de m\u00e1quinas de limpeza para ind\u00fastria qu\u00edmica com jateamento de \u00e1gua pressurizada 3<\/b><\/strong><strong><b>\/<\/b><\/strong><strong><b>8-24 Bicos<\/b><\/strong><\/p>\n<p>Por esta <strong><b>55 mil<\/b><\/strong><strong><b>psi<\/b><\/strong>\u00a0Bicos de 3\/8-24 para m\u00e1quinas de limpeza com jato de \u00e1gua de alta press\u00e3o na ind\u00fastria qu\u00edmica, dispon\u00edveis em dois modelos com \u00e2ngulo de conicidade de 60\u00b0 e 120\u00b0, e press\u00e3o de 55.000 psi. Especifica\u00e7\u00f5es detalhadas abaixo.<\/p>\n<p>Bocal tipo A PW-3\/8-24-B<\/p>\n<p>Bocal PW-3\/8-24-B Tipo B<\/p>\n<p><strong><b>3. Caracter\u00edsticas e aplica\u00e7\u00f5es do produto: Componentes da m\u00e1quina de limpeza para ind\u00fastria qu\u00edmica com jateamento de \u00e1gua pressurizada de 20 psi<\/b><\/strong><strong><b>\/<\/b><\/strong><strong><b>8-24 Bicos<\/b><\/strong><\/p>\n<p>Os componentes da m\u00e1quina de limpeza para ind\u00fastria qu\u00edmica com jato de \u00e1gua de 20 psi, incluindo os bicos 3\/8-24, s\u00e3o feitos de rubi e safira de alta qualidade e apresentam desempenho avan\u00e7ado em pulveriza\u00e7\u00e3o, conforme mencionado abaixo.<\/p>\n<p><strong><b>Caracter\u00edsticas dos bicos:<\/b><\/strong><\/p>\n<p>Tempo de uso prolongado<\/p>\n<p>Coer\u00eancia do fluxo de jatos de alta press\u00e3o<\/p>\n<p>Jato de spray potente<\/p>\n<p>Excelente desempenho em jateamento de \u00e1gua<\/p>","protected":false},"featured_media":877,"template":"","meta":[],"product_brand":[],"product_cat":[3],"product_tag":[],"class_list":{"0":"post-874","1":"product","2":"type-product","3":"status-publish","4":"has-post-thumbnail","6":"product_cat-sapphire-nozzles","8":"first","9":"instock","10":"shipping-taxable","11":"product-type-simple"},"yoast_head":"<!-- This site is optimized with the Yoast SEO plugin v24.9 - https:\/\/yoast.com\/wordpress\/plugins\/seo\/ -->\n<title>Water blasting cleaning machine nozzles 3\/8-24-0.35mm - Panwin Machinery&amp;Equipment<\/title>\n<meta name=\"robots\" content=\"index, follow, max-snippet:-1, max-image-preview:large, max-video-preview:-1\" \/>\n<link rel=\"canonical\" href=\"https:\/\/panwinjet.com\/pt\/produto\/water-blasting-cleaning-machine-nozzles-3-8-24-0-35mm\/\" \/>\n<meta property=\"og:locale\" content=\"pt_PT\" \/>\n<meta property=\"og:type\" content=\"article\" \/>\n<meta property=\"og:title\" content=\"Water blasting cleaning machine nozzles 3\/8-24-0.35mm - Panwin Machinery&amp;Equipment\" \/>\n<meta property=\"og:description\" content=\"2.Product Parameter (Specification) of 55Kpsi\u00a0Pressure Water blasting chemical industry cleaning \u00a0machine components 3\/8-24 Nozzles  For this 55Kpsi\u00a0Pressure Water blasting chemical industry cleaning \u00a0machine components 3\/8-24 Nozzles, there are two types with Taper angle 60\u00b0and 120\u00b0, the pressure is 55,000psi.details specification as mentioned below.  PW-3\/8-24-B Nozzle Type A  PW-3\/8-24-B Nozzle Type B  3.Product Feature And Application of 20psi Pressure Water blasting chemical industry cleaning \u00a0machine components 3\/8-24 Nozzles  The 20psi Pressure Water blasting chemical industry cleaning \u00a0machine components 3\/8-24 Nozzles\u00a0are made of high-quality ruby and sapphire, it has advanced performance in spraying as mentioned below.  Nozzles Features:  Long-use time  High-Pressure Jets flow coherency  Powerful Spray stream  Excellent water Blasting performance\" \/>\n<meta property=\"og:url\" content=\"https:\/\/panwinjet.com\/pt\/produto\/water-blasting-cleaning-machine-nozzles-3-8-24-0-35mm\/\" \/>\n<meta property=\"og:site_name\" content=\"Panwin Machinery&amp;Equipment\" \/>\n<meta property=\"og:image\" content=\"https:\/\/panwinjet.com\/wp-content\/uploads\/2025\/09\/3-8-0.35mm-5.jpg\" \/>\n\t<meta property=\"og:image:width\" content=\"1706\" \/>\n\t<meta property=\"og:image:height\" content=\"1279\" \/>\n\t<meta property=\"og:image:type\" content=\"image\/jpeg\" \/>\n<meta name=\"twitter:card\" content=\"summary_large_image\" \/>\n<meta name=\"twitter:label1\" content=\"Tempo estimado de leitura\" \/>\n\t<meta name=\"twitter:data1\" content=\"1 minuto\" \/>\n<script type=\"application\/ld+json\" class=\"yoast-schema-graph\">{\"@context\":\"https:\/\/schema.org\",\"@graph\":[{\"@type\":\"WebPage\",\"@id\":\"https:\/\/panwinjet.com\/product\/water-blasting-cleaning-machine-nozzles-3-8-24-0-35mm\/\",\"url\":\"https:\/\/panwinjet.com\/product\/water-blasting-cleaning-machine-nozzles-3-8-24-0-35mm\/\",\"name\":\"Water blasting cleaning machine nozzles 3\/8-24-0.35mm - Panwin Machinery&amp;Equipment\",\"isPartOf\":{\"@id\":\"https:\/\/panwinjet.com\/#website\"},\"primaryImageOfPage\":{\"@id\":\"https:\/\/panwinjet.com\/product\/water-blasting-cleaning-machine-nozzles-3-8-24-0-35mm\/#primaryimage\"},\"image\":{\"@id\":\"https:\/\/panwinjet.com\/product\/water-blasting-cleaning-machine-nozzles-3-8-24-0-35mm\/#primaryimage\"},\"thumbnailUrl\":\"https:\/\/panwinjet.com\/wp-content\/uploads\/2025\/09\/3-8-0.35mm-5.jpg\",\"datePublished\":\"2025-09-19T15:05:07+00:00\",\"breadcrumb\":{\"@id\":\"https:\/\/panwinjet.com\/product\/water-blasting-cleaning-machine-nozzles-3-8-24-0-35mm\/#breadcrumb\"},\"inLanguage\":\"pt-PT\",\"potentialAction\":[{\"@type\":\"ReadAction\",\"target\":[\"https:\/\/panwinjet.com\/product\/water-blasting-cleaning-machine-nozzles-3-8-24-0-35mm\/\"]}]},{\"@type\":\"ImageObject\",\"inLanguage\":\"pt-PT\",\"@id\":\"https:\/\/panwinjet.com\/product\/water-blasting-cleaning-machine-nozzles-3-8-24-0-35mm\/#primaryimage\",\"url\":\"https:\/\/panwinjet.com\/wp-content\/uploads\/2025\/09\/3-8-0.35mm-5.jpg\",\"contentUrl\":\"https:\/\/panwinjet.com\/wp-content\/uploads\/2025\/09\/3-8-0.35mm-5.jpg\",\"width\":1706,\"height\":1279},{\"@type\":\"BreadcrumbList\",\"@id\":\"https:\/\/panwinjet.com\/product\/water-blasting-cleaning-machine-nozzles-3-8-24-0-35mm\/#breadcrumb\",\"itemListElement\":[{\"@type\":\"ListItem\",\"position\":1,\"name\":\"\u9996\u9875\",\"item\":\"https:\/\/panwinjet.com\/\"},{\"@type\":\"ListItem\",\"position\":2,\"name\":\"PRODUCT\",\"item\":\"https:\/\/panwinjet.com\/product\/\"},{\"@type\":\"ListItem\",\"position\":3,\"name\":\"Water blasting cleaning machine nozzles 3\/8-24-0.35mm\"}]},{\"@type\":\"WebSite\",\"@id\":\"https:\/\/panwinjet.com\/#website\",\"url\":\"https:\/\/panwinjet.com\/\",\"name\":\"Panwin Machinery&amp;Equipment\",\"description\":\"Shenzhen Panwin Machinery&amp;Equipment Co.Ltd\",\"potentialAction\":[{\"@type\":\"SearchAction\",\"target\":{\"@type\":\"EntryPoint\",\"urlTemplate\":\"https:\/\/panwinjet.com\/?s={search_term_string}\"},\"query-input\":{\"@type\":\"PropertyValueSpecification\",\"valueRequired\":true,\"valueName\":\"search_term_string\"}}],\"inLanguage\":\"pt-PT\"}]}<\/script>\n<!-- \/ Yoast SEO plugin. -->","yoast_head_json":{"title":"Water blasting cleaning machine nozzles 3\/8-24-0.35mm - Panwin Machinery&amp;Equipment","robots":{"index":"index","follow":"follow","max-snippet":"max-snippet:-1","max-image-preview":"max-image-preview:large","max-video-preview":"max-video-preview:-1"},"canonical":"https:\/\/panwinjet.com\/pt\/produto\/water-blasting-cleaning-machine-nozzles-3-8-24-0-35mm\/","og_locale":"pt_PT","og_type":"article","og_title":"Water blasting cleaning machine nozzles 3\/8-24-0.35mm - Panwin Machinery&amp;Equipment","og_description":"2.Product Parameter (Specification) of 55Kpsi\u00a0Pressure Water blasting chemical industry cleaning \u00a0machine components 3\/8-24 Nozzles  For this 55Kpsi\u00a0Pressure Water blasting chemical industry cleaning \u00a0machine components 3\/8-24 Nozzles, there are two types with Taper angle 60\u00b0and 120\u00b0, the pressure is 55,000psi.details specification as mentioned below.  PW-3\/8-24-B Nozzle Type A  PW-3\/8-24-B Nozzle Type B  3.Product Feature And Application of 20psi Pressure Water blasting chemical industry cleaning \u00a0machine components 3\/8-24 Nozzles  The 20psi Pressure Water blasting chemical industry cleaning \u00a0machine components 3\/8-24 Nozzles\u00a0are made of high-quality ruby and sapphire, it has advanced performance in spraying as mentioned below.  Nozzles Features:  Long-use time  High-Pressure Jets flow coherency  Powerful Spray stream  Excellent water Blasting performance","og_url":"https:\/\/panwinjet.com\/pt\/produto\/water-blasting-cleaning-machine-nozzles-3-8-24-0-35mm\/","og_site_name":"Panwin Machinery&amp;Equipment","og_image":[{"width":1706,"height":1279,"url":"https:\/\/panwinjet.com\/wp-content\/uploads\/2025\/09\/3-8-0.35mm-5.jpg","type":"image\/jpeg"}],"twitter_card":"summary_large_image","twitter_misc":{"Tempo estimado de leitura":"1 minuto"},"schema":{"@context":"https:\/\/schema.org","@graph":[{"@type":"WebPage","@id":"https:\/\/panwinjet.com\/product\/water-blasting-cleaning-machine-nozzles-3-8-24-0-35mm\/","url":"https:\/\/panwinjet.com\/product\/water-blasting-cleaning-machine-nozzles-3-8-24-0-35mm\/","name":"Water blasting cleaning machine nozzles 3\/8-24-0.35mm - Panwin Machinery&amp;Equipment","isPartOf":{"@id":"https:\/\/panwinjet.com\/#website"},"primaryImageOfPage":{"@id":"https:\/\/panwinjet.com\/product\/water-blasting-cleaning-machine-nozzles-3-8-24-0-35mm\/#primaryimage"},"image":{"@id":"https:\/\/panwinjet.com\/product\/water-blasting-cleaning-machine-nozzles-3-8-24-0-35mm\/#primaryimage"},"thumbnailUrl":"https:\/\/panwinjet.com\/wp-content\/uploads\/2025\/09\/3-8-0.35mm-5.jpg","datePublished":"2025-09-19T15:05:07+00:00","breadcrumb":{"@id":"https:\/\/panwinjet.com\/product\/water-blasting-cleaning-machine-nozzles-3-8-24-0-35mm\/#breadcrumb"},"inLanguage":"pt-PT","potentialAction":[{"@type":"ReadAction","target":["https:\/\/panwinjet.com\/product\/water-blasting-cleaning-machine-nozzles-3-8-24-0-35mm\/"]}]},{"@type":"ImageObject","inLanguage":"pt-PT","@id":"https:\/\/panwinjet.com\/product\/water-blasting-cleaning-machine-nozzles-3-8-24-0-35mm\/#primaryimage","url":"https:\/\/panwinjet.com\/wp-content\/uploads\/2025\/09\/3-8-0.35mm-5.jpg","contentUrl":"https:\/\/panwinjet.com\/wp-content\/uploads\/2025\/09\/3-8-0.35mm-5.jpg","width":1706,"height":1279},{"@type":"BreadcrumbList","@id":"https:\/\/panwinjet.com\/product\/water-blasting-cleaning-machine-nozzles-3-8-24-0-35mm\/#breadcrumb","itemListElement":[{"@type":"ListItem","position":1,"name":"\u9996\u9875","item":"https:\/\/panwinjet.com\/"},{"@type":"ListItem","position":2,"name":"PRODUCT","item":"https:\/\/panwinjet.com\/product\/"},{"@type":"ListItem","position":3,"name":"Water blasting cleaning machine nozzles 3\/8-24-0.35mm"}]},{"@type":"WebSite","@id":"https:\/\/panwinjet.com\/#website","url":"https:\/\/panwinjet.com\/","name":"Panwin Machinery&amp;Equipment","description":"Shenzhen Panwin Machinery&amp;Equipment Co.Ltd","potentialAction":[{"@type":"SearchAction","target":{"@type":"EntryPoint","urlTemplate":"https:\/\/panwinjet.com\/?s={search_term_string}"},"query-input":{"@type":"PropertyValueSpecification","valueRequired":true,"valueName":"search_term_string"}}],"inLanguage":"pt-PT"}]}},"_links":{"self":[{"href":"https:\/\/panwinjet.com\/pt\/wp-json\/wp\/v2\/product\/874","targetHints":{"allow":["GET"]}}],"collection":[{"href":"https:\/\/panwinjet.com\/pt\/wp-json\/wp\/v2\/product"}],"about":[{"href":"https:\/\/panwinjet.com\/pt\/wp-json\/wp\/v2\/types\/product"}],"wp:featuredmedia":[{"embeddable":true,"href":"https:\/\/panwinjet.com\/pt\/wp-json\/wp\/v2\/media\/877"}],"wp:attachment":[{"href":"https:\/\/panwinjet.com\/pt\/wp-json\/wp\/v2\/media?parent=874"}],"wp:term":[{"taxonomy":"product_brand","embeddable":true,"href":"https:\/\/panwinjet.com\/pt\/wp-json\/wp\/v2\/product_brand?post=874"},{"taxonomy":"product_cat","embeddable":true,"href":"https:\/\/panwinjet.com\/pt\/wp-json\/wp\/v2\/product_cat?post=874"},{"taxonomy":"product_tag","embeddable":true,"href":"https:\/\/panwinjet.com\/pt\/wp-json\/wp\/v2\/product_tag?post=874"}],"curies":[{"name":"wp","href":"https:\/\/api.w.org\/{rel}","templated":true}]}}