{"id":867,"date":"2025-09-19T15:00:06","date_gmt":"2025-09-19T15:00:06","guid":{"rendered":"https:\/\/panwinjet.com\/?post_type=product&#038;p=867"},"modified":"2025-09-19T15:00:06","modified_gmt":"2025-09-19T15:00:06","slug":"60000psi-uhp-waterjet-wate-blasting-hydro-jetting-triplex-plunger-blast-nozzle-2720-type-nozzles","status":"publish","type":"product","link":"https:\/\/panwinjet.com\/pt\/produto\/60000psi-uhp-waterjet-wate-blasting-hydro-jetting-triplex-plunger-blast-nozzle-2720-type-nozzles\/","title":{"rendered":"Jateamento com \u00e1gua UHP de 60000 psi, hidrojateamento, bico triplex de \u00eambolo tipo 2720."},"content":{"rendered":"<p>Jateamento com \u00e1gua UHP de 60000 psi, hidrojateamento, bico triplex de \u00eambolo tipo 2720.<\/p>\n<ol>\n<li><b><\/b><strong><b>Apresenta\u00e7\u00e3o do produto <\/b><\/strong>Jateamento com \u00e1gua UHP de 60000 psi, hidrojateamento, bico triplex de \u00eambolo tipo 2720.<\/li>\n<li>Para jatos de \u00e1gua UHP de 60.000 psi, o bico de jateamento triplex com \u00eambolo tipo 2720 \u00e9 um componente essencial para opera\u00e7\u00f5es de limpeza com jato de \u00e1gua, garantindo alta efici\u00eancia e desempenho est\u00e1vel.<\/li>\n<\/ol>\n<p>N\u00f3s, da Panwin, fornecemos aos nossos clientes bicos de alta qualidade para diferentes n\u00edveis de press\u00e3o. Nossos bicos s\u00e3o classificados para UHP (Ultra Alta Press\u00e3o) at\u00e9 60.000 psi, com di\u00e2metro da cabe\u00e7a de 0,270\u201d e \u00e2ngulo de veda\u00e7\u00e3o de 60\u00b0. Podem ser inseridos em bicos rotativos e barras de pulveriza\u00e7\u00e3o. O corpo do bico \u00e9 tratado termicamente e fabricado com material de safira de alta qualidade, garantindo longa vida \u00fatil e durabilidade.<\/p>","protected":false},"excerpt":{"rendered":"<ol>\n<li><b><\/b><strong><b>Par\u00e2metro do produto (especifica\u00e7\u00e3o) de<\/b><\/strong><b><\/b>Jateamento com \u00e1gua UHP de 60000 psi, bomba de pist\u00e3o triplex, bicos tipo 2720.<\/li>\n<\/ol>\n<p>Para este jato de \u00e1gua UHP de 60000 psi, hidrojateamento, bomba de pist\u00e3o triplex, bicos tipo 2720.<\/p>\n<p>Existem diferentes tamanhos de comprimento, sendo o mais popular o de 10,50 mm, com press\u00e3o de 60.000 psi. As especifica\u00e7\u00f5es detalhadas est\u00e3o mencionadas abaixo.<\/p>\n<ol start=\"2\">\n<li><b><\/b><strong><b>Caracter\u00edsticas e aplica\u00e7\u00f5es do produto<\/b><\/strong><strong><b>f <\/b><\/strong>Jateamento com \u00e1gua UHP de 60000 psi, bomba de pist\u00e3o triplex, bicos tipo 2720.<\/li>\n<\/ol>\n<p>Os bicos de jato de \u00e1gua UHP de 60.000 psi com bomba de pist\u00e3o triplex tipo 2720 s\u00e3o feitos de rubi e safira de alta qualidade e possuem desempenho avan\u00e7ado em pulveriza\u00e7\u00e3o, conforme mencionado abaixo.<\/p>\n<p><strong><b>Caracter\u00edsticas dos bicos:<\/b><\/strong><\/p>\n<p>Tempo de uso prolongado<\/p>\n<p>Coer\u00eancia do fluxo de jatos de alta press\u00e3o<\/p>\n<p>Jato de spray potente<\/p>\n<p>Excelente desempenho em jateamento de \u00e1gua<\/p>\n<p>A: Qualidade de jato constante e de longa dura\u00e7\u00e3o<\/p>\n<p>B: Corrente de jato de alta pot\u00eancia e foco<\/p>\n<p>C: Alta densidade de energia e jato reto<\/p>\n<p>D: F\u00e1cil de instalar e desmontar<\/p>","protected":false},"featured_media":868,"template":"","meta":[],"product_brand":[],"product_cat":[3],"product_tag":[],"class_list":{"0":"post-867","1":"product","2":"type-product","3":"status-publish","4":"has-post-thumbnail","6":"product_cat-sapphire-nozzles","8":"first","9":"instock","10":"shipping-taxable","11":"product-type-simple"},"yoast_head":"<!-- This site is optimized with the Yoast SEO plugin v24.9 - https:\/\/yoast.com\/wordpress\/plugins\/seo\/ -->\n<title>60000psi UHP Waterjet wate Blasting Hydro-jetting triplex Plunger blast nozzle 2720 Type nozzles - Panwin Machinery&amp;Equipment<\/title>\n<meta name=\"robots\" content=\"index, follow, max-snippet:-1, max-image-preview:large, max-video-preview:-1\" \/>\n<link rel=\"canonical\" href=\"https:\/\/panwinjet.com\/pt\/produto\/60000psi-uhp-waterjet-wate-blasting-hydro-jetting-triplex-plunger-blast-nozzle-2720-type-nozzles\/\" \/>\n<meta property=\"og:locale\" content=\"pt_PT\" \/>\n<meta property=\"og:type\" content=\"article\" \/>\n<meta property=\"og:title\" content=\"60000psi UHP Waterjet wate Blasting Hydro-jetting triplex Plunger blast nozzle 2720 Type nozzles - Panwin Machinery&amp;Equipment\" \/>\n<meta property=\"og:description\" content=\"Product Parameter (Specification) of60000psi UHP Waterjet wate Blasting Hydro-jetting triplex Plunger Pump blast nozzle 2720 Type nozzles  For this 60000psi UHP Waterjet wate Blasting Hydro-jetting triplex Plunger Pump blast nozzle 2720 Type nozzles  there are different Length size, and most popular length size is 10.50mm, the pressure is 60,000psi.details specification as mentioned below.   Product Feature And Application of 60000psi UHP Waterjet wate Blasting Hydro-jetting triplex Plunger Pump blast nozzle 2720 Type nozzles  The 60000psi UHP Waterjet wate Blasting Hydro-jetting triplex Plunger Pump blast nozzle 2720 Type nozzles are made of high-quality ruby and sapphire, it has advanced performance in spraying as mentioned below.  Nozzles Features:  Long-use time  High-Pressure Jets flow coherency  Powerful Spray stream  Excellent water Blasting performance  A:Long lifetime Constant Jet Quality  B:High-Power and Focus Jet Stream  C:High Energy density and straight Jet  D:User-friendly to install and disassembly\" \/>\n<meta property=\"og:url\" content=\"https:\/\/panwinjet.com\/pt\/produto\/60000psi-uhp-waterjet-wate-blasting-hydro-jetting-triplex-plunger-blast-nozzle-2720-type-nozzles\/\" \/>\n<meta property=\"og:site_name\" content=\"Panwin Machinery&amp;Equipment\" \/>\n<meta property=\"og:image\" content=\"https:\/\/panwinjet.com\/wp-content\/uploads\/2025\/09\/2720-\u55b7\u56342.jpg\" \/>\n\t<meta property=\"og:image:width\" content=\"1279\" \/>\n\t<meta property=\"og:image:height\" content=\"1706\" \/>\n\t<meta property=\"og:image:type\" content=\"image\/jpeg\" \/>\n<meta name=\"twitter:card\" content=\"summary_large_image\" \/>\n<meta name=\"twitter:label1\" content=\"Tempo estimado de leitura\" \/>\n\t<meta name=\"twitter:data1\" content=\"1 minuto\" \/>\n<script type=\"application\/ld+json\" class=\"yoast-schema-graph\">{\"@context\":\"https:\/\/schema.org\",\"@graph\":[{\"@type\":\"WebPage\",\"@id\":\"https:\/\/panwinjet.com\/product\/60000psi-uhp-waterjet-wate-blasting-hydro-jetting-triplex-plunger-blast-nozzle-2720-type-nozzles\/\",\"url\":\"https:\/\/panwinjet.com\/product\/60000psi-uhp-waterjet-wate-blasting-hydro-jetting-triplex-plunger-blast-nozzle-2720-type-nozzles\/\",\"name\":\"60000psi UHP Waterjet wate Blasting Hydro-jetting triplex Plunger blast nozzle 2720 Type nozzles - Panwin Machinery&amp;Equipment\",\"isPartOf\":{\"@id\":\"https:\/\/panwinjet.com\/#website\"},\"primaryImageOfPage\":{\"@id\":\"https:\/\/panwinjet.com\/product\/60000psi-uhp-waterjet-wate-blasting-hydro-jetting-triplex-plunger-blast-nozzle-2720-type-nozzles\/#primaryimage\"},\"image\":{\"@id\":\"https:\/\/panwinjet.com\/product\/60000psi-uhp-waterjet-wate-blasting-hydro-jetting-triplex-plunger-blast-nozzle-2720-type-nozzles\/#primaryimage\"},\"thumbnailUrl\":\"https:\/\/panwinjet.com\/wp-content\/uploads\/2025\/09\/2720-\u55b7\u56342.jpg\",\"datePublished\":\"2025-09-19T15:00:06+00:00\",\"breadcrumb\":{\"@id\":\"https:\/\/panwinjet.com\/product\/60000psi-uhp-waterjet-wate-blasting-hydro-jetting-triplex-plunger-blast-nozzle-2720-type-nozzles\/#breadcrumb\"},\"inLanguage\":\"pt-PT\",\"potentialAction\":[{\"@type\":\"ReadAction\",\"target\":[\"https:\/\/panwinjet.com\/product\/60000psi-uhp-waterjet-wate-blasting-hydro-jetting-triplex-plunger-blast-nozzle-2720-type-nozzles\/\"]}]},{\"@type\":\"ImageObject\",\"inLanguage\":\"pt-PT\",\"@id\":\"https:\/\/panwinjet.com\/product\/60000psi-uhp-waterjet-wate-blasting-hydro-jetting-triplex-plunger-blast-nozzle-2720-type-nozzles\/#primaryimage\",\"url\":\"https:\/\/panwinjet.com\/wp-content\/uploads\/2025\/09\/2720-\u55b7\u56342.jpg\",\"contentUrl\":\"https:\/\/panwinjet.com\/wp-content\/uploads\/2025\/09\/2720-\u55b7\u56342.jpg\",\"width\":1279,\"height\":1706},{\"@type\":\"BreadcrumbList\",\"@id\":\"https:\/\/panwinjet.com\/product\/60000psi-uhp-waterjet-wate-blasting-hydro-jetting-triplex-plunger-blast-nozzle-2720-type-nozzles\/#breadcrumb\",\"itemListElement\":[{\"@type\":\"ListItem\",\"position\":1,\"name\":\"\u9996\u9875\",\"item\":\"https:\/\/panwinjet.com\/\"},{\"@type\":\"ListItem\",\"position\":2,\"name\":\"PRODUCT\",\"item\":\"https:\/\/panwinjet.com\/product\/\"},{\"@type\":\"ListItem\",\"position\":3,\"name\":\"60000psi UHP Waterjet wate Blasting Hydro-jetting triplex Plunger blast nozzle 2720 Type nozzles\"}]},{\"@type\":\"WebSite\",\"@id\":\"https:\/\/panwinjet.com\/#website\",\"url\":\"https:\/\/panwinjet.com\/\",\"name\":\"Panwin Machinery&amp;Equipment\",\"description\":\"Shenzhen Panwin Machinery&amp;Equipment Co.Ltd\",\"potentialAction\":[{\"@type\":\"SearchAction\",\"target\":{\"@type\":\"EntryPoint\",\"urlTemplate\":\"https:\/\/panwinjet.com\/?s={search_term_string}\"},\"query-input\":{\"@type\":\"PropertyValueSpecification\",\"valueRequired\":true,\"valueName\":\"search_term_string\"}}],\"inLanguage\":\"pt-PT\"}]}<\/script>\n<!-- \/ Yoast SEO plugin. -->","yoast_head_json":{"title":"60000psi UHP Waterjet wate Blasting Hydro-jetting triplex Plunger blast nozzle 2720 Type nozzles - Panwin Machinery&amp;Equipment","robots":{"index":"index","follow":"follow","max-snippet":"max-snippet:-1","max-image-preview":"max-image-preview:large","max-video-preview":"max-video-preview:-1"},"canonical":"https:\/\/panwinjet.com\/pt\/produto\/60000psi-uhp-waterjet-wate-blasting-hydro-jetting-triplex-plunger-blast-nozzle-2720-type-nozzles\/","og_locale":"pt_PT","og_type":"article","og_title":"60000psi UHP Waterjet wate Blasting Hydro-jetting triplex Plunger blast nozzle 2720 Type nozzles - Panwin Machinery&amp;Equipment","og_description":"Product Parameter (Specification) of60000psi UHP Waterjet wate Blasting Hydro-jetting triplex Plunger Pump blast nozzle 2720 Type nozzles  For this 60000psi UHP Waterjet wate Blasting Hydro-jetting triplex Plunger Pump blast nozzle 2720 Type nozzles  there are different Length size, and most popular length size is 10.50mm, the pressure is 60,000psi.details specification as mentioned below.   Product Feature And Application of 60000psi UHP Waterjet wate Blasting Hydro-jetting triplex Plunger Pump blast nozzle 2720 Type nozzles  The 60000psi UHP Waterjet wate Blasting Hydro-jetting triplex Plunger Pump blast nozzle 2720 Type nozzles are made of high-quality ruby and sapphire, it has advanced performance in spraying as mentioned below.  Nozzles Features:  Long-use time  High-Pressure Jets flow coherency  Powerful Spray stream  Excellent water Blasting performance  A:Long lifetime Constant Jet Quality  B:High-Power and Focus Jet Stream  C:High Energy density and straight Jet  D:User-friendly to install and disassembly","og_url":"https:\/\/panwinjet.com\/pt\/produto\/60000psi-uhp-waterjet-wate-blasting-hydro-jetting-triplex-plunger-blast-nozzle-2720-type-nozzles\/","og_site_name":"Panwin Machinery&amp;Equipment","og_image":[{"width":1279,"height":1706,"url":"https:\/\/panwinjet.com\/wp-content\/uploads\/2025\/09\/2720-\u55b7\u56342.jpg","type":"image\/jpeg"}],"twitter_card":"summary_large_image","twitter_misc":{"Tempo estimado de leitura":"1 minuto"},"schema":{"@context":"https:\/\/schema.org","@graph":[{"@type":"WebPage","@id":"https:\/\/panwinjet.com\/product\/60000psi-uhp-waterjet-wate-blasting-hydro-jetting-triplex-plunger-blast-nozzle-2720-type-nozzles\/","url":"https:\/\/panwinjet.com\/product\/60000psi-uhp-waterjet-wate-blasting-hydro-jetting-triplex-plunger-blast-nozzle-2720-type-nozzles\/","name":"60000psi UHP Waterjet wate Blasting Hydro-jetting triplex Plunger blast nozzle 2720 Type nozzles - Panwin Machinery&amp;Equipment","isPartOf":{"@id":"https:\/\/panwinjet.com\/#website"},"primaryImageOfPage":{"@id":"https:\/\/panwinjet.com\/product\/60000psi-uhp-waterjet-wate-blasting-hydro-jetting-triplex-plunger-blast-nozzle-2720-type-nozzles\/#primaryimage"},"image":{"@id":"https:\/\/panwinjet.com\/product\/60000psi-uhp-waterjet-wate-blasting-hydro-jetting-triplex-plunger-blast-nozzle-2720-type-nozzles\/#primaryimage"},"thumbnailUrl":"https:\/\/panwinjet.com\/wp-content\/uploads\/2025\/09\/2720-\u55b7\u56342.jpg","datePublished":"2025-09-19T15:00:06+00:00","breadcrumb":{"@id":"https:\/\/panwinjet.com\/product\/60000psi-uhp-waterjet-wate-blasting-hydro-jetting-triplex-plunger-blast-nozzle-2720-type-nozzles\/#breadcrumb"},"inLanguage":"pt-PT","potentialAction":[{"@type":"ReadAction","target":["https:\/\/panwinjet.com\/product\/60000psi-uhp-waterjet-wate-blasting-hydro-jetting-triplex-plunger-blast-nozzle-2720-type-nozzles\/"]}]},{"@type":"ImageObject","inLanguage":"pt-PT","@id":"https:\/\/panwinjet.com\/product\/60000psi-uhp-waterjet-wate-blasting-hydro-jetting-triplex-plunger-blast-nozzle-2720-type-nozzles\/#primaryimage","url":"https:\/\/panwinjet.com\/wp-content\/uploads\/2025\/09\/2720-\u55b7\u56342.jpg","contentUrl":"https:\/\/panwinjet.com\/wp-content\/uploads\/2025\/09\/2720-\u55b7\u56342.jpg","width":1279,"height":1706},{"@type":"BreadcrumbList","@id":"https:\/\/panwinjet.com\/product\/60000psi-uhp-waterjet-wate-blasting-hydro-jetting-triplex-plunger-blast-nozzle-2720-type-nozzles\/#breadcrumb","itemListElement":[{"@type":"ListItem","position":1,"name":"\u9996\u9875","item":"https:\/\/panwinjet.com\/"},{"@type":"ListItem","position":2,"name":"PRODUCT","item":"https:\/\/panwinjet.com\/product\/"},{"@type":"ListItem","position":3,"name":"60000psi UHP Waterjet wate Blasting Hydro-jetting triplex Plunger blast nozzle 2720 Type nozzles"}]},{"@type":"WebSite","@id":"https:\/\/panwinjet.com\/#website","url":"https:\/\/panwinjet.com\/","name":"Panwin Machinery&amp;Equipment","description":"Shenzhen Panwin Machinery&amp;Equipment Co.Ltd","potentialAction":[{"@type":"SearchAction","target":{"@type":"EntryPoint","urlTemplate":"https:\/\/panwinjet.com\/?s={search_term_string}"},"query-input":{"@type":"PropertyValueSpecification","valueRequired":true,"valueName":"search_term_string"}}],"inLanguage":"pt-PT"}]}},"_links":{"self":[{"href":"https:\/\/panwinjet.com\/pt\/wp-json\/wp\/v2\/product\/867","targetHints":{"allow":["GET"]}}],"collection":[{"href":"https:\/\/panwinjet.com\/pt\/wp-json\/wp\/v2\/product"}],"about":[{"href":"https:\/\/panwinjet.com\/pt\/wp-json\/wp\/v2\/types\/product"}],"wp:featuredmedia":[{"embeddable":true,"href":"https:\/\/panwinjet.com\/pt\/wp-json\/wp\/v2\/media\/868"}],"wp:attachment":[{"href":"https:\/\/panwinjet.com\/pt\/wp-json\/wp\/v2\/media?parent=867"}],"wp:term":[{"taxonomy":"product_brand","embeddable":true,"href":"https:\/\/panwinjet.com\/pt\/wp-json\/wp\/v2\/product_brand?post=867"},{"taxonomy":"product_cat","embeddable":true,"href":"https:\/\/panwinjet.com\/pt\/wp-json\/wp\/v2\/product_cat?post=867"},{"taxonomy":"product_tag","embeddable":true,"href":"https:\/\/panwinjet.com\/pt\/wp-json\/wp\/v2\/product_tag?post=867"}],"curies":[{"name":"wp","href":"https:\/\/api.w.org\/{rel}","templated":true}]}}