{"id":836,"date":"2025-09-19T14:37:39","date_gmt":"2025-09-19T14:37:39","guid":{"rendered":"https:\/\/panwinjet.com\/?post_type=product&#038;p=836"},"modified":"2025-09-19T14:37:39","modified_gmt":"2025-09-19T14:37:39","slug":"uhp-water-blasting-cleaning-machine-nozzles-m10-0-25mm","status":"publish","type":"product","link":"https:\/\/panwinjet.com\/pt\/produto\/uhp-water-blasting-cleaning-machine-nozzles-m10-0-25mm\/","title":{"rendered":"Bicos para m\u00e1quina de limpeza por jateamento de \u00e1gua UHP M10-0,25 mm"},"content":{"rendered":"<p>1. Apresenta\u00e7\u00e3o do produto: Bicos M10 para m\u00e1quina de limpeza de tubula\u00e7\u00f5es petroqu\u00edmicas com jateamento de \u00e1gua pressurizado de 55 kpsi<br \/>\nPara esta m\u00e1quina de limpeza de tubula\u00e7\u00f5es petroqu\u00edmicas com jateamento de \u00e1gua sob press\u00e3o de 55 kpsi, os bicos M10 s\u00e3o pe\u00e7as-chave na opera\u00e7\u00e3o de limpeza com jateamento de \u00e1gua, garantindo alta efici\u00eancia e desempenho est\u00e1vel.<br \/>\nN\u00f3s, da Panwin, fornecemos aos nossos clientes bicos de alta qualidade para diferentes n\u00edveis de press\u00e3o. Nossos bicos possuem classifica\u00e7\u00e3o UHP de at\u00e9 55.000 psi, com conex\u00e3o de rosca 3\/8-24 UNF, podendo ser inseridos em bicos rotativos e barras de pulveriza\u00e7\u00e3o. O corpo dos bicos \u00e9 tratado termicamente e fabricado com material de safira de qualidade superior, garantindo longa vida \u00fatil e alta qualidade.<\/p>","protected":false},"excerpt":{"rendered":"<p>2. Par\u00e2metros do produto (especifica\u00e7\u00f5es) para m\u00e1quina de limpeza de tubula\u00e7\u00f5es petroqu\u00edmicas com jato de \u00e1gua de 55 kpsi - Bicos M10<br \/>\nPara esta m\u00e1quina de limpeza de tubula\u00e7\u00f5es petroqu\u00edmicas com jato de \u00e1gua de 55 kpsi, os bicos M10 est\u00e3o dispon\u00edveis em diversos tamanhos, conforme descrito a seguir:<\/p>\n<p>&nbsp;<\/p>\n<p>3. Caracter\u00edsticas e aplica\u00e7\u00f5es do produto: Bicos M10 para m\u00e1quina de limpeza de tubula\u00e7\u00f5es petroqu\u00edmicas com jateamento de \u00e1gua sob press\u00e3o de 30 kpsi<br \/>\nOs bicos M10 da m\u00e1quina de limpeza de tubula\u00e7\u00f5es petroqu\u00edmicas com jateamento de \u00e1gua pressurizado de 55 kpsi s\u00e3o feitos de rubi e safira de alta qualidade e apresentam bom desempenho de pulveriza\u00e7\u00e3o, conforme mencionado abaixo.<br \/>\nCaracter\u00edsticas dos bicos:<br \/>\nUso prolongado<br \/>\nCoer\u00eancia do fluxo de jatos de alta press\u00e3o<br \/>\nFluxo de pulveriza\u00e7\u00e3o potente<br \/>\nExcelente desempenho em jateamento de \u00e1gua<\/p>\n<p>&nbsp;<\/p>\n<p>4. Detalhes do produto: Pe\u00e7as para m\u00e1quina de limpeza de tubula\u00e7\u00f5es petroqu\u00edmicas com jateamento de \u00e1gua pressurizado de 55 kpsi - Bicos M10<br \/>\nPara os bicos M10 da m\u00e1quina de limpeza de tubula\u00e7\u00f5es petroqu\u00edmicas com jateamento de \u00e1gua sob press\u00e3o de 55 kpsi, temos diversos tamanhos e vaz\u00f5es diferentes, conforme detalhado nos indicadores de press\u00e3o de fluxo.<\/p>","protected":false},"featured_media":840,"template":"","meta":[],"product_brand":[],"product_cat":[3],"product_tag":[],"class_list":{"0":"post-836","1":"product","2":"type-product","3":"status-publish","4":"has-post-thumbnail","6":"product_cat-sapphire-nozzles","8":"first","9":"instock","10":"shipping-taxable","11":"product-type-simple"},"yoast_head":"<!-- This site is optimized with the Yoast SEO plugin v24.9 - https:\/\/yoast.com\/wordpress\/plugins\/seo\/ -->\n<title>UHP Water blasting cleaning machine nozzles M10-0.25mm - Panwin Machinery&amp;Equipment<\/title>\n<meta name=\"robots\" content=\"index, follow, max-snippet:-1, max-image-preview:large, max-video-preview:-1\" \/>\n<link rel=\"canonical\" href=\"https:\/\/panwinjet.com\/pt\/produto\/uhp-water-blasting-cleaning-machine-nozzles-m10-0-25mm\/\" \/>\n<meta property=\"og:locale\" content=\"pt_PT\" \/>\n<meta property=\"og:type\" content=\"article\" \/>\n<meta property=\"og:title\" content=\"UHP Water blasting cleaning machine nozzles M10-0.25mm - Panwin Machinery&amp;Equipment\" \/>\n<meta property=\"og:description\" content=\"2.Product Parameter(Specification) of 55kpsi Pressure Water blasting Petrochemical pipe cleaning machine parts M10 Nozzles For this 55kpsi Pressure Water blasting Petrochemical pipe cleaning machine parts M10 Nozzles, the Pressure is 55kpsi and we have various size as follows:  &nbsp;  3.Product Feature And Application of 30kpsi Pressure Water blasting Petrochemical pipe cleaning machine parts M10 Nozzles The 55kpsi Pressure Water blasting Petrochemical pipe cleaning machine parts M10 Nozzles are made of high-quality ruby and sapphire, it has good performance in spraying as mentioned below. Nozzles Features: Long life use High-Pressure Jets flow coherency Powerful Spraying flow Excellent water Blasting performance  &nbsp;  4.Product Details of 55kpsi Pressure Water blasting Petrochemical pipe cleaning machine parts M10 Nozzles For the 55kpsi Pressure Water blasting Petrochemical pipe cleaning machine parts M10 Nozzles, we have various size, different size and has different flow rate, and details as will mentioned in the Flow pressure indicators.\" \/>\n<meta property=\"og:url\" content=\"https:\/\/panwinjet.com\/pt\/produto\/uhp-water-blasting-cleaning-machine-nozzles-m10-0-25mm\/\" \/>\n<meta property=\"og:site_name\" content=\"Panwin Machinery&amp;Equipment\" \/>\n<meta property=\"og:image\" content=\"https:\/\/panwinjet.com\/wp-content\/uploads\/2025\/09\/\u5b9d\u77f3\u55b7\u5634-3-scaled.jpg\" \/>\n\t<meta property=\"og:image:width\" content=\"2560\" \/>\n\t<meta property=\"og:image:height\" content=\"1920\" \/>\n\t<meta property=\"og:image:type\" content=\"image\/jpeg\" \/>\n<meta name=\"twitter:card\" content=\"summary_large_image\" \/>\n<meta name=\"twitter:label1\" content=\"Tempo estimado de leitura\" \/>\n\t<meta name=\"twitter:data1\" content=\"1 minuto\" \/>\n<script type=\"application\/ld+json\" class=\"yoast-schema-graph\">{\"@context\":\"https:\/\/schema.org\",\"@graph\":[{\"@type\":\"WebPage\",\"@id\":\"https:\/\/panwinjet.com\/product\/uhp-water-blasting-cleaning-machine-nozzles-m10-0-25mm\/\",\"url\":\"https:\/\/panwinjet.com\/product\/uhp-water-blasting-cleaning-machine-nozzles-m10-0-25mm\/\",\"name\":\"UHP Water blasting cleaning machine nozzles M10-0.25mm - Panwin Machinery&amp;Equipment\",\"isPartOf\":{\"@id\":\"https:\/\/panwinjet.com\/#website\"},\"primaryImageOfPage\":{\"@id\":\"https:\/\/panwinjet.com\/product\/uhp-water-blasting-cleaning-machine-nozzles-m10-0-25mm\/#primaryimage\"},\"image\":{\"@id\":\"https:\/\/panwinjet.com\/product\/uhp-water-blasting-cleaning-machine-nozzles-m10-0-25mm\/#primaryimage\"},\"thumbnailUrl\":\"https:\/\/panwinjet.com\/wp-content\/uploads\/2025\/09\/\u5b9d\u77f3\u55b7\u5634-3-scaled.jpg\",\"datePublished\":\"2025-09-19T14:37:39+00:00\",\"breadcrumb\":{\"@id\":\"https:\/\/panwinjet.com\/product\/uhp-water-blasting-cleaning-machine-nozzles-m10-0-25mm\/#breadcrumb\"},\"inLanguage\":\"pt-PT\",\"potentialAction\":[{\"@type\":\"ReadAction\",\"target\":[\"https:\/\/panwinjet.com\/product\/uhp-water-blasting-cleaning-machine-nozzles-m10-0-25mm\/\"]}]},{\"@type\":\"ImageObject\",\"inLanguage\":\"pt-PT\",\"@id\":\"https:\/\/panwinjet.com\/product\/uhp-water-blasting-cleaning-machine-nozzles-m10-0-25mm\/#primaryimage\",\"url\":\"https:\/\/panwinjet.com\/wp-content\/uploads\/2025\/09\/\u5b9d\u77f3\u55b7\u5634-3-scaled.jpg\",\"contentUrl\":\"https:\/\/panwinjet.com\/wp-content\/uploads\/2025\/09\/\u5b9d\u77f3\u55b7\u5634-3-scaled.jpg\",\"width\":2560,\"height\":1920},{\"@type\":\"BreadcrumbList\",\"@id\":\"https:\/\/panwinjet.com\/product\/uhp-water-blasting-cleaning-machine-nozzles-m10-0-25mm\/#breadcrumb\",\"itemListElement\":[{\"@type\":\"ListItem\",\"position\":1,\"name\":\"\u9996\u9875\",\"item\":\"https:\/\/panwinjet.com\/\"},{\"@type\":\"ListItem\",\"position\":2,\"name\":\"PRODUCT\",\"item\":\"https:\/\/panwinjet.com\/product\/\"},{\"@type\":\"ListItem\",\"position\":3,\"name\":\"UHP Water blasting cleaning machine nozzles M10-0.25mm\"}]},{\"@type\":\"WebSite\",\"@id\":\"https:\/\/panwinjet.com\/#website\",\"url\":\"https:\/\/panwinjet.com\/\",\"name\":\"Panwin Machinery&amp;Equipment\",\"description\":\"Shenzhen Panwin Machinery&amp;Equipment Co.Ltd\",\"potentialAction\":[{\"@type\":\"SearchAction\",\"target\":{\"@type\":\"EntryPoint\",\"urlTemplate\":\"https:\/\/panwinjet.com\/?s={search_term_string}\"},\"query-input\":{\"@type\":\"PropertyValueSpecification\",\"valueRequired\":true,\"valueName\":\"search_term_string\"}}],\"inLanguage\":\"pt-PT\"}]}<\/script>\n<!-- \/ Yoast SEO plugin. -->","yoast_head_json":{"title":"UHP Water blasting cleaning machine nozzles M10-0.25mm - Panwin Machinery&amp;Equipment","robots":{"index":"index","follow":"follow","max-snippet":"max-snippet:-1","max-image-preview":"max-image-preview:large","max-video-preview":"max-video-preview:-1"},"canonical":"https:\/\/panwinjet.com\/pt\/produto\/uhp-water-blasting-cleaning-machine-nozzles-m10-0-25mm\/","og_locale":"pt_PT","og_type":"article","og_title":"UHP Water blasting cleaning machine nozzles M10-0.25mm - Panwin Machinery&amp;Equipment","og_description":"2.Product Parameter(Specification) of 55kpsi Pressure Water blasting Petrochemical pipe cleaning machine parts M10 Nozzles For this 55kpsi Pressure Water blasting Petrochemical pipe cleaning machine parts M10 Nozzles, the Pressure is 55kpsi and we have various size as follows:  &nbsp;  3.Product Feature And Application of 30kpsi Pressure Water blasting Petrochemical pipe cleaning machine parts M10 Nozzles The 55kpsi Pressure Water blasting Petrochemical pipe cleaning machine parts M10 Nozzles are made of high-quality ruby and sapphire, it has good performance in spraying as mentioned below. Nozzles Features: Long life use High-Pressure Jets flow coherency Powerful Spraying flow Excellent water Blasting performance  &nbsp;  4.Product Details of 55kpsi Pressure Water blasting Petrochemical pipe cleaning machine parts M10 Nozzles For the 55kpsi Pressure Water blasting Petrochemical pipe cleaning machine parts M10 Nozzles, we have various size, different size and has different flow rate, and details as will mentioned in the Flow pressure indicators.","og_url":"https:\/\/panwinjet.com\/pt\/produto\/uhp-water-blasting-cleaning-machine-nozzles-m10-0-25mm\/","og_site_name":"Panwin Machinery&amp;Equipment","og_image":[{"width":2560,"height":1920,"url":"https:\/\/panwinjet.com\/wp-content\/uploads\/2025\/09\/\u5b9d\u77f3\u55b7\u5634-3-scaled.jpg","type":"image\/jpeg"}],"twitter_card":"summary_large_image","twitter_misc":{"Tempo estimado de leitura":"1 minuto"},"schema":{"@context":"https:\/\/schema.org","@graph":[{"@type":"WebPage","@id":"https:\/\/panwinjet.com\/product\/uhp-water-blasting-cleaning-machine-nozzles-m10-0-25mm\/","url":"https:\/\/panwinjet.com\/product\/uhp-water-blasting-cleaning-machine-nozzles-m10-0-25mm\/","name":"UHP Water blasting cleaning machine nozzles M10-0.25mm - Panwin Machinery&amp;Equipment","isPartOf":{"@id":"https:\/\/panwinjet.com\/#website"},"primaryImageOfPage":{"@id":"https:\/\/panwinjet.com\/product\/uhp-water-blasting-cleaning-machine-nozzles-m10-0-25mm\/#primaryimage"},"image":{"@id":"https:\/\/panwinjet.com\/product\/uhp-water-blasting-cleaning-machine-nozzles-m10-0-25mm\/#primaryimage"},"thumbnailUrl":"https:\/\/panwinjet.com\/wp-content\/uploads\/2025\/09\/\u5b9d\u77f3\u55b7\u5634-3-scaled.jpg","datePublished":"2025-09-19T14:37:39+00:00","breadcrumb":{"@id":"https:\/\/panwinjet.com\/product\/uhp-water-blasting-cleaning-machine-nozzles-m10-0-25mm\/#breadcrumb"},"inLanguage":"pt-PT","potentialAction":[{"@type":"ReadAction","target":["https:\/\/panwinjet.com\/product\/uhp-water-blasting-cleaning-machine-nozzles-m10-0-25mm\/"]}]},{"@type":"ImageObject","inLanguage":"pt-PT","@id":"https:\/\/panwinjet.com\/product\/uhp-water-blasting-cleaning-machine-nozzles-m10-0-25mm\/#primaryimage","url":"https:\/\/panwinjet.com\/wp-content\/uploads\/2025\/09\/\u5b9d\u77f3\u55b7\u5634-3-scaled.jpg","contentUrl":"https:\/\/panwinjet.com\/wp-content\/uploads\/2025\/09\/\u5b9d\u77f3\u55b7\u5634-3-scaled.jpg","width":2560,"height":1920},{"@type":"BreadcrumbList","@id":"https:\/\/panwinjet.com\/product\/uhp-water-blasting-cleaning-machine-nozzles-m10-0-25mm\/#breadcrumb","itemListElement":[{"@type":"ListItem","position":1,"name":"\u9996\u9875","item":"https:\/\/panwinjet.com\/"},{"@type":"ListItem","position":2,"name":"PRODUCT","item":"https:\/\/panwinjet.com\/product\/"},{"@type":"ListItem","position":3,"name":"UHP Water blasting cleaning machine nozzles M10-0.25mm"}]},{"@type":"WebSite","@id":"https:\/\/panwinjet.com\/#website","url":"https:\/\/panwinjet.com\/","name":"Panwin Machinery&amp;Equipment","description":"Shenzhen Panwin Machinery&amp;Equipment Co.Ltd","potentialAction":[{"@type":"SearchAction","target":{"@type":"EntryPoint","urlTemplate":"https:\/\/panwinjet.com\/?s={search_term_string}"},"query-input":{"@type":"PropertyValueSpecification","valueRequired":true,"valueName":"search_term_string"}}],"inLanguage":"pt-PT"}]}},"_links":{"self":[{"href":"https:\/\/panwinjet.com\/pt\/wp-json\/wp\/v2\/product\/836","targetHints":{"allow":["GET"]}}],"collection":[{"href":"https:\/\/panwinjet.com\/pt\/wp-json\/wp\/v2\/product"}],"about":[{"href":"https:\/\/panwinjet.com\/pt\/wp-json\/wp\/v2\/types\/product"}],"wp:featuredmedia":[{"embeddable":true,"href":"https:\/\/panwinjet.com\/pt\/wp-json\/wp\/v2\/media\/840"}],"wp:attachment":[{"href":"https:\/\/panwinjet.com\/pt\/wp-json\/wp\/v2\/media?parent=836"}],"wp:term":[{"taxonomy":"product_brand","embeddable":true,"href":"https:\/\/panwinjet.com\/pt\/wp-json\/wp\/v2\/product_brand?post=836"},{"taxonomy":"product_cat","embeddable":true,"href":"https:\/\/panwinjet.com\/pt\/wp-json\/wp\/v2\/product_cat?post=836"},{"taxonomy":"product_tag","embeddable":true,"href":"https:\/\/panwinjet.com\/pt\/wp-json\/wp\/v2\/product_tag?post=836"}],"curies":[{"name":"wp","href":"https:\/\/api.w.org\/{rel}","templated":true}]}}