{"id":829,"date":"2025-09-19T14:29:39","date_gmt":"2025-09-19T14:29:39","guid":{"rendered":"https:\/\/panwinjet.com\/?post_type=product&#038;p=829"},"modified":"2025-09-19T14:29:39","modified_gmt":"2025-09-19T14:29:39","slug":"water-blasting-cleaning-machine-nozzles-3-8-24-0-25mm","status":"publish","type":"product","link":"https:\/\/panwinjet.com\/pt\/produto\/water-blasting-cleaning-machine-nozzles-3-8-24-0-25mm\/","title":{"rendered":"Bicos para m\u00e1quina de limpeza com jato de \u00e1gua 3\/8-24-0,25 mm"},"content":{"rendered":"<p>Bicos de 3\/8-24 para m\u00e1quina de limpeza qu\u00edmica com jato de \u00e1gua sob press\u00e3o de 55Kpsi<br \/>\n1. Apresenta\u00e7\u00e3o do produto: Componentes da m\u00e1quina de limpeza para ind\u00fastria qu\u00edmica com jato de \u00e1gua de 55Kpsi, bicos 3\/8-24 - 0,25mm<br \/>\nPara os componentes da m\u00e1quina de limpeza por jateamento de \u00e1gua com press\u00e3o de 55 kpsi na ind\u00fastria qu\u00edmica, os bicos 3\/8-24 s\u00e3o componentes essenciais para uma opera\u00e7\u00e3o de limpeza por jateamento de \u00e1gua, garantindo alta efici\u00eancia e desempenho est\u00e1vel.<br \/>\nN\u00f3s, da Panwin, fornecemos aos nossos clientes bicos de alta qualidade para diferentes n\u00edveis de press\u00e3o. Nossos bicos possuem classifica\u00e7\u00e3o UHP de at\u00e9 55.000 psi, com conex\u00e3o de rosca 3\/8-24 UNF, podendo ser inseridos em bicos rotativos e barras de pulveriza\u00e7\u00e3o. O corpo dos bicos \u00e9 tratado termicamente e fabricado com material de safira de qualidade superior, garantindo longa vida \u00fatil e alta qualidade.<\/p>","protected":false},"excerpt":{"rendered":"<p>Para esta m\u00e1quina de limpeza qu\u00edmica com jato de \u00e1gua de 55.000 psi, os bicos 3\/8-24 est\u00e3o dispon\u00edveis em dois tipos com \u00e2ngulo de conicidade de 60\u00b0 e 120\u00b0, e a press\u00e3o \u00e9 de 55.000 psi. As especifica\u00e7\u00f5es detalhadas s\u00e3o mencionadas abaixo. Bico PW-3\/8-24-B Tipo A<\/p>\n<p>Bocal PW-3\/8-24-B Tipo B<\/p>\n<p>3. Caracter\u00edsticas e aplica\u00e7\u00f5es do produto: Componentes para m\u00e1quina de limpeza qu\u00edmica com jato de \u00e1gua de 20 psi e bicos de 3\/8-24<br \/>\nOs componentes da m\u00e1quina de limpeza para ind\u00fastria qu\u00edmica com jato de \u00e1gua de 20 psi, incluindo os bicos 3\/8-24, s\u00e3o feitos de rubi e safira de alta qualidade e apresentam desempenho avan\u00e7ado em pulveriza\u00e7\u00e3o, conforme mencionado abaixo.<br \/>\nCaracter\u00edsticas dos bicos:<br \/>\nTempo de uso prolongado<br \/>\nCoer\u00eancia do fluxo de jatos de alta press\u00e3o<br \/>\nJato de spray potente<br \/>\nExcelente desempenho em jateamento de \u00e1gua<\/p>","protected":false},"featured_media":833,"template":"","meta":[],"product_brand":[],"product_cat":[3],"product_tag":[],"class_list":{"0":"post-829","1":"product","2":"type-product","3":"status-publish","4":"has-post-thumbnail","6":"product_cat-sapphire-nozzles","8":"first","9":"instock","10":"shipping-taxable","11":"product-type-simple"},"yoast_head":"<!-- This site is optimized with the Yoast SEO plugin v24.9 - https:\/\/yoast.com\/wordpress\/plugins\/seo\/ -->\n<title>Water blasting cleaning machine nozzles 3\/8-24-0.25mm - Panwin Machinery&amp;Equipment<\/title>\n<meta name=\"robots\" content=\"index, follow, max-snippet:-1, max-image-preview:large, max-video-preview:-1\" \/>\n<link rel=\"canonical\" href=\"https:\/\/panwinjet.com\/pt\/produto\/water-blasting-cleaning-machine-nozzles-3-8-24-0-25mm\/\" \/>\n<meta property=\"og:locale\" content=\"pt_PT\" \/>\n<meta property=\"og:type\" content=\"article\" \/>\n<meta property=\"og:title\" content=\"Water blasting cleaning machine nozzles 3\/8-24-0.25mm - Panwin Machinery&amp;Equipment\" \/>\n<meta property=\"og:description\" content=\"For this 55Kpsi Pressure Water blasting chemical industry cleaning machine components 3\/8-24 Nozzles, there are two types with Taper angle 60\u00b0and 120\u00b0, the pressure is 55,000psi.details specification as mentioned below.PW-3\/8-24-B Nozzle Type A  PW-3\/8-24-B Nozzle Type B  3.Product Feature And Application of 20psi Pressure Water blasting chemical industry cleaning machine components 3\/8-24 Nozzles The 20psi Pressure Water blasting chemical industry cleaning machine components 3\/8-24 Nozzles are made of high-quality ruby and sapphire, it has advanced performance in spraying as mentioned below. Nozzles Features: Long-use time High-Pressure Jets flow coherency Powerful Spray stream Excellent water Blasting performance\" \/>\n<meta property=\"og:url\" content=\"https:\/\/panwinjet.com\/pt\/produto\/water-blasting-cleaning-machine-nozzles-3-8-24-0-25mm\/\" \/>\n<meta property=\"og:site_name\" content=\"Panwin Machinery&amp;Equipment\" \/>\n<meta property=\"og:image\" content=\"https:\/\/panwinjet.com\/wp-content\/uploads\/2025\/09\/3-8-0.25-5.jpg\" \/>\n\t<meta property=\"og:image:width\" content=\"1706\" \/>\n\t<meta property=\"og:image:height\" content=\"1279\" \/>\n\t<meta property=\"og:image:type\" content=\"image\/jpeg\" \/>\n<meta name=\"twitter:card\" content=\"summary_large_image\" \/>\n<meta name=\"twitter:label1\" content=\"Tempo estimado de leitura\" \/>\n\t<meta name=\"twitter:data1\" content=\"1 minuto\" \/>\n<script type=\"application\/ld+json\" class=\"yoast-schema-graph\">{\"@context\":\"https:\/\/schema.org\",\"@graph\":[{\"@type\":\"WebPage\",\"@id\":\"https:\/\/panwinjet.com\/product\/water-blasting-cleaning-machine-nozzles-3-8-24-0-25mm\/\",\"url\":\"https:\/\/panwinjet.com\/product\/water-blasting-cleaning-machine-nozzles-3-8-24-0-25mm\/\",\"name\":\"Water blasting cleaning machine nozzles 3\/8-24-0.25mm - Panwin Machinery&amp;Equipment\",\"isPartOf\":{\"@id\":\"https:\/\/panwinjet.com\/#website\"},\"primaryImageOfPage\":{\"@id\":\"https:\/\/panwinjet.com\/product\/water-blasting-cleaning-machine-nozzles-3-8-24-0-25mm\/#primaryimage\"},\"image\":{\"@id\":\"https:\/\/panwinjet.com\/product\/water-blasting-cleaning-machine-nozzles-3-8-24-0-25mm\/#primaryimage\"},\"thumbnailUrl\":\"https:\/\/panwinjet.com\/wp-content\/uploads\/2025\/09\/3-8-0.25-5.jpg\",\"datePublished\":\"2025-09-19T14:29:39+00:00\",\"breadcrumb\":{\"@id\":\"https:\/\/panwinjet.com\/product\/water-blasting-cleaning-machine-nozzles-3-8-24-0-25mm\/#breadcrumb\"},\"inLanguage\":\"pt-PT\",\"potentialAction\":[{\"@type\":\"ReadAction\",\"target\":[\"https:\/\/panwinjet.com\/product\/water-blasting-cleaning-machine-nozzles-3-8-24-0-25mm\/\"]}]},{\"@type\":\"ImageObject\",\"inLanguage\":\"pt-PT\",\"@id\":\"https:\/\/panwinjet.com\/product\/water-blasting-cleaning-machine-nozzles-3-8-24-0-25mm\/#primaryimage\",\"url\":\"https:\/\/panwinjet.com\/wp-content\/uploads\/2025\/09\/3-8-0.25-5.jpg\",\"contentUrl\":\"https:\/\/panwinjet.com\/wp-content\/uploads\/2025\/09\/3-8-0.25-5.jpg\",\"width\":1706,\"height\":1279},{\"@type\":\"BreadcrumbList\",\"@id\":\"https:\/\/panwinjet.com\/product\/water-blasting-cleaning-machine-nozzles-3-8-24-0-25mm\/#breadcrumb\",\"itemListElement\":[{\"@type\":\"ListItem\",\"position\":1,\"name\":\"\u9996\u9875\",\"item\":\"https:\/\/panwinjet.com\/\"},{\"@type\":\"ListItem\",\"position\":2,\"name\":\"PRODUCT\",\"item\":\"https:\/\/panwinjet.com\/product\/\"},{\"@type\":\"ListItem\",\"position\":3,\"name\":\"Water blasting cleaning machine nozzles 3\/8-24-0.25mm\"}]},{\"@type\":\"WebSite\",\"@id\":\"https:\/\/panwinjet.com\/#website\",\"url\":\"https:\/\/panwinjet.com\/\",\"name\":\"Panwin Machinery&amp;Equipment\",\"description\":\"Shenzhen Panwin Machinery&amp;Equipment Co.Ltd\",\"potentialAction\":[{\"@type\":\"SearchAction\",\"target\":{\"@type\":\"EntryPoint\",\"urlTemplate\":\"https:\/\/panwinjet.com\/?s={search_term_string}\"},\"query-input\":{\"@type\":\"PropertyValueSpecification\",\"valueRequired\":true,\"valueName\":\"search_term_string\"}}],\"inLanguage\":\"pt-PT\"}]}<\/script>\n<!-- \/ Yoast SEO plugin. -->","yoast_head_json":{"title":"Water blasting cleaning machine nozzles 3\/8-24-0.25mm - Panwin Machinery&amp;Equipment","robots":{"index":"index","follow":"follow","max-snippet":"max-snippet:-1","max-image-preview":"max-image-preview:large","max-video-preview":"max-video-preview:-1"},"canonical":"https:\/\/panwinjet.com\/pt\/produto\/water-blasting-cleaning-machine-nozzles-3-8-24-0-25mm\/","og_locale":"pt_PT","og_type":"article","og_title":"Water blasting cleaning machine nozzles 3\/8-24-0.25mm - Panwin Machinery&amp;Equipment","og_description":"For this 55Kpsi Pressure Water blasting chemical industry cleaning machine components 3\/8-24 Nozzles, there are two types with Taper angle 60\u00b0and 120\u00b0, the pressure is 55,000psi.details specification as mentioned below.PW-3\/8-24-B Nozzle Type A  PW-3\/8-24-B Nozzle Type B  3.Product Feature And Application of 20psi Pressure Water blasting chemical industry cleaning machine components 3\/8-24 Nozzles The 20psi Pressure Water blasting chemical industry cleaning machine components 3\/8-24 Nozzles are made of high-quality ruby and sapphire, it has advanced performance in spraying as mentioned below. Nozzles Features: Long-use time High-Pressure Jets flow coherency Powerful Spray stream Excellent water Blasting performance","og_url":"https:\/\/panwinjet.com\/pt\/produto\/water-blasting-cleaning-machine-nozzles-3-8-24-0-25mm\/","og_site_name":"Panwin Machinery&amp;Equipment","og_image":[{"width":1706,"height":1279,"url":"https:\/\/panwinjet.com\/wp-content\/uploads\/2025\/09\/3-8-0.25-5.jpg","type":"image\/jpeg"}],"twitter_card":"summary_large_image","twitter_misc":{"Tempo estimado de leitura":"1 minuto"},"schema":{"@context":"https:\/\/schema.org","@graph":[{"@type":"WebPage","@id":"https:\/\/panwinjet.com\/product\/water-blasting-cleaning-machine-nozzles-3-8-24-0-25mm\/","url":"https:\/\/panwinjet.com\/product\/water-blasting-cleaning-machine-nozzles-3-8-24-0-25mm\/","name":"Water blasting cleaning machine nozzles 3\/8-24-0.25mm - Panwin Machinery&amp;Equipment","isPartOf":{"@id":"https:\/\/panwinjet.com\/#website"},"primaryImageOfPage":{"@id":"https:\/\/panwinjet.com\/product\/water-blasting-cleaning-machine-nozzles-3-8-24-0-25mm\/#primaryimage"},"image":{"@id":"https:\/\/panwinjet.com\/product\/water-blasting-cleaning-machine-nozzles-3-8-24-0-25mm\/#primaryimage"},"thumbnailUrl":"https:\/\/panwinjet.com\/wp-content\/uploads\/2025\/09\/3-8-0.25-5.jpg","datePublished":"2025-09-19T14:29:39+00:00","breadcrumb":{"@id":"https:\/\/panwinjet.com\/product\/water-blasting-cleaning-machine-nozzles-3-8-24-0-25mm\/#breadcrumb"},"inLanguage":"pt-PT","potentialAction":[{"@type":"ReadAction","target":["https:\/\/panwinjet.com\/product\/water-blasting-cleaning-machine-nozzles-3-8-24-0-25mm\/"]}]},{"@type":"ImageObject","inLanguage":"pt-PT","@id":"https:\/\/panwinjet.com\/product\/water-blasting-cleaning-machine-nozzles-3-8-24-0-25mm\/#primaryimage","url":"https:\/\/panwinjet.com\/wp-content\/uploads\/2025\/09\/3-8-0.25-5.jpg","contentUrl":"https:\/\/panwinjet.com\/wp-content\/uploads\/2025\/09\/3-8-0.25-5.jpg","width":1706,"height":1279},{"@type":"BreadcrumbList","@id":"https:\/\/panwinjet.com\/product\/water-blasting-cleaning-machine-nozzles-3-8-24-0-25mm\/#breadcrumb","itemListElement":[{"@type":"ListItem","position":1,"name":"\u9996\u9875","item":"https:\/\/panwinjet.com\/"},{"@type":"ListItem","position":2,"name":"PRODUCT","item":"https:\/\/panwinjet.com\/product\/"},{"@type":"ListItem","position":3,"name":"Water blasting cleaning machine nozzles 3\/8-24-0.25mm"}]},{"@type":"WebSite","@id":"https:\/\/panwinjet.com\/#website","url":"https:\/\/panwinjet.com\/","name":"Panwin Machinery&amp;Equipment","description":"Shenzhen Panwin Machinery&amp;Equipment Co.Ltd","potentialAction":[{"@type":"SearchAction","target":{"@type":"EntryPoint","urlTemplate":"https:\/\/panwinjet.com\/?s={search_term_string}"},"query-input":{"@type":"PropertyValueSpecification","valueRequired":true,"valueName":"search_term_string"}}],"inLanguage":"pt-PT"}]}},"_links":{"self":[{"href":"https:\/\/panwinjet.com\/pt\/wp-json\/wp\/v2\/product\/829","targetHints":{"allow":["GET"]}}],"collection":[{"href":"https:\/\/panwinjet.com\/pt\/wp-json\/wp\/v2\/product"}],"about":[{"href":"https:\/\/panwinjet.com\/pt\/wp-json\/wp\/v2\/types\/product"}],"wp:featuredmedia":[{"embeddable":true,"href":"https:\/\/panwinjet.com\/pt\/wp-json\/wp\/v2\/media\/833"}],"wp:attachment":[{"href":"https:\/\/panwinjet.com\/pt\/wp-json\/wp\/v2\/media?parent=829"}],"wp:term":[{"taxonomy":"product_brand","embeddable":true,"href":"https:\/\/panwinjet.com\/pt\/wp-json\/wp\/v2\/product_brand?post=829"},{"taxonomy":"product_cat","embeddable":true,"href":"https:\/\/panwinjet.com\/pt\/wp-json\/wp\/v2\/product_cat?post=829"},{"taxonomy":"product_tag","embeddable":true,"href":"https:\/\/panwinjet.com\/pt\/wp-json\/wp\/v2\/product_tag?post=829"}],"curies":[{"name":"wp","href":"https:\/\/api.w.org\/{rel}","templated":true}]}}