{"id":785,"date":"2025-09-19T09:26:14","date_gmt":"2025-09-19T09:26:14","guid":{"rendered":"https:\/\/panwinjet.com\/?post_type=product&#038;p=785"},"modified":"2025-09-19T09:26:14","modified_gmt":"2025-09-19T09:26:14","slug":"water-blasting-automotive-industry-cleaning-machine-parts-20k-replacement-cartridge","status":"publish","type":"product","link":"https:\/\/panwinjet.com\/pt\/produto\/water-blasting-automotive-industry-cleaning-machine-parts-20k-replacement-cartridge\/","title":{"rendered":"Cartucho de reposi\u00e7\u00e3o 20K para m\u00e1quinas de limpeza de pe\u00e7as automotivas com jateamento de \u00e1gua"},"content":{"rendered":"<p>Cartucho de reposi\u00e7\u00e3o 20K para m\u00e1quinas de limpeza de pe\u00e7as automotivas com jateamento de \u00e1gua<br \/>\n1. Apresenta\u00e7\u00e3o do produto: Cartucho de reposi\u00e7\u00e3o 20K para m\u00e1quina de limpeza automotiva por jateamento de \u00e1gua<br \/>\nEste cartucho de reposi\u00e7\u00e3o para m\u00e1quina de limpeza automotiva com jato de \u00e1gua, com press\u00e3o de 20kpsi, \u00e9 essencial para o funcionamento da pistola de controle. Possui design avan\u00e7ado, permitindo que o operador ou t\u00e9cnico de manuten\u00e7\u00e3o realize a manuten\u00e7\u00e3o em pouco tempo.<\/p>\n<p>2. Par\u00e2metros do produto (especifica\u00e7\u00f5es) do cartucho de reposi\u00e7\u00e3o 20K para m\u00e1quinas de limpeza automotiva por jateamento de \u00e1gua<br \/>\nO cartucho de reposi\u00e7\u00e3o 20K para m\u00e1quinas de limpeza automotiva com jato de \u00e1gua \u00e9 compat\u00edvel com as pistolas de controle DuraSafe tipo Dump e com a pe\u00e7a Jetstream n\u00ba 51869 (59372).<\/p>","protected":false},"excerpt":{"rendered":"<p>3. Caracter\u00edsticas e aplica\u00e7\u00f5es do cartucho de reposi\u00e7\u00e3o 20K para m\u00e1quinas de limpeza de pe\u00e7as automotivas com jateamento de \u00e1gua.<br \/>\nO cartucho de reposi\u00e7\u00e3o 20K para m\u00e1quinas de limpeza automotiva com jato de \u00e1gua \u00e9 feito de a\u00e7o inoxid\u00e1vel de alta qualidade e alta densidade.<br \/>\nA pistola de controle com press\u00e3o nominal de 20.000 psi pode utilizar este cartucho para reconstruir completamente a pistola em um minuto, e apresenta as seguintes caracter\u00edsticas:<br \/>\nA: Material de a\u00e7o inoxid\u00e1vel de alta qualidade e alta densidade<br \/>\nB: Design avan\u00e7ado para facilitar a manuten\u00e7\u00e3o<br \/>\nC: Tempo de inatividade m\u00ednimo para fins de economia de tempo<\/p>\n<p>Aplicativo:<br \/>\nEste cartucho de reposi\u00e7\u00e3o 20K para m\u00e1quina de limpeza automotiva com jato de \u00e1gua \u00e9 compat\u00edvel com as pistolas de controle DuraSafe tipo dump. A pistola de controle \u00e9 essencial em qualquer aplica\u00e7\u00e3o de limpeza manual com jato de \u00e1gua, como limpeza de tubos e canos, limpeza de superf\u00edcies, limpeza de tanques e vasos de press\u00e3o, limpeza de trocadores de calor, limpeza de pintura automotiva, limpeza na ind\u00fastria de minera\u00e7\u00e3o, limpeza em sider\u00fargicas, etc.<\/p>","protected":false},"featured_media":790,"template":"","meta":[],"product_brand":[],"product_cat":[4],"product_tag":[],"class_list":{"0":"post-785","1":"product","2":"type-product","3":"status-publish","4":"has-post-thumbnail","6":"product_cat-uhp-blasting-hand-air-gun","8":"first","9":"instock","10":"shipping-taxable","11":"product-type-simple"},"yoast_head":"<!-- This site is optimized with the Yoast SEO plugin v24.9 - https:\/\/yoast.com\/wordpress\/plugins\/seo\/ -->\n<title>Water blasting automotive industry cleaning machine parts 20K Replacement Cartridge - Panwin Machinery&amp;Equipment<\/title>\n<meta name=\"robots\" content=\"index, follow, max-snippet:-1, max-image-preview:large, max-video-preview:-1\" \/>\n<link rel=\"canonical\" href=\"https:\/\/panwinjet.com\/pt\/produto\/water-blasting-automotive-industry-cleaning-machine-parts-20k-replacement-cartridge\/\" \/>\n<meta property=\"og:locale\" content=\"pt_PT\" \/>\n<meta property=\"og:type\" content=\"article\" \/>\n<meta property=\"og:title\" content=\"Water blasting automotive industry cleaning machine parts 20K Replacement Cartridge - Panwin Machinery&amp;Equipment\" \/>\n<meta property=\"og:description\" content=\"3.Product Feature And Application of Water blasting automotive industry cleaning machine parts 20K Replacement Cartridge The Water blasting automotive industry cleaning machine parts 20K Replacement Cartridge made of the high-grade and high-density stainless Steel, and all the 20Kpsi pressure rated control gun can utilize this cartridge to completely rebuild the gun within one minute, and features mentioned as follows: A:High-grade&amp;Hi-density Stainless Steel material B:Advanced design for easy service C:Minimal downtime for time-saving purpose  Application: This Water blasting automotive industry cleaning machine parts 20K Replacement Cartridge go with the DuraSafe Dump Style Control Guns,control gun is a necessity in any hand lancing application, such as Pipe&amp;Tube cleaning,Surface Cleaning,Tank&amp;Vessel Cleaning,Heat Exchange Cleaning,Automotive Painting cleaning,Mining industry cleaning,Steel manufacture cleaning etc.\" \/>\n<meta property=\"og:url\" content=\"https:\/\/panwinjet.com\/pt\/produto\/water-blasting-automotive-industry-cleaning-machine-parts-20k-replacement-cartridge\/\" \/>\n<meta property=\"og:site_name\" content=\"Panwin Machinery&amp;Equipment\" \/>\n<meta property=\"og:image\" content=\"https:\/\/panwinjet.com\/wp-content\/uploads\/2025\/09\/IMG_20230424_164506-scaled.jpg\" \/>\n\t<meta property=\"og:image:width\" content=\"1920\" \/>\n\t<meta property=\"og:image:height\" content=\"2560\" \/>\n\t<meta property=\"og:image:type\" content=\"image\/jpeg\" \/>\n<meta name=\"twitter:card\" content=\"summary_large_image\" \/>\n<meta name=\"twitter:label1\" content=\"Tempo estimado de leitura\" \/>\n\t<meta name=\"twitter:data1\" content=\"1 minuto\" \/>\n<script type=\"application\/ld+json\" class=\"yoast-schema-graph\">{\"@context\":\"https:\/\/schema.org\",\"@graph\":[{\"@type\":\"WebPage\",\"@id\":\"https:\/\/panwinjet.com\/product\/water-blasting-automotive-industry-cleaning-machine-parts-20k-replacement-cartridge\/\",\"url\":\"https:\/\/panwinjet.com\/product\/water-blasting-automotive-industry-cleaning-machine-parts-20k-replacement-cartridge\/\",\"name\":\"Water blasting automotive industry cleaning machine parts 20K Replacement Cartridge - Panwin Machinery&amp;Equipment\",\"isPartOf\":{\"@id\":\"https:\/\/panwinjet.com\/#website\"},\"primaryImageOfPage\":{\"@id\":\"https:\/\/panwinjet.com\/product\/water-blasting-automotive-industry-cleaning-machine-parts-20k-replacement-cartridge\/#primaryimage\"},\"image\":{\"@id\":\"https:\/\/panwinjet.com\/product\/water-blasting-automotive-industry-cleaning-machine-parts-20k-replacement-cartridge\/#primaryimage\"},\"thumbnailUrl\":\"https:\/\/panwinjet.com\/wp-content\/uploads\/2025\/09\/IMG_20230424_164506-scaled.jpg\",\"datePublished\":\"2025-09-19T09:26:14+00:00\",\"breadcrumb\":{\"@id\":\"https:\/\/panwinjet.com\/product\/water-blasting-automotive-industry-cleaning-machine-parts-20k-replacement-cartridge\/#breadcrumb\"},\"inLanguage\":\"pt-PT\",\"potentialAction\":[{\"@type\":\"ReadAction\",\"target\":[\"https:\/\/panwinjet.com\/product\/water-blasting-automotive-industry-cleaning-machine-parts-20k-replacement-cartridge\/\"]}]},{\"@type\":\"ImageObject\",\"inLanguage\":\"pt-PT\",\"@id\":\"https:\/\/panwinjet.com\/product\/water-blasting-automotive-industry-cleaning-machine-parts-20k-replacement-cartridge\/#primaryimage\",\"url\":\"https:\/\/panwinjet.com\/wp-content\/uploads\/2025\/09\/IMG_20230424_164506-scaled.jpg\",\"contentUrl\":\"https:\/\/panwinjet.com\/wp-content\/uploads\/2025\/09\/IMG_20230424_164506-scaled.jpg\",\"width\":1920,\"height\":2560},{\"@type\":\"BreadcrumbList\",\"@id\":\"https:\/\/panwinjet.com\/product\/water-blasting-automotive-industry-cleaning-machine-parts-20k-replacement-cartridge\/#breadcrumb\",\"itemListElement\":[{\"@type\":\"ListItem\",\"position\":1,\"name\":\"\u9996\u9875\",\"item\":\"https:\/\/panwinjet.com\/\"},{\"@type\":\"ListItem\",\"position\":2,\"name\":\"PRODUCT\",\"item\":\"https:\/\/panwinjet.com\/product\/\"},{\"@type\":\"ListItem\",\"position\":3,\"name\":\"Water blasting automotive industry cleaning machine parts 20K Replacement Cartridge\"}]},{\"@type\":\"WebSite\",\"@id\":\"https:\/\/panwinjet.com\/#website\",\"url\":\"https:\/\/panwinjet.com\/\",\"name\":\"Panwin Machinery&amp;Equipment\",\"description\":\"Shenzhen Panwin Machinery&amp;Equipment Co.Ltd\",\"potentialAction\":[{\"@type\":\"SearchAction\",\"target\":{\"@type\":\"EntryPoint\",\"urlTemplate\":\"https:\/\/panwinjet.com\/?s={search_term_string}\"},\"query-input\":{\"@type\":\"PropertyValueSpecification\",\"valueRequired\":true,\"valueName\":\"search_term_string\"}}],\"inLanguage\":\"pt-PT\"}]}<\/script>\n<!-- \/ Yoast SEO plugin. -->","yoast_head_json":{"title":"Water blasting automotive industry cleaning machine parts 20K Replacement Cartridge - Panwin Machinery&amp;Equipment","robots":{"index":"index","follow":"follow","max-snippet":"max-snippet:-1","max-image-preview":"max-image-preview:large","max-video-preview":"max-video-preview:-1"},"canonical":"https:\/\/panwinjet.com\/pt\/produto\/water-blasting-automotive-industry-cleaning-machine-parts-20k-replacement-cartridge\/","og_locale":"pt_PT","og_type":"article","og_title":"Water blasting automotive industry cleaning machine parts 20K Replacement Cartridge - Panwin Machinery&amp;Equipment","og_description":"3.Product Feature And Application of Water blasting automotive industry cleaning machine parts 20K Replacement Cartridge The Water blasting automotive industry cleaning machine parts 20K Replacement Cartridge made of the high-grade and high-density stainless Steel, and all the 20Kpsi pressure rated control gun can utilize this cartridge to completely rebuild the gun within one minute, and features mentioned as follows: A:High-grade&amp;Hi-density Stainless Steel material B:Advanced design for easy service C:Minimal downtime for time-saving purpose  Application: This Water blasting automotive industry cleaning machine parts 20K Replacement Cartridge go with the DuraSafe Dump Style Control Guns,control gun is a necessity in any hand lancing application, such as Pipe&amp;Tube cleaning,Surface Cleaning,Tank&amp;Vessel Cleaning,Heat Exchange Cleaning,Automotive Painting cleaning,Mining industry cleaning,Steel manufacture cleaning etc.","og_url":"https:\/\/panwinjet.com\/pt\/produto\/water-blasting-automotive-industry-cleaning-machine-parts-20k-replacement-cartridge\/","og_site_name":"Panwin Machinery&amp;Equipment","og_image":[{"width":1920,"height":2560,"url":"https:\/\/panwinjet.com\/wp-content\/uploads\/2025\/09\/IMG_20230424_164506-scaled.jpg","type":"image\/jpeg"}],"twitter_card":"summary_large_image","twitter_misc":{"Tempo estimado de leitura":"1 minuto"},"schema":{"@context":"https:\/\/schema.org","@graph":[{"@type":"WebPage","@id":"https:\/\/panwinjet.com\/product\/water-blasting-automotive-industry-cleaning-machine-parts-20k-replacement-cartridge\/","url":"https:\/\/panwinjet.com\/product\/water-blasting-automotive-industry-cleaning-machine-parts-20k-replacement-cartridge\/","name":"Water blasting automotive industry cleaning machine parts 20K Replacement Cartridge - Panwin Machinery&amp;Equipment","isPartOf":{"@id":"https:\/\/panwinjet.com\/#website"},"primaryImageOfPage":{"@id":"https:\/\/panwinjet.com\/product\/water-blasting-automotive-industry-cleaning-machine-parts-20k-replacement-cartridge\/#primaryimage"},"image":{"@id":"https:\/\/panwinjet.com\/product\/water-blasting-automotive-industry-cleaning-machine-parts-20k-replacement-cartridge\/#primaryimage"},"thumbnailUrl":"https:\/\/panwinjet.com\/wp-content\/uploads\/2025\/09\/IMG_20230424_164506-scaled.jpg","datePublished":"2025-09-19T09:26:14+00:00","breadcrumb":{"@id":"https:\/\/panwinjet.com\/product\/water-blasting-automotive-industry-cleaning-machine-parts-20k-replacement-cartridge\/#breadcrumb"},"inLanguage":"pt-PT","potentialAction":[{"@type":"ReadAction","target":["https:\/\/panwinjet.com\/product\/water-blasting-automotive-industry-cleaning-machine-parts-20k-replacement-cartridge\/"]}]},{"@type":"ImageObject","inLanguage":"pt-PT","@id":"https:\/\/panwinjet.com\/product\/water-blasting-automotive-industry-cleaning-machine-parts-20k-replacement-cartridge\/#primaryimage","url":"https:\/\/panwinjet.com\/wp-content\/uploads\/2025\/09\/IMG_20230424_164506-scaled.jpg","contentUrl":"https:\/\/panwinjet.com\/wp-content\/uploads\/2025\/09\/IMG_20230424_164506-scaled.jpg","width":1920,"height":2560},{"@type":"BreadcrumbList","@id":"https:\/\/panwinjet.com\/product\/water-blasting-automotive-industry-cleaning-machine-parts-20k-replacement-cartridge\/#breadcrumb","itemListElement":[{"@type":"ListItem","position":1,"name":"\u9996\u9875","item":"https:\/\/panwinjet.com\/"},{"@type":"ListItem","position":2,"name":"PRODUCT","item":"https:\/\/panwinjet.com\/product\/"},{"@type":"ListItem","position":3,"name":"Water blasting automotive industry cleaning machine parts 20K Replacement Cartridge"}]},{"@type":"WebSite","@id":"https:\/\/panwinjet.com\/#website","url":"https:\/\/panwinjet.com\/","name":"Panwin Machinery&amp;Equipment","description":"Shenzhen Panwin Machinery&amp;Equipment Co.Ltd","potentialAction":[{"@type":"SearchAction","target":{"@type":"EntryPoint","urlTemplate":"https:\/\/panwinjet.com\/?s={search_term_string}"},"query-input":{"@type":"PropertyValueSpecification","valueRequired":true,"valueName":"search_term_string"}}],"inLanguage":"pt-PT"}]}},"_links":{"self":[{"href":"https:\/\/panwinjet.com\/pt\/wp-json\/wp\/v2\/product\/785","targetHints":{"allow":["GET"]}}],"collection":[{"href":"https:\/\/panwinjet.com\/pt\/wp-json\/wp\/v2\/product"}],"about":[{"href":"https:\/\/panwinjet.com\/pt\/wp-json\/wp\/v2\/types\/product"}],"wp:featuredmedia":[{"embeddable":true,"href":"https:\/\/panwinjet.com\/pt\/wp-json\/wp\/v2\/media\/790"}],"wp:attachment":[{"href":"https:\/\/panwinjet.com\/pt\/wp-json\/wp\/v2\/media?parent=785"}],"wp:term":[{"taxonomy":"product_brand","embeddable":true,"href":"https:\/\/panwinjet.com\/pt\/wp-json\/wp\/v2\/product_brand?post=785"},{"taxonomy":"product_cat","embeddable":true,"href":"https:\/\/panwinjet.com\/pt\/wp-json\/wp\/v2\/product_cat?post=785"},{"taxonomy":"product_tag","embeddable":true,"href":"https:\/\/panwinjet.com\/pt\/wp-json\/wp\/v2\/product_tag?post=785"}],"curies":[{"name":"wp","href":"https:\/\/api.w.org\/{rel}","templated":true}]}}