{"id":732,"date":"2025-09-19T08:49:35","date_gmt":"2025-09-19T08:49:35","guid":{"rendered":"https:\/\/panwinjet.com\/?post_type=product&#038;p=732"},"modified":"2025-10-01T08:10:51","modified_gmt":"2025-10-01T08:10:51","slug":"hot-sale-whole-sale-ultra-high-small-pipeline-hydro-jet-blasting-cleaning-banshee-style-nozzle-dn24","status":"publish","type":"product","link":"https:\/\/panwinjet.com\/pt\/produto\/hot-sale-whole-sale-ultra-high-small-pipeline-hydro-jet-blasting-cleaning-banshee-style-nozzle-dn24\/","title":{"rendered":"Venda por atacado imperd\u00edvel! Bocal estilo Banshee para limpeza com jato de \u00e1gua ultrafino em tubula\u00e7\u00f5es de pequeno porte - DN24"},"content":{"rendered":"<p>1. Venda por atacado de bico Banshee para limpeza com jato de \u00e1gua ultrafino de alta pot\u00eancia em tubula\u00e7\u00f5es<br \/>\n2. Apresenta\u00e7\u00e3o do produto: Bocal Banshee para limpeza com jato de \u00e1gua de ultra-alta precis\u00e3o em tubula\u00e7\u00f5es de pequeno di\u00e2metro<br \/>\nOs bicos Banshee s\u00e3o amplamente utilizados para limpeza de trocadores de calor, tubula\u00e7\u00f5es de pequeno di\u00e2metro e limpeza de barreiras em tubula\u00e7\u00f5es, entre outras aplica\u00e7\u00f5es. S\u00e3o altamente eficientes e f\u00e1ceis de operar para a limpeza de tubos de pequeno di\u00e2metro. N\u00f3s, da Panwin, fornecemos bicos Banshee em diversos tamanhos.<\/p>\n<div style=\"width: 1220px;\" class=\"wp-video\"><video class=\"wp-video-shortcode\" id=\"video-732-1\" width=\"1220\" height=\"686\" preload=\"metadata\" controls=\"controls\"><source type=\"video\/mp4\" src=\"https:\/\/panwinjet.com\/wp-content\/uploads\/2025\/09\/Banshee-nozzles-Testing.mp4?_=1\" \/><a href=\"https:\/\/panwinjet.com\/wp-content\/uploads\/2025\/09\/Banshee-nozzles-Testing.mp4\">https:\/\/panwinjet.com\/wp-content\/uploads\/2025\/09\/Banshee-nozzles-Testing.mp4<\/a><\/video><\/div>\n<p>2. Par\u00e2metros do produto (especifica\u00e7\u00f5es) do bocal Banshee para limpeza de tubula\u00e7\u00f5es de pequeno e ultra-alta press\u00e3o com jato de \u00e1gua.<br \/>\nOs jatos de \u00e1gua dos bicos Banshee s\u00e3o especialmente projetados para troca de calor e pequenas dimens\u00f5es.<br \/>\nA barreira para tubula\u00e7\u00f5es e canos possui di\u00e2metro ajust\u00e1vel, com faixa de press\u00e3o de 550 bar a 2800 bar e vaz\u00e3o m\u00e1xima de 190 l\/min. Com diversas conex\u00f5es de entrada, pode ser aplicada a diferentes ferramentas para limpeza de tubula\u00e7\u00f5es em diversas situa\u00e7\u00f5es. Detalhes das especifica\u00e7\u00f5es a seguir:<\/p>","protected":false},"excerpt":{"rendered":"<p>3.2. Par\u00e2metros do produto (especifica\u00e7\u00f5es) do bocal Banshee para limpeza com jato de \u00e1gua de ultra-alta press\u00e3o em tubula\u00e7\u00f5es de pequeno porte<br \/>\nOs jatos de \u00e1gua dos bicos Banshee s\u00e3o especialmente projetados para troca de calor e pequenas dimens\u00f5es.<br \/>\nA barreira para tubula\u00e7\u00f5es e canos possui di\u00e2metro ajust\u00e1vel, com faixa de press\u00e3o de 550 bar a 2800 bar e vaz\u00e3o m\u00e1xima de 190 l\/min. Com diversas conex\u00f5es de entrada, pode ser aplicada a diferentes ferramentas para limpeza de tubula\u00e7\u00f5es em diversas situa\u00e7\u00f5es. Detalhes das especifica\u00e7\u00f5es a seguir:<\/p>\n<p>&nbsp;<\/p>\n<p>4.3. Caracter\u00edsticas e aplica\u00e7\u00f5es do bocal Banshee para limpeza com jato de \u00e1gua de ultra-alta press\u00e3o em tubula\u00e7\u00f5es de pequeno di\u00e2metro<br \/>\nNosso bocal Banshee para limpeza de tubula\u00e7\u00f5es pequenas com hidrojateamento de 22K-40KPSI \u00e9 ideal para tubos e canos de pequeno di\u00e2metro. Ele oferece a mais alta efici\u00eancia em limpeza de tubula\u00e7\u00f5es devido \u00e0s suas caracter\u00edsticas vantajosas:<br \/>\nVantagens e caracter\u00edsticas:<br \/>\nA: Dispon\u00edvel uma gama completa de press\u00f5es e vaz\u00f5es.<br \/>\nB: A velocidade de rota\u00e7\u00e3o pode atingir at\u00e9 7.000 rpm.<br \/>\nC: F\u00e1cil manuten\u00e7\u00e3o, pode ser reparado no local da obra.<br \/>\nD: Fabricado em a\u00e7o inoxid\u00e1vel de alta qualidade para prolongar a vida \u00fatil.<\/p>\n<p>E: A parte externa do bocal \u00e9 revestida com uma camada de material especial para prolongar sua vida \u00fatil e possui m\u00faltiplos padr\u00f5es porosos para atender a diferentes requisitos operacionais.<\/p>\n<p>Aplicativo:<br \/>\nJateamento com \u00e1gua UHP na ind\u00fastria da constru\u00e7\u00e3o civil<br \/>\nJateamento a jato de \u00e1gua para a ind\u00fastria de ferro, a\u00e7o e metal<br \/>\nJateadora de \u00e1gua de alta press\u00e3o - Engenharia Mec\u00e2nica e de Aparelhos<br \/>\nInd\u00fastria de cimento e concreto<br \/>\nBarracuda de alta press\u00e3o Limpeza de superf\u00edcie<br \/>\nPe\u00e7as para equipamentos de limpeza UHP Hydro Jet<br \/>\nBarras de pulveriza\u00e7\u00e3o para limpeza industrial<br \/>\nM\u00e1quina de hidrojateamento para a ind\u00fastria de refino de petr\u00f3leo<br \/>\nLimpeza de superf\u00edcies com hidrojato, limpeza de tanques e embarca\u00e7\u00f5es,<br \/>\nLimpeza do trocador de calor,<br \/>\nLimpeza de pintura automotiva, limpeza da ind\u00fastria de minera\u00e7\u00e3o, limpeza de f\u00e1bricas de a\u00e7o, etc.<br \/>\nEquipamento de limpeza de esgoto de alta press\u00e3o para redes de tubula\u00e7\u00e3o municipais de abastecimento de \u00e1gua e esgoto;<\/p>","protected":false},"featured_media":734,"template":"","meta":[],"product_brand":[],"product_cat":[9,5],"product_tag":[],"class_list":{"0":"post-732","1":"product","2":"type-product","3":"status-publish","4":"has-post-thumbnail","6":"product_cat-heat-exchanger-cleaning-device","7":"product_cat-uhp-rotating-nozzles","9":"first","10":"instock","11":"shipping-taxable","12":"product-type-simple"},"yoast_head":"<!-- This site is optimized with the Yoast SEO plugin v24.9 - https:\/\/yoast.com\/wordpress\/plugins\/seo\/ -->\n<title>Hot Sale Whole Sale Ultra-high small Pipeline hydro Jet blasting cleaning Banshee Style Nozzle-DN24 - Panwin Machinery&amp;Equipment<\/title>\n<meta name=\"robots\" content=\"index, follow, max-snippet:-1, max-image-preview:large, max-video-preview:-1\" \/>\n<link rel=\"canonical\" href=\"https:\/\/panwinjet.com\/pt\/produto\/hot-sale-whole-sale-ultra-high-small-pipeline-hydro-jet-blasting-cleaning-banshee-style-nozzle-dn24\/\" \/>\n<meta property=\"og:locale\" content=\"pt_PT\" \/>\n<meta property=\"og:type\" content=\"article\" \/>\n<meta property=\"og:title\" content=\"Hot Sale Whole Sale Ultra-high small Pipeline hydro Jet blasting cleaning Banshee Style Nozzle-DN24 - Panwin Machinery&amp;Equipment\" \/>\n<meta property=\"og:description\" content=\"3.2.Product Parameter (Specification) of Ultra-high small Pipeline hydro Jet blasting cleaning Banshee Nozzle The hydro jets blasting Banshee nozzles is special designed for the heat-exchange, small Diameter pipeline and pipe barrier, we have pressure range range from 550bar to 2800bar, biggest Flow rate is 190l\/m, with various Inlet connection, it can applied to different tool for different pipeline cleaning case. And Specification details as follows:  &nbsp;  4.3.Product Feature And Application of Ultra-high small Pipeline hydro Jet blasting cleaning Banshee Nozzle Our 22K-40KPSI small Pipeline hydro Jet blasting cleaning Banshee Nozzle is used for small pipe and tube, it is highest-efficiency pipe clean nozzles due to advantage features: Advantages and features: A:Full range of pressure and flow ranges available B:The Rotating speed can reach up to 7,000rpm C: Easy-service, it Can be repaired on the job site D:Made of high-grade stainless steel to extend service life  E:The outside of the nozzle is coated with a special material layer to extend its service life, and has multiple porous patterns to meet different operating requirements.  Application: UHP Water Blasting Construction Industry Hydro Jet blaster Iron, Steel And Metal Industry high pressure waterblaster Mechanical and Apparatus Engineering Cements and Concrete Industry high pressure barracuda Surface cleaning UHP hydro Jet cleaning equipment parts Industrial Cleaning Spray Bars hydro blasting machine for petroleum refining industry Hydro Jet Surface Cleaning,Tank&amp;Vessel Cleaning, Heat Exchange Cleaning, Automotive Painting cleaning Mining industry cleaning Steel manufacture cleaning etc. High pressure sewer cleaning equipment for municipal pipe networks water supply and drainage pipelines;\" \/>\n<meta property=\"og:url\" content=\"https:\/\/panwinjet.com\/pt\/produto\/hot-sale-whole-sale-ultra-high-small-pipeline-hydro-jet-blasting-cleaning-banshee-style-nozzle-dn24\/\" \/>\n<meta property=\"og:site_name\" content=\"Panwin Machinery&amp;Equipment\" \/>\n<meta property=\"article:modified_time\" content=\"2025-10-01T08:10:51+00:00\" \/>\n<meta property=\"og:image\" content=\"https:\/\/panwinjet.com\/wp-content\/uploads\/2025\/09\/DN-18-13-9.5-24.jpg\" \/>\n\t<meta property=\"og:image:width\" content=\"1279\" \/>\n\t<meta property=\"og:image:height\" content=\"1706\" \/>\n\t<meta property=\"og:image:type\" content=\"image\/jpeg\" \/>\n<meta name=\"twitter:card\" content=\"summary_large_image\" \/>\n<meta name=\"twitter:label1\" content=\"Tempo estimado de leitura\" \/>\n\t<meta name=\"twitter:data1\" content=\"1 minuto\" \/>\n<script type=\"application\/ld+json\" class=\"yoast-schema-graph\">{\"@context\":\"https:\/\/schema.org\",\"@graph\":[{\"@type\":\"WebPage\",\"@id\":\"https:\/\/panwinjet.com\/product\/hot-sale-whole-sale-ultra-high-small-pipeline-hydro-jet-blasting-cleaning-banshee-style-nozzle-dn24\/\",\"url\":\"https:\/\/panwinjet.com\/product\/hot-sale-whole-sale-ultra-high-small-pipeline-hydro-jet-blasting-cleaning-banshee-style-nozzle-dn24\/\",\"name\":\"Hot Sale Whole Sale Ultra-high small Pipeline hydro Jet blasting cleaning Banshee Style Nozzle-DN24 - Panwin Machinery&amp;Equipment\",\"isPartOf\":{\"@id\":\"https:\/\/panwinjet.com\/#website\"},\"primaryImageOfPage\":{\"@id\":\"https:\/\/panwinjet.com\/product\/hot-sale-whole-sale-ultra-high-small-pipeline-hydro-jet-blasting-cleaning-banshee-style-nozzle-dn24\/#primaryimage\"},\"image\":{\"@id\":\"https:\/\/panwinjet.com\/product\/hot-sale-whole-sale-ultra-high-small-pipeline-hydro-jet-blasting-cleaning-banshee-style-nozzle-dn24\/#primaryimage\"},\"thumbnailUrl\":\"https:\/\/panwinjet.com\/wp-content\/uploads\/2025\/09\/DN-18-13-9.5-24.jpg\",\"datePublished\":\"2025-09-19T08:49:35+00:00\",\"dateModified\":\"2025-10-01T08:10:51+00:00\",\"breadcrumb\":{\"@id\":\"https:\/\/panwinjet.com\/product\/hot-sale-whole-sale-ultra-high-small-pipeline-hydro-jet-blasting-cleaning-banshee-style-nozzle-dn24\/#breadcrumb\"},\"inLanguage\":\"pt-PT\",\"potentialAction\":[{\"@type\":\"ReadAction\",\"target\":[\"https:\/\/panwinjet.com\/product\/hot-sale-whole-sale-ultra-high-small-pipeline-hydro-jet-blasting-cleaning-banshee-style-nozzle-dn24\/\"]}]},{\"@type\":\"ImageObject\",\"inLanguage\":\"pt-PT\",\"@id\":\"https:\/\/panwinjet.com\/product\/hot-sale-whole-sale-ultra-high-small-pipeline-hydro-jet-blasting-cleaning-banshee-style-nozzle-dn24\/#primaryimage\",\"url\":\"https:\/\/panwinjet.com\/wp-content\/uploads\/2025\/09\/DN-18-13-9.5-24.jpg\",\"contentUrl\":\"https:\/\/panwinjet.com\/wp-content\/uploads\/2025\/09\/DN-18-13-9.5-24.jpg\",\"width\":1279,\"height\":1706},{\"@type\":\"BreadcrumbList\",\"@id\":\"https:\/\/panwinjet.com\/product\/hot-sale-whole-sale-ultra-high-small-pipeline-hydro-jet-blasting-cleaning-banshee-style-nozzle-dn24\/#breadcrumb\",\"itemListElement\":[{\"@type\":\"ListItem\",\"position\":1,\"name\":\"\u9996\u9875\",\"item\":\"https:\/\/panwinjet.com\/\"},{\"@type\":\"ListItem\",\"position\":2,\"name\":\"PRODUCT\",\"item\":\"https:\/\/panwinjet.com\/product\/\"},{\"@type\":\"ListItem\",\"position\":3,\"name\":\"Hot Sale Whole Sale Ultra-high small Pipeline hydro Jet blasting cleaning Banshee Style Nozzle-DN24\"}]},{\"@type\":\"WebSite\",\"@id\":\"https:\/\/panwinjet.com\/#website\",\"url\":\"https:\/\/panwinjet.com\/\",\"name\":\"Panwin Machinery&amp;Equipment\",\"description\":\"Shenzhen Panwin Machinery&amp;Equipment Co.Ltd\",\"potentialAction\":[{\"@type\":\"SearchAction\",\"target\":{\"@type\":\"EntryPoint\",\"urlTemplate\":\"https:\/\/panwinjet.com\/?s={search_term_string}\"},\"query-input\":{\"@type\":\"PropertyValueSpecification\",\"valueRequired\":true,\"valueName\":\"search_term_string\"}}],\"inLanguage\":\"pt-PT\"}]}<\/script>\n<!-- \/ Yoast SEO plugin. -->","yoast_head_json":{"title":"Hot Sale Whole Sale Ultra-high small Pipeline hydro Jet blasting cleaning Banshee Style Nozzle-DN24 - Panwin Machinery&amp;Equipment","robots":{"index":"index","follow":"follow","max-snippet":"max-snippet:-1","max-image-preview":"max-image-preview:large","max-video-preview":"max-video-preview:-1"},"canonical":"https:\/\/panwinjet.com\/pt\/produto\/hot-sale-whole-sale-ultra-high-small-pipeline-hydro-jet-blasting-cleaning-banshee-style-nozzle-dn24\/","og_locale":"pt_PT","og_type":"article","og_title":"Hot Sale Whole Sale Ultra-high small Pipeline hydro Jet blasting cleaning Banshee Style Nozzle-DN24 - Panwin Machinery&amp;Equipment","og_description":"3.2.Product Parameter (Specification) of Ultra-high small Pipeline hydro Jet blasting cleaning Banshee Nozzle The hydro jets blasting Banshee nozzles is special designed for the heat-exchange, small Diameter pipeline and pipe barrier, we have pressure range range from 550bar to 2800bar, biggest Flow rate is 190l\/m, with various Inlet connection, it can applied to different tool for different pipeline cleaning case. And Specification details as follows:  &nbsp;  4.3.Product Feature And Application of Ultra-high small Pipeline hydro Jet blasting cleaning Banshee Nozzle Our 22K-40KPSI small Pipeline hydro Jet blasting cleaning Banshee Nozzle is used for small pipe and tube, it is highest-efficiency pipe clean nozzles due to advantage features: Advantages and features: A:Full range of pressure and flow ranges available B:The Rotating speed can reach up to 7,000rpm C: Easy-service, it Can be repaired on the job site D:Made of high-grade stainless steel to extend service life  E:The outside of the nozzle is coated with a special material layer to extend its service life, and has multiple porous patterns to meet different operating requirements.  Application: UHP Water Blasting Construction Industry Hydro Jet blaster Iron, Steel And Metal Industry high pressure waterblaster Mechanical and Apparatus Engineering Cements and Concrete Industry high pressure barracuda Surface cleaning UHP hydro Jet cleaning equipment parts Industrial Cleaning Spray Bars hydro blasting machine for petroleum refining industry Hydro Jet Surface Cleaning,Tank&amp;Vessel Cleaning, Heat Exchange Cleaning, Automotive Painting cleaning Mining industry cleaning Steel manufacture cleaning etc. High pressure sewer cleaning equipment for municipal pipe networks water supply and drainage pipelines;","og_url":"https:\/\/panwinjet.com\/pt\/produto\/hot-sale-whole-sale-ultra-high-small-pipeline-hydro-jet-blasting-cleaning-banshee-style-nozzle-dn24\/","og_site_name":"Panwin Machinery&amp;Equipment","article_modified_time":"2025-10-01T08:10:51+00:00","og_image":[{"width":1279,"height":1706,"url":"https:\/\/panwinjet.com\/wp-content\/uploads\/2025\/09\/DN-18-13-9.5-24.jpg","type":"image\/jpeg"}],"twitter_card":"summary_large_image","twitter_misc":{"Tempo estimado de leitura":"1 minuto"},"schema":{"@context":"https:\/\/schema.org","@graph":[{"@type":"WebPage","@id":"https:\/\/panwinjet.com\/product\/hot-sale-whole-sale-ultra-high-small-pipeline-hydro-jet-blasting-cleaning-banshee-style-nozzle-dn24\/","url":"https:\/\/panwinjet.com\/product\/hot-sale-whole-sale-ultra-high-small-pipeline-hydro-jet-blasting-cleaning-banshee-style-nozzle-dn24\/","name":"Hot Sale Whole Sale Ultra-high small Pipeline hydro Jet blasting cleaning Banshee Style Nozzle-DN24 - Panwin Machinery&amp;Equipment","isPartOf":{"@id":"https:\/\/panwinjet.com\/#website"},"primaryImageOfPage":{"@id":"https:\/\/panwinjet.com\/product\/hot-sale-whole-sale-ultra-high-small-pipeline-hydro-jet-blasting-cleaning-banshee-style-nozzle-dn24\/#primaryimage"},"image":{"@id":"https:\/\/panwinjet.com\/product\/hot-sale-whole-sale-ultra-high-small-pipeline-hydro-jet-blasting-cleaning-banshee-style-nozzle-dn24\/#primaryimage"},"thumbnailUrl":"https:\/\/panwinjet.com\/wp-content\/uploads\/2025\/09\/DN-18-13-9.5-24.jpg","datePublished":"2025-09-19T08:49:35+00:00","dateModified":"2025-10-01T08:10:51+00:00","breadcrumb":{"@id":"https:\/\/panwinjet.com\/product\/hot-sale-whole-sale-ultra-high-small-pipeline-hydro-jet-blasting-cleaning-banshee-style-nozzle-dn24\/#breadcrumb"},"inLanguage":"pt-PT","potentialAction":[{"@type":"ReadAction","target":["https:\/\/panwinjet.com\/product\/hot-sale-whole-sale-ultra-high-small-pipeline-hydro-jet-blasting-cleaning-banshee-style-nozzle-dn24\/"]}]},{"@type":"ImageObject","inLanguage":"pt-PT","@id":"https:\/\/panwinjet.com\/product\/hot-sale-whole-sale-ultra-high-small-pipeline-hydro-jet-blasting-cleaning-banshee-style-nozzle-dn24\/#primaryimage","url":"https:\/\/panwinjet.com\/wp-content\/uploads\/2025\/09\/DN-18-13-9.5-24.jpg","contentUrl":"https:\/\/panwinjet.com\/wp-content\/uploads\/2025\/09\/DN-18-13-9.5-24.jpg","width":1279,"height":1706},{"@type":"BreadcrumbList","@id":"https:\/\/panwinjet.com\/product\/hot-sale-whole-sale-ultra-high-small-pipeline-hydro-jet-blasting-cleaning-banshee-style-nozzle-dn24\/#breadcrumb","itemListElement":[{"@type":"ListItem","position":1,"name":"\u9996\u9875","item":"https:\/\/panwinjet.com\/"},{"@type":"ListItem","position":2,"name":"PRODUCT","item":"https:\/\/panwinjet.com\/product\/"},{"@type":"ListItem","position":3,"name":"Hot Sale Whole Sale Ultra-high small Pipeline hydro Jet blasting cleaning Banshee Style Nozzle-DN24"}]},{"@type":"WebSite","@id":"https:\/\/panwinjet.com\/#website","url":"https:\/\/panwinjet.com\/","name":"Panwin Machinery&amp;Equipment","description":"Shenzhen Panwin Machinery&amp;Equipment Co.Ltd","potentialAction":[{"@type":"SearchAction","target":{"@type":"EntryPoint","urlTemplate":"https:\/\/panwinjet.com\/?s={search_term_string}"},"query-input":{"@type":"PropertyValueSpecification","valueRequired":true,"valueName":"search_term_string"}}],"inLanguage":"pt-PT"}]}},"_links":{"self":[{"href":"https:\/\/panwinjet.com\/pt\/wp-json\/wp\/v2\/product\/732","targetHints":{"allow":["GET"]}}],"collection":[{"href":"https:\/\/panwinjet.com\/pt\/wp-json\/wp\/v2\/product"}],"about":[{"href":"https:\/\/panwinjet.com\/pt\/wp-json\/wp\/v2\/types\/product"}],"wp:featuredmedia":[{"embeddable":true,"href":"https:\/\/panwinjet.com\/pt\/wp-json\/wp\/v2\/media\/734"}],"wp:attachment":[{"href":"https:\/\/panwinjet.com\/pt\/wp-json\/wp\/v2\/media?parent=732"}],"wp:term":[{"taxonomy":"product_brand","embeddable":true,"href":"https:\/\/panwinjet.com\/pt\/wp-json\/wp\/v2\/product_brand?post=732"},{"taxonomy":"product_cat","embeddable":true,"href":"https:\/\/panwinjet.com\/pt\/wp-json\/wp\/v2\/product_cat?post=732"},{"taxonomy":"product_tag","embeddable":true,"href":"https:\/\/panwinjet.com\/pt\/wp-json\/wp\/v2\/product_tag?post=732"}],"curies":[{"name":"wp","href":"https:\/\/api.w.org\/{rel}","templated":true}]}}