{"id":724,"date":"2025-09-19T08:36:46","date_gmt":"2025-09-19T08:36:46","guid":{"rendered":"https:\/\/panwinjet.com\/?post_type=product&#038;p=724"},"modified":"2025-09-21T13:32:55","modified_gmt":"2025-09-21T13:32:55","slug":"ultra-high-pressure-water-jet-blasting-cleaning-machine-parts-4-blades-rotary-nozzles","status":"publish","type":"product","link":"https:\/\/panwinjet.com\/pt\/produto\/ultra-high-pressure-water-jet-blasting-cleaning-machine-parts-4-blades-rotary-nozzles\/","title":{"rendered":"Pe\u00e7as para m\u00e1quina de limpeza por jateamento de \u00e1gua de ultra-alta press\u00e3o com 4 bicos rotativos."},"content":{"rendered":"<p>Pe\u00e7as para m\u00e1quina de limpeza por jateamento com jato de \u00e1gua de ultra-alta press\u00e3o: 4 bicos rotativos de l\u00e2minas<br \/>\n1. Apresenta\u00e7\u00e3o do produto: M\u00e1quina de limpeza por jateamento de \u00e1gua de ultra-alta press\u00e3o com 4 bicos rotativos.<br \/>\nA m\u00e1quina de limpeza por jateamento de \u00e1gua de ultra-alta press\u00e3o com bico rotativo de 4 l\u00e2minas \u00e9 utilizada para limpeza de grandes \u00e1reas com jateamento de \u00e1gua. O bico rotativo possui quatro l\u00e2minas e pode girar 360\u00b0 para maior cobertura da superf\u00edcie e melhores resultados de limpeza.<br \/>\nPode ser amplamente utilizado em equipamentos de limpeza de 40Kpsi para limpeza de grandes \u00e1reas do casco de navios, removendo detritos marinhos, esp\u00e9cies, etc.<\/p>\n<p>2. Par\u00e2metros do produto da m\u00e1quina de limpeza por jateamento de \u00e1gua de ultra-alta press\u00e3o: Pe\u00e7as - Bicos rotativos de 4 l\u00e2minas<br \/>\nO conjunto de bicos rotativos de 4 l\u00e2minas para jato de \u00e1gua de ultra-alta press\u00e3o atinge uma press\u00e3o m\u00e1xima de trabalho de at\u00e9 2800 bar e possui 16 bicos com alta vaz\u00e3o. \u00c9 um conjunto de bicos excelente para limpeza de grandes superf\u00edcies.<\/p>\n<div style=\"width: 544px;\" class=\"wp-video\"><video class=\"wp-video-shortcode\" id=\"video-724-1\" width=\"544\" height=\"960\" preload=\"metadata\" controls=\"controls\"><source type=\"video\/mp4\" src=\"https:\/\/panwinjet.com\/wp-content\/uploads\/2025\/09\/WeChat_20230425145341.mp4?_=1\" \/><a href=\"https:\/\/panwinjet.com\/wp-content\/uploads\/2025\/09\/WeChat_20230425145341.mp4\">https:\/\/panwinjet.com\/wp-content\/uploads\/2025\/09\/WeChat_20230425145341.mp4<\/a><\/video><\/div>","protected":false},"excerpt":{"rendered":"<p>3. Caracter\u00edsticas e aplica\u00e7\u00f5es do produto: M\u00e1quina de limpeza por jateamento com jato de \u00e1gua de ultra-alta press\u00e3o - Pe\u00e7as: Bicos rotativos de 4 l\u00e2minas<br \/>\nO principal diferencial e destaque dos bicos rotativos de jato de \u00e1gua de ultra-alta press\u00e3o com 4 l\u00e2minas \u00e9 a grande \u00e1rea de cobertura e os melhores resultados de limpeza. Com rota\u00e7\u00e3o de 360 graus e press\u00e3o de at\u00e9 2800 bar, eles podem aumentar em quase 4 vezes a capacidade de trabalho de um bico convencional.<\/p>\n<p>Aplicativo:<br \/>\nPode ser aplicado em processos de limpeza de grandes superf\u00edcies, como superf\u00edcies de navios e limpeza mar\u00edtima.<\/p>\n<p>Aplicativo:<br \/>\nPe\u00e7as para equipamentos de limpeza com bomba de pist\u00e3o triplex UHP 3000Bar, Rob\u00f4 para prepara\u00e7\u00e3o de superf\u00edcie em estaleiros para barra de pulveriza\u00e7\u00e3o Hammelmann<br \/>\nJateamento a jato de \u00e1gua para a ind\u00fastria de ferro, a\u00e7o e metal<br \/>\nJateadora de \u00e1gua de alta press\u00e3o - Engenharia Mec\u00e2nica e de Aparelhos<br \/>\nInd\u00fastria de cimento e concreto<br \/>\nBarracuda de alta press\u00e3o Limpeza de superf\u00edcie<br \/>\nPe\u00e7as para equipamentos de limpeza UHP Hydro Jet<br \/>\nBarras de pulveriza\u00e7\u00e3o para limpeza industrial<br \/>\nM\u00e1quina de hidrojateamento para a ind\u00fastria de refino de petr\u00f3leo<br \/>\nLimpeza de superf\u00edcies com hidrojato, limpeza de tanques e embarca\u00e7\u00f5es,<br \/>\nLimpeza do trocador de calor,<br \/>\nLimpeza de pintura automotiva, limpeza da ind\u00fastria de minera\u00e7\u00e3o, limpeza de f\u00e1bricas de a\u00e7o, etc.<br \/>\nEquipamento de limpeza de esgoto de alta press\u00e3o para redes de tubula\u00e7\u00e3o municipais de abastecimento de \u00e1gua e esgoto;<\/p>\n<p>4. Detalhes do produto: M\u00e1quina de limpeza por jateamento de \u00e1gua de ultra-alta press\u00e3o - Pe\u00e7as: 4 bicos rotativos de l\u00e2minas<br \/>\nO modelo rotativo de 4 l\u00e2minas possui um total de 16 bicos, press\u00e3o m\u00e1xima de at\u00e9 2800 bar, podendo cobrir uma grande \u00e1rea de limpeza e aumentando significativamente a efici\u00eancia da limpeza de superf\u00edcies.<br \/>\nCom a lista detalhada de pe\u00e7as, voc\u00ea pode ver que se trata de um projeto avan\u00e7ado para alta efici\u00eancia e economia de tempo.<\/p>","protected":false},"featured_media":731,"template":"","meta":[],"product_brand":[],"product_cat":[5],"product_tag":[],"class_list":{"0":"post-724","1":"product","2":"type-product","3":"status-publish","4":"has-post-thumbnail","6":"product_cat-uhp-rotating-nozzles","8":"first","9":"instock","10":"shipping-taxable","11":"product-type-simple"},"yoast_head":"<!-- This site is optimized with the Yoast SEO plugin v24.9 - https:\/\/yoast.com\/wordpress\/plugins\/seo\/ -->\n<title>Ultra-high Pressure Water Jet Blasting cleaning machine Parts 4 Blades rotary nozzles - Panwin Machinery&amp;Equipment<\/title>\n<meta name=\"robots\" content=\"index, follow, max-snippet:-1, max-image-preview:large, max-video-preview:-1\" \/>\n<link rel=\"canonical\" href=\"https:\/\/panwinjet.com\/pt\/produto\/ultra-high-pressure-water-jet-blasting-cleaning-machine-parts-4-blades-rotary-nozzles\/\" \/>\n<meta property=\"og:locale\" content=\"pt_PT\" \/>\n<meta property=\"og:type\" content=\"article\" \/>\n<meta property=\"og:title\" content=\"Ultra-high Pressure Water Jet Blasting cleaning machine Parts 4 Blades rotary nozzles - Panwin Machinery&amp;Equipment\" \/>\n<meta property=\"og:description\" content=\"3.Product Feature And Application of Ultra-hi-Pressure Water Jet Blasting cleaning machine Parts 4 Blades rotary nozzles The Ultra-hi-Pressure Water Jet Parts 4 Blades rotary nozzles biggest features and selling-points is the big coverage and better cleaning results, it can rotate 360degress, with up to 2800bar pressure, it can increase almost 4 times of the general nozzle workload.  Application: It can be applied to big coverage surface cleaning process like ship surface, Marine cleaning.  Application: UHP 3000Bar UHP triplex plunger pump cleaning equipment parts Shipyard Surface preparation Robot for Hammelmann Spraying Bar Hydro Jet blaster Iron, Steel And Metal Industry high pressure waterblaster Mechanical and Apparatus Engineering Cements and Concrete Industry high pressure barracuda Surface cleaning UHP hydro Jet cleaning equipment parts Industrial Cleaning Spray Bars hydro blasting machine for petroleum refining industry Hydro Jet Surface Cleaning,Tank&amp;Vessel Cleaning, Heat Exchange Cleaning, Automotive Painting cleaning Mining industry cleaning Steel manufacture cleaning etc. High pressure sewer cleaning equipment for municipal pipe networks water supply and drainage pipelines;  4.Product Details of Ultra-hi-Pressure Water Jet Blasting cleaning machine Parts 4 Blades rotary nozzles The 4 Blades rotary has totally 16pc nozzles, Max pressure up to 2800bar, it can cover large area of cleaning, increase a lots the surface cleaning efficiency. With the details parts list you can see it is advanced design for high efficiency and time-saving.\" \/>\n<meta property=\"og:url\" content=\"https:\/\/panwinjet.com\/pt\/produto\/ultra-high-pressure-water-jet-blasting-cleaning-machine-parts-4-blades-rotary-nozzles\/\" \/>\n<meta property=\"og:site_name\" content=\"Panwin Machinery&amp;Equipment\" \/>\n<meta property=\"article:modified_time\" content=\"2025-09-21T13:32:55+00:00\" \/>\n<meta property=\"og:image\" content=\"https:\/\/panwinjet.com\/wp-content\/uploads\/2025\/09\/\u5fae\u4fe1\u56fe\u7247_20250401063453.jpg\" \/>\n\t<meta property=\"og:image:width\" content=\"1279\" \/>\n\t<meta property=\"og:image:height\" content=\"1706\" \/>\n\t<meta property=\"og:image:type\" content=\"image\/jpeg\" \/>\n<meta name=\"twitter:card\" content=\"summary_large_image\" \/>\n<meta name=\"twitter:label1\" content=\"Tempo estimado de leitura\" \/>\n\t<meta name=\"twitter:data1\" content=\"1 minuto\" \/>\n<script type=\"application\/ld+json\" class=\"yoast-schema-graph\">{\"@context\":\"https:\/\/schema.org\",\"@graph\":[{\"@type\":\"WebPage\",\"@id\":\"https:\/\/panwinjet.com\/product\/ultra-high-pressure-water-jet-blasting-cleaning-machine-parts-4-blades-rotary-nozzles\/\",\"url\":\"https:\/\/panwinjet.com\/product\/ultra-high-pressure-water-jet-blasting-cleaning-machine-parts-4-blades-rotary-nozzles\/\",\"name\":\"Ultra-high Pressure Water Jet Blasting cleaning machine Parts 4 Blades rotary nozzles - Panwin Machinery&amp;Equipment\",\"isPartOf\":{\"@id\":\"https:\/\/panwinjet.com\/#website\"},\"primaryImageOfPage\":{\"@id\":\"https:\/\/panwinjet.com\/product\/ultra-high-pressure-water-jet-blasting-cleaning-machine-parts-4-blades-rotary-nozzles\/#primaryimage\"},\"image\":{\"@id\":\"https:\/\/panwinjet.com\/product\/ultra-high-pressure-water-jet-blasting-cleaning-machine-parts-4-blades-rotary-nozzles\/#primaryimage\"},\"thumbnailUrl\":\"https:\/\/panwinjet.com\/wp-content\/uploads\/2025\/09\/\u5fae\u4fe1\u56fe\u7247_20250401063453.jpg\",\"datePublished\":\"2025-09-19T08:36:46+00:00\",\"dateModified\":\"2025-09-21T13:32:55+00:00\",\"breadcrumb\":{\"@id\":\"https:\/\/panwinjet.com\/product\/ultra-high-pressure-water-jet-blasting-cleaning-machine-parts-4-blades-rotary-nozzles\/#breadcrumb\"},\"inLanguage\":\"pt-PT\",\"potentialAction\":[{\"@type\":\"ReadAction\",\"target\":[\"https:\/\/panwinjet.com\/product\/ultra-high-pressure-water-jet-blasting-cleaning-machine-parts-4-blades-rotary-nozzles\/\"]}]},{\"@type\":\"ImageObject\",\"inLanguage\":\"pt-PT\",\"@id\":\"https:\/\/panwinjet.com\/product\/ultra-high-pressure-water-jet-blasting-cleaning-machine-parts-4-blades-rotary-nozzles\/#primaryimage\",\"url\":\"https:\/\/panwinjet.com\/wp-content\/uploads\/2025\/09\/\u5fae\u4fe1\u56fe\u7247_20250401063453.jpg\",\"contentUrl\":\"https:\/\/panwinjet.com\/wp-content\/uploads\/2025\/09\/\u5fae\u4fe1\u56fe\u7247_20250401063453.jpg\",\"width\":1279,\"height\":1706},{\"@type\":\"BreadcrumbList\",\"@id\":\"https:\/\/panwinjet.com\/product\/ultra-high-pressure-water-jet-blasting-cleaning-machine-parts-4-blades-rotary-nozzles\/#breadcrumb\",\"itemListElement\":[{\"@type\":\"ListItem\",\"position\":1,\"name\":\"\u9996\u9875\",\"item\":\"https:\/\/panwinjet.com\/\"},{\"@type\":\"ListItem\",\"position\":2,\"name\":\"PRODUCT\",\"item\":\"https:\/\/panwinjet.com\/product\/\"},{\"@type\":\"ListItem\",\"position\":3,\"name\":\"Ultra-high Pressure Water Jet Blasting cleaning machine Parts 4 Blades rotary nozzles\"}]},{\"@type\":\"WebSite\",\"@id\":\"https:\/\/panwinjet.com\/#website\",\"url\":\"https:\/\/panwinjet.com\/\",\"name\":\"Panwin Machinery&amp;Equipment\",\"description\":\"Shenzhen Panwin Machinery&amp;Equipment Co.Ltd\",\"potentialAction\":[{\"@type\":\"SearchAction\",\"target\":{\"@type\":\"EntryPoint\",\"urlTemplate\":\"https:\/\/panwinjet.com\/?s={search_term_string}\"},\"query-input\":{\"@type\":\"PropertyValueSpecification\",\"valueRequired\":true,\"valueName\":\"search_term_string\"}}],\"inLanguage\":\"pt-PT\"}]}<\/script>\n<!-- \/ Yoast SEO plugin. -->","yoast_head_json":{"title":"Ultra-high Pressure Water Jet Blasting cleaning machine Parts 4 Blades rotary nozzles - Panwin Machinery&amp;Equipment","robots":{"index":"index","follow":"follow","max-snippet":"max-snippet:-1","max-image-preview":"max-image-preview:large","max-video-preview":"max-video-preview:-1"},"canonical":"https:\/\/panwinjet.com\/pt\/produto\/ultra-high-pressure-water-jet-blasting-cleaning-machine-parts-4-blades-rotary-nozzles\/","og_locale":"pt_PT","og_type":"article","og_title":"Ultra-high Pressure Water Jet Blasting cleaning machine Parts 4 Blades rotary nozzles - Panwin Machinery&amp;Equipment","og_description":"3.Product Feature And Application of Ultra-hi-Pressure Water Jet Blasting cleaning machine Parts 4 Blades rotary nozzles The Ultra-hi-Pressure Water Jet Parts 4 Blades rotary nozzles biggest features and selling-points is the big coverage and better cleaning results, it can rotate 360degress, with up to 2800bar pressure, it can increase almost 4 times of the general nozzle workload.  Application: It can be applied to big coverage surface cleaning process like ship surface, Marine cleaning.  Application: UHP 3000Bar UHP triplex plunger pump cleaning equipment parts Shipyard Surface preparation Robot for Hammelmann Spraying Bar Hydro Jet blaster Iron, Steel And Metal Industry high pressure waterblaster Mechanical and Apparatus Engineering Cements and Concrete Industry high pressure barracuda Surface cleaning UHP hydro Jet cleaning equipment parts Industrial Cleaning Spray Bars hydro blasting machine for petroleum refining industry Hydro Jet Surface Cleaning,Tank&amp;Vessel Cleaning, Heat Exchange Cleaning, Automotive Painting cleaning Mining industry cleaning Steel manufacture cleaning etc. High pressure sewer cleaning equipment for municipal pipe networks water supply and drainage pipelines;  4.Product Details of Ultra-hi-Pressure Water Jet Blasting cleaning machine Parts 4 Blades rotary nozzles The 4 Blades rotary has totally 16pc nozzles, Max pressure up to 2800bar, it can cover large area of cleaning, increase a lots the surface cleaning efficiency. With the details parts list you can see it is advanced design for high efficiency and time-saving.","og_url":"https:\/\/panwinjet.com\/pt\/produto\/ultra-high-pressure-water-jet-blasting-cleaning-machine-parts-4-blades-rotary-nozzles\/","og_site_name":"Panwin Machinery&amp;Equipment","article_modified_time":"2025-09-21T13:32:55+00:00","og_image":[{"width":1279,"height":1706,"url":"https:\/\/panwinjet.com\/wp-content\/uploads\/2025\/09\/\u5fae\u4fe1\u56fe\u7247_20250401063453.jpg","type":"image\/jpeg"}],"twitter_card":"summary_large_image","twitter_misc":{"Tempo estimado de leitura":"1 minuto"},"schema":{"@context":"https:\/\/schema.org","@graph":[{"@type":"WebPage","@id":"https:\/\/panwinjet.com\/product\/ultra-high-pressure-water-jet-blasting-cleaning-machine-parts-4-blades-rotary-nozzles\/","url":"https:\/\/panwinjet.com\/product\/ultra-high-pressure-water-jet-blasting-cleaning-machine-parts-4-blades-rotary-nozzles\/","name":"Ultra-high Pressure Water Jet Blasting cleaning machine Parts 4 Blades rotary nozzles - Panwin Machinery&amp;Equipment","isPartOf":{"@id":"https:\/\/panwinjet.com\/#website"},"primaryImageOfPage":{"@id":"https:\/\/panwinjet.com\/product\/ultra-high-pressure-water-jet-blasting-cleaning-machine-parts-4-blades-rotary-nozzles\/#primaryimage"},"image":{"@id":"https:\/\/panwinjet.com\/product\/ultra-high-pressure-water-jet-blasting-cleaning-machine-parts-4-blades-rotary-nozzles\/#primaryimage"},"thumbnailUrl":"https:\/\/panwinjet.com\/wp-content\/uploads\/2025\/09\/\u5fae\u4fe1\u56fe\u7247_20250401063453.jpg","datePublished":"2025-09-19T08:36:46+00:00","dateModified":"2025-09-21T13:32:55+00:00","breadcrumb":{"@id":"https:\/\/panwinjet.com\/product\/ultra-high-pressure-water-jet-blasting-cleaning-machine-parts-4-blades-rotary-nozzles\/#breadcrumb"},"inLanguage":"pt-PT","potentialAction":[{"@type":"ReadAction","target":["https:\/\/panwinjet.com\/product\/ultra-high-pressure-water-jet-blasting-cleaning-machine-parts-4-blades-rotary-nozzles\/"]}]},{"@type":"ImageObject","inLanguage":"pt-PT","@id":"https:\/\/panwinjet.com\/product\/ultra-high-pressure-water-jet-blasting-cleaning-machine-parts-4-blades-rotary-nozzles\/#primaryimage","url":"https:\/\/panwinjet.com\/wp-content\/uploads\/2025\/09\/\u5fae\u4fe1\u56fe\u7247_20250401063453.jpg","contentUrl":"https:\/\/panwinjet.com\/wp-content\/uploads\/2025\/09\/\u5fae\u4fe1\u56fe\u7247_20250401063453.jpg","width":1279,"height":1706},{"@type":"BreadcrumbList","@id":"https:\/\/panwinjet.com\/product\/ultra-high-pressure-water-jet-blasting-cleaning-machine-parts-4-blades-rotary-nozzles\/#breadcrumb","itemListElement":[{"@type":"ListItem","position":1,"name":"\u9996\u9875","item":"https:\/\/panwinjet.com\/"},{"@type":"ListItem","position":2,"name":"PRODUCT","item":"https:\/\/panwinjet.com\/product\/"},{"@type":"ListItem","position":3,"name":"Ultra-high Pressure Water Jet Blasting cleaning machine Parts 4 Blades rotary nozzles"}]},{"@type":"WebSite","@id":"https:\/\/panwinjet.com\/#website","url":"https:\/\/panwinjet.com\/","name":"Panwin Machinery&amp;Equipment","description":"Shenzhen Panwin Machinery&amp;Equipment Co.Ltd","potentialAction":[{"@type":"SearchAction","target":{"@type":"EntryPoint","urlTemplate":"https:\/\/panwinjet.com\/?s={search_term_string}"},"query-input":{"@type":"PropertyValueSpecification","valueRequired":true,"valueName":"search_term_string"}}],"inLanguage":"pt-PT"}]}},"_links":{"self":[{"href":"https:\/\/panwinjet.com\/pt\/wp-json\/wp\/v2\/product\/724","targetHints":{"allow":["GET"]}}],"collection":[{"href":"https:\/\/panwinjet.com\/pt\/wp-json\/wp\/v2\/product"}],"about":[{"href":"https:\/\/panwinjet.com\/pt\/wp-json\/wp\/v2\/types\/product"}],"wp:featuredmedia":[{"embeddable":true,"href":"https:\/\/panwinjet.com\/pt\/wp-json\/wp\/v2\/media\/731"}],"wp:attachment":[{"href":"https:\/\/panwinjet.com\/pt\/wp-json\/wp\/v2\/media?parent=724"}],"wp:term":[{"taxonomy":"product_brand","embeddable":true,"href":"https:\/\/panwinjet.com\/pt\/wp-json\/wp\/v2\/product_brand?post=724"},{"taxonomy":"product_cat","embeddable":true,"href":"https:\/\/panwinjet.com\/pt\/wp-json\/wp\/v2\/product_cat?post=724"},{"taxonomy":"product_tag","embeddable":true,"href":"https:\/\/panwinjet.com\/pt\/wp-json\/wp\/v2\/product_tag?post=724"}],"curies":[{"name":"wp","href":"https:\/\/api.w.org\/{rel}","templated":true}]}}