{"id":714,"date":"2025-09-19T08:29:14","date_gmt":"2025-09-19T08:29:14","guid":{"rendered":"https:\/\/panwinjet.com\/?post_type=product&#038;p=714"},"modified":"2025-09-19T08:29:14","modified_gmt":"2025-09-19T08:29:14","slug":"22000psi-hydro-water-blasting-big-tube-cleaning-machine-bjv-nozzles","status":"publish","type":"product","link":"https:\/\/panwinjet.com\/pt\/produto\/22000psi-hydro-water-blasting-big-tube-cleaning-machine-bjv-nozzles\/","title":{"rendered":"M\u00e1quina de limpeza de tubos grandes com jato de \u00e1gua de 22000 psi e bicos BJV"},"content":{"rendered":"<p>M\u00e1quina de limpeza de tubos grandes com jato de \u00e1gua de 22000 psi e bicos BJV<br \/>\n1. Apresenta\u00e7\u00e3o do produto: M\u00e1quina de limpeza de tubos de grande porte com jato de \u00e1gua de 22.000 psi e bicos BJV<br \/>\nA m\u00e1quina de limpeza de tubos de grande di\u00e2metro com jato de \u00e1gua de 22.000 psi da BJV Nozzles \u00e9 uma ferramenta autopropulsionada com rota\u00e7\u00e3o de 360\u00b0, projetada para a limpeza de tubos de di\u00e2metro m\u00e9dio a grande.<br \/>\nNa limpeza de tubula\u00e7\u00f5es de grande di\u00e2metro, com o centralizador de gaiola adequado, bicos tipo esfera, bicos tipo roda, etc., as vantagens de limpeza dos bicos BJV s\u00e3o distintas e incompar\u00e1veis, apresentando poderosa capacidade de limpeza, m\u00e1xima efici\u00eancia e seguran\u00e7a.<br \/>\nN\u00f3s, da Panwin, fornecemos aos nossos clientes diferentes bicos BJV para diversos cen\u00e1rios de aplica\u00e7\u00e3o.<\/p>\n<p>&nbsp;<\/p>\n<p>2. Par\u00e2metros do produto (especifica\u00e7\u00f5es) da m\u00e1quina de limpeza de tubos grandes por hidrojateamento de \u00e1gua de 22.000 psi com bicos BJV<\/p>\n<div style=\"width: 612px;\" class=\"wp-video\"><video class=\"wp-video-shortcode\" id=\"video-714-1\" width=\"612\" height=\"1088\" preload=\"metadata\" controls=\"controls\"><source type=\"video\/mp4\" src=\"https:\/\/panwinjet.com\/wp-content\/uploads\/2025\/09\/Rotor-Drain-Tube-Cleaing.mp4?_=1\" \/><a href=\"https:\/\/panwinjet.com\/wp-content\/uploads\/2025\/09\/Rotor-Drain-Tube-Cleaing.mp4\">https:\/\/panwinjet.com\/wp-content\/uploads\/2025\/09\/Rotor-Drain-Tube-Cleaing.mp4<\/a><\/video><\/div>\n<p>A m\u00e1quina de limpeza de tubos de grande di\u00e2metro com jato de \u00e1gua de 40.000 psi e bicos BJV \u00e9 feita de a\u00e7o inoxid\u00e1vel de alta densidade. O material de alta qualidade proporciona melhor desempenho mesmo nas aplica\u00e7\u00f5es de limpeza mais exigentes, com press\u00e3o de at\u00e9 22.000 psi e vaz\u00e3o de 189 lpm, com velocidade control\u00e1vel entre 50 e 1.000 rpm. \u00c9 a ferramenta ideal para limpeza de tubos de grande di\u00e2metro com jatos de \u00e1gua afiados.<br \/>\nPar\u00e2metro conforme segue:<\/p>","protected":false},"excerpt":{"rendered":"<p>3. Caracter\u00edsticas e aplica\u00e7\u00f5es do produto: M\u00e1quina de limpeza de tubos grandes com jato de \u00e1gua de 22Kpsi e bicos BJV<br \/>\nA m\u00e1quina de limpeza de tubos de grande di\u00e2metro com jato de \u00e1gua de 22Kpsi e bicos BJV tornou-se a ferramenta avan\u00e7ada para limpeza de tubos de grande di\u00e2metro por um motivo: ela possui muitas vantagens e recursos que auxiliam significativamente na limpeza de tubos de grande di\u00e2metro.<br \/>\n1: Velocidade de rota\u00e7\u00e3o control\u00e1vel.<br \/>\nA velocidade de rota\u00e7\u00e3o da cabe\u00e7a do bocal \u00e9 controlada pelo sistema de frenagem magn\u00e9tica da junta girat\u00f3ria.<br \/>\n2: Grande vaz\u00e3o, poderoso efeito de pulveriza\u00e7\u00e3o de limpeza.<br \/>\nCabe\u00e7a e bico girat\u00f3rio em a\u00e7o inoxid\u00e1vel com vaz\u00e3o de at\u00e9 50 gpm (189 lpm). A vaz\u00e3o \u00e9 calculada multiplicando-se o n\u00famero de bicos utilizados pela vaz\u00e3o total.<br \/>\n3: Multi-inser\u00e7\u00e3o. Diversos bicos dispon\u00edveis para diferentes cen\u00e1rios de limpeza.<br \/>\nUtilize dois, quatro, seis ou sete bicos de carboneto de tungst\u00eanio da s\u00e9rie RM, safira da s\u00e9rie RMS ou diamante sint\u00e9tico da s\u00e9rie RMD.<br \/>\n4: Vida \u00fatil t\u00edpica da veda\u00e7\u00e3o e do \u00f3leo superior a 100 horas.<br \/>\n5: N\u00e3o precisa de silicone.<br \/>\n6: Baixo custo de servi\u00e7o.<br \/>\nBaixo custo de substitui\u00e7\u00e3o da veda\u00e7\u00e3o e troca r\u00e1pida, com o eixo da veda\u00e7\u00e3o e o cartucho em uma \u00fanica pe\u00e7a.<br \/>\n7: Ajuste de velocidade sem troca de \u00f3leo ou derramamento.<\/p>\n<p>Aplicativo:<br \/>\nEsta m\u00e1quina de limpeza de tubos de grande di\u00e2metro com jato de \u00e1gua de 22Kpsi e bicos BJV pode ser aplicada a diversos tipos de processos de limpeza, mas foi projetada principalmente para a limpeza de tubos de grande di\u00e2metro. Equipada com centralizador tipo gaiola, bicos tipo esfera, bicos tipo roda, etc., \u00e9 uma das melhores ferramentas de limpeza por hidrojato para tubula\u00e7\u00f5es e tubos de grande porte.<\/p>","protected":false},"featured_media":718,"template":"","meta":[],"product_brand":[],"product_cat":[5],"product_tag":[],"class_list":{"0":"post-714","1":"product","2":"type-product","3":"status-publish","4":"has-post-thumbnail","6":"product_cat-uhp-rotating-nozzles","8":"first","9":"instock","10":"shipping-taxable","11":"product-type-simple"},"yoast_head":"<!-- This site is optimized with the Yoast SEO plugin v24.9 - https:\/\/yoast.com\/wordpress\/plugins\/seo\/ -->\n<title>22000psi Hydro Water blasting big tube cleaning machine BJV Nozzles - Panwin Machinery&amp;Equipment<\/title>\n<meta name=\"robots\" content=\"index, follow, max-snippet:-1, max-image-preview:large, max-video-preview:-1\" \/>\n<link rel=\"canonical\" href=\"https:\/\/panwinjet.com\/pt\/produto\/22000psi-hydro-water-blasting-big-tube-cleaning-machine-bjv-nozzles\/\" \/>\n<meta property=\"og:locale\" content=\"pt_PT\" \/>\n<meta property=\"og:type\" content=\"article\" \/>\n<meta property=\"og:title\" content=\"22000psi Hydro Water blasting big tube cleaning machine BJV Nozzles - Panwin Machinery&amp;Equipment\" \/>\n<meta property=\"og:description\" content=\"3.Product Feature And Application of 22Kpsi Hydro Water blasting big tube cleaning machine BJV Nozzles The 22Kpsi Hydro Water blasting big tube cleaning machine BJV Nozzles become the advanced big diameter pipe clean tool has a reasons. Because it has many advantages and features great help for big diameter tube cleaning. 1:Rotation Speed controllable. Rotational speed of the nozzle head is controlled by the magnetic braking system the swivel. 2:Big flow rate, powerful cleaning spray effect. Stainless steel swivel and head with flows up to 50gpm(189.lpm). Flow rate calculated by multiplying number of nozzles used by the flow rate. 3:Multi-insert Various nozzles available for different cleaning Scenario Use two, four, six or seven tungsten carbide RM series, sapphire RMS series, or synthetic diamond RMD series nozzles. 4: Typical Seal and Oil life-time over 100hrs. 5:No Silicone Needed. 6:Low Service cost. Low seal replacement cost and quick change, with the seal shaft and cartridge all in one piece. 7:Speed adjustment without oil change or spillage.  Application: This 22Kpsi Hydro Water blasting big tube cleaning machine BJV Nozzles can be applied to the various kinds cleaning process, but it is mostly designed for the big diameter tube cleaning, and equipped with the Proper Cage centralizer,Ball Style, Wheel Style etc, it is almost the best hydro jet cleaning tool for big size pipeline and tube.\" \/>\n<meta property=\"og:url\" content=\"https:\/\/panwinjet.com\/pt\/produto\/22000psi-hydro-water-blasting-big-tube-cleaning-machine-bjv-nozzles\/\" \/>\n<meta property=\"og:site_name\" content=\"Panwin Machinery&amp;Equipment\" \/>\n<meta property=\"og:image\" content=\"https:\/\/panwinjet.com\/wp-content\/uploads\/2025\/09\/BJV-Nozzles2.png\" \/>\n\t<meta property=\"og:image:width\" content=\"206\" \/>\n\t<meta property=\"og:image:height\" content=\"247\" \/>\n\t<meta property=\"og:image:type\" content=\"image\/png\" \/>\n<meta name=\"twitter:card\" content=\"summary_large_image\" \/>\n<meta name=\"twitter:label1\" content=\"Tempo estimado de leitura\" \/>\n\t<meta name=\"twitter:data1\" content=\"1 minuto\" \/>\n<script type=\"application\/ld+json\" class=\"yoast-schema-graph\">{\"@context\":\"https:\/\/schema.org\",\"@graph\":[{\"@type\":\"WebPage\",\"@id\":\"https:\/\/panwinjet.com\/product\/22000psi-hydro-water-blasting-big-tube-cleaning-machine-bjv-nozzles\/\",\"url\":\"https:\/\/panwinjet.com\/product\/22000psi-hydro-water-blasting-big-tube-cleaning-machine-bjv-nozzles\/\",\"name\":\"22000psi Hydro Water blasting big tube cleaning machine BJV Nozzles - Panwin Machinery&amp;Equipment\",\"isPartOf\":{\"@id\":\"https:\/\/panwinjet.com\/#website\"},\"primaryImageOfPage\":{\"@id\":\"https:\/\/panwinjet.com\/product\/22000psi-hydro-water-blasting-big-tube-cleaning-machine-bjv-nozzles\/#primaryimage\"},\"image\":{\"@id\":\"https:\/\/panwinjet.com\/product\/22000psi-hydro-water-blasting-big-tube-cleaning-machine-bjv-nozzles\/#primaryimage\"},\"thumbnailUrl\":\"https:\/\/panwinjet.com\/wp-content\/uploads\/2025\/09\/BJV-Nozzles2.png\",\"datePublished\":\"2025-09-19T08:29:14+00:00\",\"breadcrumb\":{\"@id\":\"https:\/\/panwinjet.com\/product\/22000psi-hydro-water-blasting-big-tube-cleaning-machine-bjv-nozzles\/#breadcrumb\"},\"inLanguage\":\"pt-PT\",\"potentialAction\":[{\"@type\":\"ReadAction\",\"target\":[\"https:\/\/panwinjet.com\/product\/22000psi-hydro-water-blasting-big-tube-cleaning-machine-bjv-nozzles\/\"]}]},{\"@type\":\"ImageObject\",\"inLanguage\":\"pt-PT\",\"@id\":\"https:\/\/panwinjet.com\/product\/22000psi-hydro-water-blasting-big-tube-cleaning-machine-bjv-nozzles\/#primaryimage\",\"url\":\"https:\/\/panwinjet.com\/wp-content\/uploads\/2025\/09\/BJV-Nozzles2.png\",\"contentUrl\":\"https:\/\/panwinjet.com\/wp-content\/uploads\/2025\/09\/BJV-Nozzles2.png\",\"width\":206,\"height\":247},{\"@type\":\"BreadcrumbList\",\"@id\":\"https:\/\/panwinjet.com\/product\/22000psi-hydro-water-blasting-big-tube-cleaning-machine-bjv-nozzles\/#breadcrumb\",\"itemListElement\":[{\"@type\":\"ListItem\",\"position\":1,\"name\":\"\u9996\u9875\",\"item\":\"https:\/\/panwinjet.com\/\"},{\"@type\":\"ListItem\",\"position\":2,\"name\":\"PRODUCT\",\"item\":\"https:\/\/panwinjet.com\/product\/\"},{\"@type\":\"ListItem\",\"position\":3,\"name\":\"22000psi Hydro Water blasting big tube cleaning machine BJV Nozzles\"}]},{\"@type\":\"WebSite\",\"@id\":\"https:\/\/panwinjet.com\/#website\",\"url\":\"https:\/\/panwinjet.com\/\",\"name\":\"Panwin Machinery&amp;Equipment\",\"description\":\"Shenzhen Panwin Machinery&amp;Equipment Co.Ltd\",\"potentialAction\":[{\"@type\":\"SearchAction\",\"target\":{\"@type\":\"EntryPoint\",\"urlTemplate\":\"https:\/\/panwinjet.com\/?s={search_term_string}\"},\"query-input\":{\"@type\":\"PropertyValueSpecification\",\"valueRequired\":true,\"valueName\":\"search_term_string\"}}],\"inLanguage\":\"pt-PT\"}]}<\/script>\n<!-- \/ Yoast SEO plugin. -->","yoast_head_json":{"title":"22000psi Hydro Water blasting big tube cleaning machine BJV Nozzles - Panwin Machinery&amp;Equipment","robots":{"index":"index","follow":"follow","max-snippet":"max-snippet:-1","max-image-preview":"max-image-preview:large","max-video-preview":"max-video-preview:-1"},"canonical":"https:\/\/panwinjet.com\/pt\/produto\/22000psi-hydro-water-blasting-big-tube-cleaning-machine-bjv-nozzles\/","og_locale":"pt_PT","og_type":"article","og_title":"22000psi Hydro Water blasting big tube cleaning machine BJV Nozzles - Panwin Machinery&amp;Equipment","og_description":"3.Product Feature And Application of 22Kpsi Hydro Water blasting big tube cleaning machine BJV Nozzles The 22Kpsi Hydro Water blasting big tube cleaning machine BJV Nozzles become the advanced big diameter pipe clean tool has a reasons. Because it has many advantages and features great help for big diameter tube cleaning. 1:Rotation Speed controllable. Rotational speed of the nozzle head is controlled by the magnetic braking system the swivel. 2:Big flow rate, powerful cleaning spray effect. Stainless steel swivel and head with flows up to 50gpm(189.lpm). Flow rate calculated by multiplying number of nozzles used by the flow rate. 3:Multi-insert Various nozzles available for different cleaning Scenario Use two, four, six or seven tungsten carbide RM series, sapphire RMS series, or synthetic diamond RMD series nozzles. 4: Typical Seal and Oil life-time over 100hrs. 5:No Silicone Needed. 6:Low Service cost. Low seal replacement cost and quick change, with the seal shaft and cartridge all in one piece. 7:Speed adjustment without oil change or spillage.  Application: This 22Kpsi Hydro Water blasting big tube cleaning machine BJV Nozzles can be applied to the various kinds cleaning process, but it is mostly designed for the big diameter tube cleaning, and equipped with the Proper Cage centralizer,Ball Style, Wheel Style etc, it is almost the best hydro jet cleaning tool for big size pipeline and tube.","og_url":"https:\/\/panwinjet.com\/pt\/produto\/22000psi-hydro-water-blasting-big-tube-cleaning-machine-bjv-nozzles\/","og_site_name":"Panwin Machinery&amp;Equipment","og_image":[{"width":206,"height":247,"url":"https:\/\/panwinjet.com\/wp-content\/uploads\/2025\/09\/BJV-Nozzles2.png","type":"image\/png"}],"twitter_card":"summary_large_image","twitter_misc":{"Tempo estimado de leitura":"1 minuto"},"schema":{"@context":"https:\/\/schema.org","@graph":[{"@type":"WebPage","@id":"https:\/\/panwinjet.com\/product\/22000psi-hydro-water-blasting-big-tube-cleaning-machine-bjv-nozzles\/","url":"https:\/\/panwinjet.com\/product\/22000psi-hydro-water-blasting-big-tube-cleaning-machine-bjv-nozzles\/","name":"22000psi Hydro Water blasting big tube cleaning machine BJV Nozzles - Panwin Machinery&amp;Equipment","isPartOf":{"@id":"https:\/\/panwinjet.com\/#website"},"primaryImageOfPage":{"@id":"https:\/\/panwinjet.com\/product\/22000psi-hydro-water-blasting-big-tube-cleaning-machine-bjv-nozzles\/#primaryimage"},"image":{"@id":"https:\/\/panwinjet.com\/product\/22000psi-hydro-water-blasting-big-tube-cleaning-machine-bjv-nozzles\/#primaryimage"},"thumbnailUrl":"https:\/\/panwinjet.com\/wp-content\/uploads\/2025\/09\/BJV-Nozzles2.png","datePublished":"2025-09-19T08:29:14+00:00","breadcrumb":{"@id":"https:\/\/panwinjet.com\/product\/22000psi-hydro-water-blasting-big-tube-cleaning-machine-bjv-nozzles\/#breadcrumb"},"inLanguage":"pt-PT","potentialAction":[{"@type":"ReadAction","target":["https:\/\/panwinjet.com\/product\/22000psi-hydro-water-blasting-big-tube-cleaning-machine-bjv-nozzles\/"]}]},{"@type":"ImageObject","inLanguage":"pt-PT","@id":"https:\/\/panwinjet.com\/product\/22000psi-hydro-water-blasting-big-tube-cleaning-machine-bjv-nozzles\/#primaryimage","url":"https:\/\/panwinjet.com\/wp-content\/uploads\/2025\/09\/BJV-Nozzles2.png","contentUrl":"https:\/\/panwinjet.com\/wp-content\/uploads\/2025\/09\/BJV-Nozzles2.png","width":206,"height":247},{"@type":"BreadcrumbList","@id":"https:\/\/panwinjet.com\/product\/22000psi-hydro-water-blasting-big-tube-cleaning-machine-bjv-nozzles\/#breadcrumb","itemListElement":[{"@type":"ListItem","position":1,"name":"\u9996\u9875","item":"https:\/\/panwinjet.com\/"},{"@type":"ListItem","position":2,"name":"PRODUCT","item":"https:\/\/panwinjet.com\/product\/"},{"@type":"ListItem","position":3,"name":"22000psi Hydro Water blasting big tube cleaning machine BJV Nozzles"}]},{"@type":"WebSite","@id":"https:\/\/panwinjet.com\/#website","url":"https:\/\/panwinjet.com\/","name":"Panwin Machinery&amp;Equipment","description":"Shenzhen Panwin Machinery&amp;Equipment Co.Ltd","potentialAction":[{"@type":"SearchAction","target":{"@type":"EntryPoint","urlTemplate":"https:\/\/panwinjet.com\/?s={search_term_string}"},"query-input":{"@type":"PropertyValueSpecification","valueRequired":true,"valueName":"search_term_string"}}],"inLanguage":"pt-PT"}]}},"_links":{"self":[{"href":"https:\/\/panwinjet.com\/pt\/wp-json\/wp\/v2\/product\/714","targetHints":{"allow":["GET"]}}],"collection":[{"href":"https:\/\/panwinjet.com\/pt\/wp-json\/wp\/v2\/product"}],"about":[{"href":"https:\/\/panwinjet.com\/pt\/wp-json\/wp\/v2\/types\/product"}],"wp:featuredmedia":[{"embeddable":true,"href":"https:\/\/panwinjet.com\/pt\/wp-json\/wp\/v2\/media\/718"}],"wp:attachment":[{"href":"https:\/\/panwinjet.com\/pt\/wp-json\/wp\/v2\/media?parent=714"}],"wp:term":[{"taxonomy":"product_brand","embeddable":true,"href":"https:\/\/panwinjet.com\/pt\/wp-json\/wp\/v2\/product_brand?post=714"},{"taxonomy":"product_cat","embeddable":true,"href":"https:\/\/panwinjet.com\/pt\/wp-json\/wp\/v2\/product_cat?post=714"},{"taxonomy":"product_tag","embeddable":true,"href":"https:\/\/panwinjet.com\/pt\/wp-json\/wp\/v2\/product_tag?post=714"}],"curies":[{"name":"wp","href":"https:\/\/api.w.org\/{rel}","templated":true}]}}