{"id":697,"date":"2025-09-19T08:10:21","date_gmt":"2025-09-19T08:10:21","guid":{"rendered":"https:\/\/panwinjet.com\/?post_type=product&#038;p=697"},"modified":"2025-09-21T13:33:49","modified_gmt":"2025-09-21T13:33:49","slug":"22kpsi-pressure-water-jet-cleaning-machine-4-badger-bend-pipe-cleaning-nozzle","status":"publish","type":"product","link":"https:\/\/panwinjet.com\/pt\/produto\/22kpsi-pressure-water-jet-cleaning-machine-4-badger-bend-pipe-cleaning-nozzle\/","title":{"rendered":"M\u00e1quina de limpeza com jato de \u00e1gua de 22 kpsi e bocal de limpeza de tubos Badger Bend de 4 polegadas."},"content":{"rendered":"<p>1. Apresenta\u00e7\u00e3o do produto: M\u00e1quina de limpeza com jato de \u00e1gua de 40 kpsi e bocal de limpeza para tubos curvos de 4 polegadas<br \/>\nA m\u00e1quina de limpeza com jato de \u00e1gua de 40 kpsi e bocal para limpeza de tubos com curva de 4 polegadas possui um bocal auto-rotativo que facilita o acesso e a limpeza de tubos com curva de 90\u00b0 de 4 polegadas. Ela conta com jatos frontais, laterais e traseiros que desobstruem os tubos. \u00c9 uma ferramenta poderosa para limpeza de tubula\u00e7\u00f5es, ideal para tarefas complexas em campos petrol\u00edferos, limpeza de tubula\u00e7\u00f5es qu\u00edmicas, etc.<\/p>\n<p>2. Par\u00e2metros do produto (especifica\u00e7\u00f5es) da m\u00e1quina de limpeza com jato de \u00e1gua de 40 kpsi e bocal de limpeza para tubos curvos de 4 polegadas.<br \/>\nEste conjunto de bicos para limpeza de tubos com curvas de 4 polegadas, para m\u00e1quinas de hidrojateamento, possui press\u00e3o m\u00e1xima de opera\u00e7\u00e3o de 22.000 psi e vaz\u00e3o m\u00e1xima de 40 gpm, oferecendo forte poder de pulveriza\u00e7\u00e3o e alta vaz\u00e3o para a limpeza de tubula\u00e7\u00f5es curvas de 4 polegadas.<\/p>\n<div style=\"width: 544px;\" class=\"wp-video\"><video class=\"wp-video-shortcode\" id=\"video-697-1\" width=\"544\" height=\"960\" preload=\"metadata\" controls=\"controls\"><source type=\"video\/mp4\" src=\"https:\/\/panwinjet.com\/wp-content\/uploads\/2025\/09\/WeChat_20230425145358.mp4?_=1\" \/><a href=\"https:\/\/panwinjet.com\/wp-content\/uploads\/2025\/09\/WeChat_20230425145358.mp4\">https:\/\/panwinjet.com\/wp-content\/uploads\/2025\/09\/WeChat_20230425145358.mp4<\/a><\/video><\/div>","protected":false},"excerpt":{"rendered":"<p>3. Caracter\u00edsticas e aplica\u00e7\u00f5es do produto: M\u00e1quina de limpeza com jato de \u00e1gua de 40 kpsi e bocal de limpeza para tubos curvos de 4 polegadas.<br \/>\nN\u00f3s, da Panwin, vendemos bicos de limpeza de tubula\u00e7\u00e3o com curva de 4 polegadas para jateamento de \u00e1gua pressurizada de 20.000 psi de excelente qualidade, que possuem diversas vantagens e caracter\u00edsticas, como as seguintes:<br \/>\n1: Desempenho de limpeza completo.<br \/>\nEste bocal auto-rotativo para limpeza de tubula\u00e7\u00f5es hidr\u00e1ulicas foi projetado para facilitar o acesso e a limpeza de tubos de 6 polegadas com curva de 90\u00b0, e possui jatos frontais, laterais e traseiros que desobstruem bloqueios.<br \/>\nO impulso serve para impulsionar a ferramenta pelo tubo, proporcionando m\u00e1xima pot\u00eancia de limpeza e m\u00ednimo desgaste.<\/p>\n<p>2: A \u00e1gua proporciona movimento de autorrota\u00e7\u00e3o, sem necessidade de \u00f3leo ou rolamentos de esferas.<br \/>\nA \u00e1gua corrente proporciona o movimento rotacional e cria o rolamento sobre o qual os bicos giram. Sem necessidade de trocar \u00f3leo ou rolamentos de esferas!<\/p>\n<p>3: Inser\u00e7\u00e3o de bicos multiportas para limpeza de 360 graus.<br \/>\nEquipada com duas portas frontais a 10\u00b0 e duas a 45\u00b0, duas portas radiais a 100\u00b0 e duas portas traseiras a 135\u00b0 que aceitam dois tipos de bicos dispon\u00edveis opcionalmente.<\/p>\n<p>4: Controle de velocidade, limpeza potente e m\u00ednimo desgaste.<br \/>\nEle foi projetado com um sistema de frenagem por correntes parasitas que controla a velocidade de rota\u00e7\u00e3o para obter o m\u00e1ximo poder de limpeza e o m\u00ednimo desgaste.<\/p>\n<p>5: Servi\u00e7o f\u00e1cil.<br \/>\nTotalmente repar\u00e1vel em campo em menos de 5 minutos!<\/p>\n<p>Esta m\u00e1quina de limpeza com jato de \u00e1gua de 20 kpsi e bocal para limpeza de tubula\u00e7\u00f5es curvas de 4 polegadas pode ser aplicada em diversos processos de limpeza, como limpeza de tanques e vasos, limpeza de tubos e canos, etc., e apresenta vantagens incompar\u00e1veis, principalmente em tubos curvados de 4 polegadas.<\/p>\n<p>&nbsp;<\/p>\n<p>4. Detalhes do produto: M\u00e1quina de limpeza com jato de \u00e1gua de 40 kpsi e bocal de limpeza para tubos curvos de 4 polegadas<br \/>\nA m\u00e1quina de limpeza com jato de \u00e1gua de 20 kpsi e bocal para tubos curvos de 4 polegadas inclui adaptador, anel de reten\u00e7\u00e3o, porcas de entrada, anel de desgaste e cabe\u00e7ote, etc. Conforme as imagens.<\/p>","protected":false},"featured_media":701,"template":"","meta":[],"product_brand":[],"product_cat":[5],"product_tag":[],"class_list":{"0":"post-697","1":"product","2":"type-product","3":"status-publish","4":"has-post-thumbnail","6":"product_cat-uhp-rotating-nozzles","8":"first","9":"instock","10":"shipping-taxable","11":"product-type-simple"},"yoast_head":"<!-- This site is optimized with the Yoast SEO plugin v24.9 - https:\/\/yoast.com\/wordpress\/plugins\/seo\/ -->\n<title>22kpsi Pressure Water Jet cleaning machine 4&quot; Badger Bend Pipe Cleaning Nozzle - Panwin Machinery&amp;Equipment<\/title>\n<meta name=\"robots\" content=\"index, follow, max-snippet:-1, max-image-preview:large, max-video-preview:-1\" \/>\n<link rel=\"canonical\" href=\"https:\/\/panwinjet.com\/pt\/produto\/22kpsi-pressure-water-jet-cleaning-machine-4-badger-bend-pipe-cleaning-nozzle\/\" \/>\n<meta property=\"og:locale\" content=\"pt_PT\" \/>\n<meta property=\"og:type\" content=\"article\" \/>\n<meta property=\"og:title\" content=\"22kpsi Pressure Water Jet cleaning machine 4&quot; Badger Bend Pipe Cleaning Nozzle - Panwin Machinery&amp;Equipment\" \/>\n<meta property=\"og:description\" content=\"3.Product Feature And Application of 40kpsi Pressure Water Jet cleaning machine 4&quot; Bend Pipe Cleaning Nozzle We Panwin sell you the excellent quality 20000psi Pressure Water blasting 4inch bend pipeline cleaning machine nozzles have many advantages and features as follows: 1: All-around cleaning performance. This hydro pipeline cleaning Self-Rotating nozzle is designed for easy access and cleaning wash bend 90\u00b0 6 inch pipe, and has front, side, and rear jets that clear blockages, It thrust to propel the tool down the pipe for Max cleaning power and Min wear.  2:Water provide Self-Rotational motion, no oil or ball bearing need. The flowing Water provides the rotational motion and creates the bearing on which the nozzles spin. No oil or ball bearings to replace!  3:Muti-Port nozzles insert for 360 Degree cleaning. Equipped with two forward-facing ports at 10\u00b0 and two at 45\u00b0, two radial ports at 100\u00b0,and two rearward-facing ports at 135\u00b0 that accept two types of nozzles available optional.  4: Speed control, powerful cleaning and Min wear. It is designed with an eddy-current braking system which controls rotation speed for maximum cleaning power and minimum wear.  5:Easy Service. Completely field repairable in less than 5 minutes!  This 20kpsi Pressure Water Jet cleaning machine 4&quot; Bend Pipeline Cleaning Nozzle can be applied many cleaning process Tank&amp;Vessel Cleaning, pipe and tube cleaning etc, and particularly in the 4inch Bent pipe, it is quite unrivaled advantages.  &nbsp;  4.Product Details of 40kpsi Pressure Water Jet cleaning machine 4&quot; Bend Pipe Cleaning Nozzle The 20kpsi Pressure Water Jet cleaning machine 4&quot; Bend Pipe Cleaning Nozzle contains adapter, retaining ring,inlet nuts,wear ring and head assemblies etc. As pictures\" \/>\n<meta property=\"og:url\" content=\"https:\/\/panwinjet.com\/pt\/produto\/22kpsi-pressure-water-jet-cleaning-machine-4-badger-bend-pipe-cleaning-nozzle\/\" \/>\n<meta property=\"og:site_name\" content=\"Panwin Machinery&amp;Equipment\" \/>\n<meta property=\"article:modified_time\" content=\"2025-09-21T13:33:49+00:00\" \/>\n<meta property=\"og:image\" content=\"https:\/\/panwinjet.com\/wp-content\/uploads\/2025\/09\/4-Inch-Bent-Pipe-nozzles-4-scaled.jpg\" \/>\n\t<meta property=\"og:image:width\" content=\"1920\" \/>\n\t<meta property=\"og:image:height\" content=\"2560\" \/>\n\t<meta property=\"og:image:type\" content=\"image\/jpeg\" \/>\n<meta name=\"twitter:card\" content=\"summary_large_image\" \/>\n<meta name=\"twitter:label1\" content=\"Tempo estimado de leitura\" \/>\n\t<meta name=\"twitter:data1\" content=\"1 minuto\" \/>\n<script type=\"application\/ld+json\" class=\"yoast-schema-graph\">{\"@context\":\"https:\/\/schema.org\",\"@graph\":[{\"@type\":\"WebPage\",\"@id\":\"https:\/\/panwinjet.com\/product\/22kpsi-pressure-water-jet-cleaning-machine-4-badger-bend-pipe-cleaning-nozzle\/\",\"url\":\"https:\/\/panwinjet.com\/product\/22kpsi-pressure-water-jet-cleaning-machine-4-badger-bend-pipe-cleaning-nozzle\/\",\"name\":\"22kpsi Pressure Water Jet cleaning machine 4\\\" Badger Bend Pipe Cleaning Nozzle - Panwin Machinery&amp;Equipment\",\"isPartOf\":{\"@id\":\"https:\/\/panwinjet.com\/#website\"},\"primaryImageOfPage\":{\"@id\":\"https:\/\/panwinjet.com\/product\/22kpsi-pressure-water-jet-cleaning-machine-4-badger-bend-pipe-cleaning-nozzle\/#primaryimage\"},\"image\":{\"@id\":\"https:\/\/panwinjet.com\/product\/22kpsi-pressure-water-jet-cleaning-machine-4-badger-bend-pipe-cleaning-nozzle\/#primaryimage\"},\"thumbnailUrl\":\"https:\/\/panwinjet.com\/wp-content\/uploads\/2025\/09\/4-Inch-Bent-Pipe-nozzles-4-scaled.jpg\",\"datePublished\":\"2025-09-19T08:10:21+00:00\",\"dateModified\":\"2025-09-21T13:33:49+00:00\",\"breadcrumb\":{\"@id\":\"https:\/\/panwinjet.com\/product\/22kpsi-pressure-water-jet-cleaning-machine-4-badger-bend-pipe-cleaning-nozzle\/#breadcrumb\"},\"inLanguage\":\"pt-PT\",\"potentialAction\":[{\"@type\":\"ReadAction\",\"target\":[\"https:\/\/panwinjet.com\/product\/22kpsi-pressure-water-jet-cleaning-machine-4-badger-bend-pipe-cleaning-nozzle\/\"]}]},{\"@type\":\"ImageObject\",\"inLanguage\":\"pt-PT\",\"@id\":\"https:\/\/panwinjet.com\/product\/22kpsi-pressure-water-jet-cleaning-machine-4-badger-bend-pipe-cleaning-nozzle\/#primaryimage\",\"url\":\"https:\/\/panwinjet.com\/wp-content\/uploads\/2025\/09\/4-Inch-Bent-Pipe-nozzles-4-scaled.jpg\",\"contentUrl\":\"https:\/\/panwinjet.com\/wp-content\/uploads\/2025\/09\/4-Inch-Bent-Pipe-nozzles-4-scaled.jpg\",\"width\":1920,\"height\":2560},{\"@type\":\"BreadcrumbList\",\"@id\":\"https:\/\/panwinjet.com\/product\/22kpsi-pressure-water-jet-cleaning-machine-4-badger-bend-pipe-cleaning-nozzle\/#breadcrumb\",\"itemListElement\":[{\"@type\":\"ListItem\",\"position\":1,\"name\":\"\u9996\u9875\",\"item\":\"https:\/\/panwinjet.com\/\"},{\"@type\":\"ListItem\",\"position\":2,\"name\":\"PRODUCT\",\"item\":\"https:\/\/panwinjet.com\/product\/\"},{\"@type\":\"ListItem\",\"position\":3,\"name\":\"22kpsi Pressure Water Jet cleaning machine 4&#8243; Badger Bend Pipe Cleaning Nozzle\"}]},{\"@type\":\"WebSite\",\"@id\":\"https:\/\/panwinjet.com\/#website\",\"url\":\"https:\/\/panwinjet.com\/\",\"name\":\"Panwin Machinery&amp;Equipment\",\"description\":\"Shenzhen Panwin Machinery&amp;Equipment Co.Ltd\",\"potentialAction\":[{\"@type\":\"SearchAction\",\"target\":{\"@type\":\"EntryPoint\",\"urlTemplate\":\"https:\/\/panwinjet.com\/?s={search_term_string}\"},\"query-input\":{\"@type\":\"PropertyValueSpecification\",\"valueRequired\":true,\"valueName\":\"search_term_string\"}}],\"inLanguage\":\"pt-PT\"}]}<\/script>\n<!-- \/ Yoast SEO plugin. -->","yoast_head_json":{"title":"22kpsi Pressure Water Jet cleaning machine 4\" Badger Bend Pipe Cleaning Nozzle - Panwin Machinery&amp;Equipment","robots":{"index":"index","follow":"follow","max-snippet":"max-snippet:-1","max-image-preview":"max-image-preview:large","max-video-preview":"max-video-preview:-1"},"canonical":"https:\/\/panwinjet.com\/pt\/produto\/22kpsi-pressure-water-jet-cleaning-machine-4-badger-bend-pipe-cleaning-nozzle\/","og_locale":"pt_PT","og_type":"article","og_title":"22kpsi Pressure Water Jet cleaning machine 4\" Badger Bend Pipe Cleaning Nozzle - Panwin Machinery&amp;Equipment","og_description":"3.Product Feature And Application of 40kpsi Pressure Water Jet cleaning machine 4\" Bend Pipe Cleaning Nozzle We Panwin sell you the excellent quality 20000psi Pressure Water blasting 4inch bend pipeline cleaning machine nozzles have many advantages and features as follows: 1: All-around cleaning performance. This hydro pipeline cleaning Self-Rotating nozzle is designed for easy access and cleaning wash bend 90\u00b0 6 inch pipe, and has front, side, and rear jets that clear blockages, It thrust to propel the tool down the pipe for Max cleaning power and Min wear.  2:Water provide Self-Rotational motion, no oil or ball bearing need. The flowing Water provides the rotational motion and creates the bearing on which the nozzles spin. No oil or ball bearings to replace!  3:Muti-Port nozzles insert for 360 Degree cleaning. Equipped with two forward-facing ports at 10\u00b0 and two at 45\u00b0, two radial ports at 100\u00b0,and two rearward-facing ports at 135\u00b0 that accept two types of nozzles available optional.  4: Speed control, powerful cleaning and Min wear. It is designed with an eddy-current braking system which controls rotation speed for maximum cleaning power and minimum wear.  5:Easy Service. Completely field repairable in less than 5 minutes!  This 20kpsi Pressure Water Jet cleaning machine 4\" Bend Pipeline Cleaning Nozzle can be applied many cleaning process Tank&amp;Vessel Cleaning, pipe and tube cleaning etc, and particularly in the 4inch Bent pipe, it is quite unrivaled advantages.  &nbsp;  4.Product Details of 40kpsi Pressure Water Jet cleaning machine 4\" Bend Pipe Cleaning Nozzle The 20kpsi Pressure Water Jet cleaning machine 4\" Bend Pipe Cleaning Nozzle contains adapter, retaining ring,inlet nuts,wear ring and head assemblies etc. As pictures","og_url":"https:\/\/panwinjet.com\/pt\/produto\/22kpsi-pressure-water-jet-cleaning-machine-4-badger-bend-pipe-cleaning-nozzle\/","og_site_name":"Panwin Machinery&amp;Equipment","article_modified_time":"2025-09-21T13:33:49+00:00","og_image":[{"width":1920,"height":2560,"url":"https:\/\/panwinjet.com\/wp-content\/uploads\/2025\/09\/4-Inch-Bent-Pipe-nozzles-4-scaled.jpg","type":"image\/jpeg"}],"twitter_card":"summary_large_image","twitter_misc":{"Tempo estimado de leitura":"1 minuto"},"schema":{"@context":"https:\/\/schema.org","@graph":[{"@type":"WebPage","@id":"https:\/\/panwinjet.com\/product\/22kpsi-pressure-water-jet-cleaning-machine-4-badger-bend-pipe-cleaning-nozzle\/","url":"https:\/\/panwinjet.com\/product\/22kpsi-pressure-water-jet-cleaning-machine-4-badger-bend-pipe-cleaning-nozzle\/","name":"22kpsi Pressure Water Jet cleaning machine 4\" Badger Bend Pipe Cleaning Nozzle - Panwin Machinery&amp;Equipment","isPartOf":{"@id":"https:\/\/panwinjet.com\/#website"},"primaryImageOfPage":{"@id":"https:\/\/panwinjet.com\/product\/22kpsi-pressure-water-jet-cleaning-machine-4-badger-bend-pipe-cleaning-nozzle\/#primaryimage"},"image":{"@id":"https:\/\/panwinjet.com\/product\/22kpsi-pressure-water-jet-cleaning-machine-4-badger-bend-pipe-cleaning-nozzle\/#primaryimage"},"thumbnailUrl":"https:\/\/panwinjet.com\/wp-content\/uploads\/2025\/09\/4-Inch-Bent-Pipe-nozzles-4-scaled.jpg","datePublished":"2025-09-19T08:10:21+00:00","dateModified":"2025-09-21T13:33:49+00:00","breadcrumb":{"@id":"https:\/\/panwinjet.com\/product\/22kpsi-pressure-water-jet-cleaning-machine-4-badger-bend-pipe-cleaning-nozzle\/#breadcrumb"},"inLanguage":"pt-PT","potentialAction":[{"@type":"ReadAction","target":["https:\/\/panwinjet.com\/product\/22kpsi-pressure-water-jet-cleaning-machine-4-badger-bend-pipe-cleaning-nozzle\/"]}]},{"@type":"ImageObject","inLanguage":"pt-PT","@id":"https:\/\/panwinjet.com\/product\/22kpsi-pressure-water-jet-cleaning-machine-4-badger-bend-pipe-cleaning-nozzle\/#primaryimage","url":"https:\/\/panwinjet.com\/wp-content\/uploads\/2025\/09\/4-Inch-Bent-Pipe-nozzles-4-scaled.jpg","contentUrl":"https:\/\/panwinjet.com\/wp-content\/uploads\/2025\/09\/4-Inch-Bent-Pipe-nozzles-4-scaled.jpg","width":1920,"height":2560},{"@type":"BreadcrumbList","@id":"https:\/\/panwinjet.com\/product\/22kpsi-pressure-water-jet-cleaning-machine-4-badger-bend-pipe-cleaning-nozzle\/#breadcrumb","itemListElement":[{"@type":"ListItem","position":1,"name":"\u9996\u9875","item":"https:\/\/panwinjet.com\/"},{"@type":"ListItem","position":2,"name":"PRODUCT","item":"https:\/\/panwinjet.com\/product\/"},{"@type":"ListItem","position":3,"name":"22kpsi Pressure Water Jet cleaning machine 4&#8243; Badger Bend Pipe Cleaning Nozzle"}]},{"@type":"WebSite","@id":"https:\/\/panwinjet.com\/#website","url":"https:\/\/panwinjet.com\/","name":"Panwin Machinery&amp;Equipment","description":"Shenzhen Panwin Machinery&amp;Equipment Co.Ltd","potentialAction":[{"@type":"SearchAction","target":{"@type":"EntryPoint","urlTemplate":"https:\/\/panwinjet.com\/?s={search_term_string}"},"query-input":{"@type":"PropertyValueSpecification","valueRequired":true,"valueName":"search_term_string"}}],"inLanguage":"pt-PT"}]}},"_links":{"self":[{"href":"https:\/\/panwinjet.com\/pt\/wp-json\/wp\/v2\/product\/697","targetHints":{"allow":["GET"]}}],"collection":[{"href":"https:\/\/panwinjet.com\/pt\/wp-json\/wp\/v2\/product"}],"about":[{"href":"https:\/\/panwinjet.com\/pt\/wp-json\/wp\/v2\/types\/product"}],"wp:featuredmedia":[{"embeddable":true,"href":"https:\/\/panwinjet.com\/pt\/wp-json\/wp\/v2\/media\/701"}],"wp:attachment":[{"href":"https:\/\/panwinjet.com\/pt\/wp-json\/wp\/v2\/media?parent=697"}],"wp:term":[{"taxonomy":"product_brand","embeddable":true,"href":"https:\/\/panwinjet.com\/pt\/wp-json\/wp\/v2\/product_brand?post=697"},{"taxonomy":"product_cat","embeddable":true,"href":"https:\/\/panwinjet.com\/pt\/wp-json\/wp\/v2\/product_cat?post=697"},{"taxonomy":"product_tag","embeddable":true,"href":"https:\/\/panwinjet.com\/pt\/wp-json\/wp\/v2\/product_tag?post=697"}],"curies":[{"name":"wp","href":"https:\/\/api.w.org\/{rel}","templated":true}]}}