{"id":654,"date":"2025-09-19T07:12:04","date_gmt":"2025-09-19T07:12:04","guid":{"rendered":"https:\/\/panwinjet.com\/?post_type=product&#038;p=654"},"modified":"2025-09-21T13:37:24","modified_gmt":"2025-09-21T13:37:24","slug":"js-uhp-water-blasting15kpsi-dursafety-gun-cartridge-50902","status":"publish","type":"product","link":"https:\/\/panwinjet.com\/pt\/produto\/js-uhp-water-blasting15kpsi-dursafety-gun-cartridge-50902\/","title":{"rendered":"Cartucho de pistola Dursafety compat\u00edvel com Jetstream para jateamento de \u00e1gua UHP 15Kpsi - 50902"},"content":{"rendered":"<p>1. Apresenta\u00e7\u00e3o do produto: Cartucho para pistola Dursafety de 15Kpsi - 50902<\/p>\n<p>Este cartucho de pistola Dursafety de 15Kpsi - 50902 \u00e9 compat\u00edvel com a pe\u00e7a Jet-stream n\u00ba 50902. \u00c9 um cartucho de v\u00e1lvula facilmente substitu\u00edvel que permite ao usu\u00e1rio reconstruir completamente a v\u00e1lvula em poucos minutos.<\/p>\n<p>&nbsp;<\/p>\n<p>2. Par\u00e2metros do produto (especifica\u00e7\u00f5es) do cartucho de pistola Dursafety para jato de \u00e1gua UHP de 15Kpsi - 50902<\/p>\n<p>Este cartucho para pistola de jato de \u00e1gua UHP de 15Kpsi Dursafety-50902 \u00e9 feito de a\u00e7o inoxid\u00e1vel de alta qualidade. Tanto a v\u00e1lvula quanto a sede s\u00e3o fabricadas em a\u00e7o inoxid\u00e1vel endurecido e revestidas para m\u00e1xima resist\u00eancia ao desgaste e vida \u00fatil.<\/p>","protected":false},"excerpt":{"rendered":"<p>3. Caracter\u00edsticas e aplica\u00e7\u00f5es do cartucho de pistola Dursafety para jato de \u00e1gua UHP de 15Kpsi - 50902<br \/>\nEste cartucho de pistola Dursafety para jato de \u00e1gua UHP de 15Kpsi - 50902<br \/>\nUm componente importante da pistola de seguran\u00e7a Jetstream Durssafety de 15.000 psi \u00e9 seu design inovador, que oferece grandes vantagens em termos de facilidade de manuten\u00e7\u00e3o, simplicidade estrutural e de design, al\u00e9m de versatilidade de convers\u00e3o e multifuncionalidade. Este cartucho de reposi\u00e7\u00e3o, compat\u00edvel com a pe\u00e7a JST n\u00ba 50902, apresenta as seguintes caracter\u00edsticas:<br \/>\nCaracter\u00edsticas:<br \/>\n1: Manuten\u00e7\u00e3o f\u00e1cil, tempo de inatividade m\u00ednimo<br \/>\n2: Durabilidade de longa dura\u00e7\u00e3o<br \/>\n3: Pist\u00f5es e buchas de pist\u00e3o de carboneto s\u00f3lido<\/p>\n<p>Aplicativo:<br \/>\nPe\u00e7as para equipamentos de limpeza com bomba de pist\u00e3o triplex UHP 3000Bar, Rob\u00f4 para prepara\u00e7\u00e3o de superf\u00edcie em estaleiros para barra de pulveriza\u00e7\u00e3o Hammelmann<br \/>\nJateamento a jato de \u00e1gua para a ind\u00fastria de ferro, a\u00e7o e metal<br \/>\nJateadora de \u00e1gua de alta press\u00e3o - Engenharia Mec\u00e2nica e de Aparelhos<br \/>\nInd\u00fastria de cimento e concreto<br \/>\nBarracuda de alta press\u00e3o Limpeza de superf\u00edcie<br \/>\nPe\u00e7as para equipamentos de limpeza UHP Hydro Jet<br \/>\nBarras de pulveriza\u00e7\u00e3o para limpeza industrial<br \/>\nM\u00e1quina de hidrojateamento para a ind\u00fastria de refino de petr\u00f3leo<br \/>\nLimpeza de superf\u00edcies com hidrojato, limpeza de tanques e embarca\u00e7\u00f5es,<br \/>\nLimpeza do trocador de calor,<br \/>\nLimpeza de pintura automotiva, limpeza da ind\u00fastria de minera\u00e7\u00e3o, limpeza de f\u00e1bricas de a\u00e7o, etc.<br \/>\nEquipamento de limpeza de esgoto de alta press\u00e3o para redes de tubula\u00e7\u00e3o municipais de abastecimento de \u00e1gua e esgoto;<\/p>","protected":false},"featured_media":656,"template":"","meta":[],"product_brand":[],"product_cat":[4],"product_tag":[],"class_list":{"0":"post-654","1":"product","2":"type-product","3":"status-publish","4":"has-post-thumbnail","6":"product_cat-uhp-blasting-hand-air-gun","8":"first","9":"instock","10":"shipping-taxable","11":"product-type-simple"},"yoast_head":"<!-- This site is optimized with the Yoast SEO plugin v24.9 - https:\/\/yoast.com\/wordpress\/plugins\/seo\/ -->\n<title>Jetstream Compatible UHP Water Blasting15Kpsi Dursafety Gun Cartridge-50902 - Panwin Machinery&amp;Equipment<\/title>\n<meta name=\"robots\" content=\"index, follow, max-snippet:-1, max-image-preview:large, max-video-preview:-1\" \/>\n<link rel=\"canonical\" href=\"https:\/\/panwinjet.com\/pt\/produto\/js-uhp-water-blasting15kpsi-dursafety-gun-cartridge-50902\/\" \/>\n<meta property=\"og:locale\" content=\"pt_PT\" \/>\n<meta property=\"og:type\" content=\"article\" \/>\n<meta property=\"og:title\" content=\"Jetstream Compatible UHP Water Blasting15Kpsi Dursafety Gun Cartridge-50902 - Panwin Machinery&amp;Equipment\" \/>\n<meta property=\"og:description\" content=\"3.Product Feature And Application of UHP Water-Jetting 15Kpsi Dursafety Gun Cartridge-50902 This UHP Water-Jetting 15Kpsi Dursafety Gun Cartridge-50902 is important parts of the Jetstream 15Kpsi Rated Durssafety Gun, it is trailblazing design and it has the vast advantages in term of the easy-service, simplicity in structure and design,as well as Versatility in conversion and muti-function. And this Replacement Cartridge, Compatible with JST Part No. 50902 features as follows: Features: 1:Easy service, minimum downtime 2: Long-life durability 3:Solid carbide plungers and plunger bushings  Application: UHP 3000Bar UHP triplex plunger pump cleaning equipment parts Shipyard Surface preparation Robot for Hammelmann Spraying Bar Hydro Jet blaster Iron, Steel And Metal Industry high pressure waterblaster Mechanical and Apparatus Engineering Cements and Concrete Industry high pressure barracuda Surface cleaning UHP hydro Jet cleaning equipment parts Industrial Cleaning Spray Bars hydro blasting machine for petroleum refining industry Hydro Jet Surface Cleaning,Tank&amp;Vessel Cleaning, Heat Exchange Cleaning, Automotive Painting cleaning Mining industry cleaning Steel manufacture cleaning etc. High pressure sewer cleaning equipment for municipal pipe networks water supply and drainage pipelines;\" \/>\n<meta property=\"og:url\" content=\"https:\/\/panwinjet.com\/pt\/produto\/js-uhp-water-blasting15kpsi-dursafety-gun-cartridge-50902\/\" \/>\n<meta property=\"og:site_name\" content=\"Panwin Machinery&amp;Equipment\" \/>\n<meta property=\"article:modified_time\" content=\"2025-09-21T13:37:24+00:00\" \/>\n<meta property=\"og:image\" content=\"https:\/\/panwinjet.com\/wp-content\/uploads\/2025\/09\/15Kpsi-2-50902-2-1200x900.png\" \/>\n\t<meta property=\"og:image:width\" content=\"1200\" \/>\n\t<meta property=\"og:image:height\" content=\"900\" \/>\n\t<meta property=\"og:image:type\" content=\"image\/png\" \/>\n<meta name=\"twitter:card\" content=\"summary_large_image\" \/>\n<meta name=\"twitter:label1\" content=\"Tempo estimado de leitura\" \/>\n\t<meta name=\"twitter:data1\" content=\"1 minuto\" \/>\n<script type=\"application\/ld+json\" class=\"yoast-schema-graph\">{\"@context\":\"https:\/\/schema.org\",\"@graph\":[{\"@type\":\"WebPage\",\"@id\":\"https:\/\/panwinjet.com\/product\/js-uhp-water-blasting15kpsi-dursafety-gun-cartridge-50902\/\",\"url\":\"https:\/\/panwinjet.com\/product\/js-uhp-water-blasting15kpsi-dursafety-gun-cartridge-50902\/\",\"name\":\"Jetstream Compatible UHP Water Blasting15Kpsi Dursafety Gun Cartridge-50902 - Panwin Machinery&amp;Equipment\",\"isPartOf\":{\"@id\":\"https:\/\/panwinjet.com\/#website\"},\"primaryImageOfPage\":{\"@id\":\"https:\/\/panwinjet.com\/product\/js-uhp-water-blasting15kpsi-dursafety-gun-cartridge-50902\/#primaryimage\"},\"image\":{\"@id\":\"https:\/\/panwinjet.com\/product\/js-uhp-water-blasting15kpsi-dursafety-gun-cartridge-50902\/#primaryimage\"},\"thumbnailUrl\":\"https:\/\/panwinjet.com\/wp-content\/uploads\/2025\/09\/15Kpsi-2-50902-2.png\",\"datePublished\":\"2025-09-19T07:12:04+00:00\",\"dateModified\":\"2025-09-21T13:37:24+00:00\",\"breadcrumb\":{\"@id\":\"https:\/\/panwinjet.com\/product\/js-uhp-water-blasting15kpsi-dursafety-gun-cartridge-50902\/#breadcrumb\"},\"inLanguage\":\"pt-PT\",\"potentialAction\":[{\"@type\":\"ReadAction\",\"target\":[\"https:\/\/panwinjet.com\/product\/js-uhp-water-blasting15kpsi-dursafety-gun-cartridge-50902\/\"]}]},{\"@type\":\"ImageObject\",\"inLanguage\":\"pt-PT\",\"@id\":\"https:\/\/panwinjet.com\/product\/js-uhp-water-blasting15kpsi-dursafety-gun-cartridge-50902\/#primaryimage\",\"url\":\"https:\/\/panwinjet.com\/wp-content\/uploads\/2025\/09\/15Kpsi-2-50902-2.png\",\"contentUrl\":\"https:\/\/panwinjet.com\/wp-content\/uploads\/2025\/09\/15Kpsi-2-50902-2.png\",\"width\":1333,\"height\":1000},{\"@type\":\"BreadcrumbList\",\"@id\":\"https:\/\/panwinjet.com\/product\/js-uhp-water-blasting15kpsi-dursafety-gun-cartridge-50902\/#breadcrumb\",\"itemListElement\":[{\"@type\":\"ListItem\",\"position\":1,\"name\":\"\u9996\u9875\",\"item\":\"https:\/\/panwinjet.com\/\"},{\"@type\":\"ListItem\",\"position\":2,\"name\":\"PRODUCT\",\"item\":\"https:\/\/panwinjet.com\/product\/\"},{\"@type\":\"ListItem\",\"position\":3,\"name\":\"Jetstream Compatible UHP Water Blasting15Kpsi Dursafety Gun Cartridge-50902\"}]},{\"@type\":\"WebSite\",\"@id\":\"https:\/\/panwinjet.com\/#website\",\"url\":\"https:\/\/panwinjet.com\/\",\"name\":\"Panwin Machinery&amp;Equipment\",\"description\":\"Shenzhen Panwin Machinery&amp;Equipment Co.Ltd\",\"potentialAction\":[{\"@type\":\"SearchAction\",\"target\":{\"@type\":\"EntryPoint\",\"urlTemplate\":\"https:\/\/panwinjet.com\/?s={search_term_string}\"},\"query-input\":{\"@type\":\"PropertyValueSpecification\",\"valueRequired\":true,\"valueName\":\"search_term_string\"}}],\"inLanguage\":\"pt-PT\"}]}<\/script>\n<!-- \/ Yoast SEO plugin. -->","yoast_head_json":{"title":"Jetstream Compatible UHP Water Blasting15Kpsi Dursafety Gun Cartridge-50902 - Panwin Machinery&amp;Equipment","robots":{"index":"index","follow":"follow","max-snippet":"max-snippet:-1","max-image-preview":"max-image-preview:large","max-video-preview":"max-video-preview:-1"},"canonical":"https:\/\/panwinjet.com\/pt\/produto\/js-uhp-water-blasting15kpsi-dursafety-gun-cartridge-50902\/","og_locale":"pt_PT","og_type":"article","og_title":"Jetstream Compatible UHP Water Blasting15Kpsi Dursafety Gun Cartridge-50902 - Panwin Machinery&amp;Equipment","og_description":"3.Product Feature And Application of UHP Water-Jetting 15Kpsi Dursafety Gun Cartridge-50902 This UHP Water-Jetting 15Kpsi Dursafety Gun Cartridge-50902 is important parts of the Jetstream 15Kpsi Rated Durssafety Gun, it is trailblazing design and it has the vast advantages in term of the easy-service, simplicity in structure and design,as well as Versatility in conversion and muti-function. And this Replacement Cartridge, Compatible with JST Part No. 50902 features as follows: Features: 1:Easy service, minimum downtime 2: Long-life durability 3:Solid carbide plungers and plunger bushings  Application: UHP 3000Bar UHP triplex plunger pump cleaning equipment parts Shipyard Surface preparation Robot for Hammelmann Spraying Bar Hydro Jet blaster Iron, Steel And Metal Industry high pressure waterblaster Mechanical and Apparatus Engineering Cements and Concrete Industry high pressure barracuda Surface cleaning UHP hydro Jet cleaning equipment parts Industrial Cleaning Spray Bars hydro blasting machine for petroleum refining industry Hydro Jet Surface Cleaning,Tank&amp;Vessel Cleaning, Heat Exchange Cleaning, Automotive Painting cleaning Mining industry cleaning Steel manufacture cleaning etc. High pressure sewer cleaning equipment for municipal pipe networks water supply and drainage pipelines;","og_url":"https:\/\/panwinjet.com\/pt\/produto\/js-uhp-water-blasting15kpsi-dursafety-gun-cartridge-50902\/","og_site_name":"Panwin Machinery&amp;Equipment","article_modified_time":"2025-09-21T13:37:24+00:00","og_image":[{"width":1200,"height":900,"url":"https:\/\/panwinjet.com\/wp-content\/uploads\/2025\/09\/15Kpsi-2-50902-2-1200x900.png","type":"image\/png"}],"twitter_card":"summary_large_image","twitter_misc":{"Tempo estimado de leitura":"1 minuto"},"schema":{"@context":"https:\/\/schema.org","@graph":[{"@type":"WebPage","@id":"https:\/\/panwinjet.com\/product\/js-uhp-water-blasting15kpsi-dursafety-gun-cartridge-50902\/","url":"https:\/\/panwinjet.com\/product\/js-uhp-water-blasting15kpsi-dursafety-gun-cartridge-50902\/","name":"Jetstream Compatible UHP Water Blasting15Kpsi Dursafety Gun Cartridge-50902 - Panwin Machinery&amp;Equipment","isPartOf":{"@id":"https:\/\/panwinjet.com\/#website"},"primaryImageOfPage":{"@id":"https:\/\/panwinjet.com\/product\/js-uhp-water-blasting15kpsi-dursafety-gun-cartridge-50902\/#primaryimage"},"image":{"@id":"https:\/\/panwinjet.com\/product\/js-uhp-water-blasting15kpsi-dursafety-gun-cartridge-50902\/#primaryimage"},"thumbnailUrl":"https:\/\/panwinjet.com\/wp-content\/uploads\/2025\/09\/15Kpsi-2-50902-2.png","datePublished":"2025-09-19T07:12:04+00:00","dateModified":"2025-09-21T13:37:24+00:00","breadcrumb":{"@id":"https:\/\/panwinjet.com\/product\/js-uhp-water-blasting15kpsi-dursafety-gun-cartridge-50902\/#breadcrumb"},"inLanguage":"pt-PT","potentialAction":[{"@type":"ReadAction","target":["https:\/\/panwinjet.com\/product\/js-uhp-water-blasting15kpsi-dursafety-gun-cartridge-50902\/"]}]},{"@type":"ImageObject","inLanguage":"pt-PT","@id":"https:\/\/panwinjet.com\/product\/js-uhp-water-blasting15kpsi-dursafety-gun-cartridge-50902\/#primaryimage","url":"https:\/\/panwinjet.com\/wp-content\/uploads\/2025\/09\/15Kpsi-2-50902-2.png","contentUrl":"https:\/\/panwinjet.com\/wp-content\/uploads\/2025\/09\/15Kpsi-2-50902-2.png","width":1333,"height":1000},{"@type":"BreadcrumbList","@id":"https:\/\/panwinjet.com\/product\/js-uhp-water-blasting15kpsi-dursafety-gun-cartridge-50902\/#breadcrumb","itemListElement":[{"@type":"ListItem","position":1,"name":"\u9996\u9875","item":"https:\/\/panwinjet.com\/"},{"@type":"ListItem","position":2,"name":"PRODUCT","item":"https:\/\/panwinjet.com\/product\/"},{"@type":"ListItem","position":3,"name":"Jetstream Compatible UHP Water Blasting15Kpsi Dursafety Gun Cartridge-50902"}]},{"@type":"WebSite","@id":"https:\/\/panwinjet.com\/#website","url":"https:\/\/panwinjet.com\/","name":"Panwin Machinery&amp;Equipment","description":"Shenzhen Panwin Machinery&amp;Equipment Co.Ltd","potentialAction":[{"@type":"SearchAction","target":{"@type":"EntryPoint","urlTemplate":"https:\/\/panwinjet.com\/?s={search_term_string}"},"query-input":{"@type":"PropertyValueSpecification","valueRequired":true,"valueName":"search_term_string"}}],"inLanguage":"pt-PT"}]}},"_links":{"self":[{"href":"https:\/\/panwinjet.com\/pt\/wp-json\/wp\/v2\/product\/654","targetHints":{"allow":["GET"]}}],"collection":[{"href":"https:\/\/panwinjet.com\/pt\/wp-json\/wp\/v2\/product"}],"about":[{"href":"https:\/\/panwinjet.com\/pt\/wp-json\/wp\/v2\/types\/product"}],"wp:featuredmedia":[{"embeddable":true,"href":"https:\/\/panwinjet.com\/pt\/wp-json\/wp\/v2\/media\/656"}],"wp:attachment":[{"href":"https:\/\/panwinjet.com\/pt\/wp-json\/wp\/v2\/media?parent=654"}],"wp:term":[{"taxonomy":"product_brand","embeddable":true,"href":"https:\/\/panwinjet.com\/pt\/wp-json\/wp\/v2\/product_brand?post=654"},{"taxonomy":"product_cat","embeddable":true,"href":"https:\/\/panwinjet.com\/pt\/wp-json\/wp\/v2\/product_cat?post=654"},{"taxonomy":"product_tag","embeddable":true,"href":"https:\/\/panwinjet.com\/pt\/wp-json\/wp\/v2\/product_tag?post=654"}],"curies":[{"name":"wp","href":"https:\/\/api.w.org\/{rel}","templated":true}]}}