{"id":631,"date":"2025-09-19T06:50:47","date_gmt":"2025-09-19T06:50:47","guid":{"rendered":"https:\/\/panwinjet.com\/?post_type=product&#038;p=631"},"modified":"2025-09-19T06:50:47","modified_gmt":"2025-09-19T06:50:47","slug":"uhp-40k-water-jet-petrochemical-industry-cleaning-machine-parts-4240-pressure-gauge","status":"publish","type":"product","link":"https:\/\/panwinjet.com\/pt\/produto\/uhp-40k-water-jet-petrochemical-industry-cleaning-machine-parts-4240-pressure-gauge\/","title":{"rendered":"Man\u00f4metro 4240 para m\u00e1quina de limpeza a jato de \u00e1gua UHP 40K na ind\u00fastria petroqu\u00edmica"},"content":{"rendered":"<p>1. Apresenta\u00e7\u00e3o do produto: Man\u00f4metro 4240 para m\u00e1quina de limpeza a jato de \u00e1gua na ind\u00fastria petroqu\u00edmica<br \/>\nN\u00f3s, da Panwin, fornecemos pe\u00e7as para m\u00e1quinas de limpeza a jato de \u00e1gua na ind\u00fastria petroqu\u00edmica, incluindo o man\u00f4metro 4240, de alta qualidade e confi\u00e1vel, para garantir a opera\u00e7\u00e3o segura e eficiente do processo de limpeza por jateamento de \u00e1gua.<\/p>\n<p>&nbsp;<\/p>\n<p>2. Par\u00e2metros do produto (especifica\u00e7\u00f5es) do man\u00f4metro 4240 para pe\u00e7as de m\u00e1quina de limpeza a jato de \u00e1gua na ind\u00fastria petroqu\u00edmica.<br \/>\nEste man\u00f4metro 4240 para m\u00e1quina de limpeza a jato de \u00e1gua na ind\u00fastria petroqu\u00edmica possui conex\u00e3o de entrada de 9\/16\u2033 HP macho e press\u00e3o m\u00e1xima de 4000 bar, conforme as especifica\u00e7\u00f5es a seguir:<\/p>","protected":false},"excerpt":{"rendered":"<p>3. Caracter\u00edsticas e aplica\u00e7\u00f5es do produto: Man\u00f4metro 4240 para m\u00e1quinas de limpeza a jato de \u00e1gua na ind\u00fastria petroqu\u00edmica<br \/>\nEste man\u00f4metro 4240 para m\u00e1quinas de limpeza a jato de \u00e1gua na ind\u00fastria petroqu\u00edmica \u00e9 utilizado na unidade padr\u00e3o Jetstream de 40 kpsi e possui diversas caracter\u00edsticas excepcionais:<br \/>\nRecurso:<br \/>\nMostrador de alta visibilidade de 1:4&quot; com cobertura de vidro de seguran\u00e7a laminado.<br \/>\n2: Preenchido com glicerina para prote\u00e7\u00e3o contra pulsa\u00e7\u00e3o e vibra\u00e7\u00e3o.<br \/>\n3: Al\u00edvio de press\u00e3o no painel traseiro para m\u00e1xima seguran\u00e7a.<br \/>\n4: Ajuste do ponteiro zero<\/p>\n<p>&nbsp;<\/p>\n<p>Aplicativo:<\/p>\n<p>Aplicativo:<br \/>\nPe\u00e7as para equipamentos de limpeza com bomba de pist\u00e3o triplex UHP 3000Bar, Rob\u00f4 para prepara\u00e7\u00e3o de superf\u00edcie em estaleiros para barra de pulveriza\u00e7\u00e3o Hammelmann<br \/>\nJateamento a jato de \u00e1gua para a ind\u00fastria de ferro, a\u00e7o e metal<br \/>\nJateadora de \u00e1gua de alta press\u00e3o - Engenharia Mec\u00e2nica e de Aparelhos<br \/>\nInd\u00fastria de cimento e concreto<br \/>\nBarracuda de alta press\u00e3o Limpeza de superf\u00edcie<br \/>\nPe\u00e7as para equipamentos de limpeza UHP Hydro Jet<br \/>\nBarras de pulveriza\u00e7\u00e3o para limpeza industrial<br \/>\nM\u00e1quina de hidrojateamento para a ind\u00fastria de refino de petr\u00f3leo<br \/>\nLimpeza de superf\u00edcies com hidrojato, limpeza de tanques e embarca\u00e7\u00f5es,<br \/>\nLimpeza do trocador de calor,<br \/>\nLimpeza de pintura automotiva, limpeza da ind\u00fastria de minera\u00e7\u00e3o, limpeza de f\u00e1bricas de a\u00e7o, etc.<br \/>\nEquipamento de limpeza de esgoto de alta press\u00e3o para redes de tubula\u00e7\u00e3o municipais de abastecimento de \u00e1gua e esgoto;<\/p>","protected":false},"featured_media":-1,"template":"","meta":[],"product_brand":[],"product_cat":[7],"product_tag":[],"class_list":{"0":"post-631","1":"product","2":"type-product","3":"status-publish","4":"has-post-thumbnail","6":"product_cat-jetstream-pump-fluid-end-compatibe-parts","8":"first","9":"instock","10":"shipping-taxable","11":"product-type-simple"},"yoast_head":"<!-- This site is optimized with the Yoast SEO plugin v24.9 - https:\/\/yoast.com\/wordpress\/plugins\/seo\/ -->\n<title>UHP 40K Water Jet Petrochemical industry cleaning machine parts 4240 Pressure Gauge - Panwin Machinery&amp;Equipment<\/title>\n<meta name=\"robots\" content=\"index, follow, max-snippet:-1, max-image-preview:large, max-video-preview:-1\" \/>\n<link rel=\"canonical\" href=\"https:\/\/panwinjet.com\/pt\/produto\/uhp-40k-water-jet-petrochemical-industry-cleaning-machine-parts-4240-pressure-gauge\/\" \/>\n<meta property=\"og:locale\" content=\"pt_PT\" \/>\n<meta property=\"og:type\" content=\"article\" \/>\n<meta property=\"og:title\" content=\"UHP 40K Water Jet Petrochemical industry cleaning machine parts 4240 Pressure Gauge - Panwin Machinery&amp;Equipment\" \/>\n<meta property=\"og:description\" content=\"3.Product Feature And Application of Water Jet Petrochemical industry cleaning machine parts 4240 Pressure Gauge This Water Jet Petrochemical industry cleaning machine parts 4240 Pressure Gauge is used for The Jetstream 40kpsi Fluid End standard Unit,it has several outstanding features: Feature: 1: 4&quot; high visibility face with laminated safety glass dial cover 2: Glycerin-filled for protection against pulsation and vibration 3:Blow-out back panel pressure relief for maximum safety 4:Pointer zero adjustment  &nbsp;  Application:  Application: UHP 3000Bar UHP triplex plunger pump cleaning equipment parts Shipyard Surface preparation Robot for Hammelmann Spraying Bar Hydro Jet blaster Iron, Steel And Metal Industry high pressure waterblaster Mechanical and Apparatus Engineering Cements and Concrete Industry high pressure barracuda Surface cleaning UHP hydro Jet cleaning equipment parts Industrial Cleaning Spray Bars hydro blasting machine for petroleum refining industry Hydro Jet Surface Cleaning,Tank&amp;Vessel Cleaning, Heat Exchange Cleaning, Automotive Painting cleaning Mining industry cleaning Steel manufacture cleaning etc. High pressure sewer cleaning equipment for municipal pipe networks water supply and drainage pipelines;\" \/>\n<meta property=\"og:url\" content=\"https:\/\/panwinjet.com\/pt\/produto\/uhp-40k-water-jet-petrochemical-industry-cleaning-machine-parts-4240-pressure-gauge\/\" \/>\n<meta property=\"og:site_name\" content=\"Panwin Machinery&amp;Equipment\" \/>\n<meta name=\"twitter:card\" content=\"summary_large_image\" \/>\n<meta name=\"twitter:label1\" content=\"Tempo estimado de leitura\" \/>\n\t<meta name=\"twitter:data1\" content=\"1 minuto\" \/>\n<script type=\"application\/ld+json\" class=\"yoast-schema-graph\">{\"@context\":\"https:\/\/schema.org\",\"@graph\":[{\"@type\":\"WebPage\",\"@id\":\"https:\/\/panwinjet.com\/product\/uhp-40k-water-jet-petrochemical-industry-cleaning-machine-parts-4240-pressure-gauge\/\",\"url\":\"https:\/\/panwinjet.com\/product\/uhp-40k-water-jet-petrochemical-industry-cleaning-machine-parts-4240-pressure-gauge\/\",\"name\":\"UHP 40K Water Jet Petrochemical industry cleaning machine parts 4240 Pressure Gauge - Panwin Machinery&amp;Equipment\",\"isPartOf\":{\"@id\":\"https:\/\/panwinjet.com\/#website\"},\"datePublished\":\"2025-09-19T06:50:47+00:00\",\"breadcrumb\":{\"@id\":\"https:\/\/panwinjet.com\/product\/uhp-40k-water-jet-petrochemical-industry-cleaning-machine-parts-4240-pressure-gauge\/#breadcrumb\"},\"inLanguage\":\"pt-PT\",\"potentialAction\":[{\"@type\":\"ReadAction\",\"target\":[\"https:\/\/panwinjet.com\/product\/uhp-40k-water-jet-petrochemical-industry-cleaning-machine-parts-4240-pressure-gauge\/\"]}]},{\"@type\":\"BreadcrumbList\",\"@id\":\"https:\/\/panwinjet.com\/product\/uhp-40k-water-jet-petrochemical-industry-cleaning-machine-parts-4240-pressure-gauge\/#breadcrumb\",\"itemListElement\":[{\"@type\":\"ListItem\",\"position\":1,\"name\":\"\u9996\u9875\",\"item\":\"https:\/\/panwinjet.com\/\"},{\"@type\":\"ListItem\",\"position\":2,\"name\":\"PRODUCT\",\"item\":\"https:\/\/panwinjet.com\/product\/\"},{\"@type\":\"ListItem\",\"position\":3,\"name\":\"UHP 40K Water Jet Petrochemical industry cleaning machine parts 4240 Pressure Gauge\"}]},{\"@type\":\"WebSite\",\"@id\":\"https:\/\/panwinjet.com\/#website\",\"url\":\"https:\/\/panwinjet.com\/\",\"name\":\"Panwin Machinery&amp;Equipment\",\"description\":\"Shenzhen Panwin Machinery&amp;Equipment Co.Ltd\",\"potentialAction\":[{\"@type\":\"SearchAction\",\"target\":{\"@type\":\"EntryPoint\",\"urlTemplate\":\"https:\/\/panwinjet.com\/?s={search_term_string}\"},\"query-input\":{\"@type\":\"PropertyValueSpecification\",\"valueRequired\":true,\"valueName\":\"search_term_string\"}}],\"inLanguage\":\"pt-PT\"}]}<\/script>\n<!-- \/ Yoast SEO plugin. -->","yoast_head_json":{"title":"UHP 40K Water Jet Petrochemical industry cleaning machine parts 4240 Pressure Gauge - Panwin Machinery&amp;Equipment","robots":{"index":"index","follow":"follow","max-snippet":"max-snippet:-1","max-image-preview":"max-image-preview:large","max-video-preview":"max-video-preview:-1"},"canonical":"https:\/\/panwinjet.com\/pt\/produto\/uhp-40k-water-jet-petrochemical-industry-cleaning-machine-parts-4240-pressure-gauge\/","og_locale":"pt_PT","og_type":"article","og_title":"UHP 40K Water Jet Petrochemical industry cleaning machine parts 4240 Pressure Gauge - Panwin Machinery&amp;Equipment","og_description":"3.Product Feature And Application of Water Jet Petrochemical industry cleaning machine parts 4240 Pressure Gauge This Water Jet Petrochemical industry cleaning machine parts 4240 Pressure Gauge is used for The Jetstream 40kpsi Fluid End standard Unit,it has several outstanding features: Feature: 1: 4\" high visibility face with laminated safety glass dial cover 2: Glycerin-filled for protection against pulsation and vibration 3:Blow-out back panel pressure relief for maximum safety 4:Pointer zero adjustment  &nbsp;  Application:  Application: UHP 3000Bar UHP triplex plunger pump cleaning equipment parts Shipyard Surface preparation Robot for Hammelmann Spraying Bar Hydro Jet blaster Iron, Steel And Metal Industry high pressure waterblaster Mechanical and Apparatus Engineering Cements and Concrete Industry high pressure barracuda Surface cleaning UHP hydro Jet cleaning equipment parts Industrial Cleaning Spray Bars hydro blasting machine for petroleum refining industry Hydro Jet Surface Cleaning,Tank&amp;Vessel Cleaning, Heat Exchange Cleaning, Automotive Painting cleaning Mining industry cleaning Steel manufacture cleaning etc. High pressure sewer cleaning equipment for municipal pipe networks water supply and drainage pipelines;","og_url":"https:\/\/panwinjet.com\/pt\/produto\/uhp-40k-water-jet-petrochemical-industry-cleaning-machine-parts-4240-pressure-gauge\/","og_site_name":"Panwin Machinery&amp;Equipment","twitter_card":"summary_large_image","twitter_misc":{"Tempo estimado de leitura":"1 minuto"},"schema":{"@context":"https:\/\/schema.org","@graph":[{"@type":"WebPage","@id":"https:\/\/panwinjet.com\/product\/uhp-40k-water-jet-petrochemical-industry-cleaning-machine-parts-4240-pressure-gauge\/","url":"https:\/\/panwinjet.com\/product\/uhp-40k-water-jet-petrochemical-industry-cleaning-machine-parts-4240-pressure-gauge\/","name":"UHP 40K Water Jet Petrochemical industry cleaning machine parts 4240 Pressure Gauge - Panwin Machinery&amp;Equipment","isPartOf":{"@id":"https:\/\/panwinjet.com\/#website"},"datePublished":"2025-09-19T06:50:47+00:00","breadcrumb":{"@id":"https:\/\/panwinjet.com\/product\/uhp-40k-water-jet-petrochemical-industry-cleaning-machine-parts-4240-pressure-gauge\/#breadcrumb"},"inLanguage":"pt-PT","potentialAction":[{"@type":"ReadAction","target":["https:\/\/panwinjet.com\/product\/uhp-40k-water-jet-petrochemical-industry-cleaning-machine-parts-4240-pressure-gauge\/"]}]},{"@type":"BreadcrumbList","@id":"https:\/\/panwinjet.com\/product\/uhp-40k-water-jet-petrochemical-industry-cleaning-machine-parts-4240-pressure-gauge\/#breadcrumb","itemListElement":[{"@type":"ListItem","position":1,"name":"\u9996\u9875","item":"https:\/\/panwinjet.com\/"},{"@type":"ListItem","position":2,"name":"PRODUCT","item":"https:\/\/panwinjet.com\/product\/"},{"@type":"ListItem","position":3,"name":"UHP 40K Water Jet Petrochemical industry cleaning machine parts 4240 Pressure Gauge"}]},{"@type":"WebSite","@id":"https:\/\/panwinjet.com\/#website","url":"https:\/\/panwinjet.com\/","name":"Panwin Machinery&amp;Equipment","description":"Shenzhen Panwin Machinery&amp;Equipment Co.Ltd","potentialAction":[{"@type":"SearchAction","target":{"@type":"EntryPoint","urlTemplate":"https:\/\/panwinjet.com\/?s={search_term_string}"},"query-input":{"@type":"PropertyValueSpecification","valueRequired":true,"valueName":"search_term_string"}}],"inLanguage":"pt-PT"}]}},"_links":{"self":[{"href":"https:\/\/panwinjet.com\/pt\/wp-json\/wp\/v2\/product\/631","targetHints":{"allow":["GET"]}}],"collection":[{"href":"https:\/\/panwinjet.com\/pt\/wp-json\/wp\/v2\/product"}],"about":[{"href":"https:\/\/panwinjet.com\/pt\/wp-json\/wp\/v2\/types\/product"}],"wp:featuredmedia":[{"embeddable":true,"href":"https:\/\/panwinjet.com\/pt\/wp-json\/"}],"wp:attachment":[{"href":"https:\/\/panwinjet.com\/pt\/wp-json\/wp\/v2\/media?parent=631"}],"wp:term":[{"taxonomy":"product_brand","embeddable":true,"href":"https:\/\/panwinjet.com\/pt\/wp-json\/wp\/v2\/product_brand?post=631"},{"taxonomy":"product_cat","embeddable":true,"href":"https:\/\/panwinjet.com\/pt\/wp-json\/wp\/v2\/product_cat?post=631"},{"taxonomy":"product_tag","embeddable":true,"href":"https:\/\/panwinjet.com\/pt\/wp-json\/wp\/v2\/product_tag?post=631"}],"curies":[{"name":"wp","href":"https:\/\/api.w.org\/{rel}","templated":true}]}}