{"id":615,"date":"2025-09-19T06:36:49","date_gmt":"2025-09-19T06:36:49","guid":{"rendered":"https:\/\/panwinjet.com\/?post_type=product&#038;p=615"},"modified":"2025-09-19T06:36:49","modified_gmt":"2025-09-19T06:36:49","slug":"2800bar-pressure-water-jet-blasting-sc-self-rotating-surface-cleaning-high-uhp-barracuda-nozzles","status":"publish","type":"product","link":"https:\/\/panwinjet.com\/pt\/produto\/2800bar-pressure-water-jet-blasting-sc-self-rotating-surface-cleaning-high-uhp-barracuda-nozzles\/","title":{"rendered":"Jato de \u00e1gua com press\u00e3o de 2800 bar, limpeza de superf\u00edcies com bicos UHP Barracuda auto-rotativos SC de alta press\u00e3o."},"content":{"rendered":"<p>1. Apresenta\u00e7\u00e3o do produto: Conjunto de ferramenta de limpeza de superf\u00edcie auto-rotativa SC para jateamento com \u00e1gua pressurizada de 2800 bar<br \/>\nEste conjunto de ferramenta de limpeza de superf\u00edcie auto-rotativa SC para jateamento com \u00e1gua pressurizada de 2800 bar<br \/>\nSuporta press\u00e3o de at\u00e9 2800 bar e \u00e9 aplic\u00e1vel na prepara\u00e7\u00e3o de superf\u00edcies de equipamentos industriais, remo\u00e7\u00e3o de ferrugem e tinta de cascos de navios. Possui como vantagens a estrutura interna simples, a facilidade de manuten\u00e7\u00e3o e os baixos custos de opera\u00e7\u00e3o.<\/p>\n<p>2. Par\u00e2metros do produto (especifica\u00e7\u00f5es) do conjunto de ferramenta de limpeza de superf\u00edcie auto-rotativa SC para jateamento com jato de \u00e1gua de 2800 bar<br \/>\nO conjunto de ferramenta de limpeza de superf\u00edcies SC com jato de \u00e1gua de press\u00e3o de 2800 bar e rota\u00e7\u00e3o autom\u00e1tica \u00e9 uma ferramenta de limpeza de hidrojato potente e vers\u00e1til, com velocidade m\u00e1xima de 2600 rpm e press\u00e3o m\u00e1xima de 2800 bar. \u00c9 uma ferramenta de limpeza de alta qualidade para excelente desempenho na limpeza de superf\u00edcies. Par\u00e2metros conforme as imagens.<\/p>\n<div style=\"width: 1220px;\" class=\"wp-video\"><video class=\"wp-video-shortcode\" id=\"video-615-1\" width=\"1220\" height=\"686\" preload=\"metadata\" controls=\"controls\"><source type=\"video\/mp4\" src=\"https:\/\/panwinjet.com\/wp-content\/uploads\/2025\/09\/40K-Rotary-Nozzles.mp4?_=1\" \/><a href=\"https:\/\/panwinjet.com\/wp-content\/uploads\/2025\/09\/40K-Rotary-Nozzles.mp4\">https:\/\/panwinjet.com\/wp-content\/uploads\/2025\/09\/40K-Rotary-Nozzles.mp4<\/a><\/video><\/div>","protected":false},"excerpt":{"rendered":"<p>3. Caracter\u00edsticas e aplica\u00e7\u00f5es do conjunto de ferramenta de limpeza de superf\u00edcie auto-rotativa SC para jateamento com jato de \u00e1gua de 2800 bar<br \/>\nConjunto de ferramenta de limpeza de superf\u00edcie auto-rotativa SC para jateamento com \u00e1gua pressurizada de 2800 bar<br \/>\n\u00c9 bem recebido pelos usu\u00e1rios na prepara\u00e7\u00e3o de superf\u00edcies, remo\u00e7\u00e3o de tinta e cascos de navios, etc., devido \u00e0 sua estrutura vantajosa e funcionalidade avan\u00e7ada, e suas caracter\u00edsticas s\u00e3o as seguintes:<br \/>\nA: Estruturas internas simples<br \/>\nB: Manuten\u00e7\u00e3o f\u00e1cil<br \/>\nC: Baixo custo de utiliza\u00e7\u00e3o e alta efici\u00eancia<\/p>\n<p>Aplicativo:<br \/>\nEste conjunto de ferramenta de limpeza de superf\u00edcie auto-rotativa SC para jateamento com \u00e1gua pressurizada de 2800 bar<br \/>\n\u00c9 uma ferramenta de limpeza por pulveriza\u00e7\u00e3o de superf\u00edcie poderosa, com ampla aplica\u00e7\u00e3o na ind\u00fastria de limpeza, principalmente na limpeza de tanques e vasos de press\u00e3o, limpeza de pintura automotiva, limpeza de ferrugem em cascos de navios, limpeza na ind\u00fastria de minera\u00e7\u00e3o, limpeza em sider\u00fargicas, ind\u00fastria da constru\u00e7\u00e3o civil, etc.<\/p>\n<p>&nbsp;<\/p>\n<p>4. Detalhes do produto: Conjunto de ferramenta de limpeza de superf\u00edcie auto-rotativa SC para jateamento com \u00e1gua pressurizada de 2800 bar<br \/>\nO conjunto de ferramenta de limpeza de superf\u00edcie auto-rotativa SC para jateamento com \u00e1gua pressurizada de 2800 bar possui estrutura simples e robusta em a\u00e7o inoxid\u00e1vel, al\u00e9m de ser de f\u00e1cil manuten\u00e7\u00e3o e apresentar alto desempenho, conforme descrito a seguir:<\/p>","protected":false},"featured_media":-1,"template":"","meta":[],"product_brand":[],"product_cat":[5],"product_tag":[],"class_list":{"0":"post-615","1":"product","2":"type-product","3":"status-publish","4":"has-post-thumbnail","6":"product_cat-uhp-rotating-nozzles","8":"first","9":"instock","10":"shipping-taxable","11":"product-type-simple"},"yoast_head":"<!-- This site is optimized with the Yoast SEO plugin v24.9 - https:\/\/yoast.com\/wordpress\/plugins\/seo\/ -->\n<title>2800bar Pressure Water Jet blasting SC Self-Rotating Surface Cleaning high UHP barracuda Nozzles - Panwin Machinery&amp;Equipment<\/title>\n<meta name=\"robots\" content=\"index, follow, max-snippet:-1, max-image-preview:large, max-video-preview:-1\" \/>\n<link rel=\"canonical\" href=\"https:\/\/panwinjet.com\/pt\/produto\/2800bar-pressure-water-jet-blasting-sc-self-rotating-surface-cleaning-high-uhp-barracuda-nozzles\/\" \/>\n<meta property=\"og:locale\" content=\"pt_PT\" \/>\n<meta property=\"og:type\" content=\"article\" \/>\n<meta property=\"og:title\" content=\"2800bar Pressure Water Jet blasting SC Self-Rotating Surface Cleaning high UHP barracuda Nozzles - Panwin Machinery&amp;Equipment\" \/>\n<meta property=\"og:description\" content=\"3.Product Feature And Application of 2800bar Pressure Water Jet blasting SC Self-Rotating Surface Cleaning Tool Assembly The 2800bar Pressure Water Jet blasting SC Self-Rotating Surface Cleaning Tool Assembly is welcomed by user in surface preparation and Paint removal and Ship hull etc, it is structure advantage and functionally advanced, and it is features follows points: A:Simple Inner Structures B:Easy maintenance C:Low usage cost&amp;High efficiency  Application: This 2800bar Pressure Water Jet blasting SC Self-Rotating Surface Cleaning Tool Assembly is powerful surface spraying cleaning tools, it can be used widely in cleaning industry, mainly in Tank&amp;Vessel Cleaning,Automotive Painting cleaning,Ship Hull Rust cleaning,Mining industry cleaning,Steel manufacture cleaning, Construction industry etc.  &nbsp;  4.Product Details of 2800bar Pressure Water Jet blasting SC Self-Rotating Surface Cleaning Tool Assembly The 2800bar Pressure Water Jet blasting SC Self-Rotating Surface Cleaning Tool Assembly has heavy-duty stainless steel and simple structure, and it is easy maintenance and high efficiency performance as follows:\" \/>\n<meta property=\"og:url\" content=\"https:\/\/panwinjet.com\/pt\/produto\/2800bar-pressure-water-jet-blasting-sc-self-rotating-surface-cleaning-high-uhp-barracuda-nozzles\/\" \/>\n<meta property=\"og:site_name\" content=\"Panwin Machinery&amp;Equipment\" \/>\n<meta name=\"twitter:card\" content=\"summary_large_image\" \/>\n<meta name=\"twitter:label1\" content=\"Tempo estimado de leitura\" \/>\n\t<meta name=\"twitter:data1\" content=\"1 minuto\" \/>\n<script type=\"application\/ld+json\" class=\"yoast-schema-graph\">{\"@context\":\"https:\/\/schema.org\",\"@graph\":[{\"@type\":\"WebPage\",\"@id\":\"https:\/\/panwinjet.com\/product\/2800bar-pressure-water-jet-blasting-sc-self-rotating-surface-cleaning-high-uhp-barracuda-nozzles\/\",\"url\":\"https:\/\/panwinjet.com\/product\/2800bar-pressure-water-jet-blasting-sc-self-rotating-surface-cleaning-high-uhp-barracuda-nozzles\/\",\"name\":\"2800bar Pressure Water Jet blasting SC Self-Rotating Surface Cleaning high UHP barracuda Nozzles - Panwin Machinery&amp;Equipment\",\"isPartOf\":{\"@id\":\"https:\/\/panwinjet.com\/#website\"},\"datePublished\":\"2025-09-19T06:36:49+00:00\",\"breadcrumb\":{\"@id\":\"https:\/\/panwinjet.com\/product\/2800bar-pressure-water-jet-blasting-sc-self-rotating-surface-cleaning-high-uhp-barracuda-nozzles\/#breadcrumb\"},\"inLanguage\":\"pt-PT\",\"potentialAction\":[{\"@type\":\"ReadAction\",\"target\":[\"https:\/\/panwinjet.com\/product\/2800bar-pressure-water-jet-blasting-sc-self-rotating-surface-cleaning-high-uhp-barracuda-nozzles\/\"]}]},{\"@type\":\"BreadcrumbList\",\"@id\":\"https:\/\/panwinjet.com\/product\/2800bar-pressure-water-jet-blasting-sc-self-rotating-surface-cleaning-high-uhp-barracuda-nozzles\/#breadcrumb\",\"itemListElement\":[{\"@type\":\"ListItem\",\"position\":1,\"name\":\"\u9996\u9875\",\"item\":\"https:\/\/panwinjet.com\/\"},{\"@type\":\"ListItem\",\"position\":2,\"name\":\"PRODUCT\",\"item\":\"https:\/\/panwinjet.com\/product\/\"},{\"@type\":\"ListItem\",\"position\":3,\"name\":\"2800bar Pressure Water Jet blasting SC Self-Rotating Surface Cleaning high UHP barracuda Nozzles\"}]},{\"@type\":\"WebSite\",\"@id\":\"https:\/\/panwinjet.com\/#website\",\"url\":\"https:\/\/panwinjet.com\/\",\"name\":\"Panwin Machinery&amp;Equipment\",\"description\":\"Shenzhen Panwin Machinery&amp;Equipment Co.Ltd\",\"potentialAction\":[{\"@type\":\"SearchAction\",\"target\":{\"@type\":\"EntryPoint\",\"urlTemplate\":\"https:\/\/panwinjet.com\/?s={search_term_string}\"},\"query-input\":{\"@type\":\"PropertyValueSpecification\",\"valueRequired\":true,\"valueName\":\"search_term_string\"}}],\"inLanguage\":\"pt-PT\"}]}<\/script>\n<!-- \/ Yoast SEO plugin. -->","yoast_head_json":{"title":"2800bar Pressure Water Jet blasting SC Self-Rotating Surface Cleaning high UHP barracuda Nozzles - Panwin Machinery&amp;Equipment","robots":{"index":"index","follow":"follow","max-snippet":"max-snippet:-1","max-image-preview":"max-image-preview:large","max-video-preview":"max-video-preview:-1"},"canonical":"https:\/\/panwinjet.com\/pt\/produto\/2800bar-pressure-water-jet-blasting-sc-self-rotating-surface-cleaning-high-uhp-barracuda-nozzles\/","og_locale":"pt_PT","og_type":"article","og_title":"2800bar Pressure Water Jet blasting SC Self-Rotating Surface Cleaning high UHP barracuda Nozzles - Panwin Machinery&amp;Equipment","og_description":"3.Product Feature And Application of 2800bar Pressure Water Jet blasting SC Self-Rotating Surface Cleaning Tool Assembly The 2800bar Pressure Water Jet blasting SC Self-Rotating Surface Cleaning Tool Assembly is welcomed by user in surface preparation and Paint removal and Ship hull etc, it is structure advantage and functionally advanced, and it is features follows points: A:Simple Inner Structures B:Easy maintenance C:Low usage cost&amp;High efficiency  Application: This 2800bar Pressure Water Jet blasting SC Self-Rotating Surface Cleaning Tool Assembly is powerful surface spraying cleaning tools, it can be used widely in cleaning industry, mainly in Tank&amp;Vessel Cleaning,Automotive Painting cleaning,Ship Hull Rust cleaning,Mining industry cleaning,Steel manufacture cleaning, Construction industry etc.  &nbsp;  4.Product Details of 2800bar Pressure Water Jet blasting SC Self-Rotating Surface Cleaning Tool Assembly The 2800bar Pressure Water Jet blasting SC Self-Rotating Surface Cleaning Tool Assembly has heavy-duty stainless steel and simple structure, and it is easy maintenance and high efficiency performance as follows:","og_url":"https:\/\/panwinjet.com\/pt\/produto\/2800bar-pressure-water-jet-blasting-sc-self-rotating-surface-cleaning-high-uhp-barracuda-nozzles\/","og_site_name":"Panwin Machinery&amp;Equipment","twitter_card":"summary_large_image","twitter_misc":{"Tempo estimado de leitura":"1 minuto"},"schema":{"@context":"https:\/\/schema.org","@graph":[{"@type":"WebPage","@id":"https:\/\/panwinjet.com\/product\/2800bar-pressure-water-jet-blasting-sc-self-rotating-surface-cleaning-high-uhp-barracuda-nozzles\/","url":"https:\/\/panwinjet.com\/product\/2800bar-pressure-water-jet-blasting-sc-self-rotating-surface-cleaning-high-uhp-barracuda-nozzles\/","name":"2800bar Pressure Water Jet blasting SC Self-Rotating Surface Cleaning high UHP barracuda Nozzles - Panwin Machinery&amp;Equipment","isPartOf":{"@id":"https:\/\/panwinjet.com\/#website"},"datePublished":"2025-09-19T06:36:49+00:00","breadcrumb":{"@id":"https:\/\/panwinjet.com\/product\/2800bar-pressure-water-jet-blasting-sc-self-rotating-surface-cleaning-high-uhp-barracuda-nozzles\/#breadcrumb"},"inLanguage":"pt-PT","potentialAction":[{"@type":"ReadAction","target":["https:\/\/panwinjet.com\/product\/2800bar-pressure-water-jet-blasting-sc-self-rotating-surface-cleaning-high-uhp-barracuda-nozzles\/"]}]},{"@type":"BreadcrumbList","@id":"https:\/\/panwinjet.com\/product\/2800bar-pressure-water-jet-blasting-sc-self-rotating-surface-cleaning-high-uhp-barracuda-nozzles\/#breadcrumb","itemListElement":[{"@type":"ListItem","position":1,"name":"\u9996\u9875","item":"https:\/\/panwinjet.com\/"},{"@type":"ListItem","position":2,"name":"PRODUCT","item":"https:\/\/panwinjet.com\/product\/"},{"@type":"ListItem","position":3,"name":"2800bar Pressure Water Jet blasting SC Self-Rotating Surface Cleaning high UHP barracuda Nozzles"}]},{"@type":"WebSite","@id":"https:\/\/panwinjet.com\/#website","url":"https:\/\/panwinjet.com\/","name":"Panwin Machinery&amp;Equipment","description":"Shenzhen Panwin Machinery&amp;Equipment Co.Ltd","potentialAction":[{"@type":"SearchAction","target":{"@type":"EntryPoint","urlTemplate":"https:\/\/panwinjet.com\/?s={search_term_string}"},"query-input":{"@type":"PropertyValueSpecification","valueRequired":true,"valueName":"search_term_string"}}],"inLanguage":"pt-PT"}]}},"_links":{"self":[{"href":"https:\/\/panwinjet.com\/pt\/wp-json\/wp\/v2\/product\/615","targetHints":{"allow":["GET"]}}],"collection":[{"href":"https:\/\/panwinjet.com\/pt\/wp-json\/wp\/v2\/product"}],"about":[{"href":"https:\/\/panwinjet.com\/pt\/wp-json\/wp\/v2\/types\/product"}],"wp:featuredmedia":[{"embeddable":true,"href":"https:\/\/panwinjet.com\/pt\/wp-json\/"}],"wp:attachment":[{"href":"https:\/\/panwinjet.com\/pt\/wp-json\/wp\/v2\/media?parent=615"}],"wp:term":[{"taxonomy":"product_brand","embeddable":true,"href":"https:\/\/panwinjet.com\/pt\/wp-json\/wp\/v2\/product_brand?post=615"},{"taxonomy":"product_cat","embeddable":true,"href":"https:\/\/panwinjet.com\/pt\/wp-json\/wp\/v2\/product_cat?post=615"},{"taxonomy":"product_tag","embeddable":true,"href":"https:\/\/panwinjet.com\/pt\/wp-json\/wp\/v2\/product_tag?post=615"}],"curies":[{"name":"wp","href":"https:\/\/api.w.org\/{rel}","templated":true}]}}