{"id":601,"date":"2025-09-19T06:25:18","date_gmt":"2025-09-19T06:25:18","guid":{"rendered":"https:\/\/panwinjet.com\/?post_type=product&#038;p=601"},"modified":"2025-09-19T06:25:18","modified_gmt":"2025-09-19T06:25:18","slug":"40kpsi-2800bar-uhp-water-blasting-rust-paint-water-jet-cleaning-machine-parts-4240-seal-ring","status":"publish","type":"product","link":"https:\/\/panwinjet.com\/pt\/produto\/40kpsi-2800bar-uhp-water-blasting-rust-paint-water-jet-cleaning-machine-parts-4240-seal-ring\/","title":{"rendered":"Anel de veda\u00e7\u00e3o para m\u00e1quina de limpeza a jato de \u00e1gua UHP de 40kpsi (2800 bar) para remo\u00e7\u00e3o de ferrugem e pintura. Pe\u00e7as para m\u00e1quina de limpeza a jato de \u00e1gua."},"content":{"rendered":"<p>1. Introdu\u00e7\u00e3o do produto: Anel de veda\u00e7\u00e3o 4240 para m\u00e1quina de limpeza a jato de \u00e1gua e remo\u00e7\u00e3o de ferrugem<br \/>\nO anel de veda\u00e7\u00e3o 4240 para a m\u00e1quina de limpeza a jato de \u00e1gua com tinta enferrujada \u00e9 um anel de veda\u00e7\u00e3o da bomba 4240, de alta densidade e com excelente veda\u00e7\u00e3o. \u00c9 compat\u00edvel com a bomba Jetstream 54125.<\/p>\n<p>&nbsp;<\/p>\n<div style=\"width: 1220px;\" class=\"wp-video\"><video class=\"wp-video-shortcode\" id=\"video-601-1\" width=\"1220\" height=\"686\" preload=\"metadata\" controls=\"controls\"><source type=\"video\/mp4\" src=\"https:\/\/panwinjet.com\/wp-content\/uploads\/2025\/09\/Seal-Ring-7.mp4?_=1\" \/><a href=\"https:\/\/panwinjet.com\/wp-content\/uploads\/2025\/09\/Seal-Ring-7.mp4\">https:\/\/panwinjet.com\/wp-content\/uploads\/2025\/09\/Seal-Ring-7.mp4<\/a><\/video><\/div>\n<p>2. Par\u00e2metros do produto (especifica\u00e7\u00f5es) do anel de veda\u00e7\u00e3o 4240 para pe\u00e7as de m\u00e1quina de limpeza a jato de \u00e1gua e remo\u00e7\u00e3o de ferrugem<br \/>\nO anel de veda\u00e7\u00e3o 4240 para m\u00e1quinas de limpeza a jato de \u00e1gua com tinta antiferrugem \u00e9 utilizado para veda\u00e7\u00e3o, proporcionando uma veda\u00e7\u00e3o funcionalmente herm\u00e9tica e permitindo a opera\u00e7\u00e3o em alta velocidade.<\/p>","protected":false},"excerpt":{"rendered":"<p>3. Caracter\u00edsticas e aplica\u00e7\u00f5es do produto: Anel de veda\u00e7\u00e3o 4240 para pe\u00e7as de m\u00e1quina de limpeza a jato de \u00e1gua com tinta antiferrugem<br \/>\nN\u00f3s, da Panwin, fornecemos pe\u00e7as para m\u00e1quinas de limpeza a jato de \u00e1gua com tinta antiferrugem. O anel de veda\u00e7\u00e3o 4240 garante uma veda\u00e7\u00e3o herm\u00e9tica para a bomba. Fabricado com material de excelente qualidade e alta densidade, ele proporciona uma veda\u00e7\u00e3o perfeita, permitindo que o \u00eambolo atinja alta velocidade e tenha um \u00f3timo desempenho. As principais caracter\u00edsticas avan\u00e7adas da bomba s\u00e3o:<br \/>\nA caracter\u00edstica vantajosa:<br \/>\nManuten\u00e7\u00e3o f\u00e1cil: troca pr\u00e1tica do cartucho da v\u00e1lvula remov\u00edvel.<br \/>\nDesign minimalista: Menos pe\u00e7as do que outros Fluid Ends de 40k.<br \/>\nPist\u00f5es e buchas de pist\u00e3o de carboneto s\u00f3lido<\/p>\n<p>Aplicativo:<br \/>\nO anel de veda\u00e7\u00e3o 4240, pe\u00e7a da m\u00e1quina de limpeza a jato de \u00e1gua para remo\u00e7\u00e3o de ferrugem, \u00e9 um componente da bomba de pist\u00e3o triplex 4240. Esta potente bomba pode ser utilizada na limpeza geral de superf\u00edcies, limpeza de tubula\u00e7\u00f5es, limpeza de trocadores de calor, hidrojateamento e remo\u00e7\u00e3o de ferrugem, entre outras aplica\u00e7\u00f5es.<\/p>","protected":false},"featured_media":602,"template":"","meta":[],"product_brand":[],"product_cat":[7],"product_tag":[],"class_list":{"0":"post-601","1":"product","2":"type-product","3":"status-publish","4":"has-post-thumbnail","6":"product_cat-jetstream-pump-fluid-end-compatibe-parts","8":"first","9":"instock","10":"shipping-taxable","11":"product-type-simple"},"yoast_head":"<!-- This site is optimized with the Yoast SEO plugin v24.9 - https:\/\/yoast.com\/wordpress\/plugins\/seo\/ -->\n<title>40kpsi 2800Bar UHP Water Blasting Rust paint Water Jet cleaning machine parts 4240 Seal Ring - Panwin Machinery&amp;Equipment<\/title>\n<meta name=\"robots\" content=\"index, follow, max-snippet:-1, max-image-preview:large, max-video-preview:-1\" \/>\n<link rel=\"canonical\" href=\"https:\/\/panwinjet.com\/pt\/produto\/40kpsi-2800bar-uhp-water-blasting-rust-paint-water-jet-cleaning-machine-parts-4240-seal-ring\/\" \/>\n<meta property=\"og:locale\" content=\"pt_PT\" \/>\n<meta property=\"og:type\" content=\"article\" \/>\n<meta property=\"og:title\" content=\"40kpsi 2800Bar UHP Water Blasting Rust paint Water Jet cleaning machine parts 4240 Seal Ring - Panwin Machinery&amp;Equipment\" \/>\n<meta property=\"og:description\" content=\"3.Product Feature And Application of Rust paint Water Jet cleaning machine parts 4240 Seal Ring We Panwin Supply you Rust paint Water Jet cleaning machine parts 4240 Seal Ring is the tight sealing for the pump, it is excellent material and high-density sealing, which tightly seal and make the plunger high-speed and good performance. And the pump advanced features is outstanding as follows: The advantage characteristic: Easy service: convenient pop-out valve cartridge change simplicity design: Fewer parts than other 40k Fluid Ends. Solid carbide plungers and plunger bushings  Application: The Rust paint Water Jet cleaning machine parts 4240 Seal Ring are the parts of 4240 triplex plunger pump, this powerful pump can be used in the general surface cleaning, pipeline tubing cleaning, the heat-exchange cleaning, Hydro Painting &amp;Rust cleaning etc.\" \/>\n<meta property=\"og:url\" content=\"https:\/\/panwinjet.com\/pt\/produto\/40kpsi-2800bar-uhp-water-blasting-rust-paint-water-jet-cleaning-machine-parts-4240-seal-ring\/\" \/>\n<meta property=\"og:site_name\" content=\"Panwin Machinery&amp;Equipment\" \/>\n<meta property=\"og:image\" content=\"https:\/\/panwinjet.com\/wp-content\/uploads\/2025\/09\/4240-Seal-Ring.png\" \/>\n\t<meta property=\"og:image:width\" content=\"313\" \/>\n\t<meta property=\"og:image:height\" content=\"205\" \/>\n\t<meta property=\"og:image:type\" content=\"image\/png\" \/>\n<meta name=\"twitter:card\" content=\"summary_large_image\" \/>\n<meta name=\"twitter:label1\" content=\"Tempo estimado de leitura\" \/>\n\t<meta name=\"twitter:data1\" content=\"1 minuto\" \/>\n<script type=\"application\/ld+json\" class=\"yoast-schema-graph\">{\"@context\":\"https:\/\/schema.org\",\"@graph\":[{\"@type\":\"WebPage\",\"@id\":\"https:\/\/panwinjet.com\/product\/40kpsi-2800bar-uhp-water-blasting-rust-paint-water-jet-cleaning-machine-parts-4240-seal-ring\/\",\"url\":\"https:\/\/panwinjet.com\/product\/40kpsi-2800bar-uhp-water-blasting-rust-paint-water-jet-cleaning-machine-parts-4240-seal-ring\/\",\"name\":\"40kpsi 2800Bar UHP Water Blasting Rust paint Water Jet cleaning machine parts 4240 Seal Ring - Panwin Machinery&amp;Equipment\",\"isPartOf\":{\"@id\":\"https:\/\/panwinjet.com\/#website\"},\"primaryImageOfPage\":{\"@id\":\"https:\/\/panwinjet.com\/product\/40kpsi-2800bar-uhp-water-blasting-rust-paint-water-jet-cleaning-machine-parts-4240-seal-ring\/#primaryimage\"},\"image\":{\"@id\":\"https:\/\/panwinjet.com\/product\/40kpsi-2800bar-uhp-water-blasting-rust-paint-water-jet-cleaning-machine-parts-4240-seal-ring\/#primaryimage\"},\"thumbnailUrl\":\"https:\/\/panwinjet.com\/wp-content\/uploads\/2025\/09\/4240-Seal-Ring.png\",\"datePublished\":\"2025-09-19T06:25:18+00:00\",\"breadcrumb\":{\"@id\":\"https:\/\/panwinjet.com\/product\/40kpsi-2800bar-uhp-water-blasting-rust-paint-water-jet-cleaning-machine-parts-4240-seal-ring\/#breadcrumb\"},\"inLanguage\":\"pt-PT\",\"potentialAction\":[{\"@type\":\"ReadAction\",\"target\":[\"https:\/\/panwinjet.com\/product\/40kpsi-2800bar-uhp-water-blasting-rust-paint-water-jet-cleaning-machine-parts-4240-seal-ring\/\"]}]},{\"@type\":\"ImageObject\",\"inLanguage\":\"pt-PT\",\"@id\":\"https:\/\/panwinjet.com\/product\/40kpsi-2800bar-uhp-water-blasting-rust-paint-water-jet-cleaning-machine-parts-4240-seal-ring\/#primaryimage\",\"url\":\"https:\/\/panwinjet.com\/wp-content\/uploads\/2025\/09\/4240-Seal-Ring.png\",\"contentUrl\":\"https:\/\/panwinjet.com\/wp-content\/uploads\/2025\/09\/4240-Seal-Ring.png\",\"width\":313,\"height\":205,\"caption\":\"Compatible Jetstream 54125\"},{\"@type\":\"BreadcrumbList\",\"@id\":\"https:\/\/panwinjet.com\/product\/40kpsi-2800bar-uhp-water-blasting-rust-paint-water-jet-cleaning-machine-parts-4240-seal-ring\/#breadcrumb\",\"itemListElement\":[{\"@type\":\"ListItem\",\"position\":1,\"name\":\"\u9996\u9875\",\"item\":\"https:\/\/panwinjet.com\/\"},{\"@type\":\"ListItem\",\"position\":2,\"name\":\"PRODUCT\",\"item\":\"https:\/\/panwinjet.com\/product\/\"},{\"@type\":\"ListItem\",\"position\":3,\"name\":\"40kpsi 2800Bar UHP Water Blasting Rust paint Water Jet cleaning machine parts 4240 Seal Ring\"}]},{\"@type\":\"WebSite\",\"@id\":\"https:\/\/panwinjet.com\/#website\",\"url\":\"https:\/\/panwinjet.com\/\",\"name\":\"Panwin Machinery&amp;Equipment\",\"description\":\"Shenzhen Panwin Machinery&amp;Equipment Co.Ltd\",\"potentialAction\":[{\"@type\":\"SearchAction\",\"target\":{\"@type\":\"EntryPoint\",\"urlTemplate\":\"https:\/\/panwinjet.com\/?s={search_term_string}\"},\"query-input\":{\"@type\":\"PropertyValueSpecification\",\"valueRequired\":true,\"valueName\":\"search_term_string\"}}],\"inLanguage\":\"pt-PT\"}]}<\/script>\n<!-- \/ Yoast SEO plugin. -->","yoast_head_json":{"title":"40kpsi 2800Bar UHP Water Blasting Rust paint Water Jet cleaning machine parts 4240 Seal Ring - Panwin Machinery&amp;Equipment","robots":{"index":"index","follow":"follow","max-snippet":"max-snippet:-1","max-image-preview":"max-image-preview:large","max-video-preview":"max-video-preview:-1"},"canonical":"https:\/\/panwinjet.com\/pt\/produto\/40kpsi-2800bar-uhp-water-blasting-rust-paint-water-jet-cleaning-machine-parts-4240-seal-ring\/","og_locale":"pt_PT","og_type":"article","og_title":"40kpsi 2800Bar UHP Water Blasting Rust paint Water Jet cleaning machine parts 4240 Seal Ring - Panwin Machinery&amp;Equipment","og_description":"3.Product Feature And Application of Rust paint Water Jet cleaning machine parts 4240 Seal Ring We Panwin Supply you Rust paint Water Jet cleaning machine parts 4240 Seal Ring is the tight sealing for the pump, it is excellent material and high-density sealing, which tightly seal and make the plunger high-speed and good performance. And the pump advanced features is outstanding as follows: The advantage characteristic: Easy service: convenient pop-out valve cartridge change simplicity design: Fewer parts than other 40k Fluid Ends. Solid carbide plungers and plunger bushings  Application: The Rust paint Water Jet cleaning machine parts 4240 Seal Ring are the parts of 4240 triplex plunger pump, this powerful pump can be used in the general surface cleaning, pipeline tubing cleaning, the heat-exchange cleaning, Hydro Painting &amp;Rust cleaning etc.","og_url":"https:\/\/panwinjet.com\/pt\/produto\/40kpsi-2800bar-uhp-water-blasting-rust-paint-water-jet-cleaning-machine-parts-4240-seal-ring\/","og_site_name":"Panwin Machinery&amp;Equipment","og_image":[{"width":313,"height":205,"url":"https:\/\/panwinjet.com\/wp-content\/uploads\/2025\/09\/4240-Seal-Ring.png","type":"image\/png"}],"twitter_card":"summary_large_image","twitter_misc":{"Tempo estimado de leitura":"1 minuto"},"schema":{"@context":"https:\/\/schema.org","@graph":[{"@type":"WebPage","@id":"https:\/\/panwinjet.com\/product\/40kpsi-2800bar-uhp-water-blasting-rust-paint-water-jet-cleaning-machine-parts-4240-seal-ring\/","url":"https:\/\/panwinjet.com\/product\/40kpsi-2800bar-uhp-water-blasting-rust-paint-water-jet-cleaning-machine-parts-4240-seal-ring\/","name":"40kpsi 2800Bar UHP Water Blasting Rust paint Water Jet cleaning machine parts 4240 Seal Ring - Panwin Machinery&amp;Equipment","isPartOf":{"@id":"https:\/\/panwinjet.com\/#website"},"primaryImageOfPage":{"@id":"https:\/\/panwinjet.com\/product\/40kpsi-2800bar-uhp-water-blasting-rust-paint-water-jet-cleaning-machine-parts-4240-seal-ring\/#primaryimage"},"image":{"@id":"https:\/\/panwinjet.com\/product\/40kpsi-2800bar-uhp-water-blasting-rust-paint-water-jet-cleaning-machine-parts-4240-seal-ring\/#primaryimage"},"thumbnailUrl":"https:\/\/panwinjet.com\/wp-content\/uploads\/2025\/09\/4240-Seal-Ring.png","datePublished":"2025-09-19T06:25:18+00:00","breadcrumb":{"@id":"https:\/\/panwinjet.com\/product\/40kpsi-2800bar-uhp-water-blasting-rust-paint-water-jet-cleaning-machine-parts-4240-seal-ring\/#breadcrumb"},"inLanguage":"pt-PT","potentialAction":[{"@type":"ReadAction","target":["https:\/\/panwinjet.com\/product\/40kpsi-2800bar-uhp-water-blasting-rust-paint-water-jet-cleaning-machine-parts-4240-seal-ring\/"]}]},{"@type":"ImageObject","inLanguage":"pt-PT","@id":"https:\/\/panwinjet.com\/product\/40kpsi-2800bar-uhp-water-blasting-rust-paint-water-jet-cleaning-machine-parts-4240-seal-ring\/#primaryimage","url":"https:\/\/panwinjet.com\/wp-content\/uploads\/2025\/09\/4240-Seal-Ring.png","contentUrl":"https:\/\/panwinjet.com\/wp-content\/uploads\/2025\/09\/4240-Seal-Ring.png","width":313,"height":205,"caption":"Compatible Jetstream 54125"},{"@type":"BreadcrumbList","@id":"https:\/\/panwinjet.com\/product\/40kpsi-2800bar-uhp-water-blasting-rust-paint-water-jet-cleaning-machine-parts-4240-seal-ring\/#breadcrumb","itemListElement":[{"@type":"ListItem","position":1,"name":"\u9996\u9875","item":"https:\/\/panwinjet.com\/"},{"@type":"ListItem","position":2,"name":"PRODUCT","item":"https:\/\/panwinjet.com\/product\/"},{"@type":"ListItem","position":3,"name":"40kpsi 2800Bar UHP Water Blasting Rust paint Water Jet cleaning machine parts 4240 Seal Ring"}]},{"@type":"WebSite","@id":"https:\/\/panwinjet.com\/#website","url":"https:\/\/panwinjet.com\/","name":"Panwin Machinery&amp;Equipment","description":"Shenzhen Panwin Machinery&amp;Equipment Co.Ltd","potentialAction":[{"@type":"SearchAction","target":{"@type":"EntryPoint","urlTemplate":"https:\/\/panwinjet.com\/?s={search_term_string}"},"query-input":{"@type":"PropertyValueSpecification","valueRequired":true,"valueName":"search_term_string"}}],"inLanguage":"pt-PT"}]}},"_links":{"self":[{"href":"https:\/\/panwinjet.com\/pt\/wp-json\/wp\/v2\/product\/601","targetHints":{"allow":["GET"]}}],"collection":[{"href":"https:\/\/panwinjet.com\/pt\/wp-json\/wp\/v2\/product"}],"about":[{"href":"https:\/\/panwinjet.com\/pt\/wp-json\/wp\/v2\/types\/product"}],"wp:featuredmedia":[{"embeddable":true,"href":"https:\/\/panwinjet.com\/pt\/wp-json\/wp\/v2\/media\/602"}],"wp:attachment":[{"href":"https:\/\/panwinjet.com\/pt\/wp-json\/wp\/v2\/media?parent=601"}],"wp:term":[{"taxonomy":"product_brand","embeddable":true,"href":"https:\/\/panwinjet.com\/pt\/wp-json\/wp\/v2\/product_brand?post=601"},{"taxonomy":"product_cat","embeddable":true,"href":"https:\/\/panwinjet.com\/pt\/wp-json\/wp\/v2\/product_cat?post=601"},{"taxonomy":"product_tag","embeddable":true,"href":"https:\/\/panwinjet.com\/pt\/wp-json\/wp\/v2\/product_tag?post=601"}],"curies":[{"name":"wp","href":"https:\/\/api.w.org\/{rel}","templated":true}]}}