{"id":588,"date":"2025-09-19T06:07:35","date_gmt":"2025-09-19T06:07:35","guid":{"rendered":"https:\/\/panwinjet.com\/?post_type=product&#038;p=588"},"modified":"2025-09-19T06:07:35","modified_gmt":"2025-09-19T06:07:35","slug":"uhp-1500bar-22k-vessel-tank-water-jet-cleaning-machine-components-4240-uni-valve","status":"publish","type":"product","link":"https:\/\/panwinjet.com\/pt\/produto\/uhp-1500bar-22k-vessel-tank-water-jet-cleaning-machine-components-4240-uni-valve\/","title":{"rendered":"Componentes da m\u00e1quina de limpeza por jato de \u00e1gua UHP 1500Bar 22K para tanque de vaso 4240 Uni-Valve"},"content":{"rendered":"<p>Componentes da m\u00e1quina de limpeza a jato de \u00e1gua para tanques de vasos 4240 Uni-Valve<br \/>\nApresenta\u00e7\u00e3o do produto: Componentes da m\u00e1quina de limpeza de tanques com jato de \u00e1gua - Conjuntos de v\u00e1lvulas unidirecional 4240<br \/>\nEste conjunto de v\u00e1lvulas unidirecional 4240 para m\u00e1quina de limpeza a jato de \u00e1gua em tanques de vasos \u00e9 destinado ao uso em extremidades de fluido com press\u00e3o nominal de 40.000 psi da Jetstream e \u00e9 compat\u00edvel com os modelos Jetstream 53495 e K53496.<\/p>\n<p>2. Par\u00e2metros do produto (especifica\u00e7\u00f5es) dos componentes da m\u00e1quina de limpeza a jato de \u00e1gua para tanques de vasos de press\u00e3o 4240 Uni-Valve<br \/>\nOs componentes da m\u00e1quina de limpeza a jato de \u00e1gua Panwin Vessel Tank Water Jet, modelo 4240, s\u00e3o fabricados em a\u00e7o inoxid\u00e1vel de alta resist\u00eancia, com acabamento impec\u00e1vel e qualidade superior. Esta v\u00e1lvula Uni-Valve Jetstream, com press\u00e3o nominal de 40KPSI, \u00e9 amplamente utilizada na unidade de fluido Jetstream, sendo dur\u00e1vel e confi\u00e1vel, como pode ser observado no design funcional da Uni-Valve na unidade de fluido.<\/p>\n<p>&nbsp;<\/p>","protected":false},"excerpt":{"rendered":"<p>3. Caracter\u00edsticas e aplica\u00e7\u00f5es do produto: Componentes da m\u00e1quina de limpeza de tanques com jato de \u00e1gua - Conjuntos de v\u00e1lvulas unidirecional 4240<br \/>\nEste conjunto de cartuchos Uni-Valve 4240 para m\u00e1quina de limpeza de tanques com jato de \u00e1gua \u00e9 um projeto de \u00faltima gera\u00e7\u00e3o que oferece excelente desempenho e f\u00e1cil manuten\u00e7\u00e3o, sendo funcionalmente avan\u00e7ado nos detalhes descritos a seguir:<br \/>\nA: V\u00e1lvulas combinadas de suc\u00e7\u00e3o e descarga em uma \u00fanica pe\u00e7a aut\u00f4noma<br \/>\nB: Vem lapidado para instala\u00e7\u00e3o imediata.<br \/>\nC: O design em linha minimiza a turbul\u00eancia.<\/p>\n<p>Aplicativo:<br \/>\nEste conjunto de v\u00e1lvulas unidirecional 4240 para m\u00e1quina de limpeza de tanques com jato de \u00e1gua \u00e9 aplicado \u00e0 bomba de fluido Jetstream com press\u00e3o nominal de 40 kpsi, sendo uma pe\u00e7a importante e de design avan\u00e7ado.<br \/>\nA bomba pode ser amplamente utilizada na limpeza de superf\u00edcies, limpeza de tanques e vasos, limpeza de pintura automotiva, limpeza na ind\u00fastria de minera\u00e7\u00e3o, limpeza na fabrica\u00e7\u00e3o de a\u00e7o, ind\u00fastria da constru\u00e7\u00e3o civil, etc.<\/p>\n<p>Detalhes do produto: Componentes da m\u00e1quina de limpeza de tanques com jato de \u00e1gua - Conjuntos de v\u00e1lvulas Uni-Valve 4240<br \/>\nOs componentes da m\u00e1quina de limpeza a jato de \u00e1gua para tanques de vasos, incluindo os conjuntos de cartucho Uni-Valve 4240, s\u00e3o pe\u00e7as essenciais para o bom funcionamento da bomba e para um desempenho de limpeza robusto. A seguir, apresentamos os detalhes de cada componente.<\/p>\n<p>Modelos de bombas compat\u00edveis:<br \/>\nEste conjunto Uni-Valve de 40kpsi \u00e9 compat\u00edvel com os seguintes modelos de bombas de ultra-press\u00e3o da JT.<br \/>\nJetstream 3640<br \/>\nJetstream 4240<br \/>\nJetstream 5040<\/p>","protected":false},"featured_media":593,"template":"","meta":[],"product_brand":[],"product_cat":[7],"product_tag":[],"class_list":{"0":"post-588","1":"product","2":"type-product","3":"status-publish","4":"has-post-thumbnail","6":"product_cat-jetstream-pump-fluid-end-compatibe-parts","8":"first","9":"instock","10":"shipping-taxable","11":"product-type-simple"},"yoast_head":"<!-- This site is optimized with the Yoast SEO plugin v24.9 - https:\/\/yoast.com\/wordpress\/plugins\/seo\/ -->\n<title>UHP 1500Bar 22K Vessel tank Water Jet cleaning machine components 4240 Uni-Valve - Panwin Machinery&amp;Equipment<\/title>\n<meta name=\"robots\" content=\"index, follow, max-snippet:-1, max-image-preview:large, max-video-preview:-1\" \/>\n<link rel=\"canonical\" href=\"https:\/\/panwinjet.com\/pt\/produto\/uhp-1500bar-22k-vessel-tank-water-jet-cleaning-machine-components-4240-uni-valve\/\" \/>\n<meta property=\"og:locale\" content=\"pt_PT\" \/>\n<meta property=\"og:type\" content=\"article\" \/>\n<meta property=\"og:title\" content=\"UHP 1500Bar 22K Vessel tank Water Jet cleaning machine components 4240 Uni-Valve - Panwin Machinery&amp;Equipment\" \/>\n<meta property=\"og:description\" content=\"3.Product Feature And Application of Vessel tank Water Jet cleaning machine components 4240 Uni-Valve Assemblies This Vessel tank Water Jet cleaning machine components 4240 Uni-Valve Cartridge Assemblies is state-of-art design for excellent performance and easy-service, it is functionally advanced in details as follows: A: Combined suction and discharge valves in one self-contained part B: Comes lapped for immediate installation C:In-line design minimizes turbulence  Application: This Vessel tank Water Jet cleaning machine components 4240 Uni-Valve Assemblies is applied to Jetstream 40kpsi pressure rated Fluid End pump, it is the important part and advanced design. The pump can be widely used in surface cleaning,Tank&amp;Vessel Cleaning,Automotive Painting cleaning,Mining industry cleaning,Steel manufacture cleaning, Construction industry etc.  Product Details of Vessel tank Water Jet cleaning machine components 4240 Uni-Valve Assemblies The Vessel tank Water Jet cleaning machine components 4240 Uni-Valve cartridge Assemblies, every small parts take the role to make the pump work good condition and have robust cleaning performance, as follows we show the every details parts.  Compatible pump Models: This 40kpsi Uni-Valve assembly is compatible with following JT Ultra-pressure pump models. Jetstream 3640 Jetstream 4240 Jetstream 5040\" \/>\n<meta property=\"og:url\" content=\"https:\/\/panwinjet.com\/pt\/produto\/uhp-1500bar-22k-vessel-tank-water-jet-cleaning-machine-components-4240-uni-valve\/\" \/>\n<meta property=\"og:site_name\" content=\"Panwin Machinery&amp;Equipment\" \/>\n<meta property=\"og:image\" content=\"https:\/\/panwinjet.com\/wp-content\/uploads\/2025\/09\/Uni-Valve-2.jpg\" \/>\n\t<meta property=\"og:image:width\" content=\"1279\" \/>\n\t<meta property=\"og:image:height\" content=\"1706\" \/>\n\t<meta property=\"og:image:type\" content=\"image\/jpeg\" \/>\n<meta name=\"twitter:card\" content=\"summary_large_image\" \/>\n<meta name=\"twitter:label1\" content=\"Tempo estimado de leitura\" \/>\n\t<meta name=\"twitter:data1\" content=\"1 minuto\" \/>\n<script type=\"application\/ld+json\" class=\"yoast-schema-graph\">{\"@context\":\"https:\/\/schema.org\",\"@graph\":[{\"@type\":\"WebPage\",\"@id\":\"https:\/\/panwinjet.com\/product\/uhp-1500bar-22k-vessel-tank-water-jet-cleaning-machine-components-4240-uni-valve\/\",\"url\":\"https:\/\/panwinjet.com\/product\/uhp-1500bar-22k-vessel-tank-water-jet-cleaning-machine-components-4240-uni-valve\/\",\"name\":\"UHP 1500Bar 22K Vessel tank Water Jet cleaning machine components 4240 Uni-Valve - Panwin Machinery&amp;Equipment\",\"isPartOf\":{\"@id\":\"https:\/\/panwinjet.com\/#website\"},\"primaryImageOfPage\":{\"@id\":\"https:\/\/panwinjet.com\/product\/uhp-1500bar-22k-vessel-tank-water-jet-cleaning-machine-components-4240-uni-valve\/#primaryimage\"},\"image\":{\"@id\":\"https:\/\/panwinjet.com\/product\/uhp-1500bar-22k-vessel-tank-water-jet-cleaning-machine-components-4240-uni-valve\/#primaryimage\"},\"thumbnailUrl\":\"https:\/\/panwinjet.com\/wp-content\/uploads\/2025\/09\/Uni-Valve-2.jpg\",\"datePublished\":\"2025-09-19T06:07:35+00:00\",\"breadcrumb\":{\"@id\":\"https:\/\/panwinjet.com\/product\/uhp-1500bar-22k-vessel-tank-water-jet-cleaning-machine-components-4240-uni-valve\/#breadcrumb\"},\"inLanguage\":\"pt-PT\",\"potentialAction\":[{\"@type\":\"ReadAction\",\"target\":[\"https:\/\/panwinjet.com\/product\/uhp-1500bar-22k-vessel-tank-water-jet-cleaning-machine-components-4240-uni-valve\/\"]}]},{\"@type\":\"ImageObject\",\"inLanguage\":\"pt-PT\",\"@id\":\"https:\/\/panwinjet.com\/product\/uhp-1500bar-22k-vessel-tank-water-jet-cleaning-machine-components-4240-uni-valve\/#primaryimage\",\"url\":\"https:\/\/panwinjet.com\/wp-content\/uploads\/2025\/09\/Uni-Valve-2.jpg\",\"contentUrl\":\"https:\/\/panwinjet.com\/wp-content\/uploads\/2025\/09\/Uni-Valve-2.jpg\",\"width\":1279,\"height\":1706},{\"@type\":\"BreadcrumbList\",\"@id\":\"https:\/\/panwinjet.com\/product\/uhp-1500bar-22k-vessel-tank-water-jet-cleaning-machine-components-4240-uni-valve\/#breadcrumb\",\"itemListElement\":[{\"@type\":\"ListItem\",\"position\":1,\"name\":\"\u9996\u9875\",\"item\":\"https:\/\/panwinjet.com\/\"},{\"@type\":\"ListItem\",\"position\":2,\"name\":\"PRODUCT\",\"item\":\"https:\/\/panwinjet.com\/product\/\"},{\"@type\":\"ListItem\",\"position\":3,\"name\":\"UHP 1500Bar 22K Vessel tank Water Jet cleaning machine components 4240 Uni-Valve\"}]},{\"@type\":\"WebSite\",\"@id\":\"https:\/\/panwinjet.com\/#website\",\"url\":\"https:\/\/panwinjet.com\/\",\"name\":\"Panwin Machinery&amp;Equipment\",\"description\":\"Shenzhen Panwin Machinery&amp;Equipment Co.Ltd\",\"potentialAction\":[{\"@type\":\"SearchAction\",\"target\":{\"@type\":\"EntryPoint\",\"urlTemplate\":\"https:\/\/panwinjet.com\/?s={search_term_string}\"},\"query-input\":{\"@type\":\"PropertyValueSpecification\",\"valueRequired\":true,\"valueName\":\"search_term_string\"}}],\"inLanguage\":\"pt-PT\"}]}<\/script>\n<!-- \/ Yoast SEO plugin. -->","yoast_head_json":{"title":"UHP 1500Bar 22K Vessel tank Water Jet cleaning machine components 4240 Uni-Valve - Panwin Machinery&amp;Equipment","robots":{"index":"index","follow":"follow","max-snippet":"max-snippet:-1","max-image-preview":"max-image-preview:large","max-video-preview":"max-video-preview:-1"},"canonical":"https:\/\/panwinjet.com\/pt\/produto\/uhp-1500bar-22k-vessel-tank-water-jet-cleaning-machine-components-4240-uni-valve\/","og_locale":"pt_PT","og_type":"article","og_title":"UHP 1500Bar 22K Vessel tank Water Jet cleaning machine components 4240 Uni-Valve - Panwin Machinery&amp;Equipment","og_description":"3.Product Feature And Application of Vessel tank Water Jet cleaning machine components 4240 Uni-Valve Assemblies This Vessel tank Water Jet cleaning machine components 4240 Uni-Valve Cartridge Assemblies is state-of-art design for excellent performance and easy-service, it is functionally advanced in details as follows: A: Combined suction and discharge valves in one self-contained part B: Comes lapped for immediate installation C:In-line design minimizes turbulence  Application: This Vessel tank Water Jet cleaning machine components 4240 Uni-Valve Assemblies is applied to Jetstream 40kpsi pressure rated Fluid End pump, it is the important part and advanced design. The pump can be widely used in surface cleaning,Tank&amp;Vessel Cleaning,Automotive Painting cleaning,Mining industry cleaning,Steel manufacture cleaning, Construction industry etc.  Product Details of Vessel tank Water Jet cleaning machine components 4240 Uni-Valve Assemblies The Vessel tank Water Jet cleaning machine components 4240 Uni-Valve cartridge Assemblies, every small parts take the role to make the pump work good condition and have robust cleaning performance, as follows we show the every details parts.  Compatible pump Models: This 40kpsi Uni-Valve assembly is compatible with following JT Ultra-pressure pump models. Jetstream 3640 Jetstream 4240 Jetstream 5040","og_url":"https:\/\/panwinjet.com\/pt\/produto\/uhp-1500bar-22k-vessel-tank-water-jet-cleaning-machine-components-4240-uni-valve\/","og_site_name":"Panwin Machinery&amp;Equipment","og_image":[{"width":1279,"height":1706,"url":"https:\/\/panwinjet.com\/wp-content\/uploads\/2025\/09\/Uni-Valve-2.jpg","type":"image\/jpeg"}],"twitter_card":"summary_large_image","twitter_misc":{"Tempo estimado de leitura":"1 minuto"},"schema":{"@context":"https:\/\/schema.org","@graph":[{"@type":"WebPage","@id":"https:\/\/panwinjet.com\/product\/uhp-1500bar-22k-vessel-tank-water-jet-cleaning-machine-components-4240-uni-valve\/","url":"https:\/\/panwinjet.com\/product\/uhp-1500bar-22k-vessel-tank-water-jet-cleaning-machine-components-4240-uni-valve\/","name":"UHP 1500Bar 22K Vessel tank Water Jet cleaning machine components 4240 Uni-Valve - Panwin Machinery&amp;Equipment","isPartOf":{"@id":"https:\/\/panwinjet.com\/#website"},"primaryImageOfPage":{"@id":"https:\/\/panwinjet.com\/product\/uhp-1500bar-22k-vessel-tank-water-jet-cleaning-machine-components-4240-uni-valve\/#primaryimage"},"image":{"@id":"https:\/\/panwinjet.com\/product\/uhp-1500bar-22k-vessel-tank-water-jet-cleaning-machine-components-4240-uni-valve\/#primaryimage"},"thumbnailUrl":"https:\/\/panwinjet.com\/wp-content\/uploads\/2025\/09\/Uni-Valve-2.jpg","datePublished":"2025-09-19T06:07:35+00:00","breadcrumb":{"@id":"https:\/\/panwinjet.com\/product\/uhp-1500bar-22k-vessel-tank-water-jet-cleaning-machine-components-4240-uni-valve\/#breadcrumb"},"inLanguage":"pt-PT","potentialAction":[{"@type":"ReadAction","target":["https:\/\/panwinjet.com\/product\/uhp-1500bar-22k-vessel-tank-water-jet-cleaning-machine-components-4240-uni-valve\/"]}]},{"@type":"ImageObject","inLanguage":"pt-PT","@id":"https:\/\/panwinjet.com\/product\/uhp-1500bar-22k-vessel-tank-water-jet-cleaning-machine-components-4240-uni-valve\/#primaryimage","url":"https:\/\/panwinjet.com\/wp-content\/uploads\/2025\/09\/Uni-Valve-2.jpg","contentUrl":"https:\/\/panwinjet.com\/wp-content\/uploads\/2025\/09\/Uni-Valve-2.jpg","width":1279,"height":1706},{"@type":"BreadcrumbList","@id":"https:\/\/panwinjet.com\/product\/uhp-1500bar-22k-vessel-tank-water-jet-cleaning-machine-components-4240-uni-valve\/#breadcrumb","itemListElement":[{"@type":"ListItem","position":1,"name":"\u9996\u9875","item":"https:\/\/panwinjet.com\/"},{"@type":"ListItem","position":2,"name":"PRODUCT","item":"https:\/\/panwinjet.com\/product\/"},{"@type":"ListItem","position":3,"name":"UHP 1500Bar 22K Vessel tank Water Jet cleaning machine components 4240 Uni-Valve"}]},{"@type":"WebSite","@id":"https:\/\/panwinjet.com\/#website","url":"https:\/\/panwinjet.com\/","name":"Panwin Machinery&amp;Equipment","description":"Shenzhen Panwin Machinery&amp;Equipment Co.Ltd","potentialAction":[{"@type":"SearchAction","target":{"@type":"EntryPoint","urlTemplate":"https:\/\/panwinjet.com\/?s={search_term_string}"},"query-input":{"@type":"PropertyValueSpecification","valueRequired":true,"valueName":"search_term_string"}}],"inLanguage":"pt-PT"}]}},"_links":{"self":[{"href":"https:\/\/panwinjet.com\/pt\/wp-json\/wp\/v2\/product\/588","targetHints":{"allow":["GET"]}}],"collection":[{"href":"https:\/\/panwinjet.com\/pt\/wp-json\/wp\/v2\/product"}],"about":[{"href":"https:\/\/panwinjet.com\/pt\/wp-json\/wp\/v2\/types\/product"}],"wp:featuredmedia":[{"embeddable":true,"href":"https:\/\/panwinjet.com\/pt\/wp-json\/wp\/v2\/media\/593"}],"wp:attachment":[{"href":"https:\/\/panwinjet.com\/pt\/wp-json\/wp\/v2\/media?parent=588"}],"wp:term":[{"taxonomy":"product_brand","embeddable":true,"href":"https:\/\/panwinjet.com\/pt\/wp-json\/wp\/v2\/product_brand?post=588"},{"taxonomy":"product_cat","embeddable":true,"href":"https:\/\/panwinjet.com\/pt\/wp-json\/wp\/v2\/product_cat?post=588"},{"taxonomy":"product_tag","embeddable":true,"href":"https:\/\/panwinjet.com\/pt\/wp-json\/wp\/v2\/product_tag?post=588"}],"curies":[{"name":"wp","href":"https:\/\/api.w.org\/{rel}","templated":true}]}}