{"id":579,"date":"2025-09-19T05:57:26","date_gmt":"2025-09-19T05:57:26","guid":{"rendered":"https:\/\/panwinjet.com\/?post_type=product&#038;p=579"},"modified":"2025-09-19T05:57:26","modified_gmt":"2025-09-19T05:57:26","slug":"2800bar-40kpsi-uhp-water-jet-surface-industry-cleaning-machine-4240-stuffing-box","status":"publish","type":"product","link":"https:\/\/panwinjet.com\/pt\/produto\/2800bar-40kpsi-uhp-water-jet-surface-industry-cleaning-machine-4240-stuffing-box\/","title":{"rendered":"M\u00e1quina de limpeza industrial de superf\u00edcies com jato de \u00e1gua UHP de 2800 bar e 40 kPSI, modelo 4240, com caixa de gaxetas."},"content":{"rendered":"<p>A caixa de gaxetas 4240 desta m\u00e1quina de limpeza industrial de superf\u00edcies por jato de \u00e1gua \u00e9 um componente importante da bomba de press\u00e3o JS com classifica\u00e7\u00e3o de 40Kpsi.<\/p>\n<p>A bomba JS com classifica\u00e7\u00e3o de 40Kpsi \u00e9 a bomba de jateamento de \u00e1gua mais avan\u00e7ada e eficiente do setor, com a extremidade de fluido padr\u00e3o, compat\u00edvel com a unidade JS de 40Kpsi ou com bombas de eixo livre.<br \/>\nCom uma pot\u00eancia de entrada de 325 cavalos, produzindo 12 GPM a uma press\u00e3o nominal de 40.000 psi, \u00e9 altamente avan\u00e7ado em termos de facilidade de manuten\u00e7\u00e3o, simplicidade de estrutura e design, bem como versatilidade em convers\u00e3o e multifuncionalidade.<\/p>\n<p>&nbsp;<\/p>","protected":false},"excerpt":{"rendered":"<p>2. Par\u00e2metros do produto (especifica\u00e7\u00f5es) da m\u00e1quina de limpeza industrial de superf\u00edcies por jato de \u00e1gua 4240 - Caixa de veda\u00e7\u00e3o<br \/>\nEsta caixa de gaxetas 4240 para m\u00e1quina de limpeza industrial de superf\u00edcies por jato de \u00e1gua \u00e9 fabricada em a\u00e7o inoxid\u00e1vel de alta qualidade e densidade. Oferecemos um ano de garantia para este produto, assegurando a alta qualidade aos nossos clientes. Esta caixa de gaxetas 4240 \u00e9 compat\u00edvel com o modelo Jetstream 54099.<\/p>\n<p>Como um dos componentes principais da m\u00e1quina de jateamento de \u00e1gua de 40Kpsi, ela produz a press\u00e3o de alt\u00edssima pot\u00eancia necess\u00e1ria para tarefas de limpeza de tubula\u00e7\u00f5es superficiais, etc.<\/p>\n<p>3. Caracter\u00edsticas e aplica\u00e7\u00f5es do produto: M\u00e1quina de limpeza industrial de superf\u00edcies por jato de \u00e1gua 4240 com caixa de veda\u00e7\u00e3o.<br \/>\nPara esta m\u00e1quina de limpeza industrial de superf\u00edcies por jato de \u00e1gua, a caixa de gaxetas 4240 \u00e9 um componente essencial da bomba Jetstream Standard 4240. Esta bomba \u00e9 altamente avan\u00e7ada em termos de facilidade de manuten\u00e7\u00e3o, simplicidade de estrutura e design, al\u00e9m de versatilidade em convers\u00f5es e multifuncionalidade, conforme mencionado nos pontos a seguir:<\/p>\n<p>A caracter\u00edstica vantajosa:<br \/>\nA: Manuten\u00e7\u00e3o f\u00e1cil: troca pr\u00e1tica do cartucho da v\u00e1lvula remov\u00edvel<br \/>\nB: Design simplificado: Menos pe\u00e7as do que outros Fluid Ends de 40k.<br \/>\nC: Pist\u00f5es e buchas de pist\u00e3o de carboneto s\u00f3lido<\/p>\n<p>Aplicativo:<br \/>\nA caixa de gaxetas 4240 para a m\u00e1quina de limpeza industrial de superf\u00edcies por jato de \u00e1gua \u00e9 um componente da bomba de pist\u00e3o triplex 4240. Esta bomba potente pode ser usada na limpeza geral de superf\u00edcies, limpeza de tubula\u00e7\u00f5es, limpeza de trocadores de calor, pintura hidrogr\u00e1fica e remo\u00e7\u00e3o de ferrugem, entre outras aplica\u00e7\u00f5es.<\/p>\n<div style=\"width: 544px;\" class=\"wp-video\"><video class=\"wp-video-shortcode\" id=\"video-579-1\" width=\"544\" height=\"960\" preload=\"metadata\" controls=\"controls\"><source type=\"video\/mp4\" src=\"https:\/\/panwinjet.com\/wp-content\/uploads\/2025\/09\/JS-4240-Pump.mp4?_=1\" \/><a href=\"https:\/\/panwinjet.com\/wp-content\/uploads\/2025\/09\/JS-4240-Pump.mp4\">https:\/\/panwinjet.com\/wp-content\/uploads\/2025\/09\/JS-4240-Pump.mp4<\/a><\/video><\/div>","protected":false},"featured_media":-1,"template":"","meta":[],"product_brand":[],"product_cat":[7],"product_tag":[],"class_list":{"0":"post-579","1":"product","2":"type-product","3":"status-publish","4":"has-post-thumbnail","6":"product_cat-jetstream-pump-fluid-end-compatibe-parts","8":"first","9":"instock","10":"shipping-taxable","11":"product-type-simple"},"yoast_head":"<!-- This site is optimized with the Yoast SEO plugin v24.9 - https:\/\/yoast.com\/wordpress\/plugins\/seo\/ -->\n<title>2800Bar 40KPSI UHP Water Jet Surface industry cleaning machine 4240 Stuffing Box - Panwin Machinery&amp;Equipment<\/title>\n<meta name=\"robots\" content=\"index, follow, max-snippet:-1, max-image-preview:large, max-video-preview:-1\" \/>\n<link rel=\"canonical\" href=\"https:\/\/panwinjet.com\/pt\/produto\/2800bar-40kpsi-uhp-water-jet-surface-industry-cleaning-machine-4240-stuffing-box\/\" \/>\n<meta property=\"og:locale\" content=\"pt_PT\" \/>\n<meta property=\"og:type\" content=\"article\" \/>\n<meta property=\"og:title\" content=\"2800Bar 40KPSI UHP Water Jet Surface industry cleaning machine 4240 Stuffing Box - Panwin Machinery&amp;Equipment\" \/>\n<meta property=\"og:description\" content=\"2.Product Parameter (Specification) of Water Jet Surface industry cleaning machine 4240 Stuffing Box This Water Jet Surface industry cleaning machine 4240 Stuffing Box is is made of high-classed and high-density Stainless Steel. This parts we have One-year warranty, ensure the high-quality to our customers and this 4240 Stuffing Box is compatible with Jetstream 54099.  As one key components of the 40Kpsi water blasting machine, it produces the Ultra-high power pressure for surface pipeline etc cleaning tasks.  3.Product Feature And Application of Water Jet Surface industry cleaning machine 4240 Stuffing Box For this Water Jet Surface industry cleaning machine 4240 Stuffing Box, it is important components for the Jetstream Standard 4240 pump. This pump is High-advanced in term of easy-service, simplicity in structure and design,as well as Versatility in conversion and muti-function, and as we mentioned in the following points:  The advantage characteristic: A:Easy service: convenient pop-out valve cartridge change B:simplicity design: Fewer parts than other 40k Fluid Ends. C:Solid carbide plungers and plunger bushings  Application: The Water Jet Surface industry cleaning machine 4240 Stuffing Box is the parts of 4240 triplex plunger pump, this powerful pump can be used in the general surface cleaning, pipeline tubing cleaning, the heat-exchange cleaning, Hydro Painting &amp;Rust cleaning etc.\" \/>\n<meta property=\"og:url\" content=\"https:\/\/panwinjet.com\/pt\/produto\/2800bar-40kpsi-uhp-water-jet-surface-industry-cleaning-machine-4240-stuffing-box\/\" \/>\n<meta property=\"og:site_name\" content=\"Panwin Machinery&amp;Equipment\" \/>\n<meta name=\"twitter:card\" content=\"summary_large_image\" \/>\n<meta name=\"twitter:label1\" content=\"Tempo estimado de leitura\" \/>\n\t<meta name=\"twitter:data1\" content=\"1 minuto\" \/>\n<script type=\"application\/ld+json\" class=\"yoast-schema-graph\">{\"@context\":\"https:\/\/schema.org\",\"@graph\":[{\"@type\":\"WebPage\",\"@id\":\"https:\/\/panwinjet.com\/product\/2800bar-40kpsi-uhp-water-jet-surface-industry-cleaning-machine-4240-stuffing-box\/\",\"url\":\"https:\/\/panwinjet.com\/product\/2800bar-40kpsi-uhp-water-jet-surface-industry-cleaning-machine-4240-stuffing-box\/\",\"name\":\"2800Bar 40KPSI UHP Water Jet Surface industry cleaning machine 4240 Stuffing Box - Panwin Machinery&amp;Equipment\",\"isPartOf\":{\"@id\":\"https:\/\/panwinjet.com\/#website\"},\"datePublished\":\"2025-09-19T05:57:26+00:00\",\"breadcrumb\":{\"@id\":\"https:\/\/panwinjet.com\/product\/2800bar-40kpsi-uhp-water-jet-surface-industry-cleaning-machine-4240-stuffing-box\/#breadcrumb\"},\"inLanguage\":\"pt-PT\",\"potentialAction\":[{\"@type\":\"ReadAction\",\"target\":[\"https:\/\/panwinjet.com\/product\/2800bar-40kpsi-uhp-water-jet-surface-industry-cleaning-machine-4240-stuffing-box\/\"]}]},{\"@type\":\"BreadcrumbList\",\"@id\":\"https:\/\/panwinjet.com\/product\/2800bar-40kpsi-uhp-water-jet-surface-industry-cleaning-machine-4240-stuffing-box\/#breadcrumb\",\"itemListElement\":[{\"@type\":\"ListItem\",\"position\":1,\"name\":\"\u9996\u9875\",\"item\":\"https:\/\/panwinjet.com\/\"},{\"@type\":\"ListItem\",\"position\":2,\"name\":\"PRODUCT\",\"item\":\"https:\/\/panwinjet.com\/product\/\"},{\"@type\":\"ListItem\",\"position\":3,\"name\":\"2800Bar 40KPSI UHP Water Jet Surface industry cleaning machine 4240 Stuffing Box\"}]},{\"@type\":\"WebSite\",\"@id\":\"https:\/\/panwinjet.com\/#website\",\"url\":\"https:\/\/panwinjet.com\/\",\"name\":\"Panwin Machinery&amp;Equipment\",\"description\":\"Shenzhen Panwin Machinery&amp;Equipment Co.Ltd\",\"potentialAction\":[{\"@type\":\"SearchAction\",\"target\":{\"@type\":\"EntryPoint\",\"urlTemplate\":\"https:\/\/panwinjet.com\/?s={search_term_string}\"},\"query-input\":{\"@type\":\"PropertyValueSpecification\",\"valueRequired\":true,\"valueName\":\"search_term_string\"}}],\"inLanguage\":\"pt-PT\"}]}<\/script>\n<!-- \/ Yoast SEO plugin. -->","yoast_head_json":{"title":"2800Bar 40KPSI UHP Water Jet Surface industry cleaning machine 4240 Stuffing Box - Panwin Machinery&amp;Equipment","robots":{"index":"index","follow":"follow","max-snippet":"max-snippet:-1","max-image-preview":"max-image-preview:large","max-video-preview":"max-video-preview:-1"},"canonical":"https:\/\/panwinjet.com\/pt\/produto\/2800bar-40kpsi-uhp-water-jet-surface-industry-cleaning-machine-4240-stuffing-box\/","og_locale":"pt_PT","og_type":"article","og_title":"2800Bar 40KPSI UHP Water Jet Surface industry cleaning machine 4240 Stuffing Box - Panwin Machinery&amp;Equipment","og_description":"2.Product Parameter (Specification) of Water Jet Surface industry cleaning machine 4240 Stuffing Box This Water Jet Surface industry cleaning machine 4240 Stuffing Box is is made of high-classed and high-density Stainless Steel. This parts we have One-year warranty, ensure the high-quality to our customers and this 4240 Stuffing Box is compatible with Jetstream 54099.  As one key components of the 40Kpsi water blasting machine, it produces the Ultra-high power pressure for surface pipeline etc cleaning tasks.  3.Product Feature And Application of Water Jet Surface industry cleaning machine 4240 Stuffing Box For this Water Jet Surface industry cleaning machine 4240 Stuffing Box, it is important components for the Jetstream Standard 4240 pump. This pump is High-advanced in term of easy-service, simplicity in structure and design,as well as Versatility in conversion and muti-function, and as we mentioned in the following points:  The advantage characteristic: A:Easy service: convenient pop-out valve cartridge change B:simplicity design: Fewer parts than other 40k Fluid Ends. C:Solid carbide plungers and plunger bushings  Application: The Water Jet Surface industry cleaning machine 4240 Stuffing Box is the parts of 4240 triplex plunger pump, this powerful pump can be used in the general surface cleaning, pipeline tubing cleaning, the heat-exchange cleaning, Hydro Painting &amp;Rust cleaning etc.","og_url":"https:\/\/panwinjet.com\/pt\/produto\/2800bar-40kpsi-uhp-water-jet-surface-industry-cleaning-machine-4240-stuffing-box\/","og_site_name":"Panwin Machinery&amp;Equipment","twitter_card":"summary_large_image","twitter_misc":{"Tempo estimado de leitura":"1 minuto"},"schema":{"@context":"https:\/\/schema.org","@graph":[{"@type":"WebPage","@id":"https:\/\/panwinjet.com\/product\/2800bar-40kpsi-uhp-water-jet-surface-industry-cleaning-machine-4240-stuffing-box\/","url":"https:\/\/panwinjet.com\/product\/2800bar-40kpsi-uhp-water-jet-surface-industry-cleaning-machine-4240-stuffing-box\/","name":"2800Bar 40KPSI UHP Water Jet Surface industry cleaning machine 4240 Stuffing Box - Panwin Machinery&amp;Equipment","isPartOf":{"@id":"https:\/\/panwinjet.com\/#website"},"datePublished":"2025-09-19T05:57:26+00:00","breadcrumb":{"@id":"https:\/\/panwinjet.com\/product\/2800bar-40kpsi-uhp-water-jet-surface-industry-cleaning-machine-4240-stuffing-box\/#breadcrumb"},"inLanguage":"pt-PT","potentialAction":[{"@type":"ReadAction","target":["https:\/\/panwinjet.com\/product\/2800bar-40kpsi-uhp-water-jet-surface-industry-cleaning-machine-4240-stuffing-box\/"]}]},{"@type":"BreadcrumbList","@id":"https:\/\/panwinjet.com\/product\/2800bar-40kpsi-uhp-water-jet-surface-industry-cleaning-machine-4240-stuffing-box\/#breadcrumb","itemListElement":[{"@type":"ListItem","position":1,"name":"\u9996\u9875","item":"https:\/\/panwinjet.com\/"},{"@type":"ListItem","position":2,"name":"PRODUCT","item":"https:\/\/panwinjet.com\/product\/"},{"@type":"ListItem","position":3,"name":"2800Bar 40KPSI UHP Water Jet Surface industry cleaning machine 4240 Stuffing Box"}]},{"@type":"WebSite","@id":"https:\/\/panwinjet.com\/#website","url":"https:\/\/panwinjet.com\/","name":"Panwin Machinery&amp;Equipment","description":"Shenzhen Panwin Machinery&amp;Equipment Co.Ltd","potentialAction":[{"@type":"SearchAction","target":{"@type":"EntryPoint","urlTemplate":"https:\/\/panwinjet.com\/?s={search_term_string}"},"query-input":{"@type":"PropertyValueSpecification","valueRequired":true,"valueName":"search_term_string"}}],"inLanguage":"pt-PT"}]}},"_links":{"self":[{"href":"https:\/\/panwinjet.com\/pt\/wp-json\/wp\/v2\/product\/579","targetHints":{"allow":["GET"]}}],"collection":[{"href":"https:\/\/panwinjet.com\/pt\/wp-json\/wp\/v2\/product"}],"about":[{"href":"https:\/\/panwinjet.com\/pt\/wp-json\/wp\/v2\/types\/product"}],"wp:featuredmedia":[{"embeddable":true,"href":"https:\/\/panwinjet.com\/pt\/wp-json\/"}],"wp:attachment":[{"href":"https:\/\/panwinjet.com\/pt\/wp-json\/wp\/v2\/media?parent=579"}],"wp:term":[{"taxonomy":"product_brand","embeddable":true,"href":"https:\/\/panwinjet.com\/pt\/wp-json\/wp\/v2\/product_brand?post=579"},{"taxonomy":"product_cat","embeddable":true,"href":"https:\/\/panwinjet.com\/pt\/wp-json\/wp\/v2\/product_cat?post=579"},{"taxonomy":"product_tag","embeddable":true,"href":"https:\/\/panwinjet.com\/pt\/wp-json\/wp\/v2\/product_tag?post=579"}],"curies":[{"name":"wp","href":"https:\/\/api.w.org\/{rel}","templated":true}]}}