{"id":552,"date":"2025-09-21T13:51:29","date_gmt":"2025-09-21T13:51:29","guid":{"rendered":"https:\/\/panwinjet.com\/?post_type=product&#038;p=552"},"modified":"2025-09-21T13:51:29","modified_gmt":"2025-09-21T13:51:29","slug":"2800bar-high-pressure-hydro-jet-blasting-cleaning-machine-parts-for-shipyard-cleaning-4-blades-rotary-nozzles","status":"publish","type":"product","link":"https:\/\/panwinjet.com\/pt\/produto\/2800bar-high-pressure-hydro-jet-blasting-cleaning-machine-parts-for-shipyard-cleaning-4-blades-rotary-nozzles\/","title":{"rendered":"M\u00e1quina de limpeza por hidrojateamento de alta press\u00e3o (2800 bar) - Pe\u00e7as para limpeza em estaleiros - 4 bicos rotativos"},"content":{"rendered":"<p><strong><b>Apresenta\u00e7\u00e3o da m\u00e1quina de limpeza por hidrojateamento de alta press\u00e3o de 2800 bar: pe\u00e7as para limpeza em estaleiros, com 4 bicos rotativos. <\/b><\/strong><\/p>\n<p>Esta m\u00e1quina de limpeza por hidrojateamento de alta press\u00e3o de 2800 bar, com bicos rotativos de 4 l\u00e2minas, \u00e9 utilizada para limpeza de grandes \u00e1reas com jato de \u00e1gua. O bico rotativo possui quatro l\u00e2minas e pode girar 360\u00b0 para maior cobertura da superf\u00edcie e melhores resultados de limpeza. Pode ser amplamente utilizado em equipamentos de limpeza de 40.000 psi para limpeza de grandes \u00e1reas do casco de navios, removendo detritos marinhos, esp\u00e9cies, etc.<\/p>\n<p><strong><b>Caracter\u00edsticas e aplica\u00e7\u00f5es de <\/b><\/strong><strong><b>M\u00e1quina de limpeza por hidrojateamento de alta press\u00e3o (2800 bar) - Pe\u00e7as para limpeza em estaleiros - 4 bicos rotativos <\/b><\/strong><\/p>\n<p>A m\u00e1quina de limpeza por hidrojateamento de alta press\u00e3o de 2800 bar, com pe\u00e7as para limpeza em estaleiros, possui como principal vantagem a grande \u00e1rea de cobertura e os melhores resultados de limpeza. Com rota\u00e7\u00e3o de 360 graus e press\u00e3o de at\u00e9 2800 bar, ela pode aumentar em quase 4 vezes a capacidade de trabalho de um bico convencional.<\/p>\n<p><strong><b>Aplicativo:<\/b><\/strong><\/p>\n<p>Pode ser aplicado em processos de limpeza de grandes superf\u00edcies, como superf\u00edcies de navios e limpeza mar\u00edtima.<\/p>\n<p><strong><b>\u00a0<\/b><\/strong><\/p>\n<p><strong><b>\u00a0<\/b><\/strong><strong><b>Detalhes de<\/b><\/strong><strong><b>\u00a0<\/b><\/strong><strong><b>M\u00e1quina de limpeza por hidrojateamento de alta press\u00e3o (2800 bar) - Pe\u00e7as para limpeza em estaleiros - 4 bicos rotativos <\/b><\/strong><\/p>\n<p>O modelo rotativo de 4 l\u00e2minas possui um total de 16 bicos, press\u00e3o m\u00e1xima de at\u00e9 2800 bar, podendo cobrir uma grande \u00e1rea de limpeza e aumentando significativamente a efici\u00eancia da limpeza de superf\u00edcies.<\/p>\n<p>Com a lista de pe\u00e7as detalhadas e a estrutura a seguir:<\/p>\n<p><img decoding=\"async\" class=\"aligncenter size-full wp-image-1200 lazyload\" data-src=\"https:\/\/panwinjet.com\/wp-content\/uploads\/2025\/09\/4-Blades-Nozzles-Breaddown.png\" alt=\"\" width=\"1229\" height=\"813\" data-srcset=\"https:\/\/panwinjet.com\/wp-content\/uploads\/2025\/09\/4-Blades-Nozzles-Breaddown.png 1229w, https:\/\/panwinjet.com\/wp-content\/uploads\/2025\/09\/4-Blades-Nozzles-Breaddown-500x331.png 500w, https:\/\/panwinjet.com\/wp-content\/uploads\/2025\/09\/4-Blades-Nozzles-Breaddown-1200x794.png 1200w, https:\/\/panwinjet.com\/wp-content\/uploads\/2025\/09\/4-Blades-Nozzles-Breaddown-300x198.png 300w, https:\/\/panwinjet.com\/wp-content\/uploads\/2025\/09\/4-Blades-Nozzles-Breaddown-768x508.png 768w, https:\/\/panwinjet.com\/wp-content\/uploads\/2025\/09\/4-Blades-Nozzles-Breaddown-113x75.png 113w, https:\/\/panwinjet.com\/wp-content\/uploads\/2025\/09\/4-Blades-Nozzles-Breaddown-480x318.png 480w, https:\/\/panwinjet.com\/wp-content\/uploads\/2025\/09\/4-Blades-Nozzles-Breaddown-800x529.png 800w\" data-sizes=\"(max-width:767px) 480px, (max-width:1229px) 100vw, 1229px\" src=\"data:image\/svg+xml;base64,PHN2ZyB3aWR0aD0iMSIgaGVpZ2h0PSIxIiB4bWxucz0iaHR0cDovL3d3dy53My5vcmcvMjAwMC9zdmciPjwvc3ZnPg==\" style=\"--smush-placeholder-width: 1229px; --smush-placeholder-aspect-ratio: 1229\/813;\" \/> <img decoding=\"async\" class=\"aligncenter size-full wp-image-1201 lazyload\" data-src=\"https:\/\/panwinjet.com\/wp-content\/uploads\/2025\/09\/4-Blades-Nozzles-Partlist.png\" alt=\"\" width=\"1206\" height=\"548\" data-srcset=\"https:\/\/panwinjet.com\/wp-content\/uploads\/2025\/09\/4-Blades-Nozzles-Partlist.png 1206w, https:\/\/panwinjet.com\/wp-content\/uploads\/2025\/09\/4-Blades-Nozzles-Partlist-500x227.png 500w, https:\/\/panwinjet.com\/wp-content\/uploads\/2025\/09\/4-Blades-Nozzles-Partlist-1200x545.png 1200w, https:\/\/panwinjet.com\/wp-content\/uploads\/2025\/09\/4-Blades-Nozzles-Partlist-300x136.png 300w, https:\/\/panwinjet.com\/wp-content\/uploads\/2025\/09\/4-Blades-Nozzles-Partlist-768x349.png 768w, https:\/\/panwinjet.com\/wp-content\/uploads\/2025\/09\/4-Blades-Nozzles-Partlist-150x68.png 150w, https:\/\/panwinjet.com\/wp-content\/uploads\/2025\/09\/4-Blades-Nozzles-Partlist-480x218.png 480w, https:\/\/panwinjet.com\/wp-content\/uploads\/2025\/09\/4-Blades-Nozzles-Partlist-800x364.png 800w\" data-sizes=\"(max-width:767px) 480px, (max-width:1206px) 100vw, 1206px\" src=\"data:image\/svg+xml;base64,PHN2ZyB3aWR0aD0iMSIgaGVpZ2h0PSIxIiB4bWxucz0iaHR0cDovL3d3dy53My5vcmcvMjAwMC9zdmciPjwvc3ZnPg==\" style=\"--smush-placeholder-width: 1206px; --smush-placeholder-aspect-ratio: 1206\/548;\" \/><\/p>\n<p>&nbsp;<\/p>\n<p><strong><b>O <\/b><\/strong><strong><b>M\u00e1quina de limpeza por hidrojateamento de alta press\u00e3o (2800 bar) - Pe\u00e7as para limpeza em estaleiros - 4 bicos rotativos <\/b><\/strong><strong><b>demonstra\u00e7\u00e3o funcional <\/b><\/strong><\/p>","protected":false},"excerpt":{"rendered":"<p><strong><b>Par\u00e2metro (Especifica\u00e7\u00e3o) de <\/b><\/strong> <strong><b>M\u00e1quina de limpeza por hidrojateamento de alta press\u00e3o (2800 bar) - Pe\u00e7as para limpeza em estaleiros - 4 bicos rotativos <\/b><\/strong><\/p>\n<p>A m\u00e1quina de limpeza por hidrojateamento de alta press\u00e3o de 2800 bar, ideal para limpeza em estaleiros, possui 4 bicos rotativos de l\u00e2minas e 16 bicos com alta vaz\u00e3o. \u00c9 uma m\u00e1quina com bicos que proporcionam excelente cobertura para limpeza de superf\u00edcies.<\/p>\n<p><img decoding=\"async\" class=\"aligncenter size-full wp-image-1202 lazyload\" data-src=\"https:\/\/panwinjet.com\/wp-content\/uploads\/2025\/09\/4-Blades-Nozzles.png\" alt=\"\" width=\"443\" height=\"191\" data-srcset=\"https:\/\/panwinjet.com\/wp-content\/uploads\/2025\/09\/4-Blades-Nozzles.png 443w, https:\/\/panwinjet.com\/wp-content\/uploads\/2025\/09\/4-Blades-Nozzles-300x129.png 300w, https:\/\/panwinjet.com\/wp-content\/uploads\/2025\/09\/4-Blades-Nozzles-150x65.png 150w\" data-sizes=\"(max-width:767px) 443px, 443px\" src=\"data:image\/svg+xml;base64,PHN2ZyB3aWR0aD0iMSIgaGVpZ2h0PSIxIiB4bWxucz0iaHR0cDovL3d3dy53My5vcmcvMjAwMC9zdmciPjwvc3ZnPg==\" style=\"--smush-placeholder-width: 443px; --smush-placeholder-aspect-ratio: 443\/191;\" \/><\/p>","protected":false},"featured_media":1198,"template":"","meta":[],"product_brand":[],"product_cat":[5],"product_tag":[],"class_list":{"0":"post-552","1":"product","2":"type-product","3":"status-publish","4":"has-post-thumbnail","6":"product_cat-uhp-rotating-nozzles","8":"first","9":"instock","10":"shipping-taxable","11":"product-type-simple"},"yoast_head":"<!-- This site is optimized with the Yoast SEO plugin v24.9 - https:\/\/yoast.com\/wordpress\/plugins\/seo\/ -->\n<title>2800Bar high Pressure Hydro Jet Blasting cleaning machine Parts for shipyard cleaning 4 Blades rotary nozzles - Panwin Machinery&amp;Equipment<\/title>\n<meta name=\"robots\" content=\"index, follow, max-snippet:-1, max-image-preview:large, max-video-preview:-1\" \/>\n<link rel=\"canonical\" href=\"https:\/\/panwinjet.com\/pt\/produto\/2800bar-high-pressure-hydro-jet-blasting-cleaning-machine-parts-for-shipyard-cleaning-4-blades-rotary-nozzles\/\" \/>\n<meta property=\"og:locale\" content=\"pt_PT\" \/>\n<meta property=\"og:type\" content=\"article\" \/>\n<meta property=\"og:title\" content=\"2800Bar high Pressure Hydro Jet Blasting cleaning machine Parts for shipyard cleaning 4 Blades rotary nozzles - Panwin Machinery&amp;Equipment\" \/>\n<meta property=\"og:description\" content=\"Parameter (Specification) of 2800Bar high Pressure Hydro Jet Blasting cleaning machine Parts for shipyard cleaning 4 Blades rotary nozzles   The 2800Bar high Pressure Hydro Jet Blasting cleaning machine Parts for shipyard cleaning 4 Blades rotary nozzles\u00a0and it has 16pcs nozzles big flow rate. it is great big coverage surface cleaning nozzles.\" \/>\n<meta property=\"og:url\" content=\"https:\/\/panwinjet.com\/pt\/produto\/2800bar-high-pressure-hydro-jet-blasting-cleaning-machine-parts-for-shipyard-cleaning-4-blades-rotary-nozzles\/\" \/>\n<meta property=\"og:site_name\" content=\"Panwin Machinery&amp;Equipment\" \/>\n<meta property=\"og:image\" content=\"https:\/\/panwinjet.com\/wp-content\/uploads\/2025\/09\/\u5fae\u4fe1\u56fe\u7247_20250401063453-1.jpg\" \/>\n\t<meta property=\"og:image:width\" content=\"1279\" \/>\n\t<meta property=\"og:image:height\" content=\"1706\" \/>\n\t<meta property=\"og:image:type\" content=\"image\/jpeg\" \/>\n<meta name=\"twitter:card\" content=\"summary_large_image\" \/>\n<meta name=\"twitter:label1\" content=\"Tempo estimado de leitura\" \/>\n\t<meta name=\"twitter:data1\" content=\"2 minutos\" \/>\n<script type=\"application\/ld+json\" class=\"yoast-schema-graph\">{\"@context\":\"https:\/\/schema.org\",\"@graph\":[{\"@type\":\"WebPage\",\"@id\":\"https:\/\/panwinjet.com\/product\/2800bar-high-pressure-hydro-jet-blasting-cleaning-machine-parts-for-shipyard-cleaning-4-blades-rotary-nozzles\/\",\"url\":\"https:\/\/panwinjet.com\/product\/2800bar-high-pressure-hydro-jet-blasting-cleaning-machine-parts-for-shipyard-cleaning-4-blades-rotary-nozzles\/\",\"name\":\"2800Bar high Pressure Hydro Jet Blasting cleaning machine Parts for shipyard cleaning 4 Blades rotary nozzles - Panwin Machinery&amp;Equipment\",\"isPartOf\":{\"@id\":\"https:\/\/panwinjet.com\/#website\"},\"primaryImageOfPage\":{\"@id\":\"https:\/\/panwinjet.com\/product\/2800bar-high-pressure-hydro-jet-blasting-cleaning-machine-parts-for-shipyard-cleaning-4-blades-rotary-nozzles\/#primaryimage\"},\"image\":{\"@id\":\"https:\/\/panwinjet.com\/product\/2800bar-high-pressure-hydro-jet-blasting-cleaning-machine-parts-for-shipyard-cleaning-4-blades-rotary-nozzles\/#primaryimage\"},\"thumbnailUrl\":\"https:\/\/panwinjet.com\/wp-content\/uploads\/2025\/09\/\u5fae\u4fe1\u56fe\u7247_20250401063453-1.jpg\",\"datePublished\":\"2025-09-21T13:51:29+00:00\",\"breadcrumb\":{\"@id\":\"https:\/\/panwinjet.com\/product\/2800bar-high-pressure-hydro-jet-blasting-cleaning-machine-parts-for-shipyard-cleaning-4-blades-rotary-nozzles\/#breadcrumb\"},\"inLanguage\":\"pt-PT\",\"potentialAction\":[{\"@type\":\"ReadAction\",\"target\":[\"https:\/\/panwinjet.com\/product\/2800bar-high-pressure-hydro-jet-blasting-cleaning-machine-parts-for-shipyard-cleaning-4-blades-rotary-nozzles\/\"]}]},{\"@type\":\"ImageObject\",\"inLanguage\":\"pt-PT\",\"@id\":\"https:\/\/panwinjet.com\/product\/2800bar-high-pressure-hydro-jet-blasting-cleaning-machine-parts-for-shipyard-cleaning-4-blades-rotary-nozzles\/#primaryimage\",\"url\":\"https:\/\/panwinjet.com\/wp-content\/uploads\/2025\/09\/\u5fae\u4fe1\u56fe\u7247_20250401063453-1.jpg\",\"contentUrl\":\"https:\/\/panwinjet.com\/wp-content\/uploads\/2025\/09\/\u5fae\u4fe1\u56fe\u7247_20250401063453-1.jpg\",\"width\":1279,\"height\":1706},{\"@type\":\"BreadcrumbList\",\"@id\":\"https:\/\/panwinjet.com\/product\/2800bar-high-pressure-hydro-jet-blasting-cleaning-machine-parts-for-shipyard-cleaning-4-blades-rotary-nozzles\/#breadcrumb\",\"itemListElement\":[{\"@type\":\"ListItem\",\"position\":1,\"name\":\"\u9996\u9875\",\"item\":\"https:\/\/panwinjet.com\/\"},{\"@type\":\"ListItem\",\"position\":2,\"name\":\"PRODUCT\",\"item\":\"https:\/\/panwinjet.com\/product\/\"},{\"@type\":\"ListItem\",\"position\":3,\"name\":\"2800Bar high Pressure Hydro Jet Blasting cleaning machine Parts for shipyard cleaning 4 Blades rotary nozzles\"}]},{\"@type\":\"WebSite\",\"@id\":\"https:\/\/panwinjet.com\/#website\",\"url\":\"https:\/\/panwinjet.com\/\",\"name\":\"Panwin Machinery&amp;Equipment\",\"description\":\"Shenzhen Panwin Machinery&amp;Equipment Co.Ltd\",\"potentialAction\":[{\"@type\":\"SearchAction\",\"target\":{\"@type\":\"EntryPoint\",\"urlTemplate\":\"https:\/\/panwinjet.com\/?s={search_term_string}\"},\"query-input\":{\"@type\":\"PropertyValueSpecification\",\"valueRequired\":true,\"valueName\":\"search_term_string\"}}],\"inLanguage\":\"pt-PT\"}]}<\/script>\n<!-- \/ Yoast SEO plugin. -->","yoast_head_json":{"title":"2800Bar high Pressure Hydro Jet Blasting cleaning machine Parts for shipyard cleaning 4 Blades rotary nozzles - Panwin Machinery&amp;Equipment","robots":{"index":"index","follow":"follow","max-snippet":"max-snippet:-1","max-image-preview":"max-image-preview:large","max-video-preview":"max-video-preview:-1"},"canonical":"https:\/\/panwinjet.com\/pt\/produto\/2800bar-high-pressure-hydro-jet-blasting-cleaning-machine-parts-for-shipyard-cleaning-4-blades-rotary-nozzles\/","og_locale":"pt_PT","og_type":"article","og_title":"2800Bar high Pressure Hydro Jet Blasting cleaning machine Parts for shipyard cleaning 4 Blades rotary nozzles - Panwin Machinery&amp;Equipment","og_description":"Parameter (Specification) of 2800Bar high Pressure Hydro Jet Blasting cleaning machine Parts for shipyard cleaning 4 Blades rotary nozzles   The 2800Bar high Pressure Hydro Jet Blasting cleaning machine Parts for shipyard cleaning 4 Blades rotary nozzles\u00a0and it has 16pcs nozzles big flow rate. it is great big coverage surface cleaning nozzles.","og_url":"https:\/\/panwinjet.com\/pt\/produto\/2800bar-high-pressure-hydro-jet-blasting-cleaning-machine-parts-for-shipyard-cleaning-4-blades-rotary-nozzles\/","og_site_name":"Panwin Machinery&amp;Equipment","og_image":[{"width":1279,"height":1706,"url":"https:\/\/panwinjet.com\/wp-content\/uploads\/2025\/09\/\u5fae\u4fe1\u56fe\u7247_20250401063453-1.jpg","type":"image\/jpeg"}],"twitter_card":"summary_large_image","twitter_misc":{"Tempo estimado de leitura":"2 minutos"},"schema":{"@context":"https:\/\/schema.org","@graph":[{"@type":"WebPage","@id":"https:\/\/panwinjet.com\/product\/2800bar-high-pressure-hydro-jet-blasting-cleaning-machine-parts-for-shipyard-cleaning-4-blades-rotary-nozzles\/","url":"https:\/\/panwinjet.com\/product\/2800bar-high-pressure-hydro-jet-blasting-cleaning-machine-parts-for-shipyard-cleaning-4-blades-rotary-nozzles\/","name":"2800Bar high Pressure Hydro Jet Blasting cleaning machine Parts for shipyard cleaning 4 Blades rotary nozzles - Panwin Machinery&amp;Equipment","isPartOf":{"@id":"https:\/\/panwinjet.com\/#website"},"primaryImageOfPage":{"@id":"https:\/\/panwinjet.com\/product\/2800bar-high-pressure-hydro-jet-blasting-cleaning-machine-parts-for-shipyard-cleaning-4-blades-rotary-nozzles\/#primaryimage"},"image":{"@id":"https:\/\/panwinjet.com\/product\/2800bar-high-pressure-hydro-jet-blasting-cleaning-machine-parts-for-shipyard-cleaning-4-blades-rotary-nozzles\/#primaryimage"},"thumbnailUrl":"https:\/\/panwinjet.com\/wp-content\/uploads\/2025\/09\/\u5fae\u4fe1\u56fe\u7247_20250401063453-1.jpg","datePublished":"2025-09-21T13:51:29+00:00","breadcrumb":{"@id":"https:\/\/panwinjet.com\/product\/2800bar-high-pressure-hydro-jet-blasting-cleaning-machine-parts-for-shipyard-cleaning-4-blades-rotary-nozzles\/#breadcrumb"},"inLanguage":"pt-PT","potentialAction":[{"@type":"ReadAction","target":["https:\/\/panwinjet.com\/product\/2800bar-high-pressure-hydro-jet-blasting-cleaning-machine-parts-for-shipyard-cleaning-4-blades-rotary-nozzles\/"]}]},{"@type":"ImageObject","inLanguage":"pt-PT","@id":"https:\/\/panwinjet.com\/product\/2800bar-high-pressure-hydro-jet-blasting-cleaning-machine-parts-for-shipyard-cleaning-4-blades-rotary-nozzles\/#primaryimage","url":"https:\/\/panwinjet.com\/wp-content\/uploads\/2025\/09\/\u5fae\u4fe1\u56fe\u7247_20250401063453-1.jpg","contentUrl":"https:\/\/panwinjet.com\/wp-content\/uploads\/2025\/09\/\u5fae\u4fe1\u56fe\u7247_20250401063453-1.jpg","width":1279,"height":1706},{"@type":"BreadcrumbList","@id":"https:\/\/panwinjet.com\/product\/2800bar-high-pressure-hydro-jet-blasting-cleaning-machine-parts-for-shipyard-cleaning-4-blades-rotary-nozzles\/#breadcrumb","itemListElement":[{"@type":"ListItem","position":1,"name":"\u9996\u9875","item":"https:\/\/panwinjet.com\/"},{"@type":"ListItem","position":2,"name":"PRODUCT","item":"https:\/\/panwinjet.com\/product\/"},{"@type":"ListItem","position":3,"name":"2800Bar high Pressure Hydro Jet Blasting cleaning machine Parts for shipyard cleaning 4 Blades rotary nozzles"}]},{"@type":"WebSite","@id":"https:\/\/panwinjet.com\/#website","url":"https:\/\/panwinjet.com\/","name":"Panwin Machinery&amp;Equipment","description":"Shenzhen Panwin Machinery&amp;Equipment Co.Ltd","potentialAction":[{"@type":"SearchAction","target":{"@type":"EntryPoint","urlTemplate":"https:\/\/panwinjet.com\/?s={search_term_string}"},"query-input":{"@type":"PropertyValueSpecification","valueRequired":true,"valueName":"search_term_string"}}],"inLanguage":"pt-PT"}]}},"_links":{"self":[{"href":"https:\/\/panwinjet.com\/pt\/wp-json\/wp\/v2\/product\/552","targetHints":{"allow":["GET"]}}],"collection":[{"href":"https:\/\/panwinjet.com\/pt\/wp-json\/wp\/v2\/product"}],"about":[{"href":"https:\/\/panwinjet.com\/pt\/wp-json\/wp\/v2\/types\/product"}],"wp:featuredmedia":[{"embeddable":true,"href":"https:\/\/panwinjet.com\/pt\/wp-json\/wp\/v2\/media\/1198"}],"wp:attachment":[{"href":"https:\/\/panwinjet.com\/pt\/wp-json\/wp\/v2\/media?parent=552"}],"wp:term":[{"taxonomy":"product_brand","embeddable":true,"href":"https:\/\/panwinjet.com\/pt\/wp-json\/wp\/v2\/product_brand?post=552"},{"taxonomy":"product_cat","embeddable":true,"href":"https:\/\/panwinjet.com\/pt\/wp-json\/wp\/v2\/product_cat?post=552"},{"taxonomy":"product_tag","embeddable":true,"href":"https:\/\/panwinjet.com\/pt\/wp-json\/wp\/v2\/product_tag?post=552"}],"curies":[{"name":"wp","href":"https:\/\/api.w.org\/{rel}","templated":true}]}}