{"id":535,"date":"2025-09-18T04:07:53","date_gmt":"2025-09-18T04:07:53","guid":{"rendered":"https:\/\/panwinjet.com\/?post_type=product&#038;p=535"},"modified":"2025-09-18T04:07:53","modified_gmt":"2025-09-18T04:07:53","slug":"1500bar-high-pressure-3d-water-h3-orbiter-blasting-tank-vessels-cleaning-machine-tools","status":"publish","type":"product","link":"https:\/\/panwinjet.com\/pt\/produto\/1500bar-high-pressure-3d-water-h3-orbiter-blasting-tank-vessels-cleaning-machine-tools\/","title":{"rendered":"M\u00e1quina de limpeza de tanques de jateamento orbital 3D de \u00e1gua H3 de alta press\u00e3o (1500 bar)"},"content":{"rendered":"<p><strong><b>M\u00e1quina de limpeza de tanques de jateamento orbital 3D de \u00e1gua H3 de alta press\u00e3o (1500 bar)<\/b><\/strong><\/p>\n<p><strong><b>1. Introdu\u00e7\u00e3o do produto <\/b><\/strong><strong><b>M\u00e1quina de limpeza de tanques de jateamento orbital 3D de \u00e1gua H3 de alta press\u00e3o (1500 bar)<\/b><\/strong><\/p>\n<p><strong><b>O <\/b><\/strong><strong><b>M\u00e1quina de limpeza de tanques de jateamento orbital 3D de \u00e1gua H3 de alta press\u00e3o (1500 bar)<\/b><\/strong><strong><b>\u00a0\u00e9<\/b><\/strong><strong><b>\u00a0Projetada para limpar tanques e reservat\u00f3rios de forma eficaz e eficiente. A rota\u00e7\u00e3o dos bicos e do corpo permite que a ferramenta realize uma limpeza completa de 360 graus a press\u00f5es de at\u00e9 22.000 psi (1500 bar). <\/b><\/strong><\/p>\n<p><strong><b>As taxas de fluxo necess\u00e1rias s\u00e3o controladas por meio de quatro op\u00e7\u00f5es diferentes de coletor que fornecem de 10 a 80 gpm (37 a 302 lpm): Alto Fluxo, Fluxo M\u00e9dio, Baixo Fluxo e Fluxo Extra Baixo. <\/b><\/strong><\/p>\n<p><strong><b>Um freio magn\u00e9tico que n\u00e3o requer manuten\u00e7\u00e3o \u00e9 usado para controlar a velocidade de rota\u00e7\u00e3o.<\/b><\/strong><\/p>\n<p><strong><b>\u00a0<\/b><\/strong><\/p>\n<p>&nbsp;<\/p>\n<p>&nbsp;<\/p>\n<p><strong><b>2. Par\u00e2metros (especifica\u00e7\u00f5es) do produto <\/b><\/strong><strong><b>M\u00e1quina de limpeza de tanques de jateamento orbital 3D de \u00e1gua H3 de alta press\u00e3o (1500 bar)<\/b><\/strong><\/p>\n<p>&nbsp;<\/p>\n<p>&nbsp;<\/p>\n<p>&nbsp;<\/p>\n<ol start=\"3\">\n<li><b><\/b><strong><b>Caracter\u00edsticas e aplica\u00e7\u00f5es do produto <\/b><\/strong><strong><b>\u00c1gua 3D de alta press\u00e3o a 1500 bar<\/b><\/strong><strong><b>-3 <\/b><\/strong><strong><b>Ferramentas para m\u00e1quinas de limpeza de tanques de jateamento orbital<\/b><\/strong><\/li>\n<\/ol>\n<p><strong><b>Esse <\/b><\/strong><strong><b>\u00c1gua 3D de alta press\u00e3o a 1500 bar<\/b><\/strong><strong><b>&#8211;<\/b><\/strong><strong><b>3 ferramentas de m\u00e1quina de limpeza de tanques de jateamento orbital<\/b><\/strong><strong><b>\u00a0Foi projetado para ferramentas de limpeza de tanques de alta pot\u00eancia e possui os seguintes recursos avan\u00e7ados:<\/b><\/strong><\/p>\n<p><strong><b>1)<\/b><\/strong><strong><b>\u00a0Fabricado em a\u00e7o inoxid\u00e1vel<\/b><\/strong><\/p>\n<p><strong><b>2)<\/b><\/strong><strong><b>\u00a0Componentes aprimorados para maior durabilidade.<\/b><\/strong><\/p>\n<p><strong><b>3)<\/b><\/strong><strong><b>Velocidade de rota\u00e7\u00e3o controlada por um freio magn\u00e9tico que dispensa manuten\u00e7\u00e3o.<\/b><\/strong><\/p>\n<p><strong><b>4)<\/b><\/strong><strong><b>Quatro op\u00e7\u00f5es de vaz\u00e3o para aplica\u00e7\u00e3o precisa: Alta (50 a 80 gpm), M\u00e9dia (28 a 55 gpm), Baixa (16 a 30 gpm) e Extra Baixa (10 a 18 gpm).<\/b><\/strong><\/p>","protected":false},"excerpt":{"rendered":"<ol start=\"3\">\n<li><b><\/b><strong><b>Detalhes do produto<\/b><\/strong><b><\/b><strong><b>M\u00e1quina de limpeza de tanques de jateamento orbital 3D de \u00e1gua H3 de alta press\u00e3o (1500 bar)<\/b><\/strong><\/li>\n<\/ol>\n<p><strong><b>O <\/b><\/strong><strong><b>M\u00e1quina de limpeza de tanques de jateamento orbital 3D de \u00e1gua H3 de alta press\u00e3o (1500 bar)<\/b><\/strong><strong><b>\u00a0Possui muitas caracter\u00edsticas vantajosas incompar\u00e1veis, algumas das quais s\u00e3o apresentadas a seguir: \u00a0<\/b><\/strong><\/p>\n<p><strong><b>UM:<\/b><\/strong><strong><b>Uma ampla gama de acess\u00f3rios est\u00e1 dispon\u00edvel, incluindo centralizadores de gaiolas. <\/b><\/strong><\/p>\n<p><strong><b>e extens\u00f5es. Somente extens\u00f5es de 1\u201d ou 2\u201d podem ser usadas quando o <\/b><\/strong><\/p>\n<p><strong><b>H<\/b><\/strong><strong><b>&#8211;<\/b><\/strong><strong><b>3<\/b><\/strong><strong><b>\u00a0<\/b><\/strong><strong><b>O Orbiter est\u00e1 instalado no centralizador.<\/b><\/strong><\/p>\n<p><strong><b>B:<\/b><\/strong><strong><b>\u00a0Para limpeza de tubula\u00e7\u00f5es, o<\/b><\/strong><strong><b>\u00a0<\/b><\/strong><strong><b>M\u00e1quina de limpeza de tanques de jateamento orbital 3D de \u00e1gua H3 de alta press\u00e3o (1500 bar)<\/b><\/strong><strong><b>\u00a0Pode ser instalado em um centralizador com uma placa de prote\u00e7\u00e3o opcional. Quando instalado com o centralizador, a placa de prote\u00e7\u00e3o permite o movimento para frente autogerado a cada rota\u00e7\u00e3o de 180\u00b0 do coletor.<\/b><\/strong><\/p>\n<p>&nbsp;<\/p>","protected":false},"featured_media":541,"template":"","meta":[],"product_brand":[],"product_cat":[8],"product_tag":[],"class_list":{"0":"post-535","1":"product","2":"type-product","3":"status-publish","4":"has-post-thumbnail","6":"product_cat-giant-tank-cleaningcutting-device","8":"first","9":"instock","10":"shipping-taxable","11":"product-type-simple"},"yoast_head":"<!-- This site is optimized with the Yoast SEO plugin v24.9 - https:\/\/yoast.com\/wordpress\/plugins\/seo\/ -->\n<title>1500Bar High Pressure 3D Water H3 Orbiter Blasting Tank Vessels cleaning machine tools - Panwin Machinery&amp;Equipment<\/title>\n<meta name=\"robots\" content=\"index, follow, max-snippet:-1, max-image-preview:large, max-video-preview:-1\" \/>\n<link rel=\"canonical\" href=\"https:\/\/panwinjet.com\/pt\/produto\/1500bar-high-pressure-3d-water-h3-orbiter-blasting-tank-vessels-cleaning-machine-tools\/\" \/>\n<meta property=\"og:locale\" content=\"pt_PT\" \/>\n<meta property=\"og:type\" content=\"article\" \/>\n<meta property=\"og:title\" content=\"1500Bar High Pressure 3D Water H3 Orbiter Blasting Tank Vessels cleaning machine tools - Panwin Machinery&amp;Equipment\" \/>\n<meta property=\"og:description\" content=\"Product Details of1500Bar High Pressure 3D Water H3 Orbiter Blasting Tank Vessels cleaning machine tools  The 1500Bar High Pressure 3D Water H3 Orbiter Blasting Tank Vessels cleaning machine tools\u00a0has many unrivaled advantage characteristic,following are some of the advantages: \u00a0  A:Wide range of accessories are available including cage centralizers   and extensions. Only 1\u201d or 2\u201d extensions can be used when the   H-3\u00a0Orbiter is installed in the centralizer.  B:\u00a0For pipe cleaning, the\u00a01500Bar High Pressure 3D Water H3 Orbiter Blasting Tank Vessels cleaning machine tools\u00a0can be placed in a centralizer with an optional kick plate. When installed with the centralizer, the kick plate allows for self generated forward movement with each 180\u00b0 rotation of the manifold.  &nbsp;\" \/>\n<meta property=\"og:url\" content=\"https:\/\/panwinjet.com\/pt\/produto\/1500bar-high-pressure-3d-water-h3-orbiter-blasting-tank-vessels-cleaning-machine-tools\/\" \/>\n<meta property=\"og:site_name\" content=\"Panwin Machinery&amp;Equipment\" \/>\n<meta property=\"og:image\" content=\"https:\/\/panwinjet.com\/wp-content\/uploads\/2025\/09\/H3-Orbiter-Blasting.jpg\" \/>\n\t<meta property=\"og:image:width\" content=\"1280\" \/>\n\t<meta property=\"og:image:height\" content=\"1706\" \/>\n\t<meta property=\"og:image:type\" content=\"image\/jpeg\" \/>\n<meta name=\"twitter:card\" content=\"summary_large_image\" \/>\n<meta name=\"twitter:label1\" content=\"Tempo estimado de leitura\" \/>\n\t<meta name=\"twitter:data1\" content=\"2 minutos\" \/>\n<script type=\"application\/ld+json\" class=\"yoast-schema-graph\">{\"@context\":\"https:\/\/schema.org\",\"@graph\":[{\"@type\":\"WebPage\",\"@id\":\"https:\/\/panwinjet.com\/product\/1500bar-high-pressure-3d-water-h3-orbiter-blasting-tank-vessels-cleaning-machine-tools\/\",\"url\":\"https:\/\/panwinjet.com\/product\/1500bar-high-pressure-3d-water-h3-orbiter-blasting-tank-vessels-cleaning-machine-tools\/\",\"name\":\"1500Bar High Pressure 3D Water H3 Orbiter Blasting Tank Vessels cleaning machine tools - Panwin Machinery&amp;Equipment\",\"isPartOf\":{\"@id\":\"https:\/\/panwinjet.com\/#website\"},\"primaryImageOfPage\":{\"@id\":\"https:\/\/panwinjet.com\/product\/1500bar-high-pressure-3d-water-h3-orbiter-blasting-tank-vessels-cleaning-machine-tools\/#primaryimage\"},\"image\":{\"@id\":\"https:\/\/panwinjet.com\/product\/1500bar-high-pressure-3d-water-h3-orbiter-blasting-tank-vessels-cleaning-machine-tools\/#primaryimage\"},\"thumbnailUrl\":\"https:\/\/panwinjet.com\/wp-content\/uploads\/2025\/09\/H3-Orbiter-Blasting.jpg\",\"datePublished\":\"2025-09-18T04:07:53+00:00\",\"breadcrumb\":{\"@id\":\"https:\/\/panwinjet.com\/product\/1500bar-high-pressure-3d-water-h3-orbiter-blasting-tank-vessels-cleaning-machine-tools\/#breadcrumb\"},\"inLanguage\":\"pt-PT\",\"potentialAction\":[{\"@type\":\"ReadAction\",\"target\":[\"https:\/\/panwinjet.com\/product\/1500bar-high-pressure-3d-water-h3-orbiter-blasting-tank-vessels-cleaning-machine-tools\/\"]}]},{\"@type\":\"ImageObject\",\"inLanguage\":\"pt-PT\",\"@id\":\"https:\/\/panwinjet.com\/product\/1500bar-high-pressure-3d-water-h3-orbiter-blasting-tank-vessels-cleaning-machine-tools\/#primaryimage\",\"url\":\"https:\/\/panwinjet.com\/wp-content\/uploads\/2025\/09\/H3-Orbiter-Blasting.jpg\",\"contentUrl\":\"https:\/\/panwinjet.com\/wp-content\/uploads\/2025\/09\/H3-Orbiter-Blasting.jpg\",\"width\":1280,\"height\":1706},{\"@type\":\"BreadcrumbList\",\"@id\":\"https:\/\/panwinjet.com\/product\/1500bar-high-pressure-3d-water-h3-orbiter-blasting-tank-vessels-cleaning-machine-tools\/#breadcrumb\",\"itemListElement\":[{\"@type\":\"ListItem\",\"position\":1,\"name\":\"\u9996\u9875\",\"item\":\"https:\/\/panwinjet.com\/\"},{\"@type\":\"ListItem\",\"position\":2,\"name\":\"PRODUCT\",\"item\":\"https:\/\/panwinjet.com\/product\/\"},{\"@type\":\"ListItem\",\"position\":3,\"name\":\"1500Bar High Pressure 3D Water H3 Orbiter Blasting Tank Vessels cleaning machine tools\"}]},{\"@type\":\"WebSite\",\"@id\":\"https:\/\/panwinjet.com\/#website\",\"url\":\"https:\/\/panwinjet.com\/\",\"name\":\"Panwin Machinery&amp;Equipment\",\"description\":\"Shenzhen Panwin Machinery&amp;Equipment Co.Ltd\",\"potentialAction\":[{\"@type\":\"SearchAction\",\"target\":{\"@type\":\"EntryPoint\",\"urlTemplate\":\"https:\/\/panwinjet.com\/?s={search_term_string}\"},\"query-input\":{\"@type\":\"PropertyValueSpecification\",\"valueRequired\":true,\"valueName\":\"search_term_string\"}}],\"inLanguage\":\"pt-PT\"}]}<\/script>\n<!-- \/ Yoast SEO plugin. -->","yoast_head_json":{"title":"1500Bar High Pressure 3D Water H3 Orbiter Blasting Tank Vessels cleaning machine tools - Panwin Machinery&amp;Equipment","robots":{"index":"index","follow":"follow","max-snippet":"max-snippet:-1","max-image-preview":"max-image-preview:large","max-video-preview":"max-video-preview:-1"},"canonical":"https:\/\/panwinjet.com\/pt\/produto\/1500bar-high-pressure-3d-water-h3-orbiter-blasting-tank-vessels-cleaning-machine-tools\/","og_locale":"pt_PT","og_type":"article","og_title":"1500Bar High Pressure 3D Water H3 Orbiter Blasting Tank Vessels cleaning machine tools - Panwin Machinery&amp;Equipment","og_description":"Product Details of1500Bar High Pressure 3D Water H3 Orbiter Blasting Tank Vessels cleaning machine tools  The 1500Bar High Pressure 3D Water H3 Orbiter Blasting Tank Vessels cleaning machine tools\u00a0has many unrivaled advantage characteristic,following are some of the advantages: \u00a0  A:Wide range of accessories are available including cage centralizers   and extensions. Only 1\u201d or 2\u201d extensions can be used when the   H-3\u00a0Orbiter is installed in the centralizer.  B:\u00a0For pipe cleaning, the\u00a01500Bar High Pressure 3D Water H3 Orbiter Blasting Tank Vessels cleaning machine tools\u00a0can be placed in a centralizer with an optional kick plate. When installed with the centralizer, the kick plate allows for self generated forward movement with each 180\u00b0 rotation of the manifold.  &nbsp;","og_url":"https:\/\/panwinjet.com\/pt\/produto\/1500bar-high-pressure-3d-water-h3-orbiter-blasting-tank-vessels-cleaning-machine-tools\/","og_site_name":"Panwin Machinery&amp;Equipment","og_image":[{"width":1280,"height":1706,"url":"https:\/\/panwinjet.com\/wp-content\/uploads\/2025\/09\/H3-Orbiter-Blasting.jpg","type":"image\/jpeg"}],"twitter_card":"summary_large_image","twitter_misc":{"Tempo estimado de leitura":"2 minutos"},"schema":{"@context":"https:\/\/schema.org","@graph":[{"@type":"WebPage","@id":"https:\/\/panwinjet.com\/product\/1500bar-high-pressure-3d-water-h3-orbiter-blasting-tank-vessels-cleaning-machine-tools\/","url":"https:\/\/panwinjet.com\/product\/1500bar-high-pressure-3d-water-h3-orbiter-blasting-tank-vessels-cleaning-machine-tools\/","name":"1500Bar High Pressure 3D Water H3 Orbiter Blasting Tank Vessels cleaning machine tools - Panwin Machinery&amp;Equipment","isPartOf":{"@id":"https:\/\/panwinjet.com\/#website"},"primaryImageOfPage":{"@id":"https:\/\/panwinjet.com\/product\/1500bar-high-pressure-3d-water-h3-orbiter-blasting-tank-vessels-cleaning-machine-tools\/#primaryimage"},"image":{"@id":"https:\/\/panwinjet.com\/product\/1500bar-high-pressure-3d-water-h3-orbiter-blasting-tank-vessels-cleaning-machine-tools\/#primaryimage"},"thumbnailUrl":"https:\/\/panwinjet.com\/wp-content\/uploads\/2025\/09\/H3-Orbiter-Blasting.jpg","datePublished":"2025-09-18T04:07:53+00:00","breadcrumb":{"@id":"https:\/\/panwinjet.com\/product\/1500bar-high-pressure-3d-water-h3-orbiter-blasting-tank-vessels-cleaning-machine-tools\/#breadcrumb"},"inLanguage":"pt-PT","potentialAction":[{"@type":"ReadAction","target":["https:\/\/panwinjet.com\/product\/1500bar-high-pressure-3d-water-h3-orbiter-blasting-tank-vessels-cleaning-machine-tools\/"]}]},{"@type":"ImageObject","inLanguage":"pt-PT","@id":"https:\/\/panwinjet.com\/product\/1500bar-high-pressure-3d-water-h3-orbiter-blasting-tank-vessels-cleaning-machine-tools\/#primaryimage","url":"https:\/\/panwinjet.com\/wp-content\/uploads\/2025\/09\/H3-Orbiter-Blasting.jpg","contentUrl":"https:\/\/panwinjet.com\/wp-content\/uploads\/2025\/09\/H3-Orbiter-Blasting.jpg","width":1280,"height":1706},{"@type":"BreadcrumbList","@id":"https:\/\/panwinjet.com\/product\/1500bar-high-pressure-3d-water-h3-orbiter-blasting-tank-vessels-cleaning-machine-tools\/#breadcrumb","itemListElement":[{"@type":"ListItem","position":1,"name":"\u9996\u9875","item":"https:\/\/panwinjet.com\/"},{"@type":"ListItem","position":2,"name":"PRODUCT","item":"https:\/\/panwinjet.com\/product\/"},{"@type":"ListItem","position":3,"name":"1500Bar High Pressure 3D Water H3 Orbiter Blasting Tank Vessels cleaning machine tools"}]},{"@type":"WebSite","@id":"https:\/\/panwinjet.com\/#website","url":"https:\/\/panwinjet.com\/","name":"Panwin Machinery&amp;Equipment","description":"Shenzhen Panwin Machinery&amp;Equipment Co.Ltd","potentialAction":[{"@type":"SearchAction","target":{"@type":"EntryPoint","urlTemplate":"https:\/\/panwinjet.com\/?s={search_term_string}"},"query-input":{"@type":"PropertyValueSpecification","valueRequired":true,"valueName":"search_term_string"}}],"inLanguage":"pt-PT"}]}},"_links":{"self":[{"href":"https:\/\/panwinjet.com\/pt\/wp-json\/wp\/v2\/product\/535","targetHints":{"allow":["GET"]}}],"collection":[{"href":"https:\/\/panwinjet.com\/pt\/wp-json\/wp\/v2\/product"}],"about":[{"href":"https:\/\/panwinjet.com\/pt\/wp-json\/wp\/v2\/types\/product"}],"wp:featuredmedia":[{"embeddable":true,"href":"https:\/\/panwinjet.com\/pt\/wp-json\/wp\/v2\/media\/541"}],"wp:attachment":[{"href":"https:\/\/panwinjet.com\/pt\/wp-json\/wp\/v2\/media?parent=535"}],"wp:term":[{"taxonomy":"product_brand","embeddable":true,"href":"https:\/\/panwinjet.com\/pt\/wp-json\/wp\/v2\/product_brand?post=535"},{"taxonomy":"product_cat","embeddable":true,"href":"https:\/\/panwinjet.com\/pt\/wp-json\/wp\/v2\/product_cat?post=535"},{"taxonomy":"product_tag","embeddable":true,"href":"https:\/\/panwinjet.com\/pt\/wp-json\/wp\/v2\/product_tag?post=535"}],"curies":[{"name":"wp","href":"https:\/\/api.w.org\/{rel}","templated":true}]}}