{"id":529,"date":"2025-09-18T04:03:53","date_gmt":"2025-09-18T04:03:53","guid":{"rendered":"https:\/\/panwinjet.com\/?post_type=product&#038;p=529"},"modified":"2025-09-18T04:03:53","modified_gmt":"2025-09-18T04:03:53","slug":"waterjet-high-pressure-industry-reactor-tank-cleaning-3d-nozzles","status":"publish","type":"product","link":"https:\/\/panwinjet.com\/pt\/produto\/waterjet-high-pressure-industry-reactor-tank-cleaning-3d-nozzles\/","title":{"rendered":"Limpeza de tanques com jato de \u00e1gua de alta press\u00e3o, reator industrial e bicos 3D."},"content":{"rendered":"<p><strong><b>Limpeza de tanques com jato de \u00e1gua de alta press\u00e3o, reator industrial e bicos 3D. <\/b><\/strong><\/p>\n<p><strong><b>1. Introdu\u00e7\u00e3o do produto: Bicos 3D para limpeza de tanques e reatores industriais de alta press\u00e3o com jato de \u00e1gua <\/b><\/strong><\/p>\n<p>Nossos bicos 3D para limpeza de tanques e reatores industriais com jato de \u00e1gua de ultra-alta press\u00e3o s\u00e3o projetados e utilizados para a limpeza de tanques e recipientes de pequeno e m\u00e9dio porte.<\/p>\n<p>&nbsp;<\/p>\n<p>\u00c9 um equipamento de rota\u00e7\u00e3o autom\u00e1tica, acionado por jato de \u00e1gua, que cobre a superf\u00edcie interna do recipiente ou tanque em 360\u00b0. Utiliza \u00e1gua de alta press\u00e3o, at\u00e9 1500 bar, proporcionando maior economia de \u00e1gua e melhor desempenho de limpeza.<\/p>\n<p>maior efici\u00eancia de limpeza.<\/p>\n<p>N\u00e3o necessita de ingredientes qu\u00edmicos, nem de for\u00e7a mec\u00e2nica, reduz o tempo de limpeza e o custo.<\/p>\n<p>suas tarefas de limpeza.<\/p>\n<p>&nbsp;<\/p>\n<p><strong><b>2. Par\u00e2metros (especifica\u00e7\u00f5es) do produto <\/b><\/strong>Limpeza de tanques com jato de \u00e1gua de alta press\u00e3o, reator industrial e bicos 3D.<\/p>\n<p>Este jato de \u00e1gua de ultra-alta press\u00e3o com bicos 3D para limpeza de tanques industriais, como reatores ou tanques qu\u00edmicos, oferece alt\u00edssimo desempenho, com vaz\u00e3o de at\u00e9 20-150 L\/min e alcance de limpeza de at\u00e9 3 m. \u00c9 um excelente auxiliar de limpeza. Os par\u00e2metros s\u00e3o os seguintes:<\/p>\n<p>&nbsp;<\/p>\n<p>&nbsp;<\/p>\n<p>&nbsp;<\/p>\n<p><strong><b>3. Caracter\u00edsticas e aplica\u00e7\u00f5es do produto: Bicos 3D para limpeza de tanques e reatores industriais de alta press\u00e3o com jato de \u00e1gua <\/b><\/strong><\/p>\n<p>Este reator industrial de limpeza de tanques com jato de \u00e1gua de ultra-alta press\u00e3o e bicos 3D possui diversas caracter\u00edsticas avan\u00e7adas, como as seguintes:<\/p>\n<p>A: Mais economia de \u00e1gua - 10% economiza \u00e1gua em compara\u00e7\u00e3o com concorrentes.<\/p>\n<p>B: Opera\u00e7\u00e3o f\u00e1cil - Sem ingredientes qu\u00edmicos, sem for\u00e7a mec\u00e2nica.<\/p>\n<p>C: Alta efici\u00eancia: Limpeza com r\u00e1dio 3M, \u00e1rea de limpeza de 360\u00b0.<\/p>\n<p><strong><b>Aplica\u00e7\u00e3o: Limpeza de tanques e vasos de press\u00e3o com jato de \u00e1gua, limpeza de tubula\u00e7\u00f5es, limpeza de superf\u00edcies, etc.<\/b><\/strong><\/p>\n<p>&nbsp;<\/p>\n<p>&nbsp;<\/p>\n<p><strong><b>4. Detalhes do produto<\/b><\/strong><strong><b>\u00a0Limpeza de tanques com jato de \u00e1gua de alta press\u00e3o, reator industrial e bicos 3D. <\/b><\/strong><\/p>\n<p>&nbsp;<\/p>\n<p><strong><b>5. Qualifica\u00e7\u00e3o do Produto<\/b><\/strong>\u00a0Limpeza de tanques com jato de \u00e1gua de alta press\u00e3o, reator industrial e bicos 3D.<\/p>\n<p>&nbsp;<\/p>\n<p><strong><b>6. Entrega, envio e atendimento de<\/b><\/strong>\u00a0Limpeza de tanques com jato de \u00e1gua de alta press\u00e3o, reator industrial e bicos 3D.<\/p>\n<p>Para este kit de limpeza de tanques industriais com jato de \u00e1gua de alta press\u00e3o e bicos 3D, o frete n\u00e3o est\u00e1 inclu\u00eddo no pre\u00e7o e depende da forma de entrega: a\u00e9rea, mar\u00edtima ou ferrovi\u00e1ria. O valor do frete varia conforme a regi\u00e3o e n\u00e3o inclui o frete nem os custos da embalagem com estrutura de madeira.<\/p>\n<p>Iremos embalar em caixa de pl\u00e1stico resistente e cobrir com espuma espessa para evitar danos, e embalar em caixa de papel\u00e3o ou madeira compensada, conforme solicitado pelo cliente.<\/p>","protected":false},"excerpt":{"rendered":"<p>Limpeza de tanques com jato de \u00e1gua de alta press\u00e3o, reator industrial e bicos 3D.<br \/>\n1. Introdu\u00e7\u00e3o do produto: Bicos 3D para limpeza de tanques e reatores industriais de alta press\u00e3o com jato de \u00e1gua<br \/>\nNossos bicos 3D para limpeza de tanques e reatores industriais com jato de \u00e1gua de ultra-alta press\u00e3o s\u00e3o projetados e utilizados para a limpeza de tanques e recipientes de pequeno e m\u00e9dio porte.<\/p>\n<p>\u00c9 um equipamento de rota\u00e7\u00e3o autom\u00e1tica, acionado por jato de \u00e1gua, que cobre a superf\u00edcie interna do recipiente ou tanque em 360\u00b0. Utiliza \u00e1gua de alta press\u00e3o, at\u00e9 1500 bar, proporcionando maior economia de \u00e1gua e melhor desempenho de limpeza.<br \/>\nmaior efici\u00eancia de limpeza.<br \/>\nN\u00e3o necessita de ingredientes qu\u00edmicos, nem de for\u00e7a mec\u00e2nica, reduz o tempo de limpeza e o custo.<br \/>\nsuas tarefas de limpeza.<\/p>","protected":false},"featured_media":534,"template":"","meta":[],"product_brand":[],"product_cat":[8],"product_tag":[],"class_list":{"0":"post-529","1":"product","2":"type-product","3":"status-publish","4":"has-post-thumbnail","6":"product_cat-giant-tank-cleaningcutting-device","8":"first","9":"instock","10":"shipping-taxable","11":"product-type-simple"},"yoast_head":"<!-- This site is optimized with the Yoast SEO plugin v24.9 - https:\/\/yoast.com\/wordpress\/plugins\/seo\/ -->\n<title>Waterjet high pressure industry reactor Tank cleaning 3D nozzles - Panwin Machinery&amp;Equipment<\/title>\n<meta name=\"robots\" content=\"index, follow, max-snippet:-1, max-image-preview:large, max-video-preview:-1\" \/>\n<link rel=\"canonical\" href=\"https:\/\/panwinjet.com\/pt\/produto\/waterjet-high-pressure-industry-reactor-tank-cleaning-3d-nozzles\/\" \/>\n<meta property=\"og:locale\" content=\"pt_PT\" \/>\n<meta property=\"og:type\" content=\"article\" \/>\n<meta property=\"og:title\" content=\"Waterjet high pressure industry reactor Tank cleaning 3D nozzles - Panwin Machinery&amp;Equipment\" \/>\n<meta property=\"og:description\" content=\"Waterjet high pressure industry reactor Tank cleaning 3D nozzles 1.Product Introduction of Waterjet high pressure industry reactor Tank cleaning 3D nozzles Our Ultra-high pressure waterjet industry reactor Tank cleaning 3D nozzles is\u00a0designed&amp; used for\u00a0small\u00a0and\u00a0mid-size\u00a0vessel\u00a0and\u00a0tank\u00a0cleaning.  It\u00a0is\u00a0self-rotated,\u00a0driven\u00a0by\u00a0water\u00a0jetting,\u00a0covering\u00a0internal\u00a0surface\u00a0of\u00a0vessel\u00a0or\u00a0tank\u00a0in\u00a0360&quot;.\u00a0It\u00a0is high\u00a0pressure\u00a0water\u00a0cleaning,\u00a0up\u00a0to\u00a01500bar,\u00a0more\u00a0water\u00a0saving,\u00a0better\u00a0cleaning\u00a0performance\u00a0and higher\u00a0cleaning\u00a0efficiency. It\u00a0does\u00a0not\u00a0need\u00a0any\u00a0chemical\u00a0ingredient,\u00a0no-mechanical\u00a0force,\u00a0less\u00a0cleaning\u00a0time,\u00a0less\u00a0cost\u00a0for your\u00a0cleaning\u00a0jobs.\" \/>\n<meta property=\"og:url\" content=\"https:\/\/panwinjet.com\/pt\/produto\/waterjet-high-pressure-industry-reactor-tank-cleaning-3d-nozzles\/\" \/>\n<meta property=\"og:site_name\" content=\"Panwin Machinery&amp;Equipment\" \/>\n<meta property=\"og:image\" content=\"https:\/\/panwinjet.com\/wp-content\/uploads\/2025\/09\/Waterjet-high-pressure-industry-reactor-Tank-cleaning-3D-nozzles-2.jpg\" \/>\n\t<meta property=\"og:image:width\" content=\"1080\" \/>\n\t<meta property=\"og:image:height\" content=\"1440\" \/>\n\t<meta property=\"og:image:type\" content=\"image\/jpeg\" \/>\n<meta name=\"twitter:card\" content=\"summary_large_image\" \/>\n<meta name=\"twitter:label1\" content=\"Tempo estimado de leitura\" \/>\n\t<meta name=\"twitter:data1\" content=\"2 minutos\" \/>\n<script type=\"application\/ld+json\" class=\"yoast-schema-graph\">{\"@context\":\"https:\/\/schema.org\",\"@graph\":[{\"@type\":\"WebPage\",\"@id\":\"https:\/\/panwinjet.com\/product\/waterjet-high-pressure-industry-reactor-tank-cleaning-3d-nozzles\/\",\"url\":\"https:\/\/panwinjet.com\/product\/waterjet-high-pressure-industry-reactor-tank-cleaning-3d-nozzles\/\",\"name\":\"Waterjet high pressure industry reactor Tank cleaning 3D nozzles - Panwin Machinery&amp;Equipment\",\"isPartOf\":{\"@id\":\"https:\/\/panwinjet.com\/#website\"},\"primaryImageOfPage\":{\"@id\":\"https:\/\/panwinjet.com\/product\/waterjet-high-pressure-industry-reactor-tank-cleaning-3d-nozzles\/#primaryimage\"},\"image\":{\"@id\":\"https:\/\/panwinjet.com\/product\/waterjet-high-pressure-industry-reactor-tank-cleaning-3d-nozzles\/#primaryimage\"},\"thumbnailUrl\":\"https:\/\/panwinjet.com\/wp-content\/uploads\/2025\/09\/Waterjet-high-pressure-industry-reactor-Tank-cleaning-3D-nozzles-2.jpg\",\"datePublished\":\"2025-09-18T04:03:53+00:00\",\"breadcrumb\":{\"@id\":\"https:\/\/panwinjet.com\/product\/waterjet-high-pressure-industry-reactor-tank-cleaning-3d-nozzles\/#breadcrumb\"},\"inLanguage\":\"pt-PT\",\"potentialAction\":[{\"@type\":\"ReadAction\",\"target\":[\"https:\/\/panwinjet.com\/product\/waterjet-high-pressure-industry-reactor-tank-cleaning-3d-nozzles\/\"]}]},{\"@type\":\"ImageObject\",\"inLanguage\":\"pt-PT\",\"@id\":\"https:\/\/panwinjet.com\/product\/waterjet-high-pressure-industry-reactor-tank-cleaning-3d-nozzles\/#primaryimage\",\"url\":\"https:\/\/panwinjet.com\/wp-content\/uploads\/2025\/09\/Waterjet-high-pressure-industry-reactor-Tank-cleaning-3D-nozzles-2.jpg\",\"contentUrl\":\"https:\/\/panwinjet.com\/wp-content\/uploads\/2025\/09\/Waterjet-high-pressure-industry-reactor-Tank-cleaning-3D-nozzles-2.jpg\",\"width\":1080,\"height\":1440},{\"@type\":\"BreadcrumbList\",\"@id\":\"https:\/\/panwinjet.com\/product\/waterjet-high-pressure-industry-reactor-tank-cleaning-3d-nozzles\/#breadcrumb\",\"itemListElement\":[{\"@type\":\"ListItem\",\"position\":1,\"name\":\"\u9996\u9875\",\"item\":\"https:\/\/panwinjet.com\/\"},{\"@type\":\"ListItem\",\"position\":2,\"name\":\"PRODUCT\",\"item\":\"https:\/\/panwinjet.com\/product\/\"},{\"@type\":\"ListItem\",\"position\":3,\"name\":\"Waterjet high pressure industry reactor Tank cleaning 3D nozzles\"}]},{\"@type\":\"WebSite\",\"@id\":\"https:\/\/panwinjet.com\/#website\",\"url\":\"https:\/\/panwinjet.com\/\",\"name\":\"Panwin Machinery&amp;Equipment\",\"description\":\"Shenzhen Panwin Machinery&amp;Equipment Co.Ltd\",\"potentialAction\":[{\"@type\":\"SearchAction\",\"target\":{\"@type\":\"EntryPoint\",\"urlTemplate\":\"https:\/\/panwinjet.com\/?s={search_term_string}\"},\"query-input\":{\"@type\":\"PropertyValueSpecification\",\"valueRequired\":true,\"valueName\":\"search_term_string\"}}],\"inLanguage\":\"pt-PT\"}]}<\/script>\n<!-- \/ Yoast SEO plugin. -->","yoast_head_json":{"title":"Waterjet high pressure industry reactor Tank cleaning 3D nozzles - Panwin Machinery&amp;Equipment","robots":{"index":"index","follow":"follow","max-snippet":"max-snippet:-1","max-image-preview":"max-image-preview:large","max-video-preview":"max-video-preview:-1"},"canonical":"https:\/\/panwinjet.com\/pt\/produto\/waterjet-high-pressure-industry-reactor-tank-cleaning-3d-nozzles\/","og_locale":"pt_PT","og_type":"article","og_title":"Waterjet high pressure industry reactor Tank cleaning 3D nozzles - Panwin Machinery&amp;Equipment","og_description":"Waterjet high pressure industry reactor Tank cleaning 3D nozzles 1.Product Introduction of Waterjet high pressure industry reactor Tank cleaning 3D nozzles Our Ultra-high pressure waterjet industry reactor Tank cleaning 3D nozzles is\u00a0designed&amp; used for\u00a0small\u00a0and\u00a0mid-size\u00a0vessel\u00a0and\u00a0tank\u00a0cleaning.  It\u00a0is\u00a0self-rotated,\u00a0driven\u00a0by\u00a0water\u00a0jetting,\u00a0covering\u00a0internal\u00a0surface\u00a0of\u00a0vessel\u00a0or\u00a0tank\u00a0in\u00a0360\".\u00a0It\u00a0is high\u00a0pressure\u00a0water\u00a0cleaning,\u00a0up\u00a0to\u00a01500bar,\u00a0more\u00a0water\u00a0saving,\u00a0better\u00a0cleaning\u00a0performance\u00a0and higher\u00a0cleaning\u00a0efficiency. It\u00a0does\u00a0not\u00a0need\u00a0any\u00a0chemical\u00a0ingredient,\u00a0no-mechanical\u00a0force,\u00a0less\u00a0cleaning\u00a0time,\u00a0less\u00a0cost\u00a0for your\u00a0cleaning\u00a0jobs.","og_url":"https:\/\/panwinjet.com\/pt\/produto\/waterjet-high-pressure-industry-reactor-tank-cleaning-3d-nozzles\/","og_site_name":"Panwin Machinery&amp;Equipment","og_image":[{"width":1080,"height":1440,"url":"https:\/\/panwinjet.com\/wp-content\/uploads\/2025\/09\/Waterjet-high-pressure-industry-reactor-Tank-cleaning-3D-nozzles-2.jpg","type":"image\/jpeg"}],"twitter_card":"summary_large_image","twitter_misc":{"Tempo estimado de leitura":"2 minutos"},"schema":{"@context":"https:\/\/schema.org","@graph":[{"@type":"WebPage","@id":"https:\/\/panwinjet.com\/product\/waterjet-high-pressure-industry-reactor-tank-cleaning-3d-nozzles\/","url":"https:\/\/panwinjet.com\/product\/waterjet-high-pressure-industry-reactor-tank-cleaning-3d-nozzles\/","name":"Waterjet high pressure industry reactor Tank cleaning 3D nozzles - Panwin Machinery&amp;Equipment","isPartOf":{"@id":"https:\/\/panwinjet.com\/#website"},"primaryImageOfPage":{"@id":"https:\/\/panwinjet.com\/product\/waterjet-high-pressure-industry-reactor-tank-cleaning-3d-nozzles\/#primaryimage"},"image":{"@id":"https:\/\/panwinjet.com\/product\/waterjet-high-pressure-industry-reactor-tank-cleaning-3d-nozzles\/#primaryimage"},"thumbnailUrl":"https:\/\/panwinjet.com\/wp-content\/uploads\/2025\/09\/Waterjet-high-pressure-industry-reactor-Tank-cleaning-3D-nozzles-2.jpg","datePublished":"2025-09-18T04:03:53+00:00","breadcrumb":{"@id":"https:\/\/panwinjet.com\/product\/waterjet-high-pressure-industry-reactor-tank-cleaning-3d-nozzles\/#breadcrumb"},"inLanguage":"pt-PT","potentialAction":[{"@type":"ReadAction","target":["https:\/\/panwinjet.com\/product\/waterjet-high-pressure-industry-reactor-tank-cleaning-3d-nozzles\/"]}]},{"@type":"ImageObject","inLanguage":"pt-PT","@id":"https:\/\/panwinjet.com\/product\/waterjet-high-pressure-industry-reactor-tank-cleaning-3d-nozzles\/#primaryimage","url":"https:\/\/panwinjet.com\/wp-content\/uploads\/2025\/09\/Waterjet-high-pressure-industry-reactor-Tank-cleaning-3D-nozzles-2.jpg","contentUrl":"https:\/\/panwinjet.com\/wp-content\/uploads\/2025\/09\/Waterjet-high-pressure-industry-reactor-Tank-cleaning-3D-nozzles-2.jpg","width":1080,"height":1440},{"@type":"BreadcrumbList","@id":"https:\/\/panwinjet.com\/product\/waterjet-high-pressure-industry-reactor-tank-cleaning-3d-nozzles\/#breadcrumb","itemListElement":[{"@type":"ListItem","position":1,"name":"\u9996\u9875","item":"https:\/\/panwinjet.com\/"},{"@type":"ListItem","position":2,"name":"PRODUCT","item":"https:\/\/panwinjet.com\/product\/"},{"@type":"ListItem","position":3,"name":"Waterjet high pressure industry reactor Tank cleaning 3D nozzles"}]},{"@type":"WebSite","@id":"https:\/\/panwinjet.com\/#website","url":"https:\/\/panwinjet.com\/","name":"Panwin Machinery&amp;Equipment","description":"Shenzhen Panwin Machinery&amp;Equipment Co.Ltd","potentialAction":[{"@type":"SearchAction","target":{"@type":"EntryPoint","urlTemplate":"https:\/\/panwinjet.com\/?s={search_term_string}"},"query-input":{"@type":"PropertyValueSpecification","valueRequired":true,"valueName":"search_term_string"}}],"inLanguage":"pt-PT"}]}},"_links":{"self":[{"href":"https:\/\/panwinjet.com\/pt\/wp-json\/wp\/v2\/product\/529","targetHints":{"allow":["GET"]}}],"collection":[{"href":"https:\/\/panwinjet.com\/pt\/wp-json\/wp\/v2\/product"}],"about":[{"href":"https:\/\/panwinjet.com\/pt\/wp-json\/wp\/v2\/types\/product"}],"wp:featuredmedia":[{"embeddable":true,"href":"https:\/\/panwinjet.com\/pt\/wp-json\/wp\/v2\/media\/534"}],"wp:attachment":[{"href":"https:\/\/panwinjet.com\/pt\/wp-json\/wp\/v2\/media?parent=529"}],"wp:term":[{"taxonomy":"product_brand","embeddable":true,"href":"https:\/\/panwinjet.com\/pt\/wp-json\/wp\/v2\/product_brand?post=529"},{"taxonomy":"product_cat","embeddable":true,"href":"https:\/\/panwinjet.com\/pt\/wp-json\/wp\/v2\/product_cat?post=529"},{"taxonomy":"product_tag","embeddable":true,"href":"https:\/\/panwinjet.com\/pt\/wp-json\/wp\/v2\/product_tag?post=529"}],"curies":[{"name":"wp","href":"https:\/\/api.w.org\/{rel}","templated":true}]}}