{"id":2235,"date":"2026-04-16T15:07:25","date_gmt":"2026-04-16T15:07:25","guid":{"rendered":"https:\/\/panwinjet.com\/?post_type=product&#038;p=2235"},"modified":"2026-04-16T15:07:25","modified_gmt":"2026-04-16T15:07:25","slug":"china-factory-high-quality-1500bar-pressure-water-jet-cleaning-machine-4-badger-pipe-cleaning-nozzle","status":"publish","type":"product","link":"https:\/\/panwinjet.com\/pt\/produto\/china-factory-high-quality-1500bar-pressure-water-jet-cleaning-machine-4-badger-pipe-cleaning-nozzle\/","title":{"rendered":"China factory high quality 1500Bar Pressure Water Jet cleaning machine 4&#8243; Badger Pipe Cleaning Nozzle"},"content":{"rendered":"<p>N\u00f3s, da Panwin, vendemos bicos de limpeza de tubula\u00e7\u00e3o com curva de 4 polegadas para jateamento de \u00e1gua pressurizada de 20.000 psi de excelente qualidade, que possuem diversas vantagens e caracter\u00edsticas, como as seguintes:<\/p>\n<p>1: Desempenho de limpeza completo.<\/p>\n<p>Este bocal auto-rotativo para limpeza de tubula\u00e7\u00f5es hidr\u00e1ulicas foi projetado para facilitar o acesso e a limpeza de tubos de 6 polegadas com curva de 90\u00b0, e possui jatos frontais, laterais e traseiros que desobstruem bloqueios.<\/p>\n<p>O impulso serve para impulsionar a ferramenta pelo tubo, proporcionando m\u00e1xima pot\u00eancia de limpeza e m\u00ednimo desgaste.<\/p>\n<p>2: A \u00e1gua proporciona movimento de autorrota\u00e7\u00e3o, sem necessidade de \u00f3leo ou rolamentos de esferas.<\/p>\n<p>A \u00e1gua corrente proporciona o movimento rotacional e cria o rolamento sobre o qual os bicos giram. Sem necessidade de trocar \u00f3leo ou rolamentos de esferas!<\/p>\n<p>3: Inser\u00e7\u00e3o de bicos multiportas para limpeza de 360 graus.<\/p>\n<p>Equipada com duas portas frontais a 10\u00b0 e duas a 45\u00b0, duas portas radiais a 100\u00b0 e duas portas traseiras a 135\u00b0 que aceitam dois tipos de bicos dispon\u00edveis opcionalmente.<\/p>\n<p>&nbsp;<\/p>\n<p>4: Controle de velocidade, limpeza potente e m\u00ednimo desgaste.<\/p>\n<p>Ele foi projetado com um sistema de frenagem por correntes parasitas que controla a velocidade de rota\u00e7\u00e3o para obter o m\u00e1ximo poder de limpeza e o m\u00ednimo desgaste.<\/p>\n<p>&nbsp;<\/p>\n<p>5: Servi\u00e7o f\u00e1cil.<\/p>\n<p>Totalmente repar\u00e1vel em campo em menos de 5 minutos!<\/p>","protected":false},"excerpt":{"rendered":"<p><strong><b>The 22<\/b><\/strong><strong><b>kpsi pressur water jet cleaning machine <\/b><\/strong><strong><b>4 &#8221; Badger bend pipe cleaning nozzle is a self-rotating nozzle<\/b><\/strong><strong><b>\u00a0<\/b><\/strong><strong><b>Para facilitar o acesso e a limpeza, fa\u00e7a uma curva de 90\u00b0 em um tubo de 4 polegadas.<\/b><\/strong><strong><b>Possui jatos frontais, laterais e traseiros que desobstruem bloqueios. \u00c9 uma ferramenta poderosa para limpeza de tubula\u00e7\u00f5es, ideal para tarefas dif\u00edceis em campos petrol\u00edferos, limpeza de tubula\u00e7\u00f5es qu\u00edmicas, etc.<\/b><\/strong><\/p>","protected":false},"featured_media":2239,"template":"","meta":[],"product_brand":[],"product_cat":[10,3,4,5],"product_tag":[200,198,199],"class_list":{"0":"post-2235","1":"product","2":"type-product","3":"status-publish","4":"has-post-thumbnail","6":"product_cat-pipeline-tube-uhp-water-blasting-cleaning-device","7":"product_cat-sapphire-nozzles","8":"product_cat-uhp-blasting-hand-air-gun","9":"product_cat-uhp-rotating-nozzles","10":"product_tag-1500bar-pipe-cleaning-nozzle","11":"product_tag-4-badger-rotary-nozzles","12":"product_tag-4-badger-sapphire-1-8-npt-nozzles-tip","14":"first","15":"instock","16":"shipping-taxable","17":"product-type-simple"},"yoast_head":"<!-- This site is optimized with the Yoast SEO plugin v24.9 - https:\/\/yoast.com\/wordpress\/plugins\/seo\/ -->\n<title>China factory high quality 1500Bar Pressure Water Jet cleaning machine 4&quot; Badger Pipe Cleaning Nozzle - Panwin Machinery&amp;Equipment<\/title>\n<meta name=\"robots\" content=\"index, follow, max-snippet:-1, max-image-preview:large, max-video-preview:-1\" \/>\n<link rel=\"canonical\" href=\"https:\/\/panwinjet.com\/pt\/produto\/china-factory-high-quality-1500bar-pressure-water-jet-cleaning-machine-4-badger-pipe-cleaning-nozzle\/\" \/>\n<meta property=\"og:locale\" content=\"pt_PT\" \/>\n<meta property=\"og:type\" content=\"article\" \/>\n<meta property=\"og:title\" content=\"China factory high quality 1500Bar Pressure Water Jet cleaning machine 4&quot; Badger Pipe Cleaning Nozzle - Panwin Machinery&amp;Equipment\" \/>\n<meta property=\"og:description\" content=\"The 22kpsi pressur water jet cleaning machine 4 &quot; Badger bend pipe cleaning nozzle is a self-rotating nozzle\u00a0for easy access and cleaning wash bend 90\u00b04 inch pipe, It has front, side, and rear jets that clear blockages. It is powerful pipe cleaning tool for tough tasks in Oil field, chemical pipe cleaning etc.\" \/>\n<meta property=\"og:url\" content=\"https:\/\/panwinjet.com\/pt\/produto\/china-factory-high-quality-1500bar-pressure-water-jet-cleaning-machine-4-badger-pipe-cleaning-nozzle\/\" \/>\n<meta property=\"og:site_name\" content=\"Panwin Machinery&amp;Equipment\" \/>\n<meta property=\"og:image\" content=\"https:\/\/panwinjet.com\/wp-content\/uploads\/2026\/04\/4\u5bf8\u704c\u732a\u5b9d\u77f37-scaled.jpg\" \/>\n\t<meta property=\"og:image:width\" content=\"2560\" \/>\n\t<meta property=\"og:image:height\" content=\"1152\" \/>\n\t<meta property=\"og:image:type\" content=\"image\/jpeg\" \/>\n<meta name=\"twitter:card\" content=\"summary_large_image\" \/>\n<meta name=\"twitter:label1\" content=\"Tempo estimado de leitura\" \/>\n\t<meta name=\"twitter:data1\" content=\"1 minuto\" \/>\n<script type=\"application\/ld+json\" class=\"yoast-schema-graph\">{\"@context\":\"https:\/\/schema.org\",\"@graph\":[{\"@type\":\"WebPage\",\"@id\":\"https:\/\/panwinjet.com\/product\/china-factory-high-quality-1500bar-pressure-water-jet-cleaning-machine-4-badger-pipe-cleaning-nozzle\/\",\"url\":\"https:\/\/panwinjet.com\/product\/china-factory-high-quality-1500bar-pressure-water-jet-cleaning-machine-4-badger-pipe-cleaning-nozzle\/\",\"name\":\"China factory high quality 1500Bar Pressure Water Jet cleaning machine 4\\\" Badger Pipe Cleaning Nozzle - Panwin Machinery&amp;Equipment\",\"isPartOf\":{\"@id\":\"https:\/\/panwinjet.com\/#website\"},\"primaryImageOfPage\":{\"@id\":\"https:\/\/panwinjet.com\/product\/china-factory-high-quality-1500bar-pressure-water-jet-cleaning-machine-4-badger-pipe-cleaning-nozzle\/#primaryimage\"},\"image\":{\"@id\":\"https:\/\/panwinjet.com\/product\/china-factory-high-quality-1500bar-pressure-water-jet-cleaning-machine-4-badger-pipe-cleaning-nozzle\/#primaryimage\"},\"thumbnailUrl\":\"https:\/\/panwinjet.com\/wp-content\/uploads\/2026\/04\/4\u5bf8\u704c\u732a\u5b9d\u77f37-scaled.jpg\",\"datePublished\":\"2026-04-16T15:07:25+00:00\",\"breadcrumb\":{\"@id\":\"https:\/\/panwinjet.com\/product\/china-factory-high-quality-1500bar-pressure-water-jet-cleaning-machine-4-badger-pipe-cleaning-nozzle\/#breadcrumb\"},\"inLanguage\":\"pt-PT\",\"potentialAction\":[{\"@type\":\"ReadAction\",\"target\":[\"https:\/\/panwinjet.com\/product\/china-factory-high-quality-1500bar-pressure-water-jet-cleaning-machine-4-badger-pipe-cleaning-nozzle\/\"]}]},{\"@type\":\"ImageObject\",\"inLanguage\":\"pt-PT\",\"@id\":\"https:\/\/panwinjet.com\/product\/china-factory-high-quality-1500bar-pressure-water-jet-cleaning-machine-4-badger-pipe-cleaning-nozzle\/#primaryimage\",\"url\":\"https:\/\/panwinjet.com\/wp-content\/uploads\/2026\/04\/4\u5bf8\u704c\u732a\u5b9d\u77f37-scaled.jpg\",\"contentUrl\":\"https:\/\/panwinjet.com\/wp-content\/uploads\/2026\/04\/4\u5bf8\u704c\u732a\u5b9d\u77f37-scaled.jpg\",\"width\":2560,\"height\":1152},{\"@type\":\"BreadcrumbList\",\"@id\":\"https:\/\/panwinjet.com\/product\/china-factory-high-quality-1500bar-pressure-water-jet-cleaning-machine-4-badger-pipe-cleaning-nozzle\/#breadcrumb\",\"itemListElement\":[{\"@type\":\"ListItem\",\"position\":1,\"name\":\"\u9996\u9875\",\"item\":\"https:\/\/panwinjet.com\/\"},{\"@type\":\"ListItem\",\"position\":2,\"name\":\"PRODUCT\",\"item\":\"https:\/\/panwinjet.com\/product\/\"},{\"@type\":\"ListItem\",\"position\":3,\"name\":\"China factory high quality 1500Bar Pressure Water Jet cleaning machine 4&#8243; Badger Pipe Cleaning Nozzle\"}]},{\"@type\":\"WebSite\",\"@id\":\"https:\/\/panwinjet.com\/#website\",\"url\":\"https:\/\/panwinjet.com\/\",\"name\":\"Panwin Machinery&amp;Equipment\",\"description\":\"Shenzhen Panwin Machinery&amp;Equipment Co.Ltd\",\"potentialAction\":[{\"@type\":\"SearchAction\",\"target\":{\"@type\":\"EntryPoint\",\"urlTemplate\":\"https:\/\/panwinjet.com\/?s={search_term_string}\"},\"query-input\":{\"@type\":\"PropertyValueSpecification\",\"valueRequired\":true,\"valueName\":\"search_term_string\"}}],\"inLanguage\":\"pt-PT\"}]}<\/script>\n<!-- \/ Yoast SEO plugin. -->","yoast_head_json":{"title":"China factory high quality 1500Bar Pressure Water Jet cleaning machine 4\" Badger Pipe Cleaning Nozzle - Panwin Machinery&amp;Equipment","robots":{"index":"index","follow":"follow","max-snippet":"max-snippet:-1","max-image-preview":"max-image-preview:large","max-video-preview":"max-video-preview:-1"},"canonical":"https:\/\/panwinjet.com\/pt\/produto\/china-factory-high-quality-1500bar-pressure-water-jet-cleaning-machine-4-badger-pipe-cleaning-nozzle\/","og_locale":"pt_PT","og_type":"article","og_title":"China factory high quality 1500Bar Pressure Water Jet cleaning machine 4\" Badger Pipe Cleaning Nozzle - Panwin Machinery&amp;Equipment","og_description":"The 22kpsi pressur water jet cleaning machine 4 \" Badger bend pipe cleaning nozzle is a self-rotating nozzle\u00a0for easy access and cleaning wash bend 90\u00b04 inch pipe, It has front, side, and rear jets that clear blockages. It is powerful pipe cleaning tool for tough tasks in Oil field, chemical pipe cleaning etc.","og_url":"https:\/\/panwinjet.com\/pt\/produto\/china-factory-high-quality-1500bar-pressure-water-jet-cleaning-machine-4-badger-pipe-cleaning-nozzle\/","og_site_name":"Panwin Machinery&amp;Equipment","og_image":[{"width":2560,"height":1152,"url":"https:\/\/panwinjet.com\/wp-content\/uploads\/2026\/04\/4\u5bf8\u704c\u732a\u5b9d\u77f37-scaled.jpg","type":"image\/jpeg"}],"twitter_card":"summary_large_image","twitter_misc":{"Tempo estimado de leitura":"1 minuto"},"schema":{"@context":"https:\/\/schema.org","@graph":[{"@type":"WebPage","@id":"https:\/\/panwinjet.com\/product\/china-factory-high-quality-1500bar-pressure-water-jet-cleaning-machine-4-badger-pipe-cleaning-nozzle\/","url":"https:\/\/panwinjet.com\/product\/china-factory-high-quality-1500bar-pressure-water-jet-cleaning-machine-4-badger-pipe-cleaning-nozzle\/","name":"China factory high quality 1500Bar Pressure Water Jet cleaning machine 4\" Badger Pipe Cleaning Nozzle - Panwin Machinery&amp;Equipment","isPartOf":{"@id":"https:\/\/panwinjet.com\/#website"},"primaryImageOfPage":{"@id":"https:\/\/panwinjet.com\/product\/china-factory-high-quality-1500bar-pressure-water-jet-cleaning-machine-4-badger-pipe-cleaning-nozzle\/#primaryimage"},"image":{"@id":"https:\/\/panwinjet.com\/product\/china-factory-high-quality-1500bar-pressure-water-jet-cleaning-machine-4-badger-pipe-cleaning-nozzle\/#primaryimage"},"thumbnailUrl":"https:\/\/panwinjet.com\/wp-content\/uploads\/2026\/04\/4\u5bf8\u704c\u732a\u5b9d\u77f37-scaled.jpg","datePublished":"2026-04-16T15:07:25+00:00","breadcrumb":{"@id":"https:\/\/panwinjet.com\/product\/china-factory-high-quality-1500bar-pressure-water-jet-cleaning-machine-4-badger-pipe-cleaning-nozzle\/#breadcrumb"},"inLanguage":"pt-PT","potentialAction":[{"@type":"ReadAction","target":["https:\/\/panwinjet.com\/product\/china-factory-high-quality-1500bar-pressure-water-jet-cleaning-machine-4-badger-pipe-cleaning-nozzle\/"]}]},{"@type":"ImageObject","inLanguage":"pt-PT","@id":"https:\/\/panwinjet.com\/product\/china-factory-high-quality-1500bar-pressure-water-jet-cleaning-machine-4-badger-pipe-cleaning-nozzle\/#primaryimage","url":"https:\/\/panwinjet.com\/wp-content\/uploads\/2026\/04\/4\u5bf8\u704c\u732a\u5b9d\u77f37-scaled.jpg","contentUrl":"https:\/\/panwinjet.com\/wp-content\/uploads\/2026\/04\/4\u5bf8\u704c\u732a\u5b9d\u77f37-scaled.jpg","width":2560,"height":1152},{"@type":"BreadcrumbList","@id":"https:\/\/panwinjet.com\/product\/china-factory-high-quality-1500bar-pressure-water-jet-cleaning-machine-4-badger-pipe-cleaning-nozzle\/#breadcrumb","itemListElement":[{"@type":"ListItem","position":1,"name":"\u9996\u9875","item":"https:\/\/panwinjet.com\/"},{"@type":"ListItem","position":2,"name":"PRODUCT","item":"https:\/\/panwinjet.com\/product\/"},{"@type":"ListItem","position":3,"name":"China factory high quality 1500Bar Pressure Water Jet cleaning machine 4&#8243; Badger Pipe Cleaning Nozzle"}]},{"@type":"WebSite","@id":"https:\/\/panwinjet.com\/#website","url":"https:\/\/panwinjet.com\/","name":"Panwin Machinery&amp;Equipment","description":"Shenzhen Panwin Machinery&amp;Equipment Co.Ltd","potentialAction":[{"@type":"SearchAction","target":{"@type":"EntryPoint","urlTemplate":"https:\/\/panwinjet.com\/?s={search_term_string}"},"query-input":{"@type":"PropertyValueSpecification","valueRequired":true,"valueName":"search_term_string"}}],"inLanguage":"pt-PT"}]}},"_links":{"self":[{"href":"https:\/\/panwinjet.com\/pt\/wp-json\/wp\/v2\/product\/2235","targetHints":{"allow":["GET"]}}],"collection":[{"href":"https:\/\/panwinjet.com\/pt\/wp-json\/wp\/v2\/product"}],"about":[{"href":"https:\/\/panwinjet.com\/pt\/wp-json\/wp\/v2\/types\/product"}],"wp:featuredmedia":[{"embeddable":true,"href":"https:\/\/panwinjet.com\/pt\/wp-json\/wp\/v2\/media\/2239"}],"wp:attachment":[{"href":"https:\/\/panwinjet.com\/pt\/wp-json\/wp\/v2\/media?parent=2235"}],"wp:term":[{"taxonomy":"product_brand","embeddable":true,"href":"https:\/\/panwinjet.com\/pt\/wp-json\/wp\/v2\/product_brand?post=2235"},{"taxonomy":"product_cat","embeddable":true,"href":"https:\/\/panwinjet.com\/pt\/wp-json\/wp\/v2\/product_cat?post=2235"},{"taxonomy":"product_tag","embeddable":true,"href":"https:\/\/panwinjet.com\/pt\/wp-json\/wp\/v2\/product_tag?post=2235"}],"curies":[{"name":"wp","href":"https:\/\/api.w.org\/{rel}","templated":true}]}}