{"id":2177,"date":"2026-04-06T08:33:20","date_gmt":"2026-04-06T08:33:20","guid":{"rendered":"https:\/\/panwinjet.com\/?post_type=product&#038;p=2177"},"modified":"2026-04-06T08:33:21","modified_gmt":"2026-04-06T08:33:21","slug":"uhp-1000bar-water-blasting-machine-cleaning-rotary-nozzles-for-monro-mvt-nozzles-f1-driving-tube-10372-0-8","status":"publish","type":"product","link":"https:\/\/panwinjet.com\/pt\/produto\/uhp-1000bar-water-blasting-machine-cleaning-rotary-nozzles-for-monro-mvt-nozzles-f1-driving-tube-10372-0-8\/","title":{"rendered":"UHP 1000Bar water blasting machine Cleaning Rotary Nozzles for Monro MVT nozzles F1 driving Tube-10372 0.8"},"content":{"rendered":"<p>Este equipamento de limpeza com jato de \u00e1gua UHP 1000Bar, incluindo o bico rotativo Monro MVT F1, para tratamento de superf\u00edcies e drenagem, \u00e9 amplamente utilizado em limpeza industrial e remo\u00e7\u00e3o de tinta, entre outras aplica\u00e7\u00f5es:<br \/>\nJateamento a jato de \u00e1gua para a ind\u00fastria de ferro, a\u00e7o e metal<br \/>\nJateadora de \u00e1gua de alta press\u00e3o - Engenharia Mec\u00e2nica e de Aparelhos<br \/>\nInd\u00fastria de cimento e concreto<br \/>\nBarracuda de alta press\u00e3o Limpeza de superf\u00edcie<br \/>\nPe\u00e7as para equipamentos de limpeza UHP Hydro Jet<br \/>\nBarras de pulveriza\u00e7\u00e3o para limpeza industrial<br \/>\nM\u00e1quina de hidrojateamento para a ind\u00fastria de refino de petr\u00f3leo<br \/>\nLimpeza de superf\u00edcies com hidrojato, limpeza de tanques e embarca\u00e7\u00f5es,<br \/>\nLimpeza do trocador de calor,<br \/>\nLimpeza de pintura automotiva, limpeza da ind\u00fastria de minera\u00e7\u00e3o, limpeza de f\u00e1bricas de a\u00e7o, etc.<br \/>\nEquipamento de limpeza de esgoto de alta press\u00e3o para redes de tubula\u00e7\u00e3o municipais de abastecimento de \u00e1gua e esgoto;<br \/>\nTamb\u00e9m em<br \/>\nLimpeza e remo\u00e7\u00e3o de rebarbas de pe\u00e7as fundidas<br \/>\nRemo\u00e7\u00e3o de revestimentos superficiais<br \/>\nImplanta\u00e7\u00e3o offshore<br \/>\nConstru\u00e7\u00e3o naval<br \/>\nDemoli\u00e7\u00e3o de concreto<br \/>\nRemo\u00e7\u00e3o de camadas de betume<br \/>\nRemo\u00e7\u00e3o de tinta<\/p>","protected":false},"excerpt":{"rendered":"<p>Bicos rotativos para tratamento e limpeza de superf\u00edcies. Os bicos MONRO combinam a alta pot\u00eancia do jato concentrado com a ampla \u00e1rea de cobertura do jato plano.<\/p>\n<p>Podem ser utilizadas com todas as conex\u00f5es de alta press\u00e3o aprovadas e montadas em lan\u00e7as. O modelo F2 suporta press\u00f5es de at\u00e9 1000 bar e est\u00e1 dispon\u00edvel em cinco tipos diferentes de rosca. Gra\u00e7as ao seu design compacto, estes bicos de hidrojateamento UHP com press\u00e3o de at\u00e9 1000 bar podem ser utilizados tanto na constru\u00e7\u00e3o civil quanto em obras de engenharia civil para tratamento e limpeza de superf\u00edcies.<\/p>","protected":false},"featured_media":2184,"template":"","meta":[],"product_brand":[],"product_cat":[8,10,11,5],"product_tag":[179,178],"class_list":{"0":"post-2177","1":"product","2":"type-product","3":"status-publish","4":"has-post-thumbnail","6":"product_cat-giant-tank-cleaningcutting-device","7":"product_cat-pipeline-tube-uhp-water-blasting-cleaning-device","8":"product_cat-ship-cleaning-device","9":"product_cat-uhp-rotating-nozzles","10":"product_tag-mvt-nozzles-f1-driving-tube-0-8mm","11":"product_tag-uhp-1000bar-water-blasting-machine-cleaning-rotary-nozzles","13":"first","14":"instock","15":"shipping-taxable","16":"product-type-simple"},"yoast_head":"<!-- This site is optimized with the Yoast SEO plugin v24.9 - https:\/\/yoast.com\/wordpress\/plugins\/seo\/ -->\n<title>UHP 1000Bar water blasting machine Cleaning Rotary Nozzles for Monro MVT nozzles F1 driving Tube-10372 0.8 - Panwin Machinery&amp;Equipment<\/title>\n<meta name=\"robots\" content=\"index, follow, max-snippet:-1, max-image-preview:large, max-video-preview:-1\" \/>\n<link rel=\"canonical\" href=\"https:\/\/panwinjet.com\/pt\/produto\/uhp-1000bar-water-blasting-machine-cleaning-rotary-nozzles-for-monro-mvt-nozzles-f1-driving-tube-10372-0-8\/\" \/>\n<meta property=\"og:locale\" content=\"pt_PT\" \/>\n<meta property=\"og:type\" content=\"article\" \/>\n<meta property=\"og:title\" content=\"UHP 1000Bar water blasting machine Cleaning Rotary Nozzles for Monro MVT nozzles F1 driving Tube-10372 0.8 - Panwin Machinery&amp;Equipment\" \/>\n<meta property=\"og:description\" content=\"Surface Treatment and Cleaning Rotary Nozzles For MONRO nozzles combine the high power of the point jet with the large area output of the flat jet.  They can be used with all approved high-pressure fittings and mounted on lances. The model F2 can be used up to an operating pressure of 1000 bar, and five different connection thread types are available. Due to their compact design, This UHP Hydro-Blasting Pressure Rate up to 1000Bar nozzles can be used both in building construction and in civil engineering for surface treatment and cleaning.\" \/>\n<meta property=\"og:url\" content=\"https:\/\/panwinjet.com\/pt\/produto\/uhp-1000bar-water-blasting-machine-cleaning-rotary-nozzles-for-monro-mvt-nozzles-f1-driving-tube-10372-0-8\/\" \/>\n<meta property=\"og:site_name\" content=\"Panwin Machinery&amp;Equipment\" \/>\n<meta property=\"article:modified_time\" content=\"2026-04-06T08:33:21+00:00\" \/>\n<meta property=\"og:image\" content=\"https:\/\/panwinjet.com\/wp-content\/uploads\/2026\/04\/0.8-8-scaled.jpg\" \/>\n\t<meta property=\"og:image:width\" content=\"1152\" \/>\n\t<meta property=\"og:image:height\" content=\"2560\" \/>\n\t<meta property=\"og:image:type\" content=\"image\/jpeg\" \/>\n<meta name=\"twitter:card\" content=\"summary_large_image\" \/>\n<meta name=\"twitter:label1\" content=\"Tempo estimado de leitura\" \/>\n\t<meta name=\"twitter:data1\" content=\"1 minuto\" \/>\n<script type=\"application\/ld+json\" class=\"yoast-schema-graph\">{\"@context\":\"https:\/\/schema.org\",\"@graph\":[{\"@type\":\"WebPage\",\"@id\":\"https:\/\/panwinjet.com\/product\/uhp-1000bar-water-blasting-machine-cleaning-rotary-nozzles-for-monro-mvt-nozzles-f1-driving-tube-10372-0-8\/\",\"url\":\"https:\/\/panwinjet.com\/product\/uhp-1000bar-water-blasting-machine-cleaning-rotary-nozzles-for-monro-mvt-nozzles-f1-driving-tube-10372-0-8\/\",\"name\":\"UHP 1000Bar water blasting machine Cleaning Rotary Nozzles for Monro MVT nozzles F1 driving Tube-10372 0.8 - Panwin Machinery&amp;Equipment\",\"isPartOf\":{\"@id\":\"https:\/\/panwinjet.com\/#website\"},\"primaryImageOfPage\":{\"@id\":\"https:\/\/panwinjet.com\/product\/uhp-1000bar-water-blasting-machine-cleaning-rotary-nozzles-for-monro-mvt-nozzles-f1-driving-tube-10372-0-8\/#primaryimage\"},\"image\":{\"@id\":\"https:\/\/panwinjet.com\/product\/uhp-1000bar-water-blasting-machine-cleaning-rotary-nozzles-for-monro-mvt-nozzles-f1-driving-tube-10372-0-8\/#primaryimage\"},\"thumbnailUrl\":\"https:\/\/panwinjet.com\/wp-content\/uploads\/2026\/04\/0.8-8-scaled.jpg\",\"datePublished\":\"2026-04-06T08:33:20+00:00\",\"dateModified\":\"2026-04-06T08:33:21+00:00\",\"breadcrumb\":{\"@id\":\"https:\/\/panwinjet.com\/product\/uhp-1000bar-water-blasting-machine-cleaning-rotary-nozzles-for-monro-mvt-nozzles-f1-driving-tube-10372-0-8\/#breadcrumb\"},\"inLanguage\":\"pt-PT\",\"potentialAction\":[{\"@type\":\"ReadAction\",\"target\":[\"https:\/\/panwinjet.com\/product\/uhp-1000bar-water-blasting-machine-cleaning-rotary-nozzles-for-monro-mvt-nozzles-f1-driving-tube-10372-0-8\/\"]}]},{\"@type\":\"ImageObject\",\"inLanguage\":\"pt-PT\",\"@id\":\"https:\/\/panwinjet.com\/product\/uhp-1000bar-water-blasting-machine-cleaning-rotary-nozzles-for-monro-mvt-nozzles-f1-driving-tube-10372-0-8\/#primaryimage\",\"url\":\"https:\/\/panwinjet.com\/wp-content\/uploads\/2026\/04\/0.8-8-scaled.jpg\",\"contentUrl\":\"https:\/\/panwinjet.com\/wp-content\/uploads\/2026\/04\/0.8-8-scaled.jpg\",\"width\":1152,\"height\":2560},{\"@type\":\"BreadcrumbList\",\"@id\":\"https:\/\/panwinjet.com\/product\/uhp-1000bar-water-blasting-machine-cleaning-rotary-nozzles-for-monro-mvt-nozzles-f1-driving-tube-10372-0-8\/#breadcrumb\",\"itemListElement\":[{\"@type\":\"ListItem\",\"position\":1,\"name\":\"\u9996\u9875\",\"item\":\"https:\/\/panwinjet.com\/\"},{\"@type\":\"ListItem\",\"position\":2,\"name\":\"PRODUCT\",\"item\":\"https:\/\/panwinjet.com\/product\/\"},{\"@type\":\"ListItem\",\"position\":3,\"name\":\"UHP 1000Bar water blasting machine Cleaning Rotary Nozzles for Monro MVT nozzles F1 driving Tube-10372 0.8\"}]},{\"@type\":\"WebSite\",\"@id\":\"https:\/\/panwinjet.com\/#website\",\"url\":\"https:\/\/panwinjet.com\/\",\"name\":\"Panwin Machinery&amp;Equipment\",\"description\":\"Shenzhen Panwin Machinery&amp;Equipment Co.Ltd\",\"potentialAction\":[{\"@type\":\"SearchAction\",\"target\":{\"@type\":\"EntryPoint\",\"urlTemplate\":\"https:\/\/panwinjet.com\/?s={search_term_string}\"},\"query-input\":{\"@type\":\"PropertyValueSpecification\",\"valueRequired\":true,\"valueName\":\"search_term_string\"}}],\"inLanguage\":\"pt-PT\"}]}<\/script>\n<!-- \/ Yoast SEO plugin. -->","yoast_head_json":{"title":"UHP 1000Bar water blasting machine Cleaning Rotary Nozzles for Monro MVT nozzles F1 driving Tube-10372 0.8 - Panwin Machinery&amp;Equipment","robots":{"index":"index","follow":"follow","max-snippet":"max-snippet:-1","max-image-preview":"max-image-preview:large","max-video-preview":"max-video-preview:-1"},"canonical":"https:\/\/panwinjet.com\/pt\/produto\/uhp-1000bar-water-blasting-machine-cleaning-rotary-nozzles-for-monro-mvt-nozzles-f1-driving-tube-10372-0-8\/","og_locale":"pt_PT","og_type":"article","og_title":"UHP 1000Bar water blasting machine Cleaning Rotary Nozzles for Monro MVT nozzles F1 driving Tube-10372 0.8 - Panwin Machinery&amp;Equipment","og_description":"Surface Treatment and Cleaning Rotary Nozzles For MONRO nozzles combine the high power of the point jet with the large area output of the flat jet.  They can be used with all approved high-pressure fittings and mounted on lances. The model F2 can be used up to an operating pressure of 1000 bar, and five different connection thread types are available. Due to their compact design, This UHP Hydro-Blasting Pressure Rate up to 1000Bar nozzles can be used both in building construction and in civil engineering for surface treatment and cleaning.","og_url":"https:\/\/panwinjet.com\/pt\/produto\/uhp-1000bar-water-blasting-machine-cleaning-rotary-nozzles-for-monro-mvt-nozzles-f1-driving-tube-10372-0-8\/","og_site_name":"Panwin Machinery&amp;Equipment","article_modified_time":"2026-04-06T08:33:21+00:00","og_image":[{"width":1152,"height":2560,"url":"https:\/\/panwinjet.com\/wp-content\/uploads\/2026\/04\/0.8-8-scaled.jpg","type":"image\/jpeg"}],"twitter_card":"summary_large_image","twitter_misc":{"Tempo estimado de leitura":"1 minuto"},"schema":{"@context":"https:\/\/schema.org","@graph":[{"@type":"WebPage","@id":"https:\/\/panwinjet.com\/product\/uhp-1000bar-water-blasting-machine-cleaning-rotary-nozzles-for-monro-mvt-nozzles-f1-driving-tube-10372-0-8\/","url":"https:\/\/panwinjet.com\/product\/uhp-1000bar-water-blasting-machine-cleaning-rotary-nozzles-for-monro-mvt-nozzles-f1-driving-tube-10372-0-8\/","name":"UHP 1000Bar water blasting machine Cleaning Rotary Nozzles for Monro MVT nozzles F1 driving Tube-10372 0.8 - Panwin Machinery&amp;Equipment","isPartOf":{"@id":"https:\/\/panwinjet.com\/#website"},"primaryImageOfPage":{"@id":"https:\/\/panwinjet.com\/product\/uhp-1000bar-water-blasting-machine-cleaning-rotary-nozzles-for-monro-mvt-nozzles-f1-driving-tube-10372-0-8\/#primaryimage"},"image":{"@id":"https:\/\/panwinjet.com\/product\/uhp-1000bar-water-blasting-machine-cleaning-rotary-nozzles-for-monro-mvt-nozzles-f1-driving-tube-10372-0-8\/#primaryimage"},"thumbnailUrl":"https:\/\/panwinjet.com\/wp-content\/uploads\/2026\/04\/0.8-8-scaled.jpg","datePublished":"2026-04-06T08:33:20+00:00","dateModified":"2026-04-06T08:33:21+00:00","breadcrumb":{"@id":"https:\/\/panwinjet.com\/product\/uhp-1000bar-water-blasting-machine-cleaning-rotary-nozzles-for-monro-mvt-nozzles-f1-driving-tube-10372-0-8\/#breadcrumb"},"inLanguage":"pt-PT","potentialAction":[{"@type":"ReadAction","target":["https:\/\/panwinjet.com\/product\/uhp-1000bar-water-blasting-machine-cleaning-rotary-nozzles-for-monro-mvt-nozzles-f1-driving-tube-10372-0-8\/"]}]},{"@type":"ImageObject","inLanguage":"pt-PT","@id":"https:\/\/panwinjet.com\/product\/uhp-1000bar-water-blasting-machine-cleaning-rotary-nozzles-for-monro-mvt-nozzles-f1-driving-tube-10372-0-8\/#primaryimage","url":"https:\/\/panwinjet.com\/wp-content\/uploads\/2026\/04\/0.8-8-scaled.jpg","contentUrl":"https:\/\/panwinjet.com\/wp-content\/uploads\/2026\/04\/0.8-8-scaled.jpg","width":1152,"height":2560},{"@type":"BreadcrumbList","@id":"https:\/\/panwinjet.com\/product\/uhp-1000bar-water-blasting-machine-cleaning-rotary-nozzles-for-monro-mvt-nozzles-f1-driving-tube-10372-0-8\/#breadcrumb","itemListElement":[{"@type":"ListItem","position":1,"name":"\u9996\u9875","item":"https:\/\/panwinjet.com\/"},{"@type":"ListItem","position":2,"name":"PRODUCT","item":"https:\/\/panwinjet.com\/product\/"},{"@type":"ListItem","position":3,"name":"UHP 1000Bar water blasting machine Cleaning Rotary Nozzles for Monro MVT nozzles F1 driving Tube-10372 0.8"}]},{"@type":"WebSite","@id":"https:\/\/panwinjet.com\/#website","url":"https:\/\/panwinjet.com\/","name":"Panwin Machinery&amp;Equipment","description":"Shenzhen Panwin Machinery&amp;Equipment Co.Ltd","potentialAction":[{"@type":"SearchAction","target":{"@type":"EntryPoint","urlTemplate":"https:\/\/panwinjet.com\/?s={search_term_string}"},"query-input":{"@type":"PropertyValueSpecification","valueRequired":true,"valueName":"search_term_string"}}],"inLanguage":"pt-PT"}]}},"_links":{"self":[{"href":"https:\/\/panwinjet.com\/pt\/wp-json\/wp\/v2\/product\/2177","targetHints":{"allow":["GET"]}}],"collection":[{"href":"https:\/\/panwinjet.com\/pt\/wp-json\/wp\/v2\/product"}],"about":[{"href":"https:\/\/panwinjet.com\/pt\/wp-json\/wp\/v2\/types\/product"}],"wp:featuredmedia":[{"embeddable":true,"href":"https:\/\/panwinjet.com\/pt\/wp-json\/wp\/v2\/media\/2184"}],"wp:attachment":[{"href":"https:\/\/panwinjet.com\/pt\/wp-json\/wp\/v2\/media?parent=2177"}],"wp:term":[{"taxonomy":"product_brand","embeddable":true,"href":"https:\/\/panwinjet.com\/pt\/wp-json\/wp\/v2\/product_brand?post=2177"},{"taxonomy":"product_cat","embeddable":true,"href":"https:\/\/panwinjet.com\/pt\/wp-json\/wp\/v2\/product_cat?post=2177"},{"taxonomy":"product_tag","embeddable":true,"href":"https:\/\/panwinjet.com\/pt\/wp-json\/wp\/v2\/product_tag?post=2177"}],"curies":[{"name":"wp","href":"https:\/\/api.w.org\/{rel}","templated":true}]}}