{"id":2163,"date":"2026-04-06T01:14:36","date_gmt":"2026-04-06T01:14:36","guid":{"rendered":"https:\/\/panwinjet.com\/?post_type=product&#038;p=2163"},"modified":"2026-04-06T01:14:36","modified_gmt":"2026-04-06T01:14:36","slug":"uhp-1000bar-hydro-jetting-surface-perpetration-flat-jet-cleaning-rotary-for-802-3501-monro-jet-style-mvt-f2","status":"publish","type":"product","link":"https:\/\/panwinjet.com\/pt\/produto\/uhp-1000bar-hydro-jetting-surface-perpetration-flat-jet-cleaning-rotary-for-802-3501-monro-jet-style-mvt-f2\/","title":{"rendered":"UHP 1000Bar Hydro-Jetting Surface Perpetration Flat Jet cleaning Rotary for 802-3501 monro Jet Style MVT F2"},"content":{"rendered":"<p><em><i>The 1000Bar <\/i><\/em><em><i>Pressure Water Jet Blasting Paint Removal cleaning Rotary Flat Jet for monro MVT F<\/i><\/em><em><i>2<\/i><\/em><em><i>\u00a0Bicos<\/i><\/em><em><i>\u00a0has quite advantages and superior Features:<\/i><\/em><\/p>\n<p><em><i>1: <\/i><\/em><em><i>Higher cleaning capacity levels<\/i><\/em><\/p>\n<p><em><i>2: <\/i><\/em><em><i>Constant jet quality<\/i><\/em><\/p>\n<p><em><i>3: <\/i><\/em><em><i>Long lifetime<\/i><\/em><\/p>\n<p><em><i>4:<\/i><\/em><em><i>Light, durable and reliable<\/i><\/em><\/p>\n<p><em><i>5:<\/i><\/em><em><i>Easy to install and disassemble<\/i><\/em><\/p>\n<p><strong><em><b><i>Aplicativo:<\/i><\/b><\/em><\/strong><\/p>\n<p>Jateamento a jato de \u00e1gua para a ind\u00fastria de ferro, a\u00e7o e metal<\/p>\n<p>Jateadora de \u00e1gua de alta press\u00e3o - Engenharia Mec\u00e2nica e de Aparelhos<\/p>\n<p>Ind\u00fastria de cimento e concreto<\/p>\n<p>M\u00e1quina de hidrojateamento para a ind\u00fastria de refino de petr\u00f3leo<\/p>\n<p>Limpeza de superf\u00edcies com hidrojato<\/p>\n<p>Limpeza de pintura automotiva, limpeza da ind\u00fastria de minera\u00e7\u00e3o, limpeza de f\u00e1bricas de a\u00e7o, etc.<\/p>\n<p>High pressure sewer cleaning equipment\u00a0for municipal pipe <strong><b>networks<\/b><\/strong><strong><b>\u00a0<\/b><\/strong><strong><b>water supply and drainage pipelines; <\/b><\/strong><\/p>\n<p><strong><b>Limpeza e remo\u00e7\u00e3o de rebarbas de pe\u00e7as fundidas<\/b><\/strong><\/p>\n<p><strong><b>Remo\u00e7\u00e3o de revestimentos superficiais<\/b><\/strong><\/p>\n<p><strong><b>Implanta\u00e7\u00e3o offshore<\/b><\/strong><\/p>\n<p><strong><b>Constru\u00e7\u00e3o naval<\/b><\/strong><\/p>\n<p><strong><b>Demoli\u00e7\u00e3o de concreto<\/b><\/strong><\/p>\n<p><strong><b>Remo\u00e7\u00e3o de camadas de betume<\/b><\/strong><\/p>\n<p><strong><b>Remo\u00e7\u00e3o de tinta<\/b><\/strong><\/p>","protected":false},"excerpt":{"rendered":"<p><strong><em><b><i>14500<\/i><\/b><\/em><\/strong><strong><em><b><i>KPSI <\/i><\/b><\/em><\/strong><strong><em><b><i>1000Bar <\/i><\/b><\/em><\/strong><strong><em><b><i>Pressure Water Jet Blasting <\/i><\/b><\/em><\/strong><strong><em><b><i>Surface Perpetration Flat Jet<\/i><\/b><\/em><\/strong><strong><em><b><i>\u00a0cleaning Rotary for<\/i><\/b><\/em><\/strong><strong><em><b><i>\u00a0802-3501<\/i><\/b><\/em><\/strong><strong><em><b><i>\u00a0monro<\/i><\/b><\/em><\/strong><strong><em><b><i>\u00a0Jet Style<\/i><\/b><\/em><\/strong><strong><em><b><i>\u00a0MVT F<\/i><\/b><\/em><\/strong><strong><em><b><i>2<\/i><\/b><\/em><\/strong><strong><em><b><i>\u00a0Bicos<\/i><\/b><\/em><\/strong><\/p>\n<p><em><i>This F2 <\/i><\/em><em><i>Rotary Flat Jet for monro MVT F1 <\/i><\/em><em><i>nozzles combine the high power of the point jet with the large area output of the flat jet. They can be used with all approved high-pressure fittings and mounted on lances. <\/i><\/em><\/p>\n<p><em><i>Th<\/i><\/em><em><i>is Models<\/i><\/em><em><i>\u00a0<\/i><\/em><em><i>Rotary Flat Jet for monro MVT F<\/i><\/em><em><i>2<\/i><\/em><em><i>\u00a0Bicos<\/i><\/em><em><i>\u00a0can be used up to an operating pressure of 1<\/i><\/em><em><i>0<\/i><\/em><em><i>00 bar, and three different connection thread types are available. <\/i><\/em><\/p>\n<p><em><i>compact design, <\/i><\/em><em><i>Rotor Diameter:0.60-2.8mm for different flow rate level,<\/i><\/em><em><i>This Rotary Flat Jet F<\/i><\/em><em><i>2<\/i><\/em><em><i>\u00a0Bicos<\/i><\/em><em><i>\u00a0can be used both in building construction and in civil engineering for surface treatment and cleaning<\/i><\/em><em><i>.<\/i><\/em><\/p>","protected":false},"featured_media":2165,"template":"","meta":[],"product_brand":[],"product_cat":[10,11,5],"product_tag":[174,175],"class_list":{"0":"post-2163","1":"product","2":"type-product","3":"status-publish","4":"has-post-thumbnail","6":"product_cat-pipeline-tube-uhp-water-blasting-cleaning-device","7":"product_cat-ship-cleaning-device","8":"product_cat-uhp-rotating-nozzles","9":"product_tag-1000bar-hydro-jetting-f2-nozzles","10":"product_tag-802-3501-monro-jet-style-mvt-f2-nozzles","12":"first","13":"instock","14":"shipping-taxable","15":"product-type-simple"},"yoast_head":"<!-- This site is optimized with the Yoast SEO plugin v24.9 - https:\/\/yoast.com\/wordpress\/plugins\/seo\/ -->\n<title>UHP 1000Bar Hydro-Jetting Surface Perpetration Flat Jet cleaning Rotary for 802-3501 monro Jet Style MVT F2 - Panwin Machinery&amp;Equipment<\/title>\n<meta name=\"robots\" content=\"index, follow, max-snippet:-1, max-image-preview:large, max-video-preview:-1\" \/>\n<link rel=\"canonical\" href=\"https:\/\/panwinjet.com\/pt\/produto\/uhp-1000bar-hydro-jetting-surface-perpetration-flat-jet-cleaning-rotary-for-802-3501-monro-jet-style-mvt-f2\/\" \/>\n<meta property=\"og:locale\" content=\"pt_PT\" \/>\n<meta property=\"og:type\" content=\"article\" \/>\n<meta property=\"og:title\" content=\"UHP 1000Bar Hydro-Jetting Surface Perpetration Flat Jet cleaning Rotary for 802-3501 monro Jet Style MVT F2 - Panwin Machinery&amp;Equipment\" \/>\n<meta property=\"og:description\" content=\"14500KPSI 1000Bar Pressure Water Jet Blasting Surface Perpetration Flat Jet\u00a0cleaning Rotary for\u00a0802-3501\u00a0monro\u00a0Jet Style\u00a0MVT F2\u00a0Nozzles  This F2 Rotary Flat Jet for monro MVT F1 nozzles combine the high power of the point jet with the large area output of the flat jet. They can be used with all approved high-pressure fittings and mounted on lances.   This Models\u00a0Rotary Flat Jet for monro MVT F2\u00a0Nozzles\u00a0can be used up to an operating pressure of 1000 bar, and three different connection thread types are available.   compact design, Rotor Diameter:0.60-2.8mm for different flow rate level,This Rotary Flat Jet F2\u00a0Nozzles\u00a0can be used both in building construction and in civil engineering for surface treatment and cleaning.\" \/>\n<meta property=\"og:url\" content=\"https:\/\/panwinjet.com\/pt\/produto\/uhp-1000bar-hydro-jetting-surface-perpetration-flat-jet-cleaning-rotary-for-802-3501-monro-jet-style-mvt-f2\/\" \/>\n<meta property=\"og:site_name\" content=\"Panwin Machinery&amp;Equipment\" \/>\n<meta property=\"og:image\" content=\"https:\/\/panwinjet.com\/wp-content\/uploads\/2026\/04\/Inlet-Cover-3-8-NPT-2-scaled.jpg\" \/>\n\t<meta property=\"og:image:width\" content=\"1152\" \/>\n\t<meta property=\"og:image:height\" content=\"2560\" \/>\n\t<meta property=\"og:image:type\" content=\"image\/jpeg\" \/>\n<meta name=\"twitter:card\" content=\"summary_large_image\" \/>\n<meta name=\"twitter:label1\" content=\"Tempo estimado de leitura\" \/>\n\t<meta name=\"twitter:data1\" content=\"1 minuto\" \/>\n<script type=\"application\/ld+json\" class=\"yoast-schema-graph\">{\"@context\":\"https:\/\/schema.org\",\"@graph\":[{\"@type\":\"WebPage\",\"@id\":\"https:\/\/panwinjet.com\/product\/uhp-1000bar-hydro-jetting-surface-perpetration-flat-jet-cleaning-rotary-for-802-3501-monro-jet-style-mvt-f2\/\",\"url\":\"https:\/\/panwinjet.com\/product\/uhp-1000bar-hydro-jetting-surface-perpetration-flat-jet-cleaning-rotary-for-802-3501-monro-jet-style-mvt-f2\/\",\"name\":\"UHP 1000Bar Hydro-Jetting Surface Perpetration Flat Jet cleaning Rotary for 802-3501 monro Jet Style MVT F2 - Panwin Machinery&amp;Equipment\",\"isPartOf\":{\"@id\":\"https:\/\/panwinjet.com\/#website\"},\"primaryImageOfPage\":{\"@id\":\"https:\/\/panwinjet.com\/product\/uhp-1000bar-hydro-jetting-surface-perpetration-flat-jet-cleaning-rotary-for-802-3501-monro-jet-style-mvt-f2\/#primaryimage\"},\"image\":{\"@id\":\"https:\/\/panwinjet.com\/product\/uhp-1000bar-hydro-jetting-surface-perpetration-flat-jet-cleaning-rotary-for-802-3501-monro-jet-style-mvt-f2\/#primaryimage\"},\"thumbnailUrl\":\"https:\/\/panwinjet.com\/wp-content\/uploads\/2026\/04\/Inlet-Cover-3-8-NPT-2-scaled.jpg\",\"datePublished\":\"2026-04-06T01:14:36+00:00\",\"breadcrumb\":{\"@id\":\"https:\/\/panwinjet.com\/product\/uhp-1000bar-hydro-jetting-surface-perpetration-flat-jet-cleaning-rotary-for-802-3501-monro-jet-style-mvt-f2\/#breadcrumb\"},\"inLanguage\":\"pt-PT\",\"potentialAction\":[{\"@type\":\"ReadAction\",\"target\":[\"https:\/\/panwinjet.com\/product\/uhp-1000bar-hydro-jetting-surface-perpetration-flat-jet-cleaning-rotary-for-802-3501-monro-jet-style-mvt-f2\/\"]}]},{\"@type\":\"ImageObject\",\"inLanguage\":\"pt-PT\",\"@id\":\"https:\/\/panwinjet.com\/product\/uhp-1000bar-hydro-jetting-surface-perpetration-flat-jet-cleaning-rotary-for-802-3501-monro-jet-style-mvt-f2\/#primaryimage\",\"url\":\"https:\/\/panwinjet.com\/wp-content\/uploads\/2026\/04\/Inlet-Cover-3-8-NPT-2-scaled.jpg\",\"contentUrl\":\"https:\/\/panwinjet.com\/wp-content\/uploads\/2026\/04\/Inlet-Cover-3-8-NPT-2-scaled.jpg\",\"width\":1152,\"height\":2560},{\"@type\":\"BreadcrumbList\",\"@id\":\"https:\/\/panwinjet.com\/product\/uhp-1000bar-hydro-jetting-surface-perpetration-flat-jet-cleaning-rotary-for-802-3501-monro-jet-style-mvt-f2\/#breadcrumb\",\"itemListElement\":[{\"@type\":\"ListItem\",\"position\":1,\"name\":\"\u9996\u9875\",\"item\":\"https:\/\/panwinjet.com\/\"},{\"@type\":\"ListItem\",\"position\":2,\"name\":\"PRODUCT\",\"item\":\"https:\/\/panwinjet.com\/product\/\"},{\"@type\":\"ListItem\",\"position\":3,\"name\":\"UHP 1000Bar Hydro-Jetting Surface Perpetration Flat Jet cleaning Rotary for 802-3501 monro Jet Style MVT F2\"}]},{\"@type\":\"WebSite\",\"@id\":\"https:\/\/panwinjet.com\/#website\",\"url\":\"https:\/\/panwinjet.com\/\",\"name\":\"Panwin Machinery&amp;Equipment\",\"description\":\"Shenzhen Panwin Machinery&amp;Equipment Co.Ltd\",\"potentialAction\":[{\"@type\":\"SearchAction\",\"target\":{\"@type\":\"EntryPoint\",\"urlTemplate\":\"https:\/\/panwinjet.com\/?s={search_term_string}\"},\"query-input\":{\"@type\":\"PropertyValueSpecification\",\"valueRequired\":true,\"valueName\":\"search_term_string\"}}],\"inLanguage\":\"pt-PT\"}]}<\/script>\n<!-- \/ Yoast SEO plugin. -->","yoast_head_json":{"title":"UHP 1000Bar Hydro-Jetting Surface Perpetration Flat Jet cleaning Rotary for 802-3501 monro Jet Style MVT F2 - Panwin Machinery&amp;Equipment","robots":{"index":"index","follow":"follow","max-snippet":"max-snippet:-1","max-image-preview":"max-image-preview:large","max-video-preview":"max-video-preview:-1"},"canonical":"https:\/\/panwinjet.com\/pt\/produto\/uhp-1000bar-hydro-jetting-surface-perpetration-flat-jet-cleaning-rotary-for-802-3501-monro-jet-style-mvt-f2\/","og_locale":"pt_PT","og_type":"article","og_title":"UHP 1000Bar Hydro-Jetting Surface Perpetration Flat Jet cleaning Rotary for 802-3501 monro Jet Style MVT F2 - Panwin Machinery&amp;Equipment","og_description":"14500KPSI 1000Bar Pressure Water Jet Blasting Surface Perpetration Flat Jet\u00a0cleaning Rotary for\u00a0802-3501\u00a0monro\u00a0Jet Style\u00a0MVT F2\u00a0Nozzles  This F2 Rotary Flat Jet for monro MVT F1 nozzles combine the high power of the point jet with the large area output of the flat jet. They can be used with all approved high-pressure fittings and mounted on lances.   This Models\u00a0Rotary Flat Jet for monro MVT F2\u00a0Nozzles\u00a0can be used up to an operating pressure of 1000 bar, and three different connection thread types are available.   compact design, Rotor Diameter:0.60-2.8mm for different flow rate level,This Rotary Flat Jet F2\u00a0Nozzles\u00a0can be used both in building construction and in civil engineering for surface treatment and cleaning.","og_url":"https:\/\/panwinjet.com\/pt\/produto\/uhp-1000bar-hydro-jetting-surface-perpetration-flat-jet-cleaning-rotary-for-802-3501-monro-jet-style-mvt-f2\/","og_site_name":"Panwin Machinery&amp;Equipment","og_image":[{"width":1152,"height":2560,"url":"https:\/\/panwinjet.com\/wp-content\/uploads\/2026\/04\/Inlet-Cover-3-8-NPT-2-scaled.jpg","type":"image\/jpeg"}],"twitter_card":"summary_large_image","twitter_misc":{"Tempo estimado de leitura":"1 minuto"},"schema":{"@context":"https:\/\/schema.org","@graph":[{"@type":"WebPage","@id":"https:\/\/panwinjet.com\/product\/uhp-1000bar-hydro-jetting-surface-perpetration-flat-jet-cleaning-rotary-for-802-3501-monro-jet-style-mvt-f2\/","url":"https:\/\/panwinjet.com\/product\/uhp-1000bar-hydro-jetting-surface-perpetration-flat-jet-cleaning-rotary-for-802-3501-monro-jet-style-mvt-f2\/","name":"UHP 1000Bar Hydro-Jetting Surface Perpetration Flat Jet cleaning Rotary for 802-3501 monro Jet Style MVT F2 - Panwin Machinery&amp;Equipment","isPartOf":{"@id":"https:\/\/panwinjet.com\/#website"},"primaryImageOfPage":{"@id":"https:\/\/panwinjet.com\/product\/uhp-1000bar-hydro-jetting-surface-perpetration-flat-jet-cleaning-rotary-for-802-3501-monro-jet-style-mvt-f2\/#primaryimage"},"image":{"@id":"https:\/\/panwinjet.com\/product\/uhp-1000bar-hydro-jetting-surface-perpetration-flat-jet-cleaning-rotary-for-802-3501-monro-jet-style-mvt-f2\/#primaryimage"},"thumbnailUrl":"https:\/\/panwinjet.com\/wp-content\/uploads\/2026\/04\/Inlet-Cover-3-8-NPT-2-scaled.jpg","datePublished":"2026-04-06T01:14:36+00:00","breadcrumb":{"@id":"https:\/\/panwinjet.com\/product\/uhp-1000bar-hydro-jetting-surface-perpetration-flat-jet-cleaning-rotary-for-802-3501-monro-jet-style-mvt-f2\/#breadcrumb"},"inLanguage":"pt-PT","potentialAction":[{"@type":"ReadAction","target":["https:\/\/panwinjet.com\/product\/uhp-1000bar-hydro-jetting-surface-perpetration-flat-jet-cleaning-rotary-for-802-3501-monro-jet-style-mvt-f2\/"]}]},{"@type":"ImageObject","inLanguage":"pt-PT","@id":"https:\/\/panwinjet.com\/product\/uhp-1000bar-hydro-jetting-surface-perpetration-flat-jet-cleaning-rotary-for-802-3501-monro-jet-style-mvt-f2\/#primaryimage","url":"https:\/\/panwinjet.com\/wp-content\/uploads\/2026\/04\/Inlet-Cover-3-8-NPT-2-scaled.jpg","contentUrl":"https:\/\/panwinjet.com\/wp-content\/uploads\/2026\/04\/Inlet-Cover-3-8-NPT-2-scaled.jpg","width":1152,"height":2560},{"@type":"BreadcrumbList","@id":"https:\/\/panwinjet.com\/product\/uhp-1000bar-hydro-jetting-surface-perpetration-flat-jet-cleaning-rotary-for-802-3501-monro-jet-style-mvt-f2\/#breadcrumb","itemListElement":[{"@type":"ListItem","position":1,"name":"\u9996\u9875","item":"https:\/\/panwinjet.com\/"},{"@type":"ListItem","position":2,"name":"PRODUCT","item":"https:\/\/panwinjet.com\/product\/"},{"@type":"ListItem","position":3,"name":"UHP 1000Bar Hydro-Jetting Surface Perpetration Flat Jet cleaning Rotary for 802-3501 monro Jet Style MVT F2"}]},{"@type":"WebSite","@id":"https:\/\/panwinjet.com\/#website","url":"https:\/\/panwinjet.com\/","name":"Panwin Machinery&amp;Equipment","description":"Shenzhen Panwin Machinery&amp;Equipment Co.Ltd","potentialAction":[{"@type":"SearchAction","target":{"@type":"EntryPoint","urlTemplate":"https:\/\/panwinjet.com\/?s={search_term_string}"},"query-input":{"@type":"PropertyValueSpecification","valueRequired":true,"valueName":"search_term_string"}}],"inLanguage":"pt-PT"}]}},"_links":{"self":[{"href":"https:\/\/panwinjet.com\/pt\/wp-json\/wp\/v2\/product\/2163","targetHints":{"allow":["GET"]}}],"collection":[{"href":"https:\/\/panwinjet.com\/pt\/wp-json\/wp\/v2\/product"}],"about":[{"href":"https:\/\/panwinjet.com\/pt\/wp-json\/wp\/v2\/types\/product"}],"wp:featuredmedia":[{"embeddable":true,"href":"https:\/\/panwinjet.com\/pt\/wp-json\/wp\/v2\/media\/2165"}],"wp:attachment":[{"href":"https:\/\/panwinjet.com\/pt\/wp-json\/wp\/v2\/media?parent=2163"}],"wp:term":[{"taxonomy":"product_brand","embeddable":true,"href":"https:\/\/panwinjet.com\/pt\/wp-json\/wp\/v2\/product_brand?post=2163"},{"taxonomy":"product_cat","embeddable":true,"href":"https:\/\/panwinjet.com\/pt\/wp-json\/wp\/v2\/product_cat?post=2163"},{"taxonomy":"product_tag","embeddable":true,"href":"https:\/\/panwinjet.com\/pt\/wp-json\/wp\/v2\/product_tag?post=2163"}],"curies":[{"name":"wp","href":"https:\/\/api.w.org\/{rel}","templated":true}]}}