{"id":2078,"date":"2026-03-18T10:05:07","date_gmt":"2026-03-18T10:05:07","guid":{"rendered":"https:\/\/panwinjet.com\/?post_type=product&#038;p=2078"},"modified":"2026-03-18T11:54:58","modified_gmt":"2026-03-18T11:54:58","slug":"40k-jetstream-bypass-hydro-jet-cleaning-machine-parts-hand-adjustable-regulator-valve-outlet-adapter","status":"publish","type":"product","link":"https:\/\/panwinjet.com\/pt\/produto\/40k-jetstream-bypass-hydro-jet-cleaning-machine-parts-hand-adjustable-regulator-valve-outlet-adapter\/","title":{"rendered":"40K Jetstream ByPass Hydro Jet cleaning machine parts Hand Adjustable Regulator Valve-Outlet Adapter"},"content":{"rendered":"<p>Fornecemos pe\u00e7as para m\u00e1quinas de limpeza Hydro Jet. A v\u00e1lvula reguladora manual ajust\u00e1vel \u00e9 utilizada na unidade padr\u00e3o Jetstream de 40kpsi com extremidade fluida. Trata-se de uma v\u00e1lvula de bypass exclusiva e excepcionalmente avan\u00e7ada, com as seguintes caracter\u00edsticas superiores:<br \/>\nCaracter\u00edsticas:<br \/>\n1: Design de cartucho substitu\u00edvel em campo para tempo de inatividade m\u00ednimo<br \/>\n2: Ajuste manual - sem necessidade de chave inglesa<br \/>\n3: Todos os componentes que suportam press\u00e3o s\u00e3o usinados com precis\u00e3o em a\u00e7o inoxid\u00e1vel.<br \/>\n4: O modelo de montagem no lado da bomba \u00e9 montado diretamente no coletor da extremidade do fluido usando um niple macho de 40Kpsi.<\/p>","protected":false},"excerpt":{"rendered":"<p>Vendemos pe\u00e7as para m\u00e1quinas de limpeza Hydro Jet. A v\u00e1lvula reguladora ajust\u00e1vel manualmente desvia parte do fluxo da bomba para uma sa\u00edda de baixa press\u00e3o e pode ser usada em unidades a diesel e el\u00e9tricas. Em motores a diesel, ela serve para evitar a perda de pot\u00eancia do motor quando se utiliza fluxos no limite inferior da capacidade da bomba. Em unidades el\u00e9tricas, a v\u00e1lvula reguladora \u00e9 necess\u00e1ria devido \u00e0 limita\u00e7\u00e3o da velocidade do motor.<\/p>","protected":false},"featured_media":2079,"template":"","meta":[],"product_brand":[],"product_cat":[8,7],"product_tag":[159,160,161],"class_list":{"0":"post-2078","1":"product","2":"type-product","3":"status-publish","4":"has-post-thumbnail","6":"product_cat-giant-tank-cleaningcutting-device","7":"product_cat-jetstream-pump-fluid-end-compatibe-parts","8":"product_tag-40k-jetstream-bypass-outlet-adapter","9":"product_tag-53715-40k-regulator-valve","10":"product_tag-40k-jetstream-bypass-valve-regulator","12":"first","13":"instock","14":"shipping-taxable","15":"product-type-simple"},"yoast_head":"<!-- This site is optimized with the Yoast SEO plugin v24.9 - https:\/\/yoast.com\/wordpress\/plugins\/seo\/ -->\n<title>40K Jetstream ByPass Hydro Jet cleaning machine parts Hand Adjustable Regulator Valve-Outlet Adapter - Panwin Machinery&amp;Equipment<\/title>\n<meta name=\"robots\" content=\"index, follow, max-snippet:-1, max-image-preview:large, max-video-preview:-1\" \/>\n<link rel=\"canonical\" href=\"https:\/\/panwinjet.com\/pt\/produto\/40k-jetstream-bypass-hydro-jet-cleaning-machine-parts-hand-adjustable-regulator-valve-outlet-adapter\/\" \/>\n<meta property=\"og:locale\" content=\"pt_PT\" \/>\n<meta property=\"og:type\" content=\"article\" \/>\n<meta property=\"og:title\" content=\"40K Jetstream ByPass Hydro Jet cleaning machine parts Hand Adjustable Regulator Valve-Outlet Adapter - Panwin Machinery&amp;Equipment\" \/>\n<meta property=\"og:description\" content=\"We sell you the Hydro Jet cleaning machine parts Hand Adjustable Regulator Valve is a regulator valve diverts a portion of pump flow to a low- pressure outlet and can be used on diesel and electric units. For diesel engines, it is used to prevent bogging of the engine when using flows at the low end of the pump&#039;s capability.A regulator valve is required on electric units due to the non-adaptability of motor speed.\" \/>\n<meta property=\"og:url\" content=\"https:\/\/panwinjet.com\/pt\/produto\/40k-jetstream-bypass-hydro-jet-cleaning-machine-parts-hand-adjustable-regulator-valve-outlet-adapter\/\" \/>\n<meta property=\"og:site_name\" content=\"Panwin Machinery&amp;Equipment\" \/>\n<meta property=\"article:modified_time\" content=\"2026-03-18T11:54:58+00:00\" \/>\n<meta property=\"og:image\" content=\"https:\/\/panwinjet.com\/wp-content\/uploads\/2026\/03\/53715-40K-ByPass-Outlet-Adapter-scaled.jpg\" \/>\n\t<meta property=\"og:image:width\" content=\"1152\" \/>\n\t<meta property=\"og:image:height\" content=\"2560\" \/>\n\t<meta property=\"og:image:type\" content=\"image\/jpeg\" \/>\n<meta name=\"twitter:card\" content=\"summary_large_image\" \/>\n<meta name=\"twitter:label1\" content=\"Tempo estimado de leitura\" \/>\n\t<meta name=\"twitter:data1\" content=\"1 minuto\" \/>\n<script type=\"application\/ld+json\" class=\"yoast-schema-graph\">{\"@context\":\"https:\/\/schema.org\",\"@graph\":[{\"@type\":\"WebPage\",\"@id\":\"https:\/\/panwinjet.com\/product\/40k-jetstream-bypass-hydro-jet-cleaning-machine-parts-hand-adjustable-regulator-valve-outlet-adapter\/\",\"url\":\"https:\/\/panwinjet.com\/product\/40k-jetstream-bypass-hydro-jet-cleaning-machine-parts-hand-adjustable-regulator-valve-outlet-adapter\/\",\"name\":\"40K Jetstream ByPass Hydro Jet cleaning machine parts Hand Adjustable Regulator Valve-Outlet Adapter - Panwin Machinery&amp;Equipment\",\"isPartOf\":{\"@id\":\"https:\/\/panwinjet.com\/#website\"},\"primaryImageOfPage\":{\"@id\":\"https:\/\/panwinjet.com\/product\/40k-jetstream-bypass-hydro-jet-cleaning-machine-parts-hand-adjustable-regulator-valve-outlet-adapter\/#primaryimage\"},\"image\":{\"@id\":\"https:\/\/panwinjet.com\/product\/40k-jetstream-bypass-hydro-jet-cleaning-machine-parts-hand-adjustable-regulator-valve-outlet-adapter\/#primaryimage\"},\"thumbnailUrl\":\"https:\/\/panwinjet.com\/wp-content\/uploads\/2026\/03\/53715-40K-ByPass-Outlet-Adapter-scaled.jpg\",\"datePublished\":\"2026-03-18T10:05:07+00:00\",\"dateModified\":\"2026-03-18T11:54:58+00:00\",\"breadcrumb\":{\"@id\":\"https:\/\/panwinjet.com\/product\/40k-jetstream-bypass-hydro-jet-cleaning-machine-parts-hand-adjustable-regulator-valve-outlet-adapter\/#breadcrumb\"},\"inLanguage\":\"pt-PT\",\"potentialAction\":[{\"@type\":\"ReadAction\",\"target\":[\"https:\/\/panwinjet.com\/product\/40k-jetstream-bypass-hydro-jet-cleaning-machine-parts-hand-adjustable-regulator-valve-outlet-adapter\/\"]}]},{\"@type\":\"ImageObject\",\"inLanguage\":\"pt-PT\",\"@id\":\"https:\/\/panwinjet.com\/product\/40k-jetstream-bypass-hydro-jet-cleaning-machine-parts-hand-adjustable-regulator-valve-outlet-adapter\/#primaryimage\",\"url\":\"https:\/\/panwinjet.com\/wp-content\/uploads\/2026\/03\/53715-40K-ByPass-Outlet-Adapter-scaled.jpg\",\"contentUrl\":\"https:\/\/panwinjet.com\/wp-content\/uploads\/2026\/03\/53715-40K-ByPass-Outlet-Adapter-scaled.jpg\",\"width\":1152,\"height\":2560,\"caption\":\"Outlet Adapter\"},{\"@type\":\"BreadcrumbList\",\"@id\":\"https:\/\/panwinjet.com\/product\/40k-jetstream-bypass-hydro-jet-cleaning-machine-parts-hand-adjustable-regulator-valve-outlet-adapter\/#breadcrumb\",\"itemListElement\":[{\"@type\":\"ListItem\",\"position\":1,\"name\":\"\u9996\u9875\",\"item\":\"https:\/\/panwinjet.com\/\"},{\"@type\":\"ListItem\",\"position\":2,\"name\":\"PRODUCT\",\"item\":\"https:\/\/panwinjet.com\/product\/\"},{\"@type\":\"ListItem\",\"position\":3,\"name\":\"40K Jetstream ByPass Hydro Jet cleaning machine parts Hand Adjustable Regulator Valve-Outlet Adapter\"}]},{\"@type\":\"WebSite\",\"@id\":\"https:\/\/panwinjet.com\/#website\",\"url\":\"https:\/\/panwinjet.com\/\",\"name\":\"Panwin Machinery&amp;Equipment\",\"description\":\"Shenzhen Panwin Machinery&amp;Equipment Co.Ltd\",\"potentialAction\":[{\"@type\":\"SearchAction\",\"target\":{\"@type\":\"EntryPoint\",\"urlTemplate\":\"https:\/\/panwinjet.com\/?s={search_term_string}\"},\"query-input\":{\"@type\":\"PropertyValueSpecification\",\"valueRequired\":true,\"valueName\":\"search_term_string\"}}],\"inLanguage\":\"pt-PT\"}]}<\/script>\n<!-- \/ Yoast SEO plugin. -->","yoast_head_json":{"title":"40K Jetstream ByPass Hydro Jet cleaning machine parts Hand Adjustable Regulator Valve-Outlet Adapter - Panwin Machinery&amp;Equipment","robots":{"index":"index","follow":"follow","max-snippet":"max-snippet:-1","max-image-preview":"max-image-preview:large","max-video-preview":"max-video-preview:-1"},"canonical":"https:\/\/panwinjet.com\/pt\/produto\/40k-jetstream-bypass-hydro-jet-cleaning-machine-parts-hand-adjustable-regulator-valve-outlet-adapter\/","og_locale":"pt_PT","og_type":"article","og_title":"40K Jetstream ByPass Hydro Jet cleaning machine parts Hand Adjustable Regulator Valve-Outlet Adapter - Panwin Machinery&amp;Equipment","og_description":"We sell you the Hydro Jet cleaning machine parts Hand Adjustable Regulator Valve is a regulator valve diverts a portion of pump flow to a low- pressure outlet and can be used on diesel and electric units. For diesel engines, it is used to prevent bogging of the engine when using flows at the low end of the pump's capability.A regulator valve is required on electric units due to the non-adaptability of motor speed.","og_url":"https:\/\/panwinjet.com\/pt\/produto\/40k-jetstream-bypass-hydro-jet-cleaning-machine-parts-hand-adjustable-regulator-valve-outlet-adapter\/","og_site_name":"Panwin Machinery&amp;Equipment","article_modified_time":"2026-03-18T11:54:58+00:00","og_image":[{"width":1152,"height":2560,"url":"https:\/\/panwinjet.com\/wp-content\/uploads\/2026\/03\/53715-40K-ByPass-Outlet-Adapter-scaled.jpg","type":"image\/jpeg"}],"twitter_card":"summary_large_image","twitter_misc":{"Tempo estimado de leitura":"1 minuto"},"schema":{"@context":"https:\/\/schema.org","@graph":[{"@type":"WebPage","@id":"https:\/\/panwinjet.com\/product\/40k-jetstream-bypass-hydro-jet-cleaning-machine-parts-hand-adjustable-regulator-valve-outlet-adapter\/","url":"https:\/\/panwinjet.com\/product\/40k-jetstream-bypass-hydro-jet-cleaning-machine-parts-hand-adjustable-regulator-valve-outlet-adapter\/","name":"40K Jetstream ByPass Hydro Jet cleaning machine parts Hand Adjustable Regulator Valve-Outlet Adapter - Panwin Machinery&amp;Equipment","isPartOf":{"@id":"https:\/\/panwinjet.com\/#website"},"primaryImageOfPage":{"@id":"https:\/\/panwinjet.com\/product\/40k-jetstream-bypass-hydro-jet-cleaning-machine-parts-hand-adjustable-regulator-valve-outlet-adapter\/#primaryimage"},"image":{"@id":"https:\/\/panwinjet.com\/product\/40k-jetstream-bypass-hydro-jet-cleaning-machine-parts-hand-adjustable-regulator-valve-outlet-adapter\/#primaryimage"},"thumbnailUrl":"https:\/\/panwinjet.com\/wp-content\/uploads\/2026\/03\/53715-40K-ByPass-Outlet-Adapter-scaled.jpg","datePublished":"2026-03-18T10:05:07+00:00","dateModified":"2026-03-18T11:54:58+00:00","breadcrumb":{"@id":"https:\/\/panwinjet.com\/product\/40k-jetstream-bypass-hydro-jet-cleaning-machine-parts-hand-adjustable-regulator-valve-outlet-adapter\/#breadcrumb"},"inLanguage":"pt-PT","potentialAction":[{"@type":"ReadAction","target":["https:\/\/panwinjet.com\/product\/40k-jetstream-bypass-hydro-jet-cleaning-machine-parts-hand-adjustable-regulator-valve-outlet-adapter\/"]}]},{"@type":"ImageObject","inLanguage":"pt-PT","@id":"https:\/\/panwinjet.com\/product\/40k-jetstream-bypass-hydro-jet-cleaning-machine-parts-hand-adjustable-regulator-valve-outlet-adapter\/#primaryimage","url":"https:\/\/panwinjet.com\/wp-content\/uploads\/2026\/03\/53715-40K-ByPass-Outlet-Adapter-scaled.jpg","contentUrl":"https:\/\/panwinjet.com\/wp-content\/uploads\/2026\/03\/53715-40K-ByPass-Outlet-Adapter-scaled.jpg","width":1152,"height":2560,"caption":"Outlet Adapter"},{"@type":"BreadcrumbList","@id":"https:\/\/panwinjet.com\/product\/40k-jetstream-bypass-hydro-jet-cleaning-machine-parts-hand-adjustable-regulator-valve-outlet-adapter\/#breadcrumb","itemListElement":[{"@type":"ListItem","position":1,"name":"\u9996\u9875","item":"https:\/\/panwinjet.com\/"},{"@type":"ListItem","position":2,"name":"PRODUCT","item":"https:\/\/panwinjet.com\/product\/"},{"@type":"ListItem","position":3,"name":"40K Jetstream ByPass Hydro Jet cleaning machine parts Hand Adjustable Regulator Valve-Outlet Adapter"}]},{"@type":"WebSite","@id":"https:\/\/panwinjet.com\/#website","url":"https:\/\/panwinjet.com\/","name":"Panwin Machinery&amp;Equipment","description":"Shenzhen Panwin Machinery&amp;Equipment Co.Ltd","potentialAction":[{"@type":"SearchAction","target":{"@type":"EntryPoint","urlTemplate":"https:\/\/panwinjet.com\/?s={search_term_string}"},"query-input":{"@type":"PropertyValueSpecification","valueRequired":true,"valueName":"search_term_string"}}],"inLanguage":"pt-PT"}]}},"_links":{"self":[{"href":"https:\/\/panwinjet.com\/pt\/wp-json\/wp\/v2\/product\/2078","targetHints":{"allow":["GET"]}}],"collection":[{"href":"https:\/\/panwinjet.com\/pt\/wp-json\/wp\/v2\/product"}],"about":[{"href":"https:\/\/panwinjet.com\/pt\/wp-json\/wp\/v2\/types\/product"}],"wp:featuredmedia":[{"embeddable":true,"href":"https:\/\/panwinjet.com\/pt\/wp-json\/wp\/v2\/media\/2079"}],"wp:attachment":[{"href":"https:\/\/panwinjet.com\/pt\/wp-json\/wp\/v2\/media?parent=2078"}],"wp:term":[{"taxonomy":"product_brand","embeddable":true,"href":"https:\/\/panwinjet.com\/pt\/wp-json\/wp\/v2\/product_brand?post=2078"},{"taxonomy":"product_cat","embeddable":true,"href":"https:\/\/panwinjet.com\/pt\/wp-json\/wp\/v2\/product_cat?post=2078"},{"taxonomy":"product_tag","embeddable":true,"href":"https:\/\/panwinjet.com\/pt\/wp-json\/wp\/v2\/product_tag?post=2078"}],"curies":[{"name":"wp","href":"https:\/\/api.w.org\/{rel}","templated":true}]}}