{"id":2058,"date":"2026-03-17T00:02:58","date_gmt":"2026-03-17T00:02:58","guid":{"rendered":"https:\/\/panwinjet.com\/?post_type=product&#038;p=2058"},"modified":"2026-03-17T00:02:59","modified_gmt":"2026-03-17T00:02:59","slug":"22kpsi-1500bar-uhp-pressure-water-jet-cleaning-hydro-jetting-6-rhino-pipeline-cleaning-nozzle","status":"publish","type":"product","link":"https:\/\/panwinjet.com\/pt\/produto\/22kpsi-1500bar-uhp-pressure-water-jet-cleaning-hydro-jetting-6-rhino-pipeline-cleaning-nozzle\/","title":{"rendered":"22kpsi 1500Bar UHP Pressure Water Jet cleaning Hydro-Jetting 6&#8243; Rhino Pipeline Cleaning Nozzle"},"content":{"rendered":"<p>Panwin sell the excellent quality 22000psi Pressure Water blasting 6inch bend nozzles have great superiority and features as follows:<br \/>\n1: Desempenho de limpeza completo.<br \/>\nEste bocal auto-rotativo para limpeza de tubula\u00e7\u00f5es hidr\u00e1ulicas foi projetado para facilitar o acesso e a limpeza de tubos de 6 polegadas com curva de 90\u00b0, e possui jatos frontais, laterais e traseiros que desobstruem bloqueios.<br \/>\nO impulso serve para impulsionar a ferramenta pelo tubo, proporcionando m\u00e1xima pot\u00eancia de limpeza e m\u00ednimo desgaste.<\/p>\n<p>2: A \u00e1gua proporciona movimento de autorrota\u00e7\u00e3o, sem necessidade de \u00f3leo ou rolamentos de esferas.<br \/>\nA \u00e1gua corrente proporciona o movimento rotacional e cria o rolamento sobre o qual os bicos giram. N\u00e3o h\u00e1 necessidade de trocar \u00f3leo ou rolamentos de esferas.<\/p>\n<p>3: Inser\u00e7\u00e3o de bicos multiportas para limpeza de 360 graus.<br \/>\nEquipada com duas portas frontais a 10\u00b0 e duas a 45\u00b0, duas portas radiais a 100\u00b0 e duas portas traseiras a 135\u00b0 que aceitam dois tipos de bicos dispon\u00edveis opcionalmente.<\/p>\n<p>4: Controle de velocidade, limpeza potente e m\u00ednimo desgaste.<br \/>\nEle foi projetado com um sistema de frenagem por correntes parasitas que controla a velocidade de rota\u00e7\u00e3o para obter o m\u00e1ximo poder de limpeza e o m\u00ednimo desgaste.<\/p>\n<p>5: Servi\u00e7o f\u00e1cil.<br \/>\nTotalmente repar\u00e1vel em campo, leva apenas alguns minutos, economizando tempo.<\/p>\n<p>Esta m\u00e1quina de limpeza com jato de \u00e1gua de 22 kpsi e bocal para limpeza de tubula\u00e7\u00f5es curvas de 6 polegadas pode ser usada em diversos processos de limpeza, como limpeza de superf\u00edcies, limpeza de tubos e canos, limpeza de tanques e vasos, etc., sendo particularmente utilizada em tubos curvados de 6 polegadas, apresentando efici\u00eancia incompar\u00e1vel e economizando muito tempo.<\/p>","protected":false},"excerpt":{"rendered":"<p>A m\u00e1quina de limpeza com jato de \u00e1gua de 22 kpsi e bocal para limpeza de tubula\u00e7\u00f5es com curva de 6 polegadas foi projetada para ser auto-rotativa, facilitando o acesso e a limpeza de tubos com curva de 90\u00b0 de 6 polegadas.<br \/>\nPossui desempenho de limpeza completo e conta com jatos frontais, laterais e traseiros que desobstruem bloqueios. \u00c9 uma ferramenta poderosa para limpeza de tubula\u00e7\u00f5es, ideal para tarefas dif\u00edceis em campos petrol\u00edferos, limpeza de tubos de oleodutos e gasodutos, etc.<\/p>","protected":false},"featured_media":2061,"template":"","meta":[],"product_brand":[],"product_cat":[8,10],"product_tag":[153,155,154],"class_list":{"0":"post-2058","1":"product","2":"type-product","3":"status-publish","4":"has-post-thumbnail","6":"product_cat-giant-tank-cleaningcutting-device","7":"product_cat-pipeline-tube-uhp-water-blasting-cleaning-device","8":"product_tag-uhp-hydro-jet-rhino-6","9":"product_tag-uhp-hydro-jetting-rhino-6","10":"product_tag-uhp-waterblasting-badger-6-rotary-nozzles","12":"first","13":"instock","14":"shipping-taxable","15":"product-type-simple"},"yoast_head":"<!-- This site is optimized with the Yoast SEO plugin v24.9 - https:\/\/yoast.com\/wordpress\/plugins\/seo\/ -->\n<title>22kpsi 1500Bar UHP Pressure Water Jet cleaning Hydro-Jetting 6&quot; Rhino Pipeline Cleaning Nozzle - Panwin Machinery&amp;Equipment<\/title>\n<meta name=\"robots\" content=\"index, follow, max-snippet:-1, max-image-preview:large, max-video-preview:-1\" \/>\n<link rel=\"canonical\" href=\"https:\/\/panwinjet.com\/pt\/produto\/22kpsi-1500bar-uhp-pressure-water-jet-cleaning-hydro-jetting-6-rhino-pipeline-cleaning-nozzle\/\" \/>\n<meta property=\"og:locale\" content=\"pt_PT\" \/>\n<meta property=\"og:type\" content=\"article\" \/>\n<meta property=\"og:title\" content=\"22kpsi 1500Bar UHP Pressure Water Jet cleaning Hydro-Jetting 6&quot; Rhino Pipeline Cleaning Nozzle - Panwin Machinery&amp;Equipment\" \/>\n<meta property=\"og:description\" content=\"The 22kpsi Pressure Water Jet cleaning machine 6&quot; Bend Pipeline Cleaning Nozzle is designed to be a self-rotating nozzle for easy access and cleaning wash bend 90\u00b06 inch pipe, It has all-around cleaning performance and It has front, side, and rear jets that clear blockages. It is powerful pipe cleaning tool for tough tasks in Oil field, chemical pipeline Tube cleaning etc.\" \/>\n<meta property=\"og:url\" content=\"https:\/\/panwinjet.com\/pt\/produto\/22kpsi-1500bar-uhp-pressure-water-jet-cleaning-hydro-jetting-6-rhino-pipeline-cleaning-nozzle\/\" \/>\n<meta property=\"og:site_name\" content=\"Panwin Machinery&amp;Equipment\" \/>\n<meta property=\"article:modified_time\" content=\"2026-03-17T00:02:59+00:00\" \/>\n<meta property=\"og:image\" content=\"https:\/\/panwinjet.com\/wp-content\/uploads\/2026\/03\/6\u5bf8\u704c\u732a6-scaled.jpg\" \/>\n\t<meta property=\"og:image:width\" content=\"1152\" \/>\n\t<meta property=\"og:image:height\" content=\"2560\" \/>\n\t<meta property=\"og:image:type\" content=\"image\/jpeg\" \/>\n<meta name=\"twitter:card\" content=\"summary_large_image\" \/>\n<meta name=\"twitter:label1\" content=\"Tempo estimado de leitura\" \/>\n\t<meta name=\"twitter:data1\" content=\"2 minutos\" \/>\n<script type=\"application\/ld+json\" class=\"yoast-schema-graph\">{\"@context\":\"https:\/\/schema.org\",\"@graph\":[{\"@type\":\"WebPage\",\"@id\":\"https:\/\/panwinjet.com\/product\/22kpsi-1500bar-uhp-pressure-water-jet-cleaning-hydro-jetting-6-rhino-pipeline-cleaning-nozzle\/\",\"url\":\"https:\/\/panwinjet.com\/product\/22kpsi-1500bar-uhp-pressure-water-jet-cleaning-hydro-jetting-6-rhino-pipeline-cleaning-nozzle\/\",\"name\":\"22kpsi 1500Bar UHP Pressure Water Jet cleaning Hydro-Jetting 6\\\" Rhino Pipeline Cleaning Nozzle - Panwin Machinery&amp;Equipment\",\"isPartOf\":{\"@id\":\"https:\/\/panwinjet.com\/#website\"},\"primaryImageOfPage\":{\"@id\":\"https:\/\/panwinjet.com\/product\/22kpsi-1500bar-uhp-pressure-water-jet-cleaning-hydro-jetting-6-rhino-pipeline-cleaning-nozzle\/#primaryimage\"},\"image\":{\"@id\":\"https:\/\/panwinjet.com\/product\/22kpsi-1500bar-uhp-pressure-water-jet-cleaning-hydro-jetting-6-rhino-pipeline-cleaning-nozzle\/#primaryimage\"},\"thumbnailUrl\":\"https:\/\/panwinjet.com\/wp-content\/uploads\/2026\/03\/6\u5bf8\u704c\u732a6-scaled.jpg\",\"datePublished\":\"2026-03-17T00:02:58+00:00\",\"dateModified\":\"2026-03-17T00:02:59+00:00\",\"breadcrumb\":{\"@id\":\"https:\/\/panwinjet.com\/product\/22kpsi-1500bar-uhp-pressure-water-jet-cleaning-hydro-jetting-6-rhino-pipeline-cleaning-nozzle\/#breadcrumb\"},\"inLanguage\":\"pt-PT\",\"potentialAction\":[{\"@type\":\"ReadAction\",\"target\":[\"https:\/\/panwinjet.com\/product\/22kpsi-1500bar-uhp-pressure-water-jet-cleaning-hydro-jetting-6-rhino-pipeline-cleaning-nozzle\/\"]}]},{\"@type\":\"ImageObject\",\"inLanguage\":\"pt-PT\",\"@id\":\"https:\/\/panwinjet.com\/product\/22kpsi-1500bar-uhp-pressure-water-jet-cleaning-hydro-jetting-6-rhino-pipeline-cleaning-nozzle\/#primaryimage\",\"url\":\"https:\/\/panwinjet.com\/wp-content\/uploads\/2026\/03\/6\u5bf8\u704c\u732a6-scaled.jpg\",\"contentUrl\":\"https:\/\/panwinjet.com\/wp-content\/uploads\/2026\/03\/6\u5bf8\u704c\u732a6-scaled.jpg\",\"width\":1152,\"height\":2560},{\"@type\":\"BreadcrumbList\",\"@id\":\"https:\/\/panwinjet.com\/product\/22kpsi-1500bar-uhp-pressure-water-jet-cleaning-hydro-jetting-6-rhino-pipeline-cleaning-nozzle\/#breadcrumb\",\"itemListElement\":[{\"@type\":\"ListItem\",\"position\":1,\"name\":\"\u9996\u9875\",\"item\":\"https:\/\/panwinjet.com\/\"},{\"@type\":\"ListItem\",\"position\":2,\"name\":\"PRODUCT\",\"item\":\"https:\/\/panwinjet.com\/product\/\"},{\"@type\":\"ListItem\",\"position\":3,\"name\":\"22kpsi 1500Bar UHP Pressure Water Jet cleaning Hydro-Jetting 6&#8243; Rhino Pipeline Cleaning Nozzle\"}]},{\"@type\":\"WebSite\",\"@id\":\"https:\/\/panwinjet.com\/#website\",\"url\":\"https:\/\/panwinjet.com\/\",\"name\":\"Panwin Machinery&amp;Equipment\",\"description\":\"Shenzhen Panwin Machinery&amp;Equipment Co.Ltd\",\"potentialAction\":[{\"@type\":\"SearchAction\",\"target\":{\"@type\":\"EntryPoint\",\"urlTemplate\":\"https:\/\/panwinjet.com\/?s={search_term_string}\"},\"query-input\":{\"@type\":\"PropertyValueSpecification\",\"valueRequired\":true,\"valueName\":\"search_term_string\"}}],\"inLanguage\":\"pt-PT\"}]}<\/script>\n<!-- \/ Yoast SEO plugin. -->","yoast_head_json":{"title":"22kpsi 1500Bar UHP Pressure Water Jet cleaning Hydro-Jetting 6\" Rhino Pipeline Cleaning Nozzle - Panwin Machinery&amp;Equipment","robots":{"index":"index","follow":"follow","max-snippet":"max-snippet:-1","max-image-preview":"max-image-preview:large","max-video-preview":"max-video-preview:-1"},"canonical":"https:\/\/panwinjet.com\/pt\/produto\/22kpsi-1500bar-uhp-pressure-water-jet-cleaning-hydro-jetting-6-rhino-pipeline-cleaning-nozzle\/","og_locale":"pt_PT","og_type":"article","og_title":"22kpsi 1500Bar UHP Pressure Water Jet cleaning Hydro-Jetting 6\" Rhino Pipeline Cleaning Nozzle - Panwin Machinery&amp;Equipment","og_description":"The 22kpsi Pressure Water Jet cleaning machine 6\" Bend Pipeline Cleaning Nozzle is designed to be a self-rotating nozzle for easy access and cleaning wash bend 90\u00b06 inch pipe, It has all-around cleaning performance and It has front, side, and rear jets that clear blockages. It is powerful pipe cleaning tool for tough tasks in Oil field, chemical pipeline Tube cleaning etc.","og_url":"https:\/\/panwinjet.com\/pt\/produto\/22kpsi-1500bar-uhp-pressure-water-jet-cleaning-hydro-jetting-6-rhino-pipeline-cleaning-nozzle\/","og_site_name":"Panwin Machinery&amp;Equipment","article_modified_time":"2026-03-17T00:02:59+00:00","og_image":[{"width":1152,"height":2560,"url":"https:\/\/panwinjet.com\/wp-content\/uploads\/2026\/03\/6\u5bf8\u704c\u732a6-scaled.jpg","type":"image\/jpeg"}],"twitter_card":"summary_large_image","twitter_misc":{"Tempo estimado de leitura":"2 minutos"},"schema":{"@context":"https:\/\/schema.org","@graph":[{"@type":"WebPage","@id":"https:\/\/panwinjet.com\/product\/22kpsi-1500bar-uhp-pressure-water-jet-cleaning-hydro-jetting-6-rhino-pipeline-cleaning-nozzle\/","url":"https:\/\/panwinjet.com\/product\/22kpsi-1500bar-uhp-pressure-water-jet-cleaning-hydro-jetting-6-rhino-pipeline-cleaning-nozzle\/","name":"22kpsi 1500Bar UHP Pressure Water Jet cleaning Hydro-Jetting 6\" Rhino Pipeline Cleaning Nozzle - Panwin Machinery&amp;Equipment","isPartOf":{"@id":"https:\/\/panwinjet.com\/#website"},"primaryImageOfPage":{"@id":"https:\/\/panwinjet.com\/product\/22kpsi-1500bar-uhp-pressure-water-jet-cleaning-hydro-jetting-6-rhino-pipeline-cleaning-nozzle\/#primaryimage"},"image":{"@id":"https:\/\/panwinjet.com\/product\/22kpsi-1500bar-uhp-pressure-water-jet-cleaning-hydro-jetting-6-rhino-pipeline-cleaning-nozzle\/#primaryimage"},"thumbnailUrl":"https:\/\/panwinjet.com\/wp-content\/uploads\/2026\/03\/6\u5bf8\u704c\u732a6-scaled.jpg","datePublished":"2026-03-17T00:02:58+00:00","dateModified":"2026-03-17T00:02:59+00:00","breadcrumb":{"@id":"https:\/\/panwinjet.com\/product\/22kpsi-1500bar-uhp-pressure-water-jet-cleaning-hydro-jetting-6-rhino-pipeline-cleaning-nozzle\/#breadcrumb"},"inLanguage":"pt-PT","potentialAction":[{"@type":"ReadAction","target":["https:\/\/panwinjet.com\/product\/22kpsi-1500bar-uhp-pressure-water-jet-cleaning-hydro-jetting-6-rhino-pipeline-cleaning-nozzle\/"]}]},{"@type":"ImageObject","inLanguage":"pt-PT","@id":"https:\/\/panwinjet.com\/product\/22kpsi-1500bar-uhp-pressure-water-jet-cleaning-hydro-jetting-6-rhino-pipeline-cleaning-nozzle\/#primaryimage","url":"https:\/\/panwinjet.com\/wp-content\/uploads\/2026\/03\/6\u5bf8\u704c\u732a6-scaled.jpg","contentUrl":"https:\/\/panwinjet.com\/wp-content\/uploads\/2026\/03\/6\u5bf8\u704c\u732a6-scaled.jpg","width":1152,"height":2560},{"@type":"BreadcrumbList","@id":"https:\/\/panwinjet.com\/product\/22kpsi-1500bar-uhp-pressure-water-jet-cleaning-hydro-jetting-6-rhino-pipeline-cleaning-nozzle\/#breadcrumb","itemListElement":[{"@type":"ListItem","position":1,"name":"\u9996\u9875","item":"https:\/\/panwinjet.com\/"},{"@type":"ListItem","position":2,"name":"PRODUCT","item":"https:\/\/panwinjet.com\/product\/"},{"@type":"ListItem","position":3,"name":"22kpsi 1500Bar UHP Pressure Water Jet cleaning Hydro-Jetting 6&#8243; Rhino Pipeline Cleaning Nozzle"}]},{"@type":"WebSite","@id":"https:\/\/panwinjet.com\/#website","url":"https:\/\/panwinjet.com\/","name":"Panwin Machinery&amp;Equipment","description":"Shenzhen Panwin Machinery&amp;Equipment Co.Ltd","potentialAction":[{"@type":"SearchAction","target":{"@type":"EntryPoint","urlTemplate":"https:\/\/panwinjet.com\/?s={search_term_string}"},"query-input":{"@type":"PropertyValueSpecification","valueRequired":true,"valueName":"search_term_string"}}],"inLanguage":"pt-PT"}]}},"_links":{"self":[{"href":"https:\/\/panwinjet.com\/pt\/wp-json\/wp\/v2\/product\/2058","targetHints":{"allow":["GET"]}}],"collection":[{"href":"https:\/\/panwinjet.com\/pt\/wp-json\/wp\/v2\/product"}],"about":[{"href":"https:\/\/panwinjet.com\/pt\/wp-json\/wp\/v2\/types\/product"}],"wp:featuredmedia":[{"embeddable":true,"href":"https:\/\/panwinjet.com\/pt\/wp-json\/wp\/v2\/media\/2061"}],"wp:attachment":[{"href":"https:\/\/panwinjet.com\/pt\/wp-json\/wp\/v2\/media?parent=2058"}],"wp:term":[{"taxonomy":"product_brand","embeddable":true,"href":"https:\/\/panwinjet.com\/pt\/wp-json\/wp\/v2\/product_brand?post=2058"},{"taxonomy":"product_cat","embeddable":true,"href":"https:\/\/panwinjet.com\/pt\/wp-json\/wp\/v2\/product_cat?post=2058"},{"taxonomy":"product_tag","embeddable":true,"href":"https:\/\/panwinjet.com\/pt\/wp-json\/wp\/v2\/product_tag?post=2058"}],"curies":[{"name":"wp","href":"https:\/\/api.w.org\/{rel}","templated":true}]}}