{"id":1986,"date":"2025-11-23T15:30:16","date_gmt":"2025-11-23T15:30:16","guid":{"rendered":"https:\/\/panwinjet.com\/?post_type=product&#038;p=1986"},"modified":"2025-11-28T22:04:59","modified_gmt":"2025-11-28T22:04:59","slug":"2500bar-uhp-hydro-jet-surface-preparation-water-blaster-for-orbital-monro-mvt-nozzle-jet-f25","status":"publish","type":"product","link":"https:\/\/panwinjet.com\/pt\/produto\/2500bar-uhp-hydro-jet-surface-preparation-water-blaster-for-orbital-monro-mvt-nozzle-jet-f25\/","title":{"rendered":"Jato de \u00e1gua ultra-alto de 2500 bar para prepara\u00e7\u00e3o de superf\u00edcies, compat\u00edvel com bico orbital Monro MVT Jet F25."},"content":{"rendered":"<p>Este bocal orbital Monro MVT Jet F25 de 2500 bar pode ser usado at\u00e9<br \/>\npress\u00e3o de opera\u00e7\u00e3o de 2500 bar e cinco roscas de conex\u00e3o diferentes.<br \/>\nEst\u00e3o dispon\u00edveis v\u00e1rios tipos. Design compacto e forro perfeito.<br \/>\nDi\u00e2metro do rotor: 0,60-1,55 mm para diferentes necessidades de vaz\u00e3o.<br \/>\nEste bocal orbital Monro MVT Jet F25 de 2500 bar pode ser usado tanto na constru\u00e7\u00e3o<br \/>\nconstru\u00e7\u00e3o civil e engenharia para tratamento e limpeza de superf\u00edcies.<\/p>\n<p>O bocal orbital Monro MVT Jet F25 de 2500 bar possui diversas vantagens e<br \/>\nCaracter\u00edsticas superiores:<br \/>\n1: N\u00edveis mais elevados de capacidade de limpeza<br \/>\n2: Qualidade constante do jato<br \/>\n3: Longa vida<br \/>\n4: Leve, dur\u00e1vel e confi\u00e1vel<br \/>\n5: F\u00e1cil de instalar e desmontar<\/p>\n<p>Aplicativo:<br \/>\nJateamento a jato de \u00e1gua para a ind\u00fastria de ferro, a\u00e7o e metal<br \/>\nJateadora de \u00e1gua de alta press\u00e3o - Engenharia Mec\u00e2nica e de Aparelhos<br \/>\nInd\u00fastria de cimento e concreto<br \/>\nM\u00e1quina de hidrojateamento para a ind\u00fastria de refino de petr\u00f3leo<br \/>\nLimpeza de superf\u00edcies com hidrojato<br \/>\nLimpeza de pintura automotiva, limpeza da ind\u00fastria de minera\u00e7\u00e3o, limpeza de f\u00e1bricas de a\u00e7o, etc.<br \/>\nEquipamento de limpeza de esgoto de alta press\u00e3o para redes de tubula\u00e7\u00e3o municipais de abastecimento de \u00e1gua e esgoto;<br \/>\nLimpeza e remo\u00e7\u00e3o de rebarbas de pe\u00e7as fundidas<br \/>\nRemo\u00e7\u00e3o de revestimentos superficiais<br \/>\nDemoli\u00e7\u00e3o de concreto<br \/>\nRemo\u00e7\u00e3o de camadas de betume<br \/>\nRemo\u00e7\u00e3o de tinta<\/p>","protected":false},"excerpt":{"rendered":"<p>Jato de \u00e1gua ultra-alto de 2500 bar para prepara\u00e7\u00e3o de superf\u00edcies em orbital Monro<br \/>\nBocal MVT Jet F25<\/p>\n<p>Jato de \u00e1gua ultra-alto de 2500 bar para prepara\u00e7\u00e3o de superf\u00edcies em m\u00e1quinas orbitais.<br \/>\nO bico Monro MVT Jet F25 combina a alta pot\u00eancia do jato concentrado com a grande capacidade de suc\u00e7\u00e3o.<br \/>\n\u00e1rea de sa\u00edda do jato plano. Podem ser usados com todos os aprovados<br \/>\nConex\u00f5es de alta press\u00e3o e montadas em lan\u00e7as.<\/p>","protected":false},"featured_media":1992,"template":"","meta":[],"product_brand":[],"product_cat":[10,11,5],"product_tag":[128,127,129],"class_list":{"0":"post-1986","1":"product","2":"type-product","3":"status-publish","4":"has-post-thumbnail","6":"product_cat-pipeline-tube-uhp-water-blasting-cleaning-device","7":"product_cat-ship-cleaning-device","8":"product_cat-uhp-rotating-nozzles","9":"product_tag-2500bar-uhp-hydro-jet","10":"product_tag-orbital-monro-mvt-nozzle-jet-f25","11":"product_tag-surface-preparation-water-blaster","13":"first","14":"instock","15":"shipping-taxable","16":"product-type-simple"},"yoast_head":"<!-- This site is optimized with the Yoast SEO plugin v24.9 - https:\/\/yoast.com\/wordpress\/plugins\/seo\/ -->\n<title>2500Bar UHP hydro Jet Surface Preparation Water-blaster for Orbital Monro MVT nozzle Jet F25 - Panwin Machinery&amp;Equipment<\/title>\n<meta name=\"robots\" content=\"index, follow, max-snippet:-1, max-image-preview:large, max-video-preview:-1\" \/>\n<link rel=\"canonical\" href=\"https:\/\/panwinjet.com\/pt\/produto\/2500bar-uhp-hydro-jet-surface-preparation-water-blaster-for-orbital-monro-mvt-nozzle-jet-f25\/\" \/>\n<meta property=\"og:locale\" content=\"pt_PT\" \/>\n<meta property=\"og:type\" content=\"article\" \/>\n<meta property=\"og:title\" content=\"2500Bar UHP hydro Jet Surface Preparation Water-blaster for Orbital Monro MVT nozzle Jet F25 - Panwin Machinery&amp;Equipment\" \/>\n<meta property=\"og:description\" content=\"2500Bar UHP hydro Jet Surface Preparation Water-blaster for Orbital Monro MVT nozzle Jet F25  This 2500Bar UHP hydro Jet Surface Preparation Water-blaster for Orbital Monro MVT nozzle Jet F25 combine the high power of the point jet with the large area output of the flat jet. They can be used with all approved high-pressure fittings and mounted on lances.\" \/>\n<meta property=\"og:url\" content=\"https:\/\/panwinjet.com\/pt\/produto\/2500bar-uhp-hydro-jet-surface-preparation-water-blaster-for-orbital-monro-mvt-nozzle-jet-f25\/\" \/>\n<meta property=\"og:site_name\" content=\"Panwin Machinery&amp;Equipment\" \/>\n<meta property=\"article:modified_time\" content=\"2025-11-28T22:04:59+00:00\" \/>\n<meta property=\"og:image\" content=\"https:\/\/panwinjet.com\/wp-content\/uploads\/2025\/11\/Orbital-nozzle-Jet-F25-3-scaled.jpg\" \/>\n\t<meta property=\"og:image:width\" content=\"1920\" \/>\n\t<meta property=\"og:image:height\" content=\"2560\" \/>\n\t<meta property=\"og:image:type\" content=\"image\/jpeg\" \/>\n<meta name=\"twitter:card\" content=\"summary_large_image\" \/>\n<meta name=\"twitter:label1\" content=\"Tempo estimado de leitura\" \/>\n\t<meta name=\"twitter:data1\" content=\"1 minuto\" \/>\n<script type=\"application\/ld+json\" class=\"yoast-schema-graph\">{\"@context\":\"https:\/\/schema.org\",\"@graph\":[{\"@type\":\"WebPage\",\"@id\":\"https:\/\/panwinjet.com\/product\/2500bar-uhp-hydro-jet-surface-preparation-water-blaster-for-orbital-monro-mvt-nozzle-jet-f25\/\",\"url\":\"https:\/\/panwinjet.com\/product\/2500bar-uhp-hydro-jet-surface-preparation-water-blaster-for-orbital-monro-mvt-nozzle-jet-f25\/\",\"name\":\"2500Bar UHP hydro Jet Surface Preparation Water-blaster for Orbital Monro MVT nozzle Jet F25 - Panwin Machinery&amp;Equipment\",\"isPartOf\":{\"@id\":\"https:\/\/panwinjet.com\/#website\"},\"primaryImageOfPage\":{\"@id\":\"https:\/\/panwinjet.com\/product\/2500bar-uhp-hydro-jet-surface-preparation-water-blaster-for-orbital-monro-mvt-nozzle-jet-f25\/#primaryimage\"},\"image\":{\"@id\":\"https:\/\/panwinjet.com\/product\/2500bar-uhp-hydro-jet-surface-preparation-water-blaster-for-orbital-monro-mvt-nozzle-jet-f25\/#primaryimage\"},\"thumbnailUrl\":\"https:\/\/panwinjet.com\/wp-content\/uploads\/2025\/11\/Orbital-nozzle-Jet-F25-3-scaled.jpg\",\"datePublished\":\"2025-11-23T15:30:16+00:00\",\"dateModified\":\"2025-11-28T22:04:59+00:00\",\"breadcrumb\":{\"@id\":\"https:\/\/panwinjet.com\/product\/2500bar-uhp-hydro-jet-surface-preparation-water-blaster-for-orbital-monro-mvt-nozzle-jet-f25\/#breadcrumb\"},\"inLanguage\":\"pt-PT\",\"potentialAction\":[{\"@type\":\"ReadAction\",\"target\":[\"https:\/\/panwinjet.com\/product\/2500bar-uhp-hydro-jet-surface-preparation-water-blaster-for-orbital-monro-mvt-nozzle-jet-f25\/\"]}]},{\"@type\":\"ImageObject\",\"inLanguage\":\"pt-PT\",\"@id\":\"https:\/\/panwinjet.com\/product\/2500bar-uhp-hydro-jet-surface-preparation-water-blaster-for-orbital-monro-mvt-nozzle-jet-f25\/#primaryimage\",\"url\":\"https:\/\/panwinjet.com\/wp-content\/uploads\/2025\/11\/Orbital-nozzle-Jet-F25-3-scaled.jpg\",\"contentUrl\":\"https:\/\/panwinjet.com\/wp-content\/uploads\/2025\/11\/Orbital-nozzle-Jet-F25-3-scaled.jpg\",\"width\":1920,\"height\":2560},{\"@type\":\"BreadcrumbList\",\"@id\":\"https:\/\/panwinjet.com\/product\/2500bar-uhp-hydro-jet-surface-preparation-water-blaster-for-orbital-monro-mvt-nozzle-jet-f25\/#breadcrumb\",\"itemListElement\":[{\"@type\":\"ListItem\",\"position\":1,\"name\":\"\u9996\u9875\",\"item\":\"https:\/\/panwinjet.com\/\"},{\"@type\":\"ListItem\",\"position\":2,\"name\":\"PRODUCT\",\"item\":\"https:\/\/panwinjet.com\/product\/\"},{\"@type\":\"ListItem\",\"position\":3,\"name\":\"2500Bar UHP hydro Jet Surface Preparation Water-blaster for Orbital Monro MVT nozzle Jet F25\"}]},{\"@type\":\"WebSite\",\"@id\":\"https:\/\/panwinjet.com\/#website\",\"url\":\"https:\/\/panwinjet.com\/\",\"name\":\"Panwin Machinery&amp;Equipment\",\"description\":\"Shenzhen Panwin Machinery&amp;Equipment Co.Ltd\",\"potentialAction\":[{\"@type\":\"SearchAction\",\"target\":{\"@type\":\"EntryPoint\",\"urlTemplate\":\"https:\/\/panwinjet.com\/?s={search_term_string}\"},\"query-input\":{\"@type\":\"PropertyValueSpecification\",\"valueRequired\":true,\"valueName\":\"search_term_string\"}}],\"inLanguage\":\"pt-PT\"}]}<\/script>\n<!-- \/ Yoast SEO plugin. -->","yoast_head_json":{"title":"2500Bar UHP hydro Jet Surface Preparation Water-blaster for Orbital Monro MVT nozzle Jet F25 - Panwin Machinery&amp;Equipment","robots":{"index":"index","follow":"follow","max-snippet":"max-snippet:-1","max-image-preview":"max-image-preview:large","max-video-preview":"max-video-preview:-1"},"canonical":"https:\/\/panwinjet.com\/pt\/produto\/2500bar-uhp-hydro-jet-surface-preparation-water-blaster-for-orbital-monro-mvt-nozzle-jet-f25\/","og_locale":"pt_PT","og_type":"article","og_title":"2500Bar UHP hydro Jet Surface Preparation Water-blaster for Orbital Monro MVT nozzle Jet F25 - Panwin Machinery&amp;Equipment","og_description":"2500Bar UHP hydro Jet Surface Preparation Water-blaster for Orbital Monro MVT nozzle Jet F25  This 2500Bar UHP hydro Jet Surface Preparation Water-blaster for Orbital Monro MVT nozzle Jet F25 combine the high power of the point jet with the large area output of the flat jet. They can be used with all approved high-pressure fittings and mounted on lances.","og_url":"https:\/\/panwinjet.com\/pt\/produto\/2500bar-uhp-hydro-jet-surface-preparation-water-blaster-for-orbital-monro-mvt-nozzle-jet-f25\/","og_site_name":"Panwin Machinery&amp;Equipment","article_modified_time":"2025-11-28T22:04:59+00:00","og_image":[{"width":1920,"height":2560,"url":"https:\/\/panwinjet.com\/wp-content\/uploads\/2025\/11\/Orbital-nozzle-Jet-F25-3-scaled.jpg","type":"image\/jpeg"}],"twitter_card":"summary_large_image","twitter_misc":{"Tempo estimado de leitura":"1 minuto"},"schema":{"@context":"https:\/\/schema.org","@graph":[{"@type":"WebPage","@id":"https:\/\/panwinjet.com\/product\/2500bar-uhp-hydro-jet-surface-preparation-water-blaster-for-orbital-monro-mvt-nozzle-jet-f25\/","url":"https:\/\/panwinjet.com\/product\/2500bar-uhp-hydro-jet-surface-preparation-water-blaster-for-orbital-monro-mvt-nozzle-jet-f25\/","name":"2500Bar UHP hydro Jet Surface Preparation Water-blaster for Orbital Monro MVT nozzle Jet F25 - Panwin Machinery&amp;Equipment","isPartOf":{"@id":"https:\/\/panwinjet.com\/#website"},"primaryImageOfPage":{"@id":"https:\/\/panwinjet.com\/product\/2500bar-uhp-hydro-jet-surface-preparation-water-blaster-for-orbital-monro-mvt-nozzle-jet-f25\/#primaryimage"},"image":{"@id":"https:\/\/panwinjet.com\/product\/2500bar-uhp-hydro-jet-surface-preparation-water-blaster-for-orbital-monro-mvt-nozzle-jet-f25\/#primaryimage"},"thumbnailUrl":"https:\/\/panwinjet.com\/wp-content\/uploads\/2025\/11\/Orbital-nozzle-Jet-F25-3-scaled.jpg","datePublished":"2025-11-23T15:30:16+00:00","dateModified":"2025-11-28T22:04:59+00:00","breadcrumb":{"@id":"https:\/\/panwinjet.com\/product\/2500bar-uhp-hydro-jet-surface-preparation-water-blaster-for-orbital-monro-mvt-nozzle-jet-f25\/#breadcrumb"},"inLanguage":"pt-PT","potentialAction":[{"@type":"ReadAction","target":["https:\/\/panwinjet.com\/product\/2500bar-uhp-hydro-jet-surface-preparation-water-blaster-for-orbital-monro-mvt-nozzle-jet-f25\/"]}]},{"@type":"ImageObject","inLanguage":"pt-PT","@id":"https:\/\/panwinjet.com\/product\/2500bar-uhp-hydro-jet-surface-preparation-water-blaster-for-orbital-monro-mvt-nozzle-jet-f25\/#primaryimage","url":"https:\/\/panwinjet.com\/wp-content\/uploads\/2025\/11\/Orbital-nozzle-Jet-F25-3-scaled.jpg","contentUrl":"https:\/\/panwinjet.com\/wp-content\/uploads\/2025\/11\/Orbital-nozzle-Jet-F25-3-scaled.jpg","width":1920,"height":2560},{"@type":"BreadcrumbList","@id":"https:\/\/panwinjet.com\/product\/2500bar-uhp-hydro-jet-surface-preparation-water-blaster-for-orbital-monro-mvt-nozzle-jet-f25\/#breadcrumb","itemListElement":[{"@type":"ListItem","position":1,"name":"\u9996\u9875","item":"https:\/\/panwinjet.com\/"},{"@type":"ListItem","position":2,"name":"PRODUCT","item":"https:\/\/panwinjet.com\/product\/"},{"@type":"ListItem","position":3,"name":"2500Bar UHP hydro Jet Surface Preparation Water-blaster for Orbital Monro MVT nozzle Jet F25"}]},{"@type":"WebSite","@id":"https:\/\/panwinjet.com\/#website","url":"https:\/\/panwinjet.com\/","name":"Panwin Machinery&amp;Equipment","description":"Shenzhen Panwin Machinery&amp;Equipment Co.Ltd","potentialAction":[{"@type":"SearchAction","target":{"@type":"EntryPoint","urlTemplate":"https:\/\/panwinjet.com\/?s={search_term_string}"},"query-input":{"@type":"PropertyValueSpecification","valueRequired":true,"valueName":"search_term_string"}}],"inLanguage":"pt-PT"}]}},"_links":{"self":[{"href":"https:\/\/panwinjet.com\/pt\/wp-json\/wp\/v2\/product\/1986","targetHints":{"allow":["GET"]}}],"collection":[{"href":"https:\/\/panwinjet.com\/pt\/wp-json\/wp\/v2\/product"}],"about":[{"href":"https:\/\/panwinjet.com\/pt\/wp-json\/wp\/v2\/types\/product"}],"wp:featuredmedia":[{"embeddable":true,"href":"https:\/\/panwinjet.com\/pt\/wp-json\/wp\/v2\/media\/1992"}],"wp:attachment":[{"href":"https:\/\/panwinjet.com\/pt\/wp-json\/wp\/v2\/media?parent=1986"}],"wp:term":[{"taxonomy":"product_brand","embeddable":true,"href":"https:\/\/panwinjet.com\/pt\/wp-json\/wp\/v2\/product_brand?post=1986"},{"taxonomy":"product_cat","embeddable":true,"href":"https:\/\/panwinjet.com\/pt\/wp-json\/wp\/v2\/product_cat?post=1986"},{"taxonomy":"product_tag","embeddable":true,"href":"https:\/\/panwinjet.com\/pt\/wp-json\/wp\/v2\/product_tag?post=1986"}],"curies":[{"name":"wp","href":"https:\/\/api.w.org\/{rel}","templated":true}]}}