{"id":1973,"date":"2025-11-23T15:18:08","date_gmt":"2025-11-23T15:18:08","guid":{"rendered":"https:\/\/panwinjet.com\/?post_type=product&#038;p=1973"},"modified":"2025-11-23T15:18:09","modified_gmt":"2025-11-23T15:18:09","slug":"11600psi-800bar-pressure-hydro-jetting-blasting-concrete-demolition-swivel-rotary-water-jet-for-monro-mvt-f3-nozzles","status":"publish","type":"product","link":"https:\/\/panwinjet.com\/pt\/produto\/11600psi-800bar-pressure-hydro-jetting-blasting-concrete-demolition-swivel-rotary-water-jet-for-monro-mvt-f3-nozzles\/","title":{"rendered":"Jato de \u00e1gua girat\u00f3rio rotativo de 11600 PSI (800 bar) para demoli\u00e7\u00e3o de concreto, jateamento e desmonte de concreto, compat\u00edvel com bicos Monro MVT F3."},"content":{"rendered":"<p>Este modelo de jato de \u00e1gua rotativo girat\u00f3rio para bicos Monro MVT F3 pode ser usado com press\u00e3o de opera\u00e7\u00e3o de at\u00e9 800 bar (11600 psi) e est\u00e1 dispon\u00edvel em tr\u00eas tipos diferentes de rosca de conex\u00e3o. Com design compacto, este jato de \u00e1gua rotativo girat\u00f3rio para bicos Monro MVT F3 pode ser usado tanto na constru\u00e7\u00e3o civil quanto em obras de engenharia civil para tratamento e limpeza de superf\u00edcies.<\/p>\n<p>O jato de \u00e1gua rotativo girat\u00f3rio de 11600 PSI (800 bar) para hidrojateamento, demoli\u00e7\u00e3o de concreto e detona\u00e7\u00e3o, compat\u00edvel com os bicos Monro MVT F3, apresenta diversas vantagens e caracter\u00edsticas superiores:<br \/>\n1: N\u00edveis mais elevados de capacidade de limpeza<br \/>\n2: Qualidade constante do jato<br \/>\n3: Longa vida<br \/>\n4: Leve, dur\u00e1vel e confi\u00e1vel<br \/>\n5: F\u00e1cil de instalar e desmontar<\/p>","protected":false},"excerpt":{"rendered":"<p>Jato de \u00e1gua girat\u00f3rio rotativo de 11600 PSI (800 bar) para demoli\u00e7\u00e3o de concreto, jateamento e desmonte de concreto, compat\u00edvel com bicos Monro MVT F3.<br \/>\nEste jato de \u00e1gua rotativo girat\u00f3rio de 11600 PSI (800 bar) para hidrojateamento, demoli\u00e7\u00e3o de concreto e demoli\u00e7\u00e3o, compat\u00edvel com os bicos Monro MVT F3, combina a alta pot\u00eancia do jato concentrado com a ampla \u00e1rea de cobertura do jato plano. Pode ser utilizado com todos os acess\u00f3rios de alta press\u00e3o homologados e montado em lan\u00e7as.<\/p>","protected":false},"featured_media":1978,"template":"","meta":[],"product_brand":[],"product_cat":[10,11,5],"product_tag":[123,124,122],"class_list":{"0":"post-1973","1":"product","2":"type-product","3":"status-publish","4":"has-post-thumbnail","6":"product_cat-pipeline-tube-uhp-water-blasting-cleaning-device","7":"product_cat-ship-cleaning-device","8":"product_cat-uhp-rotating-nozzles","9":"product_tag-11600psi-800bar-pressure-hydro-jetting-blasting","10":"product_tag-concrete-demolition-swivel-rotary-nozzles","11":"product_tag-monro-mvt-f3-nozzles","13":"first","14":"instock","15":"shipping-taxable","16":"product-type-simple"},"yoast_head":"<!-- This site is optimized with the Yoast SEO plugin v24.9 - https:\/\/yoast.com\/wordpress\/plugins\/seo\/ -->\n<title>11600PSI 800Bar Pressure Hydro-Jetting Blasting Concrete demolition Swivel Rotary Water Jet for monro MVT F3 Nozzles - Panwin Machinery&amp;Equipment<\/title>\n<meta name=\"robots\" content=\"index, follow, max-snippet:-1, max-image-preview:large, max-video-preview:-1\" \/>\n<link rel=\"canonical\" href=\"https:\/\/panwinjet.com\/pt\/produto\/11600psi-800bar-pressure-hydro-jetting-blasting-concrete-demolition-swivel-rotary-water-jet-for-monro-mvt-f3-nozzles\/\" \/>\n<meta property=\"og:locale\" content=\"pt_PT\" \/>\n<meta property=\"og:type\" content=\"article\" \/>\n<meta property=\"og:title\" content=\"11600PSI 800Bar Pressure Hydro-Jetting Blasting Concrete demolition Swivel Rotary Water Jet for monro MVT F3 Nozzles - Panwin Machinery&amp;Equipment\" \/>\n<meta property=\"og:description\" content=\"11600PSI 800Bar Pressure Hydro-Jetting Blasting Concrete demolition Swivel Rotary Water Jet for monro MVT F3 Nozzles This 11600PSI 800Bar Pressure Hydro-Jetting Blasting Concrete demolition Swivel Rotary Water Jet for monro MVT F3 Nozzles combine the high power of the point jet with the large area output of the flat jet. They can be used with all approved high-pressure fittings and mounted on lances.\" \/>\n<meta property=\"og:url\" content=\"https:\/\/panwinjet.com\/pt\/produto\/11600psi-800bar-pressure-hydro-jetting-blasting-concrete-demolition-swivel-rotary-water-jet-for-monro-mvt-f3-nozzles\/\" \/>\n<meta property=\"og:site_name\" content=\"Panwin Machinery&amp;Equipment\" \/>\n<meta property=\"article:modified_time\" content=\"2025-11-23T15:18:09+00:00\" \/>\n<meta property=\"og:image\" content=\"https:\/\/panwinjet.com\/wp-content\/uploads\/2025\/11\/F3-F4-MVT-500Bar-Rotary-Nozzles-Swivel.jpg\" \/>\n\t<meta property=\"og:image:width\" content=\"810\" \/>\n\t<meta property=\"og:image:height\" content=\"1440\" \/>\n\t<meta property=\"og:image:type\" content=\"image\/jpeg\" \/>\n<meta name=\"twitter:card\" content=\"summary_large_image\" \/>\n<meta name=\"twitter:label1\" content=\"Tempo estimado de leitura\" \/>\n\t<meta name=\"twitter:data1\" content=\"1 minuto\" \/>\n<script type=\"application\/ld+json\" class=\"yoast-schema-graph\">{\"@context\":\"https:\/\/schema.org\",\"@graph\":[{\"@type\":\"WebPage\",\"@id\":\"https:\/\/panwinjet.com\/product\/11600psi-800bar-pressure-hydro-jetting-blasting-concrete-demolition-swivel-rotary-water-jet-for-monro-mvt-f3-nozzles\/\",\"url\":\"https:\/\/panwinjet.com\/product\/11600psi-800bar-pressure-hydro-jetting-blasting-concrete-demolition-swivel-rotary-water-jet-for-monro-mvt-f3-nozzles\/\",\"name\":\"11600PSI 800Bar Pressure Hydro-Jetting Blasting Concrete demolition Swivel Rotary Water Jet for monro MVT F3 Nozzles - Panwin Machinery&amp;Equipment\",\"isPartOf\":{\"@id\":\"https:\/\/panwinjet.com\/#website\"},\"primaryImageOfPage\":{\"@id\":\"https:\/\/panwinjet.com\/product\/11600psi-800bar-pressure-hydro-jetting-blasting-concrete-demolition-swivel-rotary-water-jet-for-monro-mvt-f3-nozzles\/#primaryimage\"},\"image\":{\"@id\":\"https:\/\/panwinjet.com\/product\/11600psi-800bar-pressure-hydro-jetting-blasting-concrete-demolition-swivel-rotary-water-jet-for-monro-mvt-f3-nozzles\/#primaryimage\"},\"thumbnailUrl\":\"https:\/\/panwinjet.com\/wp-content\/uploads\/2025\/11\/F3-F4-MVT-500Bar-Rotary-Nozzles-Swivel.jpg\",\"datePublished\":\"2025-11-23T15:18:08+00:00\",\"dateModified\":\"2025-11-23T15:18:09+00:00\",\"breadcrumb\":{\"@id\":\"https:\/\/panwinjet.com\/product\/11600psi-800bar-pressure-hydro-jetting-blasting-concrete-demolition-swivel-rotary-water-jet-for-monro-mvt-f3-nozzles\/#breadcrumb\"},\"inLanguage\":\"pt-PT\",\"potentialAction\":[{\"@type\":\"ReadAction\",\"target\":[\"https:\/\/panwinjet.com\/product\/11600psi-800bar-pressure-hydro-jetting-blasting-concrete-demolition-swivel-rotary-water-jet-for-monro-mvt-f3-nozzles\/\"]}]},{\"@type\":\"ImageObject\",\"inLanguage\":\"pt-PT\",\"@id\":\"https:\/\/panwinjet.com\/product\/11600psi-800bar-pressure-hydro-jetting-blasting-concrete-demolition-swivel-rotary-water-jet-for-monro-mvt-f3-nozzles\/#primaryimage\",\"url\":\"https:\/\/panwinjet.com\/wp-content\/uploads\/2025\/11\/F3-F4-MVT-500Bar-Rotary-Nozzles-Swivel.jpg\",\"contentUrl\":\"https:\/\/panwinjet.com\/wp-content\/uploads\/2025\/11\/F3-F4-MVT-500Bar-Rotary-Nozzles-Swivel.jpg\",\"width\":810,\"height\":1440},{\"@type\":\"BreadcrumbList\",\"@id\":\"https:\/\/panwinjet.com\/product\/11600psi-800bar-pressure-hydro-jetting-blasting-concrete-demolition-swivel-rotary-water-jet-for-monro-mvt-f3-nozzles\/#breadcrumb\",\"itemListElement\":[{\"@type\":\"ListItem\",\"position\":1,\"name\":\"\u9996\u9875\",\"item\":\"https:\/\/panwinjet.com\/\"},{\"@type\":\"ListItem\",\"position\":2,\"name\":\"PRODUCT\",\"item\":\"https:\/\/panwinjet.com\/product\/\"},{\"@type\":\"ListItem\",\"position\":3,\"name\":\"11600PSI 800Bar Pressure Hydro-Jetting Blasting Concrete demolition Swivel Rotary Water Jet for monro MVT F3 Nozzles\"}]},{\"@type\":\"WebSite\",\"@id\":\"https:\/\/panwinjet.com\/#website\",\"url\":\"https:\/\/panwinjet.com\/\",\"name\":\"Panwin Machinery&amp;Equipment\",\"description\":\"Shenzhen Panwin Machinery&amp;Equipment Co.Ltd\",\"potentialAction\":[{\"@type\":\"SearchAction\",\"target\":{\"@type\":\"EntryPoint\",\"urlTemplate\":\"https:\/\/panwinjet.com\/?s={search_term_string}\"},\"query-input\":{\"@type\":\"PropertyValueSpecification\",\"valueRequired\":true,\"valueName\":\"search_term_string\"}}],\"inLanguage\":\"pt-PT\"}]}<\/script>\n<!-- \/ Yoast SEO plugin. -->","yoast_head_json":{"title":"11600PSI 800Bar Pressure Hydro-Jetting Blasting Concrete demolition Swivel Rotary Water Jet for monro MVT F3 Nozzles - Panwin Machinery&amp;Equipment","robots":{"index":"index","follow":"follow","max-snippet":"max-snippet:-1","max-image-preview":"max-image-preview:large","max-video-preview":"max-video-preview:-1"},"canonical":"https:\/\/panwinjet.com\/pt\/produto\/11600psi-800bar-pressure-hydro-jetting-blasting-concrete-demolition-swivel-rotary-water-jet-for-monro-mvt-f3-nozzles\/","og_locale":"pt_PT","og_type":"article","og_title":"11600PSI 800Bar Pressure Hydro-Jetting Blasting Concrete demolition Swivel Rotary Water Jet for monro MVT F3 Nozzles - Panwin Machinery&amp;Equipment","og_description":"11600PSI 800Bar Pressure Hydro-Jetting Blasting Concrete demolition Swivel Rotary Water Jet for monro MVT F3 Nozzles This 11600PSI 800Bar Pressure Hydro-Jetting Blasting Concrete demolition Swivel Rotary Water Jet for monro MVT F3 Nozzles combine the high power of the point jet with the large area output of the flat jet. They can be used with all approved high-pressure fittings and mounted on lances.","og_url":"https:\/\/panwinjet.com\/pt\/produto\/11600psi-800bar-pressure-hydro-jetting-blasting-concrete-demolition-swivel-rotary-water-jet-for-monro-mvt-f3-nozzles\/","og_site_name":"Panwin Machinery&amp;Equipment","article_modified_time":"2025-11-23T15:18:09+00:00","og_image":[{"width":810,"height":1440,"url":"https:\/\/panwinjet.com\/wp-content\/uploads\/2025\/11\/F3-F4-MVT-500Bar-Rotary-Nozzles-Swivel.jpg","type":"image\/jpeg"}],"twitter_card":"summary_large_image","twitter_misc":{"Tempo estimado de leitura":"1 minuto"},"schema":{"@context":"https:\/\/schema.org","@graph":[{"@type":"WebPage","@id":"https:\/\/panwinjet.com\/product\/11600psi-800bar-pressure-hydro-jetting-blasting-concrete-demolition-swivel-rotary-water-jet-for-monro-mvt-f3-nozzles\/","url":"https:\/\/panwinjet.com\/product\/11600psi-800bar-pressure-hydro-jetting-blasting-concrete-demolition-swivel-rotary-water-jet-for-monro-mvt-f3-nozzles\/","name":"11600PSI 800Bar Pressure Hydro-Jetting Blasting Concrete demolition Swivel Rotary Water Jet for monro MVT F3 Nozzles - Panwin Machinery&amp;Equipment","isPartOf":{"@id":"https:\/\/panwinjet.com\/#website"},"primaryImageOfPage":{"@id":"https:\/\/panwinjet.com\/product\/11600psi-800bar-pressure-hydro-jetting-blasting-concrete-demolition-swivel-rotary-water-jet-for-monro-mvt-f3-nozzles\/#primaryimage"},"image":{"@id":"https:\/\/panwinjet.com\/product\/11600psi-800bar-pressure-hydro-jetting-blasting-concrete-demolition-swivel-rotary-water-jet-for-monro-mvt-f3-nozzles\/#primaryimage"},"thumbnailUrl":"https:\/\/panwinjet.com\/wp-content\/uploads\/2025\/11\/F3-F4-MVT-500Bar-Rotary-Nozzles-Swivel.jpg","datePublished":"2025-11-23T15:18:08+00:00","dateModified":"2025-11-23T15:18:09+00:00","breadcrumb":{"@id":"https:\/\/panwinjet.com\/product\/11600psi-800bar-pressure-hydro-jetting-blasting-concrete-demolition-swivel-rotary-water-jet-for-monro-mvt-f3-nozzles\/#breadcrumb"},"inLanguage":"pt-PT","potentialAction":[{"@type":"ReadAction","target":["https:\/\/panwinjet.com\/product\/11600psi-800bar-pressure-hydro-jetting-blasting-concrete-demolition-swivel-rotary-water-jet-for-monro-mvt-f3-nozzles\/"]}]},{"@type":"ImageObject","inLanguage":"pt-PT","@id":"https:\/\/panwinjet.com\/product\/11600psi-800bar-pressure-hydro-jetting-blasting-concrete-demolition-swivel-rotary-water-jet-for-monro-mvt-f3-nozzles\/#primaryimage","url":"https:\/\/panwinjet.com\/wp-content\/uploads\/2025\/11\/F3-F4-MVT-500Bar-Rotary-Nozzles-Swivel.jpg","contentUrl":"https:\/\/panwinjet.com\/wp-content\/uploads\/2025\/11\/F3-F4-MVT-500Bar-Rotary-Nozzles-Swivel.jpg","width":810,"height":1440},{"@type":"BreadcrumbList","@id":"https:\/\/panwinjet.com\/product\/11600psi-800bar-pressure-hydro-jetting-blasting-concrete-demolition-swivel-rotary-water-jet-for-monro-mvt-f3-nozzles\/#breadcrumb","itemListElement":[{"@type":"ListItem","position":1,"name":"\u9996\u9875","item":"https:\/\/panwinjet.com\/"},{"@type":"ListItem","position":2,"name":"PRODUCT","item":"https:\/\/panwinjet.com\/product\/"},{"@type":"ListItem","position":3,"name":"11600PSI 800Bar Pressure Hydro-Jetting Blasting Concrete demolition Swivel Rotary Water Jet for monro MVT F3 Nozzles"}]},{"@type":"WebSite","@id":"https:\/\/panwinjet.com\/#website","url":"https:\/\/panwinjet.com\/","name":"Panwin Machinery&amp;Equipment","description":"Shenzhen Panwin Machinery&amp;Equipment Co.Ltd","potentialAction":[{"@type":"SearchAction","target":{"@type":"EntryPoint","urlTemplate":"https:\/\/panwinjet.com\/?s={search_term_string}"},"query-input":{"@type":"PropertyValueSpecification","valueRequired":true,"valueName":"search_term_string"}}],"inLanguage":"pt-PT"}]}},"_links":{"self":[{"href":"https:\/\/panwinjet.com\/pt\/wp-json\/wp\/v2\/product\/1973","targetHints":{"allow":["GET"]}}],"collection":[{"href":"https:\/\/panwinjet.com\/pt\/wp-json\/wp\/v2\/product"}],"about":[{"href":"https:\/\/panwinjet.com\/pt\/wp-json\/wp\/v2\/types\/product"}],"wp:featuredmedia":[{"embeddable":true,"href":"https:\/\/panwinjet.com\/pt\/wp-json\/wp\/v2\/media\/1978"}],"wp:attachment":[{"href":"https:\/\/panwinjet.com\/pt\/wp-json\/wp\/v2\/media?parent=1973"}],"wp:term":[{"taxonomy":"product_brand","embeddable":true,"href":"https:\/\/panwinjet.com\/pt\/wp-json\/wp\/v2\/product_brand?post=1973"},{"taxonomy":"product_cat","embeddable":true,"href":"https:\/\/panwinjet.com\/pt\/wp-json\/wp\/v2\/product_cat?post=1973"},{"taxonomy":"product_tag","embeddable":true,"href":"https:\/\/panwinjet.com\/pt\/wp-json\/wp\/v2\/product_tag?post=1973"}],"curies":[{"name":"wp","href":"https:\/\/api.w.org\/{rel}","templated":true}]}}