{"id":1935,"date":"2025-11-20T06:03:28","date_gmt":"2025-11-20T06:03:28","guid":{"rendered":"https:\/\/panwinjet.com\/?post_type=product&#038;p=1935"},"modified":"2025-11-20T06:03:28","modified_gmt":"2025-11-20T06:03:28","slug":"uhp-water-blasting-petrochemical-pipe-cleaning-40kpsi-shipyard-surface-cleaning-uhp-hydro-jet-blasting-40k-rupture-disc-holder-40k-port-male-53505","status":"publish","type":"product","link":"https:\/\/panwinjet.com\/pt\/produto\/uhp-water-blasting-petrochemical-pipe-cleaning-40kpsi-shipyard-surface-cleaning-uhp-hydro-jet-blasting-40k-rupture-disc-holder-40k-port-male-53505\/","title":{"rendered":"Jateamento de \u00e1gua UHP para limpeza de tubula\u00e7\u00f5es petroqu\u00edmicas a 40Kpsi, limpeza de superf\u00edcies em estaleiros, jateamento de \u00e1gua UHP a 40Kpsi, suporte para disco de ruptura - Porta Macho 40K - 53505"},"content":{"rendered":"<p>Apresenta\u00e7\u00e3o do produto: Suporte para disco de ruptura UHP 40K - Porta macho 40K - 53505<br \/>\nEste suporte para disco de ruptura UHP 40K -40K Porta Macho-53505 evita a sobrepressuriza\u00e7\u00e3o de sistemas de jateamento de \u00e1gua, utilizando discos baratos e facilmente substitu\u00edveis, fabricados para romper em press\u00f5es predeterminadas.<\/p>\n<p>2. Par\u00e2metros do produto (especifica\u00e7\u00f5es) do suporte para disco de ruptura UHP 40K - Porta macho 40K - 53505<br \/>\nEste suporte para disco de ruptura UHP 40K - Porta Macho 40K - 53505 \u00e9 feito de a\u00e7o inoxid\u00e1vel de alta qualidade, com press\u00f5es de opera\u00e7\u00e3o de at\u00e9 40.000 psi (2750 bar) e conex\u00e3o macho 40K.<\/p>","protected":false},"excerpt":{"rendered":"<p>Caracter\u00edsticas e aplica\u00e7\u00f5es do suporte para disco de ruptura UHP 40K - Porta macho 40K - 53505<br \/>\nEste suporte para disco de ruptura UHP 40K - Porta Macho 40K - 53505<br \/>\nO di\u00e2metro de sa\u00edda do disco (em polegadas) \u00e9 de 0,25 polegadas, equalizado em 6,30 mm, a conex\u00e3o de entrada \u00e9 um conector macho de 40K, estrutura e design de alta qualidade, al\u00e9m de versatilidade na convers\u00e3o e multifuncionalidade.<\/p>\n<p>Suporte para Disco de Ruptura 40K - Porta Macho 40K - 53505 apresenta as seguintes caracter\u00edsticas:<br \/>\nCaracter\u00edsticas:<br \/>\n1: Manuten\u00e7\u00e3o f\u00e1cil, tempo de inatividade m\u00ednimo<br \/>\n2: Durabilidade de longa dura\u00e7\u00e3o<br \/>\n3: Pist\u00f5es e buchas de pist\u00e3o de carboneto s\u00f3lido<\/p>","protected":false},"featured_media":1939,"template":"","meta":[],"product_brand":[],"product_cat":[8,9,7,10,11],"product_tag":[108,109,107],"class_list":{"0":"post-1935","1":"product","2":"type-product","3":"status-publish","4":"has-post-thumbnail","6":"product_cat-giant-tank-cleaningcutting-device","7":"product_cat-heat-exchanger-cleaning-device","8":"product_cat-jetstream-pump-fluid-end-compatibe-parts","9":"product_cat-pipeline-tube-uhp-water-blasting-cleaning-device","10":"product_cat-ship-cleaning-device","11":"product_tag-40kpsi-shipyard-surface-cleaning","12":"product_tag-uhp-hydro-jet-blasting-40k-rupture-disc-holder-40k-port-male-53505","13":"product_tag-uhp-water-blasting","15":"first","16":"instock","17":"shipping-taxable","18":"product-type-simple"},"yoast_head":"<!-- This site is optimized with the Yoast SEO plugin v24.9 - https:\/\/yoast.com\/wordpress\/plugins\/seo\/ -->\n<title>UHP Water-blasting Petrochemical pipe cleaning 40Kpsi Shipyard Surface cleaning UHP Hydro Jet Blasting 40K Rupture Disc Holder -40K Port Male-53505 - Panwin Machinery&amp;Equipment<\/title>\n<meta name=\"robots\" content=\"index, follow, max-snippet:-1, max-image-preview:large, max-video-preview:-1\" \/>\n<link rel=\"canonical\" href=\"https:\/\/panwinjet.com\/pt\/produto\/uhp-water-blasting-petrochemical-pipe-cleaning-40kpsi-shipyard-surface-cleaning-uhp-hydro-jet-blasting-40k-rupture-disc-holder-40k-port-male-53505\/\" \/>\n<meta property=\"og:locale\" content=\"pt_PT\" \/>\n<meta property=\"og:type\" content=\"article\" \/>\n<meta property=\"og:title\" content=\"UHP Water-blasting Petrochemical pipe cleaning 40Kpsi Shipyard Surface cleaning UHP Hydro Jet Blasting 40K Rupture Disc Holder -40K Port Male-53505 - Panwin Machinery&amp;Equipment\" \/>\n<meta property=\"og:description\" content=\"Feature And Application of UHP 40K Rupture Disc Holder -40K Port Male-53505 This UHP 40K Rupture Disc Holder -40K Port Male-53505 Disc Blow Out Diameter (in) is 0.25inch, equalized 6.30mm, Inlet Connection is 40K Port Male, high quality structure and design,as well as Versatility in conversion and muti-function.  40K Rupture Disc Holder -40K Port Male-53505 features as follows: Features: 1:Easy service, minimum downtime 2: Long-life durability 3:Solid carbide plungers and plunger bushings\" \/>\n<meta property=\"og:url\" content=\"https:\/\/panwinjet.com\/pt\/produto\/uhp-water-blasting-petrochemical-pipe-cleaning-40kpsi-shipyard-surface-cleaning-uhp-hydro-jet-blasting-40k-rupture-disc-holder-40k-port-male-53505\/\" \/>\n<meta property=\"og:site_name\" content=\"Panwin Machinery&amp;Equipment\" \/>\n<meta property=\"og:image\" content=\"https:\/\/panwinjet.com\/wp-content\/uploads\/2025\/11\/53505-JS-\u9632\u7206\u9600\u9600\u5ea7-40k-7-scaled.jpg\" \/>\n\t<meta property=\"og:image:width\" content=\"1152\" \/>\n\t<meta property=\"og:image:height\" content=\"2560\" \/>\n\t<meta property=\"og:image:type\" content=\"image\/jpeg\" \/>\n<meta name=\"twitter:card\" content=\"summary_large_image\" \/>\n<meta name=\"twitter:label1\" content=\"Tempo estimado de leitura\" \/>\n\t<meta name=\"twitter:data1\" content=\"1 minuto\" \/>\n<script type=\"application\/ld+json\" class=\"yoast-schema-graph\">{\"@context\":\"https:\/\/schema.org\",\"@graph\":[{\"@type\":\"WebPage\",\"@id\":\"https:\/\/panwinjet.com\/product\/uhp-water-blasting-petrochemical-pipe-cleaning-40kpsi-shipyard-surface-cleaning-uhp-hydro-jet-blasting-40k-rupture-disc-holder-40k-port-male-53505\/\",\"url\":\"https:\/\/panwinjet.com\/product\/uhp-water-blasting-petrochemical-pipe-cleaning-40kpsi-shipyard-surface-cleaning-uhp-hydro-jet-blasting-40k-rupture-disc-holder-40k-port-male-53505\/\",\"name\":\"UHP Water-blasting Petrochemical pipe cleaning 40Kpsi Shipyard Surface cleaning UHP Hydro Jet Blasting 40K Rupture Disc Holder -40K Port Male-53505 - Panwin Machinery&amp;Equipment\",\"isPartOf\":{\"@id\":\"https:\/\/panwinjet.com\/#website\"},\"primaryImageOfPage\":{\"@id\":\"https:\/\/panwinjet.com\/product\/uhp-water-blasting-petrochemical-pipe-cleaning-40kpsi-shipyard-surface-cleaning-uhp-hydro-jet-blasting-40k-rupture-disc-holder-40k-port-male-53505\/#primaryimage\"},\"image\":{\"@id\":\"https:\/\/panwinjet.com\/product\/uhp-water-blasting-petrochemical-pipe-cleaning-40kpsi-shipyard-surface-cleaning-uhp-hydro-jet-blasting-40k-rupture-disc-holder-40k-port-male-53505\/#primaryimage\"},\"thumbnailUrl\":\"https:\/\/panwinjet.com\/wp-content\/uploads\/2025\/11\/53505-JS-\u9632\u7206\u9600\u9600\u5ea7-40k-7-scaled.jpg\",\"datePublished\":\"2025-11-20T06:03:28+00:00\",\"breadcrumb\":{\"@id\":\"https:\/\/panwinjet.com\/product\/uhp-water-blasting-petrochemical-pipe-cleaning-40kpsi-shipyard-surface-cleaning-uhp-hydro-jet-blasting-40k-rupture-disc-holder-40k-port-male-53505\/#breadcrumb\"},\"inLanguage\":\"pt-PT\",\"potentialAction\":[{\"@type\":\"ReadAction\",\"target\":[\"https:\/\/panwinjet.com\/product\/uhp-water-blasting-petrochemical-pipe-cleaning-40kpsi-shipyard-surface-cleaning-uhp-hydro-jet-blasting-40k-rupture-disc-holder-40k-port-male-53505\/\"]}]},{\"@type\":\"ImageObject\",\"inLanguage\":\"pt-PT\",\"@id\":\"https:\/\/panwinjet.com\/product\/uhp-water-blasting-petrochemical-pipe-cleaning-40kpsi-shipyard-surface-cleaning-uhp-hydro-jet-blasting-40k-rupture-disc-holder-40k-port-male-53505\/#primaryimage\",\"url\":\"https:\/\/panwinjet.com\/wp-content\/uploads\/2025\/11\/53505-JS-\u9632\u7206\u9600\u9600\u5ea7-40k-7-scaled.jpg\",\"contentUrl\":\"https:\/\/panwinjet.com\/wp-content\/uploads\/2025\/11\/53505-JS-\u9632\u7206\u9600\u9600\u5ea7-40k-7-scaled.jpg\",\"width\":1152,\"height\":2560},{\"@type\":\"BreadcrumbList\",\"@id\":\"https:\/\/panwinjet.com\/product\/uhp-water-blasting-petrochemical-pipe-cleaning-40kpsi-shipyard-surface-cleaning-uhp-hydro-jet-blasting-40k-rupture-disc-holder-40k-port-male-53505\/#breadcrumb\",\"itemListElement\":[{\"@type\":\"ListItem\",\"position\":1,\"name\":\"\u9996\u9875\",\"item\":\"https:\/\/panwinjet.com\/\"},{\"@type\":\"ListItem\",\"position\":2,\"name\":\"PRODUCT\",\"item\":\"https:\/\/panwinjet.com\/product\/\"},{\"@type\":\"ListItem\",\"position\":3,\"name\":\"UHP Water-blasting Petrochemical pipe cleaning 40Kpsi Shipyard Surface cleaning UHP Hydro Jet Blasting 40K Rupture Disc Holder -40K Port Male-53505\"}]},{\"@type\":\"WebSite\",\"@id\":\"https:\/\/panwinjet.com\/#website\",\"url\":\"https:\/\/panwinjet.com\/\",\"name\":\"Panwin Machinery&amp;Equipment\",\"description\":\"Shenzhen Panwin Machinery&amp;Equipment Co.Ltd\",\"potentialAction\":[{\"@type\":\"SearchAction\",\"target\":{\"@type\":\"EntryPoint\",\"urlTemplate\":\"https:\/\/panwinjet.com\/?s={search_term_string}\"},\"query-input\":{\"@type\":\"PropertyValueSpecification\",\"valueRequired\":true,\"valueName\":\"search_term_string\"}}],\"inLanguage\":\"pt-PT\"}]}<\/script>\n<!-- \/ Yoast SEO plugin. -->","yoast_head_json":{"title":"UHP Water-blasting Petrochemical pipe cleaning 40Kpsi Shipyard Surface cleaning UHP Hydro Jet Blasting 40K Rupture Disc Holder -40K Port Male-53505 - Panwin Machinery&amp;Equipment","robots":{"index":"index","follow":"follow","max-snippet":"max-snippet:-1","max-image-preview":"max-image-preview:large","max-video-preview":"max-video-preview:-1"},"canonical":"https:\/\/panwinjet.com\/pt\/produto\/uhp-water-blasting-petrochemical-pipe-cleaning-40kpsi-shipyard-surface-cleaning-uhp-hydro-jet-blasting-40k-rupture-disc-holder-40k-port-male-53505\/","og_locale":"pt_PT","og_type":"article","og_title":"UHP Water-blasting Petrochemical pipe cleaning 40Kpsi Shipyard Surface cleaning UHP Hydro Jet Blasting 40K Rupture Disc Holder -40K Port Male-53505 - Panwin Machinery&amp;Equipment","og_description":"Feature And Application of UHP 40K Rupture Disc Holder -40K Port Male-53505 This UHP 40K Rupture Disc Holder -40K Port Male-53505 Disc Blow Out Diameter (in) is 0.25inch, equalized 6.30mm, Inlet Connection is 40K Port Male, high quality structure and design,as well as Versatility in conversion and muti-function.  40K Rupture Disc Holder -40K Port Male-53505 features as follows: Features: 1:Easy service, minimum downtime 2: Long-life durability 3:Solid carbide plungers and plunger bushings","og_url":"https:\/\/panwinjet.com\/pt\/produto\/uhp-water-blasting-petrochemical-pipe-cleaning-40kpsi-shipyard-surface-cleaning-uhp-hydro-jet-blasting-40k-rupture-disc-holder-40k-port-male-53505\/","og_site_name":"Panwin Machinery&amp;Equipment","og_image":[{"width":1152,"height":2560,"url":"https:\/\/panwinjet.com\/wp-content\/uploads\/2025\/11\/53505-JS-\u9632\u7206\u9600\u9600\u5ea7-40k-7-scaled.jpg","type":"image\/jpeg"}],"twitter_card":"summary_large_image","twitter_misc":{"Tempo estimado de leitura":"1 minuto"},"schema":{"@context":"https:\/\/schema.org","@graph":[{"@type":"WebPage","@id":"https:\/\/panwinjet.com\/product\/uhp-water-blasting-petrochemical-pipe-cleaning-40kpsi-shipyard-surface-cleaning-uhp-hydro-jet-blasting-40k-rupture-disc-holder-40k-port-male-53505\/","url":"https:\/\/panwinjet.com\/product\/uhp-water-blasting-petrochemical-pipe-cleaning-40kpsi-shipyard-surface-cleaning-uhp-hydro-jet-blasting-40k-rupture-disc-holder-40k-port-male-53505\/","name":"UHP Water-blasting Petrochemical pipe cleaning 40Kpsi Shipyard Surface cleaning UHP Hydro Jet Blasting 40K Rupture Disc Holder -40K Port Male-53505 - Panwin Machinery&amp;Equipment","isPartOf":{"@id":"https:\/\/panwinjet.com\/#website"},"primaryImageOfPage":{"@id":"https:\/\/panwinjet.com\/product\/uhp-water-blasting-petrochemical-pipe-cleaning-40kpsi-shipyard-surface-cleaning-uhp-hydro-jet-blasting-40k-rupture-disc-holder-40k-port-male-53505\/#primaryimage"},"image":{"@id":"https:\/\/panwinjet.com\/product\/uhp-water-blasting-petrochemical-pipe-cleaning-40kpsi-shipyard-surface-cleaning-uhp-hydro-jet-blasting-40k-rupture-disc-holder-40k-port-male-53505\/#primaryimage"},"thumbnailUrl":"https:\/\/panwinjet.com\/wp-content\/uploads\/2025\/11\/53505-JS-\u9632\u7206\u9600\u9600\u5ea7-40k-7-scaled.jpg","datePublished":"2025-11-20T06:03:28+00:00","breadcrumb":{"@id":"https:\/\/panwinjet.com\/product\/uhp-water-blasting-petrochemical-pipe-cleaning-40kpsi-shipyard-surface-cleaning-uhp-hydro-jet-blasting-40k-rupture-disc-holder-40k-port-male-53505\/#breadcrumb"},"inLanguage":"pt-PT","potentialAction":[{"@type":"ReadAction","target":["https:\/\/panwinjet.com\/product\/uhp-water-blasting-petrochemical-pipe-cleaning-40kpsi-shipyard-surface-cleaning-uhp-hydro-jet-blasting-40k-rupture-disc-holder-40k-port-male-53505\/"]}]},{"@type":"ImageObject","inLanguage":"pt-PT","@id":"https:\/\/panwinjet.com\/product\/uhp-water-blasting-petrochemical-pipe-cleaning-40kpsi-shipyard-surface-cleaning-uhp-hydro-jet-blasting-40k-rupture-disc-holder-40k-port-male-53505\/#primaryimage","url":"https:\/\/panwinjet.com\/wp-content\/uploads\/2025\/11\/53505-JS-\u9632\u7206\u9600\u9600\u5ea7-40k-7-scaled.jpg","contentUrl":"https:\/\/panwinjet.com\/wp-content\/uploads\/2025\/11\/53505-JS-\u9632\u7206\u9600\u9600\u5ea7-40k-7-scaled.jpg","width":1152,"height":2560},{"@type":"BreadcrumbList","@id":"https:\/\/panwinjet.com\/product\/uhp-water-blasting-petrochemical-pipe-cleaning-40kpsi-shipyard-surface-cleaning-uhp-hydro-jet-blasting-40k-rupture-disc-holder-40k-port-male-53505\/#breadcrumb","itemListElement":[{"@type":"ListItem","position":1,"name":"\u9996\u9875","item":"https:\/\/panwinjet.com\/"},{"@type":"ListItem","position":2,"name":"PRODUCT","item":"https:\/\/panwinjet.com\/product\/"},{"@type":"ListItem","position":3,"name":"UHP Water-blasting Petrochemical pipe cleaning 40Kpsi Shipyard Surface cleaning UHP Hydro Jet Blasting 40K Rupture Disc Holder -40K Port Male-53505"}]},{"@type":"WebSite","@id":"https:\/\/panwinjet.com\/#website","url":"https:\/\/panwinjet.com\/","name":"Panwin Machinery&amp;Equipment","description":"Shenzhen Panwin Machinery&amp;Equipment Co.Ltd","potentialAction":[{"@type":"SearchAction","target":{"@type":"EntryPoint","urlTemplate":"https:\/\/panwinjet.com\/?s={search_term_string}"},"query-input":{"@type":"PropertyValueSpecification","valueRequired":true,"valueName":"search_term_string"}}],"inLanguage":"pt-PT"}]}},"_links":{"self":[{"href":"https:\/\/panwinjet.com\/pt\/wp-json\/wp\/v2\/product\/1935","targetHints":{"allow":["GET"]}}],"collection":[{"href":"https:\/\/panwinjet.com\/pt\/wp-json\/wp\/v2\/product"}],"about":[{"href":"https:\/\/panwinjet.com\/pt\/wp-json\/wp\/v2\/types\/product"}],"wp:featuredmedia":[{"embeddable":true,"href":"https:\/\/panwinjet.com\/pt\/wp-json\/wp\/v2\/media\/1939"}],"wp:attachment":[{"href":"https:\/\/panwinjet.com\/pt\/wp-json\/wp\/v2\/media?parent=1935"}],"wp:term":[{"taxonomy":"product_brand","embeddable":true,"href":"https:\/\/panwinjet.com\/pt\/wp-json\/wp\/v2\/product_brand?post=1935"},{"taxonomy":"product_cat","embeddable":true,"href":"https:\/\/panwinjet.com\/pt\/wp-json\/wp\/v2\/product_cat?post=1935"},{"taxonomy":"product_tag","embeddable":true,"href":"https:\/\/panwinjet.com\/pt\/wp-json\/wp\/v2\/product_tag?post=1935"}],"curies":[{"name":"wp","href":"https:\/\/api.w.org\/{rel}","templated":true}]}}