{"id":1916,"date":"2025-11-14T07:51:23","date_gmt":"2025-11-14T07:51:23","guid":{"rendered":"https:\/\/panwinjet.com\/?post_type=product&#038;p=1916"},"modified":"2025-11-14T07:51:23","modified_gmt":"2025-11-14T07:51:23","slug":"2800bar-40kpsi-uhp-hydro-jettting-water-blaster-surface-preperation-barracuda-self-rotary-nozzles","status":"publish","type":"product","link":"https:\/\/panwinjet.com\/pt\/produto\/2800bar-40kpsi-uhp-hydro-jettting-water-blaster-surface-preperation-barracuda-self-rotary-nozzles\/","title":{"rendered":"Jateamento de \u00e1gua UHP de 2800 Bar e 40 Kpsi para prepara\u00e7\u00e3o de superf\u00edcies com bicos auto-rotativos Barracuda."},"content":{"rendered":"<p>Estrutura de alta efici\u00eancia e f\u00e1cil manuten\u00e7\u00e3o, produtividade aprimorada com o bico de prepara\u00e7\u00e3o de superf\u00edcie Barracuda com rota\u00e7\u00e3o autom\u00e1tica, para pistolas de 1379 a 2759 bar (20.000 a 40.000 psi). O jateamento de \u00e1gua de ultra-alta press\u00e3o tornou-se o m\u00e9todo padr\u00e3o para remo\u00e7\u00e3o de revestimentos devido \u00e0 sua economia e vantagens ambientais. Nossos bicos 30%-50% possuem vida \u00fatil prolongada e s\u00e3o f\u00e1ceis de manter, economizando tempo. O Barracuda \u00e9 ideal para uso com as pistolas de pulveriza\u00e7\u00e3o Panwin de controle de descarga 20K e 40K.<\/p>","protected":false},"excerpt":{"rendered":"<p>Bocal de safira de alta qualidade 7\/16-20 ou M10<br \/>\nControle de velocidade de rota\u00e7\u00e3o de 1.200 a 2.600 RPM<br \/>\nFaixa de opera\u00e7\u00e3o: 1379-2759 bar (20.000-40.000 psi)<br \/>\n2800 bar: 15 a 38 LPM<br \/>\n1500 bar: 12 a 35 LPM<br \/>\nPesa apenas 1,3 kg<br \/>\nConstru\u00e7\u00e3o dur\u00e1vel em a\u00e7o inoxid\u00e1vel. Estrutura de f\u00e1cil manuten\u00e7\u00e3o.<br \/>\nRolamento rotativo de longa dura\u00e7\u00e3o<br \/>\nCabe\u00e7a rotativa integral<\/p>","protected":false},"featured_media":1923,"template":"","meta":[],"product_brand":[],"product_cat":[8,10,11,5],"product_tag":[104,106,105],"class_list":{"0":"post-1916","1":"product","2":"type-product","3":"status-publish","4":"has-post-thumbnail","6":"product_cat-giant-tank-cleaningcutting-device","7":"product_cat-pipeline-tube-uhp-water-blasting-cleaning-device","8":"product_cat-ship-cleaning-device","9":"product_cat-uhp-rotating-nozzles","10":"product_tag-2800bar-40kpsi-uhp-hydro-jettting","11":"product_tag-surface-preperation-barracuda","12":"product_tag-water-blaster","14":"first","15":"instock","16":"shipping-taxable","17":"product-type-simple"},"yoast_head":"<!-- This site is optimized with the Yoast SEO plugin v24.9 - https:\/\/yoast.com\/wordpress\/plugins\/seo\/ -->\n<title>2800Bar 40Kpsi UHP Hydro-Jettting Water Blaster Surface Preperation Barracuda Self-Rotary Nozzles - Panwin Machinery&amp;Equipment<\/title>\n<meta name=\"robots\" content=\"index, follow, max-snippet:-1, max-image-preview:large, max-video-preview:-1\" \/>\n<link rel=\"canonical\" href=\"https:\/\/panwinjet.com\/pt\/produto\/2800bar-40kpsi-uhp-hydro-jettting-water-blaster-surface-preperation-barracuda-self-rotary-nozzles\/\" \/>\n<meta property=\"og:locale\" content=\"pt_PT\" \/>\n<meta property=\"og:type\" content=\"article\" \/>\n<meta property=\"og:title\" content=\"2800Bar 40Kpsi UHP Hydro-Jettting Water Blaster Surface Preperation Barracuda Self-Rotary Nozzles - Panwin Machinery&amp;Equipment\" \/>\n<meta property=\"og:description\" content=\"High quality 7\/16-20 Or M10 sapphire nozzle Rotation speed control 1,200 to 2,600 RPM Operation range 1379-2759 bar (20,000-40,000 psi) 2800Bar: 15 to 38LPM 1500Bar: 12 to 35 LPM Only weighs 1.3kg Durable stainless steel construction Easy service Structure Long Life Rotary Bearing Integral rotating head\" \/>\n<meta property=\"og:url\" content=\"https:\/\/panwinjet.com\/pt\/produto\/2800bar-40kpsi-uhp-hydro-jettting-water-blaster-surface-preperation-barracuda-self-rotary-nozzles\/\" \/>\n<meta property=\"og:site_name\" content=\"Panwin Machinery&amp;Equipment\" \/>\n<meta property=\"og:image\" content=\"https:\/\/panwinjet.com\/wp-content\/uploads\/2025\/11\/40K-Barracuda-Nozzles-scaled.jpg\" \/>\n\t<meta property=\"og:image:width\" content=\"2560\" \/>\n\t<meta property=\"og:image:height\" content=\"1152\" \/>\n\t<meta property=\"og:image:type\" content=\"image\/jpeg\" \/>\n<meta name=\"twitter:card\" content=\"summary_large_image\" \/>\n<script type=\"application\/ld+json\" class=\"yoast-schema-graph\">{\"@context\":\"https:\/\/schema.org\",\"@graph\":[{\"@type\":\"WebPage\",\"@id\":\"https:\/\/panwinjet.com\/product\/2800bar-40kpsi-uhp-hydro-jettting-water-blaster-surface-preperation-barracuda-self-rotary-nozzles\/\",\"url\":\"https:\/\/panwinjet.com\/product\/2800bar-40kpsi-uhp-hydro-jettting-water-blaster-surface-preperation-barracuda-self-rotary-nozzles\/\",\"name\":\"2800Bar 40Kpsi UHP Hydro-Jettting Water Blaster Surface Preperation Barracuda Self-Rotary Nozzles - Panwin Machinery&amp;Equipment\",\"isPartOf\":{\"@id\":\"https:\/\/panwinjet.com\/#website\"},\"primaryImageOfPage\":{\"@id\":\"https:\/\/panwinjet.com\/product\/2800bar-40kpsi-uhp-hydro-jettting-water-blaster-surface-preperation-barracuda-self-rotary-nozzles\/#primaryimage\"},\"image\":{\"@id\":\"https:\/\/panwinjet.com\/product\/2800bar-40kpsi-uhp-hydro-jettting-water-blaster-surface-preperation-barracuda-self-rotary-nozzles\/#primaryimage\"},\"thumbnailUrl\":\"https:\/\/panwinjet.com\/wp-content\/uploads\/2025\/11\/40K-Barracuda-Nozzles-scaled.jpg\",\"datePublished\":\"2025-11-14T07:51:23+00:00\",\"breadcrumb\":{\"@id\":\"https:\/\/panwinjet.com\/product\/2800bar-40kpsi-uhp-hydro-jettting-water-blaster-surface-preperation-barracuda-self-rotary-nozzles\/#breadcrumb\"},\"inLanguage\":\"pt-PT\",\"potentialAction\":[{\"@type\":\"ReadAction\",\"target\":[\"https:\/\/panwinjet.com\/product\/2800bar-40kpsi-uhp-hydro-jettting-water-blaster-surface-preperation-barracuda-self-rotary-nozzles\/\"]}]},{\"@type\":\"ImageObject\",\"inLanguage\":\"pt-PT\",\"@id\":\"https:\/\/panwinjet.com\/product\/2800bar-40kpsi-uhp-hydro-jettting-water-blaster-surface-preperation-barracuda-self-rotary-nozzles\/#primaryimage\",\"url\":\"https:\/\/panwinjet.com\/wp-content\/uploads\/2025\/11\/40K-Barracuda-Nozzles-scaled.jpg\",\"contentUrl\":\"https:\/\/panwinjet.com\/wp-content\/uploads\/2025\/11\/40K-Barracuda-Nozzles-scaled.jpg\",\"width\":2560,\"height\":1152},{\"@type\":\"BreadcrumbList\",\"@id\":\"https:\/\/panwinjet.com\/product\/2800bar-40kpsi-uhp-hydro-jettting-water-blaster-surface-preperation-barracuda-self-rotary-nozzles\/#breadcrumb\",\"itemListElement\":[{\"@type\":\"ListItem\",\"position\":1,\"name\":\"\u9996\u9875\",\"item\":\"https:\/\/panwinjet.com\/\"},{\"@type\":\"ListItem\",\"position\":2,\"name\":\"PRODUCT\",\"item\":\"https:\/\/panwinjet.com\/product\/\"},{\"@type\":\"ListItem\",\"position\":3,\"name\":\"2800Bar 40Kpsi UHP Hydro-Jettting Water Blaster Surface Preperation Barracuda Self-Rotary Nozzles\"}]},{\"@type\":\"WebSite\",\"@id\":\"https:\/\/panwinjet.com\/#website\",\"url\":\"https:\/\/panwinjet.com\/\",\"name\":\"Panwin Machinery&amp;Equipment\",\"description\":\"Shenzhen Panwin Machinery&amp;Equipment Co.Ltd\",\"potentialAction\":[{\"@type\":\"SearchAction\",\"target\":{\"@type\":\"EntryPoint\",\"urlTemplate\":\"https:\/\/panwinjet.com\/?s={search_term_string}\"},\"query-input\":{\"@type\":\"PropertyValueSpecification\",\"valueRequired\":true,\"valueName\":\"search_term_string\"}}],\"inLanguage\":\"pt-PT\"}]}<\/script>\n<!-- \/ Yoast SEO plugin. -->","yoast_head_json":{"title":"2800Bar 40Kpsi UHP Hydro-Jettting Water Blaster Surface Preperation Barracuda Self-Rotary Nozzles - Panwin Machinery&amp;Equipment","robots":{"index":"index","follow":"follow","max-snippet":"max-snippet:-1","max-image-preview":"max-image-preview:large","max-video-preview":"max-video-preview:-1"},"canonical":"https:\/\/panwinjet.com\/pt\/produto\/2800bar-40kpsi-uhp-hydro-jettting-water-blaster-surface-preperation-barracuda-self-rotary-nozzles\/","og_locale":"pt_PT","og_type":"article","og_title":"2800Bar 40Kpsi UHP Hydro-Jettting Water Blaster Surface Preperation Barracuda Self-Rotary Nozzles - Panwin Machinery&amp;Equipment","og_description":"High quality 7\/16-20 Or M10 sapphire nozzle Rotation speed control 1,200 to 2,600 RPM Operation range 1379-2759 bar (20,000-40,000 psi) 2800Bar: 15 to 38LPM 1500Bar: 12 to 35 LPM Only weighs 1.3kg Durable stainless steel construction Easy service Structure Long Life Rotary Bearing Integral rotating head","og_url":"https:\/\/panwinjet.com\/pt\/produto\/2800bar-40kpsi-uhp-hydro-jettting-water-blaster-surface-preperation-barracuda-self-rotary-nozzles\/","og_site_name":"Panwin Machinery&amp;Equipment","og_image":[{"width":2560,"height":1152,"url":"https:\/\/panwinjet.com\/wp-content\/uploads\/2025\/11\/40K-Barracuda-Nozzles-scaled.jpg","type":"image\/jpeg"}],"twitter_card":"summary_large_image","schema":{"@context":"https:\/\/schema.org","@graph":[{"@type":"WebPage","@id":"https:\/\/panwinjet.com\/product\/2800bar-40kpsi-uhp-hydro-jettting-water-blaster-surface-preperation-barracuda-self-rotary-nozzles\/","url":"https:\/\/panwinjet.com\/product\/2800bar-40kpsi-uhp-hydro-jettting-water-blaster-surface-preperation-barracuda-self-rotary-nozzles\/","name":"2800Bar 40Kpsi UHP Hydro-Jettting Water Blaster Surface Preperation Barracuda Self-Rotary Nozzles - Panwin Machinery&amp;Equipment","isPartOf":{"@id":"https:\/\/panwinjet.com\/#website"},"primaryImageOfPage":{"@id":"https:\/\/panwinjet.com\/product\/2800bar-40kpsi-uhp-hydro-jettting-water-blaster-surface-preperation-barracuda-self-rotary-nozzles\/#primaryimage"},"image":{"@id":"https:\/\/panwinjet.com\/product\/2800bar-40kpsi-uhp-hydro-jettting-water-blaster-surface-preperation-barracuda-self-rotary-nozzles\/#primaryimage"},"thumbnailUrl":"https:\/\/panwinjet.com\/wp-content\/uploads\/2025\/11\/40K-Barracuda-Nozzles-scaled.jpg","datePublished":"2025-11-14T07:51:23+00:00","breadcrumb":{"@id":"https:\/\/panwinjet.com\/product\/2800bar-40kpsi-uhp-hydro-jettting-water-blaster-surface-preperation-barracuda-self-rotary-nozzles\/#breadcrumb"},"inLanguage":"pt-PT","potentialAction":[{"@type":"ReadAction","target":["https:\/\/panwinjet.com\/product\/2800bar-40kpsi-uhp-hydro-jettting-water-blaster-surface-preperation-barracuda-self-rotary-nozzles\/"]}]},{"@type":"ImageObject","inLanguage":"pt-PT","@id":"https:\/\/panwinjet.com\/product\/2800bar-40kpsi-uhp-hydro-jettting-water-blaster-surface-preperation-barracuda-self-rotary-nozzles\/#primaryimage","url":"https:\/\/panwinjet.com\/wp-content\/uploads\/2025\/11\/40K-Barracuda-Nozzles-scaled.jpg","contentUrl":"https:\/\/panwinjet.com\/wp-content\/uploads\/2025\/11\/40K-Barracuda-Nozzles-scaled.jpg","width":2560,"height":1152},{"@type":"BreadcrumbList","@id":"https:\/\/panwinjet.com\/product\/2800bar-40kpsi-uhp-hydro-jettting-water-blaster-surface-preperation-barracuda-self-rotary-nozzles\/#breadcrumb","itemListElement":[{"@type":"ListItem","position":1,"name":"\u9996\u9875","item":"https:\/\/panwinjet.com\/"},{"@type":"ListItem","position":2,"name":"PRODUCT","item":"https:\/\/panwinjet.com\/product\/"},{"@type":"ListItem","position":3,"name":"2800Bar 40Kpsi UHP Hydro-Jettting Water Blaster Surface Preperation Barracuda Self-Rotary Nozzles"}]},{"@type":"WebSite","@id":"https:\/\/panwinjet.com\/#website","url":"https:\/\/panwinjet.com\/","name":"Panwin Machinery&amp;Equipment","description":"Shenzhen Panwin Machinery&amp;Equipment Co.Ltd","potentialAction":[{"@type":"SearchAction","target":{"@type":"EntryPoint","urlTemplate":"https:\/\/panwinjet.com\/?s={search_term_string}"},"query-input":{"@type":"PropertyValueSpecification","valueRequired":true,"valueName":"search_term_string"}}],"inLanguage":"pt-PT"}]}},"_links":{"self":[{"href":"https:\/\/panwinjet.com\/pt\/wp-json\/wp\/v2\/product\/1916","targetHints":{"allow":["GET"]}}],"collection":[{"href":"https:\/\/panwinjet.com\/pt\/wp-json\/wp\/v2\/product"}],"about":[{"href":"https:\/\/panwinjet.com\/pt\/wp-json\/wp\/v2\/types\/product"}],"wp:featuredmedia":[{"embeddable":true,"href":"https:\/\/panwinjet.com\/pt\/wp-json\/wp\/v2\/media\/1923"}],"wp:attachment":[{"href":"https:\/\/panwinjet.com\/pt\/wp-json\/wp\/v2\/media?parent=1916"}],"wp:term":[{"taxonomy":"product_brand","embeddable":true,"href":"https:\/\/panwinjet.com\/pt\/wp-json\/wp\/v2\/product_brand?post=1916"},{"taxonomy":"product_cat","embeddable":true,"href":"https:\/\/panwinjet.com\/pt\/wp-json\/wp\/v2\/product_cat?post=1916"},{"taxonomy":"product_tag","embeddable":true,"href":"https:\/\/panwinjet.com\/pt\/wp-json\/wp\/v2\/product_tag?post=1916"}],"curies":[{"name":"wp","href":"https:\/\/api.w.org\/{rel}","templated":true}]}}