{"id":1910,"date":"2025-11-10T12:32:41","date_gmt":"2025-11-10T12:32:41","guid":{"rendered":"https:\/\/panwinjet.com\/?post_type=product&#038;p=1910"},"modified":"2025-11-10T12:32:41","modified_gmt":"2025-11-10T12:32:41","slug":"2800bar-40kpsi-ultra-high-pressure-hydro-blasting-rust-removal-headrust-removal-spray-disc","status":"publish","type":"product","link":"https:\/\/panwinjet.com\/pt\/produto\/2800bar-40kpsi-ultra-high-pressure-hydro-blasting-rust-removal-headrust-removal-spray-disc\/","title":{"rendered":"Cabe\u00e7ote e disco de pulveriza\u00e7\u00e3o para remo\u00e7\u00e3o de ferrugem com hidrojateamento de ultra-alta press\u00e3o de 2800 bar (40 kpsi)"},"content":{"rendered":"<p>Cabe\u00e7ote de hidrojateamento de ultra-alta press\u00e3o para remo\u00e7\u00e3o de ferrugem e disco de pulveriza\u00e7\u00e3o para remo\u00e7\u00e3o de ferrugem: Vantagens e caracter\u00edsticas:<br \/>\n1. Com base em diferentes tamanhos, o alcance da limpeza \u00e9 otimizado em conjunto com o n\u00famero e o \u00e2ngulo dos bicos, utilizando um algoritmo de otimiza\u00e7\u00e3o de press\u00e3o para obter a melhor efici\u00eancia de pulveriza\u00e7\u00e3o e efeito de limpeza.<\/p>\n<p>2. Materiais resistentes ao desgaste de alta efici\u00eancia garantem uma perda de energia razo\u00e1vel durante a rota\u00e7\u00e3o em alta velocidade da cabe\u00e7a de remo\u00e7\u00e3o de ferrugem de alta press\u00e3o, maximizando a efici\u00eancia operacional.<\/p>","protected":false},"excerpt":{"rendered":"<p>3. Comparadas \u00e0s pistolas de pulveriza\u00e7\u00e3o manuais de 2800 bar, as cabe\u00e7as de remo\u00e7\u00e3o de ferrugem de ultra-alta press\u00e3o s\u00e3o mais seguras e exigem menos m\u00e3o de obra. Os operadores precisam apenas operar a plataforma elevat\u00f3ria para movimenta\u00e7\u00e3o, e a efici\u00eancia \u00e9 maior, atingindo uma taxa de remo\u00e7\u00e3o de ferrugem e limpeza de 20 a 30 m\u00b2\/h. Em termos de efici\u00eancia e economia de custos, uma cabe\u00e7a de remo\u00e7\u00e3o de ferrugem equivale ao trabalho de 3 a 4 operadores usando uma pistola manual.<\/p>\n<p>&nbsp;<\/p>\n<p>4. As cabe\u00e7as de remo\u00e7\u00e3o de ferrugem de ultra-alta press\u00e3o proporcionam melhores resultados de remo\u00e7\u00e3o e limpeza da ferrugem. Essa alta efici\u00eancia na remo\u00e7\u00e3o da ferrugem deve-se principalmente \u00e0 velocidade uniforme de movimento da cabe\u00e7a de remo\u00e7\u00e3o, o que garante uma remo\u00e7\u00e3o e limpeza praticamente uniformes da ferrugem.<\/p>","protected":false},"featured_media":1912,"template":"","meta":[],"product_brand":[],"product_cat":[8,10,11,5],"product_tag":[103,102,101],"class_list":{"0":"post-1910","1":"product","2":"type-product","3":"status-publish","4":"has-post-thumbnail","6":"product_cat-giant-tank-cleaningcutting-device","7":"product_cat-pipeline-tube-uhp-water-blasting-cleaning-device","8":"product_cat-ship-cleaning-device","9":"product_cat-uhp-rotating-nozzles","10":"product_tag-40k-ultra-high-pressure-hydro-blasting","11":"product_tag-rust-removal-head-and-rust-removal-spray-disc","12":"product_tag-ultra-high-pressure-hydro-blasting","14":"first","15":"instock","16":"shipping-taxable","17":"product-type-simple"},"yoast_head":"<!-- This site is optimized with the Yoast SEO plugin v24.9 - https:\/\/yoast.com\/wordpress\/plugins\/seo\/ -->\n<title>2800Bar 40Kpsi Ultra-High Pressure Hydro-Blasting Rust Removal Head&amp;Rust Removal Spray Disc - Panwin Machinery&amp;Equipment<\/title>\n<meta name=\"robots\" content=\"index, follow, max-snippet:-1, max-image-preview:large, max-video-preview:-1\" \/>\n<link rel=\"canonical\" href=\"https:\/\/panwinjet.com\/pt\/produto\/2800bar-40kpsi-ultra-high-pressure-hydro-blasting-rust-removal-headrust-removal-spray-disc\/\" \/>\n<meta property=\"og:locale\" content=\"pt_PT\" \/>\n<meta property=\"og:type\" content=\"article\" \/>\n<meta property=\"og:title\" content=\"2800Bar 40Kpsi Ultra-High Pressure Hydro-Blasting Rust Removal Head&amp;Rust Removal Spray Disc - Panwin Machinery&amp;Equipment\" \/>\n<meta property=\"og:description\" content=\"3.Compared to Handheld 2800Bar Spraying guns,ultra-high-pressure rust removal heads are safer and require less labor.Operators only need to operate the aerial work platform for movement, and efficiency is higher, achieving a rust removal and cleaning efficiency of 20-30 m\u00b2\/h. In terms of efficiency and cost savings, one rust removal head is equivalent to the workload of 3-4 operators using a handheld gun.  &nbsp;  4.Ultra-high-pressure rust removal heads achieve better rust removal and cleaning results. This high rust removal efficiency is mainly due to the uniform speed movement of the rust removal head, which ensures virtually uniform rust removal and cleaning.\" \/>\n<meta property=\"og:url\" content=\"https:\/\/panwinjet.com\/pt\/produto\/2800bar-40kpsi-ultra-high-pressure-hydro-blasting-rust-removal-headrust-removal-spray-disc\/\" \/>\n<meta property=\"og:site_name\" content=\"Panwin Machinery&amp;Equipment\" \/>\n<meta property=\"og:image\" content=\"https:\/\/panwinjet.com\/wp-content\/uploads\/2025\/11\/\u9664\u9508\u5934-2-1200x1198.png\" \/>\n\t<meta property=\"og:image:width\" content=\"1200\" \/>\n\t<meta property=\"og:image:height\" content=\"1198\" \/>\n\t<meta property=\"og:image:type\" content=\"image\/png\" \/>\n<meta name=\"twitter:card\" content=\"summary_large_image\" \/>\n<meta name=\"twitter:label1\" content=\"Tempo estimado de leitura\" \/>\n\t<meta name=\"twitter:data1\" content=\"1 minuto\" \/>\n<script type=\"application\/ld+json\" class=\"yoast-schema-graph\">{\"@context\":\"https:\/\/schema.org\",\"@graph\":[{\"@type\":\"WebPage\",\"@id\":\"https:\/\/panwinjet.com\/product\/2800bar-40kpsi-ultra-high-pressure-hydro-blasting-rust-removal-headrust-removal-spray-disc\/\",\"url\":\"https:\/\/panwinjet.com\/product\/2800bar-40kpsi-ultra-high-pressure-hydro-blasting-rust-removal-headrust-removal-spray-disc\/\",\"name\":\"2800Bar 40Kpsi Ultra-High Pressure Hydro-Blasting Rust Removal Head&Rust Removal Spray Disc - Panwin Machinery&amp;Equipment\",\"isPartOf\":{\"@id\":\"https:\/\/panwinjet.com\/#website\"},\"primaryImageOfPage\":{\"@id\":\"https:\/\/panwinjet.com\/product\/2800bar-40kpsi-ultra-high-pressure-hydro-blasting-rust-removal-headrust-removal-spray-disc\/#primaryimage\"},\"image\":{\"@id\":\"https:\/\/panwinjet.com\/product\/2800bar-40kpsi-ultra-high-pressure-hydro-blasting-rust-removal-headrust-removal-spray-disc\/#primaryimage\"},\"thumbnailUrl\":\"https:\/\/panwinjet.com\/wp-content\/uploads\/2025\/11\/\u9664\u9508\u5934-2.png\",\"datePublished\":\"2025-11-10T12:32:41+00:00\",\"breadcrumb\":{\"@id\":\"https:\/\/panwinjet.com\/product\/2800bar-40kpsi-ultra-high-pressure-hydro-blasting-rust-removal-headrust-removal-spray-disc\/#breadcrumb\"},\"inLanguage\":\"pt-PT\",\"potentialAction\":[{\"@type\":\"ReadAction\",\"target\":[\"https:\/\/panwinjet.com\/product\/2800bar-40kpsi-ultra-high-pressure-hydro-blasting-rust-removal-headrust-removal-spray-disc\/\"]}]},{\"@type\":\"ImageObject\",\"inLanguage\":\"pt-PT\",\"@id\":\"https:\/\/panwinjet.com\/product\/2800bar-40kpsi-ultra-high-pressure-hydro-blasting-rust-removal-headrust-removal-spray-disc\/#primaryimage\",\"url\":\"https:\/\/panwinjet.com\/wp-content\/uploads\/2025\/11\/\u9664\u9508\u5934-2.png\",\"contentUrl\":\"https:\/\/panwinjet.com\/wp-content\/uploads\/2025\/11\/\u9664\u9508\u5934-2.png\",\"width\":2277,\"height\":2273},{\"@type\":\"BreadcrumbList\",\"@id\":\"https:\/\/panwinjet.com\/product\/2800bar-40kpsi-ultra-high-pressure-hydro-blasting-rust-removal-headrust-removal-spray-disc\/#breadcrumb\",\"itemListElement\":[{\"@type\":\"ListItem\",\"position\":1,\"name\":\"\u9996\u9875\",\"item\":\"https:\/\/panwinjet.com\/\"},{\"@type\":\"ListItem\",\"position\":2,\"name\":\"PRODUCT\",\"item\":\"https:\/\/panwinjet.com\/product\/\"},{\"@type\":\"ListItem\",\"position\":3,\"name\":\"2800Bar 40Kpsi Ultra-High Pressure Hydro-Blasting Rust Removal Head&#038;Rust Removal Spray Disc\"}]},{\"@type\":\"WebSite\",\"@id\":\"https:\/\/panwinjet.com\/#website\",\"url\":\"https:\/\/panwinjet.com\/\",\"name\":\"Panwin Machinery&amp;Equipment\",\"description\":\"Shenzhen Panwin Machinery&amp;Equipment Co.Ltd\",\"potentialAction\":[{\"@type\":\"SearchAction\",\"target\":{\"@type\":\"EntryPoint\",\"urlTemplate\":\"https:\/\/panwinjet.com\/?s={search_term_string}\"},\"query-input\":{\"@type\":\"PropertyValueSpecification\",\"valueRequired\":true,\"valueName\":\"search_term_string\"}}],\"inLanguage\":\"pt-PT\"}]}<\/script>\n<!-- \/ Yoast SEO plugin. -->","yoast_head_json":{"title":"2800Bar 40Kpsi Ultra-High Pressure Hydro-Blasting Rust Removal Head&Rust Removal Spray Disc - Panwin Machinery&amp;Equipment","robots":{"index":"index","follow":"follow","max-snippet":"max-snippet:-1","max-image-preview":"max-image-preview:large","max-video-preview":"max-video-preview:-1"},"canonical":"https:\/\/panwinjet.com\/pt\/produto\/2800bar-40kpsi-ultra-high-pressure-hydro-blasting-rust-removal-headrust-removal-spray-disc\/","og_locale":"pt_PT","og_type":"article","og_title":"2800Bar 40Kpsi Ultra-High Pressure Hydro-Blasting Rust Removal Head&Rust Removal Spray Disc - Panwin Machinery&amp;Equipment","og_description":"3.Compared to Handheld 2800Bar Spraying guns,ultra-high-pressure rust removal heads are safer and require less labor.Operators only need to operate the aerial work platform for movement, and efficiency is higher, achieving a rust removal and cleaning efficiency of 20-30 m\u00b2\/h. In terms of efficiency and cost savings, one rust removal head is equivalent to the workload of 3-4 operators using a handheld gun.  &nbsp;  4.Ultra-high-pressure rust removal heads achieve better rust removal and cleaning results. This high rust removal efficiency is mainly due to the uniform speed movement of the rust removal head, which ensures virtually uniform rust removal and cleaning.","og_url":"https:\/\/panwinjet.com\/pt\/produto\/2800bar-40kpsi-ultra-high-pressure-hydro-blasting-rust-removal-headrust-removal-spray-disc\/","og_site_name":"Panwin Machinery&amp;Equipment","og_image":[{"width":1200,"height":1198,"url":"https:\/\/panwinjet.com\/wp-content\/uploads\/2025\/11\/\u9664\u9508\u5934-2-1200x1198.png","type":"image\/png"}],"twitter_card":"summary_large_image","twitter_misc":{"Tempo estimado de leitura":"1 minuto"},"schema":{"@context":"https:\/\/schema.org","@graph":[{"@type":"WebPage","@id":"https:\/\/panwinjet.com\/product\/2800bar-40kpsi-ultra-high-pressure-hydro-blasting-rust-removal-headrust-removal-spray-disc\/","url":"https:\/\/panwinjet.com\/product\/2800bar-40kpsi-ultra-high-pressure-hydro-blasting-rust-removal-headrust-removal-spray-disc\/","name":"2800Bar 40Kpsi Ultra-High Pressure Hydro-Blasting Rust Removal Head&Rust Removal Spray Disc - Panwin Machinery&amp;Equipment","isPartOf":{"@id":"https:\/\/panwinjet.com\/#website"},"primaryImageOfPage":{"@id":"https:\/\/panwinjet.com\/product\/2800bar-40kpsi-ultra-high-pressure-hydro-blasting-rust-removal-headrust-removal-spray-disc\/#primaryimage"},"image":{"@id":"https:\/\/panwinjet.com\/product\/2800bar-40kpsi-ultra-high-pressure-hydro-blasting-rust-removal-headrust-removal-spray-disc\/#primaryimage"},"thumbnailUrl":"https:\/\/panwinjet.com\/wp-content\/uploads\/2025\/11\/\u9664\u9508\u5934-2.png","datePublished":"2025-11-10T12:32:41+00:00","breadcrumb":{"@id":"https:\/\/panwinjet.com\/product\/2800bar-40kpsi-ultra-high-pressure-hydro-blasting-rust-removal-headrust-removal-spray-disc\/#breadcrumb"},"inLanguage":"pt-PT","potentialAction":[{"@type":"ReadAction","target":["https:\/\/panwinjet.com\/product\/2800bar-40kpsi-ultra-high-pressure-hydro-blasting-rust-removal-headrust-removal-spray-disc\/"]}]},{"@type":"ImageObject","inLanguage":"pt-PT","@id":"https:\/\/panwinjet.com\/product\/2800bar-40kpsi-ultra-high-pressure-hydro-blasting-rust-removal-headrust-removal-spray-disc\/#primaryimage","url":"https:\/\/panwinjet.com\/wp-content\/uploads\/2025\/11\/\u9664\u9508\u5934-2.png","contentUrl":"https:\/\/panwinjet.com\/wp-content\/uploads\/2025\/11\/\u9664\u9508\u5934-2.png","width":2277,"height":2273},{"@type":"BreadcrumbList","@id":"https:\/\/panwinjet.com\/product\/2800bar-40kpsi-ultra-high-pressure-hydro-blasting-rust-removal-headrust-removal-spray-disc\/#breadcrumb","itemListElement":[{"@type":"ListItem","position":1,"name":"\u9996\u9875","item":"https:\/\/panwinjet.com\/"},{"@type":"ListItem","position":2,"name":"PRODUCT","item":"https:\/\/panwinjet.com\/product\/"},{"@type":"ListItem","position":3,"name":"2800Bar 40Kpsi Ultra-High Pressure Hydro-Blasting Rust Removal Head&#038;Rust Removal Spray Disc"}]},{"@type":"WebSite","@id":"https:\/\/panwinjet.com\/#website","url":"https:\/\/panwinjet.com\/","name":"Panwin Machinery&amp;Equipment","description":"Shenzhen Panwin Machinery&amp;Equipment Co.Ltd","potentialAction":[{"@type":"SearchAction","target":{"@type":"EntryPoint","urlTemplate":"https:\/\/panwinjet.com\/?s={search_term_string}"},"query-input":{"@type":"PropertyValueSpecification","valueRequired":true,"valueName":"search_term_string"}}],"inLanguage":"pt-PT"}]}},"_links":{"self":[{"href":"https:\/\/panwinjet.com\/pt\/wp-json\/wp\/v2\/product\/1910","targetHints":{"allow":["GET"]}}],"collection":[{"href":"https:\/\/panwinjet.com\/pt\/wp-json\/wp\/v2\/product"}],"about":[{"href":"https:\/\/panwinjet.com\/pt\/wp-json\/wp\/v2\/types\/product"}],"wp:featuredmedia":[{"embeddable":true,"href":"https:\/\/panwinjet.com\/pt\/wp-json\/wp\/v2\/media\/1912"}],"wp:attachment":[{"href":"https:\/\/panwinjet.com\/pt\/wp-json\/wp\/v2\/media?parent=1910"}],"wp:term":[{"taxonomy":"product_brand","embeddable":true,"href":"https:\/\/panwinjet.com\/pt\/wp-json\/wp\/v2\/product_brand?post=1910"},{"taxonomy":"product_cat","embeddable":true,"href":"https:\/\/panwinjet.com\/pt\/wp-json\/wp\/v2\/product_cat?post=1910"},{"taxonomy":"product_tag","embeddable":true,"href":"https:\/\/panwinjet.com\/pt\/wp-json\/wp\/v2\/product_tag?post=1910"}],"curies":[{"name":"wp","href":"https:\/\/api.w.org\/{rel}","templated":true}]}}