{"id":1861,"date":"2025-11-07T12:38:28","date_gmt":"2025-11-07T12:38:28","guid":{"rendered":"https:\/\/panwinjet.com\/?post_type=product&#038;p=1861"},"modified":"2025-11-07T12:38:29","modified_gmt":"2025-11-07T12:38:29","slug":"1500bar-uhp-hydro-jetting-water-blasting-ultra-high-pressure-water-jet-blasting-cleaning-machine-triplex-pump-multi-gun-valve","status":"publish","type":"product","link":"https:\/\/panwinjet.com\/pt\/produto\/1500bar-uhp-hydro-jetting-water-blasting-ultra-high-pressure-water-jet-blasting-cleaning-machine-triplex-pump-multi-gun-valve\/","title":{"rendered":"Jateamento de \u00e1gua ultra-alto com bomba triplex e v\u00e1lvula multi-pistola de 1500 bar. M\u00e1quina de limpeza com jato de \u00e1gua de ultra-alta press\u00e3o."},"content":{"rendered":"<p>A m\u00e1quina de limpeza Jetstream 51785, com jato de \u00e1gua de ultra-alta press\u00e3o (UHP) de 1500 bar, bomba triplex e v\u00e1lvula multigun, apresenta as seguintes caracter\u00edsticas:<br \/>\nA: A configura\u00e7\u00e3o usando os dois bot\u00f5es de ajuste manual \u00e9 r\u00e1pida e simples.<br \/>\nB: Utiliza dois cartuchos de v\u00e1lvula que podem ser facilmente substitu\u00eddos para reparar completamente a v\u00e1lvula em campo em apenas tr\u00eas minutos.<br \/>\nC: Todos os componentes que suportam press\u00e3o s\u00e3o de a\u00e7o inoxid\u00e1vel.<br \/>\nD: Base zincada para resist\u00eancia \u00e0 corros\u00e3o<br \/>\nE: Conex\u00f5es de entrada e sa\u00edda com rosca NPT (tubo)<br \/>\nF: V\u00e1lvulas multi-pistola adicionais podem ser adicionadas a um sistema para aumentar ainda mais o n\u00famero de ferramentas em opera\u00e7\u00e3o com uma \u00fanica unidade de jateamento de \u00e1gua.<\/p>","protected":false},"excerpt":{"rendered":"<p>M\u00e1quina de limpeza com jato de \u00e1gua de ultra-alta press\u00e3o (UHP) de 1500 bar, bomba triplex.<br \/>\nV\u00e1lvula Multigun Jetstream 51785<\/p>\n<p>Esta \u00e9 a v\u00e1lvula MGV (Multi-Gun Valve) para jateamento com \u00e1gua UHP, que permite o funcionamento independente de duas pistolas de jateamento do tipo dump quando conectadas a uma \u00fanica bomba de jateamento.<br \/>\nA bomba UHP MGV dividir\u00e1 o fluxo total da bomba entre os canh\u00f5es e manter\u00e1 a press\u00e3o do sistema quando um ou ambos os canh\u00f5es estiverem em funcionamento.<br \/>\nO tipo de rosca \u00e9 opcional, de acordo com as necessidades do cliente.<\/p>","protected":false},"featured_media":1862,"template":"","meta":[],"product_brand":[],"product_cat":[9,7,10,11,5],"product_tag":[98,99,100],"class_list":{"0":"post-1861","1":"product","2":"type-product","3":"status-publish","4":"has-post-thumbnail","6":"product_cat-heat-exchanger-cleaning-device","7":"product_cat-jetstream-pump-fluid-end-compatibe-parts","8":"product_cat-pipeline-tube-uhp-water-blasting-cleaning-device","9":"product_cat-ship-cleaning-device","10":"product_cat-uhp-rotating-nozzles","11":"product_tag-1500bar-uhp-hydro-jetting","12":"product_tag-multi-gun-valve-jetstream-51785","13":"product_tag-ultra-high-pressure-water-jet","15":"first","16":"instock","17":"shipping-taxable","18":"product-type-simple"},"yoast_head":"<!-- This site is optimized with the Yoast SEO plugin v24.9 - https:\/\/yoast.com\/wordpress\/plugins\/seo\/ -->\n<title>1500Bar UHP Hydro-Jetting Water Blasting Ultra-high Pressure Water Jet Blasting cleaning machine Triplex Pump Multi-Gun Valve - Panwin Machinery&amp;Equipment<\/title>\n<meta name=\"robots\" content=\"index, follow, max-snippet:-1, max-image-preview:large, max-video-preview:-1\" \/>\n<link rel=\"canonical\" href=\"https:\/\/panwinjet.com\/pt\/produto\/1500bar-uhp-hydro-jetting-water-blasting-ultra-high-pressure-water-jet-blasting-cleaning-machine-triplex-pump-multi-gun-valve\/\" \/>\n<meta property=\"og:locale\" content=\"pt_PT\" \/>\n<meta property=\"og:type\" content=\"article\" \/>\n<meta property=\"og:title\" content=\"1500Bar UHP Hydro-Jetting Water Blasting Ultra-high Pressure Water Jet Blasting cleaning machine Triplex Pump Multi-Gun Valve - Panwin Machinery&amp;Equipment\" \/>\n<meta property=\"og:description\" content=\"1500Bar UHP Hydro-Jetting Water Blasting Ultra-high Pressure Water Jet Blasting cleaning machine Triplex Pump Multi-Gun Valve Jetstream 51785  This is UHP Water Blasting MGV (Multi-Gun Valve) which allows two dump style waterblast guns to be operated independently when connected to one water-blaster pump. The UHP MGV will divide the pump\u2019s total flow between the guns and will maintain system pressure when either or both guns are dumping. The Thread Type is optional according to customer requirements.\" \/>\n<meta property=\"og:url\" content=\"https:\/\/panwinjet.com\/pt\/produto\/1500bar-uhp-hydro-jetting-water-blasting-ultra-high-pressure-water-jet-blasting-cleaning-machine-triplex-pump-multi-gun-valve\/\" \/>\n<meta property=\"og:site_name\" content=\"Panwin Machinery&amp;Equipment\" \/>\n<meta property=\"article:modified_time\" content=\"2025-11-07T12:38:29+00:00\" \/>\n<meta property=\"og:image\" content=\"https:\/\/panwinjet.com\/wp-content\/uploads\/2025\/11\/51785-Muti-gun-Valve.png\" \/>\n\t<meta property=\"og:image:width\" content=\"755\" \/>\n\t<meta property=\"og:image:height\" content=\"521\" \/>\n\t<meta property=\"og:image:type\" content=\"image\/png\" \/>\n<meta name=\"twitter:card\" content=\"summary_large_image\" \/>\n<meta name=\"twitter:label1\" content=\"Tempo estimado de leitura\" \/>\n\t<meta name=\"twitter:data1\" content=\"1 minuto\" \/>\n<script type=\"application\/ld+json\" class=\"yoast-schema-graph\">{\"@context\":\"https:\/\/schema.org\",\"@graph\":[{\"@type\":\"WebPage\",\"@id\":\"https:\/\/panwinjet.com\/product\/1500bar-uhp-hydro-jetting-water-blasting-ultra-high-pressure-water-jet-blasting-cleaning-machine-triplex-pump-multi-gun-valve\/\",\"url\":\"https:\/\/panwinjet.com\/product\/1500bar-uhp-hydro-jetting-water-blasting-ultra-high-pressure-water-jet-blasting-cleaning-machine-triplex-pump-multi-gun-valve\/\",\"name\":\"1500Bar UHP Hydro-Jetting Water Blasting Ultra-high Pressure Water Jet Blasting cleaning machine Triplex Pump Multi-Gun Valve - Panwin Machinery&amp;Equipment\",\"isPartOf\":{\"@id\":\"https:\/\/panwinjet.com\/#website\"},\"primaryImageOfPage\":{\"@id\":\"https:\/\/panwinjet.com\/product\/1500bar-uhp-hydro-jetting-water-blasting-ultra-high-pressure-water-jet-blasting-cleaning-machine-triplex-pump-multi-gun-valve\/#primaryimage\"},\"image\":{\"@id\":\"https:\/\/panwinjet.com\/product\/1500bar-uhp-hydro-jetting-water-blasting-ultra-high-pressure-water-jet-blasting-cleaning-machine-triplex-pump-multi-gun-valve\/#primaryimage\"},\"thumbnailUrl\":\"https:\/\/panwinjet.com\/wp-content\/uploads\/2025\/11\/51785-Muti-gun-Valve.png\",\"datePublished\":\"2025-11-07T12:38:28+00:00\",\"dateModified\":\"2025-11-07T12:38:29+00:00\",\"breadcrumb\":{\"@id\":\"https:\/\/panwinjet.com\/product\/1500bar-uhp-hydro-jetting-water-blasting-ultra-high-pressure-water-jet-blasting-cleaning-machine-triplex-pump-multi-gun-valve\/#breadcrumb\"},\"inLanguage\":\"pt-PT\",\"potentialAction\":[{\"@type\":\"ReadAction\",\"target\":[\"https:\/\/panwinjet.com\/product\/1500bar-uhp-hydro-jetting-water-blasting-ultra-high-pressure-water-jet-blasting-cleaning-machine-triplex-pump-multi-gun-valve\/\"]}]},{\"@type\":\"ImageObject\",\"inLanguage\":\"pt-PT\",\"@id\":\"https:\/\/panwinjet.com\/product\/1500bar-uhp-hydro-jetting-water-blasting-ultra-high-pressure-water-jet-blasting-cleaning-machine-triplex-pump-multi-gun-valve\/#primaryimage\",\"url\":\"https:\/\/panwinjet.com\/wp-content\/uploads\/2025\/11\/51785-Muti-gun-Valve.png\",\"contentUrl\":\"https:\/\/panwinjet.com\/wp-content\/uploads\/2025\/11\/51785-Muti-gun-Valve.png\",\"width\":755,\"height\":521},{\"@type\":\"BreadcrumbList\",\"@id\":\"https:\/\/panwinjet.com\/product\/1500bar-uhp-hydro-jetting-water-blasting-ultra-high-pressure-water-jet-blasting-cleaning-machine-triplex-pump-multi-gun-valve\/#breadcrumb\",\"itemListElement\":[{\"@type\":\"ListItem\",\"position\":1,\"name\":\"\u9996\u9875\",\"item\":\"https:\/\/panwinjet.com\/\"},{\"@type\":\"ListItem\",\"position\":2,\"name\":\"PRODUCT\",\"item\":\"https:\/\/panwinjet.com\/product\/\"},{\"@type\":\"ListItem\",\"position\":3,\"name\":\"1500Bar UHP Hydro-Jetting Water Blasting Ultra-high Pressure Water Jet Blasting cleaning machine Triplex Pump Multi-Gun Valve\"}]},{\"@type\":\"WebSite\",\"@id\":\"https:\/\/panwinjet.com\/#website\",\"url\":\"https:\/\/panwinjet.com\/\",\"name\":\"Panwin Machinery&amp;Equipment\",\"description\":\"Shenzhen Panwin Machinery&amp;Equipment Co.Ltd\",\"potentialAction\":[{\"@type\":\"SearchAction\",\"target\":{\"@type\":\"EntryPoint\",\"urlTemplate\":\"https:\/\/panwinjet.com\/?s={search_term_string}\"},\"query-input\":{\"@type\":\"PropertyValueSpecification\",\"valueRequired\":true,\"valueName\":\"search_term_string\"}}],\"inLanguage\":\"pt-PT\"}]}<\/script>\n<!-- \/ Yoast SEO plugin. -->","yoast_head_json":{"title":"1500Bar UHP Hydro-Jetting Water Blasting Ultra-high Pressure Water Jet Blasting cleaning machine Triplex Pump Multi-Gun Valve - Panwin Machinery&amp;Equipment","robots":{"index":"index","follow":"follow","max-snippet":"max-snippet:-1","max-image-preview":"max-image-preview:large","max-video-preview":"max-video-preview:-1"},"canonical":"https:\/\/panwinjet.com\/pt\/produto\/1500bar-uhp-hydro-jetting-water-blasting-ultra-high-pressure-water-jet-blasting-cleaning-machine-triplex-pump-multi-gun-valve\/","og_locale":"pt_PT","og_type":"article","og_title":"1500Bar UHP Hydro-Jetting Water Blasting Ultra-high Pressure Water Jet Blasting cleaning machine Triplex Pump Multi-Gun Valve - Panwin Machinery&amp;Equipment","og_description":"1500Bar UHP Hydro-Jetting Water Blasting Ultra-high Pressure Water Jet Blasting cleaning machine Triplex Pump Multi-Gun Valve Jetstream 51785  This is UHP Water Blasting MGV (Multi-Gun Valve) which allows two dump style waterblast guns to be operated independently when connected to one water-blaster pump. The UHP MGV will divide the pump\u2019s total flow between the guns and will maintain system pressure when either or both guns are dumping. The Thread Type is optional according to customer requirements.","og_url":"https:\/\/panwinjet.com\/pt\/produto\/1500bar-uhp-hydro-jetting-water-blasting-ultra-high-pressure-water-jet-blasting-cleaning-machine-triplex-pump-multi-gun-valve\/","og_site_name":"Panwin Machinery&amp;Equipment","article_modified_time":"2025-11-07T12:38:29+00:00","og_image":[{"width":755,"height":521,"url":"https:\/\/panwinjet.com\/wp-content\/uploads\/2025\/11\/51785-Muti-gun-Valve.png","type":"image\/png"}],"twitter_card":"summary_large_image","twitter_misc":{"Tempo estimado de leitura":"1 minuto"},"schema":{"@context":"https:\/\/schema.org","@graph":[{"@type":"WebPage","@id":"https:\/\/panwinjet.com\/product\/1500bar-uhp-hydro-jetting-water-blasting-ultra-high-pressure-water-jet-blasting-cleaning-machine-triplex-pump-multi-gun-valve\/","url":"https:\/\/panwinjet.com\/product\/1500bar-uhp-hydro-jetting-water-blasting-ultra-high-pressure-water-jet-blasting-cleaning-machine-triplex-pump-multi-gun-valve\/","name":"1500Bar UHP Hydro-Jetting Water Blasting Ultra-high Pressure Water Jet Blasting cleaning machine Triplex Pump Multi-Gun Valve - Panwin Machinery&amp;Equipment","isPartOf":{"@id":"https:\/\/panwinjet.com\/#website"},"primaryImageOfPage":{"@id":"https:\/\/panwinjet.com\/product\/1500bar-uhp-hydro-jetting-water-blasting-ultra-high-pressure-water-jet-blasting-cleaning-machine-triplex-pump-multi-gun-valve\/#primaryimage"},"image":{"@id":"https:\/\/panwinjet.com\/product\/1500bar-uhp-hydro-jetting-water-blasting-ultra-high-pressure-water-jet-blasting-cleaning-machine-triplex-pump-multi-gun-valve\/#primaryimage"},"thumbnailUrl":"https:\/\/panwinjet.com\/wp-content\/uploads\/2025\/11\/51785-Muti-gun-Valve.png","datePublished":"2025-11-07T12:38:28+00:00","dateModified":"2025-11-07T12:38:29+00:00","breadcrumb":{"@id":"https:\/\/panwinjet.com\/product\/1500bar-uhp-hydro-jetting-water-blasting-ultra-high-pressure-water-jet-blasting-cleaning-machine-triplex-pump-multi-gun-valve\/#breadcrumb"},"inLanguage":"pt-PT","potentialAction":[{"@type":"ReadAction","target":["https:\/\/panwinjet.com\/product\/1500bar-uhp-hydro-jetting-water-blasting-ultra-high-pressure-water-jet-blasting-cleaning-machine-triplex-pump-multi-gun-valve\/"]}]},{"@type":"ImageObject","inLanguage":"pt-PT","@id":"https:\/\/panwinjet.com\/product\/1500bar-uhp-hydro-jetting-water-blasting-ultra-high-pressure-water-jet-blasting-cleaning-machine-triplex-pump-multi-gun-valve\/#primaryimage","url":"https:\/\/panwinjet.com\/wp-content\/uploads\/2025\/11\/51785-Muti-gun-Valve.png","contentUrl":"https:\/\/panwinjet.com\/wp-content\/uploads\/2025\/11\/51785-Muti-gun-Valve.png","width":755,"height":521},{"@type":"BreadcrumbList","@id":"https:\/\/panwinjet.com\/product\/1500bar-uhp-hydro-jetting-water-blasting-ultra-high-pressure-water-jet-blasting-cleaning-machine-triplex-pump-multi-gun-valve\/#breadcrumb","itemListElement":[{"@type":"ListItem","position":1,"name":"\u9996\u9875","item":"https:\/\/panwinjet.com\/"},{"@type":"ListItem","position":2,"name":"PRODUCT","item":"https:\/\/panwinjet.com\/product\/"},{"@type":"ListItem","position":3,"name":"1500Bar UHP Hydro-Jetting Water Blasting Ultra-high Pressure Water Jet Blasting cleaning machine Triplex Pump Multi-Gun Valve"}]},{"@type":"WebSite","@id":"https:\/\/panwinjet.com\/#website","url":"https:\/\/panwinjet.com\/","name":"Panwin Machinery&amp;Equipment","description":"Shenzhen Panwin Machinery&amp;Equipment Co.Ltd","potentialAction":[{"@type":"SearchAction","target":{"@type":"EntryPoint","urlTemplate":"https:\/\/panwinjet.com\/?s={search_term_string}"},"query-input":{"@type":"PropertyValueSpecification","valueRequired":true,"valueName":"search_term_string"}}],"inLanguage":"pt-PT"}]}},"_links":{"self":[{"href":"https:\/\/panwinjet.com\/pt\/wp-json\/wp\/v2\/product\/1861","targetHints":{"allow":["GET"]}}],"collection":[{"href":"https:\/\/panwinjet.com\/pt\/wp-json\/wp\/v2\/product"}],"about":[{"href":"https:\/\/panwinjet.com\/pt\/wp-json\/wp\/v2\/types\/product"}],"wp:featuredmedia":[{"embeddable":true,"href":"https:\/\/panwinjet.com\/pt\/wp-json\/wp\/v2\/media\/1862"}],"wp:attachment":[{"href":"https:\/\/panwinjet.com\/pt\/wp-json\/wp\/v2\/media?parent=1861"}],"wp:term":[{"taxonomy":"product_brand","embeddable":true,"href":"https:\/\/panwinjet.com\/pt\/wp-json\/wp\/v2\/product_brand?post=1861"},{"taxonomy":"product_cat","embeddable":true,"href":"https:\/\/panwinjet.com\/pt\/wp-json\/wp\/v2\/product_cat?post=1861"},{"taxonomy":"product_tag","embeddable":true,"href":"https:\/\/panwinjet.com\/pt\/wp-json\/wp\/v2\/product_tag?post=1861"}],"curies":[{"name":"wp","href":"https:\/\/api.w.org\/{rel}","templated":true}]}}