{"id":184,"date":"2025-05-25T05:02:14","date_gmt":"2025-05-25T05:02:14","guid":{"rendered":"https:\/\/panwinjet.com\/?post_type=product&#038;p=184"},"modified":"2025-05-25T05:09:05","modified_gmt":"2025-05-25T05:09:05","slug":"40-20k-40k-heat-exchanger-uhp-waterjet-hydro-jet-banshee-nozzles","status":"publish","type":"product","link":"https:\/\/panwinjet.com\/pt\/produto\/40-20k-40k-heat-exchanger-uhp-waterjet-hydro-jet-banshee-nozzles\/","title":{"rendered":"Trocador de calor 40-20k 40K Jato de \u00e1gua UHP Hidrojato Bicos Banshee"},"content":{"rendered":"<p><strong><b>Bocal Banshee para limpeza com jato de \u00e1gua ultrafino em tubula\u00e7\u00f5es de ultra-alta pot\u00eancia<\/b><\/strong><\/p>\n<ol>\n<li><b><\/b><strong><b>Apresenta\u00e7\u00e3o do produto: Bocal Banshee para limpeza com hidrojato de ultra-alta precis\u00e3o em tubula\u00e7\u00f5es de pequeno di\u00e2metro.<\/b><\/strong><\/li>\n<\/ol>\n<p>Os bicos Banshee s\u00e3o amplamente utilizados para limpeza de trocadores de calor, tubula\u00e7\u00f5es de pequeno di\u00e2metro e limpeza de barreiras em tubula\u00e7\u00f5es, entre outras aplica\u00e7\u00f5es. S\u00e3o altamente eficientes e f\u00e1ceis de operar para a limpeza de tubos de pequeno di\u00e2metro. N\u00f3s, da Panwin, fornecemos bicos Banshee em diversos tamanhos.<\/p>\n<ol start=\"2\">\n<li><b><\/b><strong><b>Especifica\u00e7\u00f5es do produto: Bocal Banshee para limpeza com jato de \u00e1gua ultrafino em tubula\u00e7\u00f5es de pequeno porte.<\/b><\/strong><\/li>\n<\/ol>\n<p>Os jatos de \u00e1gua dos bicos Banshee s\u00e3o especialmente projetados para troca de calor e pequenas dimens\u00f5es.<\/p>\n<p>A barreira para tubula\u00e7\u00f5es e canos possui di\u00e2metro ajust\u00e1vel, com faixa de press\u00e3o de 550 bar a 2800 bar e vaz\u00e3o m\u00e1xima de 190 l\/min. Com diversas conex\u00f5es de entrada, pode ser aplicada a diferentes ferramentas para limpeza de tubula\u00e7\u00f5es em diversas situa\u00e7\u00f5es. Detalhes das especifica\u00e7\u00f5es a seguir:<\/p>\n<ol start=\"3\">\n<li><b><\/b><strong><b>Caracter\u00edsticas e aplica\u00e7\u00f5es do bocal Banshee para limpeza com hidrojato de ultra-alta press\u00e3o em tubula\u00e7\u00f5es de pequeno di\u00e2metro.<\/b><\/strong><\/li>\n<\/ol>\n<p>Nosso pequeno bocal Banshee para limpeza de tubula\u00e7\u00f5es com hidrojateamento \u00e9 ideal para tubos e canos de pequeno di\u00e2metro. Ele oferece a mais alta efici\u00eancia em limpeza de tubula\u00e7\u00f5es devido \u00e0s suas caracter\u00edsticas vantajosas:<\/p>\n<p>1: Desempenho inigual\u00e1vel na limpeza e polimento de tubos e canos de pequeno di\u00e2metro, como trocadores de calor e feixes tubulares de pequeno porte.<\/p>\n<p>2: A constru\u00e7\u00e3o em a\u00e7o inoxid\u00e1vel (SST) garante durabilidade e longa vida \u00fatil mesmo em condi\u00e7\u00f5es extremas.<\/p>\n<p>3: Altamente eficaz na remo\u00e7\u00e3o de incrusta\u00e7\u00f5es finas e duras, carbono, coque e pol\u00edmeros.<\/p>\n<p>Aplicativo:<\/p>\n<p>O bocal Banshee para limpeza por hidrojateamento foi projetado e \u00e9 especialmente utilizado em tubula\u00e7\u00f5es de pequeno di\u00e2metro, tubos, trocadores de calor e feixes de tubos de pequeno porte.<\/p>\n<p>\u00c9 um m\u00e9todo de limpeza de tubos pequenos por hidrojateamento com \u00e1gua, de alto desempenho e que economiza tempo.<\/p>\n<ol start=\"4\">\n<li><b><\/b><strong><b>Detalhes do produto<\/b><\/strong><b><\/b><strong><b>Bocal Banshee para limpeza com jato de \u00e1gua ultrafino em tubula\u00e7\u00f5es de ultra-alta pot\u00eancia<\/b><\/strong><\/li>\n<\/ol>\n<ol start=\"5\">\n<li><b><\/b><strong><b>Qualifica\u00e7\u00e3o de produto de<\/b><\/strong><strong><b>Bocal Banshee para limpeza com jato de \u00e1gua ultrafino em tubula\u00e7\u00f5es de ultra-alta pot\u00eancia<\/b><\/strong><\/li>\n<\/ol>\n<p>A Shenzhen Panwin Machinery&amp;Equipment Co., Ltd. \u00e9 uma fabricante profissional especializada em pe\u00e7as para m\u00e1quinas de limpeza e corte por jateamento de alta press\u00e3o. Controlamos rigorosamente todo o processo de produ\u00e7\u00e3o de acordo com a norma de qualidade ISO9001-2015 e possu\u00edmos o Certificado de Qualidade. Anos de experi\u00eancia na produ\u00e7\u00e3o e no projeto de acess\u00f3rios e m\u00e1quinas de ultra-alta press\u00e3o nos permitiram n\u00e3o apenas conquistar a confian\u00e7a e a parceria de longo prazo de nossos clientes, mas tamb\u00e9m acumular vasta experi\u00eancia em design e sensibilidade para o setor. Continuamos expandindo e inovando para atender \u00e0s necessidades do mercado, dos clientes e \u00e0s aplica\u00e7\u00f5es pr\u00e1ticas.<\/p>\n<p><strong><b>6. Entrega, envio e atendimento de<\/b><\/strong>\u00a0<strong><b>Bocal Banshee para limpeza com jato de \u00e1gua ultrafino em tubula\u00e7\u00f5es de ultra-alta pot\u00eancia<\/b><\/strong><\/p>\n<p><em><i>\u00a0<\/i><\/em><em><i>Utilizamos caixas de madeira, e todas as nossas caixas de madeira s\u00e3o de madeira compensada ou madeira maci\u00e7a, e passam por tratamento de fumiga\u00e7\u00e3o conforme exigido para o transporte.<\/i><\/em><\/p>\n<p><em><i>Cada caixa de madeira possui p\u00e9s fortes e firmes com cerca de 7 a 10 cm de comprimento, facilitando o manuseio com empilhadeira e o transporte de mercadorias.<\/i><\/em><\/p>\n<p><em><i>Nossas pe\u00e7as de reposi\u00e7\u00e3o s\u00e3o embaladas e protegidas com v\u00e1rias camadas de material de embalagem macio, imperme\u00e1vel, resistente \u00e0 ferrugem e a impactos, principalmente filme de espuma com 3 a 5 mm de espessura. Exigimos que nossa equipe de embalagem utilize uma camada espessa de material e envolva a pe\u00e7a firmemente com filme pl\u00e1stico ou fita adesiva para garantir que a embalagem evite praticamente qualquer dano durante o transporte.<\/i><\/em><\/p>\n<p><em><i>Para itens fr\u00e1geis e sens\u00edveis, como desentupidores, utilizamos uma caixa de pl\u00e1stico resistente revestida com v\u00e1rias camadas de material de embalagem macio \u00e0 prova d&#039;\u00e1gua, ferrugem e choque, principalmente filme de espuma de 3 a 5 mm de espessura, e envolta em fita adesiva.<\/i><\/em><\/p>\n<ol start=\"6\">\n<li><b><\/b><strong><b>Perguntas frequentes<\/b><\/strong><\/li>\n<\/ol>\n<p><strong><em><b><i>1: No processo de limpeza por jateamento de \u00e1gua,<\/i><\/b><\/em><\/strong><strong><b>Quais dois fatores s\u00e3o mais importantes? <\/b><\/strong><strong><b>importante<\/b><\/strong><strong><b>, press\u00e3o (bar) ou volume de fluxo (LMP)?<\/b><\/strong><\/p>\n<p>Os dois fatores, press\u00e3o e volume de fluxo, s\u00e3o ambos extremamente importantes para otimizar o desempenho de limpeza e a efic\u00e1cia da pulveriza\u00e7\u00e3o. A press\u00e3o determina a pot\u00eancia do jato, enquanto o volume de fluxo remove a sujeira, os sedimentos e outros detritos.<\/p>\n<p><strong>2<\/strong><strong>Qu\u00e3o importante \u00e9 manter os bicos limpos?<\/strong><\/p>\n<p>No processo de limpeza por hidrojato, o bico entupido n\u00e3o ter\u00e1 um bom efeito de limpeza, e os bicos obstru\u00eddos tamb\u00e9m podem aumentar a press\u00e3o reversa na bomba, causando danos a ela. Portanto, a limpeza regular ou mesmo a substitui\u00e7\u00e3o dos bicos \u00e9 importante.<\/p>\n<p><strong><b> <img decoding=\"async\" class=\"aligncenter size-full wp-image-185 lazyload\" data-src=\"https:\/\/panwinjet.com\/wp-content\/uploads\/2025\/05\/Banshee-nozzles.jpg\" alt=\"\" width=\"1200\" height=\"1132\" data-srcset=\"https:\/\/panwinjet.com\/wp-content\/uploads\/2025\/05\/Banshee-nozzles.jpg 1200w, https:\/\/panwinjet.com\/wp-content\/uploads\/2025\/05\/Banshee-nozzles-500x472.jpg 500w, https:\/\/panwinjet.com\/wp-content\/uploads\/2025\/05\/Banshee-nozzles-300x283.jpg 300w, https:\/\/panwinjet.com\/wp-content\/uploads\/2025\/05\/Banshee-nozzles-768x724.jpg 768w, https:\/\/panwinjet.com\/wp-content\/uploads\/2025\/05\/Banshee-nozzles-80x75.jpg 80w, https:\/\/panwinjet.com\/wp-content\/uploads\/2025\/05\/Banshee-nozzles-480x453.jpg 480w, https:\/\/panwinjet.com\/wp-content\/uploads\/2025\/05\/Banshee-nozzles-800x755.jpg 800w\" data-sizes=\"(max-width:767px) 480px, (max-width:1200px) 100vw, 1200px\" src=\"data:image\/svg+xml;base64,PHN2ZyB3aWR0aD0iMSIgaGVpZ2h0PSIxIiB4bWxucz0iaHR0cDovL3d3dy53My5vcmcvMjAwMC9zdmciPjwvc3ZnPg==\" style=\"--smush-placeholder-width: 1200px; --smush-placeholder-aspect-ratio: 1200\/1132;\" \/> <img decoding=\"async\" class=\"aligncenter size-full wp-image-188 lazyload\" data-src=\"https:\/\/panwinjet.com\/wp-content\/uploads\/2025\/05\/Applica3333.jpg\" alt=\"\" width=\"1200\" height=\"969\" data-srcset=\"https:\/\/panwinjet.com\/wp-content\/uploads\/2025\/05\/Applica3333.jpg 1200w, https:\/\/panwinjet.com\/wp-content\/uploads\/2025\/05\/Applica3333-500x404.jpg 500w, https:\/\/panwinjet.com\/wp-content\/uploads\/2025\/05\/Applica3333-300x242.jpg 300w, https:\/\/panwinjet.com\/wp-content\/uploads\/2025\/05\/Applica3333-768x620.jpg 768w, https:\/\/panwinjet.com\/wp-content\/uploads\/2025\/05\/Applica3333-93x75.jpg 93w, https:\/\/panwinjet.com\/wp-content\/uploads\/2025\/05\/Applica3333-480x388.jpg 480w, https:\/\/panwinjet.com\/wp-content\/uploads\/2025\/05\/Applica3333-800x646.jpg 800w\" data-sizes=\"(max-width:767px) 480px, (max-width:1200px) 100vw, 1200px\" src=\"data:image\/svg+xml;base64,PHN2ZyB3aWR0aD0iMSIgaGVpZ2h0PSIxIiB4bWxucz0iaHR0cDovL3d3dy53My5vcmcvMjAwMC9zdmciPjwvc3ZnPg==\" style=\"--smush-placeholder-width: 1200px; --smush-placeholder-aspect-ratio: 1200\/969;\" \/> <img decoding=\"async\" class=\"aligncenter size-full wp-image-187 lazyload\" data-src=\"https:\/\/panwinjet.com\/wp-content\/uploads\/2025\/05\/Nozzles-Type-Specificiation.jpg\" alt=\"\" width=\"1200\" height=\"703\" data-srcset=\"https:\/\/panwinjet.com\/wp-content\/uploads\/2025\/05\/Nozzles-Type-Specificiation.jpg 1200w, https:\/\/panwinjet.com\/wp-content\/uploads\/2025\/05\/Nozzles-Type-Specificiation-500x293.jpg 500w, https:\/\/panwinjet.com\/wp-content\/uploads\/2025\/05\/Nozzles-Type-Specificiation-300x176.jpg 300w, https:\/\/panwinjet.com\/wp-content\/uploads\/2025\/05\/Nozzles-Type-Specificiation-768x450.jpg 768w, https:\/\/panwinjet.com\/wp-content\/uploads\/2025\/05\/Nozzles-Type-Specificiation-128x75.jpg 128w, https:\/\/panwinjet.com\/wp-content\/uploads\/2025\/05\/Nozzles-Type-Specificiation-480x281.jpg 480w, https:\/\/panwinjet.com\/wp-content\/uploads\/2025\/05\/Nozzles-Type-Specificiation-800x469.jpg 800w\" data-sizes=\"(max-width:767px) 480px, (max-width:1200px) 100vw, 1200px\" src=\"data:image\/svg+xml;base64,PHN2ZyB3aWR0aD0iMSIgaGVpZ2h0PSIxIiB4bWxucz0iaHR0cDovL3d3dy53My5vcmcvMjAwMC9zdmciPjwvc3ZnPg==\" style=\"--smush-placeholder-width: 1200px; --smush-placeholder-aspect-ratio: 1200\/703;\" \/> <img decoding=\"async\" class=\"aligncenter size-full wp-image-186 lazyload\" data-src=\"https:\/\/panwinjet.com\/wp-content\/uploads\/2025\/05\/Banshee-nozzles2.jpg\" alt=\"\" width=\"1200\" height=\"1334\" data-srcset=\"https:\/\/panwinjet.com\/wp-content\/uploads\/2025\/05\/Banshee-nozzles2.jpg 1200w, https:\/\/panwinjet.com\/wp-content\/uploads\/2025\/05\/Banshee-nozzles2-450x500.jpg 450w, https:\/\/panwinjet.com\/wp-content\/uploads\/2025\/05\/Banshee-nozzles2-1079x1200.jpg 1079w, https:\/\/panwinjet.com\/wp-content\/uploads\/2025\/05\/Banshee-nozzles2-270x300.jpg 270w, https:\/\/panwinjet.com\/wp-content\/uploads\/2025\/05\/Banshee-nozzles2-768x854.jpg 768w, https:\/\/panwinjet.com\/wp-content\/uploads\/2025\/05\/Banshee-nozzles2-67x75.jpg 67w, https:\/\/panwinjet.com\/wp-content\/uploads\/2025\/05\/Banshee-nozzles2-480x534.jpg 480w, https:\/\/panwinjet.com\/wp-content\/uploads\/2025\/05\/Banshee-nozzles2-800x889.jpg 800w\" data-sizes=\"(max-width:767px) 480px, (max-width:1200px) 100vw, 1200px\" src=\"data:image\/svg+xml;base64,PHN2ZyB3aWR0aD0iMSIgaGVpZ2h0PSIxIiB4bWxucz0iaHR0cDovL3d3dy53My5vcmcvMjAwMC9zdmciPjwvc3ZnPg==\" style=\"--smush-placeholder-width: 1200px; --smush-placeholder-aspect-ratio: 1200\/1334;\" \/><\/b><\/strong><\/p>","protected":false},"excerpt":{"rendered":"<p>Ultra-high small Pipeline hydro Jet blasting cleaning Banshee Nozzle Product Introduction of Ultra-high small Pipeline hydro Jet blasting cleaning Banshee Nozzle The Banshee nozzles is widely<span class=\"excerpt-hellip\"> [\u2026]<\/span><\/p>","protected":false},"featured_media":186,"template":"","meta":[],"product_brand":[],"product_cat":[5],"product_tag":[],"class_list":{"0":"post-184","1":"product","2":"type-product","3":"status-publish","4":"has-post-thumbnail","6":"product_cat-uhp-rotating-nozzles","8":"first","9":"instock","10":"shipping-taxable","11":"product-type-external"},"yoast_head":"<!-- This site is optimized with the Yoast SEO plugin v24.9 - https:\/\/yoast.com\/wordpress\/plugins\/seo\/ -->\n<title>40-20k 40K Heat Exchanger UHP Waterjet Hydro-Jet Banshee Nozzles - Panwin Machinery&amp;Equipment<\/title>\n<meta name=\"robots\" content=\"index, follow, max-snippet:-1, max-image-preview:large, max-video-preview:-1\" \/>\n<link rel=\"canonical\" href=\"https:\/\/panwinjet.com\/pt\/produto\/40-20k-40k-heat-exchanger-uhp-waterjet-hydro-jet-banshee-nozzles\/\" \/>\n<meta property=\"og:locale\" content=\"pt_PT\" \/>\n<meta property=\"og:type\" content=\"article\" \/>\n<meta property=\"og:title\" content=\"40-20k 40K Heat Exchanger UHP Waterjet Hydro-Jet Banshee Nozzles - Panwin Machinery&amp;Equipment\" \/>\n<meta property=\"og:description\" content=\"Ultra-high small Pipeline hydro Jet blasting cleaning Banshee Nozzle Product Introduction of Ultra-high small Pipeline hydro Jet blasting cleaning Banshee Nozzle The Banshee nozzles is widely [\u2026]\" \/>\n<meta property=\"og:url\" content=\"https:\/\/panwinjet.com\/pt\/produto\/40-20k-40k-heat-exchanger-uhp-waterjet-hydro-jet-banshee-nozzles\/\" \/>\n<meta property=\"og:site_name\" content=\"Panwin Machinery&amp;Equipment\" \/>\n<meta property=\"article:modified_time\" content=\"2025-05-25T05:09:05+00:00\" \/>\n<meta property=\"og:image\" content=\"https:\/\/panwinjet.com\/wp-content\/uploads\/2025\/05\/Banshee-nozzles2.jpg\" \/>\n\t<meta property=\"og:image:width\" content=\"1200\" \/>\n\t<meta property=\"og:image:height\" content=\"1334\" \/>\n\t<meta property=\"og:image:type\" content=\"image\/jpeg\" \/>\n<meta name=\"twitter:card\" content=\"summary_large_image\" \/>\n<meta name=\"twitter:label1\" content=\"Tempo estimado de leitura\" \/>\n\t<meta name=\"twitter:data1\" content=\"4 minutos\" \/>\n<script type=\"application\/ld+json\" class=\"yoast-schema-graph\">{\"@context\":\"https:\/\/schema.org\",\"@graph\":[{\"@type\":\"WebPage\",\"@id\":\"https:\/\/panwinjet.com\/product\/40-20k-40k-heat-exchanger-uhp-waterjet-hydro-jet-banshee-nozzles\/\",\"url\":\"https:\/\/panwinjet.com\/product\/40-20k-40k-heat-exchanger-uhp-waterjet-hydro-jet-banshee-nozzles\/\",\"name\":\"40-20k 40K Heat Exchanger UHP Waterjet Hydro-Jet Banshee Nozzles - Panwin Machinery&amp;Equipment\",\"isPartOf\":{\"@id\":\"https:\/\/panwinjet.com\/#website\"},\"primaryImageOfPage\":{\"@id\":\"https:\/\/panwinjet.com\/product\/40-20k-40k-heat-exchanger-uhp-waterjet-hydro-jet-banshee-nozzles\/#primaryimage\"},\"image\":{\"@id\":\"https:\/\/panwinjet.com\/product\/40-20k-40k-heat-exchanger-uhp-waterjet-hydro-jet-banshee-nozzles\/#primaryimage\"},\"thumbnailUrl\":\"https:\/\/panwinjet.com\/wp-content\/uploads\/2025\/05\/Banshee-nozzles2.jpg\",\"datePublished\":\"2025-05-25T05:02:14+00:00\",\"dateModified\":\"2025-05-25T05:09:05+00:00\",\"breadcrumb\":{\"@id\":\"https:\/\/panwinjet.com\/product\/40-20k-40k-heat-exchanger-uhp-waterjet-hydro-jet-banshee-nozzles\/#breadcrumb\"},\"inLanguage\":\"pt-PT\",\"potentialAction\":[{\"@type\":\"ReadAction\",\"target\":[\"https:\/\/panwinjet.com\/product\/40-20k-40k-heat-exchanger-uhp-waterjet-hydro-jet-banshee-nozzles\/\"]}]},{\"@type\":\"ImageObject\",\"inLanguage\":\"pt-PT\",\"@id\":\"https:\/\/panwinjet.com\/product\/40-20k-40k-heat-exchanger-uhp-waterjet-hydro-jet-banshee-nozzles\/#primaryimage\",\"url\":\"https:\/\/panwinjet.com\/wp-content\/uploads\/2025\/05\/Banshee-nozzles2.jpg\",\"contentUrl\":\"https:\/\/panwinjet.com\/wp-content\/uploads\/2025\/05\/Banshee-nozzles2.jpg\",\"width\":1200,\"height\":1334},{\"@type\":\"BreadcrumbList\",\"@id\":\"https:\/\/panwinjet.com\/product\/40-20k-40k-heat-exchanger-uhp-waterjet-hydro-jet-banshee-nozzles\/#breadcrumb\",\"itemListElement\":[{\"@type\":\"ListItem\",\"position\":1,\"name\":\"\u9996\u9875\",\"item\":\"https:\/\/panwinjet.com\/\"},{\"@type\":\"ListItem\",\"position\":2,\"name\":\"PRODUCT\",\"item\":\"https:\/\/panwinjet.com\/product\/\"},{\"@type\":\"ListItem\",\"position\":3,\"name\":\"40-20k 40K Heat Exchanger UHP Waterjet Hydro-Jet Banshee Nozzles\"}]},{\"@type\":\"WebSite\",\"@id\":\"https:\/\/panwinjet.com\/#website\",\"url\":\"https:\/\/panwinjet.com\/\",\"name\":\"Panwin Machinery&amp;Equipment\",\"description\":\"Shenzhen Panwin Machinery&amp;Equipment Co.Ltd\",\"potentialAction\":[{\"@type\":\"SearchAction\",\"target\":{\"@type\":\"EntryPoint\",\"urlTemplate\":\"https:\/\/panwinjet.com\/?s={search_term_string}\"},\"query-input\":{\"@type\":\"PropertyValueSpecification\",\"valueRequired\":true,\"valueName\":\"search_term_string\"}}],\"inLanguage\":\"pt-PT\"}]}<\/script>\n<!-- \/ Yoast SEO plugin. -->","yoast_head_json":{"title":"40-20k 40K Heat Exchanger UHP Waterjet Hydro-Jet Banshee Nozzles - Panwin Machinery&amp;Equipment","robots":{"index":"index","follow":"follow","max-snippet":"max-snippet:-1","max-image-preview":"max-image-preview:large","max-video-preview":"max-video-preview:-1"},"canonical":"https:\/\/panwinjet.com\/pt\/produto\/40-20k-40k-heat-exchanger-uhp-waterjet-hydro-jet-banshee-nozzles\/","og_locale":"pt_PT","og_type":"article","og_title":"40-20k 40K Heat Exchanger UHP Waterjet Hydro-Jet Banshee Nozzles - Panwin Machinery&amp;Equipment","og_description":"Ultra-high small Pipeline hydro Jet blasting cleaning Banshee Nozzle Product Introduction of Ultra-high small Pipeline hydro Jet blasting cleaning Banshee Nozzle The Banshee nozzles is widely [\u2026]","og_url":"https:\/\/panwinjet.com\/pt\/produto\/40-20k-40k-heat-exchanger-uhp-waterjet-hydro-jet-banshee-nozzles\/","og_site_name":"Panwin Machinery&amp;Equipment","article_modified_time":"2025-05-25T05:09:05+00:00","og_image":[{"width":1200,"height":1334,"url":"https:\/\/panwinjet.com\/wp-content\/uploads\/2025\/05\/Banshee-nozzles2.jpg","type":"image\/jpeg"}],"twitter_card":"summary_large_image","twitter_misc":{"Tempo estimado de leitura":"4 minutos"},"schema":{"@context":"https:\/\/schema.org","@graph":[{"@type":"WebPage","@id":"https:\/\/panwinjet.com\/product\/40-20k-40k-heat-exchanger-uhp-waterjet-hydro-jet-banshee-nozzles\/","url":"https:\/\/panwinjet.com\/product\/40-20k-40k-heat-exchanger-uhp-waterjet-hydro-jet-banshee-nozzles\/","name":"40-20k 40K Heat Exchanger UHP Waterjet Hydro-Jet Banshee Nozzles - Panwin Machinery&amp;Equipment","isPartOf":{"@id":"https:\/\/panwinjet.com\/#website"},"primaryImageOfPage":{"@id":"https:\/\/panwinjet.com\/product\/40-20k-40k-heat-exchanger-uhp-waterjet-hydro-jet-banshee-nozzles\/#primaryimage"},"image":{"@id":"https:\/\/panwinjet.com\/product\/40-20k-40k-heat-exchanger-uhp-waterjet-hydro-jet-banshee-nozzles\/#primaryimage"},"thumbnailUrl":"https:\/\/panwinjet.com\/wp-content\/uploads\/2025\/05\/Banshee-nozzles2.jpg","datePublished":"2025-05-25T05:02:14+00:00","dateModified":"2025-05-25T05:09:05+00:00","breadcrumb":{"@id":"https:\/\/panwinjet.com\/product\/40-20k-40k-heat-exchanger-uhp-waterjet-hydro-jet-banshee-nozzles\/#breadcrumb"},"inLanguage":"pt-PT","potentialAction":[{"@type":"ReadAction","target":["https:\/\/panwinjet.com\/product\/40-20k-40k-heat-exchanger-uhp-waterjet-hydro-jet-banshee-nozzles\/"]}]},{"@type":"ImageObject","inLanguage":"pt-PT","@id":"https:\/\/panwinjet.com\/product\/40-20k-40k-heat-exchanger-uhp-waterjet-hydro-jet-banshee-nozzles\/#primaryimage","url":"https:\/\/panwinjet.com\/wp-content\/uploads\/2025\/05\/Banshee-nozzles2.jpg","contentUrl":"https:\/\/panwinjet.com\/wp-content\/uploads\/2025\/05\/Banshee-nozzles2.jpg","width":1200,"height":1334},{"@type":"BreadcrumbList","@id":"https:\/\/panwinjet.com\/product\/40-20k-40k-heat-exchanger-uhp-waterjet-hydro-jet-banshee-nozzles\/#breadcrumb","itemListElement":[{"@type":"ListItem","position":1,"name":"\u9996\u9875","item":"https:\/\/panwinjet.com\/"},{"@type":"ListItem","position":2,"name":"PRODUCT","item":"https:\/\/panwinjet.com\/product\/"},{"@type":"ListItem","position":3,"name":"40-20k 40K Heat Exchanger UHP Waterjet Hydro-Jet Banshee Nozzles"}]},{"@type":"WebSite","@id":"https:\/\/panwinjet.com\/#website","url":"https:\/\/panwinjet.com\/","name":"Panwin Machinery&amp;Equipment","description":"Shenzhen Panwin Machinery&amp;Equipment Co.Ltd","potentialAction":[{"@type":"SearchAction","target":{"@type":"EntryPoint","urlTemplate":"https:\/\/panwinjet.com\/?s={search_term_string}"},"query-input":{"@type":"PropertyValueSpecification","valueRequired":true,"valueName":"search_term_string"}}],"inLanguage":"pt-PT"}]}},"_links":{"self":[{"href":"https:\/\/panwinjet.com\/pt\/wp-json\/wp\/v2\/product\/184","targetHints":{"allow":["GET"]}}],"collection":[{"href":"https:\/\/panwinjet.com\/pt\/wp-json\/wp\/v2\/product"}],"about":[{"href":"https:\/\/panwinjet.com\/pt\/wp-json\/wp\/v2\/types\/product"}],"wp:featuredmedia":[{"embeddable":true,"href":"https:\/\/panwinjet.com\/pt\/wp-json\/wp\/v2\/media\/186"}],"wp:attachment":[{"href":"https:\/\/panwinjet.com\/pt\/wp-json\/wp\/v2\/media?parent=184"}],"wp:term":[{"taxonomy":"product_brand","embeddable":true,"href":"https:\/\/panwinjet.com\/pt\/wp-json\/wp\/v2\/product_brand?post=184"},{"taxonomy":"product_cat","embeddable":true,"href":"https:\/\/panwinjet.com\/pt\/wp-json\/wp\/v2\/product_cat?post=184"},{"taxonomy":"product_tag","embeddable":true,"href":"https:\/\/panwinjet.com\/pt\/wp-json\/wp\/v2\/product_tag?post=184"}],"curies":[{"name":"wp","href":"https:\/\/api.w.org\/{rel}","templated":true}]}}