{"id":1813,"date":"2025-11-05T15:22:24","date_gmt":"2025-11-05T15:22:24","guid":{"rendered":"https:\/\/panwinjet.com\/?post_type=product&#038;p=1813"},"modified":"2025-11-05T15:22:24","modified_gmt":"2025-11-05T15:22:24","slug":"60k-uhp-water-jet-cutting-hydro-blasting-pressure-measuring-gauge-wika-instruments","status":"publish","type":"product","link":"https:\/\/panwinjet.com\/pt\/produto\/60k-uhp-water-jet-cutting-hydro-blasting-pressure-measuring-gauge-wika-instruments\/","title":{"rendered":"Man\u00f4metro de press\u00e3o para corte e jateamento a jato de \u00e1gua UHP 60K da WIKA Instruments"},"content":{"rendered":"<p>Man\u00f4metro de press\u00e3o para corte e jateamento a jato de \u00e1gua UHP 60K da WIKA Instruments<br \/>\nMan\u00f4metro 4240 para pe\u00e7as de m\u00e1quinas de limpeza a jato de \u00e1gua na ind\u00fastria petroqu\u00edmica<br \/>\nN\u00f3s, da Panwin, vendemos o Man\u00f4metro de Press\u00e3o UHP para Limpeza e Jateamento a Jato de \u00c1gua de 60K na Ind\u00fastria Petroqu\u00edmica, um instrumento de alta qualidade e confi\u00e1vel para garantir a opera\u00e7\u00e3o segura do processo de limpeza com jato de \u00e1gua.<\/p>\n<p>Nossos man\u00f4metros de press\u00e3o UHP 60Kpsi para jateamento de \u00e1gua, preenchidos com \u00f3leo de silicone, s\u00e3o fabricados em conformidade com a norma EN837-1 e as especifica\u00e7\u00f5es de seguran\u00e7a do projeto.<\/p>","protected":false},"excerpt":{"rendered":"<p>Temos dois tipos de man\u00f4metro de press\u00e3o UHP com di\u00e2metro de 4 polegadas e 6 polegadas, e faixa de press\u00e3o de 0 a 60 kpsi, ambos em psi e MPa.<br \/>\nVers\u00e3o da conex\u00e3o:<br \/>\nConex\u00e3o inferior BSP, conex\u00e3o inferior NPT, conex\u00e3o traseira central BSP, conex\u00e3o traseira central NPT, conex\u00e3o traseira exc\u00eantrica NPT.<\/p>\n<p><strong>Aplicativo:<\/strong><br \/>\nEsses man\u00f4metros de 60K UHP para corte a jato de \u00e1gua e hidrojateamento s\u00e3o utilizados em unidades de energia, bombas, m\u00e1quinas de tratamento de \u00e1gua, prensas, supercompressores, turbinas, motores a diesel, sistemas qu\u00edmicos, petroqu\u00edmicos e de refrigera\u00e7\u00e3o, bem como em m\u00e1quinas e dispositivos sujeitos a press\u00e3o pulsante ou vibra\u00e7\u00f5es mec\u00e2nicas.<\/p>","protected":false},"featured_media":1815,"template":"","meta":[],"product_brand":[],"product_cat":[65,8,7,10,11,22],"product_tag":[85,86],"class_list":{"0":"post-1813","1":"product","2":"type-product","3":"status-publish","4":"has-post-thumbnail","6":"product_cat-flow-direct-drive-pump","7":"product_cat-giant-tank-cleaningcutting-device","8":"product_cat-jetstream-pump-fluid-end-compatibe-parts","9":"product_cat-pipeline-tube-uhp-water-blasting-cleaning-device","10":"product_cat-ship-cleaning-device","11":"product_cat-waterjet-cutting-machine-parts","12":"product_tag-60k-uhp-water-jet-cutting","13":"product_tag-hydro-blasting-pressure-measuring-gauge-wika-instruments","15":"first","16":"instock","17":"shipping-taxable","18":"product-type-simple"},"yoast_head":"<!-- This site is optimized with the Yoast SEO plugin v24.9 - https:\/\/yoast.com\/wordpress\/plugins\/seo\/ -->\n<title>60K UHP Water-Jet Cutting Hydro-Blasting Pressure Measuring Gauge WIKA Instruments - Panwin Machinery&amp;Equipment<\/title>\n<meta name=\"robots\" content=\"index, follow, max-snippet:-1, max-image-preview:large, max-video-preview:-1\" \/>\n<link rel=\"canonical\" href=\"https:\/\/panwinjet.com\/pt\/produto\/60k-uhp-water-jet-cutting-hydro-blasting-pressure-measuring-gauge-wika-instruments\/\" \/>\n<meta property=\"og:locale\" content=\"pt_PT\" \/>\n<meta property=\"og:type\" content=\"article\" \/>\n<meta property=\"og:title\" content=\"60K UHP Water-Jet Cutting Hydro-Blasting Pressure Measuring Gauge WIKA Instruments - Panwin Machinery&amp;Equipment\" \/>\n<meta property=\"og:description\" content=\"We have two Type Of the UHP pressure Gauge Diameter:4inch and 6inch, pressure rate:0-60Kpsi, both Psi Mpa. Connection Version: BSP bottom connection, NPT bottom connection, BSP centre back connection, NPT centre back connection, NPT eccentric back connection.  Application: This 60K UHP Water-Jet Cutting Hydro-Blasting Measuring Instruments pressure gauges are used in power units, pumps, water treatment machines, presses, superchargers, turbines, Diesel engines, chemical, petrochemical and cooling systems, also in machines and devices in which pulsating pressure or mechanical vibrations are present.\" \/>\n<meta property=\"og:url\" content=\"https:\/\/panwinjet.com\/pt\/produto\/60k-uhp-water-jet-cutting-hydro-blasting-pressure-measuring-gauge-wika-instruments\/\" \/>\n<meta property=\"og:site_name\" content=\"Panwin Machinery&amp;Equipment\" \/>\n<meta property=\"og:image\" content=\"https:\/\/panwinjet.com\/wp-content\/uploads\/2025\/11\/60Mpa-60Kpsi-UHP-Water-Pressure-Gauge-3-scaled.jpg\" \/>\n\t<meta property=\"og:image:width\" content=\"2560\" \/>\n\t<meta property=\"og:image:height\" content=\"1152\" \/>\n\t<meta property=\"og:image:type\" content=\"image\/jpeg\" \/>\n<meta name=\"twitter:card\" content=\"summary_large_image\" \/>\n<meta name=\"twitter:label1\" content=\"Tempo estimado de leitura\" \/>\n\t<meta name=\"twitter:data1\" content=\"1 minuto\" \/>\n<script type=\"application\/ld+json\" class=\"yoast-schema-graph\">{\"@context\":\"https:\/\/schema.org\",\"@graph\":[{\"@type\":\"WebPage\",\"@id\":\"https:\/\/panwinjet.com\/product\/60k-uhp-water-jet-cutting-hydro-blasting-pressure-measuring-gauge-wika-instruments\/\",\"url\":\"https:\/\/panwinjet.com\/product\/60k-uhp-water-jet-cutting-hydro-blasting-pressure-measuring-gauge-wika-instruments\/\",\"name\":\"60K UHP Water-Jet Cutting Hydro-Blasting Pressure Measuring Gauge WIKA Instruments - Panwin Machinery&amp;Equipment\",\"isPartOf\":{\"@id\":\"https:\/\/panwinjet.com\/#website\"},\"primaryImageOfPage\":{\"@id\":\"https:\/\/panwinjet.com\/product\/60k-uhp-water-jet-cutting-hydro-blasting-pressure-measuring-gauge-wika-instruments\/#primaryimage\"},\"image\":{\"@id\":\"https:\/\/panwinjet.com\/product\/60k-uhp-water-jet-cutting-hydro-blasting-pressure-measuring-gauge-wika-instruments\/#primaryimage\"},\"thumbnailUrl\":\"https:\/\/panwinjet.com\/wp-content\/uploads\/2025\/11\/60Mpa-60Kpsi-UHP-Water-Pressure-Gauge-3-scaled.jpg\",\"datePublished\":\"2025-11-05T15:22:24+00:00\",\"breadcrumb\":{\"@id\":\"https:\/\/panwinjet.com\/product\/60k-uhp-water-jet-cutting-hydro-blasting-pressure-measuring-gauge-wika-instruments\/#breadcrumb\"},\"inLanguage\":\"pt-PT\",\"potentialAction\":[{\"@type\":\"ReadAction\",\"target\":[\"https:\/\/panwinjet.com\/product\/60k-uhp-water-jet-cutting-hydro-blasting-pressure-measuring-gauge-wika-instruments\/\"]}]},{\"@type\":\"ImageObject\",\"inLanguage\":\"pt-PT\",\"@id\":\"https:\/\/panwinjet.com\/product\/60k-uhp-water-jet-cutting-hydro-blasting-pressure-measuring-gauge-wika-instruments\/#primaryimage\",\"url\":\"https:\/\/panwinjet.com\/wp-content\/uploads\/2025\/11\/60Mpa-60Kpsi-UHP-Water-Pressure-Gauge-3-scaled.jpg\",\"contentUrl\":\"https:\/\/panwinjet.com\/wp-content\/uploads\/2025\/11\/60Mpa-60Kpsi-UHP-Water-Pressure-Gauge-3-scaled.jpg\",\"width\":2560,\"height\":1152},{\"@type\":\"BreadcrumbList\",\"@id\":\"https:\/\/panwinjet.com\/product\/60k-uhp-water-jet-cutting-hydro-blasting-pressure-measuring-gauge-wika-instruments\/#breadcrumb\",\"itemListElement\":[{\"@type\":\"ListItem\",\"position\":1,\"name\":\"\u9996\u9875\",\"item\":\"https:\/\/panwinjet.com\/\"},{\"@type\":\"ListItem\",\"position\":2,\"name\":\"PRODUCT\",\"item\":\"https:\/\/panwinjet.com\/product\/\"},{\"@type\":\"ListItem\",\"position\":3,\"name\":\"60K UHP Water-Jet Cutting Hydro-Blasting Pressure Measuring Gauge WIKA Instruments\"}]},{\"@type\":\"WebSite\",\"@id\":\"https:\/\/panwinjet.com\/#website\",\"url\":\"https:\/\/panwinjet.com\/\",\"name\":\"Panwin Machinery&amp;Equipment\",\"description\":\"Shenzhen Panwin Machinery&amp;Equipment Co.Ltd\",\"potentialAction\":[{\"@type\":\"SearchAction\",\"target\":{\"@type\":\"EntryPoint\",\"urlTemplate\":\"https:\/\/panwinjet.com\/?s={search_term_string}\"},\"query-input\":{\"@type\":\"PropertyValueSpecification\",\"valueRequired\":true,\"valueName\":\"search_term_string\"}}],\"inLanguage\":\"pt-PT\"}]}<\/script>\n<!-- \/ Yoast SEO plugin. -->","yoast_head_json":{"title":"60K UHP Water-Jet Cutting Hydro-Blasting Pressure Measuring Gauge WIKA Instruments - Panwin Machinery&amp;Equipment","robots":{"index":"index","follow":"follow","max-snippet":"max-snippet:-1","max-image-preview":"max-image-preview:large","max-video-preview":"max-video-preview:-1"},"canonical":"https:\/\/panwinjet.com\/pt\/produto\/60k-uhp-water-jet-cutting-hydro-blasting-pressure-measuring-gauge-wika-instruments\/","og_locale":"pt_PT","og_type":"article","og_title":"60K UHP Water-Jet Cutting Hydro-Blasting Pressure Measuring Gauge WIKA Instruments - Panwin Machinery&amp;Equipment","og_description":"We have two Type Of the UHP pressure Gauge Diameter:4inch and 6inch, pressure rate:0-60Kpsi, both Psi Mpa. Connection Version: BSP bottom connection, NPT bottom connection, BSP centre back connection, NPT centre back connection, NPT eccentric back connection.  Application: This 60K UHP Water-Jet Cutting Hydro-Blasting Measuring Instruments pressure gauges are used in power units, pumps, water treatment machines, presses, superchargers, turbines, Diesel engines, chemical, petrochemical and cooling systems, also in machines and devices in which pulsating pressure or mechanical vibrations are present.","og_url":"https:\/\/panwinjet.com\/pt\/produto\/60k-uhp-water-jet-cutting-hydro-blasting-pressure-measuring-gauge-wika-instruments\/","og_site_name":"Panwin Machinery&amp;Equipment","og_image":[{"width":2560,"height":1152,"url":"https:\/\/panwinjet.com\/wp-content\/uploads\/2025\/11\/60Mpa-60Kpsi-UHP-Water-Pressure-Gauge-3-scaled.jpg","type":"image\/jpeg"}],"twitter_card":"summary_large_image","twitter_misc":{"Tempo estimado de leitura":"1 minuto"},"schema":{"@context":"https:\/\/schema.org","@graph":[{"@type":"WebPage","@id":"https:\/\/panwinjet.com\/product\/60k-uhp-water-jet-cutting-hydro-blasting-pressure-measuring-gauge-wika-instruments\/","url":"https:\/\/panwinjet.com\/product\/60k-uhp-water-jet-cutting-hydro-blasting-pressure-measuring-gauge-wika-instruments\/","name":"60K UHP Water-Jet Cutting Hydro-Blasting Pressure Measuring Gauge WIKA Instruments - Panwin Machinery&amp;Equipment","isPartOf":{"@id":"https:\/\/panwinjet.com\/#website"},"primaryImageOfPage":{"@id":"https:\/\/panwinjet.com\/product\/60k-uhp-water-jet-cutting-hydro-blasting-pressure-measuring-gauge-wika-instruments\/#primaryimage"},"image":{"@id":"https:\/\/panwinjet.com\/product\/60k-uhp-water-jet-cutting-hydro-blasting-pressure-measuring-gauge-wika-instruments\/#primaryimage"},"thumbnailUrl":"https:\/\/panwinjet.com\/wp-content\/uploads\/2025\/11\/60Mpa-60Kpsi-UHP-Water-Pressure-Gauge-3-scaled.jpg","datePublished":"2025-11-05T15:22:24+00:00","breadcrumb":{"@id":"https:\/\/panwinjet.com\/product\/60k-uhp-water-jet-cutting-hydro-blasting-pressure-measuring-gauge-wika-instruments\/#breadcrumb"},"inLanguage":"pt-PT","potentialAction":[{"@type":"ReadAction","target":["https:\/\/panwinjet.com\/product\/60k-uhp-water-jet-cutting-hydro-blasting-pressure-measuring-gauge-wika-instruments\/"]}]},{"@type":"ImageObject","inLanguage":"pt-PT","@id":"https:\/\/panwinjet.com\/product\/60k-uhp-water-jet-cutting-hydro-blasting-pressure-measuring-gauge-wika-instruments\/#primaryimage","url":"https:\/\/panwinjet.com\/wp-content\/uploads\/2025\/11\/60Mpa-60Kpsi-UHP-Water-Pressure-Gauge-3-scaled.jpg","contentUrl":"https:\/\/panwinjet.com\/wp-content\/uploads\/2025\/11\/60Mpa-60Kpsi-UHP-Water-Pressure-Gauge-3-scaled.jpg","width":2560,"height":1152},{"@type":"BreadcrumbList","@id":"https:\/\/panwinjet.com\/product\/60k-uhp-water-jet-cutting-hydro-blasting-pressure-measuring-gauge-wika-instruments\/#breadcrumb","itemListElement":[{"@type":"ListItem","position":1,"name":"\u9996\u9875","item":"https:\/\/panwinjet.com\/"},{"@type":"ListItem","position":2,"name":"PRODUCT","item":"https:\/\/panwinjet.com\/product\/"},{"@type":"ListItem","position":3,"name":"60K UHP Water-Jet Cutting Hydro-Blasting Pressure Measuring Gauge WIKA Instruments"}]},{"@type":"WebSite","@id":"https:\/\/panwinjet.com\/#website","url":"https:\/\/panwinjet.com\/","name":"Panwin Machinery&amp;Equipment","description":"Shenzhen Panwin Machinery&amp;Equipment Co.Ltd","potentialAction":[{"@type":"SearchAction","target":{"@type":"EntryPoint","urlTemplate":"https:\/\/panwinjet.com\/?s={search_term_string}"},"query-input":{"@type":"PropertyValueSpecification","valueRequired":true,"valueName":"search_term_string"}}],"inLanguage":"pt-PT"}]}},"_links":{"self":[{"href":"https:\/\/panwinjet.com\/pt\/wp-json\/wp\/v2\/product\/1813","targetHints":{"allow":["GET"]}}],"collection":[{"href":"https:\/\/panwinjet.com\/pt\/wp-json\/wp\/v2\/product"}],"about":[{"href":"https:\/\/panwinjet.com\/pt\/wp-json\/wp\/v2\/types\/product"}],"wp:featuredmedia":[{"embeddable":true,"href":"https:\/\/panwinjet.com\/pt\/wp-json\/wp\/v2\/media\/1815"}],"wp:attachment":[{"href":"https:\/\/panwinjet.com\/pt\/wp-json\/wp\/v2\/media?parent=1813"}],"wp:term":[{"taxonomy":"product_brand","embeddable":true,"href":"https:\/\/panwinjet.com\/pt\/wp-json\/wp\/v2\/product_brand?post=1813"},{"taxonomy":"product_cat","embeddable":true,"href":"https:\/\/panwinjet.com\/pt\/wp-json\/wp\/v2\/product_cat?post=1813"},{"taxonomy":"product_tag","embeddable":true,"href":"https:\/\/panwinjet.com\/pt\/wp-json\/wp\/v2\/product_tag?post=1813"}],"curies":[{"name":"wp","href":"https:\/\/api.w.org\/{rel}","templated":true}]}}