{"id":1798,"date":"2025-11-02T12:21:42","date_gmt":"2025-11-02T12:21:42","guid":{"rendered":"https:\/\/panwinjet.com\/?post_type=product&#038;p=1798"},"modified":"2025-11-02T23:07:27","modified_gmt":"2025-11-02T23:07:27","slug":"excellent-quality-ultra-high-pressure-water-blast-nozzle-55kpsi-triplex-plunger-pump-water-blaster-nozzle-7-16-20-sapphire-nozzles","status":"publish","type":"product","link":"https:\/\/panwinjet.com\/pt\/produto\/excellent-quality-ultra-high-pressure-water-blast-nozzle-55kpsi-triplex-plunger-pump-water-blaster-nozzle-7-16-20-sapphire-nozzles\/","title":{"rendered":"Bocal de jato de \u00e1gua de ultra alta press\u00e3o de excelente qualidade, bomba de pist\u00e3o triplex de 55Kpsi, bocal para jato de \u00e1gua 7\/16-20 Sapphire Nozzles"},"content":{"rendered":"<p><strong>Bocal de jato de \u00e1gua de ultra alta press\u00e3o de excelente qualidade, bomba de pist\u00e3o triplex de 55Kpsi, bocal para jato de \u00e1gua 7\/16-20 Sapphire Nozzles<\/strong><\/p>\n<p>Para componentes de m\u00e1quinas de limpeza por jateamento de \u00e1gua com press\u00e3o de 55kpsi na ind\u00fastria qu\u00edmica, os bicos com rosca 7\/16-20 s\u00e3o ideais para opera\u00e7\u00f5es de limpeza por jateamento de \u00e1gua. Fabricados com safira de excelente qualidade, proporcionam alta efici\u00eancia e desempenho est\u00e1vel na limpeza.<\/p>","protected":false},"excerpt":{"rendered":"<p>Os bicos de hidrojateamento UHP para limpeza industrial com rosca 7\/16-20 e safira s\u00e3o compostos por um corpo de alta qualidade endurecido termicamente e uma aut\u00eantica safira americana. S\u00e3o amplamente compat\u00edveis com os bicos UHP auto-rotativos Barracuda, como os bicos BC Barracuda e StoneAge. Comparados aos bicos M10, os bicos de hidrojateamento UHP 7\/16-20 apresentam maior pot\u00eancia de pulveriza\u00e7\u00e3o, pois o ponto de pulveriza\u00e7\u00e3o fica mais pr\u00f3ximo do M10.<\/p>","protected":false},"featured_media":1803,"template":"","meta":[],"product_brand":[],"product_cat":[3,4,5],"product_tag":[],"class_list":{"0":"post-1798","1":"product","2":"type-product","3":"status-publish","4":"has-post-thumbnail","6":"product_cat-sapphire-nozzles","7":"product_cat-uhp-blasting-hand-air-gun","8":"product_cat-uhp-rotating-nozzles","10":"first","11":"instock","12":"shipping-taxable","13":"product-type-simple"},"yoast_head":"<!-- This site is optimized with the Yoast SEO plugin v24.9 - https:\/\/yoast.com\/wordpress\/plugins\/seo\/ -->\n<title>Excellent quality ultra high pressure water blast nozzle 55Kpsi triplex plunger pump Water-blaster nozzle 7\/16-20 Sapphire Nozzles - Panwin Machinery&amp;Equipment<\/title>\n<meta name=\"robots\" content=\"index, follow, max-snippet:-1, max-image-preview:large, max-video-preview:-1\" \/>\n<link rel=\"canonical\" href=\"https:\/\/panwinjet.com\/pt\/produto\/excellent-quality-ultra-high-pressure-water-blast-nozzle-55kpsi-triplex-plunger-pump-water-blaster-nozzle-7-16-20-sapphire-nozzles\/\" \/>\n<meta property=\"og:locale\" content=\"pt_PT\" \/>\n<meta property=\"og:type\" content=\"article\" \/>\n<meta property=\"og:title\" content=\"Excellent quality ultra high pressure water blast nozzle 55Kpsi triplex plunger pump Water-blaster nozzle 7\/16-20 Sapphire Nozzles - Panwin Machinery&amp;Equipment\" \/>\n<meta property=\"og:description\" content=\"The UHP Water Blaster Industrial Cleaning Hydro-Jetting 7\/16-20 thread Sapphire Nozzles composed with high-grade heat-hardened body and an authentic US Sapphire gem Chip, it is widely compatible with the UHP Self-Rotary Barracuda nozzles, like BC Barracuda Nozzles, StoneAge Nozzles, compared with M10 Nozzles, the 7\/16-20 UHP Hydro-Jetting nozzles have the features of Spraying Power more powerful since the Spraying Point will be get closer to M10.\" \/>\n<meta property=\"og:url\" content=\"https:\/\/panwinjet.com\/pt\/produto\/excellent-quality-ultra-high-pressure-water-blast-nozzle-55kpsi-triplex-plunger-pump-water-blaster-nozzle-7-16-20-sapphire-nozzles\/\" \/>\n<meta property=\"og:site_name\" content=\"Panwin Machinery&amp;Equipment\" \/>\n<meta property=\"article:modified_time\" content=\"2025-11-02T23:07:27+00:00\" \/>\n<meta property=\"og:image\" content=\"https:\/\/panwinjet.com\/wp-content\/uploads\/2025\/11\/7-16-20-UHP-Nozzles-9-scaled.jpg\" \/>\n\t<meta property=\"og:image:width\" content=\"1152\" \/>\n\t<meta property=\"og:image:height\" content=\"2560\" \/>\n\t<meta property=\"og:image:type\" content=\"image\/jpeg\" \/>\n<meta name=\"twitter:card\" content=\"summary_large_image\" \/>\n<meta name=\"twitter:label1\" content=\"Tempo estimado de leitura\" \/>\n\t<meta name=\"twitter:data1\" content=\"1 minuto\" \/>\n<script type=\"application\/ld+json\" class=\"yoast-schema-graph\">{\"@context\":\"https:\/\/schema.org\",\"@graph\":[{\"@type\":\"WebPage\",\"@id\":\"https:\/\/panwinjet.com\/product\/excellent-quality-ultra-high-pressure-water-blast-nozzle-55kpsi-triplex-plunger-pump-water-blaster-nozzle-7-16-20-sapphire-nozzles\/\",\"url\":\"https:\/\/panwinjet.com\/product\/excellent-quality-ultra-high-pressure-water-blast-nozzle-55kpsi-triplex-plunger-pump-water-blaster-nozzle-7-16-20-sapphire-nozzles\/\",\"name\":\"Excellent quality ultra high pressure water blast nozzle 55Kpsi triplex plunger pump Water-blaster nozzle 7\/16-20 Sapphire Nozzles - Panwin Machinery&amp;Equipment\",\"isPartOf\":{\"@id\":\"https:\/\/panwinjet.com\/#website\"},\"primaryImageOfPage\":{\"@id\":\"https:\/\/panwinjet.com\/product\/excellent-quality-ultra-high-pressure-water-blast-nozzle-55kpsi-triplex-plunger-pump-water-blaster-nozzle-7-16-20-sapphire-nozzles\/#primaryimage\"},\"image\":{\"@id\":\"https:\/\/panwinjet.com\/product\/excellent-quality-ultra-high-pressure-water-blast-nozzle-55kpsi-triplex-plunger-pump-water-blaster-nozzle-7-16-20-sapphire-nozzles\/#primaryimage\"},\"thumbnailUrl\":\"https:\/\/panwinjet.com\/wp-content\/uploads\/2025\/11\/7-16-20-UHP-Nozzles-9-scaled.jpg\",\"datePublished\":\"2025-11-02T12:21:42+00:00\",\"dateModified\":\"2025-11-02T23:07:27+00:00\",\"breadcrumb\":{\"@id\":\"https:\/\/panwinjet.com\/product\/excellent-quality-ultra-high-pressure-water-blast-nozzle-55kpsi-triplex-plunger-pump-water-blaster-nozzle-7-16-20-sapphire-nozzles\/#breadcrumb\"},\"inLanguage\":\"pt-PT\",\"potentialAction\":[{\"@type\":\"ReadAction\",\"target\":[\"https:\/\/panwinjet.com\/product\/excellent-quality-ultra-high-pressure-water-blast-nozzle-55kpsi-triplex-plunger-pump-water-blaster-nozzle-7-16-20-sapphire-nozzles\/\"]}]},{\"@type\":\"ImageObject\",\"inLanguage\":\"pt-PT\",\"@id\":\"https:\/\/panwinjet.com\/product\/excellent-quality-ultra-high-pressure-water-blast-nozzle-55kpsi-triplex-plunger-pump-water-blaster-nozzle-7-16-20-sapphire-nozzles\/#primaryimage\",\"url\":\"https:\/\/panwinjet.com\/wp-content\/uploads\/2025\/11\/7-16-20-UHP-Nozzles-9-scaled.jpg\",\"contentUrl\":\"https:\/\/panwinjet.com\/wp-content\/uploads\/2025\/11\/7-16-20-UHP-Nozzles-9-scaled.jpg\",\"width\":1152,\"height\":2560},{\"@type\":\"BreadcrumbList\",\"@id\":\"https:\/\/panwinjet.com\/product\/excellent-quality-ultra-high-pressure-water-blast-nozzle-55kpsi-triplex-plunger-pump-water-blaster-nozzle-7-16-20-sapphire-nozzles\/#breadcrumb\",\"itemListElement\":[{\"@type\":\"ListItem\",\"position\":1,\"name\":\"\u9996\u9875\",\"item\":\"https:\/\/panwinjet.com\/\"},{\"@type\":\"ListItem\",\"position\":2,\"name\":\"PRODUCT\",\"item\":\"https:\/\/panwinjet.com\/product\/\"},{\"@type\":\"ListItem\",\"position\":3,\"name\":\"Excellent quality ultra high pressure water blast nozzle 55Kpsi triplex plunger pump Water-blaster nozzle 7\/16-20 Sapphire Nozzles\"}]},{\"@type\":\"WebSite\",\"@id\":\"https:\/\/panwinjet.com\/#website\",\"url\":\"https:\/\/panwinjet.com\/\",\"name\":\"Panwin Machinery&amp;Equipment\",\"description\":\"Shenzhen Panwin Machinery&amp;Equipment Co.Ltd\",\"potentialAction\":[{\"@type\":\"SearchAction\",\"target\":{\"@type\":\"EntryPoint\",\"urlTemplate\":\"https:\/\/panwinjet.com\/?s={search_term_string}\"},\"query-input\":{\"@type\":\"PropertyValueSpecification\",\"valueRequired\":true,\"valueName\":\"search_term_string\"}}],\"inLanguage\":\"pt-PT\"}]}<\/script>\n<!-- \/ Yoast SEO plugin. -->","yoast_head_json":{"title":"Excellent quality ultra high pressure water blast nozzle 55Kpsi triplex plunger pump Water-blaster nozzle 7\/16-20 Sapphire Nozzles - Panwin Machinery&amp;Equipment","robots":{"index":"index","follow":"follow","max-snippet":"max-snippet:-1","max-image-preview":"max-image-preview:large","max-video-preview":"max-video-preview:-1"},"canonical":"https:\/\/panwinjet.com\/pt\/produto\/excellent-quality-ultra-high-pressure-water-blast-nozzle-55kpsi-triplex-plunger-pump-water-blaster-nozzle-7-16-20-sapphire-nozzles\/","og_locale":"pt_PT","og_type":"article","og_title":"Excellent quality ultra high pressure water blast nozzle 55Kpsi triplex plunger pump Water-blaster nozzle 7\/16-20 Sapphire Nozzles - Panwin Machinery&amp;Equipment","og_description":"The UHP Water Blaster Industrial Cleaning Hydro-Jetting 7\/16-20 thread Sapphire Nozzles composed with high-grade heat-hardened body and an authentic US Sapphire gem Chip, it is widely compatible with the UHP Self-Rotary Barracuda nozzles, like BC Barracuda Nozzles, StoneAge Nozzles, compared with M10 Nozzles, the 7\/16-20 UHP Hydro-Jetting nozzles have the features of Spraying Power more powerful since the Spraying Point will be get closer to M10.","og_url":"https:\/\/panwinjet.com\/pt\/produto\/excellent-quality-ultra-high-pressure-water-blast-nozzle-55kpsi-triplex-plunger-pump-water-blaster-nozzle-7-16-20-sapphire-nozzles\/","og_site_name":"Panwin Machinery&amp;Equipment","article_modified_time":"2025-11-02T23:07:27+00:00","og_image":[{"width":1152,"height":2560,"url":"https:\/\/panwinjet.com\/wp-content\/uploads\/2025\/11\/7-16-20-UHP-Nozzles-9-scaled.jpg","type":"image\/jpeg"}],"twitter_card":"summary_large_image","twitter_misc":{"Tempo estimado de leitura":"1 minuto"},"schema":{"@context":"https:\/\/schema.org","@graph":[{"@type":"WebPage","@id":"https:\/\/panwinjet.com\/product\/excellent-quality-ultra-high-pressure-water-blast-nozzle-55kpsi-triplex-plunger-pump-water-blaster-nozzle-7-16-20-sapphire-nozzles\/","url":"https:\/\/panwinjet.com\/product\/excellent-quality-ultra-high-pressure-water-blast-nozzle-55kpsi-triplex-plunger-pump-water-blaster-nozzle-7-16-20-sapphire-nozzles\/","name":"Excellent quality ultra high pressure water blast nozzle 55Kpsi triplex plunger pump Water-blaster nozzle 7\/16-20 Sapphire Nozzles - Panwin Machinery&amp;Equipment","isPartOf":{"@id":"https:\/\/panwinjet.com\/#website"},"primaryImageOfPage":{"@id":"https:\/\/panwinjet.com\/product\/excellent-quality-ultra-high-pressure-water-blast-nozzle-55kpsi-triplex-plunger-pump-water-blaster-nozzle-7-16-20-sapphire-nozzles\/#primaryimage"},"image":{"@id":"https:\/\/panwinjet.com\/product\/excellent-quality-ultra-high-pressure-water-blast-nozzle-55kpsi-triplex-plunger-pump-water-blaster-nozzle-7-16-20-sapphire-nozzles\/#primaryimage"},"thumbnailUrl":"https:\/\/panwinjet.com\/wp-content\/uploads\/2025\/11\/7-16-20-UHP-Nozzles-9-scaled.jpg","datePublished":"2025-11-02T12:21:42+00:00","dateModified":"2025-11-02T23:07:27+00:00","breadcrumb":{"@id":"https:\/\/panwinjet.com\/product\/excellent-quality-ultra-high-pressure-water-blast-nozzle-55kpsi-triplex-plunger-pump-water-blaster-nozzle-7-16-20-sapphire-nozzles\/#breadcrumb"},"inLanguage":"pt-PT","potentialAction":[{"@type":"ReadAction","target":["https:\/\/panwinjet.com\/product\/excellent-quality-ultra-high-pressure-water-blast-nozzle-55kpsi-triplex-plunger-pump-water-blaster-nozzle-7-16-20-sapphire-nozzles\/"]}]},{"@type":"ImageObject","inLanguage":"pt-PT","@id":"https:\/\/panwinjet.com\/product\/excellent-quality-ultra-high-pressure-water-blast-nozzle-55kpsi-triplex-plunger-pump-water-blaster-nozzle-7-16-20-sapphire-nozzles\/#primaryimage","url":"https:\/\/panwinjet.com\/wp-content\/uploads\/2025\/11\/7-16-20-UHP-Nozzles-9-scaled.jpg","contentUrl":"https:\/\/panwinjet.com\/wp-content\/uploads\/2025\/11\/7-16-20-UHP-Nozzles-9-scaled.jpg","width":1152,"height":2560},{"@type":"BreadcrumbList","@id":"https:\/\/panwinjet.com\/product\/excellent-quality-ultra-high-pressure-water-blast-nozzle-55kpsi-triplex-plunger-pump-water-blaster-nozzle-7-16-20-sapphire-nozzles\/#breadcrumb","itemListElement":[{"@type":"ListItem","position":1,"name":"\u9996\u9875","item":"https:\/\/panwinjet.com\/"},{"@type":"ListItem","position":2,"name":"PRODUCT","item":"https:\/\/panwinjet.com\/product\/"},{"@type":"ListItem","position":3,"name":"Excellent quality ultra high pressure water blast nozzle 55Kpsi triplex plunger pump Water-blaster nozzle 7\/16-20 Sapphire Nozzles"}]},{"@type":"WebSite","@id":"https:\/\/panwinjet.com\/#website","url":"https:\/\/panwinjet.com\/","name":"Panwin Machinery&amp;Equipment","description":"Shenzhen Panwin Machinery&amp;Equipment Co.Ltd","potentialAction":[{"@type":"SearchAction","target":{"@type":"EntryPoint","urlTemplate":"https:\/\/panwinjet.com\/?s={search_term_string}"},"query-input":{"@type":"PropertyValueSpecification","valueRequired":true,"valueName":"search_term_string"}}],"inLanguage":"pt-PT"}]}},"_links":{"self":[{"href":"https:\/\/panwinjet.com\/pt\/wp-json\/wp\/v2\/product\/1798","targetHints":{"allow":["GET"]}}],"collection":[{"href":"https:\/\/panwinjet.com\/pt\/wp-json\/wp\/v2\/product"}],"about":[{"href":"https:\/\/panwinjet.com\/pt\/wp-json\/wp\/v2\/types\/product"}],"wp:featuredmedia":[{"embeddable":true,"href":"https:\/\/panwinjet.com\/pt\/wp-json\/wp\/v2\/media\/1803"}],"wp:attachment":[{"href":"https:\/\/panwinjet.com\/pt\/wp-json\/wp\/v2\/media?parent=1798"}],"wp:term":[{"taxonomy":"product_brand","embeddable":true,"href":"https:\/\/panwinjet.com\/pt\/wp-json\/wp\/v2\/product_brand?post=1798"},{"taxonomy":"product_cat","embeddable":true,"href":"https:\/\/panwinjet.com\/pt\/wp-json\/wp\/v2\/product_cat?post=1798"},{"taxonomy":"product_tag","embeddable":true,"href":"https:\/\/panwinjet.com\/pt\/wp-json\/wp\/v2\/product_tag?post=1798"}],"curies":[{"name":"wp","href":"https:\/\/api.w.org\/{rel}","templated":true}]}}