{"id":1780,"date":"2025-11-02T07:10:48","date_gmt":"2025-11-02T07:10:48","guid":{"rendered":"https:\/\/panwinjet.com\/?post_type=product&#038;p=1780"},"modified":"2025-11-02T07:10:48","modified_gmt":"2025-11-02T07:10:48","slug":"60kpsi-4200bar-uhp-water-cutting-hydro-blaster-y-adapter-tee","status":"publish","type":"product","link":"https:\/\/panwinjet.com\/pt\/produto\/60kpsi-4200bar-uhp-water-cutting-hydro-blaster-y-adapter-tee\/","title":{"rendered":"Conector em Y para hidrojateamento de corte com \u00e1gua UHP de 60Kpsi e 4200Bar (60Kpsi)"},"content":{"rendered":"<p>A v\u00e1lvula em Y adaptadora para hidrojateamento de corte com \u00e1gua UHP de 60Kpsi 4200Bar \u00e9 uma v\u00e1lvula multimodo, com press\u00e3o de 60.000 psi e diversas op\u00e7\u00f5es de conex\u00e3o.<\/p>\n<p><img decoding=\"async\" class=\"alignleft size-medium wp-image-1789 lazyload\" data-src=\"https:\/\/panwinjet.com\/wp-content\/uploads\/2025\/11\/High-Pressure-Y-Adapter-Parameter-500x210.png\" alt=\"\" width=\"500\" height=\"210\" data-srcset=\"https:\/\/panwinjet.com\/wp-content\/uploads\/2025\/11\/High-Pressure-Y-Adapter-Parameter-500x210.png 500w, https:\/\/panwinjet.com\/wp-content\/uploads\/2025\/11\/High-Pressure-Y-Adapter-Parameter-300x126.png 300w, https:\/\/panwinjet.com\/wp-content\/uploads\/2025\/11\/High-Pressure-Y-Adapter-Parameter-768x324.png 768w, https:\/\/panwinjet.com\/wp-content\/uploads\/2025\/11\/High-Pressure-Y-Adapter-Parameter-150x63.png 150w, https:\/\/panwinjet.com\/wp-content\/uploads\/2025\/11\/High-Pressure-Y-Adapter-Parameter-480x201.png 480w, https:\/\/panwinjet.com\/wp-content\/uploads\/2025\/11\/High-Pressure-Y-Adapter-Parameter.png 772w\" data-sizes=\"(max-width:767px) 480px, 500px\" src=\"data:image\/svg+xml;base64,PHN2ZyB3aWR0aD0iMSIgaGVpZ2h0PSIxIiB4bWxucz0iaHR0cDovL3d3dy53My5vcmcvMjAwMC9zdmciPjwvc3ZnPg==\" style=\"--smush-placeholder-width: 500px; --smush-placeholder-aspect-ratio: 500\/210;\" \/><\/p>","protected":false},"excerpt":{"rendered":"<p>Conector em Y para hidrojateamento de corte com \u00e1gua UHP de 60Kpsi e 4200Bar (60Kpsi)<br \/>\n1. Introdu\u00e7\u00e3o do produto: Adaptadores Y para m\u00e1quina de limpeza por jato de \u00e1gua hidrot\u00e9rmico com trocador de calor<br \/>\nFornecemos adaptadores em Y para m\u00e1quinas de limpeza com troca de calor e jateamento de \u00e1gua de alta press\u00e3o, com press\u00e3o de trabalho de 2.758 bar (40.000 psi). Possuem tr\u00eas tipos de conex\u00e3o, permitindo a liga\u00e7\u00e3o de duas v\u00e1lvulas multimodo a uma \u00fanica fonte de alimenta\u00e7\u00e3o, sendo utilizados em diversas tarefas de limpeza.<\/p>","protected":false},"featured_media":1783,"template":"","meta":[],"product_brand":[],"product_cat":[8,7,10,11,5],"product_tag":[79,80],"class_list":{"0":"post-1780","1":"product","2":"type-product","3":"status-publish","4":"has-post-thumbnail","6":"product_cat-giant-tank-cleaningcutting-device","7":"product_cat-jetstream-pump-fluid-end-compatibe-parts","8":"product_cat-pipeline-tube-uhp-water-blasting-cleaning-device","9":"product_cat-ship-cleaning-device","10":"product_cat-uhp-rotating-nozzles","11":"product_tag-60kpsi-4200bar-uhp-water-jet","12":"product_tag-hydro-blaster-y-adapter-tee","14":"first","15":"instock","16":"shipping-taxable","17":"product-type-simple"},"yoast_head":"<!-- This site is optimized with the Yoast SEO plugin v24.9 - https:\/\/yoast.com\/wordpress\/plugins\/seo\/ -->\n<title>60Kpsi 4200Bar UHP Water Cutting Hydro-Blaster Y-Adapter Tee - Panwin Machinery&amp;Equipment<\/title>\n<meta name=\"robots\" content=\"index, follow, max-snippet:-1, max-image-preview:large, max-video-preview:-1\" \/>\n<link rel=\"canonical\" href=\"https:\/\/panwinjet.com\/pt\/produto\/60kpsi-4200bar-uhp-water-cutting-hydro-blaster-y-adapter-tee\/\" \/>\n<meta property=\"og:locale\" content=\"pt_PT\" \/>\n<meta property=\"og:type\" content=\"article\" \/>\n<meta property=\"og:title\" content=\"60Kpsi 4200Bar UHP Water Cutting Hydro-Blaster Y-Adapter Tee - Panwin Machinery&amp;Equipment\" \/>\n<meta property=\"og:description\" content=\"60Kpsi 4200Bar UHP Water Cutting Hydro-Blaster Y-Adapter Tee 1.Product Introduction of Hydro water Jet Blasting Heat-exchange cleaning machine parts Y-ADAPTERS We supply you Hydro water Jet Blasting Heat-exchange cleaning machine parts Y-ADAPTERS Coupling, working pressure 2,758bar,40,000psi pressure, it has three connection Type,it allow the connection of two multi-mode valves to one supply source, and used for versatile cleaning tasks.\" \/>\n<meta property=\"og:url\" content=\"https:\/\/panwinjet.com\/pt\/produto\/60kpsi-4200bar-uhp-water-cutting-hydro-blaster-y-adapter-tee\/\" \/>\n<meta property=\"og:site_name\" content=\"Panwin Machinery&amp;Equipment\" \/>\n<meta property=\"og:image\" content=\"https:\/\/panwinjet.com\/wp-content\/uploads\/2025\/11\/Tee-1-scaled.jpg\" \/>\n\t<meta property=\"og:image:width\" content=\"2560\" \/>\n\t<meta property=\"og:image:height\" content=\"1707\" \/>\n\t<meta property=\"og:image:type\" content=\"image\/jpeg\" \/>\n<meta name=\"twitter:card\" content=\"summary_large_image\" \/>\n<meta name=\"twitter:label1\" content=\"Tempo estimado de leitura\" \/>\n\t<meta name=\"twitter:data1\" content=\"1 minuto\" \/>\n<script type=\"application\/ld+json\" class=\"yoast-schema-graph\">{\"@context\":\"https:\/\/schema.org\",\"@graph\":[{\"@type\":\"WebPage\",\"@id\":\"https:\/\/panwinjet.com\/product\/60kpsi-4200bar-uhp-water-cutting-hydro-blaster-y-adapter-tee\/\",\"url\":\"https:\/\/panwinjet.com\/product\/60kpsi-4200bar-uhp-water-cutting-hydro-blaster-y-adapter-tee\/\",\"name\":\"60Kpsi 4200Bar UHP Water Cutting Hydro-Blaster Y-Adapter Tee - Panwin Machinery&amp;Equipment\",\"isPartOf\":{\"@id\":\"https:\/\/panwinjet.com\/#website\"},\"primaryImageOfPage\":{\"@id\":\"https:\/\/panwinjet.com\/product\/60kpsi-4200bar-uhp-water-cutting-hydro-blaster-y-adapter-tee\/#primaryimage\"},\"image\":{\"@id\":\"https:\/\/panwinjet.com\/product\/60kpsi-4200bar-uhp-water-cutting-hydro-blaster-y-adapter-tee\/#primaryimage\"},\"thumbnailUrl\":\"https:\/\/panwinjet.com\/wp-content\/uploads\/2025\/11\/Tee-1-scaled.jpg\",\"datePublished\":\"2025-11-02T07:10:48+00:00\",\"breadcrumb\":{\"@id\":\"https:\/\/panwinjet.com\/product\/60kpsi-4200bar-uhp-water-cutting-hydro-blaster-y-adapter-tee\/#breadcrumb\"},\"inLanguage\":\"pt-PT\",\"potentialAction\":[{\"@type\":\"ReadAction\",\"target\":[\"https:\/\/panwinjet.com\/product\/60kpsi-4200bar-uhp-water-cutting-hydro-blaster-y-adapter-tee\/\"]}]},{\"@type\":\"ImageObject\",\"inLanguage\":\"pt-PT\",\"@id\":\"https:\/\/panwinjet.com\/product\/60kpsi-4200bar-uhp-water-cutting-hydro-blaster-y-adapter-tee\/#primaryimage\",\"url\":\"https:\/\/panwinjet.com\/wp-content\/uploads\/2025\/11\/Tee-1-scaled.jpg\",\"contentUrl\":\"https:\/\/panwinjet.com\/wp-content\/uploads\/2025\/11\/Tee-1-scaled.jpg\",\"width\":2560,\"height\":1707},{\"@type\":\"BreadcrumbList\",\"@id\":\"https:\/\/panwinjet.com\/product\/60kpsi-4200bar-uhp-water-cutting-hydro-blaster-y-adapter-tee\/#breadcrumb\",\"itemListElement\":[{\"@type\":\"ListItem\",\"position\":1,\"name\":\"\u9996\u9875\",\"item\":\"https:\/\/panwinjet.com\/\"},{\"@type\":\"ListItem\",\"position\":2,\"name\":\"PRODUCT\",\"item\":\"https:\/\/panwinjet.com\/product\/\"},{\"@type\":\"ListItem\",\"position\":3,\"name\":\"60Kpsi 4200Bar UHP Water Cutting Hydro-Blaster Y-Adapter Tee\"}]},{\"@type\":\"WebSite\",\"@id\":\"https:\/\/panwinjet.com\/#website\",\"url\":\"https:\/\/panwinjet.com\/\",\"name\":\"Panwin Machinery&amp;Equipment\",\"description\":\"Shenzhen Panwin Machinery&amp;Equipment Co.Ltd\",\"potentialAction\":[{\"@type\":\"SearchAction\",\"target\":{\"@type\":\"EntryPoint\",\"urlTemplate\":\"https:\/\/panwinjet.com\/?s={search_term_string}\"},\"query-input\":{\"@type\":\"PropertyValueSpecification\",\"valueRequired\":true,\"valueName\":\"search_term_string\"}}],\"inLanguage\":\"pt-PT\"}]}<\/script>\n<!-- \/ Yoast SEO plugin. -->","yoast_head_json":{"title":"60Kpsi 4200Bar UHP Water Cutting Hydro-Blaster Y-Adapter Tee - Panwin Machinery&amp;Equipment","robots":{"index":"index","follow":"follow","max-snippet":"max-snippet:-1","max-image-preview":"max-image-preview:large","max-video-preview":"max-video-preview:-1"},"canonical":"https:\/\/panwinjet.com\/pt\/produto\/60kpsi-4200bar-uhp-water-cutting-hydro-blaster-y-adapter-tee\/","og_locale":"pt_PT","og_type":"article","og_title":"60Kpsi 4200Bar UHP Water Cutting Hydro-Blaster Y-Adapter Tee - Panwin Machinery&amp;Equipment","og_description":"60Kpsi 4200Bar UHP Water Cutting Hydro-Blaster Y-Adapter Tee 1.Product Introduction of Hydro water Jet Blasting Heat-exchange cleaning machine parts Y-ADAPTERS We supply you Hydro water Jet Blasting Heat-exchange cleaning machine parts Y-ADAPTERS Coupling, working pressure 2,758bar,40,000psi pressure, it has three connection Type,it allow the connection of two multi-mode valves to one supply source, and used for versatile cleaning tasks.","og_url":"https:\/\/panwinjet.com\/pt\/produto\/60kpsi-4200bar-uhp-water-cutting-hydro-blaster-y-adapter-tee\/","og_site_name":"Panwin Machinery&amp;Equipment","og_image":[{"width":2560,"height":1707,"url":"https:\/\/panwinjet.com\/wp-content\/uploads\/2025\/11\/Tee-1-scaled.jpg","type":"image\/jpeg"}],"twitter_card":"summary_large_image","twitter_misc":{"Tempo estimado de leitura":"1 minuto"},"schema":{"@context":"https:\/\/schema.org","@graph":[{"@type":"WebPage","@id":"https:\/\/panwinjet.com\/product\/60kpsi-4200bar-uhp-water-cutting-hydro-blaster-y-adapter-tee\/","url":"https:\/\/panwinjet.com\/product\/60kpsi-4200bar-uhp-water-cutting-hydro-blaster-y-adapter-tee\/","name":"60Kpsi 4200Bar UHP Water Cutting Hydro-Blaster Y-Adapter Tee - Panwin Machinery&amp;Equipment","isPartOf":{"@id":"https:\/\/panwinjet.com\/#website"},"primaryImageOfPage":{"@id":"https:\/\/panwinjet.com\/product\/60kpsi-4200bar-uhp-water-cutting-hydro-blaster-y-adapter-tee\/#primaryimage"},"image":{"@id":"https:\/\/panwinjet.com\/product\/60kpsi-4200bar-uhp-water-cutting-hydro-blaster-y-adapter-tee\/#primaryimage"},"thumbnailUrl":"https:\/\/panwinjet.com\/wp-content\/uploads\/2025\/11\/Tee-1-scaled.jpg","datePublished":"2025-11-02T07:10:48+00:00","breadcrumb":{"@id":"https:\/\/panwinjet.com\/product\/60kpsi-4200bar-uhp-water-cutting-hydro-blaster-y-adapter-tee\/#breadcrumb"},"inLanguage":"pt-PT","potentialAction":[{"@type":"ReadAction","target":["https:\/\/panwinjet.com\/product\/60kpsi-4200bar-uhp-water-cutting-hydro-blaster-y-adapter-tee\/"]}]},{"@type":"ImageObject","inLanguage":"pt-PT","@id":"https:\/\/panwinjet.com\/product\/60kpsi-4200bar-uhp-water-cutting-hydro-blaster-y-adapter-tee\/#primaryimage","url":"https:\/\/panwinjet.com\/wp-content\/uploads\/2025\/11\/Tee-1-scaled.jpg","contentUrl":"https:\/\/panwinjet.com\/wp-content\/uploads\/2025\/11\/Tee-1-scaled.jpg","width":2560,"height":1707},{"@type":"BreadcrumbList","@id":"https:\/\/panwinjet.com\/product\/60kpsi-4200bar-uhp-water-cutting-hydro-blaster-y-adapter-tee\/#breadcrumb","itemListElement":[{"@type":"ListItem","position":1,"name":"\u9996\u9875","item":"https:\/\/panwinjet.com\/"},{"@type":"ListItem","position":2,"name":"PRODUCT","item":"https:\/\/panwinjet.com\/product\/"},{"@type":"ListItem","position":3,"name":"60Kpsi 4200Bar UHP Water Cutting Hydro-Blaster Y-Adapter Tee"}]},{"@type":"WebSite","@id":"https:\/\/panwinjet.com\/#website","url":"https:\/\/panwinjet.com\/","name":"Panwin Machinery&amp;Equipment","description":"Shenzhen Panwin Machinery&amp;Equipment Co.Ltd","potentialAction":[{"@type":"SearchAction","target":{"@type":"EntryPoint","urlTemplate":"https:\/\/panwinjet.com\/?s={search_term_string}"},"query-input":{"@type":"PropertyValueSpecification","valueRequired":true,"valueName":"search_term_string"}}],"inLanguage":"pt-PT"}]}},"_links":{"self":[{"href":"https:\/\/panwinjet.com\/pt\/wp-json\/wp\/v2\/product\/1780","targetHints":{"allow":["GET"]}}],"collection":[{"href":"https:\/\/panwinjet.com\/pt\/wp-json\/wp\/v2\/product"}],"about":[{"href":"https:\/\/panwinjet.com\/pt\/wp-json\/wp\/v2\/types\/product"}],"wp:featuredmedia":[{"embeddable":true,"href":"https:\/\/panwinjet.com\/pt\/wp-json\/wp\/v2\/media\/1783"}],"wp:attachment":[{"href":"https:\/\/panwinjet.com\/pt\/wp-json\/wp\/v2\/media?parent=1780"}],"wp:term":[{"taxonomy":"product_brand","embeddable":true,"href":"https:\/\/panwinjet.com\/pt\/wp-json\/wp\/v2\/product_brand?post=1780"},{"taxonomy":"product_cat","embeddable":true,"href":"https:\/\/panwinjet.com\/pt\/wp-json\/wp\/v2\/product_cat?post=1780"},{"taxonomy":"product_tag","embeddable":true,"href":"https:\/\/panwinjet.com\/pt\/wp-json\/wp\/v2\/product_tag?post=1780"}],"curies":[{"name":"wp","href":"https:\/\/api.w.org\/{rel}","templated":true}]}}