{"id":1717,"date":"2025-10-20T09:19:08","date_gmt":"2025-10-20T09:19:08","guid":{"rendered":"https:\/\/panwinjet.com\/?post_type=product&#038;p=1717"},"modified":"2025-10-20T09:26:30","modified_gmt":"2025-10-20T09:26:30","slug":"40kpsi-water-jet-uhp-flow-husky-direct-drive-pump-water-blaster-hydro-jet-check-valve-inlet-poppet","status":"publish","type":"product","link":"https:\/\/panwinjet.com\/pt\/produto\/40kpsi-water-jet-uhp-flow-husky-direct-drive-pump-water-blaster-hydro-jet-check-valve-inlet-poppet\/","title":{"rendered":"Bomba de jato de \u00e1gua UHP de 40Kpsi com acionamento direto Husky, v\u00e1lvula de reten\u00e7\u00e3o de entrada para hidrojato."},"content":{"rendered":"<p>Bomba de jato de \u00e1gua UHP de 40Kpsi com acionamento direto Husky, v\u00e1lvula de reten\u00e7\u00e3o de entrada para hidrojato.<\/p>\n<p>A v\u00e1lvula de reten\u00e7\u00e3o de entrada para bomba de jato de \u00e1gua UHP Flow Husky de 40.000 PSI \u00e9 compat\u00edvel com as bombas de jato de \u00e1gua Flow Husky S-200 de 40.000 PSI. <strong><b>equipamento de jato de \u00e1gua de alta press\u00e3o<\/b><\/strong><strong><b> V\u00e1lvula de reten\u00e7\u00e3o de entrada<\/b><\/strong>\u00a0Foi projetado para funcionar em substitui\u00e7\u00e3o ao Flow 002078-1.<\/p>\n<p>O UHP <strong><b>hidrojato<\/b><\/strong><strong><b>\u00a0<\/b><\/strong><strong><b>equipamento de limpeza m\u00e1quina de drenagem<\/b><\/strong><strong><b> A v\u00e1lvula de reten\u00e7\u00e3o de entrada tipo poppet \u00e9 produzida.<\/b><\/strong>\u00a0Fabricado com a\u00e7o inoxid\u00e1vel de excelente qualidade e processo especial de al\u00edvio de tens\u00f5es, seguindo padr\u00f5es rigorosos.<\/p>","protected":false},"excerpt":{"rendered":"<p>&nbsp;<\/p>\n<p>A v\u00e1lvula de reten\u00e7\u00e3o de entrada tipo poppet para bomba de jato de \u00e1gua UHP Flow Husky de 40Kpsi com acionamento direto \u00e9 compat\u00edvel com a bomba de jato de \u00e1gua UHP Flow Husky. A bomba Flow Husky \u00e9 uma bomba de jato de \u00e1gua superpotente, e esta bomba de pist\u00e3o de acionamento direto de 40Kpsi com compensa\u00e7\u00e3o total de press\u00e3o oferece alta seguran\u00e7a com luzes de sensor, desligamento autom\u00e1tico para maior confiabilidade e fun\u00e7\u00e3o de prote\u00e7\u00e3o do operador.<br \/>\nEsta bomba de pist\u00e3o de acionamento direto UHP de 2800 bar tamb\u00e9m \u00e9 de f\u00e1cil manuten\u00e7\u00e3o, sendo a manuten\u00e7\u00e3o de rotina simples e r\u00e1pida.<\/p>","protected":false},"featured_media":1720,"template":"","meta":[],"product_brand":[],"product_cat":[65,11,4,5],"product_tag":[68,70,69],"class_list":{"0":"post-1717","1":"product","2":"type-product","3":"status-publish","4":"has-post-thumbnail","6":"product_cat-flow-direct-drive-pump","7":"product_cat-ship-cleaning-device","8":"product_cat-uhp-blasting-hand-air-gun","9":"product_cat-uhp-rotating-nozzles","10":"product_tag-40kpsi-water-jet-uhp","11":"product_tag-husky-direct-drive-pump-water-blaster","12":"product_tag-water-blaster-hydro-jet","14":"first","15":"instock","16":"shipping-taxable","17":"product-type-simple"},"yoast_head":"<!-- This site is optimized with the Yoast SEO plugin v24.9 - https:\/\/yoast.com\/wordpress\/plugins\/seo\/ -->\n<title>40Kpsi water-jet UHP Flow Husky Direct Drive Pump Water-Blaster hydro-Jet Check Valve Inlet Poppet - Panwin Machinery&amp;Equipment<\/title>\n<meta name=\"robots\" content=\"index, follow, max-snippet:-1, max-image-preview:large, max-video-preview:-1\" \/>\n<link rel=\"canonical\" href=\"https:\/\/panwinjet.com\/pt\/produto\/40kpsi-water-jet-uhp-flow-husky-direct-drive-pump-water-blaster-hydro-jet-check-valve-inlet-poppet\/\" \/>\n<meta property=\"og:locale\" content=\"pt_PT\" \/>\n<meta property=\"og:type\" content=\"article\" \/>\n<meta property=\"og:title\" content=\"40Kpsi water-jet UHP Flow Husky Direct Drive Pump Water-Blaster hydro-Jet Check Valve Inlet Poppet - Panwin Machinery&amp;Equipment\" \/>\n<meta property=\"og:description\" content=\"&nbsp;  40Kpsi water-jet UHP Flow Husky Direct Drive Pump Water-Blaster hydro-Jet Check Valve Inlet Poppet is compatible for use in Flow Husky UHP Direct Drive Pump,The Flow Husky Pump is super powerful Water-Blaster pump, and this 40Kpsi direct drive plunger pump with full pressure compensation Water-blaster, it feature high Safety with sensor lights, Automatic Shutdown with more reliability and operator protection function. This 2800Bar UHP direct drive plunger pump also easy-service and the routine maintenance simple and time saving.\" \/>\n<meta property=\"og:url\" content=\"https:\/\/panwinjet.com\/pt\/produto\/40kpsi-water-jet-uhp-flow-husky-direct-drive-pump-water-blaster-hydro-jet-check-valve-inlet-poppet\/\" \/>\n<meta property=\"og:site_name\" content=\"Panwin Machinery&amp;Equipment\" \/>\n<meta property=\"article:modified_time\" content=\"2025-10-20T09:26:30+00:00\" \/>\n<meta property=\"og:image\" content=\"https:\/\/panwinjet.com\/wp-content\/uploads\/2025\/10\/002078-1-\u8fdb\u6c34\u9600\u82af-1.png\" \/>\n\t<meta property=\"og:image:width\" content=\"730\" \/>\n\t<meta property=\"og:image:height\" content=\"550\" \/>\n\t<meta property=\"og:image:type\" content=\"image\/png\" \/>\n<meta name=\"twitter:card\" content=\"summary_large_image\" \/>\n<meta name=\"twitter:label1\" content=\"Tempo estimado de leitura\" \/>\n\t<meta name=\"twitter:data1\" content=\"1 minuto\" \/>\n<script type=\"application\/ld+json\" class=\"yoast-schema-graph\">{\"@context\":\"https:\/\/schema.org\",\"@graph\":[{\"@type\":\"WebPage\",\"@id\":\"https:\/\/panwinjet.com\/product\/40kpsi-water-jet-uhp-flow-husky-direct-drive-pump-water-blaster-hydro-jet-check-valve-inlet-poppet\/\",\"url\":\"https:\/\/panwinjet.com\/product\/40kpsi-water-jet-uhp-flow-husky-direct-drive-pump-water-blaster-hydro-jet-check-valve-inlet-poppet\/\",\"name\":\"40Kpsi water-jet UHP Flow Husky Direct Drive Pump Water-Blaster hydro-Jet Check Valve Inlet Poppet - Panwin Machinery&amp;Equipment\",\"isPartOf\":{\"@id\":\"https:\/\/panwinjet.com\/#website\"},\"primaryImageOfPage\":{\"@id\":\"https:\/\/panwinjet.com\/product\/40kpsi-water-jet-uhp-flow-husky-direct-drive-pump-water-blaster-hydro-jet-check-valve-inlet-poppet\/#primaryimage\"},\"image\":{\"@id\":\"https:\/\/panwinjet.com\/product\/40kpsi-water-jet-uhp-flow-husky-direct-drive-pump-water-blaster-hydro-jet-check-valve-inlet-poppet\/#primaryimage\"},\"thumbnailUrl\":\"https:\/\/panwinjet.com\/wp-content\/uploads\/2025\/10\/002078-1-\u8fdb\u6c34\u9600\u82af-1.png\",\"datePublished\":\"2025-10-20T09:19:08+00:00\",\"dateModified\":\"2025-10-20T09:26:30+00:00\",\"breadcrumb\":{\"@id\":\"https:\/\/panwinjet.com\/product\/40kpsi-water-jet-uhp-flow-husky-direct-drive-pump-water-blaster-hydro-jet-check-valve-inlet-poppet\/#breadcrumb\"},\"inLanguage\":\"pt-PT\",\"potentialAction\":[{\"@type\":\"ReadAction\",\"target\":[\"https:\/\/panwinjet.com\/product\/40kpsi-water-jet-uhp-flow-husky-direct-drive-pump-water-blaster-hydro-jet-check-valve-inlet-poppet\/\"]}]},{\"@type\":\"ImageObject\",\"inLanguage\":\"pt-PT\",\"@id\":\"https:\/\/panwinjet.com\/product\/40kpsi-water-jet-uhp-flow-husky-direct-drive-pump-water-blaster-hydro-jet-check-valve-inlet-poppet\/#primaryimage\",\"url\":\"https:\/\/panwinjet.com\/wp-content\/uploads\/2025\/10\/002078-1-\u8fdb\u6c34\u9600\u82af-1.png\",\"contentUrl\":\"https:\/\/panwinjet.com\/wp-content\/uploads\/2025\/10\/002078-1-\u8fdb\u6c34\u9600\u82af-1.png\",\"width\":730,\"height\":550},{\"@type\":\"BreadcrumbList\",\"@id\":\"https:\/\/panwinjet.com\/product\/40kpsi-water-jet-uhp-flow-husky-direct-drive-pump-water-blaster-hydro-jet-check-valve-inlet-poppet\/#breadcrumb\",\"itemListElement\":[{\"@type\":\"ListItem\",\"position\":1,\"name\":\"\u9996\u9875\",\"item\":\"https:\/\/panwinjet.com\/\"},{\"@type\":\"ListItem\",\"position\":2,\"name\":\"PRODUCT\",\"item\":\"https:\/\/panwinjet.com\/product\/\"},{\"@type\":\"ListItem\",\"position\":3,\"name\":\"40Kpsi water-jet UHP Flow Husky Direct Drive Pump Water-Blaster hydro-Jet Check Valve Inlet Poppet\"}]},{\"@type\":\"WebSite\",\"@id\":\"https:\/\/panwinjet.com\/#website\",\"url\":\"https:\/\/panwinjet.com\/\",\"name\":\"Panwin Machinery&amp;Equipment\",\"description\":\"Shenzhen Panwin Machinery&amp;Equipment Co.Ltd\",\"potentialAction\":[{\"@type\":\"SearchAction\",\"target\":{\"@type\":\"EntryPoint\",\"urlTemplate\":\"https:\/\/panwinjet.com\/?s={search_term_string}\"},\"query-input\":{\"@type\":\"PropertyValueSpecification\",\"valueRequired\":true,\"valueName\":\"search_term_string\"}}],\"inLanguage\":\"pt-PT\"}]}<\/script>\n<!-- \/ Yoast SEO plugin. -->","yoast_head_json":{"title":"40Kpsi water-jet UHP Flow Husky Direct Drive Pump Water-Blaster hydro-Jet Check Valve Inlet Poppet - Panwin Machinery&amp;Equipment","robots":{"index":"index","follow":"follow","max-snippet":"max-snippet:-1","max-image-preview":"max-image-preview:large","max-video-preview":"max-video-preview:-1"},"canonical":"https:\/\/panwinjet.com\/pt\/produto\/40kpsi-water-jet-uhp-flow-husky-direct-drive-pump-water-blaster-hydro-jet-check-valve-inlet-poppet\/","og_locale":"pt_PT","og_type":"article","og_title":"40Kpsi water-jet UHP Flow Husky Direct Drive Pump Water-Blaster hydro-Jet Check Valve Inlet Poppet - Panwin Machinery&amp;Equipment","og_description":"&nbsp;  40Kpsi water-jet UHP Flow Husky Direct Drive Pump Water-Blaster hydro-Jet Check Valve Inlet Poppet is compatible for use in Flow Husky UHP Direct Drive Pump,The Flow Husky Pump is super powerful Water-Blaster pump, and this 40Kpsi direct drive plunger pump with full pressure compensation Water-blaster, it feature high Safety with sensor lights, Automatic Shutdown with more reliability and operator protection function. This 2800Bar UHP direct drive plunger pump also easy-service and the routine maintenance simple and time saving.","og_url":"https:\/\/panwinjet.com\/pt\/produto\/40kpsi-water-jet-uhp-flow-husky-direct-drive-pump-water-blaster-hydro-jet-check-valve-inlet-poppet\/","og_site_name":"Panwin Machinery&amp;Equipment","article_modified_time":"2025-10-20T09:26:30+00:00","og_image":[{"width":730,"height":550,"url":"https:\/\/panwinjet.com\/wp-content\/uploads\/2025\/10\/002078-1-\u8fdb\u6c34\u9600\u82af-1.png","type":"image\/png"}],"twitter_card":"summary_large_image","twitter_misc":{"Tempo estimado de leitura":"1 minuto"},"schema":{"@context":"https:\/\/schema.org","@graph":[{"@type":"WebPage","@id":"https:\/\/panwinjet.com\/product\/40kpsi-water-jet-uhp-flow-husky-direct-drive-pump-water-blaster-hydro-jet-check-valve-inlet-poppet\/","url":"https:\/\/panwinjet.com\/product\/40kpsi-water-jet-uhp-flow-husky-direct-drive-pump-water-blaster-hydro-jet-check-valve-inlet-poppet\/","name":"40Kpsi water-jet UHP Flow Husky Direct Drive Pump Water-Blaster hydro-Jet Check Valve Inlet Poppet - Panwin Machinery&amp;Equipment","isPartOf":{"@id":"https:\/\/panwinjet.com\/#website"},"primaryImageOfPage":{"@id":"https:\/\/panwinjet.com\/product\/40kpsi-water-jet-uhp-flow-husky-direct-drive-pump-water-blaster-hydro-jet-check-valve-inlet-poppet\/#primaryimage"},"image":{"@id":"https:\/\/panwinjet.com\/product\/40kpsi-water-jet-uhp-flow-husky-direct-drive-pump-water-blaster-hydro-jet-check-valve-inlet-poppet\/#primaryimage"},"thumbnailUrl":"https:\/\/panwinjet.com\/wp-content\/uploads\/2025\/10\/002078-1-\u8fdb\u6c34\u9600\u82af-1.png","datePublished":"2025-10-20T09:19:08+00:00","dateModified":"2025-10-20T09:26:30+00:00","breadcrumb":{"@id":"https:\/\/panwinjet.com\/product\/40kpsi-water-jet-uhp-flow-husky-direct-drive-pump-water-blaster-hydro-jet-check-valve-inlet-poppet\/#breadcrumb"},"inLanguage":"pt-PT","potentialAction":[{"@type":"ReadAction","target":["https:\/\/panwinjet.com\/product\/40kpsi-water-jet-uhp-flow-husky-direct-drive-pump-water-blaster-hydro-jet-check-valve-inlet-poppet\/"]}]},{"@type":"ImageObject","inLanguage":"pt-PT","@id":"https:\/\/panwinjet.com\/product\/40kpsi-water-jet-uhp-flow-husky-direct-drive-pump-water-blaster-hydro-jet-check-valve-inlet-poppet\/#primaryimage","url":"https:\/\/panwinjet.com\/wp-content\/uploads\/2025\/10\/002078-1-\u8fdb\u6c34\u9600\u82af-1.png","contentUrl":"https:\/\/panwinjet.com\/wp-content\/uploads\/2025\/10\/002078-1-\u8fdb\u6c34\u9600\u82af-1.png","width":730,"height":550},{"@type":"BreadcrumbList","@id":"https:\/\/panwinjet.com\/product\/40kpsi-water-jet-uhp-flow-husky-direct-drive-pump-water-blaster-hydro-jet-check-valve-inlet-poppet\/#breadcrumb","itemListElement":[{"@type":"ListItem","position":1,"name":"\u9996\u9875","item":"https:\/\/panwinjet.com\/"},{"@type":"ListItem","position":2,"name":"PRODUCT","item":"https:\/\/panwinjet.com\/product\/"},{"@type":"ListItem","position":3,"name":"40Kpsi water-jet UHP Flow Husky Direct Drive Pump Water-Blaster hydro-Jet Check Valve Inlet Poppet"}]},{"@type":"WebSite","@id":"https:\/\/panwinjet.com\/#website","url":"https:\/\/panwinjet.com\/","name":"Panwin Machinery&amp;Equipment","description":"Shenzhen Panwin Machinery&amp;Equipment Co.Ltd","potentialAction":[{"@type":"SearchAction","target":{"@type":"EntryPoint","urlTemplate":"https:\/\/panwinjet.com\/?s={search_term_string}"},"query-input":{"@type":"PropertyValueSpecification","valueRequired":true,"valueName":"search_term_string"}}],"inLanguage":"pt-PT"}]}},"_links":{"self":[{"href":"https:\/\/panwinjet.com\/pt\/wp-json\/wp\/v2\/product\/1717","targetHints":{"allow":["GET"]}}],"collection":[{"href":"https:\/\/panwinjet.com\/pt\/wp-json\/wp\/v2\/product"}],"about":[{"href":"https:\/\/panwinjet.com\/pt\/wp-json\/wp\/v2\/types\/product"}],"wp:featuredmedia":[{"embeddable":true,"href":"https:\/\/panwinjet.com\/pt\/wp-json\/wp\/v2\/media\/1720"}],"wp:attachment":[{"href":"https:\/\/panwinjet.com\/pt\/wp-json\/wp\/v2\/media?parent=1717"}],"wp:term":[{"taxonomy":"product_brand","embeddable":true,"href":"https:\/\/panwinjet.com\/pt\/wp-json\/wp\/v2\/product_brand?post=1717"},{"taxonomy":"product_cat","embeddable":true,"href":"https:\/\/panwinjet.com\/pt\/wp-json\/wp\/v2\/product_cat?post=1717"},{"taxonomy":"product_tag","embeddable":true,"href":"https:\/\/panwinjet.com\/pt\/wp-json\/wp\/v2\/product_tag?post=1717"}],"curies":[{"name":"wp","href":"https:\/\/api.w.org\/{rel}","templated":true}]}}