{"id":169,"date":"2025-05-25T04:36:41","date_gmt":"2025-05-25T04:36:41","guid":{"rendered":"https:\/\/panwinjet.com\/?post_type=product&#038;p=169"},"modified":"2025-05-25T04:48:50","modified_gmt":"2025-05-25T04:48:50","slug":"25-pipeline-hydro-jet-blasting-cleaning-machine-parts-for-woma-uni-valve-new-model","status":"publish","type":"product","link":"https:\/\/panwinjet.com\/pt\/produto\/25-pipeline-hydro-jet-blasting-cleaning-machine-parts-for-woma-uni-valve-new-model\/","title":{"rendered":"25 pe\u00e7as para m\u00e1quina de limpeza por hidrojateamento de tubula\u00e7\u00e3o para WOMA Uni-Valve Novo Modelo"},"content":{"rendered":"<p><strong><b>Pe\u00e7as para m\u00e1quina de limpeza por hidrojateamento de dutos para WOMA Uni-Valve Novo Modelo<\/b><\/strong><\/p>\n<p><strong><b>1.<\/b><\/strong><strong><b>Apresenta\u00e7\u00e3o do produto: Pe\u00e7as para m\u00e1quina de limpeza por hidrojateamento de dutos para v\u00e1lvula \u00fanica WOMA.<\/b><\/strong><strong><b>\u00a0Conjuntos de cartuchos<\/b><\/strong><strong><b>\u00a0Novo modelo<\/b><\/strong><\/p>\n<p>As pe\u00e7as da m\u00e1quina de limpeza por hidrojateamento para o novo modelo da v\u00e1lvula WOMA Uni-Valve foram fabricadas para uma ampla variedade de tarefas de limpeza de superf\u00edcies e s\u00e3o utilizadas em bombas de hidrojateamento de alta press\u00e3o da WOMA.<\/p>\n<p><strong><b>2. Par\u00e2metros (especifica\u00e7\u00f5es) do produto <\/b><\/strong><strong><b>Pe\u00e7as para m\u00e1quina de limpeza por hidrojateamento de dutos para WOMA Uni-Valve Novo Modelo<\/b><\/strong><\/p>\n<p>Os conjuntos de cartuchos Panwin Uni-Valve para WOMA s\u00e3o fabricados em a\u00e7o inoxid\u00e1vel de alta qualidade, com tratamento t\u00e9rmico superior para garantir excelente desempenho.<\/p>\n<p><strong><b>3. Caracter\u00edsticas e aplica\u00e7\u00f5es do produto <\/b><\/strong><strong><b>Pe\u00e7as para m\u00e1quina de limpeza por hidrojateamento de dutos para WOMA Uni-Valve Novo Modelo<\/b><\/strong><\/p>\n<p>As pe\u00e7as para a m\u00e1quina de limpeza por hidrojateamento de dutos WOMA Uni-Valve New Model s\u00e3o componentes-chave da bomba de hidrojateamento WOMA, apresentando qualidade est\u00e1vel e alta efici\u00eancia, com as seguintes caracter\u00edsticas:<\/p>\n<ul>\n<li>A\u00e7o inoxid\u00e1vel de qualidade diferenciada<\/li>\n<li>Excelente trabalho artesanal.<\/li>\n<li>Toler\u00e2ncia de veda\u00e7\u00e3o pr\u00f3xima<\/li>\n<\/ul>\n<p><strong><b>Aplicativo:<\/b><\/strong><\/p>\n<p>Este conjunto de pe\u00e7as para m\u00e1quina de limpeza por hidrojateamento de dutos, compat\u00edvel com o novo modelo da v\u00e1lvula WOMA Uni-Valve, \u00e9 aplicado \u00e0 nova bomba de press\u00e3o da WOMA, sendo um componente chave e de design de ponta.<\/p>\n<p>A bomba pode ser amplamente utilizada na limpeza de superf\u00edcies, limpeza de tanques e vasos de press\u00e3o, limpeza de pintura automotiva, limpeza na ind\u00fastria de minera\u00e7\u00e3o, limpeza em sider\u00fargicas, ind\u00fastria da constru\u00e7\u00e3o civil, etc.<\/p>\n<p><strong><b>4. Detalhes do produto<\/b><\/strong><strong><b>\u00a0<\/b><\/strong><strong><b>Pe\u00e7as para m\u00e1quina de limpeza por hidrojateamento de dutos para WOMA Uni-Valve Novo Modelo<\/b><\/strong><\/p>\n<p><strong><b>5. Qualifica\u00e7\u00e3o do Produto<\/b><\/strong>\u00a0<strong><b>Pe\u00e7as para m\u00e1quina de limpeza por hidrojateamento de dutos para WOMA Uni-Valve Novo Modelo<\/b><\/strong><\/p>\n<ol start=\"6\">\n<li><b><\/b><strong><b>Entrega, envio e servi\u00e7o de<\/b><\/strong><strong><b>Pe\u00e7as para m\u00e1quina de limpeza por hidrojateamento de dutos para WOMA Uni-Valve Novo Modelo<\/b><\/strong><\/li>\n<\/ol>\n<p>Para este produto, pe\u00e7as para m\u00e1quina de limpeza por hidrojateamento de dutos, incluindo conjuntos de cartucho WOMA Uni-Valve (Novo Modelo), o frete n\u00e3o est\u00e1 inclu\u00eddo no pre\u00e7o e depende da forma de entrega: a\u00e9rea, mar\u00edtima ou ferrovi\u00e1ria. O valor do frete varia conforme a regi\u00e3o e n\u00e3o inclui frete nem custos de embalagem em estrutura de madeira.<\/p>\n<p>Para itens de tamanho m\u00e9dio, como desentupidores, bicos de limpeza de tubos curvos de 4&quot; e 6&quot;, bicos auto-rotativos, etc., embalaremos em caixa de pl\u00e1stico resistente e protegeremos com espuma espessa para evitar danos, e embalaremos em caixa de papel\u00e3o ou madeira compensada, conforme solicitado pelo cliente.<\/p>\n<p>Para pe\u00e7as pequenas, como bicos M10, bicos 3\/8-24, diversos acess\u00f3rios de veda\u00e7\u00e3o, etc., utilizaremos sacos pl\u00e1sticos grossos ou sacos de bolhas, cobertos com espuma espessa para evitar poss\u00edveis danos, e embalaremos em caixas de papel\u00e3o ou madeira compensada, conforme solicitado pelo cliente.<\/p>\n<p>&nbsp;<\/p>\n<ol start=\"7\">\n<li><b><\/b><strong><b>Perguntas frequentes<\/b><\/strong><\/li>\n<\/ol>\n<p><strong>5: Qual a import\u00e2ncia de manter os bicos limpos?<\/strong><\/p>\n<p>No processo de limpeza por hidrojato, o bico entupido n\u00e3o ter\u00e1 um bom efeito de limpeza, e os bicos obstru\u00eddos tamb\u00e9m podem aumentar a press\u00e3o reversa na bomba, causando danos a ela. Portanto, a limpeza regular ou mesmo a substitui\u00e7\u00e3o dos bicos \u00e9 importante.<\/p>\n<p><strong><b>6: Com que frequ\u00eancia precisamos trocar os bicos?<\/b><\/strong><\/p>\n<p>A frequ\u00eancia de substitui\u00e7\u00e3o dos bicos depende bastante do tempo de uso da m\u00e1quina. Recomendamos que, caso note uma redu\u00e7\u00e3o gradual da press\u00e3o, verifique e tente limpar os bicos. Se o problema persistir, substitua o bico, pois, em geral, nem todos os bicos se desgastam simultaneamente.<\/p>","protected":false},"excerpt":{"rendered":"<p>Pe\u00e7as para m\u00e1quina de limpeza por hidrojateamento de dutos para WOMA Uni-Valve Novo Modelo 1. Introdu\u00e7\u00e3o do produto: Conjuntos de cartuchos para m\u00e1quina de limpeza por hidrojateamento de dutos para WOMA Uni-Valve Novo<span class=\"excerpt-hellip\"> [\u2026]<\/span><\/p>","protected":false},"featured_media":172,"template":"","meta":[],"product_brand":[],"product_cat":[6],"product_tag":[],"class_list":{"0":"post-169","1":"product","2":"type-product","3":"status-publish","4":"has-post-thumbnail","6":"product_cat-uni-valves-for-uhp-pump","8":"first","9":"instock","10":"shipping-taxable","11":"product-type-external"},"yoast_head":"<!-- This site is optimized with the Yoast SEO plugin v24.9 - https:\/\/yoast.com\/wordpress\/plugins\/seo\/ -->\n<title>25-Pipeline hydro Jet blasting cleaning machine parts for WOMA Uni-Valve New Model - Panwin Machinery&amp;Equipment<\/title>\n<meta name=\"robots\" content=\"index, follow, max-snippet:-1, max-image-preview:large, max-video-preview:-1\" \/>\n<link rel=\"canonical\" href=\"https:\/\/panwinjet.com\/pt\/produto\/25-pipeline-hydro-jet-blasting-cleaning-machine-parts-for-woma-uni-valve-new-model\/\" \/>\n<meta property=\"og:locale\" content=\"pt_PT\" \/>\n<meta property=\"og:type\" content=\"article\" \/>\n<meta property=\"og:title\" content=\"25-Pipeline hydro Jet blasting cleaning machine parts for WOMA Uni-Valve New Model - Panwin Machinery&amp;Equipment\" \/>\n<meta property=\"og:description\" content=\"Pipeline hydro Jet blasting cleaning machine parts for WOMA Uni-Valve New Model 1.Product Introduction of Pipeline hydro Jet blasting cleaning machine parts for WOMA Uni-Valve\u00a0cartridge Assemblies\u00a0New [\u2026]\" \/>\n<meta property=\"og:url\" content=\"https:\/\/panwinjet.com\/pt\/produto\/25-pipeline-hydro-jet-blasting-cleaning-machine-parts-for-woma-uni-valve-new-model\/\" \/>\n<meta property=\"og:site_name\" content=\"Panwin Machinery&amp;Equipment\" \/>\n<meta property=\"article:modified_time\" content=\"2025-05-25T04:48:50+00:00\" \/>\n<meta property=\"og:image\" content=\"https:\/\/panwinjet.com\/wp-content\/uploads\/2025\/05\/WOMA-Uni-Valve.png\" \/>\n\t<meta property=\"og:image:width\" content=\"1200\" \/>\n\t<meta property=\"og:image:height\" content=\"1093\" \/>\n\t<meta property=\"og:image:type\" content=\"image\/png\" \/>\n<meta name=\"twitter:card\" content=\"summary_large_image\" \/>\n<meta name=\"twitter:label1\" content=\"Tempo estimado de leitura\" \/>\n\t<meta name=\"twitter:data1\" content=\"3 minutos\" \/>\n<script type=\"application\/ld+json\" class=\"yoast-schema-graph\">{\"@context\":\"https:\/\/schema.org\",\"@graph\":[{\"@type\":\"WebPage\",\"@id\":\"https:\/\/panwinjet.com\/product\/25-pipeline-hydro-jet-blasting-cleaning-machine-parts-for-woma-uni-valve-new-model\/\",\"url\":\"https:\/\/panwinjet.com\/product\/25-pipeline-hydro-jet-blasting-cleaning-machine-parts-for-woma-uni-valve-new-model\/\",\"name\":\"25-Pipeline hydro Jet blasting cleaning machine parts for WOMA Uni-Valve New Model - Panwin Machinery&amp;Equipment\",\"isPartOf\":{\"@id\":\"https:\/\/panwinjet.com\/#website\"},\"primaryImageOfPage\":{\"@id\":\"https:\/\/panwinjet.com\/product\/25-pipeline-hydro-jet-blasting-cleaning-machine-parts-for-woma-uni-valve-new-model\/#primaryimage\"},\"image\":{\"@id\":\"https:\/\/panwinjet.com\/product\/25-pipeline-hydro-jet-blasting-cleaning-machine-parts-for-woma-uni-valve-new-model\/#primaryimage\"},\"thumbnailUrl\":\"https:\/\/panwinjet.com\/wp-content\/uploads\/2025\/05\/WOMA-Uni-Valve.png\",\"datePublished\":\"2025-05-25T04:36:41+00:00\",\"dateModified\":\"2025-05-25T04:48:50+00:00\",\"breadcrumb\":{\"@id\":\"https:\/\/panwinjet.com\/product\/25-pipeline-hydro-jet-blasting-cleaning-machine-parts-for-woma-uni-valve-new-model\/#breadcrumb\"},\"inLanguage\":\"pt-PT\",\"potentialAction\":[{\"@type\":\"ReadAction\",\"target\":[\"https:\/\/panwinjet.com\/product\/25-pipeline-hydro-jet-blasting-cleaning-machine-parts-for-woma-uni-valve-new-model\/\"]}]},{\"@type\":\"ImageObject\",\"inLanguage\":\"pt-PT\",\"@id\":\"https:\/\/panwinjet.com\/product\/25-pipeline-hydro-jet-blasting-cleaning-machine-parts-for-woma-uni-valve-new-model\/#primaryimage\",\"url\":\"https:\/\/panwinjet.com\/wp-content\/uploads\/2025\/05\/WOMA-Uni-Valve.png\",\"contentUrl\":\"https:\/\/panwinjet.com\/wp-content\/uploads\/2025\/05\/WOMA-Uni-Valve.png\",\"width\":1200,\"height\":1093},{\"@type\":\"BreadcrumbList\",\"@id\":\"https:\/\/panwinjet.com\/product\/25-pipeline-hydro-jet-blasting-cleaning-machine-parts-for-woma-uni-valve-new-model\/#breadcrumb\",\"itemListElement\":[{\"@type\":\"ListItem\",\"position\":1,\"name\":\"\u9996\u9875\",\"item\":\"https:\/\/panwinjet.com\/\"},{\"@type\":\"ListItem\",\"position\":2,\"name\":\"PRODUCT\",\"item\":\"https:\/\/panwinjet.com\/product\/\"},{\"@type\":\"ListItem\",\"position\":3,\"name\":\"25-Pipeline hydro Jet blasting cleaning machine parts for WOMA Uni-Valve New Model\"}]},{\"@type\":\"WebSite\",\"@id\":\"https:\/\/panwinjet.com\/#website\",\"url\":\"https:\/\/panwinjet.com\/\",\"name\":\"Panwin Machinery&amp;Equipment\",\"description\":\"Shenzhen Panwin Machinery&amp;Equipment Co.Ltd\",\"potentialAction\":[{\"@type\":\"SearchAction\",\"target\":{\"@type\":\"EntryPoint\",\"urlTemplate\":\"https:\/\/panwinjet.com\/?s={search_term_string}\"},\"query-input\":{\"@type\":\"PropertyValueSpecification\",\"valueRequired\":true,\"valueName\":\"search_term_string\"}}],\"inLanguage\":\"pt-PT\"}]}<\/script>\n<!-- \/ Yoast SEO plugin. -->","yoast_head_json":{"title":"25-Pipeline hydro Jet blasting cleaning machine parts for WOMA Uni-Valve New Model - Panwin Machinery&amp;Equipment","robots":{"index":"index","follow":"follow","max-snippet":"max-snippet:-1","max-image-preview":"max-image-preview:large","max-video-preview":"max-video-preview:-1"},"canonical":"https:\/\/panwinjet.com\/pt\/produto\/25-pipeline-hydro-jet-blasting-cleaning-machine-parts-for-woma-uni-valve-new-model\/","og_locale":"pt_PT","og_type":"article","og_title":"25-Pipeline hydro Jet blasting cleaning machine parts for WOMA Uni-Valve New Model - Panwin Machinery&amp;Equipment","og_description":"Pipeline hydro Jet blasting cleaning machine parts for WOMA Uni-Valve New Model 1.Product Introduction of Pipeline hydro Jet blasting cleaning machine parts for WOMA Uni-Valve\u00a0cartridge Assemblies\u00a0New [\u2026]","og_url":"https:\/\/panwinjet.com\/pt\/produto\/25-pipeline-hydro-jet-blasting-cleaning-machine-parts-for-woma-uni-valve-new-model\/","og_site_name":"Panwin Machinery&amp;Equipment","article_modified_time":"2025-05-25T04:48:50+00:00","og_image":[{"width":1200,"height":1093,"url":"https:\/\/panwinjet.com\/wp-content\/uploads\/2025\/05\/WOMA-Uni-Valve.png","type":"image\/png"}],"twitter_card":"summary_large_image","twitter_misc":{"Tempo estimado de leitura":"3 minutos"},"schema":{"@context":"https:\/\/schema.org","@graph":[{"@type":"WebPage","@id":"https:\/\/panwinjet.com\/product\/25-pipeline-hydro-jet-blasting-cleaning-machine-parts-for-woma-uni-valve-new-model\/","url":"https:\/\/panwinjet.com\/product\/25-pipeline-hydro-jet-blasting-cleaning-machine-parts-for-woma-uni-valve-new-model\/","name":"25-Pipeline hydro Jet blasting cleaning machine parts for WOMA Uni-Valve New Model - Panwin Machinery&amp;Equipment","isPartOf":{"@id":"https:\/\/panwinjet.com\/#website"},"primaryImageOfPage":{"@id":"https:\/\/panwinjet.com\/product\/25-pipeline-hydro-jet-blasting-cleaning-machine-parts-for-woma-uni-valve-new-model\/#primaryimage"},"image":{"@id":"https:\/\/panwinjet.com\/product\/25-pipeline-hydro-jet-blasting-cleaning-machine-parts-for-woma-uni-valve-new-model\/#primaryimage"},"thumbnailUrl":"https:\/\/panwinjet.com\/wp-content\/uploads\/2025\/05\/WOMA-Uni-Valve.png","datePublished":"2025-05-25T04:36:41+00:00","dateModified":"2025-05-25T04:48:50+00:00","breadcrumb":{"@id":"https:\/\/panwinjet.com\/product\/25-pipeline-hydro-jet-blasting-cleaning-machine-parts-for-woma-uni-valve-new-model\/#breadcrumb"},"inLanguage":"pt-PT","potentialAction":[{"@type":"ReadAction","target":["https:\/\/panwinjet.com\/product\/25-pipeline-hydro-jet-blasting-cleaning-machine-parts-for-woma-uni-valve-new-model\/"]}]},{"@type":"ImageObject","inLanguage":"pt-PT","@id":"https:\/\/panwinjet.com\/product\/25-pipeline-hydro-jet-blasting-cleaning-machine-parts-for-woma-uni-valve-new-model\/#primaryimage","url":"https:\/\/panwinjet.com\/wp-content\/uploads\/2025\/05\/WOMA-Uni-Valve.png","contentUrl":"https:\/\/panwinjet.com\/wp-content\/uploads\/2025\/05\/WOMA-Uni-Valve.png","width":1200,"height":1093},{"@type":"BreadcrumbList","@id":"https:\/\/panwinjet.com\/product\/25-pipeline-hydro-jet-blasting-cleaning-machine-parts-for-woma-uni-valve-new-model\/#breadcrumb","itemListElement":[{"@type":"ListItem","position":1,"name":"\u9996\u9875","item":"https:\/\/panwinjet.com\/"},{"@type":"ListItem","position":2,"name":"PRODUCT","item":"https:\/\/panwinjet.com\/product\/"},{"@type":"ListItem","position":3,"name":"25-Pipeline hydro Jet blasting cleaning machine parts for WOMA Uni-Valve New Model"}]},{"@type":"WebSite","@id":"https:\/\/panwinjet.com\/#website","url":"https:\/\/panwinjet.com\/","name":"Panwin Machinery&amp;Equipment","description":"Shenzhen Panwin Machinery&amp;Equipment Co.Ltd","potentialAction":[{"@type":"SearchAction","target":{"@type":"EntryPoint","urlTemplate":"https:\/\/panwinjet.com\/?s={search_term_string}"},"query-input":{"@type":"PropertyValueSpecification","valueRequired":true,"valueName":"search_term_string"}}],"inLanguage":"pt-PT"}]}},"_links":{"self":[{"href":"https:\/\/panwinjet.com\/pt\/wp-json\/wp\/v2\/product\/169","targetHints":{"allow":["GET"]}}],"collection":[{"href":"https:\/\/panwinjet.com\/pt\/wp-json\/wp\/v2\/product"}],"about":[{"href":"https:\/\/panwinjet.com\/pt\/wp-json\/wp\/v2\/types\/product"}],"wp:featuredmedia":[{"embeddable":true,"href":"https:\/\/panwinjet.com\/pt\/wp-json\/wp\/v2\/media\/172"}],"wp:attachment":[{"href":"https:\/\/panwinjet.com\/pt\/wp-json\/wp\/v2\/media?parent=169"}],"wp:term":[{"taxonomy":"product_brand","embeddable":true,"href":"https:\/\/panwinjet.com\/pt\/wp-json\/wp\/v2\/product_brand?post=169"},{"taxonomy":"product_cat","embeddable":true,"href":"https:\/\/panwinjet.com\/pt\/wp-json\/wp\/v2\/product_cat?post=169"},{"taxonomy":"product_tag","embeddable":true,"href":"https:\/\/panwinjet.com\/pt\/wp-json\/wp\/v2\/product_tag?post=169"}],"curies":[{"name":"wp","href":"https:\/\/api.w.org\/{rel}","templated":true}]}}