{"id":1681,"date":"2025-10-19T06:20:03","date_gmt":"2025-10-19T06:20:03","guid":{"rendered":"https:\/\/panwinjet.com\/?post_type=product&#038;p=1681"},"modified":"2025-10-19T06:20:04","modified_gmt":"2025-10-19T06:20:04","slug":"60-90kpsi-high-pressure-waterjet-cutting-machine-for-kmt-pump-pneumatic-valve-3-port-dump-valve-assembly","status":"publish","type":"product","link":"https:\/\/panwinjet.com\/pt\/produto\/60-90kpsi-high-pressure-waterjet-cutting-machine-for-kmt-pump-pneumatic-valve-3-port-dump-valve-assembly\/","title":{"rendered":"M\u00e1quina de corte a jato de \u00e1gua de alta press\u00e3o 60\/90KPSI para conjunto de v\u00e1lvula de descarga de 3 vias da v\u00e1lvula pneum\u00e1tica da bomba KMT"},"content":{"rendered":"<p><strong><b>Par\u00e2metro (Especifica\u00e7\u00e3o) de <\/b><\/strong><strong><b>M\u00e1quina de corte a jato de \u00e1gua de alta press\u00e3o 60\/90KPSI para conjunto de v\u00e1lvula de descarga de 3 vias da v\u00e1lvula pneum\u00e1tica da bomba KMT<\/b><\/strong><\/p>\n<p>Esta m\u00e1quina de corte a jato de \u00e1gua de alta press\u00e3o de 60\/90 KPSI para v\u00e1lvula pneum\u00e1tica de bomba KMT, com conjunto de v\u00e1lvula de descarga de 3 portas, aplica-se a diferentes bombas KMT e inclui atuador HP-N\/C e corpo da v\u00e1lvula pneum\u00e1tica, com a seguinte estrutura:<\/p>\n<p><img decoding=\"async\" class=\"alignleft size-medium wp-image-1688 lazyload\" data-src=\"https:\/\/panwinjet.com\/wp-content\/uploads\/2025\/10\/222-500x258.png\" alt=\"\" width=\"500\" height=\"258\" data-srcset=\"https:\/\/panwinjet.com\/wp-content\/uploads\/2025\/10\/222-500x258.png 500w, https:\/\/panwinjet.com\/wp-content\/uploads\/2025\/10\/222-300x155.png 300w, https:\/\/panwinjet.com\/wp-content\/uploads\/2025\/10\/222-768x396.png 768w, https:\/\/panwinjet.com\/wp-content\/uploads\/2025\/10\/222-145x75.png 145w, https:\/\/panwinjet.com\/wp-content\/uploads\/2025\/10\/222-480x248.png 480w, https:\/\/panwinjet.com\/wp-content\/uploads\/2025\/10\/222-800x413.png 800w, https:\/\/panwinjet.com\/wp-content\/uploads\/2025\/10\/222.png 1115w\" data-sizes=\"(max-width:767px) 480px, 500px\" src=\"data:image\/svg+xml;base64,PHN2ZyB3aWR0aD0iMSIgaGVpZ2h0PSIxIiB4bWxucz0iaHR0cDovL3d3dy53My5vcmcvMjAwMC9zdmciPjwvc3ZnPg==\" style=\"--smush-placeholder-width: 500px; --smush-placeholder-aspect-ratio: 500\/258;\" \/><\/p>\n<p>&nbsp;<\/p>\n<p>&nbsp;<\/p>\n<p>&nbsp;<\/p>\n<p>&nbsp;<\/p>\n<p>&nbsp;<\/p>\n<p>&nbsp;<\/p>\n<p>&nbsp;<\/p>\n<p><strong><b>3. Caracter\u00edsticas e aplica\u00e7\u00f5es do produto <\/b><\/strong><strong><b>M\u00e1quina de corte a jato de \u00e1gua de alta press\u00e3o 60\/90KPSI para conjunto de v\u00e1lvula de descarga de 3 vias da v\u00e1lvula pneum\u00e1tica da bomba KMT<\/b><\/strong><\/p>\n<p><strong><b>Esse <\/b><\/strong><strong><b>Conjunto de v\u00e1lvula de descarga de 3 portas para bomba pneum\u00e1tica KMT<\/b><\/strong><strong><b>\u00a0com corpo de v\u00e1lvula pneum\u00e1tica, pe\u00e7as KMT n\u00ba 10189181, e <\/b><\/strong><strong><b>Est\u00e1 conectado com o cabe\u00e7ote somente para \u00e1gua ou com outro cabe\u00e7ote de corte, o que lhe confere um desempenho de alta efici\u00eancia.<\/b><\/strong><\/p>\n<p><strong><b>Estrutura da seguinte forma:<\/b><\/strong><\/p>\n<p><strong><b> <img decoding=\"async\" class=\"alignleft size-medium wp-image-1689 lazyload\" data-src=\"https:\/\/panwinjet.com\/wp-content\/uploads\/2025\/10\/333-500x326.png\" alt=\"\" width=\"500\" height=\"326\" data-srcset=\"https:\/\/panwinjet.com\/wp-content\/uploads\/2025\/10\/333-500x326.png 500w, https:\/\/panwinjet.com\/wp-content\/uploads\/2025\/10\/333-300x195.png 300w, https:\/\/panwinjet.com\/wp-content\/uploads\/2025\/10\/333-768x500.png 768w, https:\/\/panwinjet.com\/wp-content\/uploads\/2025\/10\/333-115x75.png 115w, https:\/\/panwinjet.com\/wp-content\/uploads\/2025\/10\/333-480x313.png 480w, https:\/\/panwinjet.com\/wp-content\/uploads\/2025\/10\/333-800x521.png 800w, https:\/\/panwinjet.com\/wp-content\/uploads\/2025\/10\/333.png 989w\" data-sizes=\"(max-width:767px) 480px, 500px\" src=\"data:image\/svg+xml;base64,PHN2ZyB3aWR0aD0iMSIgaGVpZ2h0PSIxIiB4bWxucz0iaHR0cDovL3d3dy53My5vcmcvMjAwMC9zdmciPjwvc3ZnPg==\" style=\"--smush-placeholder-width: 500px; --smush-placeholder-aspect-ratio: 500\/326;\" \/><\/b><\/strong><\/p>","protected":false},"excerpt":{"rendered":"<p><strong><b>M\u00e1quina de corte a jato de \u00e1gua de alta press\u00e3o 60\/90KPSI para conjunto de v\u00e1lvula de descarga de 3 vias da v\u00e1lvula pneum\u00e1tica da bomba KMT<\/b><\/strong><\/p>\n<p><strong><b>\u00a0Introdu\u00e7\u00e3o de <\/b><\/strong><strong><b>M\u00e1quina de corte a jato de \u00e1gua de alta press\u00e3o 60\/90KPSI para conjunto de v\u00e1lvula de descarga de 3 vias da v\u00e1lvula pneum\u00e1tica da bomba KMT<\/b><\/strong><\/p>\n<p><strong><b>Este \u00e9 o <\/b><\/strong><strong><b>Conjunto de v\u00e1lvula de descarga de 3 portas para bomba pneum\u00e1tica KMT<\/b><\/strong><strong><b>Inclui o atuador HP-N\/C, pe\u00e7a KMT n\u00ba 10177855, e o corpo da v\u00e1lvula pneum\u00e1tica, pe\u00e7a KMT n\u00ba 10189181.<\/b><\/strong><\/p>\n<p>&nbsp;<\/p>\n<p>&nbsp;<\/p>\n<p>&nbsp;<\/p>\n<p>&nbsp;<\/p>\n<p>&nbsp;<\/p>","protected":false},"featured_media":-1,"template":"","meta":[],"product_brand":[],"product_cat":[22],"product_tag":[54,55],"class_list":{"0":"post-1681","1":"product","2":"type-product","3":"status-publish","4":"has-post-thumbnail","6":"product_cat-waterjet-cutting-machine-parts","7":"product_tag-60-90kpsi-high-pressure-waterjet-cutting-machine-for-kmt","8":"product_tag-pneumatic-valve-3-port-dump-valve-assembly","10":"first","11":"instock","12":"shipping-taxable","13":"product-type-simple"},"yoast_head":"<!-- This site is optimized with the Yoast SEO plugin v24.9 - https:\/\/yoast.com\/wordpress\/plugins\/seo\/ -->\n<title>60\/90KPSI high pressure Waterjet cutting machine for KMT Pump Pneumatic Valve 3-Port Dump Valve Assembly - Panwin Machinery&amp;Equipment<\/title>\n<meta name=\"robots\" content=\"index, follow, max-snippet:-1, max-image-preview:large, max-video-preview:-1\" \/>\n<link rel=\"canonical\" href=\"https:\/\/panwinjet.com\/pt\/produto\/60-90kpsi-high-pressure-waterjet-cutting-machine-for-kmt-pump-pneumatic-valve-3-port-dump-valve-assembly\/\" \/>\n<meta property=\"og:locale\" content=\"pt_PT\" \/>\n<meta property=\"og:type\" content=\"article\" \/>\n<meta property=\"og:title\" content=\"60\/90KPSI high pressure Waterjet cutting machine for KMT Pump Pneumatic Valve 3-Port Dump Valve Assembly - Panwin Machinery&amp;Equipment\" \/>\n<meta property=\"og:description\" content=\"60\/90KPSI high pressure Waterjet cutting machine for KMT Pump Pneumatic Valve 3-Port Dump Valve Assembly  \u00a0Introduction of 60\/90KPSI high pressure Waterjet cutting machine for KMT Pump Pneumatic Valve 3-Port Dump Valve Assembly  This is the KMT Pump Pneumatic Valve 3-Port Dump Valve Assembly,it include the HP Actuator-N\/C, KMT Parts No.10177855, and Pneumatic Valve Body,KMT parts No.10189181.  &nbsp;  &nbsp;  &nbsp;  &nbsp;  &nbsp;\" \/>\n<meta property=\"og:url\" content=\"https:\/\/panwinjet.com\/pt\/produto\/60-90kpsi-high-pressure-waterjet-cutting-machine-for-kmt-pump-pneumatic-valve-3-port-dump-valve-assembly\/\" \/>\n<meta property=\"og:site_name\" content=\"Panwin Machinery&amp;Equipment\" \/>\n<meta property=\"article:modified_time\" content=\"2025-10-19T06:20:04+00:00\" \/>\n<meta name=\"twitter:card\" content=\"summary_large_image\" \/>\n<meta name=\"twitter:label1\" content=\"Tempo estimado de leitura\" \/>\n\t<meta name=\"twitter:data1\" content=\"1 minuto\" \/>\n<script type=\"application\/ld+json\" class=\"yoast-schema-graph\">{\"@context\":\"https:\/\/schema.org\",\"@graph\":[{\"@type\":\"WebPage\",\"@id\":\"https:\/\/panwinjet.com\/product\/60-90kpsi-high-pressure-waterjet-cutting-machine-for-kmt-pump-pneumatic-valve-3-port-dump-valve-assembly\/\",\"url\":\"https:\/\/panwinjet.com\/product\/60-90kpsi-high-pressure-waterjet-cutting-machine-for-kmt-pump-pneumatic-valve-3-port-dump-valve-assembly\/\",\"name\":\"60\/90KPSI high pressure Waterjet cutting machine for KMT Pump Pneumatic Valve 3-Port Dump Valve Assembly - Panwin Machinery&amp;Equipment\",\"isPartOf\":{\"@id\":\"https:\/\/panwinjet.com\/#website\"},\"primaryImageOfPage\":{\"@id\":\"https:\/\/panwinjet.com\/product\/60-90kpsi-high-pressure-waterjet-cutting-machine-for-kmt-pump-pneumatic-valve-3-port-dump-valve-assembly\/#primaryimage\"},\"image\":{\"@id\":\"https:\/\/panwinjet.com\/product\/60-90kpsi-high-pressure-waterjet-cutting-machine-for-kmt-pump-pneumatic-valve-3-port-dump-valve-assembly\/#primaryimage\"},\"thumbnailUrl\":\"https:\/\/panwinjet.com\/wp-content\/uploads\/2025\/10\/222-500x258.png\",\"datePublished\":\"2025-10-19T06:20:03+00:00\",\"dateModified\":\"2025-10-19T06:20:04+00:00\",\"breadcrumb\":{\"@id\":\"https:\/\/panwinjet.com\/product\/60-90kpsi-high-pressure-waterjet-cutting-machine-for-kmt-pump-pneumatic-valve-3-port-dump-valve-assembly\/#breadcrumb\"},\"inLanguage\":\"pt-PT\",\"potentialAction\":[{\"@type\":\"ReadAction\",\"target\":[\"https:\/\/panwinjet.com\/product\/60-90kpsi-high-pressure-waterjet-cutting-machine-for-kmt-pump-pneumatic-valve-3-port-dump-valve-assembly\/\"]}]},{\"@type\":\"ImageObject\",\"inLanguage\":\"pt-PT\",\"@id\":\"https:\/\/panwinjet.com\/product\/60-90kpsi-high-pressure-waterjet-cutting-machine-for-kmt-pump-pneumatic-valve-3-port-dump-valve-assembly\/#primaryimage\",\"url\":\"https:\/\/panwinjet.com\/wp-content\/uploads\/2025\/10\/222-500x258.png\",\"contentUrl\":\"https:\/\/panwinjet.com\/wp-content\/uploads\/2025\/10\/222-500x258.png\"},{\"@type\":\"BreadcrumbList\",\"@id\":\"https:\/\/panwinjet.com\/product\/60-90kpsi-high-pressure-waterjet-cutting-machine-for-kmt-pump-pneumatic-valve-3-port-dump-valve-assembly\/#breadcrumb\",\"itemListElement\":[{\"@type\":\"ListItem\",\"position\":1,\"name\":\"\u9996\u9875\",\"item\":\"https:\/\/panwinjet.com\/\"},{\"@type\":\"ListItem\",\"position\":2,\"name\":\"PRODUCT\",\"item\":\"https:\/\/panwinjet.com\/product\/\"},{\"@type\":\"ListItem\",\"position\":3,\"name\":\"60\/90KPSI high pressure Waterjet cutting machine for KMT Pump Pneumatic Valve 3-Port Dump Valve Assembly\"}]},{\"@type\":\"WebSite\",\"@id\":\"https:\/\/panwinjet.com\/#website\",\"url\":\"https:\/\/panwinjet.com\/\",\"name\":\"Panwin Machinery&amp;Equipment\",\"description\":\"Shenzhen Panwin Machinery&amp;Equipment Co.Ltd\",\"potentialAction\":[{\"@type\":\"SearchAction\",\"target\":{\"@type\":\"EntryPoint\",\"urlTemplate\":\"https:\/\/panwinjet.com\/?s={search_term_string}\"},\"query-input\":{\"@type\":\"PropertyValueSpecification\",\"valueRequired\":true,\"valueName\":\"search_term_string\"}}],\"inLanguage\":\"pt-PT\"}]}<\/script>\n<!-- \/ Yoast SEO plugin. -->","yoast_head_json":{"title":"60\/90KPSI high pressure Waterjet cutting machine for KMT Pump Pneumatic Valve 3-Port Dump Valve Assembly - Panwin Machinery&amp;Equipment","robots":{"index":"index","follow":"follow","max-snippet":"max-snippet:-1","max-image-preview":"max-image-preview:large","max-video-preview":"max-video-preview:-1"},"canonical":"https:\/\/panwinjet.com\/pt\/produto\/60-90kpsi-high-pressure-waterjet-cutting-machine-for-kmt-pump-pneumatic-valve-3-port-dump-valve-assembly\/","og_locale":"pt_PT","og_type":"article","og_title":"60\/90KPSI high pressure Waterjet cutting machine for KMT Pump Pneumatic Valve 3-Port Dump Valve Assembly - Panwin Machinery&amp;Equipment","og_description":"60\/90KPSI high pressure Waterjet cutting machine for KMT Pump Pneumatic Valve 3-Port Dump Valve Assembly  \u00a0Introduction of 60\/90KPSI high pressure Waterjet cutting machine for KMT Pump Pneumatic Valve 3-Port Dump Valve Assembly  This is the KMT Pump Pneumatic Valve 3-Port Dump Valve Assembly,it include the HP Actuator-N\/C, KMT Parts No.10177855, and Pneumatic Valve Body,KMT parts No.10189181.  &nbsp;  &nbsp;  &nbsp;  &nbsp;  &nbsp;","og_url":"https:\/\/panwinjet.com\/pt\/produto\/60-90kpsi-high-pressure-waterjet-cutting-machine-for-kmt-pump-pneumatic-valve-3-port-dump-valve-assembly\/","og_site_name":"Panwin Machinery&amp;Equipment","article_modified_time":"2025-10-19T06:20:04+00:00","twitter_card":"summary_large_image","twitter_misc":{"Tempo estimado de leitura":"1 minuto"},"schema":{"@context":"https:\/\/schema.org","@graph":[{"@type":"WebPage","@id":"https:\/\/panwinjet.com\/product\/60-90kpsi-high-pressure-waterjet-cutting-machine-for-kmt-pump-pneumatic-valve-3-port-dump-valve-assembly\/","url":"https:\/\/panwinjet.com\/product\/60-90kpsi-high-pressure-waterjet-cutting-machine-for-kmt-pump-pneumatic-valve-3-port-dump-valve-assembly\/","name":"60\/90KPSI high pressure Waterjet cutting machine for KMT Pump Pneumatic Valve 3-Port Dump Valve Assembly - Panwin Machinery&amp;Equipment","isPartOf":{"@id":"https:\/\/panwinjet.com\/#website"},"primaryImageOfPage":{"@id":"https:\/\/panwinjet.com\/product\/60-90kpsi-high-pressure-waterjet-cutting-machine-for-kmt-pump-pneumatic-valve-3-port-dump-valve-assembly\/#primaryimage"},"image":{"@id":"https:\/\/panwinjet.com\/product\/60-90kpsi-high-pressure-waterjet-cutting-machine-for-kmt-pump-pneumatic-valve-3-port-dump-valve-assembly\/#primaryimage"},"thumbnailUrl":"https:\/\/panwinjet.com\/wp-content\/uploads\/2025\/10\/222-500x258.png","datePublished":"2025-10-19T06:20:03+00:00","dateModified":"2025-10-19T06:20:04+00:00","breadcrumb":{"@id":"https:\/\/panwinjet.com\/product\/60-90kpsi-high-pressure-waterjet-cutting-machine-for-kmt-pump-pneumatic-valve-3-port-dump-valve-assembly\/#breadcrumb"},"inLanguage":"pt-PT","potentialAction":[{"@type":"ReadAction","target":["https:\/\/panwinjet.com\/product\/60-90kpsi-high-pressure-waterjet-cutting-machine-for-kmt-pump-pneumatic-valve-3-port-dump-valve-assembly\/"]}]},{"@type":"ImageObject","inLanguage":"pt-PT","@id":"https:\/\/panwinjet.com\/product\/60-90kpsi-high-pressure-waterjet-cutting-machine-for-kmt-pump-pneumatic-valve-3-port-dump-valve-assembly\/#primaryimage","url":"https:\/\/panwinjet.com\/wp-content\/uploads\/2025\/10\/222-500x258.png","contentUrl":"https:\/\/panwinjet.com\/wp-content\/uploads\/2025\/10\/222-500x258.png"},{"@type":"BreadcrumbList","@id":"https:\/\/panwinjet.com\/product\/60-90kpsi-high-pressure-waterjet-cutting-machine-for-kmt-pump-pneumatic-valve-3-port-dump-valve-assembly\/#breadcrumb","itemListElement":[{"@type":"ListItem","position":1,"name":"\u9996\u9875","item":"https:\/\/panwinjet.com\/"},{"@type":"ListItem","position":2,"name":"PRODUCT","item":"https:\/\/panwinjet.com\/product\/"},{"@type":"ListItem","position":3,"name":"60\/90KPSI high pressure Waterjet cutting machine for KMT Pump Pneumatic Valve 3-Port Dump Valve Assembly"}]},{"@type":"WebSite","@id":"https:\/\/panwinjet.com\/#website","url":"https:\/\/panwinjet.com\/","name":"Panwin Machinery&amp;Equipment","description":"Shenzhen Panwin Machinery&amp;Equipment Co.Ltd","potentialAction":[{"@type":"SearchAction","target":{"@type":"EntryPoint","urlTemplate":"https:\/\/panwinjet.com\/?s={search_term_string}"},"query-input":{"@type":"PropertyValueSpecification","valueRequired":true,"valueName":"search_term_string"}}],"inLanguage":"pt-PT"}]}},"_links":{"self":[{"href":"https:\/\/panwinjet.com\/pt\/wp-json\/wp\/v2\/product\/1681","targetHints":{"allow":["GET"]}}],"collection":[{"href":"https:\/\/panwinjet.com\/pt\/wp-json\/wp\/v2\/product"}],"about":[{"href":"https:\/\/panwinjet.com\/pt\/wp-json\/wp\/v2\/types\/product"}],"wp:featuredmedia":[{"embeddable":true,"href":"https:\/\/panwinjet.com\/pt\/wp-json\/"}],"wp:attachment":[{"href":"https:\/\/panwinjet.com\/pt\/wp-json\/wp\/v2\/media?parent=1681"}],"wp:term":[{"taxonomy":"product_brand","embeddable":true,"href":"https:\/\/panwinjet.com\/pt\/wp-json\/wp\/v2\/product_brand?post=1681"},{"taxonomy":"product_cat","embeddable":true,"href":"https:\/\/panwinjet.com\/pt\/wp-json\/wp\/v2\/product_cat?post=1681"},{"taxonomy":"product_tag","embeddable":true,"href":"https:\/\/panwinjet.com\/pt\/wp-json\/wp\/v2\/product_tag?post=1681"}],"curies":[{"name":"wp","href":"https:\/\/api.w.org\/{rel}","templated":true}]}}