{"id":1674,"date":"2025-10-19T06:07:11","date_gmt":"2025-10-19T06:07:11","guid":{"rendered":"https:\/\/panwinjet.com\/?post_type=product&#038;p=1674"},"modified":"2025-10-19T06:07:11","modified_gmt":"2025-10-19T06:07:11","slug":"40000psi-hydro-water-blasting-surface-cleaning-bc-rotating-nozzles-head-2-hole4-hole-2","status":"publish","type":"product","link":"https:\/\/panwinjet.com\/pt\/produto\/40000psi-hydro-water-blasting-surface-cleaning-bc-rotating-nozzles-head-2-hole4-hole-2\/","title":{"rendered":"Jateamento de \u00e1gua de alta press\u00e3o de 40.000 psi para limpeza de superf\u00edcies com cabe\u00e7ote rotativo BC de 2 ou 4 furos."},"content":{"rendered":"<p><strong><b>Caracter\u00edsticas e aplica\u00e7\u00f5es de <\/b><\/strong><strong><b>Limpeza de superf\u00edcies com jato de \u00e1gua de alta press\u00e3o de 40.000 psi na Col\u00fambia Brit\u00e2nica <\/b><\/strong><strong><b>Girat\u00f3rio<\/b><\/strong><strong><b>\u00a0<\/b><\/strong><strong><b>Bicos <\/b><\/strong><strong><b>Cabe\u00e7a 2 Furos,4<\/b><\/strong><strong><b>\u00a0<\/b><\/strong><strong><b>Buraco<\/b><\/strong><\/p>\n<p>O cabe\u00e7ote rotativo BC para limpeza de superf\u00edcies com jato de \u00e1gua de 40.000 psi, com 2 ou 4 furos, possui controle de velocidade, facilidade de manuten\u00e7\u00e3o, permite a troca r\u00e1pida do cabe\u00e7ote e \u00e9 compat\u00edvel com diferentes pistolas de pulveriza\u00e7\u00e3o.<\/p>\n<p>Aplica\u00e7\u00e3o: Pode ser amplamente utilizado na limpeza de superf\u00edcies, limpeza de tanques e vasos de press\u00e3o, limpeza de pintura automotiva, limpeza na ind\u00fastria de minera\u00e7\u00e3o, limpeza na fabrica\u00e7\u00e3o de a\u00e7o, ind\u00fastria da constru\u00e7\u00e3o civil, etc.<\/p>","protected":false},"excerpt":{"rendered":"<p>Apresenta\u00e7\u00e3o do sistema de jateamento de \u00e1gua de alta press\u00e3o de 40.000 psi para limpeza de superf\u00edcies, com cabe\u00e7ote rotativo de 2 e 4 furos.<\/p>\n<p>Este bocal rotativo BC para limpeza de superf\u00edcies com hidrojateamento de \u00e1gua de 40000 psi, com 2 ou 4 furos, \u00e9 instalado nos bocais rotativos BC, com press\u00e3o nominal de 2800 bar. Dispon\u00edvel em vers\u00f5es com dois ou quatro bocais e com design de prote\u00e7\u00e3o em pl\u00e1stico r\u00edgido, \u00e9 um bocal eficiente e multifuncional para limpeza de superf\u00edcies.<\/p>","protected":false},"featured_media":1680,"template":"","meta":[],"product_brand":[],"product_cat":[10,11,5],"product_tag":[53,52],"class_list":{"0":"post-1674","1":"product","2":"type-product","3":"status-publish","4":"has-post-thumbnail","6":"product_cat-pipeline-tube-uhp-water-blasting-cleaning-device","7":"product_cat-ship-cleaning-device","8":"product_cat-uhp-rotating-nozzles","9":"product_tag-40kpsi-bc-rotary-nozzles-head","10":"product_tag-uhp-bc-rotary-nozzles","12":"first","13":"instock","14":"shipping-taxable","15":"product-type-simple"},"yoast_head":"<!-- This site is optimized with the Yoast SEO plugin v24.9 - https:\/\/yoast.com\/wordpress\/plugins\/seo\/ -->\n<title>40000psi Hydro Water blasting Surface cleaning BC Rotating Nozzles Head 2 Hole,4 Hole - Panwin Machinery&amp;Equipment<\/title>\n<meta name=\"robots\" content=\"index, follow, max-snippet:-1, max-image-preview:large, max-video-preview:-1\" \/>\n<link rel=\"canonical\" href=\"https:\/\/panwinjet.com\/pt\/produto\/40000psi-hydro-water-blasting-surface-cleaning-bc-rotating-nozzles-head-2-hole4-hole-2\/\" \/>\n<meta property=\"og:locale\" content=\"pt_PT\" \/>\n<meta property=\"og:type\" content=\"article\" \/>\n<meta property=\"og:title\" content=\"40000psi Hydro Water blasting Surface cleaning BC Rotating Nozzles Head 2 Hole,4 Hole - Panwin Machinery&amp;Equipment\" \/>\n<meta property=\"og:description\" content=\"Introduction of 40000psi Hydro Water blasting Surface cleaning BC Rotating Nozzles Head 2 Hole,4 Hole  This 40000psi Hydro Water blasting Surface cleaning BC Rotating Nozzles Head 2 Hole,4 Hole is installed in the BC Rotary nozzles, pressure rated is 2800Bar, it is two nozzles and Four nozzles Type with hard-plastic shield design,it is a Efficient and multifunctional nozzles for surface cleaning.\" \/>\n<meta property=\"og:url\" content=\"https:\/\/panwinjet.com\/pt\/produto\/40000psi-hydro-water-blasting-surface-cleaning-bc-rotating-nozzles-head-2-hole4-hole-2\/\" \/>\n<meta property=\"og:site_name\" content=\"Panwin Machinery&amp;Equipment\" \/>\n<meta property=\"og:image\" content=\"https:\/\/panwinjet.com\/wp-content\/uploads\/2025\/10\/IMG_20230424_163121-scaled.jpg\" \/>\n\t<meta property=\"og:image:width\" content=\"2560\" \/>\n\t<meta property=\"og:image:height\" content=\"1920\" \/>\n\t<meta property=\"og:image:type\" content=\"image\/jpeg\" \/>\n<meta name=\"twitter:card\" content=\"summary_large_image\" \/>\n<meta name=\"twitter:label1\" content=\"Tempo estimado de leitura\" \/>\n\t<meta name=\"twitter:data1\" content=\"1 minuto\" \/>\n<script type=\"application\/ld+json\" class=\"yoast-schema-graph\">{\"@context\":\"https:\/\/schema.org\",\"@graph\":[{\"@type\":\"WebPage\",\"@id\":\"https:\/\/panwinjet.com\/product\/40000psi-hydro-water-blasting-surface-cleaning-bc-rotating-nozzles-head-2-hole4-hole-2\/\",\"url\":\"https:\/\/panwinjet.com\/product\/40000psi-hydro-water-blasting-surface-cleaning-bc-rotating-nozzles-head-2-hole4-hole-2\/\",\"name\":\"40000psi Hydro Water blasting Surface cleaning BC Rotating Nozzles Head 2 Hole,4 Hole - Panwin Machinery&amp;Equipment\",\"isPartOf\":{\"@id\":\"https:\/\/panwinjet.com\/#website\"},\"primaryImageOfPage\":{\"@id\":\"https:\/\/panwinjet.com\/product\/40000psi-hydro-water-blasting-surface-cleaning-bc-rotating-nozzles-head-2-hole4-hole-2\/#primaryimage\"},\"image\":{\"@id\":\"https:\/\/panwinjet.com\/product\/40000psi-hydro-water-blasting-surface-cleaning-bc-rotating-nozzles-head-2-hole4-hole-2\/#primaryimage\"},\"thumbnailUrl\":\"https:\/\/panwinjet.com\/wp-content\/uploads\/2025\/10\/IMG_20230424_163121-scaled.jpg\",\"datePublished\":\"2025-10-19T06:07:11+00:00\",\"breadcrumb\":{\"@id\":\"https:\/\/panwinjet.com\/product\/40000psi-hydro-water-blasting-surface-cleaning-bc-rotating-nozzles-head-2-hole4-hole-2\/#breadcrumb\"},\"inLanguage\":\"pt-PT\",\"potentialAction\":[{\"@type\":\"ReadAction\",\"target\":[\"https:\/\/panwinjet.com\/product\/40000psi-hydro-water-blasting-surface-cleaning-bc-rotating-nozzles-head-2-hole4-hole-2\/\"]}]},{\"@type\":\"ImageObject\",\"inLanguage\":\"pt-PT\",\"@id\":\"https:\/\/panwinjet.com\/product\/40000psi-hydro-water-blasting-surface-cleaning-bc-rotating-nozzles-head-2-hole4-hole-2\/#primaryimage\",\"url\":\"https:\/\/panwinjet.com\/wp-content\/uploads\/2025\/10\/IMG_20230424_163121-scaled.jpg\",\"contentUrl\":\"https:\/\/panwinjet.com\/wp-content\/uploads\/2025\/10\/IMG_20230424_163121-scaled.jpg\",\"width\":2560,\"height\":1920},{\"@type\":\"BreadcrumbList\",\"@id\":\"https:\/\/panwinjet.com\/product\/40000psi-hydro-water-blasting-surface-cleaning-bc-rotating-nozzles-head-2-hole4-hole-2\/#breadcrumb\",\"itemListElement\":[{\"@type\":\"ListItem\",\"position\":1,\"name\":\"\u9996\u9875\",\"item\":\"https:\/\/panwinjet.com\/\"},{\"@type\":\"ListItem\",\"position\":2,\"name\":\"PRODUCT\",\"item\":\"https:\/\/panwinjet.com\/product\/\"},{\"@type\":\"ListItem\",\"position\":3,\"name\":\"40000psi Hydro Water blasting Surface cleaning BC Rotating Nozzles Head 2 Hole,4 Hole\"}]},{\"@type\":\"WebSite\",\"@id\":\"https:\/\/panwinjet.com\/#website\",\"url\":\"https:\/\/panwinjet.com\/\",\"name\":\"Panwin Machinery&amp;Equipment\",\"description\":\"Shenzhen Panwin Machinery&amp;Equipment Co.Ltd\",\"potentialAction\":[{\"@type\":\"SearchAction\",\"target\":{\"@type\":\"EntryPoint\",\"urlTemplate\":\"https:\/\/panwinjet.com\/?s={search_term_string}\"},\"query-input\":{\"@type\":\"PropertyValueSpecification\",\"valueRequired\":true,\"valueName\":\"search_term_string\"}}],\"inLanguage\":\"pt-PT\"}]}<\/script>\n<!-- \/ Yoast SEO plugin. -->","yoast_head_json":{"title":"40000psi Hydro Water blasting Surface cleaning BC Rotating Nozzles Head 2 Hole,4 Hole - Panwin Machinery&amp;Equipment","robots":{"index":"index","follow":"follow","max-snippet":"max-snippet:-1","max-image-preview":"max-image-preview:large","max-video-preview":"max-video-preview:-1"},"canonical":"https:\/\/panwinjet.com\/pt\/produto\/40000psi-hydro-water-blasting-surface-cleaning-bc-rotating-nozzles-head-2-hole4-hole-2\/","og_locale":"pt_PT","og_type":"article","og_title":"40000psi Hydro Water blasting Surface cleaning BC Rotating Nozzles Head 2 Hole,4 Hole - Panwin Machinery&amp;Equipment","og_description":"Introduction of 40000psi Hydro Water blasting Surface cleaning BC Rotating Nozzles Head 2 Hole,4 Hole  This 40000psi Hydro Water blasting Surface cleaning BC Rotating Nozzles Head 2 Hole,4 Hole is installed in the BC Rotary nozzles, pressure rated is 2800Bar, it is two nozzles and Four nozzles Type with hard-plastic shield design,it is a Efficient and multifunctional nozzles for surface cleaning.","og_url":"https:\/\/panwinjet.com\/pt\/produto\/40000psi-hydro-water-blasting-surface-cleaning-bc-rotating-nozzles-head-2-hole4-hole-2\/","og_site_name":"Panwin Machinery&amp;Equipment","og_image":[{"width":2560,"height":1920,"url":"https:\/\/panwinjet.com\/wp-content\/uploads\/2025\/10\/IMG_20230424_163121-scaled.jpg","type":"image\/jpeg"}],"twitter_card":"summary_large_image","twitter_misc":{"Tempo estimado de leitura":"1 minuto"},"schema":{"@context":"https:\/\/schema.org","@graph":[{"@type":"WebPage","@id":"https:\/\/panwinjet.com\/product\/40000psi-hydro-water-blasting-surface-cleaning-bc-rotating-nozzles-head-2-hole4-hole-2\/","url":"https:\/\/panwinjet.com\/product\/40000psi-hydro-water-blasting-surface-cleaning-bc-rotating-nozzles-head-2-hole4-hole-2\/","name":"40000psi Hydro Water blasting Surface cleaning BC Rotating Nozzles Head 2 Hole,4 Hole - Panwin Machinery&amp;Equipment","isPartOf":{"@id":"https:\/\/panwinjet.com\/#website"},"primaryImageOfPage":{"@id":"https:\/\/panwinjet.com\/product\/40000psi-hydro-water-blasting-surface-cleaning-bc-rotating-nozzles-head-2-hole4-hole-2\/#primaryimage"},"image":{"@id":"https:\/\/panwinjet.com\/product\/40000psi-hydro-water-blasting-surface-cleaning-bc-rotating-nozzles-head-2-hole4-hole-2\/#primaryimage"},"thumbnailUrl":"https:\/\/panwinjet.com\/wp-content\/uploads\/2025\/10\/IMG_20230424_163121-scaled.jpg","datePublished":"2025-10-19T06:07:11+00:00","breadcrumb":{"@id":"https:\/\/panwinjet.com\/product\/40000psi-hydro-water-blasting-surface-cleaning-bc-rotating-nozzles-head-2-hole4-hole-2\/#breadcrumb"},"inLanguage":"pt-PT","potentialAction":[{"@type":"ReadAction","target":["https:\/\/panwinjet.com\/product\/40000psi-hydro-water-blasting-surface-cleaning-bc-rotating-nozzles-head-2-hole4-hole-2\/"]}]},{"@type":"ImageObject","inLanguage":"pt-PT","@id":"https:\/\/panwinjet.com\/product\/40000psi-hydro-water-blasting-surface-cleaning-bc-rotating-nozzles-head-2-hole4-hole-2\/#primaryimage","url":"https:\/\/panwinjet.com\/wp-content\/uploads\/2025\/10\/IMG_20230424_163121-scaled.jpg","contentUrl":"https:\/\/panwinjet.com\/wp-content\/uploads\/2025\/10\/IMG_20230424_163121-scaled.jpg","width":2560,"height":1920},{"@type":"BreadcrumbList","@id":"https:\/\/panwinjet.com\/product\/40000psi-hydro-water-blasting-surface-cleaning-bc-rotating-nozzles-head-2-hole4-hole-2\/#breadcrumb","itemListElement":[{"@type":"ListItem","position":1,"name":"\u9996\u9875","item":"https:\/\/panwinjet.com\/"},{"@type":"ListItem","position":2,"name":"PRODUCT","item":"https:\/\/panwinjet.com\/product\/"},{"@type":"ListItem","position":3,"name":"40000psi Hydro Water blasting Surface cleaning BC Rotating Nozzles Head 2 Hole,4 Hole"}]},{"@type":"WebSite","@id":"https:\/\/panwinjet.com\/#website","url":"https:\/\/panwinjet.com\/","name":"Panwin Machinery&amp;Equipment","description":"Shenzhen Panwin Machinery&amp;Equipment Co.Ltd","potentialAction":[{"@type":"SearchAction","target":{"@type":"EntryPoint","urlTemplate":"https:\/\/panwinjet.com\/?s={search_term_string}"},"query-input":{"@type":"PropertyValueSpecification","valueRequired":true,"valueName":"search_term_string"}}],"inLanguage":"pt-PT"}]}},"_links":{"self":[{"href":"https:\/\/panwinjet.com\/pt\/wp-json\/wp\/v2\/product\/1674","targetHints":{"allow":["GET"]}}],"collection":[{"href":"https:\/\/panwinjet.com\/pt\/wp-json\/wp\/v2\/product"}],"about":[{"href":"https:\/\/panwinjet.com\/pt\/wp-json\/wp\/v2\/types\/product"}],"wp:featuredmedia":[{"embeddable":true,"href":"https:\/\/panwinjet.com\/pt\/wp-json\/wp\/v2\/media\/1680"}],"wp:attachment":[{"href":"https:\/\/panwinjet.com\/pt\/wp-json\/wp\/v2\/media?parent=1674"}],"wp:term":[{"taxonomy":"product_brand","embeddable":true,"href":"https:\/\/panwinjet.com\/pt\/wp-json\/wp\/v2\/product_brand?post=1674"},{"taxonomy":"product_cat","embeddable":true,"href":"https:\/\/panwinjet.com\/pt\/wp-json\/wp\/v2\/product_cat?post=1674"},{"taxonomy":"product_tag","embeddable":true,"href":"https:\/\/panwinjet.com\/pt\/wp-json\/wp\/v2\/product_tag?post=1674"}],"curies":[{"name":"wp","href":"https:\/\/api.w.org\/{rel}","templated":true}]}}