{"id":1666,"date":"2025-10-19T06:00:50","date_gmt":"2025-10-19T06:00:50","guid":{"rendered":"https:\/\/panwinjet.com\/?post_type=product&#038;p=1666"},"modified":"2025-10-19T06:00:51","modified_gmt":"2025-10-19T06:00:51","slug":"40000psi-high-pressure-water-jet-vessle-tank-cleaning-machine-parts-rigid-lance-holder","status":"publish","type":"product","link":"https:\/\/panwinjet.com\/pt\/produto\/40000psi-high-pressure-water-jet-vessle-tank-cleaning-machine-parts-rigid-lance-holder\/","title":{"rendered":"Pe\u00e7as para m\u00e1quina de limpeza de tanques e vasos de press\u00e3o com jato de \u00e1gua de alta press\u00e3o de 40.000 psi: suporte r\u00edgido para lan\u00e7a"},"content":{"rendered":"<p>Especifica\u00e7\u00f5es do suporte da lan\u00e7a r\u00edgida para m\u00e1quina de limpeza de tanques e vasos de press\u00e3o com jato de \u00e1gua de alta press\u00e3o de 40.000 psi<br \/>\nEsta m\u00e1quina de limpeza de tanques e vasos com jato de \u00e1gua de alta press\u00e3o de 40.000 psi possui um suporte de lan\u00e7a r\u00edgido que \u00e9 inserido no tubo de suporte e rosqueado na conex\u00e3o f\u00eamea, com duas op\u00e7\u00f5es de conex\u00e3o: 9\/16\u2033 HP com 1\/4\u2033 HP, 3\/8\u2033 HP e 9\/16\u2033 HP, com press\u00e3o nominal de at\u00e9 60.000 psi, equivalente a 4.138 bar. Detalhes conforme a tabela a seguir:<\/p>\n<p><img decoding=\"async\" class=\"alignleft size-medium wp-image-1673 lazyload\" data-src=\"https:\/\/panwinjet.com\/wp-content\/uploads\/2025\/10\/40000psi-high-pressure-water-jet-Vessle-Tank-cleaning-machine-parts-Rigid-lance-Holder-\u53c2\u6570-1-500x189.png\" alt=\"\" width=\"500\" height=\"189\" data-srcset=\"https:\/\/panwinjet.com\/wp-content\/uploads\/2025\/10\/40000psi-high-pressure-water-jet-Vessle-Tank-cleaning-machine-parts-Rigid-lance-Holder-\u53c2\u6570-1-500x189.png 500w, https:\/\/panwinjet.com\/wp-content\/uploads\/2025\/10\/40000psi-high-pressure-water-jet-Vessle-Tank-cleaning-machine-parts-Rigid-lance-Holder-\u53c2\u6570-1-300x113.png 300w, https:\/\/panwinjet.com\/wp-content\/uploads\/2025\/10\/40000psi-high-pressure-water-jet-Vessle-Tank-cleaning-machine-parts-Rigid-lance-Holder-\u53c2\u6570-1-150x57.png 150w, https:\/\/panwinjet.com\/wp-content\/uploads\/2025\/10\/40000psi-high-pressure-water-jet-Vessle-Tank-cleaning-machine-parts-Rigid-lance-Holder-\u53c2\u6570-1-480x181.png 480w, https:\/\/panwinjet.com\/wp-content\/uploads\/2025\/10\/40000psi-high-pressure-water-jet-Vessle-Tank-cleaning-machine-parts-Rigid-lance-Holder-\u53c2\u6570-1.png 553w\" data-sizes=\"(max-width:767px) 480px, 500px\" src=\"data:image\/svg+xml;base64,PHN2ZyB3aWR0aD0iMSIgaGVpZ2h0PSIxIiB4bWxucz0iaHR0cDovL3d3dy53My5vcmcvMjAwMC9zdmciPjwvc3ZnPg==\" style=\"--smush-placeholder-width: 500px; --smush-placeholder-aspect-ratio: 500\/189;\" \/><\/p>","protected":false},"excerpt":{"rendered":"<p><strong><b>Jato de \u00e1gua de alta press\u00e3o de 40.000 psi <\/b><\/strong><strong><b>Navio<\/b><\/strong><strong><b>\u00a0Pe\u00e7as para m\u00e1quina de limpeza de tanques: suporte para lan\u00e7a r\u00edgida<\/b><\/strong><\/p>\n<p><strong><b>\u00a0Introdu\u00e7\u00e3o de <\/b><\/strong><strong><b>Jato de \u00e1gua de alta press\u00e3o de 40.000 psi <\/b><\/strong><strong><b>Navio<\/b><\/strong><strong><b>\u00a0Pe\u00e7as para m\u00e1quina de limpeza de tanques: suporte para lan\u00e7a r\u00edgida<\/b><\/strong><\/p>\n<p>Este suporte para lan\u00e7a r\u00edgida, pe\u00e7a para m\u00e1quina de limpeza com jato de \u00e1gua de alta press\u00e3o, reduz significativamente a tens\u00e3o na conex\u00e3o entre a lan\u00e7a r\u00edgida e a lan\u00e7a flex\u00edvel, diminuindo consideravelmente a quebra da lan\u00e7a e aumentando a seguran\u00e7a. \u00c9 compat\u00edvel com as pe\u00e7as Jetstream n\u00ba 28202, Jetstream 28203 e com a pe\u00e7a para jateamento de alta press\u00e3o Jetstream n\u00ba 28204.<\/p>","protected":false},"featured_media":1668,"template":"","meta":[],"product_brand":[],"product_cat":[7,10,11,6],"product_tag":[50,51],"class_list":{"0":"post-1666","1":"product","2":"type-product","3":"status-publish","4":"has-post-thumbnail","6":"product_cat-jetstream-pump-fluid-end-compatibe-parts","7":"product_cat-pipeline-tube-uhp-water-blasting-cleaning-device","8":"product_cat-ship-cleaning-device","9":"product_cat-uni-valves-for-uhp-pump","10":"product_tag-40000psi-high-pressure-water-jet-vessel-tank-cleaning-machine","11":"product_tag-40kpsi-uhp-hydro-blaster","13":"first","14":"instock","15":"shipping-taxable","16":"product-type-simple"},"yoast_head":"<!-- This site is optimized with the Yoast SEO plugin v24.9 - https:\/\/yoast.com\/wordpress\/plugins\/seo\/ -->\n<title>40000psi high pressure water-jet Vessle Tank cleaning machine parts Rigid lance Holder - Panwin Machinery&amp;Equipment<\/title>\n<meta name=\"robots\" content=\"index, follow, max-snippet:-1, max-image-preview:large, max-video-preview:-1\" \/>\n<link rel=\"canonical\" href=\"https:\/\/panwinjet.com\/pt\/produto\/40000psi-high-pressure-water-jet-vessle-tank-cleaning-machine-parts-rigid-lance-holder\/\" \/>\n<meta property=\"og:locale\" content=\"pt_PT\" \/>\n<meta property=\"og:type\" content=\"article\" \/>\n<meta property=\"og:title\" content=\"40000psi high pressure water-jet Vessle Tank cleaning machine parts Rigid lance Holder - Panwin Machinery&amp;Equipment\" \/>\n<meta property=\"og:description\" content=\"40000psi high pressure water-jet Vessel\u00a0Tank cleaning machine parts Rigid lance Holder  \u00a0Introduction of 40000psi high pressure water-jet Vessel\u00a0Tank cleaning machine parts Rigid lance Holder  This high pressure water-jet cleaning machine parts Rigid lance Holder\u00a0is used to provide reduced stress on the rigid lance to flexible lance connection greatly reducing lance breakage and increasing safety. It is compatible with the Jetstream parts No.28202, Jetstream 28203, and High pressure Jetstream blasting parts No.28204.\" \/>\n<meta property=\"og:url\" content=\"https:\/\/panwinjet.com\/pt\/produto\/40000psi-high-pressure-water-jet-vessle-tank-cleaning-machine-parts-rigid-lance-holder\/\" \/>\n<meta property=\"og:site_name\" content=\"Panwin Machinery&amp;Equipment\" \/>\n<meta property=\"article:modified_time\" content=\"2025-10-19T06:00:51+00:00\" \/>\n<meta property=\"og:image\" content=\"https:\/\/panwinjet.com\/wp-content\/uploads\/2025\/10\/40000psi-high-pressure-water-jet-Vessle-Tank-cleaning-machine-parts-Rigid-lance-Holder-4.jpg\" \/>\n\t<meta property=\"og:image:width\" content=\"1280\" \/>\n\t<meta property=\"og:image:height\" content=\"1706\" \/>\n\t<meta property=\"og:image:type\" content=\"image\/jpeg\" \/>\n<meta name=\"twitter:card\" content=\"summary_large_image\" \/>\n<meta name=\"twitter:label1\" content=\"Tempo estimado de leitura\" \/>\n\t<meta name=\"twitter:data1\" content=\"1 minuto\" \/>\n<script type=\"application\/ld+json\" class=\"yoast-schema-graph\">{\"@context\":\"https:\/\/schema.org\",\"@graph\":[{\"@type\":\"WebPage\",\"@id\":\"https:\/\/panwinjet.com\/product\/40000psi-high-pressure-water-jet-vessle-tank-cleaning-machine-parts-rigid-lance-holder\/\",\"url\":\"https:\/\/panwinjet.com\/product\/40000psi-high-pressure-water-jet-vessle-tank-cleaning-machine-parts-rigid-lance-holder\/\",\"name\":\"40000psi high pressure water-jet Vessle Tank cleaning machine parts Rigid lance Holder - Panwin Machinery&amp;Equipment\",\"isPartOf\":{\"@id\":\"https:\/\/panwinjet.com\/#website\"},\"primaryImageOfPage\":{\"@id\":\"https:\/\/panwinjet.com\/product\/40000psi-high-pressure-water-jet-vessle-tank-cleaning-machine-parts-rigid-lance-holder\/#primaryimage\"},\"image\":{\"@id\":\"https:\/\/panwinjet.com\/product\/40000psi-high-pressure-water-jet-vessle-tank-cleaning-machine-parts-rigid-lance-holder\/#primaryimage\"},\"thumbnailUrl\":\"https:\/\/panwinjet.com\/wp-content\/uploads\/2025\/10\/40000psi-high-pressure-water-jet-Vessle-Tank-cleaning-machine-parts-Rigid-lance-Holder-4.jpg\",\"datePublished\":\"2025-10-19T06:00:50+00:00\",\"dateModified\":\"2025-10-19T06:00:51+00:00\",\"breadcrumb\":{\"@id\":\"https:\/\/panwinjet.com\/product\/40000psi-high-pressure-water-jet-vessle-tank-cleaning-machine-parts-rigid-lance-holder\/#breadcrumb\"},\"inLanguage\":\"pt-PT\",\"potentialAction\":[{\"@type\":\"ReadAction\",\"target\":[\"https:\/\/panwinjet.com\/product\/40000psi-high-pressure-water-jet-vessle-tank-cleaning-machine-parts-rigid-lance-holder\/\"]}]},{\"@type\":\"ImageObject\",\"inLanguage\":\"pt-PT\",\"@id\":\"https:\/\/panwinjet.com\/product\/40000psi-high-pressure-water-jet-vessle-tank-cleaning-machine-parts-rigid-lance-holder\/#primaryimage\",\"url\":\"https:\/\/panwinjet.com\/wp-content\/uploads\/2025\/10\/40000psi-high-pressure-water-jet-Vessle-Tank-cleaning-machine-parts-Rigid-lance-Holder-4.jpg\",\"contentUrl\":\"https:\/\/panwinjet.com\/wp-content\/uploads\/2025\/10\/40000psi-high-pressure-water-jet-Vessle-Tank-cleaning-machine-parts-Rigid-lance-Holder-4.jpg\",\"width\":1280,\"height\":1706},{\"@type\":\"BreadcrumbList\",\"@id\":\"https:\/\/panwinjet.com\/product\/40000psi-high-pressure-water-jet-vessle-tank-cleaning-machine-parts-rigid-lance-holder\/#breadcrumb\",\"itemListElement\":[{\"@type\":\"ListItem\",\"position\":1,\"name\":\"\u9996\u9875\",\"item\":\"https:\/\/panwinjet.com\/\"},{\"@type\":\"ListItem\",\"position\":2,\"name\":\"PRODUCT\",\"item\":\"https:\/\/panwinjet.com\/product\/\"},{\"@type\":\"ListItem\",\"position\":3,\"name\":\"40000psi high pressure water-jet Vessle Tank cleaning machine parts Rigid lance Holder\"}]},{\"@type\":\"WebSite\",\"@id\":\"https:\/\/panwinjet.com\/#website\",\"url\":\"https:\/\/panwinjet.com\/\",\"name\":\"Panwin Machinery&amp;Equipment\",\"description\":\"Shenzhen Panwin Machinery&amp;Equipment Co.Ltd\",\"potentialAction\":[{\"@type\":\"SearchAction\",\"target\":{\"@type\":\"EntryPoint\",\"urlTemplate\":\"https:\/\/panwinjet.com\/?s={search_term_string}\"},\"query-input\":{\"@type\":\"PropertyValueSpecification\",\"valueRequired\":true,\"valueName\":\"search_term_string\"}}],\"inLanguage\":\"pt-PT\"}]}<\/script>\n<!-- \/ Yoast SEO plugin. -->","yoast_head_json":{"title":"40000psi high pressure water-jet Vessle Tank cleaning machine parts Rigid lance Holder - Panwin Machinery&amp;Equipment","robots":{"index":"index","follow":"follow","max-snippet":"max-snippet:-1","max-image-preview":"max-image-preview:large","max-video-preview":"max-video-preview:-1"},"canonical":"https:\/\/panwinjet.com\/pt\/produto\/40000psi-high-pressure-water-jet-vessle-tank-cleaning-machine-parts-rigid-lance-holder\/","og_locale":"pt_PT","og_type":"article","og_title":"40000psi high pressure water-jet Vessle Tank cleaning machine parts Rigid lance Holder - Panwin Machinery&amp;Equipment","og_description":"40000psi high pressure water-jet Vessel\u00a0Tank cleaning machine parts Rigid lance Holder  \u00a0Introduction of 40000psi high pressure water-jet Vessel\u00a0Tank cleaning machine parts Rigid lance Holder  This high pressure water-jet cleaning machine parts Rigid lance Holder\u00a0is used to provide reduced stress on the rigid lance to flexible lance connection greatly reducing lance breakage and increasing safety. It is compatible with the Jetstream parts No.28202, Jetstream 28203, and High pressure Jetstream blasting parts No.28204.","og_url":"https:\/\/panwinjet.com\/pt\/produto\/40000psi-high-pressure-water-jet-vessle-tank-cleaning-machine-parts-rigid-lance-holder\/","og_site_name":"Panwin Machinery&amp;Equipment","article_modified_time":"2025-10-19T06:00:51+00:00","og_image":[{"width":1280,"height":1706,"url":"https:\/\/panwinjet.com\/wp-content\/uploads\/2025\/10\/40000psi-high-pressure-water-jet-Vessle-Tank-cleaning-machine-parts-Rigid-lance-Holder-4.jpg","type":"image\/jpeg"}],"twitter_card":"summary_large_image","twitter_misc":{"Tempo estimado de leitura":"1 minuto"},"schema":{"@context":"https:\/\/schema.org","@graph":[{"@type":"WebPage","@id":"https:\/\/panwinjet.com\/product\/40000psi-high-pressure-water-jet-vessle-tank-cleaning-machine-parts-rigid-lance-holder\/","url":"https:\/\/panwinjet.com\/product\/40000psi-high-pressure-water-jet-vessle-tank-cleaning-machine-parts-rigid-lance-holder\/","name":"40000psi high pressure water-jet Vessle Tank cleaning machine parts Rigid lance Holder - Panwin Machinery&amp;Equipment","isPartOf":{"@id":"https:\/\/panwinjet.com\/#website"},"primaryImageOfPage":{"@id":"https:\/\/panwinjet.com\/product\/40000psi-high-pressure-water-jet-vessle-tank-cleaning-machine-parts-rigid-lance-holder\/#primaryimage"},"image":{"@id":"https:\/\/panwinjet.com\/product\/40000psi-high-pressure-water-jet-vessle-tank-cleaning-machine-parts-rigid-lance-holder\/#primaryimage"},"thumbnailUrl":"https:\/\/panwinjet.com\/wp-content\/uploads\/2025\/10\/40000psi-high-pressure-water-jet-Vessle-Tank-cleaning-machine-parts-Rigid-lance-Holder-4.jpg","datePublished":"2025-10-19T06:00:50+00:00","dateModified":"2025-10-19T06:00:51+00:00","breadcrumb":{"@id":"https:\/\/panwinjet.com\/product\/40000psi-high-pressure-water-jet-vessle-tank-cleaning-machine-parts-rigid-lance-holder\/#breadcrumb"},"inLanguage":"pt-PT","potentialAction":[{"@type":"ReadAction","target":["https:\/\/panwinjet.com\/product\/40000psi-high-pressure-water-jet-vessle-tank-cleaning-machine-parts-rigid-lance-holder\/"]}]},{"@type":"ImageObject","inLanguage":"pt-PT","@id":"https:\/\/panwinjet.com\/product\/40000psi-high-pressure-water-jet-vessle-tank-cleaning-machine-parts-rigid-lance-holder\/#primaryimage","url":"https:\/\/panwinjet.com\/wp-content\/uploads\/2025\/10\/40000psi-high-pressure-water-jet-Vessle-Tank-cleaning-machine-parts-Rigid-lance-Holder-4.jpg","contentUrl":"https:\/\/panwinjet.com\/wp-content\/uploads\/2025\/10\/40000psi-high-pressure-water-jet-Vessle-Tank-cleaning-machine-parts-Rigid-lance-Holder-4.jpg","width":1280,"height":1706},{"@type":"BreadcrumbList","@id":"https:\/\/panwinjet.com\/product\/40000psi-high-pressure-water-jet-vessle-tank-cleaning-machine-parts-rigid-lance-holder\/#breadcrumb","itemListElement":[{"@type":"ListItem","position":1,"name":"\u9996\u9875","item":"https:\/\/panwinjet.com\/"},{"@type":"ListItem","position":2,"name":"PRODUCT","item":"https:\/\/panwinjet.com\/product\/"},{"@type":"ListItem","position":3,"name":"40000psi high pressure water-jet Vessle Tank cleaning machine parts Rigid lance Holder"}]},{"@type":"WebSite","@id":"https:\/\/panwinjet.com\/#website","url":"https:\/\/panwinjet.com\/","name":"Panwin Machinery&amp;Equipment","description":"Shenzhen Panwin Machinery&amp;Equipment Co.Ltd","potentialAction":[{"@type":"SearchAction","target":{"@type":"EntryPoint","urlTemplate":"https:\/\/panwinjet.com\/?s={search_term_string}"},"query-input":{"@type":"PropertyValueSpecification","valueRequired":true,"valueName":"search_term_string"}}],"inLanguage":"pt-PT"}]}},"_links":{"self":[{"href":"https:\/\/panwinjet.com\/pt\/wp-json\/wp\/v2\/product\/1666","targetHints":{"allow":["GET"]}}],"collection":[{"href":"https:\/\/panwinjet.com\/pt\/wp-json\/wp\/v2\/product"}],"about":[{"href":"https:\/\/panwinjet.com\/pt\/wp-json\/wp\/v2\/types\/product"}],"wp:featuredmedia":[{"embeddable":true,"href":"https:\/\/panwinjet.com\/pt\/wp-json\/wp\/v2\/media\/1668"}],"wp:attachment":[{"href":"https:\/\/panwinjet.com\/pt\/wp-json\/wp\/v2\/media?parent=1666"}],"wp:term":[{"taxonomy":"product_brand","embeddable":true,"href":"https:\/\/panwinjet.com\/pt\/wp-json\/wp\/v2\/product_brand?post=1666"},{"taxonomy":"product_cat","embeddable":true,"href":"https:\/\/panwinjet.com\/pt\/wp-json\/wp\/v2\/product_cat?post=1666"},{"taxonomy":"product_tag","embeddable":true,"href":"https:\/\/panwinjet.com\/pt\/wp-json\/wp\/v2\/product_tag?post=1666"}],"curies":[{"name":"wp","href":"https:\/\/api.w.org\/{rel}","templated":true}]}}