{"id":1627,"date":"2025-10-18T16:59:18","date_gmt":"2025-10-18T16:59:18","guid":{"rendered":"https:\/\/panwinjet.com\/?post_type=product&#038;p=1627"},"modified":"2025-10-18T16:59:18","modified_gmt":"2025-10-18T16:59:18","slug":"87k-5-axis-direct-drive-waterjet-cutting-machine-parts-for-flow-on-off-valve-head-adapter-90degree-repair-kit","status":"publish","type":"product","link":"https:\/\/panwinjet.com\/pt\/produto\/87k-5-axis-direct-drive-waterjet-cutting-machine-parts-for-flow-on-off-valve-head-adapter-90degree-repair-kit\/","title":{"rendered":"Kit de reparo para adaptador de cabe\u00e7ote de v\u00e1lvula de fluxo liga\/desliga de 90 graus para m\u00e1quina de corte a jato de \u00e1gua de acionamento direto de 5 eixos 87K"},"content":{"rendered":"<p><b><\/b><strong><b>\u00a0Par\u00e2metro (Especifica\u00e7\u00e3o) de <\/b><\/strong> <strong><b>Kit de reparo para adaptador de cabe\u00e7ote de v\u00e1lvula de fluxo liga\/desliga de 90 graus para m\u00e1quina de corte a jato de \u00e1gua de acionamento direto de 5 eixos 87K<\/b><\/strong><\/p>\n<p><strong><b>O <\/b><\/strong><strong><b>87K 5 eixos acionamento direto \u00e1gua<\/b><\/strong><strong><b>&#8211;<\/b><\/strong><strong><b>Kit de reparo para adaptador de cabe\u00e7ote de v\u00e1lvula de fluxo liga\/desliga de 90 graus para m\u00e1quina de corte a jato de \u00e1gua<\/b><\/strong><strong><b>\u00c9 utilizado para a cabe\u00e7a de corte Paser 4, e n\u00f3s vendemos com o kit de reparo da v\u00e1lvula liga\/desliga a um pre\u00e7o melhor.<\/b><\/strong><\/p>","protected":false},"excerpt":{"rendered":"<p>Introdu\u00e7\u00e3o das pe\u00e7as da m\u00e1quina de corte a jato de \u00e1gua de acionamento direto de 5 eixos 87K: kit de reparo para adaptador de cabe\u00e7ote de v\u00e1lvula de fluxo liga\/desliga de 90 graus<br \/>\nEste kit de reparo para adaptador de cabe\u00e7ote de v\u00e1lvula liga\/desliga Flow Mach500 de 5 eixos e 87K, com n\u00famero de pe\u00e7a 044866-1, \u00e9 compat\u00edvel com o cabe\u00e7ote de corte P4.<\/p>","protected":false},"featured_media":1632,"template":"","meta":[],"product_brand":[],"product_cat":[22],"product_tag":[40],"class_list":{"0":"post-1627","1":"product","2":"type-product","3":"status-publish","4":"has-post-thumbnail","6":"product_cat-waterjet-cutting-machine-parts","7":"product_tag-87k-5-axis-direct-drive-swivel-repair-kit","9":"first","10":"instock","11":"shipping-taxable","12":"product-type-simple"},"yoast_head":"<!-- This site is optimized with the Yoast SEO plugin v24.9 - https:\/\/yoast.com\/wordpress\/plugins\/seo\/ -->\n<title>87K 5 Axis direct drive waterjet cutting machine parts for Flow On\/Off Valve head adapter 90degree repair kit - Panwin Machinery&amp;Equipment<\/title>\n<meta name=\"robots\" content=\"index, follow, max-snippet:-1, max-image-preview:large, max-video-preview:-1\" \/>\n<link rel=\"canonical\" href=\"https:\/\/panwinjet.com\/pt\/produto\/87k-5-axis-direct-drive-waterjet-cutting-machine-parts-for-flow-on-off-valve-head-adapter-90degree-repair-kit\/\" \/>\n<meta property=\"og:locale\" content=\"pt_PT\" \/>\n<meta property=\"og:type\" content=\"article\" \/>\n<meta property=\"og:title\" content=\"87K 5 Axis direct drive waterjet cutting machine parts for Flow On\/Off Valve head adapter 90degree repair kit - Panwin Machinery&amp;Equipment\" \/>\n<meta property=\"og:description\" content=\"Introduction of 87K 5 Axis direct drive waterjet cutting machine parts for Flow On\/Off Valve head adapter 90degree repair kit This 87K 5 Axis direct drive waterjet cutting machine parts for Flow On\/Off Valve head adapter 90degree repair kit is for Flow Mach500,Parts No.is 044866-1,it is compatible with P4 cutting head.\" \/>\n<meta property=\"og:url\" content=\"https:\/\/panwinjet.com\/pt\/produto\/87k-5-axis-direct-drive-waterjet-cutting-machine-parts-for-flow-on-off-valve-head-adapter-90degree-repair-kit\/\" \/>\n<meta property=\"og:site_name\" content=\"Panwin Machinery&amp;Equipment\" \/>\n<meta property=\"og:image\" content=\"https:\/\/panwinjet.com\/wp-content\/uploads\/2025\/10\/Flow-044866-1-87K-\u5200\u5934\u65cb\u8f6c\u9600\u672c\u4f539.jpg\" \/>\n\t<meta property=\"og:image:width\" content=\"1706\" \/>\n\t<meta property=\"og:image:height\" content=\"1280\" \/>\n\t<meta property=\"og:image:type\" content=\"image\/jpeg\" \/>\n<meta name=\"twitter:card\" content=\"summary_large_image\" \/>\n<meta name=\"twitter:label1\" content=\"Tempo estimado de leitura\" \/>\n\t<meta name=\"twitter:data1\" content=\"1 minuto\" \/>\n<script type=\"application\/ld+json\" class=\"yoast-schema-graph\">{\"@context\":\"https:\/\/schema.org\",\"@graph\":[{\"@type\":\"WebPage\",\"@id\":\"https:\/\/panwinjet.com\/product\/87k-5-axis-direct-drive-waterjet-cutting-machine-parts-for-flow-on-off-valve-head-adapter-90degree-repair-kit\/\",\"url\":\"https:\/\/panwinjet.com\/product\/87k-5-axis-direct-drive-waterjet-cutting-machine-parts-for-flow-on-off-valve-head-adapter-90degree-repair-kit\/\",\"name\":\"87K 5 Axis direct drive waterjet cutting machine parts for Flow On\/Off Valve head adapter 90degree repair kit - Panwin Machinery&amp;Equipment\",\"isPartOf\":{\"@id\":\"https:\/\/panwinjet.com\/#website\"},\"primaryImageOfPage\":{\"@id\":\"https:\/\/panwinjet.com\/product\/87k-5-axis-direct-drive-waterjet-cutting-machine-parts-for-flow-on-off-valve-head-adapter-90degree-repair-kit\/#primaryimage\"},\"image\":{\"@id\":\"https:\/\/panwinjet.com\/product\/87k-5-axis-direct-drive-waterjet-cutting-machine-parts-for-flow-on-off-valve-head-adapter-90degree-repair-kit\/#primaryimage\"},\"thumbnailUrl\":\"https:\/\/panwinjet.com\/wp-content\/uploads\/2025\/10\/Flow-044866-1-87K-\u5200\u5934\u65cb\u8f6c\u9600\u672c\u4f539.jpg\",\"datePublished\":\"2025-10-18T16:59:18+00:00\",\"breadcrumb\":{\"@id\":\"https:\/\/panwinjet.com\/product\/87k-5-axis-direct-drive-waterjet-cutting-machine-parts-for-flow-on-off-valve-head-adapter-90degree-repair-kit\/#breadcrumb\"},\"inLanguage\":\"pt-PT\",\"potentialAction\":[{\"@type\":\"ReadAction\",\"target\":[\"https:\/\/panwinjet.com\/product\/87k-5-axis-direct-drive-waterjet-cutting-machine-parts-for-flow-on-off-valve-head-adapter-90degree-repair-kit\/\"]}]},{\"@type\":\"ImageObject\",\"inLanguage\":\"pt-PT\",\"@id\":\"https:\/\/panwinjet.com\/product\/87k-5-axis-direct-drive-waterjet-cutting-machine-parts-for-flow-on-off-valve-head-adapter-90degree-repair-kit\/#primaryimage\",\"url\":\"https:\/\/panwinjet.com\/wp-content\/uploads\/2025\/10\/Flow-044866-1-87K-\u5200\u5934\u65cb\u8f6c\u9600\u672c\u4f539.jpg\",\"contentUrl\":\"https:\/\/panwinjet.com\/wp-content\/uploads\/2025\/10\/Flow-044866-1-87K-\u5200\u5934\u65cb\u8f6c\u9600\u672c\u4f539.jpg\",\"width\":1706,\"height\":1280},{\"@type\":\"BreadcrumbList\",\"@id\":\"https:\/\/panwinjet.com\/product\/87k-5-axis-direct-drive-waterjet-cutting-machine-parts-for-flow-on-off-valve-head-adapter-90degree-repair-kit\/#breadcrumb\",\"itemListElement\":[{\"@type\":\"ListItem\",\"position\":1,\"name\":\"\u9996\u9875\",\"item\":\"https:\/\/panwinjet.com\/\"},{\"@type\":\"ListItem\",\"position\":2,\"name\":\"PRODUCT\",\"item\":\"https:\/\/panwinjet.com\/product\/\"},{\"@type\":\"ListItem\",\"position\":3,\"name\":\"87K 5 Axis direct drive waterjet cutting machine parts for Flow On\/Off Valve head adapter 90degree repair kit\"}]},{\"@type\":\"WebSite\",\"@id\":\"https:\/\/panwinjet.com\/#website\",\"url\":\"https:\/\/panwinjet.com\/\",\"name\":\"Panwin Machinery&amp;Equipment\",\"description\":\"Shenzhen Panwin Machinery&amp;Equipment Co.Ltd\",\"potentialAction\":[{\"@type\":\"SearchAction\",\"target\":{\"@type\":\"EntryPoint\",\"urlTemplate\":\"https:\/\/panwinjet.com\/?s={search_term_string}\"},\"query-input\":{\"@type\":\"PropertyValueSpecification\",\"valueRequired\":true,\"valueName\":\"search_term_string\"}}],\"inLanguage\":\"pt-PT\"}]}<\/script>\n<!-- \/ Yoast SEO plugin. -->","yoast_head_json":{"title":"87K 5 Axis direct drive waterjet cutting machine parts for Flow On\/Off Valve head adapter 90degree repair kit - Panwin Machinery&amp;Equipment","robots":{"index":"index","follow":"follow","max-snippet":"max-snippet:-1","max-image-preview":"max-image-preview:large","max-video-preview":"max-video-preview:-1"},"canonical":"https:\/\/panwinjet.com\/pt\/produto\/87k-5-axis-direct-drive-waterjet-cutting-machine-parts-for-flow-on-off-valve-head-adapter-90degree-repair-kit\/","og_locale":"pt_PT","og_type":"article","og_title":"87K 5 Axis direct drive waterjet cutting machine parts for Flow On\/Off Valve head adapter 90degree repair kit - Panwin Machinery&amp;Equipment","og_description":"Introduction of 87K 5 Axis direct drive waterjet cutting machine parts for Flow On\/Off Valve head adapter 90degree repair kit This 87K 5 Axis direct drive waterjet cutting machine parts for Flow On\/Off Valve head adapter 90degree repair kit is for Flow Mach500,Parts No.is 044866-1,it is compatible with P4 cutting head.","og_url":"https:\/\/panwinjet.com\/pt\/produto\/87k-5-axis-direct-drive-waterjet-cutting-machine-parts-for-flow-on-off-valve-head-adapter-90degree-repair-kit\/","og_site_name":"Panwin Machinery&amp;Equipment","og_image":[{"width":1706,"height":1280,"url":"https:\/\/panwinjet.com\/wp-content\/uploads\/2025\/10\/Flow-044866-1-87K-\u5200\u5934\u65cb\u8f6c\u9600\u672c\u4f539.jpg","type":"image\/jpeg"}],"twitter_card":"summary_large_image","twitter_misc":{"Tempo estimado de leitura":"1 minuto"},"schema":{"@context":"https:\/\/schema.org","@graph":[{"@type":"WebPage","@id":"https:\/\/panwinjet.com\/product\/87k-5-axis-direct-drive-waterjet-cutting-machine-parts-for-flow-on-off-valve-head-adapter-90degree-repair-kit\/","url":"https:\/\/panwinjet.com\/product\/87k-5-axis-direct-drive-waterjet-cutting-machine-parts-for-flow-on-off-valve-head-adapter-90degree-repair-kit\/","name":"87K 5 Axis direct drive waterjet cutting machine parts for Flow On\/Off Valve head adapter 90degree repair kit - Panwin Machinery&amp;Equipment","isPartOf":{"@id":"https:\/\/panwinjet.com\/#website"},"primaryImageOfPage":{"@id":"https:\/\/panwinjet.com\/product\/87k-5-axis-direct-drive-waterjet-cutting-machine-parts-for-flow-on-off-valve-head-adapter-90degree-repair-kit\/#primaryimage"},"image":{"@id":"https:\/\/panwinjet.com\/product\/87k-5-axis-direct-drive-waterjet-cutting-machine-parts-for-flow-on-off-valve-head-adapter-90degree-repair-kit\/#primaryimage"},"thumbnailUrl":"https:\/\/panwinjet.com\/wp-content\/uploads\/2025\/10\/Flow-044866-1-87K-\u5200\u5934\u65cb\u8f6c\u9600\u672c\u4f539.jpg","datePublished":"2025-10-18T16:59:18+00:00","breadcrumb":{"@id":"https:\/\/panwinjet.com\/product\/87k-5-axis-direct-drive-waterjet-cutting-machine-parts-for-flow-on-off-valve-head-adapter-90degree-repair-kit\/#breadcrumb"},"inLanguage":"pt-PT","potentialAction":[{"@type":"ReadAction","target":["https:\/\/panwinjet.com\/product\/87k-5-axis-direct-drive-waterjet-cutting-machine-parts-for-flow-on-off-valve-head-adapter-90degree-repair-kit\/"]}]},{"@type":"ImageObject","inLanguage":"pt-PT","@id":"https:\/\/panwinjet.com\/product\/87k-5-axis-direct-drive-waterjet-cutting-machine-parts-for-flow-on-off-valve-head-adapter-90degree-repair-kit\/#primaryimage","url":"https:\/\/panwinjet.com\/wp-content\/uploads\/2025\/10\/Flow-044866-1-87K-\u5200\u5934\u65cb\u8f6c\u9600\u672c\u4f539.jpg","contentUrl":"https:\/\/panwinjet.com\/wp-content\/uploads\/2025\/10\/Flow-044866-1-87K-\u5200\u5934\u65cb\u8f6c\u9600\u672c\u4f539.jpg","width":1706,"height":1280},{"@type":"BreadcrumbList","@id":"https:\/\/panwinjet.com\/product\/87k-5-axis-direct-drive-waterjet-cutting-machine-parts-for-flow-on-off-valve-head-adapter-90degree-repair-kit\/#breadcrumb","itemListElement":[{"@type":"ListItem","position":1,"name":"\u9996\u9875","item":"https:\/\/panwinjet.com\/"},{"@type":"ListItem","position":2,"name":"PRODUCT","item":"https:\/\/panwinjet.com\/product\/"},{"@type":"ListItem","position":3,"name":"87K 5 Axis direct drive waterjet cutting machine parts for Flow On\/Off Valve head adapter 90degree repair kit"}]},{"@type":"WebSite","@id":"https:\/\/panwinjet.com\/#website","url":"https:\/\/panwinjet.com\/","name":"Panwin Machinery&amp;Equipment","description":"Shenzhen Panwin Machinery&amp;Equipment Co.Ltd","potentialAction":[{"@type":"SearchAction","target":{"@type":"EntryPoint","urlTemplate":"https:\/\/panwinjet.com\/?s={search_term_string}"},"query-input":{"@type":"PropertyValueSpecification","valueRequired":true,"valueName":"search_term_string"}}],"inLanguage":"pt-PT"}]}},"_links":{"self":[{"href":"https:\/\/panwinjet.com\/pt\/wp-json\/wp\/v2\/product\/1627","targetHints":{"allow":["GET"]}}],"collection":[{"href":"https:\/\/panwinjet.com\/pt\/wp-json\/wp\/v2\/product"}],"about":[{"href":"https:\/\/panwinjet.com\/pt\/wp-json\/wp\/v2\/types\/product"}],"wp:featuredmedia":[{"embeddable":true,"href":"https:\/\/panwinjet.com\/pt\/wp-json\/wp\/v2\/media\/1632"}],"wp:attachment":[{"href":"https:\/\/panwinjet.com\/pt\/wp-json\/wp\/v2\/media?parent=1627"}],"wp:term":[{"taxonomy":"product_brand","embeddable":true,"href":"https:\/\/panwinjet.com\/pt\/wp-json\/wp\/v2\/product_brand?post=1627"},{"taxonomy":"product_cat","embeddable":true,"href":"https:\/\/panwinjet.com\/pt\/wp-json\/wp\/v2\/product_cat?post=1627"},{"taxonomy":"product_tag","embeddable":true,"href":"https:\/\/panwinjet.com\/pt\/wp-json\/wp\/v2\/product_tag?post=1627"}],"curies":[{"name":"wp","href":"https:\/\/api.w.org\/{rel}","templated":true}]}}