{"id":1590,"date":"2025-10-18T16:34:07","date_gmt":"2025-10-18T16:34:07","guid":{"rendered":"https:\/\/panwinjet.com\/?post_type=product&#038;p=1590"},"modified":"2025-10-18T16:34:07","modified_gmt":"2025-10-18T16:34:07","slug":"60kpsi-high-pressure-stone-waterjet-cutting-for-kmt-3-8-inlet-water-filter-assembly","status":"publish","type":"product","link":"https:\/\/panwinjet.com\/pt\/produto\/60kpsi-high-pressure-stone-waterjet-cutting-for-kmt-3-8-inlet-water-filter-assembly\/","title":{"rendered":"Corte a jato de \u00e1gua de alta press\u00e3o de 60Kpsi para pedra, para montagem de filtro de \u00e1gua de entrada KMT 3\/8."},"content":{"rendered":"<p>Par\u00e2metros (Especifica\u00e7\u00f5es) para corte a jato de \u00e1gua de alta press\u00e3o de 60Kpsi em pedra para conjunto de filtro de entrada de \u00e1gua KMT 3\/8<br \/>\nEste jato de \u00e1gua de alta press\u00e3o de 60Kpsi para corte de pedra, para conjunto de filtro de \u00e1gua com entrada de 3\/8&quot; da KMT, tem o tamanho padr\u00e3o da KMT e as seguintes dimens\u00f5es detalhadas:<\/p>\n<p><img decoding=\"async\" class=\"alignleft size-medium wp-image-1591 lazyload\" data-src=\"https:\/\/panwinjet.com\/wp-content\/uploads\/2025\/10\/3-8-\u5c3a\u5bf8-500x205.png\" alt=\"\" width=\"500\" height=\"205\" data-srcset=\"https:\/\/panwinjet.com\/wp-content\/uploads\/2025\/10\/3-8-\u5c3a\u5bf8-500x205.png 500w, https:\/\/panwinjet.com\/wp-content\/uploads\/2025\/10\/3-8-\u5c3a\u5bf8-300x123.png 300w, https:\/\/panwinjet.com\/wp-content\/uploads\/2025\/10\/3-8-\u5c3a\u5bf8-150x62.png 150w, https:\/\/panwinjet.com\/wp-content\/uploads\/2025\/10\/3-8-\u5c3a\u5bf8-480x197.png 480w, https:\/\/panwinjet.com\/wp-content\/uploads\/2025\/10\/3-8-\u5c3a\u5bf8.png 699w\" data-sizes=\"(max-width:767px) 480px, 500px\" src=\"data:image\/svg+xml;base64,PHN2ZyB3aWR0aD0iMSIgaGVpZ2h0PSIxIiB4bWxucz0iaHR0cDovL3d3dy53My5vcmcvMjAwMC9zdmciPjwvc3ZnPg==\" style=\"--smush-placeholder-width: 500px; --smush-placeholder-aspect-ratio: 500\/205;\" \/><\/p>\n<p>&nbsp;<\/p>\n<p>&nbsp;<\/p>\n<p>&nbsp;<\/p>\n<p>&nbsp;<\/p>\n<p>&nbsp;<\/p>\n<p>&nbsp;<\/p>\n<p>Caracter\u00edsticas e aplica\u00e7\u00e3o do corte a jato de \u00e1gua de alta press\u00e3o de 60Kpsi em pedra para montagem de filtro de \u00e1gua de entrada KMT 3\/8<br \/>\nNosso jato de \u00e1gua de alta press\u00e3o de 60Kpsi para corte de pedra, para o conjunto do filtro de \u00e1gua de entrada KMT 3\/8, \u00e9 totalmente compat\u00edvel com as pe\u00e7as de reposi\u00e7\u00e3o do KMT H2O. Fabricado em a\u00e7o inoxid\u00e1vel de grau aeroespacial, apresenta durabilidade, alta qualidade e pre\u00e7o acess\u00edvel.<\/p>\n<p><img decoding=\"async\" class=\"alignleft size-medium wp-image-1592 lazyload\" data-src=\"https:\/\/panwinjet.com\/wp-content\/uploads\/2025\/10\/3-8-\u5c3a\u5bf82-500x265.png\" alt=\"\" width=\"500\" height=\"265\" data-srcset=\"https:\/\/panwinjet.com\/wp-content\/uploads\/2025\/10\/3-8-\u5c3a\u5bf82-500x265.png 500w, https:\/\/panwinjet.com\/wp-content\/uploads\/2025\/10\/3-8-\u5c3a\u5bf82-300x159.png 300w, https:\/\/panwinjet.com\/wp-content\/uploads\/2025\/10\/3-8-\u5c3a\u5bf82-141x75.png 141w, https:\/\/panwinjet.com\/wp-content\/uploads\/2025\/10\/3-8-\u5c3a\u5bf82-480x254.png 480w, https:\/\/panwinjet.com\/wp-content\/uploads\/2025\/10\/3-8-\u5c3a\u5bf82.png 515w\" data-sizes=\"(max-width:767px) 480px, 500px\" src=\"data:image\/svg+xml;base64,PHN2ZyB3aWR0aD0iMSIgaGVpZ2h0PSIxIiB4bWxucz0iaHR0cDovL3d3dy53My5vcmcvMjAwMC9zdmciPjwvc3ZnPg==\" style=\"--smush-placeholder-width: 500px; --smush-placeholder-aspect-ratio: 500\/265;\" \/><\/p>\n<p>Aplica\u00e7\u00e3o: Filtro de entrada de \u00e1gua para bomba KMT H2O etc.<\/p>","protected":false},"excerpt":{"rendered":"<p><strong><b>Introdu\u00e7\u00e3o de <\/b><\/strong><strong><b>Corte a jato de \u00e1gua de alta press\u00e3o de 60Kpsi para pedra, para montagem de filtro de \u00e1gua de entrada KMT 3\/8.<\/b><\/strong><\/p>\n<p><strong><b>Esse <\/b><\/strong><strong><b>Corte a jato de \u00e1gua de alta press\u00e3o de 60Kpsi para pedra, para montagem de filtro de \u00e1gua de entrada KMT 3\/8.<\/b><\/strong><strong><b>\u00a0\u00c9 compat\u00edvel com as pe\u00e7as KMT n\u00ba CJ200988 e 49863715. <\/b><\/strong><\/p>","protected":false},"featured_media":1593,"template":"","meta":[],"product_brand":[],"product_cat":[22],"product_tag":[37],"class_list":{"0":"post-1590","1":"product","2":"type-product","3":"status-publish","4":"has-post-thumbnail","6":"product_cat-waterjet-cutting-machine-parts","7":"product_tag-kmt-waterjet-cutting","9":"first","10":"instock","11":"shipping-taxable","12":"product-type-simple"},"yoast_head":"<!-- This site is optimized with the Yoast SEO plugin v24.9 - https:\/\/yoast.com\/wordpress\/plugins\/seo\/ -->\n<title>60Kpsi high pressure stone waterjet cutting for KMT 3\/8 Inlet Water Filter Assembly - Panwin Machinery&amp;Equipment<\/title>\n<meta name=\"robots\" content=\"index, follow, max-snippet:-1, max-image-preview:large, max-video-preview:-1\" \/>\n<link rel=\"canonical\" href=\"https:\/\/panwinjet.com\/pt\/produto\/60kpsi-high-pressure-stone-waterjet-cutting-for-kmt-3-8-inlet-water-filter-assembly\/\" \/>\n<meta property=\"og:locale\" content=\"pt_PT\" \/>\n<meta property=\"og:type\" content=\"article\" \/>\n<meta property=\"og:title\" content=\"60Kpsi high pressure stone waterjet cutting for KMT 3\/8 Inlet Water Filter Assembly - Panwin Machinery&amp;Equipment\" \/>\n<meta property=\"og:description\" content=\"Introduction of 60Kpsi high pressure stone waterjet cutting for KMT 3\/8 Inlet Water Filter Assembly  This 60Kpsi high pressure stone waterjet cutting for KMT 3\/8 Inlet Water Filter Assembly\u00a0is compatible with KMT parts No.CJ200988,49863715.\" \/>\n<meta property=\"og:url\" content=\"https:\/\/panwinjet.com\/pt\/produto\/60kpsi-high-pressure-stone-waterjet-cutting-for-kmt-3-8-inlet-water-filter-assembly\/\" \/>\n<meta property=\"og:site_name\" content=\"Panwin Machinery&amp;Equipment\" \/>\n<meta property=\"og:image\" content=\"https:\/\/panwinjet.com\/wp-content\/uploads\/2025\/10\/KMT-3-8-1-4-\u8fc7\u6ee4-6-scaled.jpg\" \/>\n\t<meta property=\"og:image:width\" content=\"1920\" \/>\n\t<meta property=\"og:image:height\" content=\"2560\" \/>\n\t<meta property=\"og:image:type\" content=\"image\/jpeg\" \/>\n<meta name=\"twitter:card\" content=\"summary_large_image\" \/>\n<meta name=\"twitter:label1\" content=\"Tempo estimado de leitura\" \/>\n\t<meta name=\"twitter:data1\" content=\"2 minutos\" \/>\n<script type=\"application\/ld+json\" class=\"yoast-schema-graph\">{\"@context\":\"https:\/\/schema.org\",\"@graph\":[{\"@type\":\"WebPage\",\"@id\":\"https:\/\/panwinjet.com\/product\/60kpsi-high-pressure-stone-waterjet-cutting-for-kmt-3-8-inlet-water-filter-assembly\/\",\"url\":\"https:\/\/panwinjet.com\/product\/60kpsi-high-pressure-stone-waterjet-cutting-for-kmt-3-8-inlet-water-filter-assembly\/\",\"name\":\"60Kpsi high pressure stone waterjet cutting for KMT 3\/8 Inlet Water Filter Assembly - Panwin Machinery&amp;Equipment\",\"isPartOf\":{\"@id\":\"https:\/\/panwinjet.com\/#website\"},\"primaryImageOfPage\":{\"@id\":\"https:\/\/panwinjet.com\/product\/60kpsi-high-pressure-stone-waterjet-cutting-for-kmt-3-8-inlet-water-filter-assembly\/#primaryimage\"},\"image\":{\"@id\":\"https:\/\/panwinjet.com\/product\/60kpsi-high-pressure-stone-waterjet-cutting-for-kmt-3-8-inlet-water-filter-assembly\/#primaryimage\"},\"thumbnailUrl\":\"https:\/\/panwinjet.com\/wp-content\/uploads\/2025\/10\/KMT-3-8-1-4-\u8fc7\u6ee4-6-scaled.jpg\",\"datePublished\":\"2025-10-18T16:34:07+00:00\",\"breadcrumb\":{\"@id\":\"https:\/\/panwinjet.com\/product\/60kpsi-high-pressure-stone-waterjet-cutting-for-kmt-3-8-inlet-water-filter-assembly\/#breadcrumb\"},\"inLanguage\":\"pt-PT\",\"potentialAction\":[{\"@type\":\"ReadAction\",\"target\":[\"https:\/\/panwinjet.com\/product\/60kpsi-high-pressure-stone-waterjet-cutting-for-kmt-3-8-inlet-water-filter-assembly\/\"]}]},{\"@type\":\"ImageObject\",\"inLanguage\":\"pt-PT\",\"@id\":\"https:\/\/panwinjet.com\/product\/60kpsi-high-pressure-stone-waterjet-cutting-for-kmt-3-8-inlet-water-filter-assembly\/#primaryimage\",\"url\":\"https:\/\/panwinjet.com\/wp-content\/uploads\/2025\/10\/KMT-3-8-1-4-\u8fc7\u6ee4-6-scaled.jpg\",\"contentUrl\":\"https:\/\/panwinjet.com\/wp-content\/uploads\/2025\/10\/KMT-3-8-1-4-\u8fc7\u6ee4-6-scaled.jpg\",\"width\":1920,\"height\":2560},{\"@type\":\"BreadcrumbList\",\"@id\":\"https:\/\/panwinjet.com\/product\/60kpsi-high-pressure-stone-waterjet-cutting-for-kmt-3-8-inlet-water-filter-assembly\/#breadcrumb\",\"itemListElement\":[{\"@type\":\"ListItem\",\"position\":1,\"name\":\"\u9996\u9875\",\"item\":\"https:\/\/panwinjet.com\/\"},{\"@type\":\"ListItem\",\"position\":2,\"name\":\"PRODUCT\",\"item\":\"https:\/\/panwinjet.com\/product\/\"},{\"@type\":\"ListItem\",\"position\":3,\"name\":\"60Kpsi high pressure stone waterjet cutting for KMT 3\/8 Inlet Water Filter Assembly\"}]},{\"@type\":\"WebSite\",\"@id\":\"https:\/\/panwinjet.com\/#website\",\"url\":\"https:\/\/panwinjet.com\/\",\"name\":\"Panwin Machinery&amp;Equipment\",\"description\":\"Shenzhen Panwin Machinery&amp;Equipment Co.Ltd\",\"potentialAction\":[{\"@type\":\"SearchAction\",\"target\":{\"@type\":\"EntryPoint\",\"urlTemplate\":\"https:\/\/panwinjet.com\/?s={search_term_string}\"},\"query-input\":{\"@type\":\"PropertyValueSpecification\",\"valueRequired\":true,\"valueName\":\"search_term_string\"}}],\"inLanguage\":\"pt-PT\"}]}<\/script>\n<!-- \/ Yoast SEO plugin. -->","yoast_head_json":{"title":"60Kpsi high pressure stone waterjet cutting for KMT 3\/8 Inlet Water Filter Assembly - Panwin Machinery&amp;Equipment","robots":{"index":"index","follow":"follow","max-snippet":"max-snippet:-1","max-image-preview":"max-image-preview:large","max-video-preview":"max-video-preview:-1"},"canonical":"https:\/\/panwinjet.com\/pt\/produto\/60kpsi-high-pressure-stone-waterjet-cutting-for-kmt-3-8-inlet-water-filter-assembly\/","og_locale":"pt_PT","og_type":"article","og_title":"60Kpsi high pressure stone waterjet cutting for KMT 3\/8 Inlet Water Filter Assembly - Panwin Machinery&amp;Equipment","og_description":"Introduction of 60Kpsi high pressure stone waterjet cutting for KMT 3\/8 Inlet Water Filter Assembly  This 60Kpsi high pressure stone waterjet cutting for KMT 3\/8 Inlet Water Filter Assembly\u00a0is compatible with KMT parts No.CJ200988,49863715.","og_url":"https:\/\/panwinjet.com\/pt\/produto\/60kpsi-high-pressure-stone-waterjet-cutting-for-kmt-3-8-inlet-water-filter-assembly\/","og_site_name":"Panwin Machinery&amp;Equipment","og_image":[{"width":1920,"height":2560,"url":"https:\/\/panwinjet.com\/wp-content\/uploads\/2025\/10\/KMT-3-8-1-4-\u8fc7\u6ee4-6-scaled.jpg","type":"image\/jpeg"}],"twitter_card":"summary_large_image","twitter_misc":{"Tempo estimado de leitura":"2 minutos"},"schema":{"@context":"https:\/\/schema.org","@graph":[{"@type":"WebPage","@id":"https:\/\/panwinjet.com\/product\/60kpsi-high-pressure-stone-waterjet-cutting-for-kmt-3-8-inlet-water-filter-assembly\/","url":"https:\/\/panwinjet.com\/product\/60kpsi-high-pressure-stone-waterjet-cutting-for-kmt-3-8-inlet-water-filter-assembly\/","name":"60Kpsi high pressure stone waterjet cutting for KMT 3\/8 Inlet Water Filter Assembly - Panwin Machinery&amp;Equipment","isPartOf":{"@id":"https:\/\/panwinjet.com\/#website"},"primaryImageOfPage":{"@id":"https:\/\/panwinjet.com\/product\/60kpsi-high-pressure-stone-waterjet-cutting-for-kmt-3-8-inlet-water-filter-assembly\/#primaryimage"},"image":{"@id":"https:\/\/panwinjet.com\/product\/60kpsi-high-pressure-stone-waterjet-cutting-for-kmt-3-8-inlet-water-filter-assembly\/#primaryimage"},"thumbnailUrl":"https:\/\/panwinjet.com\/wp-content\/uploads\/2025\/10\/KMT-3-8-1-4-\u8fc7\u6ee4-6-scaled.jpg","datePublished":"2025-10-18T16:34:07+00:00","breadcrumb":{"@id":"https:\/\/panwinjet.com\/product\/60kpsi-high-pressure-stone-waterjet-cutting-for-kmt-3-8-inlet-water-filter-assembly\/#breadcrumb"},"inLanguage":"pt-PT","potentialAction":[{"@type":"ReadAction","target":["https:\/\/panwinjet.com\/product\/60kpsi-high-pressure-stone-waterjet-cutting-for-kmt-3-8-inlet-water-filter-assembly\/"]}]},{"@type":"ImageObject","inLanguage":"pt-PT","@id":"https:\/\/panwinjet.com\/product\/60kpsi-high-pressure-stone-waterjet-cutting-for-kmt-3-8-inlet-water-filter-assembly\/#primaryimage","url":"https:\/\/panwinjet.com\/wp-content\/uploads\/2025\/10\/KMT-3-8-1-4-\u8fc7\u6ee4-6-scaled.jpg","contentUrl":"https:\/\/panwinjet.com\/wp-content\/uploads\/2025\/10\/KMT-3-8-1-4-\u8fc7\u6ee4-6-scaled.jpg","width":1920,"height":2560},{"@type":"BreadcrumbList","@id":"https:\/\/panwinjet.com\/product\/60kpsi-high-pressure-stone-waterjet-cutting-for-kmt-3-8-inlet-water-filter-assembly\/#breadcrumb","itemListElement":[{"@type":"ListItem","position":1,"name":"\u9996\u9875","item":"https:\/\/panwinjet.com\/"},{"@type":"ListItem","position":2,"name":"PRODUCT","item":"https:\/\/panwinjet.com\/product\/"},{"@type":"ListItem","position":3,"name":"60Kpsi high pressure stone waterjet cutting for KMT 3\/8 Inlet Water Filter Assembly"}]},{"@type":"WebSite","@id":"https:\/\/panwinjet.com\/#website","url":"https:\/\/panwinjet.com\/","name":"Panwin Machinery&amp;Equipment","description":"Shenzhen Panwin Machinery&amp;Equipment Co.Ltd","potentialAction":[{"@type":"SearchAction","target":{"@type":"EntryPoint","urlTemplate":"https:\/\/panwinjet.com\/?s={search_term_string}"},"query-input":{"@type":"PropertyValueSpecification","valueRequired":true,"valueName":"search_term_string"}}],"inLanguage":"pt-PT"}]}},"_links":{"self":[{"href":"https:\/\/panwinjet.com\/pt\/wp-json\/wp\/v2\/product\/1590","targetHints":{"allow":["GET"]}}],"collection":[{"href":"https:\/\/panwinjet.com\/pt\/wp-json\/wp\/v2\/product"}],"about":[{"href":"https:\/\/panwinjet.com\/pt\/wp-json\/wp\/v2\/types\/product"}],"wp:featuredmedia":[{"embeddable":true,"href":"https:\/\/panwinjet.com\/pt\/wp-json\/wp\/v2\/media\/1593"}],"wp:attachment":[{"href":"https:\/\/panwinjet.com\/pt\/wp-json\/wp\/v2\/media?parent=1590"}],"wp:term":[{"taxonomy":"product_brand","embeddable":true,"href":"https:\/\/panwinjet.com\/pt\/wp-json\/wp\/v2\/product_brand?post=1590"},{"taxonomy":"product_cat","embeddable":true,"href":"https:\/\/panwinjet.com\/pt\/wp-json\/wp\/v2\/product_cat?post=1590"},{"taxonomy":"product_tag","embeddable":true,"href":"https:\/\/panwinjet.com\/pt\/wp-json\/wp\/v2\/product_tag?post=1590"}],"curies":[{"name":"wp","href":"https:\/\/api.w.org\/{rel}","templated":true}]}}