{"id":1582,"date":"2025-10-18T16:27:29","date_gmt":"2025-10-18T16:27:29","guid":{"rendered":"https:\/\/panwinjet.com\/?post_type=product&#038;p=1582"},"modified":"2025-10-18T16:27:29","modified_gmt":"2025-10-18T16:27:29","slug":"60kpsi-high-pressure-rated-waterjet-cutting-for-kmt-3-8-2-way-straight-hand-valve-assembly","status":"publish","type":"product","link":"https:\/\/panwinjet.com\/pt\/produto\/60kpsi-high-pressure-rated-waterjet-cutting-for-kmt-3-8-2-way-straight-hand-valve-assembly\/","title":{"rendered":"Corte a jato de \u00e1gua de alta press\u00e3o (60Kpsi) para conjunto de v\u00e1lvula manual reta de 2 vias KMT 3\/8&quot;"},"content":{"rendered":"<p><strong><b>Caracter\u00edsticas e aplica\u00e7\u00f5es de <\/b><\/strong><strong><b>Corte a jato de \u00e1gua de alta press\u00e3o (60Kpsi) para conjunto de v\u00e1lvula manual reta de 2 vias KMT 3\/8&quot; <\/b><\/strong><\/p>\n<p><strong><b>Esse <\/b><\/strong><strong><b>Corte a jato de \u00e1gua de alta press\u00e3o (60Kpsi) para conjunto de v\u00e1lvula manual reta de 2 vias KMT 3\/8&quot; <\/b><\/strong><strong><b>\u00c9 um produto de alta qualidade, com bom acabamento e que substitui completamente o original da KMT.<\/b><\/strong><\/p>\n<p><strong><b>Aplica\u00e7\u00e3o: V\u00e1lvula manual da bomba da m\u00e1quina de jato de \u00e1gua KMT<\/b><\/strong><\/p>","protected":false},"excerpt":{"rendered":"<p><strong><b>Introdu\u00e7\u00e3o de <\/b><\/strong><strong><b>Corte a jato de \u00e1gua de alta press\u00e3o (60Kpsi) para conjunto de v\u00e1lvula manual reta de 2 vias KMT 3\/8&quot; <\/b><\/strong><\/p>\n<p><strong><b>Por esta <\/b><\/strong><strong><b>Corte a jato de \u00e1gua de alta press\u00e3o (60Kpsi) para conjunto de v\u00e1lvula manual reta de 2 vias KMT 3\/8&quot; <\/b><\/strong><strong><b>\u00c9 para v\u00e1lvula manual reta KMT, compat\u00edvel com as pe\u00e7as KMT de n\u00famero [n\u00famero da pe\u00e7a].<\/b><\/strong><strong><b>49864382 ou 10078863<\/b><\/strong><strong><b>, tamb\u00e9m \u00e9 compat\u00edvel com as pe\u00e7as n\u00ba.<\/b><\/strong><strong><b>60VM6071, 7500019, 10421, 202451<\/b><\/strong><\/p>\n<p><strong><b>Par\u00e2metro (Especifica\u00e7\u00e3o) de <\/b><\/strong><strong><b>Corte a jato de \u00e1gua de alta press\u00e3o (60Kpsi) para conjunto de v\u00e1lvula manual reta de 2 vias KMT 3\/8&quot; <\/b><\/strong><\/p>\n<p>Nosso jato de \u00e1gua Panwin de alta press\u00e3o, com classifica\u00e7\u00e3o de 60Kpsi, para corte manual de 2 vias KMT 3\/8, tem uma press\u00e3o de 4100Bar e tamanho 3\/8.<\/p>","protected":false},"featured_media":1584,"template":"","meta":[],"product_brand":[],"product_cat":[11,22],"product_tag":[36],"class_list":{"0":"post-1582","1":"product","2":"type-product","3":"status-publish","4":"has-post-thumbnail","6":"product_cat-ship-cleaning-device","7":"product_cat-waterjet-cutting-machine-parts","8":"product_tag-waterjet-cutting-kmt-parts","10":"first","11":"instock","12":"shipping-taxable","13":"product-type-simple"},"yoast_head":"<!-- This site is optimized with the Yoast SEO plugin v24.9 - https:\/\/yoast.com\/wordpress\/plugins\/seo\/ -->\n<title>60Kpsi high pressure rated waterjet cutting for KMT 3\/8 2 Way straight hand Valve Assembly - Panwin Machinery&amp;Equipment<\/title>\n<meta name=\"robots\" content=\"index, follow, max-snippet:-1, max-image-preview:large, max-video-preview:-1\" \/>\n<link rel=\"canonical\" href=\"https:\/\/panwinjet.com\/pt\/produto\/60kpsi-high-pressure-rated-waterjet-cutting-for-kmt-3-8-2-way-straight-hand-valve-assembly\/\" \/>\n<meta property=\"og:locale\" content=\"pt_PT\" \/>\n<meta property=\"og:type\" content=\"article\" \/>\n<meta property=\"og:title\" content=\"60Kpsi high pressure rated waterjet cutting for KMT 3\/8 2 Way straight hand Valve Assembly - Panwin Machinery&amp;Equipment\" \/>\n<meta property=\"og:description\" content=\"Introduction of 60Kpsi high pressure rated waterjet cutting for KMT 3\/8 2 Way straight hand Valve Assembly   For this 60Kpsi high pressure rated waterjet cutting for KMT 3\/8 2 Way straight hand Valve Assembly is for KMT straight hand Valve, it is compatible with the KMT parts No.49864382 or 10078863, it is also compatible with parts No.60VM6071, 7500019,\u00a010421,\u00a0202451  Parameter (Specification) of 60Kpsi high pressure rated waterjet cutting for KMT 3\/8 2 Way straight hand Valve Assembly   Our Panwin 60Kpsi high pressure rated waterjet cutting for KMT 3\/8 2 Way straight hand Valve Assembly\u00a0is 4100Bar, it is the size 3\/8.\" \/>\n<meta property=\"og:url\" content=\"https:\/\/panwinjet.com\/pt\/produto\/60kpsi-high-pressure-rated-waterjet-cutting-for-kmt-3-8-2-way-straight-hand-valve-assembly\/\" \/>\n<meta property=\"og:site_name\" content=\"Panwin Machinery&amp;Equipment\" \/>\n<meta property=\"og:image\" content=\"https:\/\/panwinjet.com\/wp-content\/uploads\/2025\/10\/KMT-\u624b\u52a8\u96003-8-2-scaled.jpg\" \/>\n\t<meta property=\"og:image:width\" content=\"1920\" \/>\n\t<meta property=\"og:image:height\" content=\"2560\" \/>\n\t<meta property=\"og:image:type\" content=\"image\/jpeg\" \/>\n<meta name=\"twitter:card\" content=\"summary_large_image\" \/>\n<meta name=\"twitter:label1\" content=\"Tempo estimado de leitura\" \/>\n\t<meta name=\"twitter:data1\" content=\"1 minuto\" \/>\n<script type=\"application\/ld+json\" class=\"yoast-schema-graph\">{\"@context\":\"https:\/\/schema.org\",\"@graph\":[{\"@type\":\"WebPage\",\"@id\":\"https:\/\/panwinjet.com\/product\/60kpsi-high-pressure-rated-waterjet-cutting-for-kmt-3-8-2-way-straight-hand-valve-assembly\/\",\"url\":\"https:\/\/panwinjet.com\/product\/60kpsi-high-pressure-rated-waterjet-cutting-for-kmt-3-8-2-way-straight-hand-valve-assembly\/\",\"name\":\"60Kpsi high pressure rated waterjet cutting for KMT 3\/8 2 Way straight hand Valve Assembly - Panwin Machinery&amp;Equipment\",\"isPartOf\":{\"@id\":\"https:\/\/panwinjet.com\/#website\"},\"primaryImageOfPage\":{\"@id\":\"https:\/\/panwinjet.com\/product\/60kpsi-high-pressure-rated-waterjet-cutting-for-kmt-3-8-2-way-straight-hand-valve-assembly\/#primaryimage\"},\"image\":{\"@id\":\"https:\/\/panwinjet.com\/product\/60kpsi-high-pressure-rated-waterjet-cutting-for-kmt-3-8-2-way-straight-hand-valve-assembly\/#primaryimage\"},\"thumbnailUrl\":\"https:\/\/panwinjet.com\/wp-content\/uploads\/2025\/10\/KMT-\u624b\u52a8\u96003-8-2-scaled.jpg\",\"datePublished\":\"2025-10-18T16:27:29+00:00\",\"breadcrumb\":{\"@id\":\"https:\/\/panwinjet.com\/product\/60kpsi-high-pressure-rated-waterjet-cutting-for-kmt-3-8-2-way-straight-hand-valve-assembly\/#breadcrumb\"},\"inLanguage\":\"pt-PT\",\"potentialAction\":[{\"@type\":\"ReadAction\",\"target\":[\"https:\/\/panwinjet.com\/product\/60kpsi-high-pressure-rated-waterjet-cutting-for-kmt-3-8-2-way-straight-hand-valve-assembly\/\"]}]},{\"@type\":\"ImageObject\",\"inLanguage\":\"pt-PT\",\"@id\":\"https:\/\/panwinjet.com\/product\/60kpsi-high-pressure-rated-waterjet-cutting-for-kmt-3-8-2-way-straight-hand-valve-assembly\/#primaryimage\",\"url\":\"https:\/\/panwinjet.com\/wp-content\/uploads\/2025\/10\/KMT-\u624b\u52a8\u96003-8-2-scaled.jpg\",\"contentUrl\":\"https:\/\/panwinjet.com\/wp-content\/uploads\/2025\/10\/KMT-\u624b\u52a8\u96003-8-2-scaled.jpg\",\"width\":1920,\"height\":2560},{\"@type\":\"BreadcrumbList\",\"@id\":\"https:\/\/panwinjet.com\/product\/60kpsi-high-pressure-rated-waterjet-cutting-for-kmt-3-8-2-way-straight-hand-valve-assembly\/#breadcrumb\",\"itemListElement\":[{\"@type\":\"ListItem\",\"position\":1,\"name\":\"\u9996\u9875\",\"item\":\"https:\/\/panwinjet.com\/\"},{\"@type\":\"ListItem\",\"position\":2,\"name\":\"PRODUCT\",\"item\":\"https:\/\/panwinjet.com\/product\/\"},{\"@type\":\"ListItem\",\"position\":3,\"name\":\"60Kpsi high pressure rated waterjet cutting for KMT 3\/8 2 Way straight hand Valve Assembly\"}]},{\"@type\":\"WebSite\",\"@id\":\"https:\/\/panwinjet.com\/#website\",\"url\":\"https:\/\/panwinjet.com\/\",\"name\":\"Panwin Machinery&amp;Equipment\",\"description\":\"Shenzhen Panwin Machinery&amp;Equipment Co.Ltd\",\"potentialAction\":[{\"@type\":\"SearchAction\",\"target\":{\"@type\":\"EntryPoint\",\"urlTemplate\":\"https:\/\/panwinjet.com\/?s={search_term_string}\"},\"query-input\":{\"@type\":\"PropertyValueSpecification\",\"valueRequired\":true,\"valueName\":\"search_term_string\"}}],\"inLanguage\":\"pt-PT\"}]}<\/script>\n<!-- \/ Yoast SEO plugin. -->","yoast_head_json":{"title":"60Kpsi high pressure rated waterjet cutting for KMT 3\/8 2 Way straight hand Valve Assembly - Panwin Machinery&amp;Equipment","robots":{"index":"index","follow":"follow","max-snippet":"max-snippet:-1","max-image-preview":"max-image-preview:large","max-video-preview":"max-video-preview:-1"},"canonical":"https:\/\/panwinjet.com\/pt\/produto\/60kpsi-high-pressure-rated-waterjet-cutting-for-kmt-3-8-2-way-straight-hand-valve-assembly\/","og_locale":"pt_PT","og_type":"article","og_title":"60Kpsi high pressure rated waterjet cutting for KMT 3\/8 2 Way straight hand Valve Assembly - Panwin Machinery&amp;Equipment","og_description":"Introduction of 60Kpsi high pressure rated waterjet cutting for KMT 3\/8 2 Way straight hand Valve Assembly   For this 60Kpsi high pressure rated waterjet cutting for KMT 3\/8 2 Way straight hand Valve Assembly is for KMT straight hand Valve, it is compatible with the KMT parts No.49864382 or 10078863, it is also compatible with parts No.60VM6071, 7500019,\u00a010421,\u00a0202451  Parameter (Specification) of 60Kpsi high pressure rated waterjet cutting for KMT 3\/8 2 Way straight hand Valve Assembly   Our Panwin 60Kpsi high pressure rated waterjet cutting for KMT 3\/8 2 Way straight hand Valve Assembly\u00a0is 4100Bar, it is the size 3\/8.","og_url":"https:\/\/panwinjet.com\/pt\/produto\/60kpsi-high-pressure-rated-waterjet-cutting-for-kmt-3-8-2-way-straight-hand-valve-assembly\/","og_site_name":"Panwin Machinery&amp;Equipment","og_image":[{"width":1920,"height":2560,"url":"https:\/\/panwinjet.com\/wp-content\/uploads\/2025\/10\/KMT-\u624b\u52a8\u96003-8-2-scaled.jpg","type":"image\/jpeg"}],"twitter_card":"summary_large_image","twitter_misc":{"Tempo estimado de leitura":"1 minuto"},"schema":{"@context":"https:\/\/schema.org","@graph":[{"@type":"WebPage","@id":"https:\/\/panwinjet.com\/product\/60kpsi-high-pressure-rated-waterjet-cutting-for-kmt-3-8-2-way-straight-hand-valve-assembly\/","url":"https:\/\/panwinjet.com\/product\/60kpsi-high-pressure-rated-waterjet-cutting-for-kmt-3-8-2-way-straight-hand-valve-assembly\/","name":"60Kpsi high pressure rated waterjet cutting for KMT 3\/8 2 Way straight hand Valve Assembly - Panwin Machinery&amp;Equipment","isPartOf":{"@id":"https:\/\/panwinjet.com\/#website"},"primaryImageOfPage":{"@id":"https:\/\/panwinjet.com\/product\/60kpsi-high-pressure-rated-waterjet-cutting-for-kmt-3-8-2-way-straight-hand-valve-assembly\/#primaryimage"},"image":{"@id":"https:\/\/panwinjet.com\/product\/60kpsi-high-pressure-rated-waterjet-cutting-for-kmt-3-8-2-way-straight-hand-valve-assembly\/#primaryimage"},"thumbnailUrl":"https:\/\/panwinjet.com\/wp-content\/uploads\/2025\/10\/KMT-\u624b\u52a8\u96003-8-2-scaled.jpg","datePublished":"2025-10-18T16:27:29+00:00","breadcrumb":{"@id":"https:\/\/panwinjet.com\/product\/60kpsi-high-pressure-rated-waterjet-cutting-for-kmt-3-8-2-way-straight-hand-valve-assembly\/#breadcrumb"},"inLanguage":"pt-PT","potentialAction":[{"@type":"ReadAction","target":["https:\/\/panwinjet.com\/product\/60kpsi-high-pressure-rated-waterjet-cutting-for-kmt-3-8-2-way-straight-hand-valve-assembly\/"]}]},{"@type":"ImageObject","inLanguage":"pt-PT","@id":"https:\/\/panwinjet.com\/product\/60kpsi-high-pressure-rated-waterjet-cutting-for-kmt-3-8-2-way-straight-hand-valve-assembly\/#primaryimage","url":"https:\/\/panwinjet.com\/wp-content\/uploads\/2025\/10\/KMT-\u624b\u52a8\u96003-8-2-scaled.jpg","contentUrl":"https:\/\/panwinjet.com\/wp-content\/uploads\/2025\/10\/KMT-\u624b\u52a8\u96003-8-2-scaled.jpg","width":1920,"height":2560},{"@type":"BreadcrumbList","@id":"https:\/\/panwinjet.com\/product\/60kpsi-high-pressure-rated-waterjet-cutting-for-kmt-3-8-2-way-straight-hand-valve-assembly\/#breadcrumb","itemListElement":[{"@type":"ListItem","position":1,"name":"\u9996\u9875","item":"https:\/\/panwinjet.com\/"},{"@type":"ListItem","position":2,"name":"PRODUCT","item":"https:\/\/panwinjet.com\/product\/"},{"@type":"ListItem","position":3,"name":"60Kpsi high pressure rated waterjet cutting for KMT 3\/8 2 Way straight hand Valve Assembly"}]},{"@type":"WebSite","@id":"https:\/\/panwinjet.com\/#website","url":"https:\/\/panwinjet.com\/","name":"Panwin Machinery&amp;Equipment","description":"Shenzhen Panwin Machinery&amp;Equipment Co.Ltd","potentialAction":[{"@type":"SearchAction","target":{"@type":"EntryPoint","urlTemplate":"https:\/\/panwinjet.com\/?s={search_term_string}"},"query-input":{"@type":"PropertyValueSpecification","valueRequired":true,"valueName":"search_term_string"}}],"inLanguage":"pt-PT"}]}},"_links":{"self":[{"href":"https:\/\/panwinjet.com\/pt\/wp-json\/wp\/v2\/product\/1582","targetHints":{"allow":["GET"]}}],"collection":[{"href":"https:\/\/panwinjet.com\/pt\/wp-json\/wp\/v2\/product"}],"about":[{"href":"https:\/\/panwinjet.com\/pt\/wp-json\/wp\/v2\/types\/product"}],"wp:featuredmedia":[{"embeddable":true,"href":"https:\/\/panwinjet.com\/pt\/wp-json\/wp\/v2\/media\/1584"}],"wp:attachment":[{"href":"https:\/\/panwinjet.com\/pt\/wp-json\/wp\/v2\/media?parent=1582"}],"wp:term":[{"taxonomy":"product_brand","embeddable":true,"href":"https:\/\/panwinjet.com\/pt\/wp-json\/wp\/v2\/product_brand?post=1582"},{"taxonomy":"product_cat","embeddable":true,"href":"https:\/\/panwinjet.com\/pt\/wp-json\/wp\/v2\/product_cat?post=1582"},{"taxonomy":"product_tag","embeddable":true,"href":"https:\/\/panwinjet.com\/pt\/wp-json\/wp\/v2\/product_tag?post=1582"}],"curies":[{"name":"wp","href":"https:\/\/api.w.org\/{rel}","templated":true}]}}